{"id":284033,"date":"2022-08-16T02:51:39","date_gmt":"2022-08-15T23:51:39","guid":{"rendered":"https:\/\/mmkserviss.lv\/?post_type=product&#038;p=284033"},"modified":"2026-03-30T02:28:02","modified_gmt":"2026-03-29T23:28:02","slug":"245-40r19-goodyear-eagle-f1-asymmetric-3-98y-xl-mo","status":"publish","type":"product","link":"https:\/\/mmkriepas.lv\/en\/p\/245-40r19-goodyear-eagle-f1-asymmetric-3-98y-xl-mo\/","title":{"rendered":"245\/40R19 Goodyear Eagle F1 Asymmetric 3 98Y XL MO FP"},"content":{"rendered":"<p style=\"margin: 12.0pt 0cm 12.0pt 0cm;\"><b><span style=\"font-size: 11.0pt; font-family: 'Arial',sans-serif; color: black;\">Goodyear Eagle F1 Asymmetric 3 <\/span><\/b><span style=\"font-size: 11.0pt; font-family: 'Arial',sans-serif; color: black;\">ir augst\u0101k\u0101s kvalit\u0101tes jeb Premium klases vasaras riepu modelis. Tas izce\u013cas ar izciliem sa\u0137eres, manevr\u0113tsp\u0113jas, ekonomijas un nodilumiztur\u012bbas r\u0101d\u012bt\u0101jiem. Pieejams pla\u0161\u0101 izm\u0113ru kl\u0101st\u0101 no R17 l\u012bdz R21 un piem\u0113rots luksus klases vieglaj\u0101m automa\u0161\u012bn\u0101m.<\/span><o:p><\/o:p><\/p>\n<h3 style=\"margin: 14.0pt 0cm 4.0pt 0cm;\"><span style=\"font-size: 13.0pt; font-family: 'Arial',sans-serif; color: black;\">Goodyear Eagle F1 Asymmetric 3 galven\u0101s iez\u012bmes<\/span><o:p><\/o:p><\/h3>\n<p style=\"margin: 12.0pt 0cm 12.0pt 0cm;\"><span style=\"font-size: 11.0pt; font-family: 'Arial',sans-serif; color: black;\">+ Izcila sa\u0137ere un manevr\u0113tsp\u0113ja, k\u0101 ar\u012b zems akvaplan\u0113\u0161anas risks pat lielos brauk\u0161anas \u0101trumos.<\/span><o:p><\/o:p><\/p>\n<p style=\"margin: 12.0pt 0cm 12.0pt 0cm;\"><span style=\"font-size: 11.0pt; font-family: 'Arial',sans-serif; color: black;\">+ Palielin\u0101ta nodilumiztur\u012bba.<\/span><o:p><\/o:p><\/p>\n<p style=\"margin: 12.0pt 0cm 12.0pt 0cm;\"><span style=\"font-size: 11.0pt; font-family: 'Arial',sans-serif; color: black;\">+ Degvielas ekonomija!<\/span><o:p><\/o:p><\/p>\n<p style=\"margin: 12.0pt 0cm 12.0pt 0cm;\"><span style=\"font-size: 11.0pt; font-family: 'Arial',sans-serif; color: black;\">+ Vado\u0161\u0101s Goodyear tehnolo\u0123ijas.<\/span><o:p><\/o:p><\/p>\n<p style=\"margin: 12.0pt 0cm 12.0pt 0cm;\"><span style=\"font-size: 11.0pt; font-family: 'Arial',sans-serif; color: black;\">+ Izteikts akustiskais un brauk\u0161anas gaitas komforts.<\/span><o:p><\/o:p><\/p>\n<p style=\"margin: 12.0pt 0cm 12.0pt 0cm;\"><span style=\"font-size: 11.0pt; font-family: 'Arial',sans-serif; color: black;\">+ \u0160is riepu modelis nereti sastopams luksus klases auto standartkomplekt\u0101cij\u0101.<\/span><o:p><\/o:p><\/p>\n<h3 style=\"margin: 14.0pt 0cm 4.0pt 0cm;\"><span style=\"font-size: 13.0pt; font-family: 'Arial',sans-serif; color: black;\">Eagle F1 Asymmetric 3 apr\u012bkojums<\/span><o:p><\/o:p><\/h3>\n<p style=\"margin: 12.0pt 0cm 12.0pt 0cm;\"><b><span style=\"font-size: 11.0pt; font-family: 'Arial',sans-serif; color: black;\">Goodyear Eagle F1 Asymmetric 3 <\/span><\/b><span style=\"font-size: 11.0pt; font-family: 'Arial',sans-serif; color: black;\">UHP jeb augstas veiktsp\u0113jas vasaras riepas apr\u012bkotas ar uzlabotu asimetrisko protektora rakstu. \u0160\u0101ds dizains izv\u0113l\u0113ts zem\u0101kai rites pretest\u012bbai, k\u0101 ar\u012b augst\u0101kam brauk\u0161anas komfortam.\u00a0<\/span><o:p><\/o:p><\/p>\n<p style=\"margin: 12.0pt 0cm 12.0pt 0cm;\"><span style=\"font-size: 11.0pt; font-family: 'Arial',sans-serif; color: black;\">Viens no \u0161\u012b riepu mode\u013ca kvalit\u0101tes st\u016brakme\u0146iem ir ActiveBraking tehnolo\u0123ija. T\u0101 \u013cauj palielin\u0101t riepu kontakta virsmu ar ce\u013cu, bremz\u0113jot. \u0160is faktors b\u016btiski sa\u012bsina bremz\u0113\u0161anas ce\u013cu.<\/span><o:p><\/o:p><\/p>\n<p style=\"margin: 12.0pt 0cm 12.0pt 0cm;\"><span style=\"font-size: 11.0pt; font-family: 'Arial',sans-serif; color: black;\">K\u0101 v\u0113l vienu no vado\u0161aj\u0101m tehnolo\u0123ij\u0101m, kas izmantotas \u0161\u012b riepu mode\u013ca izstr\u0101d\u0113, var min\u0113t GripBooster. T\u0101 apsl\u0113pta riepu gumijas sast\u0101v\u0101, kuram pievienots polim\u0113ru un jaun\u0101k\u0101s paaudzes Sil\u012bcija sajaukums. Pateicoties tam, riepa burtiski piel\u012bp ce\u013ca virsmai, iev\u0113rojami uzlabojot sa\u0137eri un manevr\u0113tsp\u0113ju pat lielos brauk\u0161anas \u0101trumos.\u00a0<\/span><o:p><\/o:p><\/p>\n<p style=\"margin: 12.0pt 0cm 12.0pt 0cm;\"><span style=\"font-size: 11.0pt; font-family: 'Arial',sans-serif; color: black;\">Riepu pamat\u0101 izmantots \u012bpa\u0161i iztur\u012bgs, bet viegls karkass. T\u0101 izstr\u0101dei izmantotie sint\u0113tiskie materi\u0101li padara riepu triecieniztur\u012bgu, k\u0101 ar\u012b samazina rites pretest\u012bbu.\u00a0<\/span><\/p>\n","protected":false},"excerpt":{"rendered":"<p><b><span style=\"font-size: 11.0pt; font-family: 'Arial',sans-serif; color: black;\">Goodyear Eagle F1 Asymmetric 3 <\/span><\/b><span style=\"font-size: 11.0pt; font-family: 'Arial',sans-serif; color: black;\">ir augst\u0101k\u0101s kvalit\u0101tes jeb Premium klases vasaras riepu modelis. Tas izce\u013cas ar izciliem sa\u0137eres, manevr\u0113tsp\u0113jas, ekonomijas un nodilumiztur\u012bbas r\u0101d\u012bt\u0101jiem. Pieejams pla\u0161\u0101 izm\u0113ru kl\u0101st\u0101 no R17 l\u012bdz R21 un piem\u0113rots luksus klases vieglaj\u0101m automa\u0161\u012bn\u0101m.<\/span><\/p>\n","protected":false},"featured_media":896971,"template":"","meta":{"_acf_changed":false,"ngg_post_thumbnail":0},"product_brand":[],"product_cat":[46],"product_tag":[],"class_list":{"0":"post-284033","1":"product","2":"type-product","3":"status-publish","4":"has-post-thumbnail","6":"product_cat-vasaras-riepas","8":"first","9":"instock","10":"sale","11":"taxable","12":"shipping-taxable","13":"product-type-simple"},"acf":[],"yoast_head":"<!-- This site is optimized with the Yoast SEO Premium plugin v22.6 (Yoast SEO v27.3) - https:\/\/yoast.com\/product\/yoast-seo-premium-wordpress\/ -->\n<title>245\/40R19 Goodyear Eagle F1 Asymmetric 3 98Y XL MO FP &#8226; MMK Riepas<\/title>\n<meta name=\"robots\" content=\"index, follow, max-snippet:-1, max-image-preview:large, max-video-preview:-1\" \/>\n<link rel=\"canonical\" href=\"https:\/\/mmkriepas.lv\/en\/p\/245-40r19-goodyear-eagle-f1-asymmetric-3-98y-xl-mo\/\" \/>\n<meta property=\"og:locale\" content=\"en_US\" \/>\n<meta property=\"og:type\" content=\"article\" \/>\n<meta property=\"og:title\" content=\"245\/40R19 Goodyear Eagle F1 Asymmetric 3 98Y XL MO FP\" \/>\n<meta property=\"og:description\" content=\"Goodyear Eagle F1 Asymmetric 3 ir augst\u0101k\u0101s kvalit\u0101tes jeb Premium klases vasaras riepu modelis. Tas izce\u013cas ar izciliem sa\u0137eres, manevr\u0113tsp\u0113jas, ekonomijas un nodilumiztur\u012bbas r\u0101d\u012bt\u0101jiem. Pieejams pla\u0161\u0101 izm\u0113ru kl\u0101st\u0101 no R17 l\u012bdz R21 un piem\u0113rots luksus klases vieglaj\u0101m automa\u0161\u012bn\u0101m.\" \/>\n<meta property=\"og:url\" content=\"https:\/\/mmkriepas.lv\/en\/p\/245-40r19-goodyear-eagle-f1-asymmetric-3-98y-xl-mo\/\" \/>\n<meta property=\"og:site_name\" content=\"MMK Riepas\" \/>\n<meta property=\"article:publisher\" content=\"https:\/\/www.facebook.com\/mmkserviss\/\" \/>\n<meta property=\"article:modified_time\" content=\"2026-03-29T23:28:02+00:00\" \/>\n<meta property=\"og:image\" content=\"https:\/\/mmkriepas.lv\/wp-content\/uploads\/2024\/05\/23545r18-goodyear-eagle-f1-asymmetric-3-94w-fp-vasaras-riepas.jpg\" \/>\n\t<meta property=\"og:image:width\" content=\"1920\" \/>\n\t<meta property=\"og:image:height\" content=\"1440\" \/>\n\t<meta property=\"og:image:type\" content=\"image\/jpeg\" \/>\n<meta name=\"twitter:card\" content=\"summary_large_image\" \/>\n<meta name=\"twitter:label1\" content=\"Price\" \/>\n\t<meta name=\"twitter:data1\" content=\"&euro;215.00\" \/>\n\t<meta name=\"twitter:label2\" content=\"Availability\" \/>\n\t<meta name=\"twitter:data2\" content=\"In stock\" \/>\n<script type=\"application\/ld+json\" class=\"yoast-schema-graph\">{\"@context\":\"https:\\\/\\\/schema.org\",\"@graph\":[{\"@type\":\"WebPage\",\"@id\":\"https:\\\/\\\/mmkriepas.lv\\\/en\\\/p\\\/245-40r19-goodyear-eagle-f1-asymmetric-3-98y-xl-mo\\\/\",\"url\":\"https:\\\/\\\/mmkriepas.lv\\\/en\\\/p\\\/245-40r19-goodyear-eagle-f1-asymmetric-3-98y-xl-mo\\\/\",\"name\":\"245\\\/40R19 Goodyear Eagle F1 Asymmetric 3 98Y XL MO FP &#8226; MMK Riepas\",\"isPartOf\":{\"@id\":\"https:\\\/\\\/mmkriepas.lv\\\/en\\\/#website\"},\"primaryImageOfPage\":{\"@id\":\"https:\\\/\\\/mmkriepas.lv\\\/en\\\/p\\\/245-40r19-goodyear-eagle-f1-asymmetric-3-98y-xl-mo\\\/#primaryimage\"},\"image\":{\"@id\":\"https:\\\/\\\/mmkriepas.lv\\\/en\\\/p\\\/245-40r19-goodyear-eagle-f1-asymmetric-3-98y-xl-mo\\\/#primaryimage\"},\"thumbnailUrl\":\"https:\\\/\\\/mmkriepas.lv\\\/wp-content\\\/uploads\\\/2024\\\/05\\\/23545r18-goodyear-eagle-f1-asymmetric-3-94w-fp-vasaras-riepas.jpg\",\"datePublished\":\"2022-08-15T23:51:39+00:00\",\"dateModified\":\"2026-03-29T23:28:02+00:00\",\"breadcrumb\":{\"@id\":\"https:\\\/\\\/mmkriepas.lv\\\/en\\\/p\\\/245-40r19-goodyear-eagle-f1-asymmetric-3-98y-xl-mo\\\/#breadcrumb\"},\"inLanguage\":\"en-US\",\"potentialAction\":[{\"@type\":\"ReadAction\",\"target\":[\"https:\\\/\\\/mmkriepas.lv\\\/en\\\/p\\\/245-40r19-goodyear-eagle-f1-asymmetric-3-98y-xl-mo\\\/\"]}]},{\"@type\":\"ImageObject\",\"inLanguage\":\"en-US\",\"@id\":\"https:\\\/\\\/mmkriepas.lv\\\/en\\\/p\\\/245-40r19-goodyear-eagle-f1-asymmetric-3-98y-xl-mo\\\/#primaryimage\",\"url\":\"https:\\\/\\\/mmkriepas.lv\\\/wp-content\\\/uploads\\\/2024\\\/05\\\/23545r18-goodyear-eagle-f1-asymmetric-3-94w-fp-vasaras-riepas.jpg\",\"contentUrl\":\"https:\\\/\\\/mmkriepas.lv\\\/wp-content\\\/uploads\\\/2024\\\/05\\\/23545r18-goodyear-eagle-f1-asymmetric-3-94w-fp-vasaras-riepas.jpg\",\"width\":1920,\"height\":1440,\"caption\":\"MAIN\"},{\"@type\":\"BreadcrumbList\",\"@id\":\"https:\\\/\\\/mmkriepas.lv\\\/en\\\/p\\\/245-40r19-goodyear-eagle-f1-asymmetric-3-98y-xl-mo\\\/#breadcrumb\",\"itemListElement\":[{\"@type\":\"ListItem\",\"position\":1,\"name\":\"S\u0101kums\",\"item\":\"https:\\\/\\\/mmkriepas.lv\\\/en\\\/\"},{\"@type\":\"ListItem\",\"position\":2,\"name\":\"245\\\/40R19 Goodyear Eagle F1 Asymmetric 3 98Y XL MO FP\"}]},{\"@type\":\"WebSite\",\"@id\":\"https:\\\/\\\/mmkriepas.lv\\\/en\\\/#website\",\"url\":\"https:\\\/\\\/mmkriepas.lv\\\/en\\\/\",\"name\":\"MMK Riepas\",\"description\":\"MMK Riepas\",\"alternateName\":\"MMK Riepu Serviss\",\"potentialAction\":[{\"@type\":\"SearchAction\",\"target\":{\"@type\":\"EntryPoint\",\"urlTemplate\":\"https:\\\/\\\/mmkriepas.lv\\\/en\\\/?s={search_term_string}\"},\"query-input\":{\"@type\":\"PropertyValueSpecification\",\"valueRequired\":true,\"valueName\":\"search_term_string\"}}],\"inLanguage\":\"en-US\"},{\"@type\":\"ImageObject\",\"inLanguage\":\"en-US\",\"@id\":\"https:\\\/\\\/mmkriepas.lv\\\/en\\\/p\\\/245-40r19-goodyear-eagle-f1-asymmetric-3-98y-xl-mo\\\/#local-main-organization-logo\",\"url\":\"\",\"contentUrl\":\"\",\"caption\":\"MMK Riepas\"}]}<\/script>\n<meta property=\"product:brand\" content=\"Goodyear Eagle F1 Asymmetric 3\" \/>\n<meta property=\"product:price:amount\" content=\"215.00\" \/>\n<meta property=\"product:price:currency\" content=\"EUR\" \/>\n<meta property=\"og:availability\" content=\"instock\" \/>\n<meta property=\"product:availability\" content=\"instock\" \/>\n<meta property=\"product:retailer_item_id\" content=\"TS2454019GOODY-L4016\" \/>\n<meta property=\"product:condition\" content=\"new\" \/>\n<!-- \/ Yoast SEO Premium plugin. -->","yoast_head_json":{"title":"245\/40R19 Goodyear Eagle F1 Asymmetric 3 98Y XL MO FP &#8226; MMK Riepas","robots":{"index":"index","follow":"follow","max-snippet":"max-snippet:-1","max-image-preview":"max-image-preview:large","max-video-preview":"max-video-preview:-1"},"canonical":"https:\/\/mmkriepas.lv\/en\/p\/245-40r19-goodyear-eagle-f1-asymmetric-3-98y-xl-mo\/","og_locale":"en_US","og_type":"article","og_title":"245\/40R19 Goodyear Eagle F1 Asymmetric 3 98Y XL MO FP","og_description":"Goodyear Eagle F1 Asymmetric 3 ir augst\u0101k\u0101s kvalit\u0101tes jeb Premium klases vasaras riepu modelis. Tas izce\u013cas ar izciliem sa\u0137eres, manevr\u0113tsp\u0113jas, ekonomijas un nodilumiztur\u012bbas r\u0101d\u012bt\u0101jiem. Pieejams pla\u0161\u0101 izm\u0113ru kl\u0101st\u0101 no R17 l\u012bdz R21 un piem\u0113rots luksus klases vieglaj\u0101m automa\u0161\u012bn\u0101m.","og_url":"https:\/\/mmkriepas.lv\/en\/p\/245-40r19-goodyear-eagle-f1-asymmetric-3-98y-xl-mo\/","og_site_name":"MMK Riepas","article_publisher":"https:\/\/www.facebook.com\/mmkserviss\/","article_modified_time":"2026-03-29T23:28:02+00:00","og_image":[{"width":1920,"height":1440,"url":"https:\/\/mmkriepas.lv\/wp-content\/uploads\/2024\/05\/23545r18-goodyear-eagle-f1-asymmetric-3-94w-fp-vasaras-riepas.jpg","type":"image\/jpeg"}],"twitter_card":"summary_large_image","twitter_misc":{"Price":"&euro;215.00","Availability":"In stock"},"schema":{"@context":"https:\/\/schema.org","@graph":[{"@type":"WebPage","@id":"https:\/\/mmkriepas.lv\/en\/p\/245-40r19-goodyear-eagle-f1-asymmetric-3-98y-xl-mo\/","url":"https:\/\/mmkriepas.lv\/en\/p\/245-40r19-goodyear-eagle-f1-asymmetric-3-98y-xl-mo\/","name":"245\/40R19 Goodyear Eagle F1 Asymmetric 3 98Y XL MO FP &#8226; MMK Riepas","isPartOf":{"@id":"https:\/\/mmkriepas.lv\/en\/#website"},"primaryImageOfPage":{"@id":"https:\/\/mmkriepas.lv\/en\/p\/245-40r19-goodyear-eagle-f1-asymmetric-3-98y-xl-mo\/#primaryimage"},"image":{"@id":"https:\/\/mmkriepas.lv\/en\/p\/245-40r19-goodyear-eagle-f1-asymmetric-3-98y-xl-mo\/#primaryimage"},"thumbnailUrl":"https:\/\/mmkriepas.lv\/wp-content\/uploads\/2024\/05\/23545r18-goodyear-eagle-f1-asymmetric-3-94w-fp-vasaras-riepas.jpg","datePublished":"2022-08-15T23:51:39+00:00","dateModified":"2026-03-29T23:28:02+00:00","breadcrumb":{"@id":"https:\/\/mmkriepas.lv\/en\/p\/245-40r19-goodyear-eagle-f1-asymmetric-3-98y-xl-mo\/#breadcrumb"},"inLanguage":"en-US","potentialAction":[{"@type":"ReadAction","target":["https:\/\/mmkriepas.lv\/en\/p\/245-40r19-goodyear-eagle-f1-asymmetric-3-98y-xl-mo\/"]}]},{"@type":"ImageObject","inLanguage":"en-US","@id":"https:\/\/mmkriepas.lv\/en\/p\/245-40r19-goodyear-eagle-f1-asymmetric-3-98y-xl-mo\/#primaryimage","url":"https:\/\/mmkriepas.lv\/wp-content\/uploads\/2024\/05\/23545r18-goodyear-eagle-f1-asymmetric-3-94w-fp-vasaras-riepas.jpg","contentUrl":"https:\/\/mmkriepas.lv\/wp-content\/uploads\/2024\/05\/23545r18-goodyear-eagle-f1-asymmetric-3-94w-fp-vasaras-riepas.jpg","width":1920,"height":1440,"caption":"MAIN"},{"@type":"BreadcrumbList","@id":"https:\/\/mmkriepas.lv\/en\/p\/245-40r19-goodyear-eagle-f1-asymmetric-3-98y-xl-mo\/#breadcrumb","itemListElement":[{"@type":"ListItem","position":1,"name":"S\u0101kums","item":"https:\/\/mmkriepas.lv\/en\/"},{"@type":"ListItem","position":2,"name":"245\/40R19 Goodyear Eagle F1 Asymmetric 3 98Y XL MO FP"}]},{"@type":"WebSite","@id":"https:\/\/mmkriepas.lv\/en\/#website","url":"https:\/\/mmkriepas.lv\/en\/","name":"MMK Riepas","description":"MMK Riepas","alternateName":"MMK Riepu Serviss","potentialAction":[{"@type":"SearchAction","target":{"@type":"EntryPoint","urlTemplate":"https:\/\/mmkriepas.lv\/en\/?s={search_term_string}"},"query-input":{"@type":"PropertyValueSpecification","valueRequired":true,"valueName":"search_term_string"}}],"inLanguage":"en-US"},{"@type":"ImageObject","inLanguage":"en-US","@id":"https:\/\/mmkriepas.lv\/en\/p\/245-40r19-goodyear-eagle-f1-asymmetric-3-98y-xl-mo\/#local-main-organization-logo","url":"","contentUrl":"","caption":"MMK Riepas"}]},"product_brand":"Goodyear Eagle F1 Asymmetric 3","product_price_amount":"215.00","product_price_currency":"EUR","og_availability":"instock","product_availability":"instock","product_retailer_item_id":"TS2454019GOODY-L4016","product_condition":"new"},"_links":{"self":[{"href":"https:\/\/mmkriepas.lv\/en\/wp-json\/wp\/v2\/product\/284033","targetHints":{"allow":["GET"]}}],"collection":[{"href":"https:\/\/mmkriepas.lv\/en\/wp-json\/wp\/v2\/product"}],"about":[{"href":"https:\/\/mmkriepas.lv\/en\/wp-json\/wp\/v2\/types\/product"}],"wp:featuredmedia":[{"embeddable":true,"href":"https:\/\/mmkriepas.lv\/en\/wp-json\/wp\/v2\/media\/896971"}],"wp:attachment":[{"href":"https:\/\/mmkriepas.lv\/en\/wp-json\/wp\/v2\/media?parent=284033"}],"wp:term":[{"taxonomy":"product_brand","embeddable":true,"href":"https:\/\/mmkriepas.lv\/en\/wp-json\/wp\/v2\/product_brand?post=284033"},{"taxonomy":"product_cat","embeddable":true,"href":"https:\/\/mmkriepas.lv\/en\/wp-json\/wp\/v2\/product_cat?post=284033"},{"taxonomy":"product_tag","embeddable":true,"href":"https:\/\/mmkriepas.lv\/en\/wp-json\/wp\/v2\/product_tag?post=284033"}],"curies":[{"name":"wp","href":"https:\/\/api.w.org\/{rel}","templated":true}]}}