{"id":283841,"date":"2022-08-16T02:43:13","date_gmt":"2022-08-15T23:43:13","guid":{"rendered":"https:\/\/mmkserviss.lv\/?post_type=product&#038;p=283841"},"modified":"2026-03-27T11:57:05","modified_gmt":"2026-03-27T09:57:05","slug":"235-35r19-pirelli-p-zero-pz3-87y-n2","status":"publish","type":"product","link":"https:\/\/mmkriepas.lv\/en\/p\/235-35r19-pirelli-p-zero-pz3-87y-n2\/","title":{"rendered":"235\/35R19 Pirelli P ZERO PZ3  87Y N2 FSL"},"content":{"rendered":"<p class=\"western\"><span style=\"font-family: Arial, sans-serif;\"><b><span>Pirelli P ZERO PZ3<\/span><\/b><span> ir augst\u0101k\u0101s kvalit\u0101tes un veiktsp\u0113jas Premium klases UHP (Ultra High Performance) vasaras riepu modelis. Tas izce\u013cas ar izcilu sa\u0137eri un manevr\u0113tsp\u0113ju uz sausa un slapja asfalta, k\u0101 ar\u012b nep\u0101rsp\u0113jamu brauk\u0161anas komfortu pat lielos brauk\u0161anas \u0101trumos. \u0160is riepu modelis izstr\u0101d\u0101ts sadarb\u012bb\u0101 ar F1 un ietilpst t\u0101du superauto k\u0101 Lamborghini, Ferrari un McLaren standartkomplekt\u0101cij\u0101. PZ3 riepas tiek ra\u017eotas izm\u0113ros no R17 l\u012bdz R22 un nereti tiek uzst\u0101d\u012btas sportiska tipa vieglajiem auto &#8211; Audi, BMW, Mercedes, k\u0101 ar\u012b sporta he\u010dbekiem &#8211; Mini Cooper, Ford Fiesta RS utml.<\/span><\/span><\/p>\n<h3 class=\"western\"><span style=\"font-family: Arial, sans-serif;\"><span>Pirelli P ZERO PZ3 galven\u0101s \u012bpa\u0161\u012bbas<\/span><\/span><\/h3>\n<p class=\"western\"><span style=\"font-family: Arial, sans-serif;\"><span>+ Izcila sa\u0137ere un manevr\u0113tsp\u0113ja pat lielos brauk\u0161anas \u0101trumos.<br \/>+ Vado\u0161\u0101s riepu giganta Pirelli tehnolo\u0123ijas un Formula1 pieredze!<br \/>+ Zems degvielas pat\u0113ri\u0146\u0161!<br \/>+ Izteikts akustiskais un brauk\u0161anas gaitas komforts.<br \/>+ Pirelli P ZERO s\u0113rija ir viens l\u012bderiem riepu testos jau kop\u0161 2005. gada.<br \/>+ Zems akvaplan\u0113\u0161anas risks.<br \/>+ Palielin\u0101ta nodilumiztur\u012bba.<br \/>+ Lielie \u0101truma indeksi, riepas test\u0113tas \u0101trumos, kas p\u0101rsniedz 300 km\/h.<\/span><\/span><\/p>\n<h3 class=\"western\"><span style=\"font-family: Arial, sans-serif;\"><span>P ZERO PZ3 apr\u012bkojums<\/span><\/span><\/h3>\n<p class=\"western\"><span style=\"font-family: Arial, sans-serif;\"><span>Pirelli P ZERO PZ3 apr\u012bkotas ar unik\u0101lu, patent\u0113tu asimetrisko protektora rakstu. T\u0101 dizain\u0101 ieguld\u012bta ilggad\u0113ja Formula1 pieredze un vado\u0161ie Pirelli tehnolo\u0123iskie risin\u0101jumi. \u0160\u012b ir izcila izv\u0113le tiem sportisku auto \u012bpa\u0161niekiem, kas brauc dinamiski un v\u0113las izbaud\u012bt augst\u0101ko brauk\u0161anas komfortu un dro\u0161\u012bbu vasaras brauk\u0161anas apst\u0101k\u013cos. \u0160\u012bs riepas ir piem\u0113rotas ar\u012b tiem, kas veic izbraukumus uz Rietumeiropu, kur brauk\u0161anas \u0101trumi p\u0101rsniedz tos, pie k\u0101diem esam pieradu\u0161i Latvij\u0101.<\/span><\/span><\/p>\n<p class=\"western\"><span style=\"font-family: Arial, sans-serif;\"><span>Asimetriski izvietot\u0101s protektora virknes darin\u0101tas no augst\u0101k\u0101s kvalit\u0101tes gumijas sakaus\u0113juma. Tas papildin\u0101ts ar nanokompoz\u012btmateri\u0101liem, kas vienlaikus uzlabo gan sa\u0137eres \u012bpa\u0161\u012bbas, gan ar\u012b Pirelli P ZERO PZ3 nodilumiztur\u012bbu.<\/span><\/span><\/p>\n<p class=\"western\"><span style=\"font-family: Arial, sans-serif;\"><span>\u0160\u012b riepu mode\u013ca konstrukcija veidota no atvieglotiem un \u012bpa\u0161i iztur\u012bgiem materi\u0101liem, l\u012bdz\u012bgi k\u0101 Formula1 riep\u0101m. Tas nodro\u0161ina uzlabotu veiktsp\u0113ju, triecieniztur\u012bbu un, protams, zem\u0101ku degvielas pat\u0113ri\u0146u. Savuk\u0101rt, Pirelli P ZERO PZ3, protektora pamatn\u0113 atrodama augsti att\u012bst\u012bta dren\u0101\u017eas jeb \u016bdens novadkan\u0101lu sist\u0113ma. Taj\u0101 izvietoti speci\u0101li \u0161ai riepu s\u0113rijai izstr\u0101d\u0101ti padzi\u013cin\u0101jumi, kas vienlaikus samazina akvaplan\u0113\u0161anas risku, k\u0101 ar\u012b sl\u0101p\u0113 ska\u0146u.<\/span><\/span><\/p>\n<p class=\"western\"><span style=\"font-family: Arial, sans-serif;\"><span>Protektora dizains veidots no 3 ciet\u0101m protektora bloku virkn\u0113m. Tas dar\u012bts, lai uzlabotu manevr\u0113tsp\u0113ju un kursa notur\u012bbu, b\u016btiski sa\u012bsinot ar\u012b bremz\u0113\u0161anas ce\u013cu. Horizont\u0101li izvietoti ar\u012b S-formas iegriezumi. Tie uzlabo Pirelli P ZERO PZ3 sa\u0137eres \u012bpa\u0161\u012bbas, brauk\u0161anu uzs\u0101kot, k\u0101 ar\u012b ne\u013cauj riepai zaud\u0113t sa\u0137eri, veicot straujus manevrus.<\/span> <\/span><\/p>\n","protected":false},"excerpt":{"rendered":"<p class=\"western\"><span style=\"font-family: Arial, sans-serif;\"><b><span>Pirelli P ZERO PZ3<\/span><\/b><span> ir augst\u0101k\u0101s kvalit\u0101tes un veiktsp\u0113jas Premium klases UHP (Ultra High Performance) vasaras riepu modelis. Tas izce\u013cas ar izcilu sa\u0137eri un manevr\u0113tsp\u0113ju uz sausa un slapja asfalta, k\u0101 ar\u012b nep\u0101rsp\u0113jamu brauk\u0161anas komfortu pat lielos brauk\u0161anas \u0101trumos. \u0160is riepu modelis izstr\u0101d\u0101ts sadarb\u012bb\u0101 ar F1 un ietilpst t\u0101du superauto k\u0101 Lamborghini, Ferrari un McLaren standartkomplekt\u0101cij\u0101. PZ3 riepas tiek ra\u017eotas izm\u0113ros no R17 l\u012bdz R22 un nereti tiek uzst\u0101d\u012btas sportiska tipa vieglajiem auto &#8211; Audi, BMW, Mercedes, k\u0101 ar\u012b sporta he\u010dbekiem &#8211; Mini Cooper, Ford Fiesta RS utml.<\/span><\/span><\/p>\n","protected":false},"featured_media":915263,"template":"","meta":{"_acf_changed":false,"ngg_post_thumbnail":0},"product_brand":[],"product_cat":[23641],"product_tag":[],"class_list":{"0":"post-283841","1":"product","2":"type-product","3":"status-publish","4":"has-post-thumbnail","6":"product_cat-summer-tyres","8":"first","9":"instock","10":"sale","11":"taxable","12":"shipping-taxable","13":"purchasable","14":"product-type-simple"},"acf":[],"yoast_head":"<!-- This site is optimized with the Yoast SEO Premium plugin v22.6 (Yoast SEO v27.3) - https:\/\/yoast.com\/product\/yoast-seo-premium-wordpress\/ -->\n<title>235\/35R19 Pirelli P ZERO PZ3 87Y N2 FSL &#8226; MMK Riepas<\/title>\n<meta name=\"robots\" content=\"index, follow, max-snippet:-1, max-image-preview:large, max-video-preview:-1\" \/>\n<link rel=\"canonical\" href=\"https:\/\/mmkriepas.lv\/en\/p\/235-35r19-pirelli-p-zero-pz3-87y-n2\/\" \/>\n<meta property=\"og:locale\" content=\"en_US\" \/>\n<meta property=\"og:type\" content=\"article\" \/>\n<meta property=\"og:title\" content=\"235\/35R19 Pirelli P ZERO PZ3 87Y N2 FSL\" \/>\n<meta property=\"og:description\" content=\"Pirelli P ZERO PZ3 ir augst\u0101k\u0101s kvalit\u0101tes un veiktsp\u0113jas Premium klases UHP (Ultra High Performance) vasaras riepu modelis. Tas izce\u013cas ar izcilu sa\u0137eri un manevr\u0113tsp\u0113ju uz sausa un slapja asfalta, k\u0101 ar\u012b nep\u0101rsp\u0113jamu brauk\u0161anas komfortu pat lielos brauk\u0161anas \u0101trumos. \u0160is riepu modelis izstr\u0101d\u0101ts sadarb\u012bb\u0101 ar F1 un ietilpst t\u0101du superauto k\u0101 Lamborghini, Ferrari un McLaren standartkomplekt\u0101cij\u0101. PZ3 riepas tiek ra\u017eotas izm\u0113ros no R17 l\u012bdz R22 un nereti tiek uzst\u0101d\u012btas sportiska tipa vieglajiem auto - Audi, BMW, Mercedes, k\u0101 ar\u012b sporta he\u010dbekiem - Mini Cooper, Ford Fiesta RS utml.\" \/>\n<meta property=\"og:url\" content=\"https:\/\/mmkriepas.lv\/en\/p\/235-35r19-pirelli-p-zero-pz3-87y-n2\/\" \/>\n<meta property=\"og:site_name\" content=\"MMK Riepas\" \/>\n<meta property=\"article:publisher\" content=\"https:\/\/www.facebook.com\/mmkserviss\/\" \/>\n<meta property=\"article:modified_time\" content=\"2026-03-27T09:57:05+00:00\" \/>\n<meta property=\"og:image\" content=\"https:\/\/mmkriepas.lv\/wp-content\/uploads\/2024\/06\/pirelli-p-zero-pz3.jpg\" \/>\n\t<meta property=\"og:image:width\" content=\"900\" \/>\n\t<meta property=\"og:image:height\" content=\"720\" \/>\n\t<meta property=\"og:image:type\" content=\"image\/jpeg\" \/>\n<meta name=\"twitter:card\" content=\"summary_large_image\" \/>\n<meta name=\"twitter:label1\" content=\"Price\" \/>\n\t<meta name=\"twitter:data1\" content=\"&euro;188.00\" \/>\n\t<meta name=\"twitter:label2\" content=\"Availability\" \/>\n\t<meta name=\"twitter:data2\" content=\"In stock\" \/>\n<script type=\"application\/ld+json\" class=\"yoast-schema-graph\">{\"@context\":\"https:\\\/\\\/schema.org\",\"@graph\":[{\"@type\":\"WebPage\",\"@id\":\"https:\\\/\\\/mmkriepas.lv\\\/en\\\/p\\\/235-35r19-pirelli-p-zero-pz3-87y-n2\\\/\",\"url\":\"https:\\\/\\\/mmkriepas.lv\\\/en\\\/p\\\/235-35r19-pirelli-p-zero-pz3-87y-n2\\\/\",\"name\":\"235\\\/35R19 Pirelli P ZERO PZ3 87Y N2 FSL &#8226; MMK Riepas\",\"isPartOf\":{\"@id\":\"https:\\\/\\\/mmkriepas.lv\\\/en\\\/#website\"},\"primaryImageOfPage\":{\"@id\":\"https:\\\/\\\/mmkriepas.lv\\\/en\\\/p\\\/235-35r19-pirelli-p-zero-pz3-87y-n2\\\/#primaryimage\"},\"image\":{\"@id\":\"https:\\\/\\\/mmkriepas.lv\\\/en\\\/p\\\/235-35r19-pirelli-p-zero-pz3-87y-n2\\\/#primaryimage\"},\"thumbnailUrl\":\"https:\\\/\\\/mmkriepas.lv\\\/wp-content\\\/uploads\\\/2024\\\/06\\\/pirelli-p-zero-pz3.jpg\",\"datePublished\":\"2022-08-15T23:43:13+00:00\",\"dateModified\":\"2026-03-27T09:57:05+00:00\",\"breadcrumb\":{\"@id\":\"https:\\\/\\\/mmkriepas.lv\\\/en\\\/p\\\/235-35r19-pirelli-p-zero-pz3-87y-n2\\\/#breadcrumb\"},\"inLanguage\":\"en-US\",\"potentialAction\":[{\"@type\":\"ReadAction\",\"target\":[\"https:\\\/\\\/mmkriepas.lv\\\/en\\\/p\\\/235-35r19-pirelli-p-zero-pz3-87y-n2\\\/\"]}]},{\"@type\":\"ImageObject\",\"inLanguage\":\"en-US\",\"@id\":\"https:\\\/\\\/mmkriepas.lv\\\/en\\\/p\\\/235-35r19-pirelli-p-zero-pz3-87y-n2\\\/#primaryimage\",\"url\":\"https:\\\/\\\/mmkriepas.lv\\\/wp-content\\\/uploads\\\/2024\\\/06\\\/pirelli-p-zero-pz3.jpg\",\"contentUrl\":\"https:\\\/\\\/mmkriepas.lv\\\/wp-content\\\/uploads\\\/2024\\\/06\\\/pirelli-p-zero-pz3.jpg\",\"width\":900,\"height\":720,\"caption\":\"MAIN\"},{\"@type\":\"BreadcrumbList\",\"@id\":\"https:\\\/\\\/mmkriepas.lv\\\/en\\\/p\\\/235-35r19-pirelli-p-zero-pz3-87y-n2\\\/#breadcrumb\",\"itemListElement\":[{\"@type\":\"ListItem\",\"position\":1,\"name\":\"S\u0101kums\",\"item\":\"https:\\\/\\\/mmkriepas.lv\\\/en\\\/\"},{\"@type\":\"ListItem\",\"position\":2,\"name\":\"235\\\/35R19 Pirelli P ZERO PZ3 87Y N2 FSL\"}]},{\"@type\":\"WebSite\",\"@id\":\"https:\\\/\\\/mmkriepas.lv\\\/en\\\/#website\",\"url\":\"https:\\\/\\\/mmkriepas.lv\\\/en\\\/\",\"name\":\"MMK Riepas\",\"description\":\"MMK Riepas\",\"alternateName\":\"MMK Riepu Serviss\",\"potentialAction\":[{\"@type\":\"SearchAction\",\"target\":{\"@type\":\"EntryPoint\",\"urlTemplate\":\"https:\\\/\\\/mmkriepas.lv\\\/en\\\/?s={search_term_string}\"},\"query-input\":{\"@type\":\"PropertyValueSpecification\",\"valueRequired\":true,\"valueName\":\"search_term_string\"}}],\"inLanguage\":\"en-US\"},{\"@type\":\"ImageObject\",\"inLanguage\":\"en-US\",\"@id\":\"https:\\\/\\\/mmkriepas.lv\\\/en\\\/p\\\/235-35r19-pirelli-p-zero-pz3-87y-n2\\\/#local-main-organization-logo\",\"url\":\"\",\"contentUrl\":\"\",\"caption\":\"MMK Riepas\"}]}<\/script>\n<meta property=\"product:brand\" content=\"Pirelli P ZERO PZ3\" \/>\n<meta property=\"product:price:amount\" content=\"188.00\" \/>\n<meta property=\"product:price:currency\" content=\"EUR\" \/>\n<meta property=\"og:availability\" content=\"instock\" \/>\n<meta property=\"product:availability\" content=\"instock\" \/>\n<meta property=\"product:retailer_item_id\" content=\"TS2353519PIREL-L3951\" \/>\n<meta property=\"product:condition\" content=\"new\" \/>\n<!-- \/ Yoast SEO Premium plugin. -->","yoast_head_json":{"title":"235\/35R19 Pirelli P ZERO PZ3 87Y N2 FSL &#8226; MMK Riepas","robots":{"index":"index","follow":"follow","max-snippet":"max-snippet:-1","max-image-preview":"max-image-preview:large","max-video-preview":"max-video-preview:-1"},"canonical":"https:\/\/mmkriepas.lv\/en\/p\/235-35r19-pirelli-p-zero-pz3-87y-n2\/","og_locale":"en_US","og_type":"article","og_title":"235\/35R19 Pirelli P ZERO PZ3 87Y N2 FSL","og_description":"Pirelli P ZERO PZ3 ir augst\u0101k\u0101s kvalit\u0101tes un veiktsp\u0113jas Premium klases UHP (Ultra High Performance) vasaras riepu modelis. Tas izce\u013cas ar izcilu sa\u0137eri un manevr\u0113tsp\u0113ju uz sausa un slapja asfalta, k\u0101 ar\u012b nep\u0101rsp\u0113jamu brauk\u0161anas komfortu pat lielos brauk\u0161anas \u0101trumos. \u0160is riepu modelis izstr\u0101d\u0101ts sadarb\u012bb\u0101 ar F1 un ietilpst t\u0101du superauto k\u0101 Lamborghini, Ferrari un McLaren standartkomplekt\u0101cij\u0101. PZ3 riepas tiek ra\u017eotas izm\u0113ros no R17 l\u012bdz R22 un nereti tiek uzst\u0101d\u012btas sportiska tipa vieglajiem auto - Audi, BMW, Mercedes, k\u0101 ar\u012b sporta he\u010dbekiem - Mini Cooper, Ford Fiesta RS utml.","og_url":"https:\/\/mmkriepas.lv\/en\/p\/235-35r19-pirelli-p-zero-pz3-87y-n2\/","og_site_name":"MMK Riepas","article_publisher":"https:\/\/www.facebook.com\/mmkserviss\/","article_modified_time":"2026-03-27T09:57:05+00:00","og_image":[{"width":900,"height":720,"url":"https:\/\/mmkriepas.lv\/wp-content\/uploads\/2024\/06\/pirelli-p-zero-pz3.jpg","type":"image\/jpeg"}],"twitter_card":"summary_large_image","twitter_misc":{"Price":"&euro;188.00","Availability":"In stock"},"schema":{"@context":"https:\/\/schema.org","@graph":[{"@type":"WebPage","@id":"https:\/\/mmkriepas.lv\/en\/p\/235-35r19-pirelli-p-zero-pz3-87y-n2\/","url":"https:\/\/mmkriepas.lv\/en\/p\/235-35r19-pirelli-p-zero-pz3-87y-n2\/","name":"235\/35R19 Pirelli P ZERO PZ3 87Y N2 FSL &#8226; MMK Riepas","isPartOf":{"@id":"https:\/\/mmkriepas.lv\/en\/#website"},"primaryImageOfPage":{"@id":"https:\/\/mmkriepas.lv\/en\/p\/235-35r19-pirelli-p-zero-pz3-87y-n2\/#primaryimage"},"image":{"@id":"https:\/\/mmkriepas.lv\/en\/p\/235-35r19-pirelli-p-zero-pz3-87y-n2\/#primaryimage"},"thumbnailUrl":"https:\/\/mmkriepas.lv\/wp-content\/uploads\/2024\/06\/pirelli-p-zero-pz3.jpg","datePublished":"2022-08-15T23:43:13+00:00","dateModified":"2026-03-27T09:57:05+00:00","breadcrumb":{"@id":"https:\/\/mmkriepas.lv\/en\/p\/235-35r19-pirelli-p-zero-pz3-87y-n2\/#breadcrumb"},"inLanguage":"en-US","potentialAction":[{"@type":"ReadAction","target":["https:\/\/mmkriepas.lv\/en\/p\/235-35r19-pirelli-p-zero-pz3-87y-n2\/"]}]},{"@type":"ImageObject","inLanguage":"en-US","@id":"https:\/\/mmkriepas.lv\/en\/p\/235-35r19-pirelli-p-zero-pz3-87y-n2\/#primaryimage","url":"https:\/\/mmkriepas.lv\/wp-content\/uploads\/2024\/06\/pirelli-p-zero-pz3.jpg","contentUrl":"https:\/\/mmkriepas.lv\/wp-content\/uploads\/2024\/06\/pirelli-p-zero-pz3.jpg","width":900,"height":720,"caption":"MAIN"},{"@type":"BreadcrumbList","@id":"https:\/\/mmkriepas.lv\/en\/p\/235-35r19-pirelli-p-zero-pz3-87y-n2\/#breadcrumb","itemListElement":[{"@type":"ListItem","position":1,"name":"S\u0101kums","item":"https:\/\/mmkriepas.lv\/en\/"},{"@type":"ListItem","position":2,"name":"235\/35R19 Pirelli P ZERO PZ3 87Y N2 FSL"}]},{"@type":"WebSite","@id":"https:\/\/mmkriepas.lv\/en\/#website","url":"https:\/\/mmkriepas.lv\/en\/","name":"MMK Riepas","description":"MMK Riepas","alternateName":"MMK Riepu Serviss","potentialAction":[{"@type":"SearchAction","target":{"@type":"EntryPoint","urlTemplate":"https:\/\/mmkriepas.lv\/en\/?s={search_term_string}"},"query-input":{"@type":"PropertyValueSpecification","valueRequired":true,"valueName":"search_term_string"}}],"inLanguage":"en-US"},{"@type":"ImageObject","inLanguage":"en-US","@id":"https:\/\/mmkriepas.lv\/en\/p\/235-35r19-pirelli-p-zero-pz3-87y-n2\/#local-main-organization-logo","url":"","contentUrl":"","caption":"MMK Riepas"}]},"product_brand":"Pirelli P ZERO PZ3","product_price_amount":"188.00","product_price_currency":"EUR","og_availability":"instock","product_availability":"instock","product_retailer_item_id":"TS2353519PIREL-L3951","product_condition":"new"},"_links":{"self":[{"href":"https:\/\/mmkriepas.lv\/en\/wp-json\/wp\/v2\/product\/283841","targetHints":{"allow":["GET"]}}],"collection":[{"href":"https:\/\/mmkriepas.lv\/en\/wp-json\/wp\/v2\/product"}],"about":[{"href":"https:\/\/mmkriepas.lv\/en\/wp-json\/wp\/v2\/types\/product"}],"wp:featuredmedia":[{"embeddable":true,"href":"https:\/\/mmkriepas.lv\/en\/wp-json\/wp\/v2\/media\/915263"}],"wp:attachment":[{"href":"https:\/\/mmkriepas.lv\/en\/wp-json\/wp\/v2\/media?parent=283841"}],"wp:term":[{"taxonomy":"product_brand","embeddable":true,"href":"https:\/\/mmkriepas.lv\/en\/wp-json\/wp\/v2\/product_brand?post=283841"},{"taxonomy":"product_cat","embeddable":true,"href":"https:\/\/mmkriepas.lv\/en\/wp-json\/wp\/v2\/product_cat?post=283841"},{"taxonomy":"product_tag","embeddable":true,"href":"https:\/\/mmkriepas.lv\/en\/wp-json\/wp\/v2\/product_tag?post=283841"}],"curies":[{"name":"wp","href":"https:\/\/api.w.org\/{rel}","templated":true}]}}