{"id":283726,"date":"2022-08-16T02:38:21","date_gmt":"2022-08-15T23:38:21","guid":{"rendered":"https:\/\/mmkserviss.lv\/?post_type=product&#038;p=283726"},"modified":"2026-03-27T11:56:51","modified_gmt":"2026-03-27T09:56:51","slug":"225-40r19-maxxis-victra-sport-vs5-93y-xl","status":"publish","type":"product","link":"https:\/\/mmkriepas.lv\/en\/p\/225-40r19-maxxis-victra-sport-vs5-93y-xl\/","title":{"rendered":"225\/40R19 Maxxis Victra Sport 5 VS5 93Y XL"},"content":{"rendered":"<p class=\"western\"><strong><span style=\"font-family: Arial, sans-serif;\">Maxxis<\/span><\/strong><span style=\"font-family: Arial, sans-serif;\"><span> <\/span><\/span><strong><span style=\"font-family: Arial, sans-serif;\"><span>Victra Sport 5 VS5<\/span><\/span><\/strong><span style=\"font-family: Arial, sans-serif;\"> &#8211; \u012bpa\u0161i augstas veiktsp\u0113jas kategorijas modeli ar \u201cmodernu\u201d protektora dizainu. Papildus \u0101r\u0113jai pievilc\u012bbai modeli raksturo iztur\u012bba un vad\u0101m\u012bba liel\u0101 \u0101trum\u0101 un vienm\u0113r\u012bga brauk\u0161ana ar\u012b uz nel\u012bdzeniem ce\u013ciem.<\/span><\/p>\n<p class=\"western\"><strong><span style=\"font-family: Arial, sans-serif;\">Maxxis Victra Sport VS5 galven\u0101s \u012bpa\u0161\u012bbas<\/span><\/strong><\/p>\n<p class=\"western\"><span style=\"font-family: Arial, sans-serif;\">+ <\/span><span style=\"font-family: Arial, sans-serif;\">P<\/span><span style=\"font-family: Arial, sans-serif;\">alielin\u0101ts \u016bdens novades rievu tilpums garant\u0113 efekt\u012bvu akvaplan\u0113\u0161anas nov\u0113r\u0161anu;<br \/>+ S\u0101nu sienu optimiz\u0113tais dizains nodro\u0161ina<\/span><strong><span style=\"font-family: Arial, sans-serif;\"> vienm\u0113r\u012bgu brauk\u0161anu ar sportisku un izsmalcin\u0101tu vad\u0101m\u012bbu<\/span><\/strong><span style=\"font-family: Arial, sans-serif;\">.<\/span><\/p>\n<p class=\"western\"><strong><span style=\"font-family: Arial, sans-serif;\">Moderns protektora raksts<\/span><\/strong><\/p>\n<p class=\"western\"><span style=\"font-family: Arial, sans-serif;\">Riepas protektors ir izgatavots asimetrisk\u0101 dizain\u0101. Galven\u0101 at\u0161\u0137ir\u012bba no vec\u0101kajiem mode\u013ciem ir mas\u012bvais elementu dizains un izv\u0113l\u0113t\u0101s protektora bloku formas. Centr\u0101laj\u0101 da\u013c\u0101 ir \u010detras platas garenisk\u0101s rievas, kas efekt\u012bvi c\u012bn\u0101s ar akvaplan\u0113\u0161anu pie jebkura \u0101truma.\u00a0 Plecu bloki izce\u013cas ar \u0161\u0137\u0113rsenieku novietojumu un mas\u012bvu izm\u0113ru. Tas <\/span><strong><span style=\"font-family: Arial, sans-serif;\">nodro\u0161ina stabilit\u0101ti manevr\u0113\u0161anas laik\u0101, samazinot nevienm\u0113r\u012bgu protektora nodilumu.<\/span><\/strong><\/p>\n<p class=\"western\"><strong><span style=\"font-family: Arial, sans-serif;\">Optimiz\u0113ts s\u0101nu sienas dizains<\/span><\/strong><\/p>\n<p class=\"western\"><span style=\"font-family: Arial, sans-serif;\">\u0160is UHP modelis nodro\u0161ina gludu brauk\u0161anu. Tas ir saist\u012bts ar optimiz\u0113tu s\u0101nu bortu dizainu, kas <\/span><strong><span style=\"font-family: Arial, sans-serif;\">apsl\u0101p\u0113 iev\u0113rojamu trieciena da\u013cu<\/span><\/strong><span style=\"font-family: Arial, sans-serif;\">, braucot pa nel\u012bdzin\u0101m virsm\u0101m. Taj\u0101 pa\u0161\u0101 laik\u0101 tiem ir pietiekama stingr\u012bba, lai nodro\u0161in\u0101tu virziena stabilit\u0101ti un izsmalcin\u0101tu sportisku vad\u0101m\u012bbu.<\/span><\/p>\n<p class=\"western\"><strong><span style=\"font-family: Arial, sans-serif;\">*Uzman\u012bbu<\/span><\/strong><span style=\"font-family: Arial, sans-serif;\">: vasaras riepas, kas ir ra\u017eotas \u0136\u012bn\u0101, var b\u016bt apz\u012bm\u0113tas ar apz\u012bm\u0113jumu M+S. J\u0101\u0146em ver\u0101, ka \u0136\u012bnas teritorija sniedzas da\u017e\u0101d\u0101s klimatiskaj\u0101s zon\u0101s, kur da\u017eviet metereolo\u0123isk\u0101 ziema t\u0101 ar\u012b neiest\u0101jas. L\u012bdz ar to, tur \u0161\u012bs riepas var izmantot visu gadu, kam\u0113r <\/span><strong><span style=\"color: #ff0000;\"><span style=\"font-family: Arial, sans-serif;\">Latvij\u0101 tas nestr\u0101d\u0101<\/span><\/span><\/strong><span style=\"font-family: Arial, sans-serif;\">!<\/span><\/p>\n","protected":false},"excerpt":{"rendered":"<p class=\"western\"><strong><span style=\"font-family: Arial, sans-serif;\">Maxxis<\/span><\/strong><span style=\"font-family: Arial, sans-serif;\"><span> <\/span><\/span><strong><span style=\"font-family: Arial, sans-serif;\"><span>Victra Sport 5 VS5<\/span><\/span><\/strong><span style=\"font-family: Arial, sans-serif;\"> &#8211; \u012bpa\u0161i augstas veiktsp\u0113jas kategorijas modeli ar \u201cmodernu\u201d protektora dizainu. Papildus \u0101r\u0113jai pievilc\u012bbai modeli raksturo iztur\u012bba un vad\u0101m\u012bba liel\u0101 \u0101trum\u0101 un vienm\u0113r\u012bga brauk\u0161ana ar\u012b uz nel\u012bdzeniem ce\u013ciem.<\/span><\/p>\n","protected":false},"featured_media":1183514,"template":"","meta":{"_acf_changed":false,"ngg_post_thumbnail":0},"product_brand":[],"product_cat":[46],"product_tag":[],"class_list":{"0":"post-283726","1":"product","2":"type-product","3":"status-publish","4":"has-post-thumbnail","6":"product_cat-vasaras-riepas","8":"first","9":"instock","10":"sale","11":"taxable","12":"shipping-taxable","13":"purchasable","14":"product-type-simple"},"acf":[],"yoast_head":"<!-- This site is optimized with the Yoast SEO Premium plugin v22.6 (Yoast SEO v27.3) - https:\/\/yoast.com\/product\/yoast-seo-premium-wordpress\/ -->\n<title>225\/40R19 Maxxis Victra Sport 5 VS5 93Y XL &#8226; MMK Riepas<\/title>\n<meta name=\"robots\" content=\"index, follow, max-snippet:-1, max-image-preview:large, max-video-preview:-1\" \/>\n<link rel=\"canonical\" href=\"https:\/\/mmkriepas.lv\/en\/p\/225-40r19-maxxis-victra-sport-vs5-93y-xl\/\" \/>\n<meta property=\"og:locale\" content=\"en_US\" \/>\n<meta property=\"og:type\" content=\"article\" \/>\n<meta property=\"og:title\" content=\"225\/40R19 Maxxis Victra Sport 5 VS5 93Y XL\" \/>\n<meta property=\"og:description\" content=\"Maxxis Victra Sport 5 VS5 - \u012bpa\u0161i augstas veiktsp\u0113jas kategorijas modeli ar \u201cmodernu\u201d protektora dizainu. Papildus \u0101r\u0113jai pievilc\u012bbai modeli raksturo iztur\u012bba un vad\u0101m\u012bba liel\u0101 \u0101trum\u0101 un vienm\u0113r\u012bga brauk\u0161ana ar\u012b uz nel\u012bdzeniem ce\u013ciem.\" \/>\n<meta property=\"og:url\" content=\"https:\/\/mmkriepas.lv\/en\/p\/225-40r19-maxxis-victra-sport-vs5-93y-xl\/\" \/>\n<meta property=\"og:site_name\" content=\"MMK Riepas\" \/>\n<meta property=\"article:publisher\" content=\"https:\/\/www.facebook.com\/mmkserviss\/\" \/>\n<meta property=\"article:modified_time\" content=\"2026-03-27T09:56:51+00:00\" \/>\n<meta property=\"og:image\" content=\"https:\/\/mmkriepas.lv\/wp-content\/uploads\/2025\/02\/23545r18-maxxis-victra-sport-5-vs5-98y-xl-dot22-vasaras-riepas.jpg\" \/>\n\t<meta property=\"og:image:width\" content=\"900\" \/>\n\t<meta property=\"og:image:height\" content=\"720\" \/>\n\t<meta property=\"og:image:type\" content=\"image\/jpeg\" \/>\n<meta name=\"twitter:card\" content=\"summary_large_image\" \/>\n<meta name=\"twitter:label1\" content=\"Price\" \/>\n\t<meta name=\"twitter:data1\" content=\"&euro;103.00\" \/>\n\t<meta name=\"twitter:label2\" content=\"Availability\" \/>\n\t<meta name=\"twitter:data2\" content=\"In stock\" \/>\n<script type=\"application\/ld+json\" class=\"yoast-schema-graph\">{\"@context\":\"https:\\\/\\\/schema.org\",\"@graph\":[{\"@type\":\"WebPage\",\"@id\":\"https:\\\/\\\/mmkriepas.lv\\\/en\\\/p\\\/225-40r19-maxxis-victra-sport-vs5-93y-xl\\\/\",\"url\":\"https:\\\/\\\/mmkriepas.lv\\\/en\\\/p\\\/225-40r19-maxxis-victra-sport-vs5-93y-xl\\\/\",\"name\":\"225\\\/40R19 Maxxis Victra Sport 5 VS5 93Y XL &#8226; MMK Riepas\",\"isPartOf\":{\"@id\":\"https:\\\/\\\/mmkriepas.lv\\\/en\\\/#website\"},\"primaryImageOfPage\":{\"@id\":\"https:\\\/\\\/mmkriepas.lv\\\/en\\\/p\\\/225-40r19-maxxis-victra-sport-vs5-93y-xl\\\/#primaryimage\"},\"image\":{\"@id\":\"https:\\\/\\\/mmkriepas.lv\\\/en\\\/p\\\/225-40r19-maxxis-victra-sport-vs5-93y-xl\\\/#primaryimage\"},\"thumbnailUrl\":\"https:\\\/\\\/mmkriepas.lv\\\/wp-content\\\/uploads\\\/2025\\\/02\\\/23545r18-maxxis-victra-sport-5-vs5-98y-xl-dot22-vasaras-riepas.jpg\",\"datePublished\":\"2022-08-15T23:38:21+00:00\",\"dateModified\":\"2026-03-27T09:56:51+00:00\",\"breadcrumb\":{\"@id\":\"https:\\\/\\\/mmkriepas.lv\\\/en\\\/p\\\/225-40r19-maxxis-victra-sport-vs5-93y-xl\\\/#breadcrumb\"},\"inLanguage\":\"en-US\",\"potentialAction\":[{\"@type\":\"ReadAction\",\"target\":[\"https:\\\/\\\/mmkriepas.lv\\\/en\\\/p\\\/225-40r19-maxxis-victra-sport-vs5-93y-xl\\\/\"]}]},{\"@type\":\"ImageObject\",\"inLanguage\":\"en-US\",\"@id\":\"https:\\\/\\\/mmkriepas.lv\\\/en\\\/p\\\/225-40r19-maxxis-victra-sport-vs5-93y-xl\\\/#primaryimage\",\"url\":\"https:\\\/\\\/mmkriepas.lv\\\/wp-content\\\/uploads\\\/2025\\\/02\\\/23545r18-maxxis-victra-sport-5-vs5-98y-xl-dot22-vasaras-riepas.jpg\",\"contentUrl\":\"https:\\\/\\\/mmkriepas.lv\\\/wp-content\\\/uploads\\\/2025\\\/02\\\/23545r18-maxxis-victra-sport-5-vs5-98y-xl-dot22-vasaras-riepas.jpg\",\"width\":900,\"height\":720,\"caption\":\"MAIN\"},{\"@type\":\"BreadcrumbList\",\"@id\":\"https:\\\/\\\/mmkriepas.lv\\\/en\\\/p\\\/225-40r19-maxxis-victra-sport-vs5-93y-xl\\\/#breadcrumb\",\"itemListElement\":[{\"@type\":\"ListItem\",\"position\":1,\"name\":\"S\u0101kums\",\"item\":\"https:\\\/\\\/mmkriepas.lv\\\/en\\\/\"},{\"@type\":\"ListItem\",\"position\":2,\"name\":\"225\\\/40R19 Maxxis Victra Sport 5 VS5 93Y XL\"}]},{\"@type\":\"WebSite\",\"@id\":\"https:\\\/\\\/mmkriepas.lv\\\/en\\\/#website\",\"url\":\"https:\\\/\\\/mmkriepas.lv\\\/en\\\/\",\"name\":\"MMK Riepas\",\"description\":\"MMK Riepas\",\"alternateName\":\"MMK Riepu Serviss\",\"potentialAction\":[{\"@type\":\"SearchAction\",\"target\":{\"@type\":\"EntryPoint\",\"urlTemplate\":\"https:\\\/\\\/mmkriepas.lv\\\/en\\\/?s={search_term_string}\"},\"query-input\":{\"@type\":\"PropertyValueSpecification\",\"valueRequired\":true,\"valueName\":\"search_term_string\"}}],\"inLanguage\":\"en-US\"},{\"@type\":\"ImageObject\",\"inLanguage\":\"en-US\",\"@id\":\"https:\\\/\\\/mmkriepas.lv\\\/en\\\/p\\\/225-40r19-maxxis-victra-sport-vs5-93y-xl\\\/#local-main-organization-logo\",\"url\":\"\",\"contentUrl\":\"\",\"caption\":\"MMK Riepas\"}]}<\/script>\n<meta property=\"product:brand\" content=\"Maxxis Victra Sport 5 VS5\" \/>\n<meta property=\"product:price:amount\" content=\"103.00\" \/>\n<meta property=\"product:price:currency\" content=\"EUR\" \/>\n<meta property=\"og:availability\" content=\"instock\" \/>\n<meta property=\"product:availability\" content=\"instock\" \/>\n<meta property=\"product:retailer_item_id\" content=\"TS2254019MAXXI-L3913\" \/>\n<meta property=\"product:condition\" content=\"new\" \/>\n<!-- \/ Yoast SEO Premium plugin. -->","yoast_head_json":{"title":"225\/40R19 Maxxis Victra Sport 5 VS5 93Y XL &#8226; MMK Riepas","robots":{"index":"index","follow":"follow","max-snippet":"max-snippet:-1","max-image-preview":"max-image-preview:large","max-video-preview":"max-video-preview:-1"},"canonical":"https:\/\/mmkriepas.lv\/en\/p\/225-40r19-maxxis-victra-sport-vs5-93y-xl\/","og_locale":"en_US","og_type":"article","og_title":"225\/40R19 Maxxis Victra Sport 5 VS5 93Y XL","og_description":"Maxxis Victra Sport 5 VS5 - \u012bpa\u0161i augstas veiktsp\u0113jas kategorijas modeli ar \u201cmodernu\u201d protektora dizainu. Papildus \u0101r\u0113jai pievilc\u012bbai modeli raksturo iztur\u012bba un vad\u0101m\u012bba liel\u0101 \u0101trum\u0101 un vienm\u0113r\u012bga brauk\u0161ana ar\u012b uz nel\u012bdzeniem ce\u013ciem.","og_url":"https:\/\/mmkriepas.lv\/en\/p\/225-40r19-maxxis-victra-sport-vs5-93y-xl\/","og_site_name":"MMK Riepas","article_publisher":"https:\/\/www.facebook.com\/mmkserviss\/","article_modified_time":"2026-03-27T09:56:51+00:00","og_image":[{"width":900,"height":720,"url":"https:\/\/mmkriepas.lv\/wp-content\/uploads\/2025\/02\/23545r18-maxxis-victra-sport-5-vs5-98y-xl-dot22-vasaras-riepas.jpg","type":"image\/jpeg"}],"twitter_card":"summary_large_image","twitter_misc":{"Price":"&euro;103.00","Availability":"In stock"},"schema":{"@context":"https:\/\/schema.org","@graph":[{"@type":"WebPage","@id":"https:\/\/mmkriepas.lv\/en\/p\/225-40r19-maxxis-victra-sport-vs5-93y-xl\/","url":"https:\/\/mmkriepas.lv\/en\/p\/225-40r19-maxxis-victra-sport-vs5-93y-xl\/","name":"225\/40R19 Maxxis Victra Sport 5 VS5 93Y XL &#8226; MMK Riepas","isPartOf":{"@id":"https:\/\/mmkriepas.lv\/en\/#website"},"primaryImageOfPage":{"@id":"https:\/\/mmkriepas.lv\/en\/p\/225-40r19-maxxis-victra-sport-vs5-93y-xl\/#primaryimage"},"image":{"@id":"https:\/\/mmkriepas.lv\/en\/p\/225-40r19-maxxis-victra-sport-vs5-93y-xl\/#primaryimage"},"thumbnailUrl":"https:\/\/mmkriepas.lv\/wp-content\/uploads\/2025\/02\/23545r18-maxxis-victra-sport-5-vs5-98y-xl-dot22-vasaras-riepas.jpg","datePublished":"2022-08-15T23:38:21+00:00","dateModified":"2026-03-27T09:56:51+00:00","breadcrumb":{"@id":"https:\/\/mmkriepas.lv\/en\/p\/225-40r19-maxxis-victra-sport-vs5-93y-xl\/#breadcrumb"},"inLanguage":"en-US","potentialAction":[{"@type":"ReadAction","target":["https:\/\/mmkriepas.lv\/en\/p\/225-40r19-maxxis-victra-sport-vs5-93y-xl\/"]}]},{"@type":"ImageObject","inLanguage":"en-US","@id":"https:\/\/mmkriepas.lv\/en\/p\/225-40r19-maxxis-victra-sport-vs5-93y-xl\/#primaryimage","url":"https:\/\/mmkriepas.lv\/wp-content\/uploads\/2025\/02\/23545r18-maxxis-victra-sport-5-vs5-98y-xl-dot22-vasaras-riepas.jpg","contentUrl":"https:\/\/mmkriepas.lv\/wp-content\/uploads\/2025\/02\/23545r18-maxxis-victra-sport-5-vs5-98y-xl-dot22-vasaras-riepas.jpg","width":900,"height":720,"caption":"MAIN"},{"@type":"BreadcrumbList","@id":"https:\/\/mmkriepas.lv\/en\/p\/225-40r19-maxxis-victra-sport-vs5-93y-xl\/#breadcrumb","itemListElement":[{"@type":"ListItem","position":1,"name":"S\u0101kums","item":"https:\/\/mmkriepas.lv\/en\/"},{"@type":"ListItem","position":2,"name":"225\/40R19 Maxxis Victra Sport 5 VS5 93Y XL"}]},{"@type":"WebSite","@id":"https:\/\/mmkriepas.lv\/en\/#website","url":"https:\/\/mmkriepas.lv\/en\/","name":"MMK Riepas","description":"MMK Riepas","alternateName":"MMK Riepu Serviss","potentialAction":[{"@type":"SearchAction","target":{"@type":"EntryPoint","urlTemplate":"https:\/\/mmkriepas.lv\/en\/?s={search_term_string}"},"query-input":{"@type":"PropertyValueSpecification","valueRequired":true,"valueName":"search_term_string"}}],"inLanguage":"en-US"},{"@type":"ImageObject","inLanguage":"en-US","@id":"https:\/\/mmkriepas.lv\/en\/p\/225-40r19-maxxis-victra-sport-vs5-93y-xl\/#local-main-organization-logo","url":"","contentUrl":"","caption":"MMK Riepas"}]},"product_brand":"Maxxis Victra Sport 5 VS5","product_price_amount":"103.00","product_price_currency":"EUR","og_availability":"instock","product_availability":"instock","product_retailer_item_id":"TS2254019MAXXI-L3913","product_condition":"new"},"_links":{"self":[{"href":"https:\/\/mmkriepas.lv\/en\/wp-json\/wp\/v2\/product\/283726","targetHints":{"allow":["GET"]}}],"collection":[{"href":"https:\/\/mmkriepas.lv\/en\/wp-json\/wp\/v2\/product"}],"about":[{"href":"https:\/\/mmkriepas.lv\/en\/wp-json\/wp\/v2\/types\/product"}],"wp:featuredmedia":[{"embeddable":true,"href":"https:\/\/mmkriepas.lv\/en\/wp-json\/wp\/v2\/media\/1183514"}],"wp:attachment":[{"href":"https:\/\/mmkriepas.lv\/en\/wp-json\/wp\/v2\/media?parent=283726"}],"wp:term":[{"taxonomy":"product_brand","embeddable":true,"href":"https:\/\/mmkriepas.lv\/en\/wp-json\/wp\/v2\/product_brand?post=283726"},{"taxonomy":"product_cat","embeddable":true,"href":"https:\/\/mmkriepas.lv\/en\/wp-json\/wp\/v2\/product_cat?post=283726"},{"taxonomy":"product_tag","embeddable":true,"href":"https:\/\/mmkriepas.lv\/en\/wp-json\/wp\/v2\/product_tag?post=283726"}],"curies":[{"name":"wp","href":"https:\/\/api.w.org\/{rel}","templated":true}]}}