{"id":283486,"date":"2022-08-16T02:27:37","date_gmt":"2022-08-15T23:27:37","guid":{"rendered":"https:\/\/mmkserviss.lv\/?post_type=product&#038;p=283486"},"modified":"2024-08-06T14:43:08","modified_gmt":"2024-08-06T11:43:08","slug":"255-40r18-roadmarch-prime-uhp-08-99w-xl","status":"publish","type":"product","link":"https:\/\/mmkriepas.lv\/en\/p\/255-40r18-roadmarch-prime-uhp-08-99w-xl\/","title":{"rendered":"255\/40R18 Roadmarch Prime UHP 08 99W XL"},"content":{"rendered":"<p><b>Roadmarch Prime UHP 08<\/b><span style=\"font-weight: 400;\"> ir augstas veiktsp\u0113jas vasaras riepu modelis, kas izce\u013cas ar neticami labu cenas un veiktsp\u0113jas attiec\u012bbu. Prime UHP izstr\u0101d\u0113 pielietota virkne tehnolo\u0123isku risin\u0101jumu, kas padara braucienu komfortablu un dro\u0161u pat lielos brauk\u0161anas \u0101trumos.<\/span><\/p>\n<h3><b>Roadmarch Prime UHP 08 galven\u0101s iez\u012bmes<\/b><\/h3>\n<p><span style=\"font-weight: 400;\">+ Asimetrisks protektora raksts;<\/span><\/p>\n<p><span style=\"font-weight: 400;\">+ Uzlabots gumijas sast\u0101vs;<\/span><\/p>\n<p><span style=\"font-weight: 400;\">+ Palielin\u0101ts akustiskais komforts;<\/span><\/p>\n<p><span style=\"font-weight: 400;\">+ Degvielas ekonomija;<\/span><\/p>\n<p><span style=\"font-weight: 400;\">+ Paaugstin\u0101ta nodilumiztur\u012bba,<\/span><\/p>\n<p><span style=\"font-weight: 400;\">+ Pazemin\u0101ts akvaplan\u0113\u0161anas risks.<\/span><\/p>\n<h3><b>Prime UHP 08 apr\u012bkojums<\/b><\/h3>\n<p><span style=\"font-weight: 400;\">\u0160is vasaras riepu modelis apr\u012bkots ar asimetrisko protektora rakstu, kas b\u016btiski uzlabo veiktsp\u0113ju uz slapja seguma, k\u0101 ar\u012b samazina akvaplan\u0113\u0161anas risku.<\/span> <span style=\"font-weight: 400;\">Protektora bloku virknes veidotas no uzlabota gumijas sakaus\u0113juma, kam pievienoti ska\u0146u absorb\u0113jo\u0161i elementi un elastrom\u0113ri. \u0160is riepu modelis ir gan kluss, gan ar\u012b nodilumiztur\u012bgs.<\/span> \u0160\u012bs vasaras riepas b\u016bs lieliska izv\u0113le tiem, kas v\u0113las augstas veiktsp\u0113jas riepas par zemu cenu!<\/p>\n<p><span style=\"font-weight: 400;\">*Uzman\u012bbu:<\/span><span style=\"font-weight: 400;\"> vasaras riepas, kas ir ra\u017eotas \u0136\u012bn\u0101, var b\u016bt apz\u012bm\u0113tas ar apz\u012bm\u0113jumu M + S. J\u0101\u0146em ver\u0101, ka \u0136\u012bnas teritorija sniedzas da\u017e\u0101d\u0101s klimatiskaj\u0101s zon\u0101s, kur da\u017eviet metereolo\u0123isk\u0101 ziema t\u0101 ar\u012b neiest\u0101jas. L\u012bdz ar to, tur \u0161\u012bs riepas var izmantot visu gadu, kam\u0113r Latvij\u0101 tas nestr\u0101d\u0101!<\/span><\/p>\n<p><span style=\"font-weight: 400;\"><\/span><b>Roadmarch Prime UHP 08 &#8211; <\/b><span style=\"font-weight: 400;\">augstas veiktsp\u0113jas vasaras riepas ar lielisku cenas\/kvalit\u0101tes attiec\u012bbu. Pieejams abos MMK Riepu Centros par vislab\u0101kaj\u0101m cen\u0101m!<\/span><\/p>\n","protected":false},"excerpt":{"rendered":"<p><b>Roadmarch Prime UHP 08<\/b><span style=\"font-weight: 400;\"> ir augstas veiktsp\u0113jas vasaras riepu modelis, kas izce\u013cas ar neticami labu cenas un veiktsp\u0113jas attiec\u012bbu. Prime UHP izstr\u0101d\u0113 pielietota virkne tehnolo\u0123isku risin\u0101jumu, kas padara braucienu komfortablu un dro\u0161u pat lielos brauk\u0161anas \u0101trumos.<\/span><\/p>\n","protected":false},"featured_media":174636,"template":"","meta":{"_acf_changed":false,"ngg_post_thumbnail":0},"product_brand":[],"product_cat":[46],"product_tag":[],"class_list":{"0":"post-283486","1":"product","2":"type-product","3":"status-publish","4":"has-post-thumbnail","6":"product_cat-vasaras-riepas","8":"first","9":"instock","10":"taxable","11":"shipping-taxable","12":"product-type-simple"},"acf":[],"yoast_head":"<!-- This site is optimized with the Yoast SEO Premium plugin v22.6 (Yoast SEO v27.3) - https:\/\/yoast.com\/product\/yoast-seo-premium-wordpress\/ -->\n<title>255\/40R18 Roadmarch Prime UHP 08 99W XL &#8226; MMK Riepas<\/title>\n<meta name=\"description\" content=\"Roadmarch Prime UHP 08 - augstas veiktsp\u0113jas vasaras riepas ar lielisku cenas\/kvalit\u0101tes attiec\u012bbu. Pieejams MMK Centros par lab\u0101kaj\u0101m cen\u0101m.\" \/>\n<meta name=\"robots\" content=\"index, follow, max-snippet:-1, max-image-preview:large, max-video-preview:-1\" \/>\n<link rel=\"canonical\" href=\"https:\/\/mmkriepas.lv\/en\/p\/255-40r18-roadmarch-prime-uhp-08-99w-xl\/\" \/>\n<meta property=\"og:locale\" content=\"en_US\" \/>\n<meta property=\"og:type\" content=\"article\" \/>\n<meta property=\"og:title\" content=\"255\/40R18 Roadmarch Prime UHP 08 99W XL\" \/>\n<meta property=\"og:description\" content=\"Roadmarch Prime UHP 08 - augstas veiktsp\u0113jas vasaras riepas ar lielisku cenas\/kvalit\u0101tes attiec\u012bbu. Pieejams MMK Centros par lab\u0101kaj\u0101m cen\u0101m.\" \/>\n<meta property=\"og:url\" content=\"https:\/\/mmkriepas.lv\/en\/p\/255-40r18-roadmarch-prime-uhp-08-99w-xl\/\" \/>\n<meta property=\"og:site_name\" content=\"MMK Riepas\" \/>\n<meta property=\"article:publisher\" content=\"https:\/\/www.facebook.com\/mmkserviss\/\" \/>\n<meta property=\"article:modified_time\" content=\"2024-08-06T11:43:08+00:00\" \/>\n<meta property=\"og:image\" content=\"https:\/\/mmkriepas.lv\/wp-content\/uploads\/2021\/03\/25555r18-roadmarch-prime-uhp-08-109v-xl-vasaras-riepas-5.jpeg\" \/>\n\t<meta property=\"og:image:width\" content=\"1600\" \/>\n\t<meta property=\"og:image:height\" content=\"1064\" \/>\n\t<meta property=\"og:image:type\" content=\"image\/jpeg\" \/>\n<meta name=\"twitter:card\" content=\"summary_large_image\" \/>\n<meta name=\"twitter:label1\" content=\"Price\" \/>\n\t<meta name=\"twitter:data1\" content=\"&euro;67.00\" \/>\n\t<meta name=\"twitter:label2\" content=\"Availability\" \/>\n\t<meta name=\"twitter:data2\" content=\"In stock\" \/>\n<script type=\"application\/ld+json\" class=\"yoast-schema-graph\">{\"@context\":\"https:\\\/\\\/schema.org\",\"@graph\":[{\"@type\":\"WebPage\",\"@id\":\"https:\\\/\\\/mmkriepas.lv\\\/en\\\/p\\\/255-40r18-roadmarch-prime-uhp-08-99w-xl\\\/\",\"url\":\"https:\\\/\\\/mmkriepas.lv\\\/en\\\/p\\\/255-40r18-roadmarch-prime-uhp-08-99w-xl\\\/\",\"name\":\"255\\\/40R18 Roadmarch Prime UHP 08 99W XL &#8226; MMK Riepas\",\"isPartOf\":{\"@id\":\"https:\\\/\\\/mmkriepas.lv\\\/en\\\/#website\"},\"primaryImageOfPage\":{\"@id\":\"https:\\\/\\\/mmkriepas.lv\\\/en\\\/p\\\/255-40r18-roadmarch-prime-uhp-08-99w-xl\\\/#primaryimage\"},\"image\":{\"@id\":\"https:\\\/\\\/mmkriepas.lv\\\/en\\\/p\\\/255-40r18-roadmarch-prime-uhp-08-99w-xl\\\/#primaryimage\"},\"thumbnailUrl\":\"https:\\\/\\\/mmkriepas.lv\\\/wp-content\\\/uploads\\\/2021\\\/03\\\/25555r18-roadmarch-prime-uhp-08-109v-xl-vasaras-riepas-5.jpeg\",\"datePublished\":\"2022-08-15T23:27:37+00:00\",\"dateModified\":\"2024-08-06T11:43:08+00:00\",\"description\":\"Roadmarch Prime UHP 08 - augstas veiktsp\u0113jas vasaras riepas ar lielisku cenas\\\/kvalit\u0101tes attiec\u012bbu. Pieejams MMK Centros par lab\u0101kaj\u0101m cen\u0101m.\",\"breadcrumb\":{\"@id\":\"https:\\\/\\\/mmkriepas.lv\\\/en\\\/p\\\/255-40r18-roadmarch-prime-uhp-08-99w-xl\\\/#breadcrumb\"},\"inLanguage\":\"en-US\",\"potentialAction\":[{\"@type\":\"ReadAction\",\"target\":[\"https:\\\/\\\/mmkriepas.lv\\\/en\\\/p\\\/255-40r18-roadmarch-prime-uhp-08-99w-xl\\\/\"]}]},{\"@type\":\"ImageObject\",\"inLanguage\":\"en-US\",\"@id\":\"https:\\\/\\\/mmkriepas.lv\\\/en\\\/p\\\/255-40r18-roadmarch-prime-uhp-08-99w-xl\\\/#primaryimage\",\"url\":\"https:\\\/\\\/mmkriepas.lv\\\/wp-content\\\/uploads\\\/2021\\\/03\\\/25555r18-roadmarch-prime-uhp-08-109v-xl-vasaras-riepas-5.jpeg\",\"contentUrl\":\"https:\\\/\\\/mmkriepas.lv\\\/wp-content\\\/uploads\\\/2021\\\/03\\\/25555r18-roadmarch-prime-uhp-08-109v-xl-vasaras-riepas-5.jpeg\",\"width\":1600,\"height\":1064,\"caption\":\"255\\\/55R18 Roadmarch Prime UHP 08 109V XL - Vasaras riepas\"},{\"@type\":\"BreadcrumbList\",\"@id\":\"https:\\\/\\\/mmkriepas.lv\\\/en\\\/p\\\/255-40r18-roadmarch-prime-uhp-08-99w-xl\\\/#breadcrumb\",\"itemListElement\":[{\"@type\":\"ListItem\",\"position\":1,\"name\":\"S\u0101kums\",\"item\":\"https:\\\/\\\/mmkriepas.lv\\\/en\\\/\"},{\"@type\":\"ListItem\",\"position\":2,\"name\":\"255\\\/40R18 Roadmarch Prime UHP 08 99W XL\"}]},{\"@type\":\"WebSite\",\"@id\":\"https:\\\/\\\/mmkriepas.lv\\\/en\\\/#website\",\"url\":\"https:\\\/\\\/mmkriepas.lv\\\/en\\\/\",\"name\":\"MMK Riepas\",\"description\":\"MMK Riepas\",\"alternateName\":\"MMK Riepu Serviss\",\"potentialAction\":[{\"@type\":\"SearchAction\",\"target\":{\"@type\":\"EntryPoint\",\"urlTemplate\":\"https:\\\/\\\/mmkriepas.lv\\\/en\\\/?s={search_term_string}\"},\"query-input\":{\"@type\":\"PropertyValueSpecification\",\"valueRequired\":true,\"valueName\":\"search_term_string\"}}],\"inLanguage\":\"en-US\"},{\"@type\":\"ImageObject\",\"inLanguage\":\"en-US\",\"@id\":\"https:\\\/\\\/mmkriepas.lv\\\/en\\\/p\\\/255-40r18-roadmarch-prime-uhp-08-99w-xl\\\/#local-main-organization-logo\",\"url\":\"\",\"contentUrl\":\"\",\"caption\":\"MMK Riepas\"}]}<\/script>\n<meta property=\"product:brand\" content=\"Roadmarch Prime UHP 08\" \/>\n<meta property=\"product:price:amount\" content=\"67.00\" \/>\n<meta property=\"product:price:currency\" content=\"EUR\" \/>\n<meta property=\"og:availability\" content=\"instock\" \/>\n<meta property=\"product:availability\" content=\"instock\" \/>\n<meta property=\"product:retailer_item_id\" content=\"TS2554018ROADM-L3833\" \/>\n<meta property=\"product:condition\" content=\"new\" \/>\n<!-- \/ Yoast SEO Premium plugin. -->","yoast_head_json":{"title":"255\/40R18 Roadmarch Prime UHP 08 99W XL &#8226; MMK Riepas","description":"Roadmarch Prime UHP 08 - augstas veiktsp\u0113jas vasaras riepas ar lielisku cenas\/kvalit\u0101tes attiec\u012bbu. Pieejams MMK Centros par lab\u0101kaj\u0101m cen\u0101m.","robots":{"index":"index","follow":"follow","max-snippet":"max-snippet:-1","max-image-preview":"max-image-preview:large","max-video-preview":"max-video-preview:-1"},"canonical":"https:\/\/mmkriepas.lv\/en\/p\/255-40r18-roadmarch-prime-uhp-08-99w-xl\/","og_locale":"en_US","og_type":"article","og_title":"255\/40R18 Roadmarch Prime UHP 08 99W XL","og_description":"Roadmarch Prime UHP 08 - augstas veiktsp\u0113jas vasaras riepas ar lielisku cenas\/kvalit\u0101tes attiec\u012bbu. Pieejams MMK Centros par lab\u0101kaj\u0101m cen\u0101m.","og_url":"https:\/\/mmkriepas.lv\/en\/p\/255-40r18-roadmarch-prime-uhp-08-99w-xl\/","og_site_name":"MMK Riepas","article_publisher":"https:\/\/www.facebook.com\/mmkserviss\/","article_modified_time":"2024-08-06T11:43:08+00:00","og_image":[{"width":1600,"height":1064,"url":"https:\/\/mmkriepas.lv\/wp-content\/uploads\/2021\/03\/25555r18-roadmarch-prime-uhp-08-109v-xl-vasaras-riepas-5.jpeg","type":"image\/jpeg"}],"twitter_card":"summary_large_image","twitter_misc":{"Price":"&euro;67.00","Availability":"In stock"},"schema":{"@context":"https:\/\/schema.org","@graph":[{"@type":"WebPage","@id":"https:\/\/mmkriepas.lv\/en\/p\/255-40r18-roadmarch-prime-uhp-08-99w-xl\/","url":"https:\/\/mmkriepas.lv\/en\/p\/255-40r18-roadmarch-prime-uhp-08-99w-xl\/","name":"255\/40R18 Roadmarch Prime UHP 08 99W XL &#8226; MMK Riepas","isPartOf":{"@id":"https:\/\/mmkriepas.lv\/en\/#website"},"primaryImageOfPage":{"@id":"https:\/\/mmkriepas.lv\/en\/p\/255-40r18-roadmarch-prime-uhp-08-99w-xl\/#primaryimage"},"image":{"@id":"https:\/\/mmkriepas.lv\/en\/p\/255-40r18-roadmarch-prime-uhp-08-99w-xl\/#primaryimage"},"thumbnailUrl":"https:\/\/mmkriepas.lv\/wp-content\/uploads\/2021\/03\/25555r18-roadmarch-prime-uhp-08-109v-xl-vasaras-riepas-5.jpeg","datePublished":"2022-08-15T23:27:37+00:00","dateModified":"2024-08-06T11:43:08+00:00","description":"Roadmarch Prime UHP 08 - augstas veiktsp\u0113jas vasaras riepas ar lielisku cenas\/kvalit\u0101tes attiec\u012bbu. Pieejams MMK Centros par lab\u0101kaj\u0101m cen\u0101m.","breadcrumb":{"@id":"https:\/\/mmkriepas.lv\/en\/p\/255-40r18-roadmarch-prime-uhp-08-99w-xl\/#breadcrumb"},"inLanguage":"en-US","potentialAction":[{"@type":"ReadAction","target":["https:\/\/mmkriepas.lv\/en\/p\/255-40r18-roadmarch-prime-uhp-08-99w-xl\/"]}]},{"@type":"ImageObject","inLanguage":"en-US","@id":"https:\/\/mmkriepas.lv\/en\/p\/255-40r18-roadmarch-prime-uhp-08-99w-xl\/#primaryimage","url":"https:\/\/mmkriepas.lv\/wp-content\/uploads\/2021\/03\/25555r18-roadmarch-prime-uhp-08-109v-xl-vasaras-riepas-5.jpeg","contentUrl":"https:\/\/mmkriepas.lv\/wp-content\/uploads\/2021\/03\/25555r18-roadmarch-prime-uhp-08-109v-xl-vasaras-riepas-5.jpeg","width":1600,"height":1064,"caption":"255\/55R18 Roadmarch Prime UHP 08 109V XL - Vasaras riepas"},{"@type":"BreadcrumbList","@id":"https:\/\/mmkriepas.lv\/en\/p\/255-40r18-roadmarch-prime-uhp-08-99w-xl\/#breadcrumb","itemListElement":[{"@type":"ListItem","position":1,"name":"S\u0101kums","item":"https:\/\/mmkriepas.lv\/en\/"},{"@type":"ListItem","position":2,"name":"255\/40R18 Roadmarch Prime UHP 08 99W XL"}]},{"@type":"WebSite","@id":"https:\/\/mmkriepas.lv\/en\/#website","url":"https:\/\/mmkriepas.lv\/en\/","name":"MMK Riepas","description":"MMK Riepas","alternateName":"MMK Riepu Serviss","potentialAction":[{"@type":"SearchAction","target":{"@type":"EntryPoint","urlTemplate":"https:\/\/mmkriepas.lv\/en\/?s={search_term_string}"},"query-input":{"@type":"PropertyValueSpecification","valueRequired":true,"valueName":"search_term_string"}}],"inLanguage":"en-US"},{"@type":"ImageObject","inLanguage":"en-US","@id":"https:\/\/mmkriepas.lv\/en\/p\/255-40r18-roadmarch-prime-uhp-08-99w-xl\/#local-main-organization-logo","url":"","contentUrl":"","caption":"MMK Riepas"}]},"product_brand":"Roadmarch Prime UHP 08","product_price_amount":"67.00","product_price_currency":"EUR","og_availability":"instock","product_availability":"instock","product_retailer_item_id":"TS2554018ROADM-L3833","product_condition":"new"},"_links":{"self":[{"href":"https:\/\/mmkriepas.lv\/en\/wp-json\/wp\/v2\/product\/283486","targetHints":{"allow":["GET"]}}],"collection":[{"href":"https:\/\/mmkriepas.lv\/en\/wp-json\/wp\/v2\/product"}],"about":[{"href":"https:\/\/mmkriepas.lv\/en\/wp-json\/wp\/v2\/types\/product"}],"wp:featuredmedia":[{"embeddable":true,"href":"https:\/\/mmkriepas.lv\/en\/wp-json\/wp\/v2\/media\/174636"}],"wp:attachment":[{"href":"https:\/\/mmkriepas.lv\/en\/wp-json\/wp\/v2\/media?parent=283486"}],"wp:term":[{"taxonomy":"product_brand","embeddable":true,"href":"https:\/\/mmkriepas.lv\/en\/wp-json\/wp\/v2\/product_brand?post=283486"},{"taxonomy":"product_cat","embeddable":true,"href":"https:\/\/mmkriepas.lv\/en\/wp-json\/wp\/v2\/product_cat?post=283486"},{"taxonomy":"product_tag","embeddable":true,"href":"https:\/\/mmkriepas.lv\/en\/wp-json\/wp\/v2\/product_tag?post=283486"}],"curies":[{"name":"wp","href":"https:\/\/api.w.org\/{rel}","templated":true}]}}