{"id":283391,"date":"2022-08-16T02:23:19","date_gmt":"2022-08-15T23:23:19","guid":{"rendered":"https:\/\/mmkserviss.lv\/?post_type=product&#038;p=283391"},"modified":"2025-05-07T12:28:12","modified_gmt":"2025-05-07T09:28:12","slug":"245-45r18-goodyear-efficientgrip-96y-runflat","status":"publish","type":"product","link":"https:\/\/mmkriepas.lv\/en\/p\/245-45r18-goodyear-efficientgrip-96y-runflat\/","title":{"rendered":"245\/45R18 Goodyear EfficientGrip 96Y (*) RunFlat"},"content":{"rendered":"<h2>Vasaras riepas Goodyear Efficient Grip Preformance<\/h2>\n<p>\u00a0 Riepu ra\u017eot\u0101js un modelis:<b>\u00a0Goodyear Efficient Grip Performance<\/b> Pieejami vairak ka 20\u00a0izm\u0113ri! <strong>MMK Serviss nov\u0113rt\u0113jums:<\/strong>\u00a0 &#8221;<em>Premium klase. Vienas no lab\u0101kaj\u0101m vasaras riep\u0101m pasaul\u0113. \u013boti augsta veiktsp\u0113ja. Top kvalit\u0101te\u201d.<\/em> MMK Serviss pied\u0101v\u0101 augst\u0101kas jeb premium klases riepas Goodyear. \u00a0Goodyear ir viens no liel\u0101kajiem riepu ra\u017eot\u0101jiem pasaul\u0113. Jaun\u0101kas tehnolo\u0123ijas, ra\u017eotas ar pa\u0161\u0101m modern\u0101kaj\u0101 iek\u0101rt\u0101m. Riepas test\u0113 savos testa poligonos. Daudzi riepu mode\u013ci ierindojas presti\u017e\u0101ko riepu testu topu priek\u0161gal\u0101. Pier\u0101d\u012bjis sevi gan starp auto moto sporta komand\u0101m, autoindustrij\u0101, gan ikdien\u0101. Liela da\u013ca Pasaules premium klases automa\u0161\u012bnas no r\u016bpn\u012bc\u0101m izripo tie\u0161i ar Goodyear riep\u0101m. Kvalit\u0101te &#8211; Teicama. <strong><b>Goodyear Efficient Grip Performance\u00a0<\/b>\u012bpa\u0161\u012bbas:<\/strong> + ener\u0123iju taupo\u0161as vasaras riepas\u00a0ar \u013coti augstu veiksp\u0113ju + augsti nov\u0113rt\u0113jumi presti\u017eos riepu testos + \u013coti zems degvielas pat\u0113ri\u0146\u0161 +\u00a0\u013coti labi r\u0101d\u012bt\u0101ji bremz\u0113\u0161an\u0101 uz mitra seguma + \u013coti klusas riepas + dro\u0161a brauk\u0161ana liel\u0101 \u0101trum\u0101 + augsta notur\u012bba pret akvaplan\u0113\u0161anu + uzlabots gumijas sast\u0101vs, noz\u012bm\u0113 liel\u0101ku nobraukumu +\u00a0\u0123eometriski \u013coti prec\u012bza riepa + dinamiska un dro\u0161a vad\u0101m\u012bb\u0101 gan uz sausa, gan mitra seguma + prec\u012bza reakcija uz st\u016bres kust\u012bb\u0101m + stabilit\u0101te pagriezienos un braucot pa nel\u012bdzenu ce\u013ca segumu + garantija<ins class=\"copy_element\"> <\/ins> <strong>MMK Serviss rekomend\u0113:<\/strong><em>\u00a0&#8221;Pasaules l\u012bme\u0146a riepas, ekonomiskas, augst\u0101k\u0101 kvalit\u0101te par atbilsto\u0161u cenu&#8221;.<\/em><\/p>\n","protected":false},"excerpt":{"rendered":"<p>Vasaras riepas Goodyear Efficient Grip Preformance \u00a0 Riepu ra\u017eot\u0101js un modelis:\u00a0Goodyear Efficient Grip Performance Pieejami vairak ka 20\u00a0izm\u0113ri! MMK Serviss nov\u0113rt\u0113jums:\u00a0 &#8221;Premium klase. Vienas no lab\u0101kaj\u0101m vasaras riep\u0101m pasaul\u0113. \u013boti<\/p>\n","protected":false},"featured_media":283390,"template":"","meta":{"_acf_changed":false,"ngg_post_thumbnail":0},"product_brand":[],"product_cat":[46],"product_tag":[],"class_list":{"0":"post-283391","1":"product","2":"type-product","3":"status-publish","4":"has-post-thumbnail","6":"product_cat-vasaras-riepas","8":"first","9":"instock","10":"taxable","11":"shipping-taxable","12":"product-type-simple"},"acf":[],"yoast_head":"<!-- This site is optimized with the Yoast SEO Premium plugin v22.6 (Yoast SEO v27.3) - https:\/\/yoast.com\/product\/yoast-seo-premium-wordpress\/ -->\n<title>245\/45R18 Goodyear EfficientGrip 96Y (*) RunFlat &#8226; MMK Riepas<\/title>\n<meta name=\"robots\" content=\"index, follow, max-snippet:-1, max-image-preview:large, max-video-preview:-1\" \/>\n<link rel=\"canonical\" href=\"https:\/\/mmkriepas.lv\/en\/p\/245-45r18-goodyear-efficientgrip-96y-runflat\/\" \/>\n<meta property=\"og:locale\" content=\"en_US\" \/>\n<meta property=\"og:type\" content=\"article\" \/>\n<meta property=\"og:title\" content=\"245\/45R18 Goodyear EfficientGrip 96Y (*) RunFlat\" \/>\n<meta property=\"og:description\" content=\"Vasaras riepas Goodyear Efficient Grip Preformance \u00a0 Riepu ra\u017eot\u0101js un modelis:\u00a0Goodyear Efficient Grip Performance Pieejami vairak ka 20\u00a0izm\u0113ri! MMK Serviss nov\u0113rt\u0113jums:\u00a0 &#8221;Premium klase. Vienas no lab\u0101kaj\u0101m vasaras riep\u0101m pasaul\u0113. \u013boti\" \/>\n<meta property=\"og:url\" content=\"https:\/\/mmkriepas.lv\/en\/p\/245-45r18-goodyear-efficientgrip-96y-runflat\/\" \/>\n<meta property=\"og:site_name\" content=\"MMK Riepas\" \/>\n<meta property=\"article:publisher\" content=\"https:\/\/www.facebook.com\/mmkserviss\/\" \/>\n<meta property=\"article:modified_time\" content=\"2025-05-07T09:28:12+00:00\" \/>\n<meta property=\"og:image\" content=\"https:\/\/mmkriepas.lv\/wp-content\/uploads\/2022\/08\/24545r18-goodyear-efficientgrip-96y-runflat-vasaras-riepas.jpg\" \/>\n\t<meta property=\"og:image:width\" content=\"600\" \/>\n\t<meta property=\"og:image:height\" content=\"600\" \/>\n\t<meta property=\"og:image:type\" content=\"image\/jpeg\" \/>\n<meta name=\"twitter:card\" content=\"summary_large_image\" \/>\n<meta name=\"twitter:label1\" content=\"Price\" \/>\n\t<meta name=\"twitter:data1\" content=\"&euro;177.00\" \/>\n\t<meta name=\"twitter:label2\" content=\"Availability\" \/>\n\t<meta name=\"twitter:data2\" content=\"In stock\" \/>\n<script type=\"application\/ld+json\" class=\"yoast-schema-graph\">{\"@context\":\"https:\\\/\\\/schema.org\",\"@graph\":[{\"@type\":\"WebPage\",\"@id\":\"https:\\\/\\\/mmkriepas.lv\\\/en\\\/p\\\/245-45r18-goodyear-efficientgrip-96y-runflat\\\/\",\"url\":\"https:\\\/\\\/mmkriepas.lv\\\/en\\\/p\\\/245-45r18-goodyear-efficientgrip-96y-runflat\\\/\",\"name\":\"245\\\/45R18 Goodyear EfficientGrip 96Y (*) RunFlat &#8226; MMK Riepas\",\"isPartOf\":{\"@id\":\"https:\\\/\\\/mmkriepas.lv\\\/en\\\/#website\"},\"primaryImageOfPage\":{\"@id\":\"https:\\\/\\\/mmkriepas.lv\\\/en\\\/p\\\/245-45r18-goodyear-efficientgrip-96y-runflat\\\/#primaryimage\"},\"image\":{\"@id\":\"https:\\\/\\\/mmkriepas.lv\\\/en\\\/p\\\/245-45r18-goodyear-efficientgrip-96y-runflat\\\/#primaryimage\"},\"thumbnailUrl\":\"https:\\\/\\\/mmkriepas.lv\\\/wp-content\\\/uploads\\\/2022\\\/08\\\/24545r18-goodyear-efficientgrip-96y-runflat-vasaras-riepas.jpg\",\"datePublished\":\"2022-08-15T23:23:19+00:00\",\"dateModified\":\"2025-05-07T09:28:12+00:00\",\"breadcrumb\":{\"@id\":\"https:\\\/\\\/mmkriepas.lv\\\/en\\\/p\\\/245-45r18-goodyear-efficientgrip-96y-runflat\\\/#breadcrumb\"},\"inLanguage\":\"en-US\",\"potentialAction\":[{\"@type\":\"ReadAction\",\"target\":[\"https:\\\/\\\/mmkriepas.lv\\\/en\\\/p\\\/245-45r18-goodyear-efficientgrip-96y-runflat\\\/\"]}]},{\"@type\":\"ImageObject\",\"inLanguage\":\"en-US\",\"@id\":\"https:\\\/\\\/mmkriepas.lv\\\/en\\\/p\\\/245-45r18-goodyear-efficientgrip-96y-runflat\\\/#primaryimage\",\"url\":\"https:\\\/\\\/mmkriepas.lv\\\/wp-content\\\/uploads\\\/2022\\\/08\\\/24545r18-goodyear-efficientgrip-96y-runflat-vasaras-riepas.jpg\",\"contentUrl\":\"https:\\\/\\\/mmkriepas.lv\\\/wp-content\\\/uploads\\\/2022\\\/08\\\/24545r18-goodyear-efficientgrip-96y-runflat-vasaras-riepas.jpg\",\"width\":600,\"height\":600,\"caption\":\"245\\\/45R18 GOODYEAR EFFICIENTGRIP 96Y (*) RunFlat - Vasaras riepas\"},{\"@type\":\"BreadcrumbList\",\"@id\":\"https:\\\/\\\/mmkriepas.lv\\\/en\\\/p\\\/245-45r18-goodyear-efficientgrip-96y-runflat\\\/#breadcrumb\",\"itemListElement\":[{\"@type\":\"ListItem\",\"position\":1,\"name\":\"S\u0101kums\",\"item\":\"https:\\\/\\\/mmkriepas.lv\\\/en\\\/\"},{\"@type\":\"ListItem\",\"position\":2,\"name\":\"245\\\/45R18 Goodyear EfficientGrip 96Y (*) RunFlat\"}]},{\"@type\":\"WebSite\",\"@id\":\"https:\\\/\\\/mmkriepas.lv\\\/en\\\/#website\",\"url\":\"https:\\\/\\\/mmkriepas.lv\\\/en\\\/\",\"name\":\"MMK Riepas\",\"description\":\"MMK Riepas\",\"alternateName\":\"MMK Riepu Serviss\",\"potentialAction\":[{\"@type\":\"SearchAction\",\"target\":{\"@type\":\"EntryPoint\",\"urlTemplate\":\"https:\\\/\\\/mmkriepas.lv\\\/en\\\/?s={search_term_string}\"},\"query-input\":{\"@type\":\"PropertyValueSpecification\",\"valueRequired\":true,\"valueName\":\"search_term_string\"}}],\"inLanguage\":\"en-US\"},{\"@type\":\"ImageObject\",\"inLanguage\":\"en-US\",\"@id\":\"https:\\\/\\\/mmkriepas.lv\\\/en\\\/p\\\/245-45r18-goodyear-efficientgrip-96y-runflat\\\/#local-main-organization-logo\",\"url\":\"\",\"contentUrl\":\"\",\"caption\":\"MMK Riepas\"}]}<\/script>\n<meta property=\"product:brand\" content=\"Goodyear EfficientGrip\" \/>\n<meta property=\"product:price:amount\" content=\"177.00\" \/>\n<meta property=\"product:price:currency\" content=\"EUR\" \/>\n<meta property=\"og:availability\" content=\"instock\" \/>\n<meta property=\"product:availability\" content=\"instock\" \/>\n<meta property=\"product:retailer_item_id\" content=\"TS2454518GOODY-L3801\" \/>\n<meta property=\"product:condition\" content=\"new\" \/>\n<!-- \/ Yoast SEO Premium plugin. -->","yoast_head_json":{"title":"245\/45R18 Goodyear EfficientGrip 96Y (*) RunFlat &#8226; MMK Riepas","robots":{"index":"index","follow":"follow","max-snippet":"max-snippet:-1","max-image-preview":"max-image-preview:large","max-video-preview":"max-video-preview:-1"},"canonical":"https:\/\/mmkriepas.lv\/en\/p\/245-45r18-goodyear-efficientgrip-96y-runflat\/","og_locale":"en_US","og_type":"article","og_title":"245\/45R18 Goodyear EfficientGrip 96Y (*) RunFlat","og_description":"Vasaras riepas Goodyear Efficient Grip Preformance \u00a0 Riepu ra\u017eot\u0101js un modelis:\u00a0Goodyear Efficient Grip Performance Pieejami vairak ka 20\u00a0izm\u0113ri! MMK Serviss nov\u0113rt\u0113jums:\u00a0 &#8221;Premium klase. Vienas no lab\u0101kaj\u0101m vasaras riep\u0101m pasaul\u0113. \u013boti","og_url":"https:\/\/mmkriepas.lv\/en\/p\/245-45r18-goodyear-efficientgrip-96y-runflat\/","og_site_name":"MMK Riepas","article_publisher":"https:\/\/www.facebook.com\/mmkserviss\/","article_modified_time":"2025-05-07T09:28:12+00:00","og_image":[{"width":600,"height":600,"url":"https:\/\/mmkriepas.lv\/wp-content\/uploads\/2022\/08\/24545r18-goodyear-efficientgrip-96y-runflat-vasaras-riepas.jpg","type":"image\/jpeg"}],"twitter_card":"summary_large_image","twitter_misc":{"Price":"&euro;177.00","Availability":"In stock"},"schema":{"@context":"https:\/\/schema.org","@graph":[{"@type":"WebPage","@id":"https:\/\/mmkriepas.lv\/en\/p\/245-45r18-goodyear-efficientgrip-96y-runflat\/","url":"https:\/\/mmkriepas.lv\/en\/p\/245-45r18-goodyear-efficientgrip-96y-runflat\/","name":"245\/45R18 Goodyear EfficientGrip 96Y (*) RunFlat &#8226; MMK Riepas","isPartOf":{"@id":"https:\/\/mmkriepas.lv\/en\/#website"},"primaryImageOfPage":{"@id":"https:\/\/mmkriepas.lv\/en\/p\/245-45r18-goodyear-efficientgrip-96y-runflat\/#primaryimage"},"image":{"@id":"https:\/\/mmkriepas.lv\/en\/p\/245-45r18-goodyear-efficientgrip-96y-runflat\/#primaryimage"},"thumbnailUrl":"https:\/\/mmkriepas.lv\/wp-content\/uploads\/2022\/08\/24545r18-goodyear-efficientgrip-96y-runflat-vasaras-riepas.jpg","datePublished":"2022-08-15T23:23:19+00:00","dateModified":"2025-05-07T09:28:12+00:00","breadcrumb":{"@id":"https:\/\/mmkriepas.lv\/en\/p\/245-45r18-goodyear-efficientgrip-96y-runflat\/#breadcrumb"},"inLanguage":"en-US","potentialAction":[{"@type":"ReadAction","target":["https:\/\/mmkriepas.lv\/en\/p\/245-45r18-goodyear-efficientgrip-96y-runflat\/"]}]},{"@type":"ImageObject","inLanguage":"en-US","@id":"https:\/\/mmkriepas.lv\/en\/p\/245-45r18-goodyear-efficientgrip-96y-runflat\/#primaryimage","url":"https:\/\/mmkriepas.lv\/wp-content\/uploads\/2022\/08\/24545r18-goodyear-efficientgrip-96y-runflat-vasaras-riepas.jpg","contentUrl":"https:\/\/mmkriepas.lv\/wp-content\/uploads\/2022\/08\/24545r18-goodyear-efficientgrip-96y-runflat-vasaras-riepas.jpg","width":600,"height":600,"caption":"245\/45R18 GOODYEAR EFFICIENTGRIP 96Y (*) RunFlat - Vasaras riepas"},{"@type":"BreadcrumbList","@id":"https:\/\/mmkriepas.lv\/en\/p\/245-45r18-goodyear-efficientgrip-96y-runflat\/#breadcrumb","itemListElement":[{"@type":"ListItem","position":1,"name":"S\u0101kums","item":"https:\/\/mmkriepas.lv\/en\/"},{"@type":"ListItem","position":2,"name":"245\/45R18 Goodyear EfficientGrip 96Y (*) RunFlat"}]},{"@type":"WebSite","@id":"https:\/\/mmkriepas.lv\/en\/#website","url":"https:\/\/mmkriepas.lv\/en\/","name":"MMK Riepas","description":"MMK Riepas","alternateName":"MMK Riepu Serviss","potentialAction":[{"@type":"SearchAction","target":{"@type":"EntryPoint","urlTemplate":"https:\/\/mmkriepas.lv\/en\/?s={search_term_string}"},"query-input":{"@type":"PropertyValueSpecification","valueRequired":true,"valueName":"search_term_string"}}],"inLanguage":"en-US"},{"@type":"ImageObject","inLanguage":"en-US","@id":"https:\/\/mmkriepas.lv\/en\/p\/245-45r18-goodyear-efficientgrip-96y-runflat\/#local-main-organization-logo","url":"","contentUrl":"","caption":"MMK Riepas"}]},"product_brand":"Goodyear EfficientGrip","product_price_amount":"177.00","product_price_currency":"EUR","og_availability":"instock","product_availability":"instock","product_retailer_item_id":"TS2454518GOODY-L3801","product_condition":"new"},"_links":{"self":[{"href":"https:\/\/mmkriepas.lv\/en\/wp-json\/wp\/v2\/product\/283391","targetHints":{"allow":["GET"]}}],"collection":[{"href":"https:\/\/mmkriepas.lv\/en\/wp-json\/wp\/v2\/product"}],"about":[{"href":"https:\/\/mmkriepas.lv\/en\/wp-json\/wp\/v2\/types\/product"}],"wp:featuredmedia":[{"embeddable":true,"href":"https:\/\/mmkriepas.lv\/en\/wp-json\/wp\/v2\/media\/283390"}],"wp:attachment":[{"href":"https:\/\/mmkriepas.lv\/en\/wp-json\/wp\/v2\/media?parent=283391"}],"wp:term":[{"taxonomy":"product_brand","embeddable":true,"href":"https:\/\/mmkriepas.lv\/en\/wp-json\/wp\/v2\/product_brand?post=283391"},{"taxonomy":"product_cat","embeddable":true,"href":"https:\/\/mmkriepas.lv\/en\/wp-json\/wp\/v2\/product_cat?post=283391"},{"taxonomy":"product_tag","embeddable":true,"href":"https:\/\/mmkriepas.lv\/en\/wp-json\/wp\/v2\/product_tag?post=283391"}],"curies":[{"name":"wp","href":"https:\/\/api.w.org\/{rel}","templated":true}]}}