{"id":283343,"date":"2022-08-16T02:21:04","date_gmt":"2022-08-15T23:21:04","guid":{"rendered":"https:\/\/mmkserviss.lv\/?post_type=product&#038;p=283343"},"modified":"2024-08-06T14:42:14","modified_gmt":"2024-08-06T11:42:14","slug":"245-45r18-pirelli-p-zero-luxury-100w-xl-j","status":"publish","type":"product","link":"https:\/\/mmkriepas.lv\/en\/p\/245-45r18-pirelli-p-zero-luxury-100w-xl-j\/","title":{"rendered":"245\/45R18 Pirelli P ZERO PZ4 Luxury 100W XL J"},"content":{"rendered":"<p class=\"western\"><span style=\"color: #202124;\"><span style=\"font-family: Arial, serif;\"><b><span>Pirelli P ZERO PZ4 Luxury<\/span><\/b><\/span><\/span><span style=\"color: #202124;\"><span style=\"font-family: Arial, serif;\"><span> ir augst\u0101k\u0101s kvalit\u0101tes, premium klases UHP vasaras riepu modelis. Tas izce\u013cas ar izciliem brauk\u0161anas komforta, degvielas ekonomijas, manevr\u0113tsp\u0113jas un sa\u0137eres r\u0101d\u012bt\u0101jiem gan uz sausa, gan slapja asfalta. \u0160is riepu modelis, k\u0101 jau sprie\u017eams p\u0113c nosaukuma, paredz\u0113ts luksus klases, sportiska tipa automa\u0161\u012bn\u0101m, kas nereti p\u0101rvietojas dinamiski un lielos brauk\u0161anas \u0101trumos.<\/span><\/span><\/span><\/p>\n<h3 class=\"western\"><span style=\"font-family: Arial, serif;\"><span>Pirelli P ZERO PZ4 Luxury galven\u0101s \u012bpa\u0161\u012bbas:<\/span><\/span><\/h3>\n<p class=\"western\"><span style=\"font-family: Arial, serif;\"><span>+ Speci\u0101li luksus klases automa\u0161\u012bn\u0101m izstr\u0101d\u0101ts riepu modelis. Pirelli P ZERO PZ4 Luxury riepas bie\u017ei sastopamas luksus klases auto standartkomplekt\u0101cij\u0101.<br \/>+ Lieli \u0101truma indeksi \u013cauj dro\u0161i ar \u0161\u012bm riep\u0101m p\u0101rvietoties pa Rietumeiropas \u0101trgaitas \u0161osej\u0101m.<br \/>+ Riepu giganta Pirelli vado\u0161ie tehnolo\u0123iskie risin\u0101jumi!<br \/>+ Zems akvaplan\u0113\u0161anas risks pat liel\u0101 brauk\u0161anas \u0101trum\u0101.<br \/>+ Zems degvielas pat\u0113ri\u0146\u0161.<br \/>+ Izteikts akustiskais un brauk\u0161anas gaitas komforts.<\/span><\/span><\/p>\n<h3 class=\"western\"><span style=\"font-family: Arial, serif;\"><span>P ZERO PZ4 Luxury apr\u012bkojums<\/span><\/span><\/h3>\n<p class=\"western\"><span style=\"font-family: Arial, serif;\"><span>Pirelli P ZERO PZ4 Luxury UHP jeb augstas veiktsp\u0113jas vasaras riepu modelis apr\u012bkots ar asimetrisko protektora rakstu. \u0160\u0101ds dizains sev\u012b apvieno izcilus komforta un dro\u0161\u012bbas r\u0101d\u012bt\u0101jus gan uz sausa, gan ar\u012b slapja asfalta.<\/span><\/span><\/p>\n<p class=\"western\"><span style=\"font-family: Arial, serif;\"><span>Izcila dro\u0161\u012bba mitros apst\u0101k\u013cos, pateicoties augstajam sil\u012bcija dioks\u012bda saturam riepas gumijas sast\u0101v\u0101. Lab\u0101ka sa\u0137ere un brauk\u0161anas komforts ar samazin\u0101tu trok\u0161\u0146u l\u012bmeni.<\/span><\/span><\/p>\n<p class=\"western\"><span style=\"font-family: Arial, serif;\"><span>Samazin\u0101ta rites pretest\u012bba (degvielas pat\u0113ri\u0146\u0161) un uzlabota nodilumiztur\u012bba, pateicoties unik\u0101lam protektora bloku izvietojumam.<\/span><\/span><\/p>\n<p class=\"western\"><span style=\"font-family: Arial, serif;\"><span>\u0160is Pirelli riepu modelis izveidots, vadoties p\u0113c desmitgad\u0113m ilgas pieredzes auto un motosport\u0101. Tas nodro\u0161ina lielisku sa\u0137eri vasaras brauk\u0161anas apst\u0101k\u013cos.<\/span><\/span><\/p>\n","protected":false},"excerpt":{"rendered":"<p><span style=\"color: #202124;\"><span style=\"font-family: Arial, serif;\"><b><span>Pirelli P ZERO PZ4 Luxury<\/span><\/b><\/span><\/span><span style=\"color: #202124;\"><span style=\"font-family: Arial, serif;\"><span> ir augst\u0101k\u0101s kvalit\u0101tes, premium klases UHP vasaras riepu modelis. Tas izce\u013cas ar izciliem brauk\u0161anas komforta, degvielas ekonomijas, manevr\u0113tsp\u0113jas un sa\u0137eres r\u0101d\u012bt\u0101jiem gan uz sausa, gan slapja asfalta. \u0160is riepu modelis, k\u0101 jau sprie\u017eams p\u0113c nosaukuma, paredz\u0113ts luksus klases, sportiska tipa automa\u0161\u012bn\u0101m, kas nereti p\u0101rvietojas dinamiski un lielos brauk\u0161anas \u0101trumos.<\/span><\/span><\/span><\/p>\n","protected":false},"featured_media":867765,"template":"","meta":{"_acf_changed":false,"ngg_post_thumbnail":0},"product_brand":[],"product_cat":[46],"product_tag":[],"class_list":{"0":"post-283343","1":"product","2":"type-product","3":"status-publish","4":"has-post-thumbnail","6":"product_cat-vasaras-riepas","8":"first","9":"instock","10":"taxable","11":"shipping-taxable","12":"product-type-simple"},"acf":[],"yoast_head":"<!-- This site is optimized with the Yoast SEO Premium plugin v22.6 (Yoast SEO v27.3) - https:\/\/yoast.com\/product\/yoast-seo-premium-wordpress\/ -->\n<title>245\/45R18 Pirelli P ZERO PZ4 Luxury 100W XL J &#8226; MMK Riepas<\/title>\n<meta name=\"robots\" content=\"index, follow, max-snippet:-1, max-image-preview:large, max-video-preview:-1\" \/>\n<link rel=\"canonical\" href=\"https:\/\/mmkriepas.lv\/en\/p\/245-45r18-pirelli-p-zero-luxury-100w-xl-j\/\" \/>\n<meta property=\"og:locale\" content=\"en_US\" \/>\n<meta property=\"og:type\" content=\"article\" \/>\n<meta property=\"og:title\" content=\"245\/45R18 Pirelli P ZERO PZ4 Luxury 100W XL J\" \/>\n<meta property=\"og:description\" content=\"Pirelli P ZERO PZ4 Luxury ir augst\u0101k\u0101s kvalit\u0101tes, premium klases UHP vasaras riepu modelis. Tas izce\u013cas ar izciliem brauk\u0161anas komforta, degvielas ekonomijas, manevr\u0113tsp\u0113jas un sa\u0137eres r\u0101d\u012bt\u0101jiem gan uz sausa, gan slapja asfalta. \u0160is riepu modelis, k\u0101 jau sprie\u017eams p\u0113c nosaukuma, paredz\u0113ts luksus klases, sportiska tipa automa\u0161\u012bn\u0101m, kas nereti p\u0101rvietojas dinamiski un lielos brauk\u0161anas \u0101trumos.\" \/>\n<meta property=\"og:url\" content=\"https:\/\/mmkriepas.lv\/en\/p\/245-45r18-pirelli-p-zero-luxury-100w-xl-j\/\" \/>\n<meta property=\"og:site_name\" content=\"MMK Riepas\" \/>\n<meta property=\"article:publisher\" content=\"https:\/\/www.facebook.com\/mmkserviss\/\" \/>\n<meta property=\"article:modified_time\" content=\"2024-08-06T11:42:14+00:00\" \/>\n<meta property=\"og:image\" content=\"https:\/\/mmkriepas.lv\/wp-content\/uploads\/2024\/03\/22540r19-pirelli-p-zero-pz4-luxury-93y-xl-runflat-vasaras-riepas.jpg\" \/>\n\t<meta property=\"og:image:width\" content=\"1040\" \/>\n\t<meta property=\"og:image:height\" content=\"767\" \/>\n\t<meta property=\"og:image:type\" content=\"image\/jpeg\" \/>\n<meta name=\"twitter:card\" content=\"summary_large_image\" \/>\n<meta name=\"twitter:label1\" content=\"Price\" \/>\n\t<meta name=\"twitter:data1\" content=\"&euro;156.00\" \/>\n\t<meta name=\"twitter:label2\" content=\"Availability\" \/>\n\t<meta name=\"twitter:data2\" content=\"In stock\" \/>\n<script type=\"application\/ld+json\" class=\"yoast-schema-graph\">{\"@context\":\"https:\\\/\\\/schema.org\",\"@graph\":[{\"@type\":\"WebPage\",\"@id\":\"https:\\\/\\\/mmkriepas.lv\\\/en\\\/p\\\/245-45r18-pirelli-p-zero-luxury-100w-xl-j\\\/\",\"url\":\"https:\\\/\\\/mmkriepas.lv\\\/en\\\/p\\\/245-45r18-pirelli-p-zero-luxury-100w-xl-j\\\/\",\"name\":\"245\\\/45R18 Pirelli P ZERO PZ4 Luxury 100W XL J &#8226; MMK Riepas\",\"isPartOf\":{\"@id\":\"https:\\\/\\\/mmkriepas.lv\\\/en\\\/#website\"},\"primaryImageOfPage\":{\"@id\":\"https:\\\/\\\/mmkriepas.lv\\\/en\\\/p\\\/245-45r18-pirelli-p-zero-luxury-100w-xl-j\\\/#primaryimage\"},\"image\":{\"@id\":\"https:\\\/\\\/mmkriepas.lv\\\/en\\\/p\\\/245-45r18-pirelli-p-zero-luxury-100w-xl-j\\\/#primaryimage\"},\"thumbnailUrl\":\"https:\\\/\\\/mmkriepas.lv\\\/wp-content\\\/uploads\\\/2024\\\/03\\\/22540r19-pirelli-p-zero-pz4-luxury-93y-xl-runflat-vasaras-riepas.jpg\",\"datePublished\":\"2022-08-15T23:21:04+00:00\",\"dateModified\":\"2024-08-06T11:42:14+00:00\",\"breadcrumb\":{\"@id\":\"https:\\\/\\\/mmkriepas.lv\\\/en\\\/p\\\/245-45r18-pirelli-p-zero-luxury-100w-xl-j\\\/#breadcrumb\"},\"inLanguage\":\"en-US\",\"potentialAction\":[{\"@type\":\"ReadAction\",\"target\":[\"https:\\\/\\\/mmkriepas.lv\\\/en\\\/p\\\/245-45r18-pirelli-p-zero-luxury-100w-xl-j\\\/\"]}]},{\"@type\":\"ImageObject\",\"inLanguage\":\"en-US\",\"@id\":\"https:\\\/\\\/mmkriepas.lv\\\/en\\\/p\\\/245-45r18-pirelli-p-zero-luxury-100w-xl-j\\\/#primaryimage\",\"url\":\"https:\\\/\\\/mmkriepas.lv\\\/wp-content\\\/uploads\\\/2024\\\/03\\\/22540r19-pirelli-p-zero-pz4-luxury-93y-xl-runflat-vasaras-riepas.jpg\",\"contentUrl\":\"https:\\\/\\\/mmkriepas.lv\\\/wp-content\\\/uploads\\\/2024\\\/03\\\/22540r19-pirelli-p-zero-pz4-luxury-93y-xl-runflat-vasaras-riepas.jpg\",\"width\":1040,\"height\":767,\"caption\":\"MMK Pirelli P Zero PZ4 Luxury MAIN\"},{\"@type\":\"BreadcrumbList\",\"@id\":\"https:\\\/\\\/mmkriepas.lv\\\/en\\\/p\\\/245-45r18-pirelli-p-zero-luxury-100w-xl-j\\\/#breadcrumb\",\"itemListElement\":[{\"@type\":\"ListItem\",\"position\":1,\"name\":\"S\u0101kums\",\"item\":\"https:\\\/\\\/mmkriepas.lv\\\/en\\\/\"},{\"@type\":\"ListItem\",\"position\":2,\"name\":\"245\\\/45R18 Pirelli P ZERO PZ4 Luxury 100W XL J\"}]},{\"@type\":\"WebSite\",\"@id\":\"https:\\\/\\\/mmkriepas.lv\\\/en\\\/#website\",\"url\":\"https:\\\/\\\/mmkriepas.lv\\\/en\\\/\",\"name\":\"MMK Riepas\",\"description\":\"MMK Riepas\",\"alternateName\":\"MMK Riepu Serviss\",\"potentialAction\":[{\"@type\":\"SearchAction\",\"target\":{\"@type\":\"EntryPoint\",\"urlTemplate\":\"https:\\\/\\\/mmkriepas.lv\\\/en\\\/?s={search_term_string}\"},\"query-input\":{\"@type\":\"PropertyValueSpecification\",\"valueRequired\":true,\"valueName\":\"search_term_string\"}}],\"inLanguage\":\"en-US\"},{\"@type\":\"ImageObject\",\"inLanguage\":\"en-US\",\"@id\":\"https:\\\/\\\/mmkriepas.lv\\\/en\\\/p\\\/245-45r18-pirelli-p-zero-luxury-100w-xl-j\\\/#local-main-organization-logo\",\"url\":\"\",\"contentUrl\":\"\",\"caption\":\"MMK Riepas\"}]}<\/script>\n<meta property=\"product:brand\" content=\"Pirelli P ZERO PZ4 Luxury\" \/>\n<meta property=\"product:price:amount\" content=\"156.00\" \/>\n<meta property=\"product:price:currency\" content=\"EUR\" \/>\n<meta property=\"og:availability\" content=\"instock\" \/>\n<meta property=\"product:availability\" content=\"instock\" \/>\n<meta property=\"product:retailer_item_id\" content=\"TS2454518PIREL-L3785\" \/>\n<meta property=\"product:condition\" content=\"new\" \/>\n<!-- \/ Yoast SEO Premium plugin. -->","yoast_head_json":{"title":"245\/45R18 Pirelli P ZERO PZ4 Luxury 100W XL J &#8226; MMK Riepas","robots":{"index":"index","follow":"follow","max-snippet":"max-snippet:-1","max-image-preview":"max-image-preview:large","max-video-preview":"max-video-preview:-1"},"canonical":"https:\/\/mmkriepas.lv\/en\/p\/245-45r18-pirelli-p-zero-luxury-100w-xl-j\/","og_locale":"en_US","og_type":"article","og_title":"245\/45R18 Pirelli P ZERO PZ4 Luxury 100W XL J","og_description":"Pirelli P ZERO PZ4 Luxury ir augst\u0101k\u0101s kvalit\u0101tes, premium klases UHP vasaras riepu modelis. Tas izce\u013cas ar izciliem brauk\u0161anas komforta, degvielas ekonomijas, manevr\u0113tsp\u0113jas un sa\u0137eres r\u0101d\u012bt\u0101jiem gan uz sausa, gan slapja asfalta. \u0160is riepu modelis, k\u0101 jau sprie\u017eams p\u0113c nosaukuma, paredz\u0113ts luksus klases, sportiska tipa automa\u0161\u012bn\u0101m, kas nereti p\u0101rvietojas dinamiski un lielos brauk\u0161anas \u0101trumos.","og_url":"https:\/\/mmkriepas.lv\/en\/p\/245-45r18-pirelli-p-zero-luxury-100w-xl-j\/","og_site_name":"MMK Riepas","article_publisher":"https:\/\/www.facebook.com\/mmkserviss\/","article_modified_time":"2024-08-06T11:42:14+00:00","og_image":[{"width":1040,"height":767,"url":"https:\/\/mmkriepas.lv\/wp-content\/uploads\/2024\/03\/22540r19-pirelli-p-zero-pz4-luxury-93y-xl-runflat-vasaras-riepas.jpg","type":"image\/jpeg"}],"twitter_card":"summary_large_image","twitter_misc":{"Price":"&euro;156.00","Availability":"In stock"},"schema":{"@context":"https:\/\/schema.org","@graph":[{"@type":"WebPage","@id":"https:\/\/mmkriepas.lv\/en\/p\/245-45r18-pirelli-p-zero-luxury-100w-xl-j\/","url":"https:\/\/mmkriepas.lv\/en\/p\/245-45r18-pirelli-p-zero-luxury-100w-xl-j\/","name":"245\/45R18 Pirelli P ZERO PZ4 Luxury 100W XL J &#8226; MMK Riepas","isPartOf":{"@id":"https:\/\/mmkriepas.lv\/en\/#website"},"primaryImageOfPage":{"@id":"https:\/\/mmkriepas.lv\/en\/p\/245-45r18-pirelli-p-zero-luxury-100w-xl-j\/#primaryimage"},"image":{"@id":"https:\/\/mmkriepas.lv\/en\/p\/245-45r18-pirelli-p-zero-luxury-100w-xl-j\/#primaryimage"},"thumbnailUrl":"https:\/\/mmkriepas.lv\/wp-content\/uploads\/2024\/03\/22540r19-pirelli-p-zero-pz4-luxury-93y-xl-runflat-vasaras-riepas.jpg","datePublished":"2022-08-15T23:21:04+00:00","dateModified":"2024-08-06T11:42:14+00:00","breadcrumb":{"@id":"https:\/\/mmkriepas.lv\/en\/p\/245-45r18-pirelli-p-zero-luxury-100w-xl-j\/#breadcrumb"},"inLanguage":"en-US","potentialAction":[{"@type":"ReadAction","target":["https:\/\/mmkriepas.lv\/en\/p\/245-45r18-pirelli-p-zero-luxury-100w-xl-j\/"]}]},{"@type":"ImageObject","inLanguage":"en-US","@id":"https:\/\/mmkriepas.lv\/en\/p\/245-45r18-pirelli-p-zero-luxury-100w-xl-j\/#primaryimage","url":"https:\/\/mmkriepas.lv\/wp-content\/uploads\/2024\/03\/22540r19-pirelli-p-zero-pz4-luxury-93y-xl-runflat-vasaras-riepas.jpg","contentUrl":"https:\/\/mmkriepas.lv\/wp-content\/uploads\/2024\/03\/22540r19-pirelli-p-zero-pz4-luxury-93y-xl-runflat-vasaras-riepas.jpg","width":1040,"height":767,"caption":"MMK Pirelli P Zero PZ4 Luxury MAIN"},{"@type":"BreadcrumbList","@id":"https:\/\/mmkriepas.lv\/en\/p\/245-45r18-pirelli-p-zero-luxury-100w-xl-j\/#breadcrumb","itemListElement":[{"@type":"ListItem","position":1,"name":"S\u0101kums","item":"https:\/\/mmkriepas.lv\/en\/"},{"@type":"ListItem","position":2,"name":"245\/45R18 Pirelli P ZERO PZ4 Luxury 100W XL J"}]},{"@type":"WebSite","@id":"https:\/\/mmkriepas.lv\/en\/#website","url":"https:\/\/mmkriepas.lv\/en\/","name":"MMK Riepas","description":"MMK Riepas","alternateName":"MMK Riepu Serviss","potentialAction":[{"@type":"SearchAction","target":{"@type":"EntryPoint","urlTemplate":"https:\/\/mmkriepas.lv\/en\/?s={search_term_string}"},"query-input":{"@type":"PropertyValueSpecification","valueRequired":true,"valueName":"search_term_string"}}],"inLanguage":"en-US"},{"@type":"ImageObject","inLanguage":"en-US","@id":"https:\/\/mmkriepas.lv\/en\/p\/245-45r18-pirelli-p-zero-luxury-100w-xl-j\/#local-main-organization-logo","url":"","contentUrl":"","caption":"MMK Riepas"}]},"product_brand":"Pirelli P ZERO PZ4 Luxury","product_price_amount":"156.00","product_price_currency":"EUR","og_availability":"instock","product_availability":"instock","product_retailer_item_id":"TS2454518PIREL-L3785","product_condition":"new"},"_links":{"self":[{"href":"https:\/\/mmkriepas.lv\/en\/wp-json\/wp\/v2\/product\/283343","targetHints":{"allow":["GET"]}}],"collection":[{"href":"https:\/\/mmkriepas.lv\/en\/wp-json\/wp\/v2\/product"}],"about":[{"href":"https:\/\/mmkriepas.lv\/en\/wp-json\/wp\/v2\/types\/product"}],"wp:featuredmedia":[{"embeddable":true,"href":"https:\/\/mmkriepas.lv\/en\/wp-json\/wp\/v2\/media\/867765"}],"wp:attachment":[{"href":"https:\/\/mmkriepas.lv\/en\/wp-json\/wp\/v2\/media?parent=283343"}],"wp:term":[{"taxonomy":"product_brand","embeddable":true,"href":"https:\/\/mmkriepas.lv\/en\/wp-json\/wp\/v2\/product_brand?post=283343"},{"taxonomy":"product_cat","embeddable":true,"href":"https:\/\/mmkriepas.lv\/en\/wp-json\/wp\/v2\/product_cat?post=283343"},{"taxonomy":"product_tag","embeddable":true,"href":"https:\/\/mmkriepas.lv\/en\/wp-json\/wp\/v2\/product_tag?post=283343"}],"curies":[{"name":"wp","href":"https:\/\/api.w.org\/{rel}","templated":true}]}}