{"id":283323,"date":"2022-08-16T02:20:12","date_gmt":"2022-08-15T23:20:12","guid":{"rendered":"https:\/\/mmkserviss.lv\/?post_type=product&#038;p=283323"},"modified":"2024-08-06T14:42:04","modified_gmt":"2024-08-06T11:42:04","slug":"245-45r18-diamondback-dh201-100y-2","status":"publish","type":"product","link":"https:\/\/mmkriepas.lv\/en\/p\/245-45r18-diamondback-dh201-100y-2\/","title":{"rendered":"245\/45R18 Diamondback DH201 100Y (Triangle)"},"content":{"rendered":"<p><strong>Diamondback DH201<\/strong> \u2013Augstas veiktsp\u0113jas jeb UHP vasaras riepu piedero\u0161ais modelis ir paredz\u0113ts da\u017e\u0101du kla\u0161u pasa\u017eieru automa\u0161\u012bn\u0101m &#8211; s\u0101kot no vieglajiem, l\u012bdz pat apvidus un sporta auto. \u0160im riepu modelim piem\u012bt augsta nodilumiztur\u012bba un t\u0101 paredz\u0113ta slodzei, kas rodas braucot liel\u0101 \u0101trum\u0101.<o:p><\/o:p><\/p>\n<h3>DH201 riepu galven\u0101s iez\u012bmes<o:p><\/o:p><\/h3>\n<p>+ \u0100tra un prec\u012bza reakcija uz autovad\u012bt\u0101ja darb\u012bb\u0101m, pateicoties stingr\u0101m rib\u0101m un mas\u012bviem plecu blokiem;<o:p><\/o:p><\/p>\n<p>+ Asimetriskais protektors nodro\u0161ina perfektu l\u012bdzsvaru starp vad\u0101m\u012bbu, sa\u0137eri un akustisko komfortu;<o:p><\/o:p><\/p>\n<p>+ Mas\u012bvi, efekt\u012bvi \u016bdens dren\u0101\u017eas kan\u0101li nodro\u0161ina samazin\u0101tu akvaplan\u0113\u0161anas risku;<o:p><\/o:p><\/p>\n<h3>DH201 protektors<o:p><\/o:p><\/h3>\n<p><strong>Diamondback DH201<\/strong> modelim ir asimetrisks protektora dizains, kas veidots no lieliem blokiem, palielinot saskares virsmas laukumu. Papildus nodro\u0161inot stabilu uzved\u012bbu \u0101trgaitas kust\u012bbas laik\u0101 un stabilit\u0101ti pagriezienos.<o:p><\/o:p><\/p>\n<h3>Samazin\u0101ts akvaplan\u0113\u0161anas risks<o:p><\/o:p><\/h3>\n<p>\u0160is riepu modelis paliek stabils un rada dro\u0161\u012bbas saj\u016btu pat sp\u0113c\u012bga lietus apst\u0101k\u013cos. Protektors nezaud\u0113 sa\u0137eri ar ce\u013cu, kas p\u0101rkl\u0101ts ar \u016bdeni, pateicoties augsti att\u012bst\u012btai dren\u0101\u017eas kan\u0101lu sist\u0113mai. Liela izm\u0113ra \u010detras galven\u0101s dren\u0101\u017eas rievas, apvienojum\u0101 ar maz\u0101k\u0101m, izvietot\u0101m gareniski un \u0161\u0137\u0113rseniski pret kust\u012bbas virzienu, sniedz tie\u0161\u0101m p\u0101rliecino\u0161u sa\u0137eres saj\u016btu ar ce\u013cu. Akvaplan\u0113\u0161ana vienm\u0113r ir bijis viens no svar\u012bg\u0101kajiem jaut\u0101jumiem vasaras riepu sektor\u0101, t\u0101p\u0113c Diamondback pret to vienm\u0113r attieku\u0161ies nopietni, cen\u0161oties savus mode\u013cus maksim\u0101li nodro\u0161in\u0101t pret iesp\u0113jami b\u012bstam\u0101m situ\u0101cij\u0101m un \u0161is modelis nav iz\u0146\u0113mums.<o:p><\/o:p><\/p>\n<p><strong><span style=\"color: red;\">*Uzman\u012bbu:<\/span><\/strong> vasaras riepas, kas ir ra\u017eotas \u0136\u012bn\u0101, var b\u016bt apz\u012bm\u0113tas ar apz\u012bm\u0113jumu M+S. J\u0101\u0146em ver\u0101, ka \u0136\u012bnas teritorija sniedzas da\u017e\u0101d\u0101s klimatiskaj\u0101s zon\u0101s, kur da\u017eviet metereolo\u0123isk\u0101 ziema t\u0101 ar\u012b neiest\u0101jas. L\u012bdz ar to, tur \u0161\u012bs riepas var izmantot visu gadu, kam\u0113r Latvij\u0101 tas nestr\u0101d\u0101!<o:p><\/o:p><\/p>\n","protected":false},"excerpt":{"rendered":"<p><strong>Diamondback DH201<\/strong> \u2013Augstas veiktsp\u0113jas jeb UHP vasaras riepu piedero\u0161ais modelis ir paredz\u0113ts da\u017e\u0101du kla\u0161u pasa\u017eieru automa\u0161\u012bn\u0101m &#8211; s\u0101kot no vieglajiem, l\u012bdz pat apvidus un sporta auto. \u0160im riepu modelim piem\u012bt augsta nodilumiztur\u012bba un t\u0101 paredz\u0113ta slodzei, kas rodas braucot liel\u0101 \u0101trum\u0101.<o:p><\/o:p><\/p>\n","protected":false},"featured_media":867099,"template":"","meta":{"_acf_changed":false,"ngg_post_thumbnail":0},"product_brand":[],"product_cat":[46],"product_tag":[],"class_list":{"0":"post-283323","1":"product","2":"type-product","3":"status-publish","4":"has-post-thumbnail","6":"product_cat-vasaras-riepas","8":"first","9":"instock","10":"taxable","11":"shipping-taxable","12":"product-type-simple"},"acf":[],"yoast_head":"<!-- This site is optimized with the Yoast SEO Premium plugin v22.6 (Yoast SEO v27.3) - https:\/\/yoast.com\/product\/yoast-seo-premium-wordpress\/ -->\n<title>245\/45R18 Diamondback DH201 100Y (Triangle) &#8226; MMK Riepas<\/title>\n<meta name=\"robots\" content=\"index, follow, max-snippet:-1, max-image-preview:large, max-video-preview:-1\" \/>\n<link rel=\"canonical\" href=\"https:\/\/mmkriepas.lv\/en\/p\/245-45r18-diamondback-dh201-100y-2\/\" \/>\n<meta property=\"og:locale\" content=\"en_US\" \/>\n<meta property=\"og:type\" content=\"article\" \/>\n<meta property=\"og:title\" content=\"245\/45R18 Diamondback DH201 100Y (Triangle)\" \/>\n<meta property=\"og:description\" content=\"Diamondback DH201 \u2013Augstas veiktsp\u0113jas jeb UHP vasaras riepu piedero\u0161ais modelis ir paredz\u0113ts da\u017e\u0101du kla\u0161u pasa\u017eieru automa\u0161\u012bn\u0101m - s\u0101kot no vieglajiem, l\u012bdz pat apvidus un sporta auto. \u0160im riepu modelim piem\u012bt augsta nodilumiztur\u012bba un t\u0101 paredz\u0113ta slodzei, kas rodas braucot liel\u0101 \u0101trum\u0101.\" \/>\n<meta property=\"og:url\" content=\"https:\/\/mmkriepas.lv\/en\/p\/245-45r18-diamondback-dh201-100y-2\/\" \/>\n<meta property=\"og:site_name\" content=\"MMK Riepas\" \/>\n<meta property=\"article:publisher\" content=\"https:\/\/www.facebook.com\/mmkserviss\/\" \/>\n<meta property=\"article:modified_time\" content=\"2024-08-06T11:42:04+00:00\" \/>\n<meta property=\"og:image\" content=\"https:\/\/mmkriepas.lv\/wp-content\/uploads\/2024\/03\/23545r17-diamondback-dh201-97y-dot21-triangle-vasaras-riepas.jpg\" \/>\n\t<meta property=\"og:image:width\" content=\"987\" \/>\n\t<meta property=\"og:image:height\" content=\"741\" \/>\n\t<meta property=\"og:image:type\" content=\"image\/jpeg\" \/>\n<meta name=\"twitter:card\" content=\"summary_large_image\" \/>\n<meta name=\"twitter:label1\" content=\"Price\" \/>\n\t<meta name=\"twitter:data1\" content=\"&euro;74.00\" \/>\n\t<meta name=\"twitter:label2\" content=\"Availability\" \/>\n\t<meta name=\"twitter:data2\" content=\"In stock\" \/>\n<script type=\"application\/ld+json\" class=\"yoast-schema-graph\">{\"@context\":\"https:\\\/\\\/schema.org\",\"@graph\":[{\"@type\":\"WebPage\",\"@id\":\"https:\\\/\\\/mmkriepas.lv\\\/en\\\/p\\\/245-45r18-diamondback-dh201-100y-2\\\/\",\"url\":\"https:\\\/\\\/mmkriepas.lv\\\/en\\\/p\\\/245-45r18-diamondback-dh201-100y-2\\\/\",\"name\":\"245\\\/45R18 Diamondback DH201 100Y (Triangle) &#8226; MMK Riepas\",\"isPartOf\":{\"@id\":\"https:\\\/\\\/mmkriepas.lv\\\/en\\\/#website\"},\"primaryImageOfPage\":{\"@id\":\"https:\\\/\\\/mmkriepas.lv\\\/en\\\/p\\\/245-45r18-diamondback-dh201-100y-2\\\/#primaryimage\"},\"image\":{\"@id\":\"https:\\\/\\\/mmkriepas.lv\\\/en\\\/p\\\/245-45r18-diamondback-dh201-100y-2\\\/#primaryimage\"},\"thumbnailUrl\":\"https:\\\/\\\/mmkriepas.lv\\\/wp-content\\\/uploads\\\/2024\\\/03\\\/23545r17-diamondback-dh201-97y-dot21-triangle-vasaras-riepas.jpg\",\"datePublished\":\"2022-08-15T23:20:12+00:00\",\"dateModified\":\"2024-08-06T11:42:04+00:00\",\"breadcrumb\":{\"@id\":\"https:\\\/\\\/mmkriepas.lv\\\/en\\\/p\\\/245-45r18-diamondback-dh201-100y-2\\\/#breadcrumb\"},\"inLanguage\":\"en-US\",\"potentialAction\":[{\"@type\":\"ReadAction\",\"target\":[\"https:\\\/\\\/mmkriepas.lv\\\/en\\\/p\\\/245-45r18-diamondback-dh201-100y-2\\\/\"]}]},{\"@type\":\"ImageObject\",\"inLanguage\":\"en-US\",\"@id\":\"https:\\\/\\\/mmkriepas.lv\\\/en\\\/p\\\/245-45r18-diamondback-dh201-100y-2\\\/#primaryimage\",\"url\":\"https:\\\/\\\/mmkriepas.lv\\\/wp-content\\\/uploads\\\/2024\\\/03\\\/23545r17-diamondback-dh201-97y-dot21-triangle-vasaras-riepas.jpg\",\"contentUrl\":\"https:\\\/\\\/mmkriepas.lv\\\/wp-content\\\/uploads\\\/2024\\\/03\\\/23545r17-diamondback-dh201-97y-dot21-triangle-vasaras-riepas.jpg\",\"width\":987,\"height\":741,\"caption\":\"MMK Diamondbacck DH201 MAIN\"},{\"@type\":\"BreadcrumbList\",\"@id\":\"https:\\\/\\\/mmkriepas.lv\\\/en\\\/p\\\/245-45r18-diamondback-dh201-100y-2\\\/#breadcrumb\",\"itemListElement\":[{\"@type\":\"ListItem\",\"position\":1,\"name\":\"S\u0101kums\",\"item\":\"https:\\\/\\\/mmkriepas.lv\\\/en\\\/\"},{\"@type\":\"ListItem\",\"position\":2,\"name\":\"245\\\/45R18 Diamondback DH201 100Y (Triangle)\"}]},{\"@type\":\"WebSite\",\"@id\":\"https:\\\/\\\/mmkriepas.lv\\\/en\\\/#website\",\"url\":\"https:\\\/\\\/mmkriepas.lv\\\/en\\\/\",\"name\":\"MMK Riepas\",\"description\":\"MMK Riepas\",\"alternateName\":\"MMK Riepu Serviss\",\"potentialAction\":[{\"@type\":\"SearchAction\",\"target\":{\"@type\":\"EntryPoint\",\"urlTemplate\":\"https:\\\/\\\/mmkriepas.lv\\\/en\\\/?s={search_term_string}\"},\"query-input\":{\"@type\":\"PropertyValueSpecification\",\"valueRequired\":true,\"valueName\":\"search_term_string\"}}],\"inLanguage\":\"en-US\"},{\"@type\":\"ImageObject\",\"inLanguage\":\"en-US\",\"@id\":\"https:\\\/\\\/mmkriepas.lv\\\/en\\\/p\\\/245-45r18-diamondback-dh201-100y-2\\\/#local-main-organization-logo\",\"url\":\"\",\"contentUrl\":\"\",\"caption\":\"MMK Riepas\"}]}<\/script>\n<meta property=\"product:brand\" content=\"Diamondback DH201\" \/>\n<meta property=\"product:price:amount\" content=\"74.00\" \/>\n<meta property=\"product:price:currency\" content=\"EUR\" \/>\n<meta property=\"og:availability\" content=\"instock\" \/>\n<meta property=\"product:availability\" content=\"instock\" \/>\n<meta property=\"product:retailer_item_id\" content=\"TS2454518DIAMO-L3778\" \/>\n<meta property=\"product:condition\" content=\"new\" \/>\n<!-- \/ Yoast SEO Premium plugin. -->","yoast_head_json":{"title":"245\/45R18 Diamondback DH201 100Y (Triangle) &#8226; MMK Riepas","robots":{"index":"index","follow":"follow","max-snippet":"max-snippet:-1","max-image-preview":"max-image-preview:large","max-video-preview":"max-video-preview:-1"},"canonical":"https:\/\/mmkriepas.lv\/en\/p\/245-45r18-diamondback-dh201-100y-2\/","og_locale":"en_US","og_type":"article","og_title":"245\/45R18 Diamondback DH201 100Y (Triangle)","og_description":"Diamondback DH201 \u2013Augstas veiktsp\u0113jas jeb UHP vasaras riepu piedero\u0161ais modelis ir paredz\u0113ts da\u017e\u0101du kla\u0161u pasa\u017eieru automa\u0161\u012bn\u0101m - s\u0101kot no vieglajiem, l\u012bdz pat apvidus un sporta auto. \u0160im riepu modelim piem\u012bt augsta nodilumiztur\u012bba un t\u0101 paredz\u0113ta slodzei, kas rodas braucot liel\u0101 \u0101trum\u0101.","og_url":"https:\/\/mmkriepas.lv\/en\/p\/245-45r18-diamondback-dh201-100y-2\/","og_site_name":"MMK Riepas","article_publisher":"https:\/\/www.facebook.com\/mmkserviss\/","article_modified_time":"2024-08-06T11:42:04+00:00","og_image":[{"width":987,"height":741,"url":"https:\/\/mmkriepas.lv\/wp-content\/uploads\/2024\/03\/23545r17-diamondback-dh201-97y-dot21-triangle-vasaras-riepas.jpg","type":"image\/jpeg"}],"twitter_card":"summary_large_image","twitter_misc":{"Price":"&euro;74.00","Availability":"In stock"},"schema":{"@context":"https:\/\/schema.org","@graph":[{"@type":"WebPage","@id":"https:\/\/mmkriepas.lv\/en\/p\/245-45r18-diamondback-dh201-100y-2\/","url":"https:\/\/mmkriepas.lv\/en\/p\/245-45r18-diamondback-dh201-100y-2\/","name":"245\/45R18 Diamondback DH201 100Y (Triangle) &#8226; MMK Riepas","isPartOf":{"@id":"https:\/\/mmkriepas.lv\/en\/#website"},"primaryImageOfPage":{"@id":"https:\/\/mmkriepas.lv\/en\/p\/245-45r18-diamondback-dh201-100y-2\/#primaryimage"},"image":{"@id":"https:\/\/mmkriepas.lv\/en\/p\/245-45r18-diamondback-dh201-100y-2\/#primaryimage"},"thumbnailUrl":"https:\/\/mmkriepas.lv\/wp-content\/uploads\/2024\/03\/23545r17-diamondback-dh201-97y-dot21-triangle-vasaras-riepas.jpg","datePublished":"2022-08-15T23:20:12+00:00","dateModified":"2024-08-06T11:42:04+00:00","breadcrumb":{"@id":"https:\/\/mmkriepas.lv\/en\/p\/245-45r18-diamondback-dh201-100y-2\/#breadcrumb"},"inLanguage":"en-US","potentialAction":[{"@type":"ReadAction","target":["https:\/\/mmkriepas.lv\/en\/p\/245-45r18-diamondback-dh201-100y-2\/"]}]},{"@type":"ImageObject","inLanguage":"en-US","@id":"https:\/\/mmkriepas.lv\/en\/p\/245-45r18-diamondback-dh201-100y-2\/#primaryimage","url":"https:\/\/mmkriepas.lv\/wp-content\/uploads\/2024\/03\/23545r17-diamondback-dh201-97y-dot21-triangle-vasaras-riepas.jpg","contentUrl":"https:\/\/mmkriepas.lv\/wp-content\/uploads\/2024\/03\/23545r17-diamondback-dh201-97y-dot21-triangle-vasaras-riepas.jpg","width":987,"height":741,"caption":"MMK Diamondbacck DH201 MAIN"},{"@type":"BreadcrumbList","@id":"https:\/\/mmkriepas.lv\/en\/p\/245-45r18-diamondback-dh201-100y-2\/#breadcrumb","itemListElement":[{"@type":"ListItem","position":1,"name":"S\u0101kums","item":"https:\/\/mmkriepas.lv\/en\/"},{"@type":"ListItem","position":2,"name":"245\/45R18 Diamondback DH201 100Y (Triangle)"}]},{"@type":"WebSite","@id":"https:\/\/mmkriepas.lv\/en\/#website","url":"https:\/\/mmkriepas.lv\/en\/","name":"MMK Riepas","description":"MMK Riepas","alternateName":"MMK Riepu Serviss","potentialAction":[{"@type":"SearchAction","target":{"@type":"EntryPoint","urlTemplate":"https:\/\/mmkriepas.lv\/en\/?s={search_term_string}"},"query-input":{"@type":"PropertyValueSpecification","valueRequired":true,"valueName":"search_term_string"}}],"inLanguage":"en-US"},{"@type":"ImageObject","inLanguage":"en-US","@id":"https:\/\/mmkriepas.lv\/en\/p\/245-45r18-diamondback-dh201-100y-2\/#local-main-organization-logo","url":"","contentUrl":"","caption":"MMK Riepas"}]},"product_brand":"Diamondback DH201","product_price_amount":"74.00","product_price_currency":"EUR","og_availability":"instock","product_availability":"instock","product_retailer_item_id":"TS2454518DIAMO-L3778","product_condition":"new"},"_links":{"self":[{"href":"https:\/\/mmkriepas.lv\/en\/wp-json\/wp\/v2\/product\/283323","targetHints":{"allow":["GET"]}}],"collection":[{"href":"https:\/\/mmkriepas.lv\/en\/wp-json\/wp\/v2\/product"}],"about":[{"href":"https:\/\/mmkriepas.lv\/en\/wp-json\/wp\/v2\/types\/product"}],"wp:featuredmedia":[{"embeddable":true,"href":"https:\/\/mmkriepas.lv\/en\/wp-json\/wp\/v2\/media\/867099"}],"wp:attachment":[{"href":"https:\/\/mmkriepas.lv\/en\/wp-json\/wp\/v2\/media?parent=283323"}],"wp:term":[{"taxonomy":"product_brand","embeddable":true,"href":"https:\/\/mmkriepas.lv\/en\/wp-json\/wp\/v2\/product_brand?post=283323"},{"taxonomy":"product_cat","embeddable":true,"href":"https:\/\/mmkriepas.lv\/en\/wp-json\/wp\/v2\/product_cat?post=283323"},{"taxonomy":"product_tag","embeddable":true,"href":"https:\/\/mmkriepas.lv\/en\/wp-json\/wp\/v2\/product_tag?post=283323"}],"curies":[{"name":"wp","href":"https:\/\/api.w.org\/{rel}","templated":true}]}}