{"id":283305,"date":"2022-08-16T02:19:27","date_gmt":"2022-08-15T23:19:27","guid":{"rendered":"https:\/\/mmkserviss.lv\/?post_type=product&#038;p=283305"},"modified":"2026-03-27T11:56:21","modified_gmt":"2026-03-27T09:56:21","slug":"245-40r18-michelin-pilot-sport-cup-2-97y-xl","status":"publish","type":"product","link":"https:\/\/mmkriepas.lv\/en\/p\/245-40r18-michelin-pilot-sport-cup-2-97y-xl\/","title":{"rendered":"245\/40R18 Michelin Pilot Sport CUP 2 97Y XL Connect"},"content":{"rendered":"<p class=\"western\"><span style=\"font-family: Arial, sans-serif;\"><b>Michelin Pilot Sport CUP 2<\/b> ir augst\u0101k\u0101s kvalit\u0101tes, Premium klases Semi-Slick vasaras riepu modelis. \u0160is riepu modelis paredz\u0113ts lieto\u0161anai gan tras\u0113, gan ar\u012b uz koplieto\u0161anas ce\u013ciem. Tas izce\u013cas ar neticami augstiem sa\u0137eres, manevr\u0113tsp\u0113jas un dro\u0161\u012bbas r\u0101d\u012bt\u0101jiem gan uz sausa, gan slapja asfalta pat lielos brauk\u0161anas \u0101trumos. Tas paredz\u0113ts sportiska tipa automa\u0161\u012bn\u0101m, apvidus automa\u0161\u012bn\u0101m un pat superauto, un pieejams izm\u0113ru kl\u0101st\u0101 no R18 l\u012bdz pat R21.<\/span><\/p>\n<p class=\"western\"><span style=\"font-family: Arial, sans-serif;\"><b>Michelin Pilot Sport CUP 2 galven\u0101s \u012bpa\u0161\u012bbas<\/b><\/span><\/p>\n<p class=\"western\"><span style=\"font-family: Arial, sans-serif;\">+ Izcila sa\u0137ere un manevr\u0113tsp\u0113ja uz sausa un slapja asfalta pat dinamiskos brauk\u0161anas apst\u0101k\u013cos.<br \/>+ Zems akvaplan\u0113\u0161anas risks ar\u012b lielos \u0101trumos.<br \/>+ Vado\u0161\u0101s riepu giganta Michelin tehnolo\u0123ijas.<br \/>+ Augsta nodilumiztur\u012bba un izcils brauk\u0161anas komforts.<br \/>+ Riepas iztur\u0113ju\u0161as ne tikai standarta test\u0113\u0161anu, bet t\u0101s ir test\u0113tas ar\u012b maksim\u0101las slodzes apst\u0101k\u013cos autosport\u0101.<\/span><\/p>\n<p class=\"western\"><span style=\"font-family: Arial, sans-serif;\"><b>Pilot Sport CUP 2 apr\u012bkojums<\/b><\/span><\/p>\n<p class=\"western\"><span style=\"font-family: Arial, sans-serif;\">Michelin Pilot Sport CUP 2 \u00a0vasaras riepas apr\u012bkotas ar sportiska tipa, Semi-Slick asimetrisko protektora rakstu. \u0160\u0101ds dizains nodro\u0161ina maksim\u0101li augstus veiktsp\u0113jas r\u0101d\u012bt\u0101jus, braucot dinamiski. \u0160\u012bs riepas izstr\u0101d\u0101jot, Michelin ieguld\u012bjis ne tikai apm\u0113ram gadsimtu ilgu pieredzi autosport\u0101, bet ar\u012b vado\u0161\u0101s \u0161\u012b z\u012bmola tehnolo\u0123ijas, lai sasniegtu augst\u0101ko dro\u0161\u012bbas l\u012bmeni.<\/span><\/p>\n<p class=\"western\"><span style=\"font-family: Arial, sans-serif;\">Jaunais protektora z\u012bm\u0113jums ir ar papla\u0161in\u0101tu profilu. Tas \u013c\u0101vis palielin\u0101t stabilit\u0101ti liel\u0101 \u0101trum\u0101. Divas centr\u0101lo platu bloku rindas nodro\u0161ina p\u0101rliecino\u0161u virziena stabilit\u0101ti. Pla\u0161i plecu zonas bloki b\u016btiski uzlabo manevr\u0113tsp\u0113ju.<\/span><\/p>\n<p class=\"western\"><span style=\"font-family: Arial, sans-serif;\">Asimetrisk\u0101 un sportisk\u0101 protektora pamatn\u0113 atrodama augsti att\u012bst\u012bta dren\u0101\u017eas jeb \u016bdens novadkan\u0101lu sist\u0113ma. Dzi\u013cie kan\u0101li protektora centr\u0101 \u0101tri izvada \u016bdeni no kontakta zonas, samazinot akvaplan\u0113\u0161anas risku. Pat sp\u0113c\u012bg\u0101 liet\u016b un liel\u0101 \u0101trum\u0101 riepa izce\u013cas ar lielisku stabilit\u0101ti un vad\u0101m\u012bbu.<\/span><\/p>\n<p class=\"western\"><span style=\"font-family: Arial, sans-serif;\"><span>T\u0101 k\u0101, braucot ar lielu \u0101trumu, riepa tiek pak\u013cauta paaugstin\u0101t\u0101m slodz\u0113m, \u0161aj\u0101 model\u012b tiek izmantots \u012bpa\u0161s paaugstin\u0101tas stipr\u012bbas karkass. T\u0101 izveidei tika izmantots jauns, palielin\u0101tas iztur\u012bbas kordu jeb brekera materi\u0101ls un speci\u0101las t\u0113rauda saites, kas b\u016btiski palielina riepas iztur\u012bbu un paildzina t\u0101s kalpo\u0161anas m\u016b\u017eu.<\/span><\/span><\/p>\n","protected":false},"excerpt":{"rendered":"<p class=\"western\"><span style=\"font-family: Arial, sans-serif;\"><b>Michelin Pilot Sport CUP 2<\/b> ir augst\u0101k\u0101s kvalit\u0101tes, Premium klases Semi-Slick vasaras riepu modelis. \u0160is riepu modelis paredz\u0113ts lieto\u0161anai gan tras\u0113, gan ar\u012b uz koplieto\u0161anas ce\u013ciem. Tas izce\u013cas ar neticami augstiem sa\u0137eres, manevr\u0113tsp\u0113jas un dro\u0161\u012bbas r\u0101d\u012bt\u0101jiem gan uz sausa, gan slapja asfalta pat lielos brauk\u0161anas \u0101trumos. Tas paredz\u0113ts sportiska tipa automa\u0161\u012bn\u0101m, apvidus automa\u0161\u012bn\u0101m un pat superauto, un pieejams izm\u0113ru kl\u0101st\u0101 no R18 l\u012bdz pat R21.<\/span><\/p>\n","protected":false},"featured_media":905858,"template":"","meta":{"_acf_changed":false,"ngg_post_thumbnail":0},"product_brand":[],"product_cat":[46],"product_tag":[],"class_list":{"0":"post-283305","1":"product","2":"type-product","3":"status-publish","4":"has-post-thumbnail","6":"product_cat-vasaras-riepas","8":"first","9":"instock","10":"sale","11":"taxable","12":"shipping-taxable","13":"purchasable","14":"product-type-simple"},"acf":[],"yoast_head":"<!-- This site is optimized with the Yoast SEO Premium plugin v22.6 (Yoast SEO v27.3) - https:\/\/yoast.com\/product\/yoast-seo-premium-wordpress\/ -->\n<title>245\/40R18 Michelin Pilot Sport CUP 2 97Y XL Connect &#8226; MMK Riepas<\/title>\n<meta name=\"robots\" content=\"index, follow, max-snippet:-1, max-image-preview:large, max-video-preview:-1\" \/>\n<link rel=\"canonical\" href=\"https:\/\/mmkriepas.lv\/en\/p\/245-40r18-michelin-pilot-sport-cup-2-97y-xl\/\" \/>\n<meta property=\"og:locale\" content=\"en_US\" \/>\n<meta property=\"og:type\" content=\"article\" \/>\n<meta property=\"og:title\" content=\"245\/40R18 Michelin Pilot Sport CUP 2 97Y XL Connect\" \/>\n<meta property=\"og:description\" content=\"Michelin Pilot Sport CUP 2 ir augst\u0101k\u0101s kvalit\u0101tes, Premium klases Semi-Slick vasaras riepu modelis. \u0160is riepu modelis paredz\u0113ts lieto\u0161anai gan tras\u0113, gan ar\u012b uz koplieto\u0161anas ce\u013ciem. Tas izce\u013cas ar neticami augstiem sa\u0137eres, manevr\u0113tsp\u0113jas un dro\u0161\u012bbas r\u0101d\u012bt\u0101jiem gan uz sausa, gan slapja asfalta pat lielos brauk\u0161anas \u0101trumos. Tas paredz\u0113ts sportiska tipa automa\u0161\u012bn\u0101m, apvidus automa\u0161\u012bn\u0101m un pat superauto, un pieejams izm\u0113ru kl\u0101st\u0101 no R18 l\u012bdz pat R21.\" \/>\n<meta property=\"og:url\" content=\"https:\/\/mmkriepas.lv\/en\/p\/245-40r18-michelin-pilot-sport-cup-2-97y-xl\/\" \/>\n<meta property=\"og:site_name\" content=\"MMK Riepas\" \/>\n<meta property=\"article:publisher\" content=\"https:\/\/www.facebook.com\/mmkserviss\/\" \/>\n<meta property=\"article:modified_time\" content=\"2026-03-27T09:56:21+00:00\" \/>\n<meta property=\"og:image\" content=\"https:\/\/mmkriepas.lv\/wp-content\/uploads\/2024\/05\/michelin-pilot-sport-cup-2.jpg\" \/>\n\t<meta property=\"og:image:width\" content=\"900\" \/>\n\t<meta property=\"og:image:height\" content=\"720\" \/>\n\t<meta property=\"og:image:type\" content=\"image\/jpeg\" \/>\n<meta name=\"twitter:card\" content=\"summary_large_image\" \/>\n<meta name=\"twitter:label1\" content=\"Price\" \/>\n\t<meta name=\"twitter:data1\" content=\"&euro;255.00\" \/>\n\t<meta name=\"twitter:label2\" content=\"Availability\" \/>\n\t<meta name=\"twitter:data2\" content=\"In stock\" \/>\n<script type=\"application\/ld+json\" class=\"yoast-schema-graph\">{\"@context\":\"https:\\\/\\\/schema.org\",\"@graph\":[{\"@type\":\"WebPage\",\"@id\":\"https:\\\/\\\/mmkriepas.lv\\\/en\\\/p\\\/245-40r18-michelin-pilot-sport-cup-2-97y-xl\\\/\",\"url\":\"https:\\\/\\\/mmkriepas.lv\\\/en\\\/p\\\/245-40r18-michelin-pilot-sport-cup-2-97y-xl\\\/\",\"name\":\"245\\\/40R18 Michelin Pilot Sport CUP 2 97Y XL Connect &#8226; MMK Riepas\",\"isPartOf\":{\"@id\":\"https:\\\/\\\/mmkriepas.lv\\\/en\\\/#website\"},\"primaryImageOfPage\":{\"@id\":\"https:\\\/\\\/mmkriepas.lv\\\/en\\\/p\\\/245-40r18-michelin-pilot-sport-cup-2-97y-xl\\\/#primaryimage\"},\"image\":{\"@id\":\"https:\\\/\\\/mmkriepas.lv\\\/en\\\/p\\\/245-40r18-michelin-pilot-sport-cup-2-97y-xl\\\/#primaryimage\"},\"thumbnailUrl\":\"https:\\\/\\\/mmkriepas.lv\\\/wp-content\\\/uploads\\\/2024\\\/05\\\/michelin-pilot-sport-cup-2.jpg\",\"datePublished\":\"2022-08-15T23:19:27+00:00\",\"dateModified\":\"2026-03-27T09:56:21+00:00\",\"breadcrumb\":{\"@id\":\"https:\\\/\\\/mmkriepas.lv\\\/en\\\/p\\\/245-40r18-michelin-pilot-sport-cup-2-97y-xl\\\/#breadcrumb\"},\"inLanguage\":\"en-US\",\"potentialAction\":[{\"@type\":\"ReadAction\",\"target\":[\"https:\\\/\\\/mmkriepas.lv\\\/en\\\/p\\\/245-40r18-michelin-pilot-sport-cup-2-97y-xl\\\/\"]}]},{\"@type\":\"ImageObject\",\"inLanguage\":\"en-US\",\"@id\":\"https:\\\/\\\/mmkriepas.lv\\\/en\\\/p\\\/245-40r18-michelin-pilot-sport-cup-2-97y-xl\\\/#primaryimage\",\"url\":\"https:\\\/\\\/mmkriepas.lv\\\/wp-content\\\/uploads\\\/2024\\\/05\\\/michelin-pilot-sport-cup-2.jpg\",\"contentUrl\":\"https:\\\/\\\/mmkriepas.lv\\\/wp-content\\\/uploads\\\/2024\\\/05\\\/michelin-pilot-sport-cup-2.jpg\",\"width\":900,\"height\":720,\"caption\":\"MAIN\"},{\"@type\":\"BreadcrumbList\",\"@id\":\"https:\\\/\\\/mmkriepas.lv\\\/en\\\/p\\\/245-40r18-michelin-pilot-sport-cup-2-97y-xl\\\/#breadcrumb\",\"itemListElement\":[{\"@type\":\"ListItem\",\"position\":1,\"name\":\"S\u0101kums\",\"item\":\"https:\\\/\\\/mmkriepas.lv\\\/en\\\/\"},{\"@type\":\"ListItem\",\"position\":2,\"name\":\"245\\\/40R18 Michelin Pilot Sport CUP 2 97Y XL Connect\"}]},{\"@type\":\"WebSite\",\"@id\":\"https:\\\/\\\/mmkriepas.lv\\\/en\\\/#website\",\"url\":\"https:\\\/\\\/mmkriepas.lv\\\/en\\\/\",\"name\":\"MMK Riepas\",\"description\":\"MMK Riepas\",\"alternateName\":\"MMK Riepu Serviss\",\"potentialAction\":[{\"@type\":\"SearchAction\",\"target\":{\"@type\":\"EntryPoint\",\"urlTemplate\":\"https:\\\/\\\/mmkriepas.lv\\\/en\\\/?s={search_term_string}\"},\"query-input\":{\"@type\":\"PropertyValueSpecification\",\"valueRequired\":true,\"valueName\":\"search_term_string\"}}],\"inLanguage\":\"en-US\"},{\"@type\":\"ImageObject\",\"inLanguage\":\"en-US\",\"@id\":\"https:\\\/\\\/mmkriepas.lv\\\/en\\\/p\\\/245-40r18-michelin-pilot-sport-cup-2-97y-xl\\\/#local-main-organization-logo\",\"url\":\"\",\"contentUrl\":\"\",\"caption\":\"MMK Riepas\"}]}<\/script>\n<meta property=\"product:brand\" content=\"Michelin Pilot Sport CUP 2\" \/>\n<meta property=\"product:price:amount\" content=\"255.00\" \/>\n<meta property=\"product:price:currency\" content=\"EUR\" \/>\n<meta property=\"og:availability\" content=\"instock\" \/>\n<meta property=\"product:availability\" content=\"instock\" \/>\n<meta property=\"product:retailer_item_id\" content=\"TS2454018MICHE-L3772\" \/>\n<meta property=\"product:condition\" content=\"new\" \/>\n<!-- \/ Yoast SEO Premium plugin. -->","yoast_head_json":{"title":"245\/40R18 Michelin Pilot Sport CUP 2 97Y XL Connect &#8226; MMK Riepas","robots":{"index":"index","follow":"follow","max-snippet":"max-snippet:-1","max-image-preview":"max-image-preview:large","max-video-preview":"max-video-preview:-1"},"canonical":"https:\/\/mmkriepas.lv\/en\/p\/245-40r18-michelin-pilot-sport-cup-2-97y-xl\/","og_locale":"en_US","og_type":"article","og_title":"245\/40R18 Michelin Pilot Sport CUP 2 97Y XL Connect","og_description":"Michelin Pilot Sport CUP 2 ir augst\u0101k\u0101s kvalit\u0101tes, Premium klases Semi-Slick vasaras riepu modelis. \u0160is riepu modelis paredz\u0113ts lieto\u0161anai gan tras\u0113, gan ar\u012b uz koplieto\u0161anas ce\u013ciem. Tas izce\u013cas ar neticami augstiem sa\u0137eres, manevr\u0113tsp\u0113jas un dro\u0161\u012bbas r\u0101d\u012bt\u0101jiem gan uz sausa, gan slapja asfalta pat lielos brauk\u0161anas \u0101trumos. Tas paredz\u0113ts sportiska tipa automa\u0161\u012bn\u0101m, apvidus automa\u0161\u012bn\u0101m un pat superauto, un pieejams izm\u0113ru kl\u0101st\u0101 no R18 l\u012bdz pat R21.","og_url":"https:\/\/mmkriepas.lv\/en\/p\/245-40r18-michelin-pilot-sport-cup-2-97y-xl\/","og_site_name":"MMK Riepas","article_publisher":"https:\/\/www.facebook.com\/mmkserviss\/","article_modified_time":"2026-03-27T09:56:21+00:00","og_image":[{"width":900,"height":720,"url":"https:\/\/mmkriepas.lv\/wp-content\/uploads\/2024\/05\/michelin-pilot-sport-cup-2.jpg","type":"image\/jpeg"}],"twitter_card":"summary_large_image","twitter_misc":{"Price":"&euro;255.00","Availability":"In stock"},"schema":{"@context":"https:\/\/schema.org","@graph":[{"@type":"WebPage","@id":"https:\/\/mmkriepas.lv\/en\/p\/245-40r18-michelin-pilot-sport-cup-2-97y-xl\/","url":"https:\/\/mmkriepas.lv\/en\/p\/245-40r18-michelin-pilot-sport-cup-2-97y-xl\/","name":"245\/40R18 Michelin Pilot Sport CUP 2 97Y XL Connect &#8226; MMK Riepas","isPartOf":{"@id":"https:\/\/mmkriepas.lv\/en\/#website"},"primaryImageOfPage":{"@id":"https:\/\/mmkriepas.lv\/en\/p\/245-40r18-michelin-pilot-sport-cup-2-97y-xl\/#primaryimage"},"image":{"@id":"https:\/\/mmkriepas.lv\/en\/p\/245-40r18-michelin-pilot-sport-cup-2-97y-xl\/#primaryimage"},"thumbnailUrl":"https:\/\/mmkriepas.lv\/wp-content\/uploads\/2024\/05\/michelin-pilot-sport-cup-2.jpg","datePublished":"2022-08-15T23:19:27+00:00","dateModified":"2026-03-27T09:56:21+00:00","breadcrumb":{"@id":"https:\/\/mmkriepas.lv\/en\/p\/245-40r18-michelin-pilot-sport-cup-2-97y-xl\/#breadcrumb"},"inLanguage":"en-US","potentialAction":[{"@type":"ReadAction","target":["https:\/\/mmkriepas.lv\/en\/p\/245-40r18-michelin-pilot-sport-cup-2-97y-xl\/"]}]},{"@type":"ImageObject","inLanguage":"en-US","@id":"https:\/\/mmkriepas.lv\/en\/p\/245-40r18-michelin-pilot-sport-cup-2-97y-xl\/#primaryimage","url":"https:\/\/mmkriepas.lv\/wp-content\/uploads\/2024\/05\/michelin-pilot-sport-cup-2.jpg","contentUrl":"https:\/\/mmkriepas.lv\/wp-content\/uploads\/2024\/05\/michelin-pilot-sport-cup-2.jpg","width":900,"height":720,"caption":"MAIN"},{"@type":"BreadcrumbList","@id":"https:\/\/mmkriepas.lv\/en\/p\/245-40r18-michelin-pilot-sport-cup-2-97y-xl\/#breadcrumb","itemListElement":[{"@type":"ListItem","position":1,"name":"S\u0101kums","item":"https:\/\/mmkriepas.lv\/en\/"},{"@type":"ListItem","position":2,"name":"245\/40R18 Michelin Pilot Sport CUP 2 97Y XL Connect"}]},{"@type":"WebSite","@id":"https:\/\/mmkriepas.lv\/en\/#website","url":"https:\/\/mmkriepas.lv\/en\/","name":"MMK Riepas","description":"MMK Riepas","alternateName":"MMK Riepu Serviss","potentialAction":[{"@type":"SearchAction","target":{"@type":"EntryPoint","urlTemplate":"https:\/\/mmkriepas.lv\/en\/?s={search_term_string}"},"query-input":{"@type":"PropertyValueSpecification","valueRequired":true,"valueName":"search_term_string"}}],"inLanguage":"en-US"},{"@type":"ImageObject","inLanguage":"en-US","@id":"https:\/\/mmkriepas.lv\/en\/p\/245-40r18-michelin-pilot-sport-cup-2-97y-xl\/#local-main-organization-logo","url":"","contentUrl":"","caption":"MMK Riepas"}]},"product_brand":"Michelin Pilot Sport CUP 2","product_price_amount":"255.00","product_price_currency":"EUR","og_availability":"instock","product_availability":"instock","product_retailer_item_id":"TS2454018MICHE-L3772","product_condition":"new"},"_links":{"self":[{"href":"https:\/\/mmkriepas.lv\/en\/wp-json\/wp\/v2\/product\/283305","targetHints":{"allow":["GET"]}}],"collection":[{"href":"https:\/\/mmkriepas.lv\/en\/wp-json\/wp\/v2\/product"}],"about":[{"href":"https:\/\/mmkriepas.lv\/en\/wp-json\/wp\/v2\/types\/product"}],"wp:featuredmedia":[{"embeddable":true,"href":"https:\/\/mmkriepas.lv\/en\/wp-json\/wp\/v2\/media\/905858"}],"wp:attachment":[{"href":"https:\/\/mmkriepas.lv\/en\/wp-json\/wp\/v2\/media?parent=283305"}],"wp:term":[{"taxonomy":"product_brand","embeddable":true,"href":"https:\/\/mmkriepas.lv\/en\/wp-json\/wp\/v2\/product_brand?post=283305"},{"taxonomy":"product_cat","embeddable":true,"href":"https:\/\/mmkriepas.lv\/en\/wp-json\/wp\/v2\/product_cat?post=283305"},{"taxonomy":"product_tag","embeddable":true,"href":"https:\/\/mmkriepas.lv\/en\/wp-json\/wp\/v2\/product_tag?post=283305"}],"curies":[{"name":"wp","href":"https:\/\/api.w.org\/{rel}","templated":true}]}}