{"id":281881,"date":"2022-08-16T01:17:16","date_gmt":"2022-08-15T22:17:16","guid":{"rendered":"https:\/\/mmkserviss.lv\/?post_type=product&#038;p=281881"},"modified":"2025-04-04T12:08:52","modified_gmt":"2025-04-04T09:08:52","slug":"225-55r16-toyo-proxes-cf2-95v-2","status":"publish","type":"product","link":"https:\/\/mmkriepas.lv\/en\/p\/225-55r16-toyo-proxes-cf2-95v-2\/","title":{"rendered":"225\/55R16 Toyo Proxes CF2 95V"},"content":{"rendered":"<p><strong>Toyo Proxes CF2 <\/strong>ir vasaras riepu modelis tika dizain\u0113ts k\u0101 iepriek\u0161 izlaist\u0101s <strong>Toyo Proxes CF<\/strong> moderniz\u0113t\u0101 versija. Pa\u0161i ra\u017eot\u0101ji \u0161o jaun\u0101s paaudzes l\u012bniju pozicion\u0113 k\u0101 \u0101trgaitas automa\u0161\u012bnu vasaras riepu uzlabotu versiju, tom\u0113r j\u0101\u0146em v\u0113r\u0101 fakts, ka \u0161\u012b riepu mode\u013ca \u0101truma indekss ir 240 km\/h. Augsta veiktsp\u0113ja ikdien\u0101.<\/p>\n<ul>\n<li><strong>Gumijas sast\u0101vs.<\/strong> \u0160is modelis kalpoja k\u0101 izm\u0113\u0123in\u0101juma trus\u012btis moment\u0101, kad Toyo invest\u0113ja lielus l\u012bdzek\u013cus jaunu gumijas mais\u012bjumu izstr\u0101dei, un jaunu riepu protektora dizaina mekl\u0113jumos. Tas \u0101tri piesaist\u012bja superauto \u012bpa\u0161nieku uzman\u012bbu. Pirmk\u0101rt, veidot\u0101ji palielin\u0101ja sil\u012bcija komponenta procentu\u0101lo daudzumu mais\u012bjum\u0101, k\u0101 rezult\u0101t\u0101 samazin\u0101j\u0101s rites pretest\u012bba. Tas savuk\u0101rt pan\u0101ca tendenci samazin\u0101ties degvielas pat\u0113ri\u0146am. Gumijas sast\u0101vam tika pievienoti\u00a0 inovat\u012bvi akt\u012bvie piemais\u012bjumi, kas \u013c\u0101va uzlabot nodilumiztur\u012bbas r\u0101d\u012bt\u0101jus, k\u0101 ar\u012b palielin\u0101t riepas sa\u0137eres \u012bpa\u0161\u012bbas ar ce\u013ca segumu.<\/li>\n<li><strong>Riepas konstrukcijas un dizaina iez\u012bmes.<\/strong> Jap\u0101\u0146u riepu ra\u017eot\u0101ja uzlabotajam modelim ir vair\u0101k nek\u0101 viena at\u0161\u0137ir\u012bba, ja to sal\u012bdzinam ar Toyo Proxes CF. Uzskaitot tikai noz\u012bm\u012bg\u0101kos, pirmk\u0101rt j\u0101min uzlabota \u016bdens un sakarsu\u0161\u0101 gaisa novade. Konkr\u0113ti \u0161\u012b sist\u0113ma sevi lieliski pier\u0101da uz pieliju\u0161a ce\u013ca, kur Toyo Proxes CF2 riepu sa\u0137ere ar ce\u013ca virsmu palielin\u0101s par 15%, ja sal\u012bdzinam ar iepriek\u0161\u0113j\u0101s paaudzes riep\u0101m. N\u0101kam\u0101 svar\u012bg\u0101 iez\u012bme ir sp\u0113ja vienm\u0113r\u012bgi izklied\u0113t svaru pa visu saskares vietas laukumu, kas veicina labu vad\u0101m\u012bbu, savlaic\u012bgu pa\u0101trin\u0101jumu un \u0101tru bremz\u0113\u0161anas reakcijas laiku.<\/li>\n<li><strong>Protektora iez\u012bmes.<\/strong> \u0160\u012b riepu mode\u013ca protektora dizains liel\u0101 m\u0113r\u0101 veicina trok\u0161\u0146u absorbciju, k\u0101 ar\u012b garant\u0113 brauk\u0161anas komfortu liel\u0101 \u0101trum\u0101 ar izcilu stabilit\u0101ti un vad\u0101m\u012bbu. Platas garenisk\u0101s rievas samazina hidropl\u0101no\u0161anas risku. Uzlabota protektora stingr\u012bba ir nodro\u0161in\u0101jusi rites pretest\u012bbas samazin\u0101\u0161anos.<\/li>\n<\/ul>\n<h2><strong>Toyo Proxes CF2 <\/strong>\u012bpa\u0161\u012bbas:<\/h2>\n<p>+ teicama darb\u012bba liel\u0101 \u0101trum\u0101<\/p>\n<p>+ \u013coti labi r\u0101d\u012bt\u0101ji bremz\u0113\u0161an\u0101 uz mitra seguma &#8211; r\u0101d\u012bt\u0101js &#8220;B&#8221;<\/p>\n<p>+ zems degvielas pat\u0113ri\u0146\u0161 &#8211; ekonomijas r\u0101d\u012bt\u0101js &#8220;C&#8221;\u00a0\u00a0<\/p>\n<p>+ dinamiska un dro\u0161a vad\u0101m\u012bb\u0101 gan uz sausa, gan mitra seguma<\/p>\n<p>+ \u0123eometriski prec\u012bza riepa\u00a0<\/p>\n<p>+ sal\u012bdzino\u0161i zema rites pretest\u012bba<\/p>\n<p>+ protektora z\u012bm\u0113juma model\u0113\u0161an\u0101 izmantot\u0101 3D model\u0113\u0161ana \u013c\u0101va pan\u0101kt vienm\u0113r\u012bgu slodzes sadal\u012bjumu un palielin\u0101t riepas nodilumiztur\u012bbu<\/p>\n<p>+ stabilit\u0101te pagriezienos un braucot pa nel\u012bdzenu ce\u013ca segumu<\/p>\n<p>+ jaunie sil\u012bcija un polim\u0113ru komponenti gumijas mais\u012bjum\u0101, uzlaboja sa\u0137eri, palielin\u0101ja nodilumiztur\u012bbu un sa\u012bsin\u0101ja reakcijas laiku uz st\u016bres manevriem<\/p>\n<p>+ augsta notur\u012bba pret akvaplan\u0113\u0161anu<\/p>\n<p>+ labi p\u0101rdom\u0101ta \u016bdens novad\u012b\u0161anas sist\u0113ma uzlabo sa\u0137eres \u012bpa\u0161\u012bbas l\u012bdz pat 15% k\u0101 ar\u012b samazina akvaplan\u0113\u0161anas risku<\/p>\n<p>+ \u013coti labi trok\u0161\u0146u l\u012bme\u0146a r\u0101d\u012bt\u0101ji (klusas riepas) &#8211; 70 dB<\/p>\n<p>+ lieliska atbildes reakcija uz st\u016bres kust\u012bb\u0101m<\/p>\n<p>*Uzman\u012bbu: Uz vasaras riepu s\u0101nu bortiem var b\u016bt apz\u012bm\u0113jums M+S. \u0160is apz\u012bm\u0113jums gan nenoz\u012bm\u0113, ka t\u0101s ir piem\u0113rotas izmanto\u0161anai Latvijas ziemas apst\u0101k\u013cos!<\/p>\n","protected":false},"excerpt":{"rendered":"<p><strong>Toyo Proxes CF2 <\/strong>ir vasaras riepu modelis tika dizain\u0113ts k\u0101 iepriek\u0161 izlaist\u0101s <strong>Toyo Proxes CF<\/strong> moderniz\u0113t\u0101 versija. Pa\u0161i ra\u017eot\u0101ji \u0161o jaun\u0101s paaudzes l\u012bniju pozicion\u0113 k\u0101 \u0101trgaitas automa\u0161\u012bnu vasaras riepu uzlabotu versiju, tom\u0113r j\u0101\u0146em v\u0113r\u0101 fakts, ka \u0161\u012b riepu mode\u013ca \u0101truma indekss ir 240 km\/h. Augsta veiktsp\u0113ja ikdien\u0101.<\/p>\n","protected":false},"featured_media":1212624,"template":"","meta":{"_acf_changed":false,"ngg_post_thumbnail":0},"product_brand":[],"product_cat":[46],"product_tag":[],"class_list":{"0":"post-281881","1":"product","2":"type-product","3":"status-publish","4":"has-post-thumbnail","6":"product_cat-vasaras-riepas","8":"first","9":"instock","10":"sale","11":"taxable","12":"shipping-taxable","13":"product-type-simple"},"acf":[],"yoast_head":"<!-- This site is optimized with the Yoast SEO Premium plugin v22.6 (Yoast SEO v27.3) - https:\/\/yoast.com\/product\/yoast-seo-premium-wordpress\/ -->\n<title>225\/55R16 Toyo Proxes CF2 95V &#8226; MMK Riepas<\/title>\n<meta name=\"robots\" content=\"index, follow, max-snippet:-1, max-image-preview:large, max-video-preview:-1\" \/>\n<link rel=\"canonical\" href=\"https:\/\/mmkriepas.lv\/en\/p\/225-55r16-toyo-proxes-cf2-95v-2\/\" \/>\n<meta property=\"og:locale\" content=\"en_US\" \/>\n<meta property=\"og:type\" content=\"article\" \/>\n<meta property=\"og:title\" content=\"225\/55R16 Toyo Proxes CF2 95V\" \/>\n<meta property=\"og:description\" content=\"Toyo Proxes CF2 ir vasaras riepu modelis tika dizain\u0113ts k\u0101 iepriek\u0161 izlaist\u0101s Toyo Proxes CF moderniz\u0113t\u0101 versija. Pa\u0161i ra\u017eot\u0101ji \u0161o jaun\u0101s paaudzes l\u012bniju pozicion\u0113 k\u0101 \u0101trgaitas automa\u0161\u012bnu vasaras riepu uzlabotu versiju, tom\u0113r j\u0101\u0146em v\u0113r\u0101 fakts, ka \u0161\u012b riepu mode\u013ca \u0101truma indekss ir 240 km\/h. Augsta veiktsp\u0113ja ikdien\u0101.\" \/>\n<meta property=\"og:url\" content=\"https:\/\/mmkriepas.lv\/en\/p\/225-55r16-toyo-proxes-cf2-95v-2\/\" \/>\n<meta property=\"og:site_name\" content=\"MMK Riepas\" \/>\n<meta property=\"article:publisher\" content=\"https:\/\/www.facebook.com\/mmkserviss\/\" \/>\n<meta property=\"article:modified_time\" content=\"2025-04-04T09:08:52+00:00\" \/>\n<meta property=\"og:image\" content=\"https:\/\/mmkriepas.lv\/wp-content\/uploads\/2025\/04\/21570r16-toyo-proxes-cf2s-100h-vasaras-riepas.jpg\" \/>\n\t<meta property=\"og:image:width\" content=\"900\" \/>\n\t<meta property=\"og:image:height\" content=\"720\" \/>\n\t<meta property=\"og:image:type\" content=\"image\/jpeg\" \/>\n<meta name=\"twitter:card\" content=\"summary_large_image\" \/>\n<meta name=\"twitter:label1\" content=\"Price\" \/>\n\t<meta name=\"twitter:data1\" content=\"&euro;96.00\" \/>\n\t<meta name=\"twitter:label2\" content=\"Availability\" \/>\n\t<meta name=\"twitter:data2\" content=\"In stock\" \/>\n<script type=\"application\/ld+json\" class=\"yoast-schema-graph\">{\"@context\":\"https:\\\/\\\/schema.org\",\"@graph\":[{\"@type\":\"WebPage\",\"@id\":\"https:\\\/\\\/mmkriepas.lv\\\/en\\\/p\\\/225-55r16-toyo-proxes-cf2-95v-2\\\/\",\"url\":\"https:\\\/\\\/mmkriepas.lv\\\/en\\\/p\\\/225-55r16-toyo-proxes-cf2-95v-2\\\/\",\"name\":\"225\\\/55R16 Toyo Proxes CF2 95V &#8226; MMK Riepas\",\"isPartOf\":{\"@id\":\"https:\\\/\\\/mmkriepas.lv\\\/en\\\/#website\"},\"primaryImageOfPage\":{\"@id\":\"https:\\\/\\\/mmkriepas.lv\\\/en\\\/p\\\/225-55r16-toyo-proxes-cf2-95v-2\\\/#primaryimage\"},\"image\":{\"@id\":\"https:\\\/\\\/mmkriepas.lv\\\/en\\\/p\\\/225-55r16-toyo-proxes-cf2-95v-2\\\/#primaryimage\"},\"thumbnailUrl\":\"https:\\\/\\\/mmkriepas.lv\\\/wp-content\\\/uploads\\\/2025\\\/04\\\/21570r16-toyo-proxes-cf2s-100h-vasaras-riepas.jpg\",\"datePublished\":\"2022-08-15T22:17:16+00:00\",\"dateModified\":\"2025-04-04T09:08:52+00:00\",\"breadcrumb\":{\"@id\":\"https:\\\/\\\/mmkriepas.lv\\\/en\\\/p\\\/225-55r16-toyo-proxes-cf2-95v-2\\\/#breadcrumb\"},\"inLanguage\":\"en-US\",\"potentialAction\":[{\"@type\":\"ReadAction\",\"target\":[\"https:\\\/\\\/mmkriepas.lv\\\/en\\\/p\\\/225-55r16-toyo-proxes-cf2-95v-2\\\/\"]}]},{\"@type\":\"ImageObject\",\"inLanguage\":\"en-US\",\"@id\":\"https:\\\/\\\/mmkriepas.lv\\\/en\\\/p\\\/225-55r16-toyo-proxes-cf2-95v-2\\\/#primaryimage\",\"url\":\"https:\\\/\\\/mmkriepas.lv\\\/wp-content\\\/uploads\\\/2025\\\/04\\\/21570r16-toyo-proxes-cf2s-100h-vasaras-riepas.jpg\",\"contentUrl\":\"https:\\\/\\\/mmkriepas.lv\\\/wp-content\\\/uploads\\\/2025\\\/04\\\/21570r16-toyo-proxes-cf2s-100h-vasaras-riepas.jpg\",\"width\":900,\"height\":720,\"caption\":\"MAIN\"},{\"@type\":\"BreadcrumbList\",\"@id\":\"https:\\\/\\\/mmkriepas.lv\\\/en\\\/p\\\/225-55r16-toyo-proxes-cf2-95v-2\\\/#breadcrumb\",\"itemListElement\":[{\"@type\":\"ListItem\",\"position\":1,\"name\":\"S\u0101kums\",\"item\":\"https:\\\/\\\/mmkriepas.lv\\\/en\\\/\"},{\"@type\":\"ListItem\",\"position\":2,\"name\":\"225\\\/55R16 Toyo Proxes CF2 95V\"}]},{\"@type\":\"WebSite\",\"@id\":\"https:\\\/\\\/mmkriepas.lv\\\/en\\\/#website\",\"url\":\"https:\\\/\\\/mmkriepas.lv\\\/en\\\/\",\"name\":\"MMK Riepas\",\"description\":\"MMK Riepas\",\"alternateName\":\"MMK Riepu Serviss\",\"potentialAction\":[{\"@type\":\"SearchAction\",\"target\":{\"@type\":\"EntryPoint\",\"urlTemplate\":\"https:\\\/\\\/mmkriepas.lv\\\/en\\\/?s={search_term_string}\"},\"query-input\":{\"@type\":\"PropertyValueSpecification\",\"valueRequired\":true,\"valueName\":\"search_term_string\"}}],\"inLanguage\":\"en-US\"},{\"@type\":\"ImageObject\",\"inLanguage\":\"en-US\",\"@id\":\"https:\\\/\\\/mmkriepas.lv\\\/en\\\/p\\\/225-55r16-toyo-proxes-cf2-95v-2\\\/#local-main-organization-logo\",\"url\":\"\",\"contentUrl\":\"\",\"caption\":\"MMK Riepas\"}]}<\/script>\n<meta property=\"product:brand\" content=\"Toyo Proxes CF2\" \/>\n<meta property=\"product:price:amount\" content=\"96.00\" \/>\n<meta property=\"product:price:currency\" content=\"EUR\" \/>\n<meta property=\"og:availability\" content=\"instock\" \/>\n<meta property=\"product:availability\" content=\"instock\" \/>\n<meta property=\"product:retailer_item_id\" content=\"TS2255516TOYO-L3295\" \/>\n<meta property=\"product:condition\" content=\"new\" \/>\n<!-- \/ Yoast SEO Premium plugin. -->","yoast_head_json":{"title":"225\/55R16 Toyo Proxes CF2 95V &#8226; MMK Riepas","robots":{"index":"index","follow":"follow","max-snippet":"max-snippet:-1","max-image-preview":"max-image-preview:large","max-video-preview":"max-video-preview:-1"},"canonical":"https:\/\/mmkriepas.lv\/en\/p\/225-55r16-toyo-proxes-cf2-95v-2\/","og_locale":"en_US","og_type":"article","og_title":"225\/55R16 Toyo Proxes CF2 95V","og_description":"Toyo Proxes CF2 ir vasaras riepu modelis tika dizain\u0113ts k\u0101 iepriek\u0161 izlaist\u0101s Toyo Proxes CF moderniz\u0113t\u0101 versija. Pa\u0161i ra\u017eot\u0101ji \u0161o jaun\u0101s paaudzes l\u012bniju pozicion\u0113 k\u0101 \u0101trgaitas automa\u0161\u012bnu vasaras riepu uzlabotu versiju, tom\u0113r j\u0101\u0146em v\u0113r\u0101 fakts, ka \u0161\u012b riepu mode\u013ca \u0101truma indekss ir 240 km\/h. Augsta veiktsp\u0113ja ikdien\u0101.","og_url":"https:\/\/mmkriepas.lv\/en\/p\/225-55r16-toyo-proxes-cf2-95v-2\/","og_site_name":"MMK Riepas","article_publisher":"https:\/\/www.facebook.com\/mmkserviss\/","article_modified_time":"2025-04-04T09:08:52+00:00","og_image":[{"width":900,"height":720,"url":"https:\/\/mmkriepas.lv\/wp-content\/uploads\/2025\/04\/21570r16-toyo-proxes-cf2s-100h-vasaras-riepas.jpg","type":"image\/jpeg"}],"twitter_card":"summary_large_image","twitter_misc":{"Price":"&euro;96.00","Availability":"In stock"},"schema":{"@context":"https:\/\/schema.org","@graph":[{"@type":"WebPage","@id":"https:\/\/mmkriepas.lv\/en\/p\/225-55r16-toyo-proxes-cf2-95v-2\/","url":"https:\/\/mmkriepas.lv\/en\/p\/225-55r16-toyo-proxes-cf2-95v-2\/","name":"225\/55R16 Toyo Proxes CF2 95V &#8226; MMK Riepas","isPartOf":{"@id":"https:\/\/mmkriepas.lv\/en\/#website"},"primaryImageOfPage":{"@id":"https:\/\/mmkriepas.lv\/en\/p\/225-55r16-toyo-proxes-cf2-95v-2\/#primaryimage"},"image":{"@id":"https:\/\/mmkriepas.lv\/en\/p\/225-55r16-toyo-proxes-cf2-95v-2\/#primaryimage"},"thumbnailUrl":"https:\/\/mmkriepas.lv\/wp-content\/uploads\/2025\/04\/21570r16-toyo-proxes-cf2s-100h-vasaras-riepas.jpg","datePublished":"2022-08-15T22:17:16+00:00","dateModified":"2025-04-04T09:08:52+00:00","breadcrumb":{"@id":"https:\/\/mmkriepas.lv\/en\/p\/225-55r16-toyo-proxes-cf2-95v-2\/#breadcrumb"},"inLanguage":"en-US","potentialAction":[{"@type":"ReadAction","target":["https:\/\/mmkriepas.lv\/en\/p\/225-55r16-toyo-proxes-cf2-95v-2\/"]}]},{"@type":"ImageObject","inLanguage":"en-US","@id":"https:\/\/mmkriepas.lv\/en\/p\/225-55r16-toyo-proxes-cf2-95v-2\/#primaryimage","url":"https:\/\/mmkriepas.lv\/wp-content\/uploads\/2025\/04\/21570r16-toyo-proxes-cf2s-100h-vasaras-riepas.jpg","contentUrl":"https:\/\/mmkriepas.lv\/wp-content\/uploads\/2025\/04\/21570r16-toyo-proxes-cf2s-100h-vasaras-riepas.jpg","width":900,"height":720,"caption":"MAIN"},{"@type":"BreadcrumbList","@id":"https:\/\/mmkriepas.lv\/en\/p\/225-55r16-toyo-proxes-cf2-95v-2\/#breadcrumb","itemListElement":[{"@type":"ListItem","position":1,"name":"S\u0101kums","item":"https:\/\/mmkriepas.lv\/en\/"},{"@type":"ListItem","position":2,"name":"225\/55R16 Toyo Proxes CF2 95V"}]},{"@type":"WebSite","@id":"https:\/\/mmkriepas.lv\/en\/#website","url":"https:\/\/mmkriepas.lv\/en\/","name":"MMK Riepas","description":"MMK Riepas","alternateName":"MMK Riepu Serviss","potentialAction":[{"@type":"SearchAction","target":{"@type":"EntryPoint","urlTemplate":"https:\/\/mmkriepas.lv\/en\/?s={search_term_string}"},"query-input":{"@type":"PropertyValueSpecification","valueRequired":true,"valueName":"search_term_string"}}],"inLanguage":"en-US"},{"@type":"ImageObject","inLanguage":"en-US","@id":"https:\/\/mmkriepas.lv\/en\/p\/225-55r16-toyo-proxes-cf2-95v-2\/#local-main-organization-logo","url":"","contentUrl":"","caption":"MMK Riepas"}]},"product_brand":"Toyo Proxes CF2","product_price_amount":"96.00","product_price_currency":"EUR","og_availability":"instock","product_availability":"instock","product_retailer_item_id":"TS2255516TOYO-L3295","product_condition":"new"},"_links":{"self":[{"href":"https:\/\/mmkriepas.lv\/en\/wp-json\/wp\/v2\/product\/281881","targetHints":{"allow":["GET"]}}],"collection":[{"href":"https:\/\/mmkriepas.lv\/en\/wp-json\/wp\/v2\/product"}],"about":[{"href":"https:\/\/mmkriepas.lv\/en\/wp-json\/wp\/v2\/types\/product"}],"wp:featuredmedia":[{"embeddable":true,"href":"https:\/\/mmkriepas.lv\/en\/wp-json\/wp\/v2\/media\/1212624"}],"wp:attachment":[{"href":"https:\/\/mmkriepas.lv\/en\/wp-json\/wp\/v2\/media?parent=281881"}],"wp:term":[{"taxonomy":"product_brand","embeddable":true,"href":"https:\/\/mmkriepas.lv\/en\/wp-json\/wp\/v2\/product_brand?post=281881"},{"taxonomy":"product_cat","embeddable":true,"href":"https:\/\/mmkriepas.lv\/en\/wp-json\/wp\/v2\/product_cat?post=281881"},{"taxonomy":"product_tag","embeddable":true,"href":"https:\/\/mmkriepas.lv\/en\/wp-json\/wp\/v2\/product_tag?post=281881"}],"curies":[{"name":"wp","href":"https:\/\/api.w.org\/{rel}","templated":true}]}}