{"id":281590,"date":"2022-08-16T01:04:18","date_gmt":"2022-08-15T22:04:18","guid":{"rendered":"https:\/\/mmkserviss.lv\/?post_type=product&#038;p=281590"},"modified":"2026-03-27T11:53:07","modified_gmt":"2026-03-27T09:53:07","slug":"205-55r16-lassa-greenways-91v-2","status":"publish","type":"product","link":"https:\/\/mmkriepas.lv\/en\/p\/205-55r16-lassa-greenways-91v-2\/","title":{"rendered":"205\/55R16 Lassa Greenways 91V RP (Bridgestone)"},"content":{"rendered":"<p style=\"margin: 12.0pt 0cm 12.0pt 0cm;\"><b><span style=\"font-size: 11.0pt; font-family: 'Arial',sans-serif; color: black;\">Lassa Greenways <\/span><\/b><span style=\"white-space: pre-wrap;\"><span style=\"font-size: 11.0pt; font-family: 'Arial',sans-serif; color: black;\">ir teicamas kvalit\u0101tes, vid\u0113j\u0101 cenu segmenta vasaras riepu modelis. \u0145emot v\u0113r\u0101, ka \u0161\u012bs riepas tiek ra\u017eotas Bridgestone r\u016bpn\u012bc\u0101s, t\u0101s izce\u013cas ar teicamu sa\u0137eri un manevr\u0113tsp\u0113ju gan uz sausa un slapja asfalta, gan ar\u012b grants ce\u013ciem. \u0160is riepu modelis pieejams pla\u0161\u0101 izm\u0113ru kl\u0101st\u0101 no R13 l\u012bdz R16 un kompaktklases automa\u0161\u012bn\u0101m.<\/span><\/span><o:p><\/o:p><\/p>\n<h3 style=\"margin: 14.0pt 0cm 4.0pt 0cm;\"><span style=\"white-space: pre-wrap;\"><span style=\"font-size: 13.0pt; font-family: 'Arial',sans-serif; color: black;\">Lassa Greenways galven\u0101s \u012bpa\u0161\u012bbas:<\/span><\/span><o:p><\/o:p><\/h3>\n<p style=\"margin: 12.0pt 0cm 12.0pt 0cm;\"><span style=\"white-space: pre-wrap;\"><span style=\"font-size: 11.0pt; font-family: 'Arial',sans-serif; color: black;\">+ Teicama sa\u0137ere un manevr\u0113tsp\u0113ja gan uz sausa un slapja safalta, gan grants ce\u013ciem.<\/span><br \/>+ Izteikts akustiskais un brauk\u0161anas komforta l\u012bmenis.<br \/>+ Degvielas ekonomija.<br \/>+ Riepas ra\u017eotas Bridgestone r\u016bpn\u012bc\u0101.<br \/>+ Zems akvaplan\u0113\u0161anas risks.<\/span><o:p><\/o:p><\/p>\n<h3 style=\"margin: 14.0pt 0cm 4.0pt 0cm;\"><span style=\"white-space: pre-wrap;\"><span style=\"font-size: 13.0pt; font-family: 'Arial',sans-serif; color: black;\">Greenways apr\u012bkojums<\/span><\/span><o:p><\/o:p><\/h3>\n<p style=\"margin: 12.0pt 0cm 12.0pt 0cm;\"><span style=\"white-space: pre-wrap;\"><b><span style=\"font-size: 11.0pt; font-family: 'Arial',sans-serif; color: black;\">Lassa Greenways <\/span><\/b><\/span><span style=\"white-space: pre-wrap;\"><span style=\"font-size: 11.0pt; font-family: 'Arial',sans-serif; color: black;\">vasaras riepas apr\u012bkotas ar asimetrisku protektora rakstu. \u0160\u0101ds dizains sev\u012b apvieno teicamas komforta un veiktsp\u0113jas \u012bpa\u0161\u012bbas pat lielos brauk\u0161anas \u0101trumos. Turkl\u0101t, \u0161\u012b riepu mode\u013ca protektora bloku skaits ir palielin\u0101ts, l\u012bdz ar ko \u0161is modelis ir veiktsp\u0113j\u012bgs ar\u012b uz irden\u0101m ce\u013ca virsm\u0101m &#8211; grants, smilts un zemes ce\u013ciem.<\/span><\/span><o:p><\/o:p><\/p>\n<p style=\"margin: 12.0pt 0cm 12.0pt 0cm;\"><span style=\"white-space: pre-wrap;\"><span style=\"font-size: 11.0pt; font-family: 'Arial',sans-serif; color: black;\">Starp protektora blokiem izstr\u0101d\u0101ta efekt\u012bva dren\u0101\u017eas jeb \u016bdens novadkan\u0101lu sist\u0113ma. T\u0101 \u0101tri atbr\u012bvo riepu kontakta virsmu ar ce\u013cu no \u016bdens, b\u016btiski samazinot akvaplan\u0113\u0161anas risku.<\/span><\/span><o:p><\/o:p><\/p>\n<p style=\"margin: 12.0pt 0cm 12.0pt 0cm;\"><span style=\"white-space: pre-wrap;\"><span style=\"font-size: 11.0pt; font-family: 'Arial',sans-serif; color: black;\">Riepas darin\u0101tas no augstv\u0113rt\u012bga kompoz\u012btmateri\u0101la. Tam pievienotie \u0137\u012bmiskie elementi padara riepu elast\u012bgu un nodilumiztur\u012bgu. K\u0101 zin\u0101ms, elast\u012bga riepa daudz lab\u0101k veido sa\u0137eri ar ce\u013cu, k\u0101 ar\u012b dilst vienm\u0113r\u012bg\u0101k.<\/span><\/span><o:p><\/o:p><\/p>\n","protected":false},"excerpt":{"rendered":"<p style=\"margin: 12.0pt 0cm 12.0pt 0cm;\"><b><span style=\"font-size: 11.0pt; font-family: 'Arial',sans-serif; color: black;\">Lassa Greenways <\/span><\/b><span style=\"white-space: pre-wrap;\"><span style=\"font-size: 11.0pt; font-family: 'Arial',sans-serif; color: black;\">ir teicamas kvalit\u0101tes, vid\u0113j\u0101 cenu segmenta vasaras riepu modelis. \u0145emot v\u0113r\u0101, ka \u0161\u012bs riepas tiek ra\u017eotas Bridgestone r\u016bpn\u012bc\u0101s, t\u0101s izce\u013cas ar teicamu sa\u0137eri un manevr\u0113tsp\u0113ju gan uz sausa un slapja asfalta, gan ar\u012b grants ce\u013ciem. \u0160is riepu modelis pieejams pla\u0161\u0101 izm\u0113ru kl\u0101st\u0101 no R13 l\u012bdz R16 un kompaktklases automa\u0161\u012bn\u0101m.<\/span><\/span><o:p><\/o:p><\/p>\n","protected":false},"featured_media":224004,"template":"","meta":{"_acf_changed":false,"ngg_post_thumbnail":0},"product_brand":[],"product_cat":[23641],"product_tag":[],"class_list":{"0":"post-281590","1":"product","2":"type-product","3":"status-publish","4":"has-post-thumbnail","6":"product_cat-summer-tyres","8":"first","9":"instock","10":"sale","11":"taxable","12":"shipping-taxable","13":"purchasable","14":"product-type-simple"},"acf":[],"yoast_head":"<!-- This site is optimized with the Yoast SEO Premium plugin v22.6 (Yoast SEO v27.3) - https:\/\/yoast.com\/product\/yoast-seo-premium-wordpress\/ -->\n<title>205\/55R16 Lassa Greenways 91V RP (Bridgestone) &#8226; MMK Riepas<\/title>\n<meta name=\"robots\" content=\"index, follow, max-snippet:-1, max-image-preview:large, max-video-preview:-1\" \/>\n<link rel=\"canonical\" href=\"https:\/\/mmkriepas.lv\/en\/p\/205-55r16-lassa-greenways-91v-2\/\" \/>\n<meta property=\"og:locale\" content=\"en_US\" \/>\n<meta property=\"og:type\" content=\"article\" \/>\n<meta property=\"og:title\" content=\"205\/55R16 Lassa Greenways 91V RP (Bridgestone)\" \/>\n<meta property=\"og:description\" content=\"Lassa Greenways ir teicamas kvalit\u0101tes, vid\u0113j\u0101 cenu segmenta vasaras riepu modelis. \u0145emot v\u0113r\u0101, ka \u0161\u012bs riepas tiek ra\u017eotas Bridgestone r\u016bpn\u012bc\u0101s, t\u0101s izce\u013cas ar teicamu sa\u0137eri un manevr\u0113tsp\u0113ju gan uz sausa un slapja asfalta, gan ar\u012b grants ce\u013ciem. \u0160is riepu modelis pieejams pla\u0161\u0101 izm\u0113ru kl\u0101st\u0101 no R13 l\u012bdz R16 un kompaktklases automa\u0161\u012bn\u0101m.\" \/>\n<meta property=\"og:url\" content=\"https:\/\/mmkriepas.lv\/en\/p\/205-55r16-lassa-greenways-91v-2\/\" \/>\n<meta property=\"og:site_name\" content=\"MMK Riepas\" \/>\n<meta property=\"article:publisher\" content=\"https:\/\/www.facebook.com\/mmkserviss\/\" \/>\n<meta property=\"article:modified_time\" content=\"2026-03-27T09:53:07+00:00\" \/>\n<meta property=\"og:image\" content=\"https:\/\/mmkriepas.lv\/wp-content\/uploads\/2022\/03\/17570r13-lassa-greenways-82t.jpg\" \/>\n\t<meta property=\"og:image:width\" content=\"1920\" \/>\n\t<meta property=\"og:image:height\" content=\"1278\" \/>\n\t<meta property=\"og:image:type\" content=\"image\/jpeg\" \/>\n<meta name=\"twitter:card\" content=\"summary_large_image\" \/>\n<meta name=\"twitter:label1\" content=\"Price\" \/>\n\t<meta name=\"twitter:data1\" content=\"&euro;64.00\" \/>\n\t<meta name=\"twitter:label2\" content=\"Availability\" \/>\n\t<meta name=\"twitter:data2\" content=\"In stock\" \/>\n<script type=\"application\/ld+json\" class=\"yoast-schema-graph\">{\"@context\":\"https:\\\/\\\/schema.org\",\"@graph\":[{\"@type\":\"WebPage\",\"@id\":\"https:\\\/\\\/mmkriepas.lv\\\/en\\\/p\\\/205-55r16-lassa-greenways-91v-2\\\/\",\"url\":\"https:\\\/\\\/mmkriepas.lv\\\/en\\\/p\\\/205-55r16-lassa-greenways-91v-2\\\/\",\"name\":\"205\\\/55R16 Lassa Greenways 91V RP (Bridgestone) &#8226; MMK Riepas\",\"isPartOf\":{\"@id\":\"https:\\\/\\\/mmkriepas.lv\\\/en\\\/#website\"},\"primaryImageOfPage\":{\"@id\":\"https:\\\/\\\/mmkriepas.lv\\\/en\\\/p\\\/205-55r16-lassa-greenways-91v-2\\\/#primaryimage\"},\"image\":{\"@id\":\"https:\\\/\\\/mmkriepas.lv\\\/en\\\/p\\\/205-55r16-lassa-greenways-91v-2\\\/#primaryimage\"},\"thumbnailUrl\":\"https:\\\/\\\/mmkriepas.lv\\\/wp-content\\\/uploads\\\/2022\\\/03\\\/17570r13-lassa-greenways-82t.jpg\",\"datePublished\":\"2022-08-15T22:04:18+00:00\",\"dateModified\":\"2026-03-27T09:53:07+00:00\",\"breadcrumb\":{\"@id\":\"https:\\\/\\\/mmkriepas.lv\\\/en\\\/p\\\/205-55r16-lassa-greenways-91v-2\\\/#breadcrumb\"},\"inLanguage\":\"en-US\",\"potentialAction\":[{\"@type\":\"ReadAction\",\"target\":[\"https:\\\/\\\/mmkriepas.lv\\\/en\\\/p\\\/205-55r16-lassa-greenways-91v-2\\\/\"]}]},{\"@type\":\"ImageObject\",\"inLanguage\":\"en-US\",\"@id\":\"https:\\\/\\\/mmkriepas.lv\\\/en\\\/p\\\/205-55r16-lassa-greenways-91v-2\\\/#primaryimage\",\"url\":\"https:\\\/\\\/mmkriepas.lv\\\/wp-content\\\/uploads\\\/2022\\\/03\\\/17570r13-lassa-greenways-82t.jpg\",\"contentUrl\":\"https:\\\/\\\/mmkriepas.lv\\\/wp-content\\\/uploads\\\/2022\\\/03\\\/17570r13-lassa-greenways-82t.jpg\",\"width\":1920,\"height\":1278,\"caption\":\"175\\\/70R13 Lassa Greenways 82T\"},{\"@type\":\"BreadcrumbList\",\"@id\":\"https:\\\/\\\/mmkriepas.lv\\\/en\\\/p\\\/205-55r16-lassa-greenways-91v-2\\\/#breadcrumb\",\"itemListElement\":[{\"@type\":\"ListItem\",\"position\":1,\"name\":\"S\u0101kums\",\"item\":\"https:\\\/\\\/mmkriepas.lv\\\/en\\\/\"},{\"@type\":\"ListItem\",\"position\":2,\"name\":\"205\\\/55R16 Lassa Greenways 91V RP (Bridgestone)\"}]},{\"@type\":\"WebSite\",\"@id\":\"https:\\\/\\\/mmkriepas.lv\\\/en\\\/#website\",\"url\":\"https:\\\/\\\/mmkriepas.lv\\\/en\\\/\",\"name\":\"MMK Riepas\",\"description\":\"MMK Riepas\",\"alternateName\":\"MMK Riepu Serviss\",\"potentialAction\":[{\"@type\":\"SearchAction\",\"target\":{\"@type\":\"EntryPoint\",\"urlTemplate\":\"https:\\\/\\\/mmkriepas.lv\\\/en\\\/?s={search_term_string}\"},\"query-input\":{\"@type\":\"PropertyValueSpecification\",\"valueRequired\":true,\"valueName\":\"search_term_string\"}}],\"inLanguage\":\"en-US\"},{\"@type\":\"ImageObject\",\"inLanguage\":\"en-US\",\"@id\":\"https:\\\/\\\/mmkriepas.lv\\\/en\\\/p\\\/205-55r16-lassa-greenways-91v-2\\\/#local-main-organization-logo\",\"url\":\"\",\"contentUrl\":\"\",\"caption\":\"MMK Riepas\"}]}<\/script>\n<meta property=\"product:brand\" content=\"Lassa Greenways\" \/>\n<meta property=\"product:price:amount\" content=\"64.00\" \/>\n<meta property=\"product:price:currency\" content=\"EUR\" \/>\n<meta property=\"og:availability\" content=\"instock\" \/>\n<meta property=\"product:availability\" content=\"instock\" \/>\n<meta property=\"product:retailer_item_id\" content=\"TS2055516LASSA-L3198\" \/>\n<meta property=\"product:condition\" content=\"new\" \/>\n<!-- \/ Yoast SEO Premium plugin. -->","yoast_head_json":{"title":"205\/55R16 Lassa Greenways 91V RP (Bridgestone) &#8226; MMK Riepas","robots":{"index":"index","follow":"follow","max-snippet":"max-snippet:-1","max-image-preview":"max-image-preview:large","max-video-preview":"max-video-preview:-1"},"canonical":"https:\/\/mmkriepas.lv\/en\/p\/205-55r16-lassa-greenways-91v-2\/","og_locale":"en_US","og_type":"article","og_title":"205\/55R16 Lassa Greenways 91V RP (Bridgestone)","og_description":"Lassa Greenways ir teicamas kvalit\u0101tes, vid\u0113j\u0101 cenu segmenta vasaras riepu modelis. \u0145emot v\u0113r\u0101, ka \u0161\u012bs riepas tiek ra\u017eotas Bridgestone r\u016bpn\u012bc\u0101s, t\u0101s izce\u013cas ar teicamu sa\u0137eri un manevr\u0113tsp\u0113ju gan uz sausa un slapja asfalta, gan ar\u012b grants ce\u013ciem. \u0160is riepu modelis pieejams pla\u0161\u0101 izm\u0113ru kl\u0101st\u0101 no R13 l\u012bdz R16 un kompaktklases automa\u0161\u012bn\u0101m.","og_url":"https:\/\/mmkriepas.lv\/en\/p\/205-55r16-lassa-greenways-91v-2\/","og_site_name":"MMK Riepas","article_publisher":"https:\/\/www.facebook.com\/mmkserviss\/","article_modified_time":"2026-03-27T09:53:07+00:00","og_image":[{"width":1920,"height":1278,"url":"https:\/\/mmkriepas.lv\/wp-content\/uploads\/2022\/03\/17570r13-lassa-greenways-82t.jpg","type":"image\/jpeg"}],"twitter_card":"summary_large_image","twitter_misc":{"Price":"&euro;64.00","Availability":"In stock"},"schema":{"@context":"https:\/\/schema.org","@graph":[{"@type":"WebPage","@id":"https:\/\/mmkriepas.lv\/en\/p\/205-55r16-lassa-greenways-91v-2\/","url":"https:\/\/mmkriepas.lv\/en\/p\/205-55r16-lassa-greenways-91v-2\/","name":"205\/55R16 Lassa Greenways 91V RP (Bridgestone) &#8226; MMK Riepas","isPartOf":{"@id":"https:\/\/mmkriepas.lv\/en\/#website"},"primaryImageOfPage":{"@id":"https:\/\/mmkriepas.lv\/en\/p\/205-55r16-lassa-greenways-91v-2\/#primaryimage"},"image":{"@id":"https:\/\/mmkriepas.lv\/en\/p\/205-55r16-lassa-greenways-91v-2\/#primaryimage"},"thumbnailUrl":"https:\/\/mmkriepas.lv\/wp-content\/uploads\/2022\/03\/17570r13-lassa-greenways-82t.jpg","datePublished":"2022-08-15T22:04:18+00:00","dateModified":"2026-03-27T09:53:07+00:00","breadcrumb":{"@id":"https:\/\/mmkriepas.lv\/en\/p\/205-55r16-lassa-greenways-91v-2\/#breadcrumb"},"inLanguage":"en-US","potentialAction":[{"@type":"ReadAction","target":["https:\/\/mmkriepas.lv\/en\/p\/205-55r16-lassa-greenways-91v-2\/"]}]},{"@type":"ImageObject","inLanguage":"en-US","@id":"https:\/\/mmkriepas.lv\/en\/p\/205-55r16-lassa-greenways-91v-2\/#primaryimage","url":"https:\/\/mmkriepas.lv\/wp-content\/uploads\/2022\/03\/17570r13-lassa-greenways-82t.jpg","contentUrl":"https:\/\/mmkriepas.lv\/wp-content\/uploads\/2022\/03\/17570r13-lassa-greenways-82t.jpg","width":1920,"height":1278,"caption":"175\/70R13 Lassa Greenways 82T"},{"@type":"BreadcrumbList","@id":"https:\/\/mmkriepas.lv\/en\/p\/205-55r16-lassa-greenways-91v-2\/#breadcrumb","itemListElement":[{"@type":"ListItem","position":1,"name":"S\u0101kums","item":"https:\/\/mmkriepas.lv\/en\/"},{"@type":"ListItem","position":2,"name":"205\/55R16 Lassa Greenways 91V RP (Bridgestone)"}]},{"@type":"WebSite","@id":"https:\/\/mmkriepas.lv\/en\/#website","url":"https:\/\/mmkriepas.lv\/en\/","name":"MMK Riepas","description":"MMK Riepas","alternateName":"MMK Riepu Serviss","potentialAction":[{"@type":"SearchAction","target":{"@type":"EntryPoint","urlTemplate":"https:\/\/mmkriepas.lv\/en\/?s={search_term_string}"},"query-input":{"@type":"PropertyValueSpecification","valueRequired":true,"valueName":"search_term_string"}}],"inLanguage":"en-US"},{"@type":"ImageObject","inLanguage":"en-US","@id":"https:\/\/mmkriepas.lv\/en\/p\/205-55r16-lassa-greenways-91v-2\/#local-main-organization-logo","url":"","contentUrl":"","caption":"MMK Riepas"}]},"product_brand":"Lassa Greenways","product_price_amount":"64.00","product_price_currency":"EUR","og_availability":"instock","product_availability":"instock","product_retailer_item_id":"TS2055516LASSA-L3198","product_condition":"new"},"_links":{"self":[{"href":"https:\/\/mmkriepas.lv\/en\/wp-json\/wp\/v2\/product\/281590","targetHints":{"allow":["GET"]}}],"collection":[{"href":"https:\/\/mmkriepas.lv\/en\/wp-json\/wp\/v2\/product"}],"about":[{"href":"https:\/\/mmkriepas.lv\/en\/wp-json\/wp\/v2\/types\/product"}],"wp:featuredmedia":[{"embeddable":true,"href":"https:\/\/mmkriepas.lv\/en\/wp-json\/wp\/v2\/media\/224004"}],"wp:attachment":[{"href":"https:\/\/mmkriepas.lv\/en\/wp-json\/wp\/v2\/media?parent=281590"}],"wp:term":[{"taxonomy":"product_brand","embeddable":true,"href":"https:\/\/mmkriepas.lv\/en\/wp-json\/wp\/v2\/product_brand?post=281590"},{"taxonomy":"product_cat","embeddable":true,"href":"https:\/\/mmkriepas.lv\/en\/wp-json\/wp\/v2\/product_cat?post=281590"},{"taxonomy":"product_tag","embeddable":true,"href":"https:\/\/mmkriepas.lv\/en\/wp-json\/wp\/v2\/product_tag?post=281590"}],"curies":[{"name":"wp","href":"https:\/\/api.w.org\/{rel}","templated":true}]}}