{"id":281551,"date":"2022-08-16T01:02:33","date_gmt":"2022-08-15T22:02:33","guid":{"rendered":"https:\/\/mmkserviss.lv\/?post_type=product&#038;p=281551"},"modified":"2024-08-06T14:30:40","modified_gmt":"2024-08-06T11:30:40","slug":"205-55r16-kelly-hp-91v-3","status":"publish","type":"product","link":"https:\/\/mmkriepas.lv\/en\/p\/205-55r16-kelly-hp-91v-3\/","title":{"rendered":"205\/55R16 Kelly HP 91V (Goodyear)"},"content":{"rendered":"<p><strong>Kelly HP<\/strong> ir vasaras riepas, kas pieder vienam no liel\u0101kajiem riepu ra\u017eot\u0101jiem pasaul\u0113 &#8211; Goodyear. K\u0101 ra\u017eot\u0101js Kelly klasific\u0113j\u0101s vid\u0113j\u0101 klas\u0113, ta\u010du faktiski kvalit\u0101tes zi\u0146\u0101 neatpaliek no premium klases riep\u0101m. Kvalitat\u012bvas riepas par labu cenu. Maks\u0101 tikai nedaudz d\u0101rg\u0101k k\u0101 viss l\u0113t\u0101k\u0101s \u0137\u012bnie\u0161u riepas.<\/p>\n<p><strong>Kelly HP \u012bpa\u0161\u012bbas:<\/strong><\/p>\n<p>+ Goodyear ra\u017eo\u0161anas pieredze.<\/p>\n<p>+ \u012apa\u0161i zema rites pretest\u012bba (ekonomiskas riepas).<\/p>\n<p>+ \u013boti labi sa\u0137eres r\u0101d\u012bt\u0101ji uz slapja un sausa seguma (ar\u012b bremz\u0113jot).<\/p>\n<p>+ Augsta notur\u012bba pret akvaplan\u0113\u0161anu.<\/p>\n<p>+ Zemi dil\u0161anas r\u0101d\u012bt\u0101ji.<\/p>\n<p>+ \u012apa\u0161i zemi trok\u0161\u0146u l\u012bme\u0146a r\u0101d\u012bt\u0101ji, vienm\u0113r\u012bga, klusa un komfortabla brauk\u0161ana.<\/p>\n<p>+ Stabilit\u0101te pagriezienos.<\/p>\n<p><strong>MMK Serviss rekomend\u0113:<\/strong><em> Laba izv\u0113le ikdienas un sportiskai brauk\u0161anai!\u00a0Tas viss par \u013coti labu cenu!<\/em><\/p>\n","protected":false},"excerpt":{"rendered":"<p><strong>Kelly HP<\/strong> ir vasaras riepas, kas pieder vienam no liel\u0101kajiem riepu ra\u017eot\u0101jiem pasaul\u0113 &#8211; Goodyear. K\u0101 ra\u017eot\u0101js Kelly klasific\u0113j\u0101s vid\u0113j\u0101 klas\u0113, ta\u010du faktiski kvalit\u0101tes zi\u0146\u0101 neatpaliek no premium klases riep\u0101m. Kvalitat\u012bvas riepas par labu cenu. Maks\u0101 tikai nedaudz d\u0101rg\u0101k k\u0101 viss l\u0113t\u0101k\u0101s \u0137\u012bnie\u0161u riepas.<\/p>\n","protected":false},"featured_media":228685,"template":"","meta":{"_acf_changed":false,"ngg_post_thumbnail":0},"product_brand":[],"product_cat":[46],"product_tag":[],"class_list":{"0":"post-281551","1":"product","2":"type-product","3":"status-publish","4":"has-post-thumbnail","6":"product_cat-vasaras-riepas","8":"first","9":"instock","10":"sale","11":"taxable","12":"shipping-taxable","13":"product-type-simple"},"acf":[],"yoast_head":"<!-- This site is optimized with the Yoast SEO Premium plugin v22.6 (Yoast SEO v27.3) - https:\/\/yoast.com\/product\/yoast-seo-premium-wordpress\/ -->\n<title>205\/55R16 Kelly HP 91V (Goodyear) &#8226; MMK Riepas<\/title>\n<meta name=\"robots\" content=\"index, follow, max-snippet:-1, max-image-preview:large, max-video-preview:-1\" \/>\n<link rel=\"canonical\" href=\"https:\/\/mmkriepas.lv\/en\/p\/205-55r16-kelly-hp-91v-3\/\" \/>\n<meta property=\"og:locale\" content=\"en_US\" \/>\n<meta property=\"og:type\" content=\"article\" \/>\n<meta property=\"og:title\" content=\"205\/55R16 Kelly HP 91V (Goodyear)\" \/>\n<meta property=\"og:description\" content=\"Kelly HP ir vasaras riepas, kas pieder vienam no liel\u0101kajiem riepu ra\u017eot\u0101jiem pasaul\u0113 - Goodyear. K\u0101 ra\u017eot\u0101js Kelly klasific\u0113j\u0101s vid\u0113j\u0101 klas\u0113, ta\u010du faktiski kvalit\u0101tes zi\u0146\u0101 neatpaliek no premium klases riep\u0101m. Kvalitat\u012bvas riepas par labu cenu. Maks\u0101 tikai nedaudz d\u0101rg\u0101k k\u0101 viss l\u0113t\u0101k\u0101s \u0137\u012bnie\u0161u riepas.\" \/>\n<meta property=\"og:url\" content=\"https:\/\/mmkriepas.lv\/en\/p\/205-55r16-kelly-hp-91v-3\/\" \/>\n<meta property=\"og:site_name\" content=\"MMK Riepas\" \/>\n<meta property=\"article:publisher\" content=\"https:\/\/www.facebook.com\/mmkserviss\/\" \/>\n<meta property=\"article:modified_time\" content=\"2024-08-06T11:30:40+00:00\" \/>\n<meta property=\"og:image\" content=\"https:\/\/mmkriepas.lv\/wp-content\/uploads\/2022\/03\/21555r16-kelly-hp-93h-vasaras-riepas.jpg\" \/>\n\t<meta property=\"og:image:width\" content=\"1920\" \/>\n\t<meta property=\"og:image:height\" content=\"1278\" \/>\n\t<meta property=\"og:image:type\" content=\"image\/jpeg\" \/>\n<meta name=\"twitter:card\" content=\"summary_large_image\" \/>\n<meta name=\"twitter:label1\" content=\"Price\" \/>\n\t<meta name=\"twitter:data1\" content=\"&euro;49.00\" \/>\n\t<meta name=\"twitter:label2\" content=\"Availability\" \/>\n\t<meta name=\"twitter:data2\" content=\"In stock\" \/>\n<script type=\"application\/ld+json\" class=\"yoast-schema-graph\">{\"@context\":\"https:\\\/\\\/schema.org\",\"@graph\":[{\"@type\":\"WebPage\",\"@id\":\"https:\\\/\\\/mmkriepas.lv\\\/en\\\/p\\\/205-55r16-kelly-hp-91v-3\\\/\",\"url\":\"https:\\\/\\\/mmkriepas.lv\\\/en\\\/p\\\/205-55r16-kelly-hp-91v-3\\\/\",\"name\":\"205\\\/55R16 Kelly HP 91V (Goodyear) &#8226; MMK Riepas\",\"isPartOf\":{\"@id\":\"https:\\\/\\\/mmkriepas.lv\\\/en\\\/#website\"},\"primaryImageOfPage\":{\"@id\":\"https:\\\/\\\/mmkriepas.lv\\\/en\\\/p\\\/205-55r16-kelly-hp-91v-3\\\/#primaryimage\"},\"image\":{\"@id\":\"https:\\\/\\\/mmkriepas.lv\\\/en\\\/p\\\/205-55r16-kelly-hp-91v-3\\\/#primaryimage\"},\"thumbnailUrl\":\"https:\\\/\\\/mmkriepas.lv\\\/wp-content\\\/uploads\\\/2022\\\/03\\\/21555r16-kelly-hp-93h-vasaras-riepas.jpg\",\"datePublished\":\"2022-08-15T22:02:33+00:00\",\"dateModified\":\"2024-08-06T11:30:40+00:00\",\"breadcrumb\":{\"@id\":\"https:\\\/\\\/mmkriepas.lv\\\/en\\\/p\\\/205-55r16-kelly-hp-91v-3\\\/#breadcrumb\"},\"inLanguage\":\"en-US\",\"potentialAction\":[{\"@type\":\"ReadAction\",\"target\":[\"https:\\\/\\\/mmkriepas.lv\\\/en\\\/p\\\/205-55r16-kelly-hp-91v-3\\\/\"]}]},{\"@type\":\"ImageObject\",\"inLanguage\":\"en-US\",\"@id\":\"https:\\\/\\\/mmkriepas.lv\\\/en\\\/p\\\/205-55r16-kelly-hp-91v-3\\\/#primaryimage\",\"url\":\"https:\\\/\\\/mmkriepas.lv\\\/wp-content\\\/uploads\\\/2022\\\/03\\\/21555r16-kelly-hp-93h-vasaras-riepas.jpg\",\"contentUrl\":\"https:\\\/\\\/mmkriepas.lv\\\/wp-content\\\/uploads\\\/2022\\\/03\\\/21555r16-kelly-hp-93h-vasaras-riepas.jpg\",\"width\":1920,\"height\":1278,\"caption\":\"Kelly summer HP (Goodyear)\"},{\"@type\":\"BreadcrumbList\",\"@id\":\"https:\\\/\\\/mmkriepas.lv\\\/en\\\/p\\\/205-55r16-kelly-hp-91v-3\\\/#breadcrumb\",\"itemListElement\":[{\"@type\":\"ListItem\",\"position\":1,\"name\":\"S\u0101kums\",\"item\":\"https:\\\/\\\/mmkriepas.lv\\\/en\\\/\"},{\"@type\":\"ListItem\",\"position\":2,\"name\":\"205\\\/55R16 Kelly HP 91V (Goodyear)\"}]},{\"@type\":\"WebSite\",\"@id\":\"https:\\\/\\\/mmkriepas.lv\\\/en\\\/#website\",\"url\":\"https:\\\/\\\/mmkriepas.lv\\\/en\\\/\",\"name\":\"MMK Riepas\",\"description\":\"MMK Riepas\",\"alternateName\":\"MMK Riepu Serviss\",\"potentialAction\":[{\"@type\":\"SearchAction\",\"target\":{\"@type\":\"EntryPoint\",\"urlTemplate\":\"https:\\\/\\\/mmkriepas.lv\\\/en\\\/?s={search_term_string}\"},\"query-input\":{\"@type\":\"PropertyValueSpecification\",\"valueRequired\":true,\"valueName\":\"search_term_string\"}}],\"inLanguage\":\"en-US\"},{\"@type\":\"ImageObject\",\"inLanguage\":\"en-US\",\"@id\":\"https:\\\/\\\/mmkriepas.lv\\\/en\\\/p\\\/205-55r16-kelly-hp-91v-3\\\/#local-main-organization-logo\",\"url\":\"\",\"contentUrl\":\"\",\"caption\":\"MMK Riepas\"}]}<\/script>\n<meta property=\"product:brand\" content=\"Kelly HP\" \/>\n<meta property=\"product:price:amount\" content=\"49.00\" \/>\n<meta property=\"product:price:currency\" content=\"EUR\" \/>\n<meta property=\"og:availability\" content=\"instock\" \/>\n<meta property=\"product:availability\" content=\"instock\" \/>\n<meta property=\"product:retailer_item_id\" content=\"TS2055516KELLY-L3185\" \/>\n<meta property=\"product:condition\" content=\"new\" \/>\n<!-- \/ Yoast SEO Premium plugin. -->","yoast_head_json":{"title":"205\/55R16 Kelly HP 91V (Goodyear) &#8226; MMK Riepas","robots":{"index":"index","follow":"follow","max-snippet":"max-snippet:-1","max-image-preview":"max-image-preview:large","max-video-preview":"max-video-preview:-1"},"canonical":"https:\/\/mmkriepas.lv\/en\/p\/205-55r16-kelly-hp-91v-3\/","og_locale":"en_US","og_type":"article","og_title":"205\/55R16 Kelly HP 91V (Goodyear)","og_description":"Kelly HP ir vasaras riepas, kas pieder vienam no liel\u0101kajiem riepu ra\u017eot\u0101jiem pasaul\u0113 - Goodyear. K\u0101 ra\u017eot\u0101js Kelly klasific\u0113j\u0101s vid\u0113j\u0101 klas\u0113, ta\u010du faktiski kvalit\u0101tes zi\u0146\u0101 neatpaliek no premium klases riep\u0101m. Kvalitat\u012bvas riepas par labu cenu. Maks\u0101 tikai nedaudz d\u0101rg\u0101k k\u0101 viss l\u0113t\u0101k\u0101s \u0137\u012bnie\u0161u riepas.","og_url":"https:\/\/mmkriepas.lv\/en\/p\/205-55r16-kelly-hp-91v-3\/","og_site_name":"MMK Riepas","article_publisher":"https:\/\/www.facebook.com\/mmkserviss\/","article_modified_time":"2024-08-06T11:30:40+00:00","og_image":[{"width":1920,"height":1278,"url":"https:\/\/mmkriepas.lv\/wp-content\/uploads\/2022\/03\/21555r16-kelly-hp-93h-vasaras-riepas.jpg","type":"image\/jpeg"}],"twitter_card":"summary_large_image","twitter_misc":{"Price":"&euro;49.00","Availability":"In stock"},"schema":{"@context":"https:\/\/schema.org","@graph":[{"@type":"WebPage","@id":"https:\/\/mmkriepas.lv\/en\/p\/205-55r16-kelly-hp-91v-3\/","url":"https:\/\/mmkriepas.lv\/en\/p\/205-55r16-kelly-hp-91v-3\/","name":"205\/55R16 Kelly HP 91V (Goodyear) &#8226; MMK Riepas","isPartOf":{"@id":"https:\/\/mmkriepas.lv\/en\/#website"},"primaryImageOfPage":{"@id":"https:\/\/mmkriepas.lv\/en\/p\/205-55r16-kelly-hp-91v-3\/#primaryimage"},"image":{"@id":"https:\/\/mmkriepas.lv\/en\/p\/205-55r16-kelly-hp-91v-3\/#primaryimage"},"thumbnailUrl":"https:\/\/mmkriepas.lv\/wp-content\/uploads\/2022\/03\/21555r16-kelly-hp-93h-vasaras-riepas.jpg","datePublished":"2022-08-15T22:02:33+00:00","dateModified":"2024-08-06T11:30:40+00:00","breadcrumb":{"@id":"https:\/\/mmkriepas.lv\/en\/p\/205-55r16-kelly-hp-91v-3\/#breadcrumb"},"inLanguage":"en-US","potentialAction":[{"@type":"ReadAction","target":["https:\/\/mmkriepas.lv\/en\/p\/205-55r16-kelly-hp-91v-3\/"]}]},{"@type":"ImageObject","inLanguage":"en-US","@id":"https:\/\/mmkriepas.lv\/en\/p\/205-55r16-kelly-hp-91v-3\/#primaryimage","url":"https:\/\/mmkriepas.lv\/wp-content\/uploads\/2022\/03\/21555r16-kelly-hp-93h-vasaras-riepas.jpg","contentUrl":"https:\/\/mmkriepas.lv\/wp-content\/uploads\/2022\/03\/21555r16-kelly-hp-93h-vasaras-riepas.jpg","width":1920,"height":1278,"caption":"Kelly summer HP (Goodyear)"},{"@type":"BreadcrumbList","@id":"https:\/\/mmkriepas.lv\/en\/p\/205-55r16-kelly-hp-91v-3\/#breadcrumb","itemListElement":[{"@type":"ListItem","position":1,"name":"S\u0101kums","item":"https:\/\/mmkriepas.lv\/en\/"},{"@type":"ListItem","position":2,"name":"205\/55R16 Kelly HP 91V (Goodyear)"}]},{"@type":"WebSite","@id":"https:\/\/mmkriepas.lv\/en\/#website","url":"https:\/\/mmkriepas.lv\/en\/","name":"MMK Riepas","description":"MMK Riepas","alternateName":"MMK Riepu Serviss","potentialAction":[{"@type":"SearchAction","target":{"@type":"EntryPoint","urlTemplate":"https:\/\/mmkriepas.lv\/en\/?s={search_term_string}"},"query-input":{"@type":"PropertyValueSpecification","valueRequired":true,"valueName":"search_term_string"}}],"inLanguage":"en-US"},{"@type":"ImageObject","inLanguage":"en-US","@id":"https:\/\/mmkriepas.lv\/en\/p\/205-55r16-kelly-hp-91v-3\/#local-main-organization-logo","url":"","contentUrl":"","caption":"MMK Riepas"}]},"product_brand":"Kelly HP","product_price_amount":"49.00","product_price_currency":"EUR","og_availability":"instock","product_availability":"instock","product_retailer_item_id":"TS2055516KELLY-L3185","product_condition":"new"},"_links":{"self":[{"href":"https:\/\/mmkriepas.lv\/en\/wp-json\/wp\/v2\/product\/281551","targetHints":{"allow":["GET"]}}],"collection":[{"href":"https:\/\/mmkriepas.lv\/en\/wp-json\/wp\/v2\/product"}],"about":[{"href":"https:\/\/mmkriepas.lv\/en\/wp-json\/wp\/v2\/types\/product"}],"wp:featuredmedia":[{"embeddable":true,"href":"https:\/\/mmkriepas.lv\/en\/wp-json\/wp\/v2\/media\/228685"}],"wp:attachment":[{"href":"https:\/\/mmkriepas.lv\/en\/wp-json\/wp\/v2\/media?parent=281551"}],"wp:term":[{"taxonomy":"product_brand","embeddable":true,"href":"https:\/\/mmkriepas.lv\/en\/wp-json\/wp\/v2\/product_brand?post=281551"},{"taxonomy":"product_cat","embeddable":true,"href":"https:\/\/mmkriepas.lv\/en\/wp-json\/wp\/v2\/product_cat?post=281551"},{"taxonomy":"product_tag","embeddable":true,"href":"https:\/\/mmkriepas.lv\/en\/wp-json\/wp\/v2\/product_tag?post=281551"}],"curies":[{"name":"wp","href":"https:\/\/api.w.org\/{rel}","templated":true}]}}