{"id":280769,"date":"2022-08-16T00:29:06","date_gmt":"2022-08-15T21:29:06","guid":{"rendered":"https:\/\/mmkserviss.lv\/?post_type=product&#038;p=280769"},"modified":"2024-08-06T14:25:06","modified_gmt":"2024-08-06T11:25:06","slug":"165-60r14-toyo-nanoenergy-3-75t-dot","status":"publish","type":"product","link":"https:\/\/mmkriepas.lv\/en\/p\/165-60r14-toyo-nanoenergy-3-75t-dot\/","title":{"rendered":"165\/60R14 Toyo NanoEnergy 3 75T DOT"},"content":{"rendered":"<p><strong>Toyo NanoEnergy 3<\/strong> vasaras riepas ir viens no jaun\u0101kajiem sniegumiem Jap\u0101nas riepu industrij\u0101. \u0160im modelim ir rakstur\u012bgs \u013coti zems degvielas pat\u0113ri\u0146\u0161, k\u0101 ar\u012b \u013coti ilgs kalpo\u0161anas laiks. Riepas pieejamas no R13 l\u012bdz R15. Tas \u013cauj mums ar p\u0101rliec\u012bbu apgalvot, ka mazo kompakto automa\u0161\u012bnu \u012bpa\u0161nieki ir galven\u0101 \u0161\u012b mode\u013ca m\u0113r\u0137auditorija.<\/p>\n<h2><strong>NanoEnergy 3 \u012bpa\u0161\u012bbas:<\/strong><\/h2>\n<p>+ augsta notur\u012bba pret akvaplan\u0113\u0161anu<\/p>\n<p>+ augsta nodilumiztur\u012bba<\/p>\n<p>+ C klases indekss sa\u0137erei uz mitra seguma<\/p>\n<p>+ \u013coti labi sa\u0137eres un trok\u0161\u0146u l\u012bme\u0146a r\u0101d\u012bt\u0101ji<\/p>\n<p>+ simetrisks protektora dizains, kas uzlabots lab\u0101kam sniegumam uz sausa un mitra ce\u013ca seguma<\/p>\n<p>+ lieliska sa\u0137ere garenvirzien\u0101, pateicoties daudz\u0101m \u0161\u0137\u0113rsenisk\u0101m mal\u0101m, kuras veido centr\u0101laj\u0101 da\u013c\u0101 izvietot\u0101s bloku virknes<\/p>\n<p>+ optimiz\u0113ts spiediena sadal\u012bjums pa kontaktlaukumu, kas rezult\u0113jas vienm\u0113r\u012bg\u0101 nodilum\u0101 un ilgm\u016b\u017e\u012bb\u0101<\/p>\n<p>+ uzlabotais gumijas sast\u0101vs satur jaunas paaudzes polim\u0113ru savienojumus, k\u0101 ar\u012b silikonu, kas nodro\u0161ina lab\u0101ku sa\u0137eri ar mitru ce\u013cu un ilg\u0101ku kalpo\u0161anas laiku<\/p>\n<p>+ lieliska atbildes reakcija uz st\u016bres kust\u012bb\u0101m<\/p>\n<p><strong>NanoEnergy 3 protektora raksturojums:<\/strong><\/p>\n<ul>\n<li><strong>Protektoru raksturojo\u0161\u0101s iez\u012bmes.<\/strong> \u0160\u012bs riepas z\u012bm\u0113jumu raksturo samazin\u0101ts protektora elementu skaits. Tam par iemeslu ir protektora izstr\u0101des laik\u0101 izvirz\u012bt\u0101 priorit\u0101te &#8211; rites pretest\u012bbas samazin\u0101\u0161ana. T\u0101p\u0113c \u0161\u012b mode\u013ca protektora z\u012bm\u0113jum\u0101 ir tikai 2 garenisk\u0101s ribas.\u00a0<\/li>\n<li><strong>Lieliski nov\u0113r\u0161 akvaplan\u0113\u0161anas efektu.<\/strong> \u0160\u012bs riepas \u016bdens izvadsist\u0113ma ir viena no t\u0101s veiksm\u012bg\u0101kaj\u0101m iez\u012bm\u0113m. T\u0101s galvenie konstrukcijas elementi ir tr\u012bs plati kan\u0101li, kuri savstarp\u0113ji savienoti ar vair\u0101kiem maz\u0101kiem \u0161\u0137\u0113rseniskiem kan\u0101liem. Galvenie kan\u0101li ir\u00a0 sal\u012bdzino\u0161i liela izm\u0113ra, \u013caujot tiem uz\u0146emt iespaid\u012bgu \u016bdens daudzumu un uzreiz to izvad\u012bt no kontakta zonas. \u0160\u0101da sist\u0113ma nov\u0113r\u0161 akvaplan\u0113\u0161anas risku ar\u012b liel\u0101 \u0101trum\u0101.<\/li>\n<li><strong>Samazin\u0101ts trok\u0161\u0146a l\u012bmenis.<\/strong> Izstr\u0101d\u0101jot Toyo NanoEnergy 3 riepas, jap\u0101\u0146u eksperti lielu uzman\u012bbu piev\u0113rsa brauk\u0161anas komfortam, it \u012bpa\u0161i akustiskajam. Tas tika pan\u0101kts, pateicoties prec\u012bzi izr\u0113\u0137in\u0101tam protektora elementu izvietojumam, k\u0101 ar\u012b \u012bpa\u0161u padzi\u013cin\u0101jumu iestr\u0101dei galveno kan\u0101lu s\u0101nu mal\u0101s. Tie iev\u0113rojami samazina trok\u0161\u0146a l\u012bmeni, ko rada gaisa pl\u016bsma, kas p\u0101rvietojas caur dren\u0101\u017eas riev\u0101m. \u0160ie protektora elementi savu efektivit\u0101ti visuzskat\u0101m\u0101k demonstr\u0113 virs 100km\/h liela \u0101truma.<\/li>\n<li><strong>Uzlabots gumijas mais\u012bjums.<\/strong> Viens no NanoEnergy 3 mode\u013ca uzlabojumiem ir gumijas mais\u012bjums, kura sast\u0101vs ir iev\u0113rojami pamain\u012bjies, ja sal\u012bdzinam ar t\u0101 priek\u0161g\u0101j\u0113jiem. Pirmk\u0101rt, ir v\u0113rts atz\u012bm\u0113t jaunas paaudzes superakt\u012bva polim\u0113ra savienojuma par\u0101d\u012b\u0161anos. Ar t\u0101 pal\u012bdz\u012bbu rad\u0101s iesp\u0113ja iev\u0113rojami palielin\u0101t protektora z\u012bm\u0113juma iztur\u012bbu pret abraz\u012bviem triecieniem, k\u0101 ar\u012b samazin\u0101t rites pretest\u012bbu. J\u0101atz\u012bm\u0113 ar\u012b sil\u012bciju saturo\u0161u sast\u0101vda\u013cu kl\u0101tb\u016btne gumijas sast\u0101v\u0101, ko vairums automa\u0161\u012bnu \u012bpa\u0161nieku paz\u012bst k\u0101 sil\u012bcija dioks\u012bdu. \u0160\u012b viela nodro\u0161ina papildu sa\u0137eri ar mitru virsmu, k\u0101 ar\u012b iztur\u012bbu pret nodilumu.<\/li>\n<\/ul>\n<p>*Uzman\u012bbu: vasaras riepas var b\u016bt mar\u0137\u0113tas ar apz\u012bm\u0113jumu M + S. J\u0101\u0146em ver\u0101, ka Latvij\u0101 vasaras riepas nav piem\u0113rotas brauk\u0161anai ziemas m\u0113ne\u0161os.\u00a0<\/p>\n","protected":false},"excerpt":{"rendered":"<p><strong>Toyo NanoEnergy 3<\/strong> vasaras riepas ir viens no jaun\u0101kajiem sniegumiem Jap\u0101nas riepu industrij\u0101. \u0160im modelim ir rakstur\u012bgs \u013coti zems degvielas pat\u0113ri\u0146\u0161, k\u0101 ar\u012b \u013coti ilgs kalpo\u0161anas laiks. Riepas pieejamas no R13 l\u012bdz R15. Tas \u013cauj mums ar p\u0101rliec\u012bbu apgalvot, ka mazo kompakto automa\u0161\u012bnu \u012bpa\u0161nieki ir galven\u0101 \u0161\u012b mode\u013ca m\u0113r\u0137auditorija.<\/p>\n","protected":false},"featured_media":904565,"template":"","meta":{"_acf_changed":false,"ngg_post_thumbnail":0},"product_brand":[],"product_cat":[46],"product_tag":[],"class_list":{"0":"post-280769","1":"product","2":"type-product","3":"status-publish","4":"has-post-thumbnail","6":"product_cat-vasaras-riepas","8":"first","9":"instock","10":"taxable","11":"shipping-taxable","12":"product-type-simple"},"acf":[],"yoast_head":"<!-- This site is optimized with the Yoast SEO Premium plugin v22.6 (Yoast SEO v27.3) - https:\/\/yoast.com\/product\/yoast-seo-premium-wordpress\/ -->\n<title>165\/60R14 Toyo NanoEnergy 3 75T DOT &#8226; MMK Riepas<\/title>\n<meta name=\"robots\" content=\"index, follow, max-snippet:-1, max-image-preview:large, max-video-preview:-1\" \/>\n<link rel=\"canonical\" href=\"https:\/\/mmkriepas.lv\/en\/p\/165-60r14-toyo-nanoenergy-3-75t-dot\/\" \/>\n<meta property=\"og:locale\" content=\"en_US\" \/>\n<meta property=\"og:type\" content=\"article\" \/>\n<meta property=\"og:title\" content=\"165\/60R14 Toyo NanoEnergy 3 75T DOT\" \/>\n<meta property=\"og:description\" content=\"Toyo NanoEnergy 3 vasaras riepas ir viens no jaun\u0101kajiem sniegumiem Jap\u0101nas riepu industrij\u0101. \u0160im modelim ir rakstur\u012bgs \u013coti zems degvielas pat\u0113ri\u0146\u0161, k\u0101 ar\u012b \u013coti ilgs kalpo\u0161anas laiks. Riepas pieejamas no R13 l\u012bdz R15. Tas \u013cauj mums ar p\u0101rliec\u012bbu apgalvot, ka mazo kompakto automa\u0161\u012bnu \u012bpa\u0161nieki ir galven\u0101 \u0161\u012b mode\u013ca m\u0113r\u0137auditorija.\" \/>\n<meta property=\"og:url\" content=\"https:\/\/mmkriepas.lv\/en\/p\/165-60r14-toyo-nanoenergy-3-75t-dot\/\" \/>\n<meta property=\"og:site_name\" content=\"MMK Riepas\" \/>\n<meta property=\"article:publisher\" content=\"https:\/\/www.facebook.com\/mmkserviss\/\" \/>\n<meta property=\"article:modified_time\" content=\"2024-08-06T11:25:06+00:00\" \/>\n<meta property=\"og:image\" content=\"https:\/\/mmkriepas.lv\/wp-content\/uploads\/2024\/05\/toyo-nanoenergy-3.jpg\" \/>\n\t<meta property=\"og:image:width\" content=\"900\" \/>\n\t<meta property=\"og:image:height\" content=\"720\" \/>\n\t<meta property=\"og:image:type\" content=\"image\/jpeg\" \/>\n<meta name=\"twitter:card\" content=\"summary_large_image\" \/>\n<meta name=\"twitter:label1\" content=\"Price\" \/>\n\t<meta name=\"twitter:data1\" content=\"&euro;40.00\" \/>\n\t<meta name=\"twitter:label2\" content=\"Availability\" \/>\n\t<meta name=\"twitter:data2\" content=\"In stock\" \/>\n<script type=\"application\/ld+json\" class=\"yoast-schema-graph\">{\"@context\":\"https:\\\/\\\/schema.org\",\"@graph\":[{\"@type\":\"WebPage\",\"@id\":\"https:\\\/\\\/mmkriepas.lv\\\/en\\\/p\\\/165-60r14-toyo-nanoenergy-3-75t-dot\\\/\",\"url\":\"https:\\\/\\\/mmkriepas.lv\\\/en\\\/p\\\/165-60r14-toyo-nanoenergy-3-75t-dot\\\/\",\"name\":\"165\\\/60R14 Toyo NanoEnergy 3 75T DOT &#8226; MMK Riepas\",\"isPartOf\":{\"@id\":\"https:\\\/\\\/mmkriepas.lv\\\/en\\\/#website\"},\"primaryImageOfPage\":{\"@id\":\"https:\\\/\\\/mmkriepas.lv\\\/en\\\/p\\\/165-60r14-toyo-nanoenergy-3-75t-dot\\\/#primaryimage\"},\"image\":{\"@id\":\"https:\\\/\\\/mmkriepas.lv\\\/en\\\/p\\\/165-60r14-toyo-nanoenergy-3-75t-dot\\\/#primaryimage\"},\"thumbnailUrl\":\"https:\\\/\\\/mmkriepas.lv\\\/wp-content\\\/uploads\\\/2024\\\/05\\\/toyo-nanoenergy-3.jpg\",\"datePublished\":\"2022-08-15T21:29:06+00:00\",\"dateModified\":\"2024-08-06T11:25:06+00:00\",\"breadcrumb\":{\"@id\":\"https:\\\/\\\/mmkriepas.lv\\\/en\\\/p\\\/165-60r14-toyo-nanoenergy-3-75t-dot\\\/#breadcrumb\"},\"inLanguage\":\"en-US\",\"potentialAction\":[{\"@type\":\"ReadAction\",\"target\":[\"https:\\\/\\\/mmkriepas.lv\\\/en\\\/p\\\/165-60r14-toyo-nanoenergy-3-75t-dot\\\/\"]}]},{\"@type\":\"ImageObject\",\"inLanguage\":\"en-US\",\"@id\":\"https:\\\/\\\/mmkriepas.lv\\\/en\\\/p\\\/165-60r14-toyo-nanoenergy-3-75t-dot\\\/#primaryimage\",\"url\":\"https:\\\/\\\/mmkriepas.lv\\\/wp-content\\\/uploads\\\/2024\\\/05\\\/toyo-nanoenergy-3.jpg\",\"contentUrl\":\"https:\\\/\\\/mmkriepas.lv\\\/wp-content\\\/uploads\\\/2024\\\/05\\\/toyo-nanoenergy-3.jpg\",\"width\":900,\"height\":720,\"caption\":\"MAIN\"},{\"@type\":\"BreadcrumbList\",\"@id\":\"https:\\\/\\\/mmkriepas.lv\\\/en\\\/p\\\/165-60r14-toyo-nanoenergy-3-75t-dot\\\/#breadcrumb\",\"itemListElement\":[{\"@type\":\"ListItem\",\"position\":1,\"name\":\"S\u0101kums\",\"item\":\"https:\\\/\\\/mmkriepas.lv\\\/en\\\/\"},{\"@type\":\"ListItem\",\"position\":2,\"name\":\"165\\\/60R14 Toyo NanoEnergy 3 75T DOT\"}]},{\"@type\":\"WebSite\",\"@id\":\"https:\\\/\\\/mmkriepas.lv\\\/en\\\/#website\",\"url\":\"https:\\\/\\\/mmkriepas.lv\\\/en\\\/\",\"name\":\"MMK Riepas\",\"description\":\"MMK Riepas\",\"alternateName\":\"MMK Riepu Serviss\",\"potentialAction\":[{\"@type\":\"SearchAction\",\"target\":{\"@type\":\"EntryPoint\",\"urlTemplate\":\"https:\\\/\\\/mmkriepas.lv\\\/en\\\/?s={search_term_string}\"},\"query-input\":{\"@type\":\"PropertyValueSpecification\",\"valueRequired\":true,\"valueName\":\"search_term_string\"}}],\"inLanguage\":\"en-US\"},{\"@type\":\"ImageObject\",\"inLanguage\":\"en-US\",\"@id\":\"https:\\\/\\\/mmkriepas.lv\\\/en\\\/p\\\/165-60r14-toyo-nanoenergy-3-75t-dot\\\/#local-main-organization-logo\",\"url\":\"\",\"contentUrl\":\"\",\"caption\":\"MMK Riepas\"}]}<\/script>\n<meta property=\"product:brand\" content=\"Toyo NanoEnergy 3\" \/>\n<meta property=\"product:price:amount\" content=\"40.00\" \/>\n<meta property=\"product:price:currency\" content=\"EUR\" \/>\n<meta property=\"og:availability\" content=\"instock\" \/>\n<meta property=\"product:availability\" content=\"instock\" \/>\n<meta property=\"product:retailer_item_id\" content=\"TS1656014TOYO-L2904\" \/>\n<meta property=\"product:condition\" content=\"new\" \/>\n<!-- \/ Yoast SEO Premium plugin. -->","yoast_head_json":{"title":"165\/60R14 Toyo NanoEnergy 3 75T DOT &#8226; MMK Riepas","robots":{"index":"index","follow":"follow","max-snippet":"max-snippet:-1","max-image-preview":"max-image-preview:large","max-video-preview":"max-video-preview:-1"},"canonical":"https:\/\/mmkriepas.lv\/en\/p\/165-60r14-toyo-nanoenergy-3-75t-dot\/","og_locale":"en_US","og_type":"article","og_title":"165\/60R14 Toyo NanoEnergy 3 75T DOT","og_description":"Toyo NanoEnergy 3 vasaras riepas ir viens no jaun\u0101kajiem sniegumiem Jap\u0101nas riepu industrij\u0101. \u0160im modelim ir rakstur\u012bgs \u013coti zems degvielas pat\u0113ri\u0146\u0161, k\u0101 ar\u012b \u013coti ilgs kalpo\u0161anas laiks. Riepas pieejamas no R13 l\u012bdz R15. Tas \u013cauj mums ar p\u0101rliec\u012bbu apgalvot, ka mazo kompakto automa\u0161\u012bnu \u012bpa\u0161nieki ir galven\u0101 \u0161\u012b mode\u013ca m\u0113r\u0137auditorija.","og_url":"https:\/\/mmkriepas.lv\/en\/p\/165-60r14-toyo-nanoenergy-3-75t-dot\/","og_site_name":"MMK Riepas","article_publisher":"https:\/\/www.facebook.com\/mmkserviss\/","article_modified_time":"2024-08-06T11:25:06+00:00","og_image":[{"width":900,"height":720,"url":"https:\/\/mmkriepas.lv\/wp-content\/uploads\/2024\/05\/toyo-nanoenergy-3.jpg","type":"image\/jpeg"}],"twitter_card":"summary_large_image","twitter_misc":{"Price":"&euro;40.00","Availability":"In stock"},"schema":{"@context":"https:\/\/schema.org","@graph":[{"@type":"WebPage","@id":"https:\/\/mmkriepas.lv\/en\/p\/165-60r14-toyo-nanoenergy-3-75t-dot\/","url":"https:\/\/mmkriepas.lv\/en\/p\/165-60r14-toyo-nanoenergy-3-75t-dot\/","name":"165\/60R14 Toyo NanoEnergy 3 75T DOT &#8226; MMK Riepas","isPartOf":{"@id":"https:\/\/mmkriepas.lv\/en\/#website"},"primaryImageOfPage":{"@id":"https:\/\/mmkriepas.lv\/en\/p\/165-60r14-toyo-nanoenergy-3-75t-dot\/#primaryimage"},"image":{"@id":"https:\/\/mmkriepas.lv\/en\/p\/165-60r14-toyo-nanoenergy-3-75t-dot\/#primaryimage"},"thumbnailUrl":"https:\/\/mmkriepas.lv\/wp-content\/uploads\/2024\/05\/toyo-nanoenergy-3.jpg","datePublished":"2022-08-15T21:29:06+00:00","dateModified":"2024-08-06T11:25:06+00:00","breadcrumb":{"@id":"https:\/\/mmkriepas.lv\/en\/p\/165-60r14-toyo-nanoenergy-3-75t-dot\/#breadcrumb"},"inLanguage":"en-US","potentialAction":[{"@type":"ReadAction","target":["https:\/\/mmkriepas.lv\/en\/p\/165-60r14-toyo-nanoenergy-3-75t-dot\/"]}]},{"@type":"ImageObject","inLanguage":"en-US","@id":"https:\/\/mmkriepas.lv\/en\/p\/165-60r14-toyo-nanoenergy-3-75t-dot\/#primaryimage","url":"https:\/\/mmkriepas.lv\/wp-content\/uploads\/2024\/05\/toyo-nanoenergy-3.jpg","contentUrl":"https:\/\/mmkriepas.lv\/wp-content\/uploads\/2024\/05\/toyo-nanoenergy-3.jpg","width":900,"height":720,"caption":"MAIN"},{"@type":"BreadcrumbList","@id":"https:\/\/mmkriepas.lv\/en\/p\/165-60r14-toyo-nanoenergy-3-75t-dot\/#breadcrumb","itemListElement":[{"@type":"ListItem","position":1,"name":"S\u0101kums","item":"https:\/\/mmkriepas.lv\/en\/"},{"@type":"ListItem","position":2,"name":"165\/60R14 Toyo NanoEnergy 3 75T DOT"}]},{"@type":"WebSite","@id":"https:\/\/mmkriepas.lv\/en\/#website","url":"https:\/\/mmkriepas.lv\/en\/","name":"MMK Riepas","description":"MMK Riepas","alternateName":"MMK Riepu Serviss","potentialAction":[{"@type":"SearchAction","target":{"@type":"EntryPoint","urlTemplate":"https:\/\/mmkriepas.lv\/en\/?s={search_term_string}"},"query-input":{"@type":"PropertyValueSpecification","valueRequired":true,"valueName":"search_term_string"}}],"inLanguage":"en-US"},{"@type":"ImageObject","inLanguage":"en-US","@id":"https:\/\/mmkriepas.lv\/en\/p\/165-60r14-toyo-nanoenergy-3-75t-dot\/#local-main-organization-logo","url":"","contentUrl":"","caption":"MMK Riepas"}]},"product_brand":"Toyo NanoEnergy 3","product_price_amount":"40.00","product_price_currency":"EUR","og_availability":"instock","product_availability":"instock","product_retailer_item_id":"TS1656014TOYO-L2904","product_condition":"new"},"_links":{"self":[{"href":"https:\/\/mmkriepas.lv\/en\/wp-json\/wp\/v2\/product\/280769","targetHints":{"allow":["GET"]}}],"collection":[{"href":"https:\/\/mmkriepas.lv\/en\/wp-json\/wp\/v2\/product"}],"about":[{"href":"https:\/\/mmkriepas.lv\/en\/wp-json\/wp\/v2\/types\/product"}],"wp:featuredmedia":[{"embeddable":true,"href":"https:\/\/mmkriepas.lv\/en\/wp-json\/wp\/v2\/media\/904565"}],"wp:attachment":[{"href":"https:\/\/mmkriepas.lv\/en\/wp-json\/wp\/v2\/media?parent=280769"}],"wp:term":[{"taxonomy":"product_brand","embeddable":true,"href":"https:\/\/mmkriepas.lv\/en\/wp-json\/wp\/v2\/product_brand?post=280769"},{"taxonomy":"product_cat","embeddable":true,"href":"https:\/\/mmkriepas.lv\/en\/wp-json\/wp\/v2\/product_cat?post=280769"},{"taxonomy":"product_tag","embeddable":true,"href":"https:\/\/mmkriepas.lv\/en\/wp-json\/wp\/v2\/product_tag?post=280769"}],"curies":[{"name":"wp","href":"https:\/\/api.w.org\/{rel}","templated":true}]}}