{"id":280570,"date":"2022-08-16T00:21:00","date_gmt":"2022-08-15T21:21:00","guid":{"rendered":"https:\/\/mmkserviss.lv\/?post_type=product&#038;p=280570"},"modified":"2025-03-07T17:51:08","modified_gmt":"2025-03-07T15:51:08","slug":"255-55r19-toyo-proxes-sport-suv-111y-xl-2","status":"publish","type":"product","link":"https:\/\/mmkriepas.lv\/en\/p\/255-55r19-toyo-proxes-sport-suv-111y-xl-2\/","title":{"rendered":"255\/55R19 Toyo Proxes Sport SUV 111Y XL RP"},"content":{"rendered":"<p><strong>Toyo Proxes Sport SUV<\/strong> ir vasaras riepa, kas paredz\u0113ta gandr\u012bz jebkuram modernajam krosover tipa automob\u012blim, jeb t\u0101 sauktajiem pils\u0113tas d\u017eipiem. \u0160is riepu modelis ir paredz\u0113ts eksplut\u0101cijai uz asfalt\u0113tiem ce\u013ciem &#8211; pils\u0113tvid\u0113 vai \u0101rpus. T\u0101 ir uzlabota Toyo Proxes Sport versija, kas tiek veiksm\u012bgi pielietota vieglajiem auto un tirg\u016b atrodama jau vair\u0101kus gadus. Toyo Proxes Sport SUV kl\u0101t n\u0101kusi pastiprin\u0101ta r\u0101mja un s\u0101nu malas konstrukcija, kas ir nepiecie\u0161ams SUV augst\u0101 smaguma centra un palielin\u0101t\u0101 svara d\u0113\u013c!<\/p>\n<h2><strong>Proxes Sport SUV <\/strong>\u012bpa\u0161\u012bbas:<\/h2>\n<p>+ teicama darb\u012bba liel\u0101 \u0101trum\u0101<\/p>\n<p>+ augsta notur\u012bba pret akvaplan\u0113\u0161anu<\/p>\n<p>+ liels \u0101truma\/ slodzes indekss visos izm\u0113ros<\/p>\n<p>+ A klases indekss sa\u0137erei uz mitra seguma<\/p>\n<p>+ pateicoties mal\u0113jo protektora bloku izvietojumam virz\u012bb\u0101 uz centr\u0101lo da\u013cu, k\u0101 ar\u012b to palielin\u0101t\u0101 skaita rezult\u0101t\u0101, ir samazin\u0101ts bremz\u0113\u0161anas ce\u013ca garums<\/p>\n<p>+ prec\u012bza vad\u0101m\u012bba un augsts vilkmes sp\u0113ks, kas uzlabots dren\u0101\u017eas rievu konisk\u0101s formas d\u0113\u013c<\/p>\n<p>+ no jauna uzlabota protektora s\u0101nu malu uzb\u016bve, atvieglo automa\u0161\u012bnas vad\u012bbu, \u012bpa\u0161i sare\u017e\u0123\u012btos apst\u0101k\u013cos (strauji pagriezieni utml.)<\/p>\n<p>+ skelets, kas pastiprin\u0101ts ar papildus neilona pinumiem, palielina stabilit\u0101ti manevr\u0113\u0161anas laik\u0101<\/p>\n<p>+ \u013coti labi sa\u0137eres un trok\u0161\u0146u l\u012bme\u0146a r\u0101d\u012bt\u0101ji (klusas riepas)<\/p>\n<p>+ pastiprin\u0101ta riepas uzb\u016bve &#8211; XL borti<\/p>\n<p>+ lieliska atbildes reakcija uz st\u016bres kust\u012bb\u0101m<\/p>\n<p><strong>Proxes Sport SUV raksturojums:<\/strong><\/p>\n<p><strong>Lieliska bremz\u0113\u0161ana da\u017e\u0101dos apst\u0101k\u013cos.<\/strong> Protektora z\u012bm\u0113jum\u0101 ir daudz \u0161\u0137\u0113rseniski izvietotu elementu. Tie ir \u016bdens izvadkan\u0101li, kas atrodas div\u0101s no trim centr\u0101l\u0101s da\u013cas rib\u0101m. Tie ir novietoti virzien\u0101 viens pret otru. L\u012bdz ar palielin\u0101tu perpendikul\u0101ro lame\u013cu garumu plecu zon\u0101s, ir iev\u0113rojami samazin\u0101ts bremz\u0113\u0161anas ce\u013ca garums, neatkar\u012bgi no ce\u013ca seguma apst\u0101k\u013ciem. Turkl\u0101t, to sl\u012bpais izvietojums, kust\u012bbas re\u017e\u012bm\u0101 palielina virziena stabilit\u0101ti.<\/p>\n<p><strong>Prec\u012bza kontrole un sa\u0137eres stabilit\u0101te.<\/strong> Skatoties s\u0101nu projekcij\u0101 dren\u0101\u017eas kan\u0101li ir koniskas formas. Tas palielina centr\u0101l\u0101s da\u013cas garenisko ribu un plecu bloku iztur\u012bbu pret deform\u0101ciju. T\u0101 rezult\u0101t\u0101 riepu reakcija uz st\u016bres manevriem ir prec\u012bz\u0101ka k\u0101 ar\u012b sa\u0137ere ir stabil\u0101ka.<\/p>\n<p><strong>Paredzama iztur\u0113\u0161an\u0101s sare\u017e\u0123\u012btos apst\u0101k\u013cos.<\/strong> Riepas protektora virsma, kas tie\u0161\u0101 veid\u0101 ir pak\u013cauta saskarei ar ce\u013cu, piedz\u012bvojusi man\u0101mus uzlabojumus, ja sal\u012bdzinam ar vieglo auto modeli Toyo Proxes Sport. Daudz papildus \u0161\u0137\u0113rsenisko ribu ievie\u0161ana riepas skelet\u0101\u00a0 iev\u0113rojami palielin\u0101ja kontakta vietu, nodro\u0161inot tai formu, kas ir tuvu kvadr\u0101tam. \u0160is risin\u0101jums \u013cauj vienm\u0113r\u012bgi sadal\u012bt slodzi, kas rodas automa\u0161\u012bnas svaram saskaroties ar ce\u013ca virsmu!<\/p>\n<p>*Uzman\u012bbu: Uz vasaras riepu s\u0101nu bortiem var b\u016bt apz\u012bm\u0113jums M+S. \u0160is apz\u012bm\u0113jums gan nenoz\u012bm\u0113, ka t\u0101s ir piem\u0113rotas izmanto\u0161anai Latvijas ziemas apst\u0101k\u013cos! S\u012bk\u0101k par \u0161o un citiem apz\u012bm\u0113jumiem dro\u0161i jaut\u0101jiet MMK Riepu Serviss speci\u0101listiem.<\/p>\n","protected":false},"excerpt":{"rendered":"<p><b><span style=\"font-family: 'Arial',sans-serif;\">Toyo Proxes Sport SUV<\/span><\/b><span style=\"font-family: 'Arial',sans-serif;\"> ir vasaras riepa, kas paredz\u0113ta gandr\u012bz jebkuram modernajam krosover tipa automob\u012blim, jeb t\u0101 sauktajiem pils\u0113tas d\u017eipiem. \u0160is riepu modelis ir paredz\u0113ts eksplut\u0101cijai uz asfalt\u0113tiem ce\u013ciem &#8211; pils\u0113tvid\u0113 vai \u0101rpus. T\u0101 ir uzlabota Toyo Proxes Sport versija, kas tiek veiksm\u012bgi pielietota vieglajiem auto un tirg\u016b atrodama jau vair\u0101kus gadus. Toyo Proxes Sport SUV kl\u0101t n\u0101kusi pastiprin\u0101ta r\u0101mja un s\u0101nu malas konstrukcija, kas ir nepiecie\u0161ams SUV augst\u0101 smaguma centra un palielin\u0101t\u0101 svara d\u0113\u013c! <o:p><\/o:p><\/span><\/p>\n","protected":false},"featured_media":939447,"template":"","meta":{"_acf_changed":false,"ngg_post_thumbnail":0},"product_brand":[],"product_cat":[46],"product_tag":[],"class_list":{"0":"post-280570","1":"product","2":"type-product","3":"status-publish","4":"has-post-thumbnail","6":"product_cat-vasaras-riepas","8":"first","9":"outofstock","10":"sale","11":"taxable","12":"shipping-taxable","13":"product-type-simple"},"acf":[],"yoast_head":"<!-- This site is optimized with the Yoast SEO Premium plugin v22.6 (Yoast SEO v27.3) - https:\/\/yoast.com\/product\/yoast-seo-premium-wordpress\/ -->\n<title>255\/55R19 Toyo Proxes Sport SUV 111Y XL RP &#8226; MMK Riepas<\/title>\n<meta name=\"robots\" content=\"index, follow, max-snippet:-1, max-image-preview:large, max-video-preview:-1\" \/>\n<link rel=\"canonical\" href=\"https:\/\/mmkriepas.lv\/en\/p\/255-55r19-toyo-proxes-sport-suv-111y-xl-2\/\" \/>\n<meta property=\"og:locale\" content=\"en_US\" \/>\n<meta property=\"og:type\" content=\"article\" \/>\n<meta property=\"og:title\" content=\"255\/55R19 Toyo Proxes Sport SUV 111Y XL RP\" \/>\n<meta property=\"og:description\" content=\"Toyo Proxes Sport SUV ir vasaras riepa, kas paredz\u0113ta gandr\u012bz jebkuram modernajam krosover tipa automob\u012blim, jeb t\u0101 sauktajiem pils\u0113tas d\u017eipiem. \u0160is riepu modelis ir paredz\u0113ts eksplut\u0101cijai uz asfalt\u0113tiem ce\u013ciem - pils\u0113tvid\u0113 vai \u0101rpus. T\u0101 ir uzlabota Toyo Proxes Sport versija, kas tiek veiksm\u012bgi pielietota vieglajiem auto un tirg\u016b atrodama jau vair\u0101kus gadus. Toyo Proxes Sport SUV kl\u0101t n\u0101kusi pastiprin\u0101ta r\u0101mja un s\u0101nu malas konstrukcija, kas ir nepiecie\u0161ams SUV augst\u0101 smaguma centra un palielin\u0101t\u0101 svara d\u0113\u013c!\" \/>\n<meta property=\"og:url\" content=\"https:\/\/mmkriepas.lv\/en\/p\/255-55r19-toyo-proxes-sport-suv-111y-xl-2\/\" \/>\n<meta property=\"og:site_name\" content=\"MMK Riepas\" \/>\n<meta property=\"article:publisher\" content=\"https:\/\/www.facebook.com\/mmkserviss\/\" \/>\n<meta property=\"article:modified_time\" content=\"2025-03-07T15:51:08+00:00\" \/>\n<meta property=\"og:image\" content=\"https:\/\/mmkriepas.lv\/wp-content\/uploads\/2024\/07\/toyo-proxes-sport.jpg\" \/>\n\t<meta property=\"og:image:width\" content=\"900\" \/>\n\t<meta property=\"og:image:height\" content=\"720\" \/>\n\t<meta property=\"og:image:type\" content=\"image\/jpeg\" \/>\n<meta name=\"twitter:card\" content=\"summary_large_image\" \/>\n<meta name=\"twitter:label1\" content=\"Price\" \/>\n\t<meta name=\"twitter:data1\" content=\"&euro;135.00\" \/>\n\t<meta name=\"twitter:label2\" content=\"Availability\" \/>\n\t<meta name=\"twitter:data2\" content=\"Out of stock\" \/>\n<script type=\"application\/ld+json\" class=\"yoast-schema-graph\">{\"@context\":\"https:\\\/\\\/schema.org\",\"@graph\":[{\"@type\":\"WebPage\",\"@id\":\"https:\\\/\\\/mmkriepas.lv\\\/en\\\/p\\\/255-55r19-toyo-proxes-sport-suv-111y-xl-2\\\/\",\"url\":\"https:\\\/\\\/mmkriepas.lv\\\/en\\\/p\\\/255-55r19-toyo-proxes-sport-suv-111y-xl-2\\\/\",\"name\":\"255\\\/55R19 Toyo Proxes Sport SUV 111Y XL RP &#8226; MMK Riepas\",\"isPartOf\":{\"@id\":\"https:\\\/\\\/mmkriepas.lv\\\/en\\\/#website\"},\"primaryImageOfPage\":{\"@id\":\"https:\\\/\\\/mmkriepas.lv\\\/en\\\/p\\\/255-55r19-toyo-proxes-sport-suv-111y-xl-2\\\/#primaryimage\"},\"image\":{\"@id\":\"https:\\\/\\\/mmkriepas.lv\\\/en\\\/p\\\/255-55r19-toyo-proxes-sport-suv-111y-xl-2\\\/#primaryimage\"},\"thumbnailUrl\":\"https:\\\/\\\/mmkriepas.lv\\\/wp-content\\\/uploads\\\/2024\\\/07\\\/toyo-proxes-sport.jpg\",\"datePublished\":\"2022-08-15T21:21:00+00:00\",\"dateModified\":\"2025-03-07T15:51:08+00:00\",\"breadcrumb\":{\"@id\":\"https:\\\/\\\/mmkriepas.lv\\\/en\\\/p\\\/255-55r19-toyo-proxes-sport-suv-111y-xl-2\\\/#breadcrumb\"},\"inLanguage\":\"en-US\",\"potentialAction\":[{\"@type\":\"ReadAction\",\"target\":[\"https:\\\/\\\/mmkriepas.lv\\\/en\\\/p\\\/255-55r19-toyo-proxes-sport-suv-111y-xl-2\\\/\"]}]},{\"@type\":\"ImageObject\",\"inLanguage\":\"en-US\",\"@id\":\"https:\\\/\\\/mmkriepas.lv\\\/en\\\/p\\\/255-55r19-toyo-proxes-sport-suv-111y-xl-2\\\/#primaryimage\",\"url\":\"https:\\\/\\\/mmkriepas.lv\\\/wp-content\\\/uploads\\\/2024\\\/07\\\/toyo-proxes-sport.jpg\",\"contentUrl\":\"https:\\\/\\\/mmkriepas.lv\\\/wp-content\\\/uploads\\\/2024\\\/07\\\/toyo-proxes-sport.jpg\",\"width\":900,\"height\":720,\"caption\":\"MAIN\"},{\"@type\":\"BreadcrumbList\",\"@id\":\"https:\\\/\\\/mmkriepas.lv\\\/en\\\/p\\\/255-55r19-toyo-proxes-sport-suv-111y-xl-2\\\/#breadcrumb\",\"itemListElement\":[{\"@type\":\"ListItem\",\"position\":1,\"name\":\"S\u0101kums\",\"item\":\"https:\\\/\\\/mmkriepas.lv\\\/en\\\/\"},{\"@type\":\"ListItem\",\"position\":2,\"name\":\"255\\\/55R19 Toyo Proxes Sport SUV 111Y XL RP\"}]},{\"@type\":\"WebSite\",\"@id\":\"https:\\\/\\\/mmkriepas.lv\\\/en\\\/#website\",\"url\":\"https:\\\/\\\/mmkriepas.lv\\\/en\\\/\",\"name\":\"MMK Riepas\",\"description\":\"MMK Riepas\",\"alternateName\":\"MMK Riepu Serviss\",\"potentialAction\":[{\"@type\":\"SearchAction\",\"target\":{\"@type\":\"EntryPoint\",\"urlTemplate\":\"https:\\\/\\\/mmkriepas.lv\\\/en\\\/?s={search_term_string}\"},\"query-input\":{\"@type\":\"PropertyValueSpecification\",\"valueRequired\":true,\"valueName\":\"search_term_string\"}}],\"inLanguage\":\"en-US\"},{\"@type\":\"ImageObject\",\"inLanguage\":\"en-US\",\"@id\":\"https:\\\/\\\/mmkriepas.lv\\\/en\\\/p\\\/255-55r19-toyo-proxes-sport-suv-111y-xl-2\\\/#local-main-organization-logo\",\"url\":\"\",\"contentUrl\":\"\",\"caption\":\"MMK Riepas\"}]}<\/script>\n<meta property=\"product:brand\" content=\"Toyo Proxes Sport SUV\" \/>\n<meta property=\"product:price:amount\" content=\"135.00\" \/>\n<meta property=\"product:price:currency\" content=\"EUR\" \/>\n<meta property=\"og:availability\" content=\"out of stock\" \/>\n<meta property=\"product:availability\" content=\"out of stock\" \/>\n<meta property=\"product:retailer_item_id\" content=\"TS2555519TOYO-2792\" \/>\n<meta property=\"product:condition\" content=\"new\" \/>\n<!-- \/ Yoast SEO Premium plugin. -->","yoast_head_json":{"title":"255\/55R19 Toyo Proxes Sport SUV 111Y XL RP &#8226; MMK Riepas","robots":{"index":"index","follow":"follow","max-snippet":"max-snippet:-1","max-image-preview":"max-image-preview:large","max-video-preview":"max-video-preview:-1"},"canonical":"https:\/\/mmkriepas.lv\/en\/p\/255-55r19-toyo-proxes-sport-suv-111y-xl-2\/","og_locale":"en_US","og_type":"article","og_title":"255\/55R19 Toyo Proxes Sport SUV 111Y XL RP","og_description":"Toyo Proxes Sport SUV ir vasaras riepa, kas paredz\u0113ta gandr\u012bz jebkuram modernajam krosover tipa automob\u012blim, jeb t\u0101 sauktajiem pils\u0113tas d\u017eipiem. \u0160is riepu modelis ir paredz\u0113ts eksplut\u0101cijai uz asfalt\u0113tiem ce\u013ciem - pils\u0113tvid\u0113 vai \u0101rpus. T\u0101 ir uzlabota Toyo Proxes Sport versija, kas tiek veiksm\u012bgi pielietota vieglajiem auto un tirg\u016b atrodama jau vair\u0101kus gadus. Toyo Proxes Sport SUV kl\u0101t n\u0101kusi pastiprin\u0101ta r\u0101mja un s\u0101nu malas konstrukcija, kas ir nepiecie\u0161ams SUV augst\u0101 smaguma centra un palielin\u0101t\u0101 svara d\u0113\u013c!","og_url":"https:\/\/mmkriepas.lv\/en\/p\/255-55r19-toyo-proxes-sport-suv-111y-xl-2\/","og_site_name":"MMK Riepas","article_publisher":"https:\/\/www.facebook.com\/mmkserviss\/","article_modified_time":"2025-03-07T15:51:08+00:00","og_image":[{"width":900,"height":720,"url":"https:\/\/mmkriepas.lv\/wp-content\/uploads\/2024\/07\/toyo-proxes-sport.jpg","type":"image\/jpeg"}],"twitter_card":"summary_large_image","twitter_misc":{"Price":"&euro;135.00","Availability":"Out of stock"},"schema":{"@context":"https:\/\/schema.org","@graph":[{"@type":"WebPage","@id":"https:\/\/mmkriepas.lv\/en\/p\/255-55r19-toyo-proxes-sport-suv-111y-xl-2\/","url":"https:\/\/mmkriepas.lv\/en\/p\/255-55r19-toyo-proxes-sport-suv-111y-xl-2\/","name":"255\/55R19 Toyo Proxes Sport SUV 111Y XL RP &#8226; MMK Riepas","isPartOf":{"@id":"https:\/\/mmkriepas.lv\/en\/#website"},"primaryImageOfPage":{"@id":"https:\/\/mmkriepas.lv\/en\/p\/255-55r19-toyo-proxes-sport-suv-111y-xl-2\/#primaryimage"},"image":{"@id":"https:\/\/mmkriepas.lv\/en\/p\/255-55r19-toyo-proxes-sport-suv-111y-xl-2\/#primaryimage"},"thumbnailUrl":"https:\/\/mmkriepas.lv\/wp-content\/uploads\/2024\/07\/toyo-proxes-sport.jpg","datePublished":"2022-08-15T21:21:00+00:00","dateModified":"2025-03-07T15:51:08+00:00","breadcrumb":{"@id":"https:\/\/mmkriepas.lv\/en\/p\/255-55r19-toyo-proxes-sport-suv-111y-xl-2\/#breadcrumb"},"inLanguage":"en-US","potentialAction":[{"@type":"ReadAction","target":["https:\/\/mmkriepas.lv\/en\/p\/255-55r19-toyo-proxes-sport-suv-111y-xl-2\/"]}]},{"@type":"ImageObject","inLanguage":"en-US","@id":"https:\/\/mmkriepas.lv\/en\/p\/255-55r19-toyo-proxes-sport-suv-111y-xl-2\/#primaryimage","url":"https:\/\/mmkriepas.lv\/wp-content\/uploads\/2024\/07\/toyo-proxes-sport.jpg","contentUrl":"https:\/\/mmkriepas.lv\/wp-content\/uploads\/2024\/07\/toyo-proxes-sport.jpg","width":900,"height":720,"caption":"MAIN"},{"@type":"BreadcrumbList","@id":"https:\/\/mmkriepas.lv\/en\/p\/255-55r19-toyo-proxes-sport-suv-111y-xl-2\/#breadcrumb","itemListElement":[{"@type":"ListItem","position":1,"name":"S\u0101kums","item":"https:\/\/mmkriepas.lv\/en\/"},{"@type":"ListItem","position":2,"name":"255\/55R19 Toyo Proxes Sport SUV 111Y XL RP"}]},{"@type":"WebSite","@id":"https:\/\/mmkriepas.lv\/en\/#website","url":"https:\/\/mmkriepas.lv\/en\/","name":"MMK Riepas","description":"MMK Riepas","alternateName":"MMK Riepu Serviss","potentialAction":[{"@type":"SearchAction","target":{"@type":"EntryPoint","urlTemplate":"https:\/\/mmkriepas.lv\/en\/?s={search_term_string}"},"query-input":{"@type":"PropertyValueSpecification","valueRequired":true,"valueName":"search_term_string"}}],"inLanguage":"en-US"},{"@type":"ImageObject","inLanguage":"en-US","@id":"https:\/\/mmkriepas.lv\/en\/p\/255-55r19-toyo-proxes-sport-suv-111y-xl-2\/#local-main-organization-logo","url":"","contentUrl":"","caption":"MMK Riepas"}]},"product_brand":"Toyo Proxes Sport SUV","product_price_amount":"135.00","product_price_currency":"EUR","og_availability":"out of stock","product_availability":"out of stock","product_retailer_item_id":"TS2555519TOYO-2792","product_condition":"new"},"_links":{"self":[{"href":"https:\/\/mmkriepas.lv\/en\/wp-json\/wp\/v2\/product\/280570","targetHints":{"allow":["GET"]}}],"collection":[{"href":"https:\/\/mmkriepas.lv\/en\/wp-json\/wp\/v2\/product"}],"about":[{"href":"https:\/\/mmkriepas.lv\/en\/wp-json\/wp\/v2\/types\/product"}],"wp:featuredmedia":[{"embeddable":true,"href":"https:\/\/mmkriepas.lv\/en\/wp-json\/wp\/v2\/media\/939447"}],"wp:attachment":[{"href":"https:\/\/mmkriepas.lv\/en\/wp-json\/wp\/v2\/media?parent=280570"}],"wp:term":[{"taxonomy":"product_brand","embeddable":true,"href":"https:\/\/mmkriepas.lv\/en\/wp-json\/wp\/v2\/product_brand?post=280570"},{"taxonomy":"product_cat","embeddable":true,"href":"https:\/\/mmkriepas.lv\/en\/wp-json\/wp\/v2\/product_cat?post=280570"},{"taxonomy":"product_tag","embeddable":true,"href":"https:\/\/mmkriepas.lv\/en\/wp-json\/wp\/v2\/product_tag?post=280570"}],"curies":[{"name":"wp","href":"https:\/\/api.w.org\/{rel}","templated":true}]}}