{"id":280466,"date":"2022-08-16T00:17:46","date_gmt":"2022-08-15T21:17:46","guid":{"rendered":"https:\/\/mmkserviss.lv\/?post_type=product&#038;p=280466"},"modified":"2025-03-07T17:43:52","modified_gmt":"2025-03-07T15:43:52","slug":"215-65r17-windforce-catchsnow-99h","status":"publish","type":"product","link":"https:\/\/mmkriepas.lv\/en\/p\/215-65r17-windforce-catchsnow-99h\/","title":{"rendered":"215\/65R17 Windforce Catchsnow 99H"},"content":{"rendered":"<p><b>Windforce Catchsnow<\/b> ir ziemas riepu modelis, kas paredz\u0113ts uzst\u0101d\u012b\u0161anai vieglaj\u0101m un komerc automa\u0161\u012bn\u0101m. Tas izce\u013cas ar lielisk\u0101m veiktsp\u0113jas \u012bpa\u0161\u012bb\u0101m snieg\u0101 un uz ledus, pateicoties virknei atjaut\u012bgu risin\u0101jumu.<o:p><\/o:p><\/p>\n<h3>Catchsnow galven\u0101s iez\u012bmes:<o:p><\/o:p><\/h3>\n<p>+ Ipa\u0161a riepas uzb\u016bve pal\u012bdz riepai kalpot ilg\u0101k!<o:p><\/o:p><\/p>\n<p>+ Riepa darin\u0101ta no unik\u0101la gumijas mais\u012bjumam, kas liek tai saglab\u0101t elast\u012bbu pla\u0161\u0101 temperat\u016bru diapazon\u0101!<o:p><\/o:p><\/p>\n<p>+ Att\u012bst\u012bta dren\u0101\u017eas kan\u0101lu sist\u0113ma at\u013cauj sausin\u0101t kontakta virsmu, novadot lieko \u016bdeni un sniegu!<o:p><\/o:p><\/p>\n<p><b>+ Degvielas ekonomija!<\/b><o:p><\/o:p><\/p>\n<p><b>+ Izcils cenas un veiktsp\u0113jas koeficents!<\/b><o:p><\/o:p><\/p>\n<h3>Riepas uzb\u016bve<o:p><\/o:p><\/h3>\n<p><b>Winforce Catchsnow <\/b>uzb\u016bvi \u012bpa\u0161u padara nep\u0101rtraukta centr\u0101l\u0101 protektora bloku virkne, kas nodro\u0161ina stabilit\u0101ti lielos \u0101trumos un uzlabo manevr\u0113tsp\u0113ju. Protektors darin\u0101ts no augstas kvalit\u0101tes gumijas mais\u012bjuma, kas liek tam saglab\u0101t elast\u012bbu pla\u0161\u0101 temperat\u016bru diapazon\u0101. Elast\u012bga riepa daudz lab\u0101k veido sa\u0137eri ar ce\u013cu. Protektora blokos bl\u012bvi iestr\u0101d\u0101ti vair\u0101ki t\u016bksto\u0161i lame\u013cu, kas, aizvietojot radzes, ar kant\u0113m iec\u0113rtas led\u016b, ar slideno virsmu veidojot sa\u0137eri.<o:p><\/o:p><\/p>\n<h3>Plecu zonas bloki<o:p><\/o:p><\/h3>\n<p>Protektora blokiem riepas plecu zon\u0101 piem\u012bt dubulta uzb\u016bve. Tas at\u013cauj \u0161im modelim uzr\u0101d\u012bt lieliskus manevr\u0113tsp\u0113jas un sa\u0137eres r\u0101d\u012bt\u0101jus. Starp \u0161iem protektora blokiem izvietotas platas dren\u017e\u0101s rievas, kas, tand\u0113m\u0101 ar lamel\u0113m, att\u012bra kontakta virsmu no sniega un \u016bdens.<o:p><\/o:p><\/p>\n","protected":false},"excerpt":{"rendered":"<p><b>Windforce Catchsnow<\/b> ir ziemas riepu modelis, kas paredz\u0113ts uzst\u0101d\u012b\u0161anai vieglaj\u0101m un komerc automa\u0161\u012bn\u0101m. Tas izce\u013cas ar lielisk\u0101m veiktsp\u0113jas \u012bpa\u0161\u012bb\u0101m snieg\u0101 un uz ledus, pateicoties virknei atjaut\u012bgu risin\u0101jumu.<o:p><\/o:p><\/p>\n","protected":false},"featured_media":669359,"template":"","meta":{"_acf_changed":false,"ngg_post_thumbnail":0},"product_brand":[],"product_cat":[47,45],"product_tag":[],"class_list":{"0":"post-280466","1":"product","2":"type-product","3":"status-publish","4":"has-post-thumbnail","6":"product_cat-vissezonas-riepas","7":"product_cat-ziemas-riepas","9":"first","10":"outofstock","11":"sale","12":"taxable","13":"shipping-taxable","14":"product-type-simple"},"acf":[],"yoast_head":"<!-- This site is optimized with the Yoast SEO Premium plugin v22.6 (Yoast SEO v27.3) - https:\/\/yoast.com\/product\/yoast-seo-premium-wordpress\/ -->\n<title>215\/65R17 Windforce Catchsnow 99H &#8226; MMK Riepas<\/title>\n<meta name=\"robots\" content=\"index, follow, max-snippet:-1, max-image-preview:large, max-video-preview:-1\" \/>\n<link rel=\"canonical\" href=\"https:\/\/mmkriepas.lv\/en\/p\/215-65r17-windforce-catchsnow-99h\/\" \/>\n<meta property=\"og:locale\" content=\"en_US\" \/>\n<meta property=\"og:type\" content=\"article\" \/>\n<meta property=\"og:title\" content=\"215\/65R17 Windforce Catchsnow 99H\" \/>\n<meta property=\"og:description\" content=\"Windforce Catchsnow ir ziemas riepu modelis, kas paredz\u0113ts uzst\u0101d\u012b\u0161anai vieglaj\u0101m un komerc automa\u0161\u012bn\u0101m. Tas izce\u013cas ar lielisk\u0101m veiktsp\u0113jas \u012bpa\u0161\u012bb\u0101m snieg\u0101 un uz ledus, pateicoties virknei atjaut\u012bgu risin\u0101jumu.\" \/>\n<meta property=\"og:url\" content=\"https:\/\/mmkriepas.lv\/en\/p\/215-65r17-windforce-catchsnow-99h\/\" \/>\n<meta property=\"og:site_name\" content=\"MMK Riepas\" \/>\n<meta property=\"article:publisher\" content=\"https:\/\/www.facebook.com\/mmkserviss\/\" \/>\n<meta property=\"article:modified_time\" content=\"2025-03-07T15:43:52+00:00\" \/>\n<meta property=\"og:image\" content=\"https:\/\/mmkriepas.lv\/wp-content\/uploads\/2023\/03\/20560r16-powertrac-snowtour-96h-xl-ziemas-riepas.jpeg\" \/>\n\t<meta property=\"og:image:width\" content=\"1600\" \/>\n\t<meta property=\"og:image:height\" content=\"1200\" \/>\n\t<meta property=\"og:image:type\" content=\"image\/jpeg\" \/>\n<meta name=\"twitter:card\" content=\"summary_large_image\" \/>\n<meta name=\"twitter:label1\" content=\"Price\" \/>\n\t<meta name=\"twitter:data1\" content=\"&euro;56.00\" \/>\n\t<meta name=\"twitter:label2\" content=\"Availability\" \/>\n\t<meta name=\"twitter:data2\" content=\"Out of stock\" \/>\n<script type=\"application\/ld+json\" class=\"yoast-schema-graph\">{\"@context\":\"https:\\\/\\\/schema.org\",\"@graph\":[{\"@type\":\"WebPage\",\"@id\":\"https:\\\/\\\/mmkriepas.lv\\\/en\\\/p\\\/215-65r17-windforce-catchsnow-99h\\\/\",\"url\":\"https:\\\/\\\/mmkriepas.lv\\\/en\\\/p\\\/215-65r17-windforce-catchsnow-99h\\\/\",\"name\":\"215\\\/65R17 Windforce Catchsnow 99H &#8226; MMK Riepas\",\"isPartOf\":{\"@id\":\"https:\\\/\\\/mmkriepas.lv\\\/en\\\/#website\"},\"primaryImageOfPage\":{\"@id\":\"https:\\\/\\\/mmkriepas.lv\\\/en\\\/p\\\/215-65r17-windforce-catchsnow-99h\\\/#primaryimage\"},\"image\":{\"@id\":\"https:\\\/\\\/mmkriepas.lv\\\/en\\\/p\\\/215-65r17-windforce-catchsnow-99h\\\/#primaryimage\"},\"thumbnailUrl\":\"https:\\\/\\\/mmkriepas.lv\\\/wp-content\\\/uploads\\\/2023\\\/03\\\/20560r16-powertrac-snowtour-96h-xl-ziemas-riepas.jpeg\",\"datePublished\":\"2022-08-15T21:17:46+00:00\",\"dateModified\":\"2025-03-07T15:43:52+00:00\",\"breadcrumb\":{\"@id\":\"https:\\\/\\\/mmkriepas.lv\\\/en\\\/p\\\/215-65r17-windforce-catchsnow-99h\\\/#breadcrumb\"},\"inLanguage\":\"en-US\",\"potentialAction\":[{\"@type\":\"ReadAction\",\"target\":[\"https:\\\/\\\/mmkriepas.lv\\\/en\\\/p\\\/215-65r17-windforce-catchsnow-99h\\\/\"]}]},{\"@type\":\"ImageObject\",\"inLanguage\":\"en-US\",\"@id\":\"https:\\\/\\\/mmkriepas.lv\\\/en\\\/p\\\/215-65r17-windforce-catchsnow-99h\\\/#primaryimage\",\"url\":\"https:\\\/\\\/mmkriepas.lv\\\/wp-content\\\/uploads\\\/2023\\\/03\\\/20560r16-powertrac-snowtour-96h-xl-ziemas-riepas.jpeg\",\"contentUrl\":\"https:\\\/\\\/mmkriepas.lv\\\/wp-content\\\/uploads\\\/2023\\\/03\\\/20560r16-powertrac-snowtour-96h-xl-ziemas-riepas.jpeg\",\"width\":1600,\"height\":1200,\"caption\":\"205\\\/60R16 Powertrac Snowtour 96H XL - Vissezonas riepas \\\/ Ziemas riepas\"},{\"@type\":\"BreadcrumbList\",\"@id\":\"https:\\\/\\\/mmkriepas.lv\\\/en\\\/p\\\/215-65r17-windforce-catchsnow-99h\\\/#breadcrumb\",\"itemListElement\":[{\"@type\":\"ListItem\",\"position\":1,\"name\":\"S\u0101kums\",\"item\":\"https:\\\/\\\/mmkriepas.lv\\\/en\\\/\"},{\"@type\":\"ListItem\",\"position\":2,\"name\":\"215\\\/65R17 Windforce Catchsnow 99H\"}]},{\"@type\":\"WebSite\",\"@id\":\"https:\\\/\\\/mmkriepas.lv\\\/en\\\/#website\",\"url\":\"https:\\\/\\\/mmkriepas.lv\\\/en\\\/\",\"name\":\"MMK Riepas\",\"description\":\"MMK Riepas\",\"alternateName\":\"MMK Riepu Serviss\",\"potentialAction\":[{\"@type\":\"SearchAction\",\"target\":{\"@type\":\"EntryPoint\",\"urlTemplate\":\"https:\\\/\\\/mmkriepas.lv\\\/en\\\/?s={search_term_string}\"},\"query-input\":{\"@type\":\"PropertyValueSpecification\",\"valueRequired\":true,\"valueName\":\"search_term_string\"}}],\"inLanguage\":\"en-US\"},{\"@type\":\"ImageObject\",\"inLanguage\":\"en-US\",\"@id\":\"https:\\\/\\\/mmkriepas.lv\\\/en\\\/p\\\/215-65r17-windforce-catchsnow-99h\\\/#local-main-organization-logo\",\"url\":\"\",\"contentUrl\":\"\",\"caption\":\"MMK Riepas\"}]}<\/script>\n<meta property=\"product:brand\" content=\"Windforce Catchsnow\" \/>\n<meta property=\"product:price:amount\" content=\"56.00\" \/>\n<meta property=\"product:price:currency\" content=\"EUR\" \/>\n<meta property=\"og:availability\" content=\"out of stock\" \/>\n<meta property=\"product:availability\" content=\"out of stock\" \/>\n<meta property=\"product:retailer_item_id\" content=\"TW2156517WINDF-2469\" \/>\n<meta property=\"product:condition\" content=\"new\" \/>\n<!-- \/ Yoast SEO Premium plugin. -->","yoast_head_json":{"title":"215\/65R17 Windforce Catchsnow 99H &#8226; MMK Riepas","robots":{"index":"index","follow":"follow","max-snippet":"max-snippet:-1","max-image-preview":"max-image-preview:large","max-video-preview":"max-video-preview:-1"},"canonical":"https:\/\/mmkriepas.lv\/en\/p\/215-65r17-windforce-catchsnow-99h\/","og_locale":"en_US","og_type":"article","og_title":"215\/65R17 Windforce Catchsnow 99H","og_description":"Windforce Catchsnow ir ziemas riepu modelis, kas paredz\u0113ts uzst\u0101d\u012b\u0161anai vieglaj\u0101m un komerc automa\u0161\u012bn\u0101m. Tas izce\u013cas ar lielisk\u0101m veiktsp\u0113jas \u012bpa\u0161\u012bb\u0101m snieg\u0101 un uz ledus, pateicoties virknei atjaut\u012bgu risin\u0101jumu.","og_url":"https:\/\/mmkriepas.lv\/en\/p\/215-65r17-windforce-catchsnow-99h\/","og_site_name":"MMK Riepas","article_publisher":"https:\/\/www.facebook.com\/mmkserviss\/","article_modified_time":"2025-03-07T15:43:52+00:00","og_image":[{"width":1600,"height":1200,"url":"https:\/\/mmkriepas.lv\/wp-content\/uploads\/2023\/03\/20560r16-powertrac-snowtour-96h-xl-ziemas-riepas.jpeg","type":"image\/jpeg"}],"twitter_card":"summary_large_image","twitter_misc":{"Price":"&euro;56.00","Availability":"Out of stock"},"schema":{"@context":"https:\/\/schema.org","@graph":[{"@type":"WebPage","@id":"https:\/\/mmkriepas.lv\/en\/p\/215-65r17-windforce-catchsnow-99h\/","url":"https:\/\/mmkriepas.lv\/en\/p\/215-65r17-windforce-catchsnow-99h\/","name":"215\/65R17 Windforce Catchsnow 99H &#8226; MMK Riepas","isPartOf":{"@id":"https:\/\/mmkriepas.lv\/en\/#website"},"primaryImageOfPage":{"@id":"https:\/\/mmkriepas.lv\/en\/p\/215-65r17-windforce-catchsnow-99h\/#primaryimage"},"image":{"@id":"https:\/\/mmkriepas.lv\/en\/p\/215-65r17-windforce-catchsnow-99h\/#primaryimage"},"thumbnailUrl":"https:\/\/mmkriepas.lv\/wp-content\/uploads\/2023\/03\/20560r16-powertrac-snowtour-96h-xl-ziemas-riepas.jpeg","datePublished":"2022-08-15T21:17:46+00:00","dateModified":"2025-03-07T15:43:52+00:00","breadcrumb":{"@id":"https:\/\/mmkriepas.lv\/en\/p\/215-65r17-windforce-catchsnow-99h\/#breadcrumb"},"inLanguage":"en-US","potentialAction":[{"@type":"ReadAction","target":["https:\/\/mmkriepas.lv\/en\/p\/215-65r17-windforce-catchsnow-99h\/"]}]},{"@type":"ImageObject","inLanguage":"en-US","@id":"https:\/\/mmkriepas.lv\/en\/p\/215-65r17-windforce-catchsnow-99h\/#primaryimage","url":"https:\/\/mmkriepas.lv\/wp-content\/uploads\/2023\/03\/20560r16-powertrac-snowtour-96h-xl-ziemas-riepas.jpeg","contentUrl":"https:\/\/mmkriepas.lv\/wp-content\/uploads\/2023\/03\/20560r16-powertrac-snowtour-96h-xl-ziemas-riepas.jpeg","width":1600,"height":1200,"caption":"205\/60R16 Powertrac Snowtour 96H XL - Vissezonas riepas \/ Ziemas riepas"},{"@type":"BreadcrumbList","@id":"https:\/\/mmkriepas.lv\/en\/p\/215-65r17-windforce-catchsnow-99h\/#breadcrumb","itemListElement":[{"@type":"ListItem","position":1,"name":"S\u0101kums","item":"https:\/\/mmkriepas.lv\/en\/"},{"@type":"ListItem","position":2,"name":"215\/65R17 Windforce Catchsnow 99H"}]},{"@type":"WebSite","@id":"https:\/\/mmkriepas.lv\/en\/#website","url":"https:\/\/mmkriepas.lv\/en\/","name":"MMK Riepas","description":"MMK Riepas","alternateName":"MMK Riepu Serviss","potentialAction":[{"@type":"SearchAction","target":{"@type":"EntryPoint","urlTemplate":"https:\/\/mmkriepas.lv\/en\/?s={search_term_string}"},"query-input":{"@type":"PropertyValueSpecification","valueRequired":true,"valueName":"search_term_string"}}],"inLanguage":"en-US"},{"@type":"ImageObject","inLanguage":"en-US","@id":"https:\/\/mmkriepas.lv\/en\/p\/215-65r17-windforce-catchsnow-99h\/#local-main-organization-logo","url":"","contentUrl":"","caption":"MMK Riepas"}]},"product_brand":"Windforce Catchsnow","product_price_amount":"56.00","product_price_currency":"EUR","og_availability":"out of stock","product_availability":"out of stock","product_retailer_item_id":"TW2156517WINDF-2469","product_condition":"new"},"_links":{"self":[{"href":"https:\/\/mmkriepas.lv\/en\/wp-json\/wp\/v2\/product\/280466","targetHints":{"allow":["GET"]}}],"collection":[{"href":"https:\/\/mmkriepas.lv\/en\/wp-json\/wp\/v2\/product"}],"about":[{"href":"https:\/\/mmkriepas.lv\/en\/wp-json\/wp\/v2\/types\/product"}],"wp:featuredmedia":[{"embeddable":true,"href":"https:\/\/mmkriepas.lv\/en\/wp-json\/wp\/v2\/media\/669359"}],"wp:attachment":[{"href":"https:\/\/mmkriepas.lv\/en\/wp-json\/wp\/v2\/media?parent=280466"}],"wp:term":[{"taxonomy":"product_brand","embeddable":true,"href":"https:\/\/mmkriepas.lv\/en\/wp-json\/wp\/v2\/product_brand?post=280466"},{"taxonomy":"product_cat","embeddable":true,"href":"https:\/\/mmkriepas.lv\/en\/wp-json\/wp\/v2\/product_cat?post=280466"},{"taxonomy":"product_tag","embeddable":true,"href":"https:\/\/mmkriepas.lv\/en\/wp-json\/wp\/v2\/product_tag?post=280466"}],"curies":[{"name":"wp","href":"https:\/\/api.w.org\/{rel}","templated":true}]}}