{"id":280342,"date":"2022-08-16T00:13:42","date_gmt":"2022-08-15T21:13:42","guid":{"rendered":"https:\/\/mmkserviss.lv\/?post_type=product&#038;p=280342"},"modified":"2025-03-07T17:32:25","modified_gmt":"2025-03-07T15:32:25","slug":"235-65r17-mirage-mr-w662-104t","status":"publish","type":"product","link":"https:\/\/mmkriepas.lv\/en\/p\/235-65r17-mirage-mr-w662-104t\/","title":{"rendered":"235\/65R17 Mirage MR-W662 104T"},"content":{"rendered":"<p style=\"margin: 12.0pt 0cm 12.0pt 0cm;\"><b><span style=\"font-size: 11.0pt; font-family: 'Arial',sans-serif; color: black;\">Mirage MR-W662<\/span><\/b><span style=\"font-size: 11.0pt; font-family: 'Arial',sans-serif; color: black;\"> ir \u013coti labs ziemas riepu modelis. Tas izce\u013cas ar augst\u0101m sa\u0137eres \u012bpa\u0161\u012bb\u0101m gan ar slapju asfaltu, gan sniegotiem un apledoju\u0161iem ce\u013ciem, k\u0101 ar\u012b ar augstu nodilumiztur\u012bbu.<\/span><o:p><\/o:p><\/p>\n<h3 style=\"margin: 14.0pt 0cm 4.0pt 0cm;\"><span style=\"font-size: 13.0pt; font-family: 'Arial',sans-serif; color: black;\">Mirage MR-W662 galven\u0101s iez\u012bmes<\/span><o:p><\/o:p><\/h3>\n<p style=\"margin: 12.0pt 0cm 12.0pt 0cm;\"><span style=\"font-size: 11.0pt; font-family: 'Arial',sans-serif; color: black;\">+ Dzi\u013c\u0161 virzienveida protektors pal\u012bdz\u0113s c\u012b\u0146\u0101 ar sniegotiem ce\u013ciem.<\/span><o:p><\/o:p><\/p>\n<p style=\"margin: 12.0pt 0cm 12.0pt 0cm;\"><span style=\"font-size: 11.0pt; font-family: 'Arial',sans-serif; color: black;\">+ Augsta nodilumiztur\u012bba,<\/span><o:p><\/o:p><\/p>\n<p style=\"margin: 12.0pt 0cm 12.0pt 0cm;\"><span style=\"font-size: 11.0pt; font-family: 'Arial',sans-serif; color: black;\">+ Zems akvaplan\u0113\u0161anas risks,<\/span><o:p><\/o:p><\/p>\n<p style=\"margin: 12.0pt 0cm 12.0pt 0cm;\"><span style=\"font-size: 11.0pt; font-family: 'Arial',sans-serif; color: black;\">+ Laba sa\u0137ere ar apledoju\u0161u ce\u013ca virsmu, pateicoties radz\u0113m<\/span><o:p><\/o:p><\/p>\n<h3 style=\"margin: 14.0pt 0cm 4.0pt 0cm;\"><span style=\"font-size: 13.0pt; font-family: 'Arial',sans-serif; color: black;\">MR-W662 apr\u012bkojums<\/span><o:p><\/o:p><\/h3>\n<p style=\"margin: 12.0pt 0cm 12.0pt 0cm;\"><b><span style=\"font-size: 11.0pt; font-family: 'Arial',sans-serif; color: black;\">Mirage MR-W662 <\/span><\/b><span style=\"font-size: 11.0pt; font-family: 'Arial',sans-serif; color: black;\">apr\u012bkotas ar dzi\u013cu virzienveida protektoru, kur\u0101 iestr\u0101d\u0101tas radzes. V-veid\u0101 izvietotajos protektora blokos izvietotas ar\u012b lameles, kas b\u016btiski uzlabo sa\u0137eri ar sabliet\u0113tu sniegu un ledu.<\/span><o:p><\/o:p><\/p>\n<p style=\"margin: 12.0pt 0cm 12.0pt 0cm;\"><span style=\"font-size: 11.0pt; font-family: 'Arial',sans-serif; color: black;\">Riepas darin\u0101tas no elast\u012bga gumijas sakaus\u0113juma, kuram pievienoti elastrom\u0113ri. Sast\u0101v\u0101 atrodamais sil\u012bcija dioks\u012bds pal\u012bdz saglab\u0101t elast\u012bbu, un l\u012bdz ar to ar\u012b sa\u0137eri, zem\u0101s gaisa temperat\u016br\u0101s.<\/span><\/p>\n","protected":false},"excerpt":{"rendered":"<p><b><span style=\"font-size: 11.0pt; font-family: 'Arial',sans-serif; color: black;\">Mirage MR-W662<\/span><\/b><span style=\"font-size: 11.0pt; font-family: 'Arial',sans-serif; color: black;\"> ir \u013coti labs ziemas riepu modelis. Tas izce\u013cas ar augst\u0101m sa\u0137eres \u012bpa\u0161\u012bb\u0101m gan ar slapju asfaltu, gan sniegotiem un apledoju\u0161iem ce\u013ciem, k\u0101 ar\u012b ar augstu nodilumiztur\u012bbu.<\/span><\/p>\n","protected":false},"featured_media":277583,"template":"","meta":{"_acf_changed":false,"ngg_post_thumbnail":0},"product_brand":[],"product_cat":[47,45],"product_tag":[],"class_list":{"0":"post-280342","1":"product","2":"type-product","3":"status-publish","4":"has-post-thumbnail","6":"product_cat-vissezonas-riepas","7":"product_cat-ziemas-riepas","9":"first","10":"outofstock","11":"sale","12":"taxable","13":"shipping-taxable","14":"product-type-simple"},"acf":[],"yoast_head":"<!-- This site is optimized with the Yoast SEO Premium plugin v22.6 (Yoast SEO v27.3) - https:\/\/yoast.com\/product\/yoast-seo-premium-wordpress\/ -->\n<title>235\/65R17 Mirage MR-W662 104T &#8226; MMK Riepas<\/title>\n<meta name=\"robots\" content=\"index, follow, max-snippet:-1, max-image-preview:large, max-video-preview:-1\" \/>\n<link rel=\"canonical\" href=\"https:\/\/mmkriepas.lv\/en\/p\/235-65r17-mirage-mr-w662-104t\/\" \/>\n<meta property=\"og:locale\" content=\"en_US\" \/>\n<meta property=\"og:type\" content=\"article\" \/>\n<meta property=\"og:title\" content=\"235\/65R17 Mirage MR-W662 104T\" \/>\n<meta property=\"og:description\" content=\"Mirage MR-W662 ir \u013coti labs ziemas riepu modelis. Tas izce\u013cas ar augst\u0101m sa\u0137eres \u012bpa\u0161\u012bb\u0101m gan ar slapju asfaltu, gan sniegotiem un apledoju\u0161iem ce\u013ciem, k\u0101 ar\u012b ar augstu nodilumiztur\u012bbu.\" \/>\n<meta property=\"og:url\" content=\"https:\/\/mmkriepas.lv\/en\/p\/235-65r17-mirage-mr-w662-104t\/\" \/>\n<meta property=\"og:site_name\" content=\"MMK Riepas\" \/>\n<meta property=\"article:publisher\" content=\"https:\/\/www.facebook.com\/mmkserviss\/\" \/>\n<meta property=\"article:modified_time\" content=\"2025-03-07T15:32:25+00:00\" \/>\n<meta property=\"og:image\" content=\"https:\/\/mmkriepas.lv\/wp-content\/uploads\/2022\/08\/19560r15-mirage-mr-w662-88h-ziemas-riepas.jpg\" \/>\n\t<meta property=\"og:image:width\" content=\"1920\" \/>\n\t<meta property=\"og:image:height\" content=\"1279\" \/>\n\t<meta property=\"og:image:type\" content=\"image\/jpeg\" \/>\n<meta name=\"twitter:card\" content=\"summary_large_image\" \/>\n<meta name=\"twitter:label1\" content=\"Price\" \/>\n\t<meta name=\"twitter:data1\" content=\"&euro;75.00\" \/>\n\t<meta name=\"twitter:label2\" content=\"Availability\" \/>\n\t<meta name=\"twitter:data2\" content=\"Out of stock\" \/>\n<script type=\"application\/ld+json\" class=\"yoast-schema-graph\">{\"@context\":\"https:\\\/\\\/schema.org\",\"@graph\":[{\"@type\":\"WebPage\",\"@id\":\"https:\\\/\\\/mmkriepas.lv\\\/en\\\/p\\\/235-65r17-mirage-mr-w662-104t\\\/\",\"url\":\"https:\\\/\\\/mmkriepas.lv\\\/en\\\/p\\\/235-65r17-mirage-mr-w662-104t\\\/\",\"name\":\"235\\\/65R17 Mirage MR-W662 104T &#8226; MMK Riepas\",\"isPartOf\":{\"@id\":\"https:\\\/\\\/mmkriepas.lv\\\/en\\\/#website\"},\"primaryImageOfPage\":{\"@id\":\"https:\\\/\\\/mmkriepas.lv\\\/en\\\/p\\\/235-65r17-mirage-mr-w662-104t\\\/#primaryimage\"},\"image\":{\"@id\":\"https:\\\/\\\/mmkriepas.lv\\\/en\\\/p\\\/235-65r17-mirage-mr-w662-104t\\\/#primaryimage\"},\"thumbnailUrl\":\"https:\\\/\\\/mmkriepas.lv\\\/wp-content\\\/uploads\\\/2022\\\/08\\\/19560r15-mirage-mr-w662-88h-ziemas-riepas.jpg\",\"datePublished\":\"2022-08-15T21:13:42+00:00\",\"dateModified\":\"2025-03-07T15:32:25+00:00\",\"breadcrumb\":{\"@id\":\"https:\\\/\\\/mmkriepas.lv\\\/en\\\/p\\\/235-65r17-mirage-mr-w662-104t\\\/#breadcrumb\"},\"inLanguage\":\"en-US\",\"potentialAction\":[{\"@type\":\"ReadAction\",\"target\":[\"https:\\\/\\\/mmkriepas.lv\\\/en\\\/p\\\/235-65r17-mirage-mr-w662-104t\\\/\"]}]},{\"@type\":\"ImageObject\",\"inLanguage\":\"en-US\",\"@id\":\"https:\\\/\\\/mmkriepas.lv\\\/en\\\/p\\\/235-65r17-mirage-mr-w662-104t\\\/#primaryimage\",\"url\":\"https:\\\/\\\/mmkriepas.lv\\\/wp-content\\\/uploads\\\/2022\\\/08\\\/19560r15-mirage-mr-w662-88h-ziemas-riepas.jpg\",\"contentUrl\":\"https:\\\/\\\/mmkriepas.lv\\\/wp-content\\\/uploads\\\/2022\\\/08\\\/19560r15-mirage-mr-w662-88h-ziemas-riepas.jpg\",\"width\":1920,\"height\":1279,\"caption\":\"195\\\/60R15 Mirage MR-W662 88H - Vissezonas riepas \\\/ Ziemas riepas\"},{\"@type\":\"BreadcrumbList\",\"@id\":\"https:\\\/\\\/mmkriepas.lv\\\/en\\\/p\\\/235-65r17-mirage-mr-w662-104t\\\/#breadcrumb\",\"itemListElement\":[{\"@type\":\"ListItem\",\"position\":1,\"name\":\"S\u0101kums\",\"item\":\"https:\\\/\\\/mmkriepas.lv\\\/en\\\/\"},{\"@type\":\"ListItem\",\"position\":2,\"name\":\"235\\\/65R17 Mirage MR-W662 104T\"}]},{\"@type\":\"WebSite\",\"@id\":\"https:\\\/\\\/mmkriepas.lv\\\/en\\\/#website\",\"url\":\"https:\\\/\\\/mmkriepas.lv\\\/en\\\/\",\"name\":\"MMK Riepas\",\"description\":\"MMK Riepas\",\"alternateName\":\"MMK Riepu Serviss\",\"potentialAction\":[{\"@type\":\"SearchAction\",\"target\":{\"@type\":\"EntryPoint\",\"urlTemplate\":\"https:\\\/\\\/mmkriepas.lv\\\/en\\\/?s={search_term_string}\"},\"query-input\":{\"@type\":\"PropertyValueSpecification\",\"valueRequired\":true,\"valueName\":\"search_term_string\"}}],\"inLanguage\":\"en-US\"},{\"@type\":\"ImageObject\",\"inLanguage\":\"en-US\",\"@id\":\"https:\\\/\\\/mmkriepas.lv\\\/en\\\/p\\\/235-65r17-mirage-mr-w662-104t\\\/#local-main-organization-logo\",\"url\":\"\",\"contentUrl\":\"\",\"caption\":\"MMK Riepas\"}]}<\/script>\n<meta property=\"product:brand\" content=\"Mirage MR-W662\" \/>\n<meta property=\"product:price:amount\" content=\"75.00\" \/>\n<meta property=\"product:price:currency\" content=\"EUR\" \/>\n<meta property=\"og:availability\" content=\"out of stock\" \/>\n<meta property=\"product:availability\" content=\"out of stock\" \/>\n<meta property=\"product:retailer_item_id\" content=\"TW2356517MIRAG-2053\" \/>\n<meta property=\"product:condition\" content=\"new\" \/>\n<!-- \/ Yoast SEO Premium plugin. -->","yoast_head_json":{"title":"235\/65R17 Mirage MR-W662 104T &#8226; MMK Riepas","robots":{"index":"index","follow":"follow","max-snippet":"max-snippet:-1","max-image-preview":"max-image-preview:large","max-video-preview":"max-video-preview:-1"},"canonical":"https:\/\/mmkriepas.lv\/en\/p\/235-65r17-mirage-mr-w662-104t\/","og_locale":"en_US","og_type":"article","og_title":"235\/65R17 Mirage MR-W662 104T","og_description":"Mirage MR-W662 ir \u013coti labs ziemas riepu modelis. Tas izce\u013cas ar augst\u0101m sa\u0137eres \u012bpa\u0161\u012bb\u0101m gan ar slapju asfaltu, gan sniegotiem un apledoju\u0161iem ce\u013ciem, k\u0101 ar\u012b ar augstu nodilumiztur\u012bbu.","og_url":"https:\/\/mmkriepas.lv\/en\/p\/235-65r17-mirage-mr-w662-104t\/","og_site_name":"MMK Riepas","article_publisher":"https:\/\/www.facebook.com\/mmkserviss\/","article_modified_time":"2025-03-07T15:32:25+00:00","og_image":[{"width":1920,"height":1279,"url":"https:\/\/mmkriepas.lv\/wp-content\/uploads\/2022\/08\/19560r15-mirage-mr-w662-88h-ziemas-riepas.jpg","type":"image\/jpeg"}],"twitter_card":"summary_large_image","twitter_misc":{"Price":"&euro;75.00","Availability":"Out of stock"},"schema":{"@context":"https:\/\/schema.org","@graph":[{"@type":"WebPage","@id":"https:\/\/mmkriepas.lv\/en\/p\/235-65r17-mirage-mr-w662-104t\/","url":"https:\/\/mmkriepas.lv\/en\/p\/235-65r17-mirage-mr-w662-104t\/","name":"235\/65R17 Mirage MR-W662 104T &#8226; MMK Riepas","isPartOf":{"@id":"https:\/\/mmkriepas.lv\/en\/#website"},"primaryImageOfPage":{"@id":"https:\/\/mmkriepas.lv\/en\/p\/235-65r17-mirage-mr-w662-104t\/#primaryimage"},"image":{"@id":"https:\/\/mmkriepas.lv\/en\/p\/235-65r17-mirage-mr-w662-104t\/#primaryimage"},"thumbnailUrl":"https:\/\/mmkriepas.lv\/wp-content\/uploads\/2022\/08\/19560r15-mirage-mr-w662-88h-ziemas-riepas.jpg","datePublished":"2022-08-15T21:13:42+00:00","dateModified":"2025-03-07T15:32:25+00:00","breadcrumb":{"@id":"https:\/\/mmkriepas.lv\/en\/p\/235-65r17-mirage-mr-w662-104t\/#breadcrumb"},"inLanguage":"en-US","potentialAction":[{"@type":"ReadAction","target":["https:\/\/mmkriepas.lv\/en\/p\/235-65r17-mirage-mr-w662-104t\/"]}]},{"@type":"ImageObject","inLanguage":"en-US","@id":"https:\/\/mmkriepas.lv\/en\/p\/235-65r17-mirage-mr-w662-104t\/#primaryimage","url":"https:\/\/mmkriepas.lv\/wp-content\/uploads\/2022\/08\/19560r15-mirage-mr-w662-88h-ziemas-riepas.jpg","contentUrl":"https:\/\/mmkriepas.lv\/wp-content\/uploads\/2022\/08\/19560r15-mirage-mr-w662-88h-ziemas-riepas.jpg","width":1920,"height":1279,"caption":"195\/60R15 Mirage MR-W662 88H - Vissezonas riepas \/ Ziemas riepas"},{"@type":"BreadcrumbList","@id":"https:\/\/mmkriepas.lv\/en\/p\/235-65r17-mirage-mr-w662-104t\/#breadcrumb","itemListElement":[{"@type":"ListItem","position":1,"name":"S\u0101kums","item":"https:\/\/mmkriepas.lv\/en\/"},{"@type":"ListItem","position":2,"name":"235\/65R17 Mirage MR-W662 104T"}]},{"@type":"WebSite","@id":"https:\/\/mmkriepas.lv\/en\/#website","url":"https:\/\/mmkriepas.lv\/en\/","name":"MMK Riepas","description":"MMK Riepas","alternateName":"MMK Riepu Serviss","potentialAction":[{"@type":"SearchAction","target":{"@type":"EntryPoint","urlTemplate":"https:\/\/mmkriepas.lv\/en\/?s={search_term_string}"},"query-input":{"@type":"PropertyValueSpecification","valueRequired":true,"valueName":"search_term_string"}}],"inLanguage":"en-US"},{"@type":"ImageObject","inLanguage":"en-US","@id":"https:\/\/mmkriepas.lv\/en\/p\/235-65r17-mirage-mr-w662-104t\/#local-main-organization-logo","url":"","contentUrl":"","caption":"MMK Riepas"}]},"product_brand":"Mirage MR-W662","product_price_amount":"75.00","product_price_currency":"EUR","og_availability":"out of stock","product_availability":"out of stock","product_retailer_item_id":"TW2356517MIRAG-2053","product_condition":"new"},"_links":{"self":[{"href":"https:\/\/mmkriepas.lv\/en\/wp-json\/wp\/v2\/product\/280342","targetHints":{"allow":["GET"]}}],"collection":[{"href":"https:\/\/mmkriepas.lv\/en\/wp-json\/wp\/v2\/product"}],"about":[{"href":"https:\/\/mmkriepas.lv\/en\/wp-json\/wp\/v2\/types\/product"}],"wp:featuredmedia":[{"embeddable":true,"href":"https:\/\/mmkriepas.lv\/en\/wp-json\/wp\/v2\/media\/277583"}],"wp:attachment":[{"href":"https:\/\/mmkriepas.lv\/en\/wp-json\/wp\/v2\/media?parent=280342"}],"wp:term":[{"taxonomy":"product_brand","embeddable":true,"href":"https:\/\/mmkriepas.lv\/en\/wp-json\/wp\/v2\/product_brand?post=280342"},{"taxonomy":"product_cat","embeddable":true,"href":"https:\/\/mmkriepas.lv\/en\/wp-json\/wp\/v2\/product_cat?post=280342"},{"taxonomy":"product_tag","embeddable":true,"href":"https:\/\/mmkriepas.lv\/en\/wp-json\/wp\/v2\/product_tag?post=280342"}],"curies":[{"name":"wp","href":"https:\/\/api.w.org\/{rel}","templated":true}]}}