{"id":280297,"date":"2022-08-16T00:12:19","date_gmt":"2022-08-15T21:12:19","guid":{"rendered":"https:\/\/mmkserviss.lv\/?post_type=product&#038;p=280297"},"modified":"2025-03-07T17:27:42","modified_gmt":"2025-03-07T15:27:42","slug":"225-70r15c-rosava-snowgard-van-112-110r","status":"publish","type":"product","link":"https:\/\/mmkriepas.lv\/en\/p\/225-70r15c-rosava-snowgard-van-112-110r\/","title":{"rendered":"225\/70R15C Rosava Snowgard-Van 112\/110R"},"content":{"rendered":"<p><strong>Rosava Snowgard-Van <\/strong>ir labs vissezonas\/ziemas komerctransporta jeb busu riepu modelis. Tas izce\u013cas ar lab\u0101m kravnes\u012bbas, nodilumiztur\u012bbas un veiktsp\u0113jas \u012bpa\u0161\u012bb\u0101m gan uz sausa un slapja asfalta, gan snieg\u0101.<\/p>\n<p><strong>Rosava Snowgard-Van galven\u0101s iez\u012bmes<\/strong><\/p>\n<p>+ Palielin\u0101ti slodzes indeksi at\u013cauj p\u0101rvad\u0101t smagas kravas pat intens\u012bvas ekspluat\u0101cijas apst\u0101k\u013cos.<\/p>\n<p>+ Palielin\u0101ta nodilumiztur\u012bba.<\/p>\n<p>+ Labi sa\u0137eres un manevr\u0113tsp\u0113jas r\u0101d\u012bt\u0101ji gan uz sausa un slapja asfalta, gan uz grants un pat snieg\u0101.<\/p>\n<p>+ Zems akvaplan\u0113\u0161anas risks.<\/p>\n<p><strong>+ Kvalit\u0101te atbilst cenai!<\/strong><\/p>\n<p><strong>Snowgard-Van apr\u012bkojums<\/strong><\/p>\n<p><strong>Rosava Snowgard-Van <\/strong>vissezonas jeb m+s C indeksa riepu modelis apr\u012bkots ar klasisku simetrisko protektora dizainu. \u0160\u0101ds raksts izv\u0113l\u0113ts, lai uzlabotu riepas kravnes\u012bbu pat intens\u012bvas ekspluat\u0101cijas laik\u0101.<\/p>\n<p>Kravnes\u012bbu uzlabo ar\u012b ar vair\u0101kiem kordu jeb brekera sl\u0101\u0146iem pastiprin\u0101tais riepas karkass. Turkl\u0101t, tas iet\u0113rpts nodilumiztur\u012bg\u0101 un elast\u012bg\u0101 gumijas sakaus\u0113jum\u0101. J\u0101min, ka elast\u012bga riepa daudz lab\u0101k veido sa\u0137eri ar ce\u013cu, turkl\u0101t, t\u0101 dilst vienm\u0113r\u012bg\u0101k.\u00a0<\/p>\n","protected":false},"excerpt":{"rendered":"<p><strong>Rosava Snowgard-Van <\/strong>ir labs vissezonas\/ziemas komerctransporta jeb busu riepu modelis. Tas izce\u013cas ar lab\u0101m kravnes\u012bbas, nodilumiztur\u012bbas un veiktsp\u0113jas \u012bpa\u0161\u012bb\u0101m gan uz sausa un slapja asfalta, gan snieg\u0101.<\/p>\n","protected":false},"featured_media":642092,"template":"","meta":{"_acf_changed":false,"ngg_post_thumbnail":0},"product_brand":[],"product_cat":[47,45],"product_tag":[],"class_list":{"0":"post-280297","1":"product","2":"type-product","3":"status-publish","4":"has-post-thumbnail","6":"product_cat-vissezonas-riepas","7":"product_cat-ziemas-riepas","9":"first","10":"outofstock","11":"sale","12":"taxable","13":"shipping-taxable","14":"product-type-simple"},"acf":[],"yoast_head":"<!-- This site is optimized with the Yoast SEO Premium plugin v22.6 (Yoast SEO v27.3) - https:\/\/yoast.com\/product\/yoast-seo-premium-wordpress\/ -->\n<title>225\/70R15C Rosava Snowgard-Van 112\/110R &#8226; MMK Riepas<\/title>\n<meta name=\"robots\" content=\"index, follow, max-snippet:-1, max-image-preview:large, max-video-preview:-1\" \/>\n<link rel=\"canonical\" href=\"https:\/\/mmkriepas.lv\/en\/p\/225-70r15c-rosava-snowgard-van-112-110r\/\" \/>\n<meta property=\"og:locale\" content=\"en_US\" \/>\n<meta property=\"og:type\" content=\"article\" \/>\n<meta property=\"og:title\" content=\"225\/70R15C Rosava Snowgard-Van 112\/110R\" \/>\n<meta property=\"og:description\" content=\"Rosava Snowgard-Van ir labs vissezonas\/ziemas komerctransporta jeb busu riepu modelis. Tas izce\u013cas ar lab\u0101m kravnes\u012bbas, nodilumiztur\u012bbas un veiktsp\u0113jas \u012bpa\u0161\u012bb\u0101m gan uz sausa un slapja asfalta, gan snieg\u0101.\" \/>\n<meta property=\"og:url\" content=\"https:\/\/mmkriepas.lv\/en\/p\/225-70r15c-rosava-snowgard-van-112-110r\/\" \/>\n<meta property=\"og:site_name\" content=\"MMK Riepas\" \/>\n<meta property=\"article:publisher\" content=\"https:\/\/www.facebook.com\/mmkserviss\/\" \/>\n<meta property=\"article:modified_time\" content=\"2025-03-07T15:27:42+00:00\" \/>\n<meta property=\"og:image\" content=\"https:\/\/mmkriepas.lv\/wp-content\/uploads\/2023\/02\/22570r15c-rosava-snowgard-van-112110r-ziemas-riepas-scaled.jpg\" \/>\n\t<meta property=\"og:image:width\" content=\"1920\" \/>\n\t<meta property=\"og:image:height\" content=\"1277\" \/>\n\t<meta property=\"og:image:type\" content=\"image\/jpeg\" \/>\n<meta name=\"twitter:card\" content=\"summary_large_image\" \/>\n<meta name=\"twitter:label1\" content=\"Price\" \/>\n\t<meta name=\"twitter:data1\" content=\"&euro;59.00\" \/>\n\t<meta name=\"twitter:label2\" content=\"Availability\" \/>\n\t<meta name=\"twitter:data2\" content=\"Out of stock\" \/>\n<script type=\"application\/ld+json\" class=\"yoast-schema-graph\">{\"@context\":\"https:\\\/\\\/schema.org\",\"@graph\":[{\"@type\":\"WebPage\",\"@id\":\"https:\\\/\\\/mmkriepas.lv\\\/en\\\/p\\\/225-70r15c-rosava-snowgard-van-112-110r\\\/\",\"url\":\"https:\\\/\\\/mmkriepas.lv\\\/en\\\/p\\\/225-70r15c-rosava-snowgard-van-112-110r\\\/\",\"name\":\"225\\\/70R15C Rosava Snowgard-Van 112\\\/110R &#8226; MMK Riepas\",\"isPartOf\":{\"@id\":\"https:\\\/\\\/mmkriepas.lv\\\/en\\\/#website\"},\"primaryImageOfPage\":{\"@id\":\"https:\\\/\\\/mmkriepas.lv\\\/en\\\/p\\\/225-70r15c-rosava-snowgard-van-112-110r\\\/#primaryimage\"},\"image\":{\"@id\":\"https:\\\/\\\/mmkriepas.lv\\\/en\\\/p\\\/225-70r15c-rosava-snowgard-van-112-110r\\\/#primaryimage\"},\"thumbnailUrl\":\"https:\\\/\\\/mmkriepas.lv\\\/wp-content\\\/uploads\\\/2023\\\/02\\\/22570r15c-rosava-snowgard-van-112110r-ziemas-riepas-scaled.jpg\",\"datePublished\":\"2022-08-15T21:12:19+00:00\",\"dateModified\":\"2025-03-07T15:27:42+00:00\",\"breadcrumb\":{\"@id\":\"https:\\\/\\\/mmkriepas.lv\\\/en\\\/p\\\/225-70r15c-rosava-snowgard-van-112-110r\\\/#breadcrumb\"},\"inLanguage\":\"en-US\",\"potentialAction\":[{\"@type\":\"ReadAction\",\"target\":[\"https:\\\/\\\/mmkriepas.lv\\\/en\\\/p\\\/225-70r15c-rosava-snowgard-van-112-110r\\\/\"]}]},{\"@type\":\"ImageObject\",\"inLanguage\":\"en-US\",\"@id\":\"https:\\\/\\\/mmkriepas.lv\\\/en\\\/p\\\/225-70r15c-rosava-snowgard-van-112-110r\\\/#primaryimage\",\"url\":\"https:\\\/\\\/mmkriepas.lv\\\/wp-content\\\/uploads\\\/2023\\\/02\\\/22570r15c-rosava-snowgard-van-112110r-ziemas-riepas-scaled.jpg\",\"contentUrl\":\"https:\\\/\\\/mmkriepas.lv\\\/wp-content\\\/uploads\\\/2023\\\/02\\\/22570r15c-rosava-snowgard-van-112110r-ziemas-riepas-scaled.jpg\",\"width\":1920,\"height\":1277,\"caption\":\"225\\\/70R15C Rosava Snowgard-Van 112\\\/110R - Vissezonas riepas \\\/ Ziemas riepas\"},{\"@type\":\"BreadcrumbList\",\"@id\":\"https:\\\/\\\/mmkriepas.lv\\\/en\\\/p\\\/225-70r15c-rosava-snowgard-van-112-110r\\\/#breadcrumb\",\"itemListElement\":[{\"@type\":\"ListItem\",\"position\":1,\"name\":\"S\u0101kums\",\"item\":\"https:\\\/\\\/mmkriepas.lv\\\/en\\\/\"},{\"@type\":\"ListItem\",\"position\":2,\"name\":\"225\\\/70R15C Rosava Snowgard-Van 112\\\/110R\"}]},{\"@type\":\"WebSite\",\"@id\":\"https:\\\/\\\/mmkriepas.lv\\\/en\\\/#website\",\"url\":\"https:\\\/\\\/mmkriepas.lv\\\/en\\\/\",\"name\":\"MMK Riepas\",\"description\":\"MMK Riepas\",\"alternateName\":\"MMK Riepu Serviss\",\"potentialAction\":[{\"@type\":\"SearchAction\",\"target\":{\"@type\":\"EntryPoint\",\"urlTemplate\":\"https:\\\/\\\/mmkriepas.lv\\\/en\\\/?s={search_term_string}\"},\"query-input\":{\"@type\":\"PropertyValueSpecification\",\"valueRequired\":true,\"valueName\":\"search_term_string\"}}],\"inLanguage\":\"en-US\"},{\"@type\":\"ImageObject\",\"inLanguage\":\"en-US\",\"@id\":\"https:\\\/\\\/mmkriepas.lv\\\/en\\\/p\\\/225-70r15c-rosava-snowgard-van-112-110r\\\/#local-main-organization-logo\",\"url\":\"\",\"contentUrl\":\"\",\"caption\":\"MMK Riepas\"}]}<\/script>\n<meta property=\"product:brand\" content=\"Rosava Snowgard-Van\" \/>\n<meta property=\"product:price:amount\" content=\"59.00\" \/>\n<meta property=\"product:price:currency\" content=\"EUR\" \/>\n<meta property=\"og:availability\" content=\"out of stock\" \/>\n<meta property=\"product:availability\" content=\"out of stock\" \/>\n<meta property=\"product:retailer_item_id\" content=\"TW2257015CROSAV-1877\" \/>\n<meta property=\"product:condition\" content=\"new\" \/>\n<!-- \/ Yoast SEO Premium plugin. -->","yoast_head_json":{"title":"225\/70R15C Rosava Snowgard-Van 112\/110R &#8226; MMK Riepas","robots":{"index":"index","follow":"follow","max-snippet":"max-snippet:-1","max-image-preview":"max-image-preview:large","max-video-preview":"max-video-preview:-1"},"canonical":"https:\/\/mmkriepas.lv\/en\/p\/225-70r15c-rosava-snowgard-van-112-110r\/","og_locale":"en_US","og_type":"article","og_title":"225\/70R15C Rosava Snowgard-Van 112\/110R","og_description":"Rosava Snowgard-Van ir labs vissezonas\/ziemas komerctransporta jeb busu riepu modelis. Tas izce\u013cas ar lab\u0101m kravnes\u012bbas, nodilumiztur\u012bbas un veiktsp\u0113jas \u012bpa\u0161\u012bb\u0101m gan uz sausa un slapja asfalta, gan snieg\u0101.","og_url":"https:\/\/mmkriepas.lv\/en\/p\/225-70r15c-rosava-snowgard-van-112-110r\/","og_site_name":"MMK Riepas","article_publisher":"https:\/\/www.facebook.com\/mmkserviss\/","article_modified_time":"2025-03-07T15:27:42+00:00","og_image":[{"width":1920,"height":1277,"url":"https:\/\/mmkriepas.lv\/wp-content\/uploads\/2023\/02\/22570r15c-rosava-snowgard-van-112110r-ziemas-riepas-scaled.jpg","type":"image\/jpeg"}],"twitter_card":"summary_large_image","twitter_misc":{"Price":"&euro;59.00","Availability":"Out of stock"},"schema":{"@context":"https:\/\/schema.org","@graph":[{"@type":"WebPage","@id":"https:\/\/mmkriepas.lv\/en\/p\/225-70r15c-rosava-snowgard-van-112-110r\/","url":"https:\/\/mmkriepas.lv\/en\/p\/225-70r15c-rosava-snowgard-van-112-110r\/","name":"225\/70R15C Rosava Snowgard-Van 112\/110R &#8226; MMK Riepas","isPartOf":{"@id":"https:\/\/mmkriepas.lv\/en\/#website"},"primaryImageOfPage":{"@id":"https:\/\/mmkriepas.lv\/en\/p\/225-70r15c-rosava-snowgard-van-112-110r\/#primaryimage"},"image":{"@id":"https:\/\/mmkriepas.lv\/en\/p\/225-70r15c-rosava-snowgard-van-112-110r\/#primaryimage"},"thumbnailUrl":"https:\/\/mmkriepas.lv\/wp-content\/uploads\/2023\/02\/22570r15c-rosava-snowgard-van-112110r-ziemas-riepas-scaled.jpg","datePublished":"2022-08-15T21:12:19+00:00","dateModified":"2025-03-07T15:27:42+00:00","breadcrumb":{"@id":"https:\/\/mmkriepas.lv\/en\/p\/225-70r15c-rosava-snowgard-van-112-110r\/#breadcrumb"},"inLanguage":"en-US","potentialAction":[{"@type":"ReadAction","target":["https:\/\/mmkriepas.lv\/en\/p\/225-70r15c-rosava-snowgard-van-112-110r\/"]}]},{"@type":"ImageObject","inLanguage":"en-US","@id":"https:\/\/mmkriepas.lv\/en\/p\/225-70r15c-rosava-snowgard-van-112-110r\/#primaryimage","url":"https:\/\/mmkriepas.lv\/wp-content\/uploads\/2023\/02\/22570r15c-rosava-snowgard-van-112110r-ziemas-riepas-scaled.jpg","contentUrl":"https:\/\/mmkriepas.lv\/wp-content\/uploads\/2023\/02\/22570r15c-rosava-snowgard-van-112110r-ziemas-riepas-scaled.jpg","width":1920,"height":1277,"caption":"225\/70R15C Rosava Snowgard-Van 112\/110R - Vissezonas riepas \/ Ziemas riepas"},{"@type":"BreadcrumbList","@id":"https:\/\/mmkriepas.lv\/en\/p\/225-70r15c-rosava-snowgard-van-112-110r\/#breadcrumb","itemListElement":[{"@type":"ListItem","position":1,"name":"S\u0101kums","item":"https:\/\/mmkriepas.lv\/en\/"},{"@type":"ListItem","position":2,"name":"225\/70R15C Rosava Snowgard-Van 112\/110R"}]},{"@type":"WebSite","@id":"https:\/\/mmkriepas.lv\/en\/#website","url":"https:\/\/mmkriepas.lv\/en\/","name":"MMK Riepas","description":"MMK Riepas","alternateName":"MMK Riepu Serviss","potentialAction":[{"@type":"SearchAction","target":{"@type":"EntryPoint","urlTemplate":"https:\/\/mmkriepas.lv\/en\/?s={search_term_string}"},"query-input":{"@type":"PropertyValueSpecification","valueRequired":true,"valueName":"search_term_string"}}],"inLanguage":"en-US"},{"@type":"ImageObject","inLanguage":"en-US","@id":"https:\/\/mmkriepas.lv\/en\/p\/225-70r15c-rosava-snowgard-van-112-110r\/#local-main-organization-logo","url":"","contentUrl":"","caption":"MMK Riepas"}]},"product_brand":"Rosava Snowgard-Van","product_price_amount":"59.00","product_price_currency":"EUR","og_availability":"out of stock","product_availability":"out of stock","product_retailer_item_id":"TW2257015CROSAV-1877","product_condition":"new"},"_links":{"self":[{"href":"https:\/\/mmkriepas.lv\/en\/wp-json\/wp\/v2\/product\/280297","targetHints":{"allow":["GET"]}}],"collection":[{"href":"https:\/\/mmkriepas.lv\/en\/wp-json\/wp\/v2\/product"}],"about":[{"href":"https:\/\/mmkriepas.lv\/en\/wp-json\/wp\/v2\/types\/product"}],"wp:featuredmedia":[{"embeddable":true,"href":"https:\/\/mmkriepas.lv\/en\/wp-json\/wp\/v2\/media\/642092"}],"wp:attachment":[{"href":"https:\/\/mmkriepas.lv\/en\/wp-json\/wp\/v2\/media?parent=280297"}],"wp:term":[{"taxonomy":"product_brand","embeddable":true,"href":"https:\/\/mmkriepas.lv\/en\/wp-json\/wp\/v2\/product_brand?post=280297"},{"taxonomy":"product_cat","embeddable":true,"href":"https:\/\/mmkriepas.lv\/en\/wp-json\/wp\/v2\/product_cat?post=280297"},{"taxonomy":"product_tag","embeddable":true,"href":"https:\/\/mmkriepas.lv\/en\/wp-json\/wp\/v2\/product_tag?post=280297"}],"curies":[{"name":"wp","href":"https:\/\/api.w.org\/{rel}","templated":true}]}}