{"id":280265,"date":"2022-08-16T00:11:21","date_gmt":"2022-08-15T21:11:21","guid":{"rendered":"https:\/\/mmkserviss.lv\/?post_type=product&#038;p=280265"},"modified":"2025-03-07T17:22:21","modified_gmt":"2025-03-07T15:22:21","slug":"225-45r17-continental-contivikingcontact-5-94t","status":"publish","type":"product","link":"https:\/\/mmkriepas.lv\/en\/p\/225-45r17-continental-contivikingcontact-5-94t\/","title":{"rendered":"225\/45R17 Continental ContiVikingContact 5 94T DOT13"},"content":{"rendered":"<p><strong>Continental ContiVikingContact 5\u00a0<\/strong>ir augst\u0101k\u0101s kvalit\u0101tes jeb Premium klases Skandin\u0101vijas tipa ziemas riepu modelis. Izce\u013cas ar izciliem sa\u0137eres, manevr\u0113tsp\u0113jas un komforta r\u0101d\u012bt\u0101jiem pat skarb\u0101kajos ziemas brauk\u0161anas apst\u0101k\u013cos. <o:p><\/o:p><\/p>\n<h3><strong>ContiVikingContact 5 galven\u0101s iez\u012bmes<\/strong><u1:p><\/u1:p><o:p><\/o:p><\/h3>\n<p>+ Izcila sa\u0137ere un manevr\u0113tsp\u0113ja gan uz sausa un slapja asfalta, gan snieg\u0101 un pat uz ledus.<br \/>+ Vado\u0161\u0101s riepu giganta Continental tehnolo\u0123ijas.<br \/>+ Izteikts akustiskais un brauk\u0161anas gaitas komforts.<br \/>+ Zems akvaplan\u0113\u0161anas risks.<br \/>+ Uzlabota karaksa uzb\u016bves konstrukcija.<br \/>+ Vado\u0161ais riepu modelis ziemas riepu testos.<u1:p><\/u1:p><o:p><\/o:p><\/p>\n<h3><strong>ContiVikingContact 5 apr\u012bkojums<\/strong><u1:p><\/u1:p><o:p><\/o:p><\/h3>\n<p><strong>Continental ContiVikingContact 5\u00a0<\/strong>Skandin\u0101vijas tipa jeb m\u012bkst\u0101 sast\u0101va ziemas riepas apr\u012bkotas ar asimetrisko protektora rakstu. \u0160\u0101ds dizains izv\u0113l\u0113ts, lai, nezaud\u0113jot sa\u0137eres un manevr\u0113tsp\u0113jas \u012bpa\u0161\u012bbas ziem\u0101, saglab\u0101tu ar\u012b teicamu akustisko un brauk\u0161anas gaitas komfortu.<u1:p><\/u1:p><o:p><\/o:p><\/p>\n<p>Asimetriski izvietotajos protektora blokos bl\u012bvi iestr\u0101di vair\u0101ki t\u016bksto\u0161i s\u012bku iegriezumu jeb lame\u013cu. T\u0101s, sttr\u0101d\u0101jot l\u012bdz\u012bgi radz\u0113m, ar as\u0101m kant\u0113m iec\u0113rtas led\u016b un sabliet\u0113t\u0101 snieg\u0101, ar slidenaj\u0101m virsm\u0101m veidojot cie\u0161u sa\u0137eri.<u1:p><\/u1:p><o:p><\/o:p><\/p>\n<p>Riepu gumijas sast\u0101vam pievienota virkne vado\u0161o Continental tehnolo\u0123isko risin\u0101jumu. Gumijai pievienotie Continental \u0137\u012bmiskie savienojumi \u013cauj riepai saglab\u0101t elast\u012bbu \u013coti zem\u0101s gaisa temperat\u016br\u0101s, k\u0101 ar\u012b sl\u0101p\u0113 ska\u0146u un palielina nodilumiztur\u012bbu. K\u0101 zin\u0101ms, elast\u012bga riepa daudz lab\u0101k veido sa\u0137eri ar ce\u013cu, k\u0101 ar\u012b dilst vienm\u0113r\u012bg\u0101k.<o:p><\/o:p><\/p>\n","protected":false},"excerpt":{"rendered":"<p><strong>Continental ContiVikingContact 5\u00a0<\/strong>ir augst\u0101k\u0101s kvalit\u0101tes jeb Premium klases Skandin\u0101vijas tipa ziemas riepu modelis. Izce\u013cas ar izciliem sa\u0137eres, manevr\u0113tsp\u0113jas un komforta r\u0101d\u012bt\u0101jiem pat skarb\u0101kajos ziemas brauk\u0161anas apst\u0101k\u013cos. <o:p><\/o:p><\/p>\n","protected":false},"featured_media":577754,"template":"","meta":{"_acf_changed":false,"ngg_post_thumbnail":0},"product_brand":[],"product_cat":[47,45],"product_tag":[],"class_list":{"0":"post-280265","1":"product","2":"type-product","3":"status-publish","4":"has-post-thumbnail","6":"product_cat-vissezonas-riepas","7":"product_cat-ziemas-riepas","9":"first","10":"outofstock","11":"sale","12":"taxable","13":"shipping-taxable","14":"product-type-simple"},"acf":[],"yoast_head":"<!-- This site is optimized with the Yoast SEO Premium plugin v22.6 (Yoast SEO v27.3) - https:\/\/yoast.com\/product\/yoast-seo-premium-wordpress\/ -->\n<title>225\/45R17 Continental ContiVikingContact 5 94T DOT13 &#8226; MMK Riepas<\/title>\n<meta name=\"robots\" content=\"index, follow, max-snippet:-1, max-image-preview:large, max-video-preview:-1\" \/>\n<link rel=\"canonical\" href=\"https:\/\/mmkriepas.lv\/en\/p\/225-45r17-continental-contivikingcontact-5-94t\/\" \/>\n<meta property=\"og:locale\" content=\"en_US\" \/>\n<meta property=\"og:type\" content=\"article\" \/>\n<meta property=\"og:title\" content=\"225\/45R17 Continental ContiVikingContact 5 94T DOT13\" \/>\n<meta property=\"og:description\" content=\"Continental ContiVikingContact 5\u00a0ir augst\u0101k\u0101s kvalit\u0101tes jeb Premium klases Skandin\u0101vijas tipa ziemas riepu modelis. Izce\u013cas ar izciliem sa\u0137eres, manevr\u0113tsp\u0113jas un komforta r\u0101d\u012bt\u0101jiem pat skarb\u0101kajos ziemas brauk\u0161anas apst\u0101k\u013cos.\" \/>\n<meta property=\"og:url\" content=\"https:\/\/mmkriepas.lv\/en\/p\/225-45r17-continental-contivikingcontact-5-94t\/\" \/>\n<meta property=\"og:site_name\" content=\"MMK Riepas\" \/>\n<meta property=\"article:publisher\" content=\"https:\/\/www.facebook.com\/mmkserviss\/\" \/>\n<meta property=\"article:modified_time\" content=\"2025-03-07T15:22:21+00:00\" \/>\n<meta property=\"og:image\" content=\"https:\/\/mmkriepas.lv\/wp-content\/uploads\/2023\/02\/22545r17-continental-contivikingcontact-5-94t-dot13-ziemas-riepas.jpeg\" \/>\n\t<meta property=\"og:image:width\" content=\"1920\" \/>\n\t<meta property=\"og:image:height\" content=\"1080\" \/>\n\t<meta property=\"og:image:type\" content=\"image\/jpeg\" \/>\n<meta name=\"twitter:card\" content=\"summary_large_image\" \/>\n<meta name=\"twitter:label1\" content=\"Price\" \/>\n\t<meta name=\"twitter:data1\" content=\"&euro;69.00\" \/>\n\t<meta name=\"twitter:label2\" content=\"Availability\" \/>\n\t<meta name=\"twitter:data2\" content=\"Out of stock\" \/>\n<script type=\"application\/ld+json\" class=\"yoast-schema-graph\">{\"@context\":\"https:\\\/\\\/schema.org\",\"@graph\":[{\"@type\":\"WebPage\",\"@id\":\"https:\\\/\\\/mmkriepas.lv\\\/en\\\/p\\\/225-45r17-continental-contivikingcontact-5-94t\\\/\",\"url\":\"https:\\\/\\\/mmkriepas.lv\\\/en\\\/p\\\/225-45r17-continental-contivikingcontact-5-94t\\\/\",\"name\":\"225\\\/45R17 Continental ContiVikingContact 5 94T DOT13 &#8226; MMK Riepas\",\"isPartOf\":{\"@id\":\"https:\\\/\\\/mmkriepas.lv\\\/en\\\/#website\"},\"primaryImageOfPage\":{\"@id\":\"https:\\\/\\\/mmkriepas.lv\\\/en\\\/p\\\/225-45r17-continental-contivikingcontact-5-94t\\\/#primaryimage\"},\"image\":{\"@id\":\"https:\\\/\\\/mmkriepas.lv\\\/en\\\/p\\\/225-45r17-continental-contivikingcontact-5-94t\\\/#primaryimage\"},\"thumbnailUrl\":\"https:\\\/\\\/mmkriepas.lv\\\/wp-content\\\/uploads\\\/2023\\\/02\\\/22545r17-continental-contivikingcontact-5-94t-dot13-ziemas-riepas.jpeg\",\"datePublished\":\"2022-08-15T21:11:21+00:00\",\"dateModified\":\"2025-03-07T15:22:21+00:00\",\"breadcrumb\":{\"@id\":\"https:\\\/\\\/mmkriepas.lv\\\/en\\\/p\\\/225-45r17-continental-contivikingcontact-5-94t\\\/#breadcrumb\"},\"inLanguage\":\"en-US\",\"potentialAction\":[{\"@type\":\"ReadAction\",\"target\":[\"https:\\\/\\\/mmkriepas.lv\\\/en\\\/p\\\/225-45r17-continental-contivikingcontact-5-94t\\\/\"]}]},{\"@type\":\"ImageObject\",\"inLanguage\":\"en-US\",\"@id\":\"https:\\\/\\\/mmkriepas.lv\\\/en\\\/p\\\/225-45r17-continental-contivikingcontact-5-94t\\\/#primaryimage\",\"url\":\"https:\\\/\\\/mmkriepas.lv\\\/wp-content\\\/uploads\\\/2023\\\/02\\\/22545r17-continental-contivikingcontact-5-94t-dot13-ziemas-riepas.jpeg\",\"contentUrl\":\"https:\\\/\\\/mmkriepas.lv\\\/wp-content\\\/uploads\\\/2023\\\/02\\\/22545r17-continental-contivikingcontact-5-94t-dot13-ziemas-riepas.jpeg\",\"width\":1920,\"height\":1080,\"caption\":\"225\\\/45R17 Continental ContiVikingContact 5 94T DOT13 - Vissezonas riepas \\\/ Ziemas riepas\"},{\"@type\":\"BreadcrumbList\",\"@id\":\"https:\\\/\\\/mmkriepas.lv\\\/en\\\/p\\\/225-45r17-continental-contivikingcontact-5-94t\\\/#breadcrumb\",\"itemListElement\":[{\"@type\":\"ListItem\",\"position\":1,\"name\":\"S\u0101kums\",\"item\":\"https:\\\/\\\/mmkriepas.lv\\\/en\\\/\"},{\"@type\":\"ListItem\",\"position\":2,\"name\":\"225\\\/45R17 Continental ContiVikingContact 5 94T DOT13\"}]},{\"@type\":\"WebSite\",\"@id\":\"https:\\\/\\\/mmkriepas.lv\\\/en\\\/#website\",\"url\":\"https:\\\/\\\/mmkriepas.lv\\\/en\\\/\",\"name\":\"MMK Riepas\",\"description\":\"MMK Riepas\",\"alternateName\":\"MMK Riepu Serviss\",\"potentialAction\":[{\"@type\":\"SearchAction\",\"target\":{\"@type\":\"EntryPoint\",\"urlTemplate\":\"https:\\\/\\\/mmkriepas.lv\\\/en\\\/?s={search_term_string}\"},\"query-input\":{\"@type\":\"PropertyValueSpecification\",\"valueRequired\":true,\"valueName\":\"search_term_string\"}}],\"inLanguage\":\"en-US\"},{\"@type\":\"ImageObject\",\"inLanguage\":\"en-US\",\"@id\":\"https:\\\/\\\/mmkriepas.lv\\\/en\\\/p\\\/225-45r17-continental-contivikingcontact-5-94t\\\/#local-main-organization-logo\",\"url\":\"\",\"contentUrl\":\"\",\"caption\":\"MMK Riepas\"}]}<\/script>\n<meta property=\"product:brand\" content=\"Continental ContiVikingContact 5\" \/>\n<meta property=\"product:price:amount\" content=\"69.00\" \/>\n<meta property=\"product:price:currency\" content=\"EUR\" \/>\n<meta property=\"og:availability\" content=\"out of stock\" \/>\n<meta property=\"product:availability\" content=\"out of stock\" \/>\n<meta property=\"product:retailer_item_id\" content=\"TW2254517CONTI-1686\" \/>\n<meta property=\"product:condition\" content=\"new\" \/>\n<!-- \/ Yoast SEO Premium plugin. -->","yoast_head_json":{"title":"225\/45R17 Continental ContiVikingContact 5 94T DOT13 &#8226; MMK Riepas","robots":{"index":"index","follow":"follow","max-snippet":"max-snippet:-1","max-image-preview":"max-image-preview:large","max-video-preview":"max-video-preview:-1"},"canonical":"https:\/\/mmkriepas.lv\/en\/p\/225-45r17-continental-contivikingcontact-5-94t\/","og_locale":"en_US","og_type":"article","og_title":"225\/45R17 Continental ContiVikingContact 5 94T DOT13","og_description":"Continental ContiVikingContact 5\u00a0ir augst\u0101k\u0101s kvalit\u0101tes jeb Premium klases Skandin\u0101vijas tipa ziemas riepu modelis. Izce\u013cas ar izciliem sa\u0137eres, manevr\u0113tsp\u0113jas un komforta r\u0101d\u012bt\u0101jiem pat skarb\u0101kajos ziemas brauk\u0161anas apst\u0101k\u013cos.","og_url":"https:\/\/mmkriepas.lv\/en\/p\/225-45r17-continental-contivikingcontact-5-94t\/","og_site_name":"MMK Riepas","article_publisher":"https:\/\/www.facebook.com\/mmkserviss\/","article_modified_time":"2025-03-07T15:22:21+00:00","og_image":[{"width":1920,"height":1080,"url":"https:\/\/mmkriepas.lv\/wp-content\/uploads\/2023\/02\/22545r17-continental-contivikingcontact-5-94t-dot13-ziemas-riepas.jpeg","type":"image\/jpeg"}],"twitter_card":"summary_large_image","twitter_misc":{"Price":"&euro;69.00","Availability":"Out of stock"},"schema":{"@context":"https:\/\/schema.org","@graph":[{"@type":"WebPage","@id":"https:\/\/mmkriepas.lv\/en\/p\/225-45r17-continental-contivikingcontact-5-94t\/","url":"https:\/\/mmkriepas.lv\/en\/p\/225-45r17-continental-contivikingcontact-5-94t\/","name":"225\/45R17 Continental ContiVikingContact 5 94T DOT13 &#8226; MMK Riepas","isPartOf":{"@id":"https:\/\/mmkriepas.lv\/en\/#website"},"primaryImageOfPage":{"@id":"https:\/\/mmkriepas.lv\/en\/p\/225-45r17-continental-contivikingcontact-5-94t\/#primaryimage"},"image":{"@id":"https:\/\/mmkriepas.lv\/en\/p\/225-45r17-continental-contivikingcontact-5-94t\/#primaryimage"},"thumbnailUrl":"https:\/\/mmkriepas.lv\/wp-content\/uploads\/2023\/02\/22545r17-continental-contivikingcontact-5-94t-dot13-ziemas-riepas.jpeg","datePublished":"2022-08-15T21:11:21+00:00","dateModified":"2025-03-07T15:22:21+00:00","breadcrumb":{"@id":"https:\/\/mmkriepas.lv\/en\/p\/225-45r17-continental-contivikingcontact-5-94t\/#breadcrumb"},"inLanguage":"en-US","potentialAction":[{"@type":"ReadAction","target":["https:\/\/mmkriepas.lv\/en\/p\/225-45r17-continental-contivikingcontact-5-94t\/"]}]},{"@type":"ImageObject","inLanguage":"en-US","@id":"https:\/\/mmkriepas.lv\/en\/p\/225-45r17-continental-contivikingcontact-5-94t\/#primaryimage","url":"https:\/\/mmkriepas.lv\/wp-content\/uploads\/2023\/02\/22545r17-continental-contivikingcontact-5-94t-dot13-ziemas-riepas.jpeg","contentUrl":"https:\/\/mmkriepas.lv\/wp-content\/uploads\/2023\/02\/22545r17-continental-contivikingcontact-5-94t-dot13-ziemas-riepas.jpeg","width":1920,"height":1080,"caption":"225\/45R17 Continental ContiVikingContact 5 94T DOT13 - Vissezonas riepas \/ Ziemas riepas"},{"@type":"BreadcrumbList","@id":"https:\/\/mmkriepas.lv\/en\/p\/225-45r17-continental-contivikingcontact-5-94t\/#breadcrumb","itemListElement":[{"@type":"ListItem","position":1,"name":"S\u0101kums","item":"https:\/\/mmkriepas.lv\/en\/"},{"@type":"ListItem","position":2,"name":"225\/45R17 Continental ContiVikingContact 5 94T DOT13"}]},{"@type":"WebSite","@id":"https:\/\/mmkriepas.lv\/en\/#website","url":"https:\/\/mmkriepas.lv\/en\/","name":"MMK Riepas","description":"MMK Riepas","alternateName":"MMK Riepu Serviss","potentialAction":[{"@type":"SearchAction","target":{"@type":"EntryPoint","urlTemplate":"https:\/\/mmkriepas.lv\/en\/?s={search_term_string}"},"query-input":{"@type":"PropertyValueSpecification","valueRequired":true,"valueName":"search_term_string"}}],"inLanguage":"en-US"},{"@type":"ImageObject","inLanguage":"en-US","@id":"https:\/\/mmkriepas.lv\/en\/p\/225-45r17-continental-contivikingcontact-5-94t\/#local-main-organization-logo","url":"","contentUrl":"","caption":"MMK Riepas"}]},"product_brand":"Continental ContiVikingContact 5","product_price_amount":"69.00","product_price_currency":"EUR","og_availability":"out of stock","product_availability":"out of stock","product_retailer_item_id":"TW2254517CONTI-1686","product_condition":"new"},"_links":{"self":[{"href":"https:\/\/mmkriepas.lv\/en\/wp-json\/wp\/v2\/product\/280265","targetHints":{"allow":["GET"]}}],"collection":[{"href":"https:\/\/mmkriepas.lv\/en\/wp-json\/wp\/v2\/product"}],"about":[{"href":"https:\/\/mmkriepas.lv\/en\/wp-json\/wp\/v2\/types\/product"}],"wp:featuredmedia":[{"embeddable":true,"href":"https:\/\/mmkriepas.lv\/en\/wp-json\/wp\/v2\/media\/577754"}],"wp:attachment":[{"href":"https:\/\/mmkriepas.lv\/en\/wp-json\/wp\/v2\/media?parent=280265"}],"wp:term":[{"taxonomy":"product_brand","embeddable":true,"href":"https:\/\/mmkriepas.lv\/en\/wp-json\/wp\/v2\/product_brand?post=280265"},{"taxonomy":"product_cat","embeddable":true,"href":"https:\/\/mmkriepas.lv\/en\/wp-json\/wp\/v2\/product_cat?post=280265"},{"taxonomy":"product_tag","embeddable":true,"href":"https:\/\/mmkriepas.lv\/en\/wp-json\/wp\/v2\/product_tag?post=280265"}],"curies":[{"name":"wp","href":"https:\/\/api.w.org\/{rel}","templated":true}]}}