{"id":280176,"date":"2022-08-16T00:08:30","date_gmt":"2022-08-15T21:08:30","guid":{"rendered":"https:\/\/mmkserviss.lv\/?post_type=product&#038;p=280176"},"modified":"2025-03-07T17:13:29","modified_gmt":"2025-03-07T15:13:29","slug":"205-55r16-kleber-krisalp-hp3-91h-michelin","status":"publish","type":"product","link":"https:\/\/mmkriepas.lv\/en\/p\/205-55r16-kleber-krisalp-hp3-91h-michelin\/","title":{"rendered":"205\/55R16 Kleber Krisalp HP3 91H (Michelin)"},"content":{"rendered":"<p><strong>Kleber Krisalp HP3<\/strong> ir teicamas kvalit\u0101tes jeb vid\u0113j\u0101s klases vissezonas\/ziemas riepu modelis. Tas izce\u013cas ar teicamiem sa\u0137eres un manevr\u0113tsp\u0113jas r\u0101d\u012bt\u0101jiem gan uz sausa un slapja asfalta, gan ar\u012b snieg\u0101, k\u0101 ar\u012b ar augstu brauk\u0161anas komforta l\u012bmeni. \u0160is riepu modelis pieejams pla\u0161\u0101 izm\u0113ru kl\u0101st\u0101 no R14 l\u012bdz R19 un ir piem\u0113rots maza un vid\u0113ja izm\u0113ra vieglaj\u0101m automa\u0161\u012bn\u0101m.<o:p><\/o:p><\/p>\n<h3><strong>Kleber Krisalp HP3 galven\u0101s iez\u012bmes<\/strong><o:p><\/o:p><\/h3>\n<p>+ Teicama sa\u0137ere gan uz sausa un slapja asfalta, gan snieg\u0101.<o:p><\/o:p><\/p>\n<p>+ Zems degvielas pat\u0113ri\u0146\u0161!<o:p><\/o:p><\/p>\n<p>+ Lieli \u0101truma indeksi.<o:p><\/o:p><\/p>\n<p>+ Izteikts akustiskais un brauk\u0161anas gaitas komforts.<o:p><\/o:p><\/p>\n<p>+ Palielin\u0101ta nodilumiztur\u012bba.<o:p><\/o:p><\/p>\n<p>+ Riepas ra\u017eotas Eirop\u0101.<o:p><\/o:p><\/p>\n<p>+ Zems akvaplan\u0113\u0161anas risks.<o:p><\/o:p><\/p>\n<h3><strong>Krisalp HP3 apr\u012bkojums<\/strong><o:p><\/o:p><\/h3>\n<p><strong>Kleber Krisalp HP3\u00a0<\/strong>vissezonas\/ziemas jeb M+S riepu modelis apr\u012bkots ar klasisku virzienveida protektora rakstu. \u0160\u0101ds dizains izv\u0113l\u0113ts, jo tas apvieno sev\u012b labas veiktsp\u0113jas \u012bpa\u0161\u012bbas gan snieg\u0101, gan ar\u012b uz slapja un sausa asfalta.<o:p><\/o:p><\/p>\n<p>V-veid\u0101 izvietotie protektora bloki darin\u0101ti no augstas kvalit\u0101tes gumijas sakaus\u0113juma. Tam pievienotie elastrom\u0113ri uzlabo nodilumiztur\u012bbu un pal\u012bdz riepai saglab\u0101t elast\u012bbu zem\u0101s gaisa temperat\u016br\u0101s. K\u0101 zin\u0101ms, elast\u012bga riepa daudz lab\u0101k veido sa\u0137eri ar ce\u013cu, k\u0101 ar\u012b dilst vienm\u0113r\u012bg\u0101k.<o:p><\/o:p><\/p>\n<p>Protektora pamatn\u0113 izvietota augsti att\u012bst\u012bta dren\u0101\u017eas jeb \u016bdens novadkan\u0101lu sist\u0113ma. T\u0101 teicami tiek gal\u0101 gan ar sniegu, gan ar\u012b ar \u016bdeni, b\u016btiski samazinot akvaplan\u0113\u0161anas risku pat lielos brauk\u0161anas \u0101trumos.<o:p><\/o:p><\/p>\n","protected":false},"excerpt":{"rendered":"<p><strong>Kleber Krisalp HP3<\/strong> ir teicamas kvalit\u0101tes jeb vid\u0113j\u0101s klases vissezonas\/ziemas riepu modelis. Tas izce\u013cas ar teicamiem sa\u0137eres un manevr\u0113tsp\u0113jas r\u0101d\u012bt\u0101jiem gan uz sausa un slapja asfalta, gan ar\u012b snieg\u0101, k\u0101 ar\u012b ar augstu brauk\u0161anas komforta l\u012bmeni. \u0160is riepu modelis pieejams pla\u0161\u0101 izm\u0113ru kl\u0101st\u0101 no R14 l\u012bdz R19 un ir piem\u0113rots maza un vid\u0113ja izm\u0113ra vieglaj\u0101m automa\u0161\u012bn\u0101m.<o:p><\/o:p><\/p>\n","protected":false},"featured_media":628089,"template":"","meta":{"_acf_changed":false,"ngg_post_thumbnail":0},"product_brand":[],"product_cat":[47,45],"product_tag":[],"class_list":{"0":"post-280176","1":"product","2":"type-product","3":"status-publish","4":"has-post-thumbnail","6":"product_cat-vissezonas-riepas","7":"product_cat-ziemas-riepas","9":"first","10":"outofstock","11":"sale","12":"taxable","13":"shipping-taxable","14":"product-type-simple"},"acf":[],"yoast_head":"<!-- This site is optimized with the Yoast SEO Premium plugin v22.6 (Yoast SEO v27.3) - https:\/\/yoast.com\/product\/yoast-seo-premium-wordpress\/ -->\n<title>205\/55R16 Kleber Krisalp HP3 91H (Michelin) &#8226; MMK Riepas<\/title>\n<meta name=\"robots\" content=\"index, follow, max-snippet:-1, max-image-preview:large, max-video-preview:-1\" \/>\n<link rel=\"canonical\" href=\"https:\/\/mmkriepas.lv\/en\/p\/205-55r16-kleber-krisalp-hp3-91h-michelin\/\" \/>\n<meta property=\"og:locale\" content=\"en_US\" \/>\n<meta property=\"og:type\" content=\"article\" \/>\n<meta property=\"og:title\" content=\"205\/55R16 Kleber Krisalp HP3 91H (Michelin)\" \/>\n<meta property=\"og:description\" content=\"Kleber Krisalp HP3 ir teicamas kvalit\u0101tes jeb vid\u0113j\u0101s klases vissezonas\/ziemas riepu modelis. Tas izce\u013cas ar teicamiem sa\u0137eres un manevr\u0113tsp\u0113jas r\u0101d\u012bt\u0101jiem gan uz sausa un slapja asfalta, gan ar\u012b snieg\u0101, k\u0101 ar\u012b ar augstu brauk\u0161anas komforta l\u012bmeni. \u0160is riepu modelis pieejams pla\u0161\u0101 izm\u0113ru kl\u0101st\u0101 no R14 l\u012bdz R19 un ir piem\u0113rots maza un vid\u0113ja izm\u0113ra vieglaj\u0101m automa\u0161\u012bn\u0101m.\" \/>\n<meta property=\"og:url\" content=\"https:\/\/mmkriepas.lv\/en\/p\/205-55r16-kleber-krisalp-hp3-91h-michelin\/\" \/>\n<meta property=\"og:site_name\" content=\"MMK Riepas\" \/>\n<meta property=\"article:publisher\" content=\"https:\/\/www.facebook.com\/mmkserviss\/\" \/>\n<meta property=\"article:modified_time\" content=\"2025-03-07T15:13:29+00:00\" \/>\n<meta property=\"og:image\" content=\"https:\/\/mmkriepas.lv\/wp-content\/uploads\/2023\/02\/20555r16-kleber-krisalp-hp3-91h-michelin-ziemas-riepas.jpeg\" \/>\n\t<meta property=\"og:image:width\" content=\"1920\" \/>\n\t<meta property=\"og:image:height\" content=\"1440\" \/>\n\t<meta property=\"og:image:type\" content=\"image\/jpeg\" \/>\n<meta name=\"twitter:card\" content=\"summary_large_image\" \/>\n<meta name=\"twitter:label1\" content=\"Price\" \/>\n\t<meta name=\"twitter:data1\" content=\"&euro;75.00\" \/>\n\t<meta name=\"twitter:label2\" content=\"Availability\" \/>\n\t<meta name=\"twitter:data2\" content=\"Out of stock\" \/>\n<script type=\"application\/ld+json\" class=\"yoast-schema-graph\">{\"@context\":\"https:\\\/\\\/schema.org\",\"@graph\":[{\"@type\":\"WebPage\",\"@id\":\"https:\\\/\\\/mmkriepas.lv\\\/en\\\/p\\\/205-55r16-kleber-krisalp-hp3-91h-michelin\\\/\",\"url\":\"https:\\\/\\\/mmkriepas.lv\\\/en\\\/p\\\/205-55r16-kleber-krisalp-hp3-91h-michelin\\\/\",\"name\":\"205\\\/55R16 Kleber Krisalp HP3 91H (Michelin) &#8226; MMK Riepas\",\"isPartOf\":{\"@id\":\"https:\\\/\\\/mmkriepas.lv\\\/en\\\/#website\"},\"primaryImageOfPage\":{\"@id\":\"https:\\\/\\\/mmkriepas.lv\\\/en\\\/p\\\/205-55r16-kleber-krisalp-hp3-91h-michelin\\\/#primaryimage\"},\"image\":{\"@id\":\"https:\\\/\\\/mmkriepas.lv\\\/en\\\/p\\\/205-55r16-kleber-krisalp-hp3-91h-michelin\\\/#primaryimage\"},\"thumbnailUrl\":\"https:\\\/\\\/mmkriepas.lv\\\/wp-content\\\/uploads\\\/2023\\\/02\\\/20555r16-kleber-krisalp-hp3-91h-michelin-ziemas-riepas.jpeg\",\"datePublished\":\"2022-08-15T21:08:30+00:00\",\"dateModified\":\"2025-03-07T15:13:29+00:00\",\"breadcrumb\":{\"@id\":\"https:\\\/\\\/mmkriepas.lv\\\/en\\\/p\\\/205-55r16-kleber-krisalp-hp3-91h-michelin\\\/#breadcrumb\"},\"inLanguage\":\"en-US\",\"potentialAction\":[{\"@type\":\"ReadAction\",\"target\":[\"https:\\\/\\\/mmkriepas.lv\\\/en\\\/p\\\/205-55r16-kleber-krisalp-hp3-91h-michelin\\\/\"]}]},{\"@type\":\"ImageObject\",\"inLanguage\":\"en-US\",\"@id\":\"https:\\\/\\\/mmkriepas.lv\\\/en\\\/p\\\/205-55r16-kleber-krisalp-hp3-91h-michelin\\\/#primaryimage\",\"url\":\"https:\\\/\\\/mmkriepas.lv\\\/wp-content\\\/uploads\\\/2023\\\/02\\\/20555r16-kleber-krisalp-hp3-91h-michelin-ziemas-riepas.jpeg\",\"contentUrl\":\"https:\\\/\\\/mmkriepas.lv\\\/wp-content\\\/uploads\\\/2023\\\/02\\\/20555r16-kleber-krisalp-hp3-91h-michelin-ziemas-riepas.jpeg\",\"width\":1920,\"height\":1440,\"caption\":\"205\\\/55R16 Kleber Krisalp HP3 91H (Michelin) - Vissezonas riepas \\\/ Ziemas riepas\"},{\"@type\":\"BreadcrumbList\",\"@id\":\"https:\\\/\\\/mmkriepas.lv\\\/en\\\/p\\\/205-55r16-kleber-krisalp-hp3-91h-michelin\\\/#breadcrumb\",\"itemListElement\":[{\"@type\":\"ListItem\",\"position\":1,\"name\":\"S\u0101kums\",\"item\":\"https:\\\/\\\/mmkriepas.lv\\\/en\\\/\"},{\"@type\":\"ListItem\",\"position\":2,\"name\":\"205\\\/55R16 Kleber Krisalp HP3 91H (Michelin)\"}]},{\"@type\":\"WebSite\",\"@id\":\"https:\\\/\\\/mmkriepas.lv\\\/en\\\/#website\",\"url\":\"https:\\\/\\\/mmkriepas.lv\\\/en\\\/\",\"name\":\"MMK Riepas\",\"description\":\"MMK Riepas\",\"alternateName\":\"MMK Riepu Serviss\",\"potentialAction\":[{\"@type\":\"SearchAction\",\"target\":{\"@type\":\"EntryPoint\",\"urlTemplate\":\"https:\\\/\\\/mmkriepas.lv\\\/en\\\/?s={search_term_string}\"},\"query-input\":{\"@type\":\"PropertyValueSpecification\",\"valueRequired\":true,\"valueName\":\"search_term_string\"}}],\"inLanguage\":\"en-US\"},{\"@type\":\"ImageObject\",\"inLanguage\":\"en-US\",\"@id\":\"https:\\\/\\\/mmkriepas.lv\\\/en\\\/p\\\/205-55r16-kleber-krisalp-hp3-91h-michelin\\\/#local-main-organization-logo\",\"url\":\"\",\"contentUrl\":\"\",\"caption\":\"MMK Riepas\"}]}<\/script>\n<meta property=\"product:brand\" content=\"Kleber Krisalp HP3\" \/>\n<meta property=\"product:price:amount\" content=\"75.00\" \/>\n<meta property=\"product:price:currency\" content=\"EUR\" \/>\n<meta property=\"og:availability\" content=\"out of stock\" \/>\n<meta property=\"product:availability\" content=\"out of stock\" \/>\n<meta property=\"product:retailer_item_id\" content=\"TW2055516KLEBE-1359\" \/>\n<meta property=\"product:condition\" content=\"new\" \/>\n<!-- \/ Yoast SEO Premium plugin. -->","yoast_head_json":{"title":"205\/55R16 Kleber Krisalp HP3 91H (Michelin) &#8226; MMK Riepas","robots":{"index":"index","follow":"follow","max-snippet":"max-snippet:-1","max-image-preview":"max-image-preview:large","max-video-preview":"max-video-preview:-1"},"canonical":"https:\/\/mmkriepas.lv\/en\/p\/205-55r16-kleber-krisalp-hp3-91h-michelin\/","og_locale":"en_US","og_type":"article","og_title":"205\/55R16 Kleber Krisalp HP3 91H (Michelin)","og_description":"Kleber Krisalp HP3 ir teicamas kvalit\u0101tes jeb vid\u0113j\u0101s klases vissezonas\/ziemas riepu modelis. Tas izce\u013cas ar teicamiem sa\u0137eres un manevr\u0113tsp\u0113jas r\u0101d\u012bt\u0101jiem gan uz sausa un slapja asfalta, gan ar\u012b snieg\u0101, k\u0101 ar\u012b ar augstu brauk\u0161anas komforta l\u012bmeni. \u0160is riepu modelis pieejams pla\u0161\u0101 izm\u0113ru kl\u0101st\u0101 no R14 l\u012bdz R19 un ir piem\u0113rots maza un vid\u0113ja izm\u0113ra vieglaj\u0101m automa\u0161\u012bn\u0101m.","og_url":"https:\/\/mmkriepas.lv\/en\/p\/205-55r16-kleber-krisalp-hp3-91h-michelin\/","og_site_name":"MMK Riepas","article_publisher":"https:\/\/www.facebook.com\/mmkserviss\/","article_modified_time":"2025-03-07T15:13:29+00:00","og_image":[{"width":1920,"height":1440,"url":"https:\/\/mmkriepas.lv\/wp-content\/uploads\/2023\/02\/20555r16-kleber-krisalp-hp3-91h-michelin-ziemas-riepas.jpeg","type":"image\/jpeg"}],"twitter_card":"summary_large_image","twitter_misc":{"Price":"&euro;75.00","Availability":"Out of stock"},"schema":{"@context":"https:\/\/schema.org","@graph":[{"@type":"WebPage","@id":"https:\/\/mmkriepas.lv\/en\/p\/205-55r16-kleber-krisalp-hp3-91h-michelin\/","url":"https:\/\/mmkriepas.lv\/en\/p\/205-55r16-kleber-krisalp-hp3-91h-michelin\/","name":"205\/55R16 Kleber Krisalp HP3 91H (Michelin) &#8226; MMK Riepas","isPartOf":{"@id":"https:\/\/mmkriepas.lv\/en\/#website"},"primaryImageOfPage":{"@id":"https:\/\/mmkriepas.lv\/en\/p\/205-55r16-kleber-krisalp-hp3-91h-michelin\/#primaryimage"},"image":{"@id":"https:\/\/mmkriepas.lv\/en\/p\/205-55r16-kleber-krisalp-hp3-91h-michelin\/#primaryimage"},"thumbnailUrl":"https:\/\/mmkriepas.lv\/wp-content\/uploads\/2023\/02\/20555r16-kleber-krisalp-hp3-91h-michelin-ziemas-riepas.jpeg","datePublished":"2022-08-15T21:08:30+00:00","dateModified":"2025-03-07T15:13:29+00:00","breadcrumb":{"@id":"https:\/\/mmkriepas.lv\/en\/p\/205-55r16-kleber-krisalp-hp3-91h-michelin\/#breadcrumb"},"inLanguage":"en-US","potentialAction":[{"@type":"ReadAction","target":["https:\/\/mmkriepas.lv\/en\/p\/205-55r16-kleber-krisalp-hp3-91h-michelin\/"]}]},{"@type":"ImageObject","inLanguage":"en-US","@id":"https:\/\/mmkriepas.lv\/en\/p\/205-55r16-kleber-krisalp-hp3-91h-michelin\/#primaryimage","url":"https:\/\/mmkriepas.lv\/wp-content\/uploads\/2023\/02\/20555r16-kleber-krisalp-hp3-91h-michelin-ziemas-riepas.jpeg","contentUrl":"https:\/\/mmkriepas.lv\/wp-content\/uploads\/2023\/02\/20555r16-kleber-krisalp-hp3-91h-michelin-ziemas-riepas.jpeg","width":1920,"height":1440,"caption":"205\/55R16 Kleber Krisalp HP3 91H (Michelin) - Vissezonas riepas \/ Ziemas riepas"},{"@type":"BreadcrumbList","@id":"https:\/\/mmkriepas.lv\/en\/p\/205-55r16-kleber-krisalp-hp3-91h-michelin\/#breadcrumb","itemListElement":[{"@type":"ListItem","position":1,"name":"S\u0101kums","item":"https:\/\/mmkriepas.lv\/en\/"},{"@type":"ListItem","position":2,"name":"205\/55R16 Kleber Krisalp HP3 91H (Michelin)"}]},{"@type":"WebSite","@id":"https:\/\/mmkriepas.lv\/en\/#website","url":"https:\/\/mmkriepas.lv\/en\/","name":"MMK Riepas","description":"MMK Riepas","alternateName":"MMK Riepu Serviss","potentialAction":[{"@type":"SearchAction","target":{"@type":"EntryPoint","urlTemplate":"https:\/\/mmkriepas.lv\/en\/?s={search_term_string}"},"query-input":{"@type":"PropertyValueSpecification","valueRequired":true,"valueName":"search_term_string"}}],"inLanguage":"en-US"},{"@type":"ImageObject","inLanguage":"en-US","@id":"https:\/\/mmkriepas.lv\/en\/p\/205-55r16-kleber-krisalp-hp3-91h-michelin\/#local-main-organization-logo","url":"","contentUrl":"","caption":"MMK Riepas"}]},"product_brand":"Kleber Krisalp HP3","product_price_amount":"75.00","product_price_currency":"EUR","og_availability":"out of stock","product_availability":"out of stock","product_retailer_item_id":"TW2055516KLEBE-1359","product_condition":"new"},"_links":{"self":[{"href":"https:\/\/mmkriepas.lv\/en\/wp-json\/wp\/v2\/product\/280176","targetHints":{"allow":["GET"]}}],"collection":[{"href":"https:\/\/mmkriepas.lv\/en\/wp-json\/wp\/v2\/product"}],"about":[{"href":"https:\/\/mmkriepas.lv\/en\/wp-json\/wp\/v2\/types\/product"}],"wp:featuredmedia":[{"embeddable":true,"href":"https:\/\/mmkriepas.lv\/en\/wp-json\/wp\/v2\/media\/628089"}],"wp:attachment":[{"href":"https:\/\/mmkriepas.lv\/en\/wp-json\/wp\/v2\/media?parent=280176"}],"wp:term":[{"taxonomy":"product_brand","embeddable":true,"href":"https:\/\/mmkriepas.lv\/en\/wp-json\/wp\/v2\/product_brand?post=280176"},{"taxonomy":"product_cat","embeddable":true,"href":"https:\/\/mmkriepas.lv\/en\/wp-json\/wp\/v2\/product_cat?post=280176"},{"taxonomy":"product_tag","embeddable":true,"href":"https:\/\/mmkriepas.lv\/en\/wp-json\/wp\/v2\/product_tag?post=280176"}],"curies":[{"name":"wp","href":"https:\/\/api.w.org\/{rel}","templated":true}]}}