{"id":280148,"date":"2022-08-16T00:07:34","date_gmt":"2022-08-15T21:07:34","guid":{"rendered":"https:\/\/mmkserviss.lv\/?post_type=product&#038;p=280148"},"modified":"2025-03-07T17:09:32","modified_gmt":"2025-03-07T15:09:32","slug":"195-60r15-kormoran-stud-2-92t","status":"publish","type":"product","link":"https:\/\/mmkriepas.lv\/en\/p\/195-60r15-kormoran-stud-2-92t\/","title":{"rendered":"195\/60R15 Kormoran Stud2 92T (Michelin)"},"content":{"rendered":"<p><strong>Kormoran Stud 2<\/strong> ir rad\u017eojamas ziemas riepas, kuru izgatavo\u0161an\u0101 piedal\u012bju\u0161ies <strong>Michelin in\u017eenieri<\/strong>. \u0160is modelis ir pieejamas gan ar radz\u0113m, gan bez t\u0101m. T\u0101 izce\u013cas ar izcilu sa\u0137eri un manevr\u0113tsp\u0113ju, nokri\u0161\u0146u novadi pa dren\u0101\u017eas riev\u0101m un sa\u012bsin\u0101tu bremz\u0113\u0161anas ce\u013cu.<\/p>\n<p><strong>Kormoran Stud 2 veiktsp\u0113ja da\u017e\u0101dos brauk\u0161anas apst\u0101k\u013cos<\/strong><\/p>\n<p><strong>Stud 2<\/strong> protektora raksts ir virz\u012bts, kas pal\u012bdz lab\u0101k novad\u012bt sniegu un \u016bdeni. Protektors papildin\u0101ts ar radz\u0113m, kas izcili veido sa\u0137eri ar sniegu un apledoju\u0161u ce\u013cu, turkl\u0101t protektora rakst\u0101 iestr\u0101d\u0101ti vair\u0101ki t\u016bksto\u0161i lame\u013cu tie\u0161i \u0161im m\u0113r\u0137im.<\/p>\n<p><strong>Kormoran Stud 2 galven\u0101s iez\u012bmes<\/strong><\/p>\n<p>+Mas\u012bvie protektora bloki centr\u0101 padara riepu stabil\u0101ku un uzlabo sa\u0137eri.<\/p>\n<p>+Virz\u012bt\u0101 tipa protektora raksts un pla\u0161\u0101s dren\u0101\u017eas rievas uzlabo \u016bdens novadi un samazina akvaplan\u0113\u0161anas risku.<\/p>\n<p>+Se\u0161as rad\u017eu rindas, tand\u0113m\u0101 ar vair\u0101kiem t\u016bksto\u0161iem lame\u013cu, uzlabo sa\u0137eri ar apledoju\u0161iem ce\u013ciem.<\/p>\n<p><strong>Kormoran Stud 2 piem\u0113rot\u012bba Latvijas apst\u0101k\u013ciem<\/strong><\/p>\n<p><strong>Stud 2<\/strong> ir izcila bud\u017eeta klases ziemas riepa, kuru izstr\u0101d\u0101ju\u0161i Michelin in\u017eenieri. T\u0101 labi tiek gal\u0101 ar jebk\u0101diem ziemas apst\u0101k\u013ciem, uzr\u0101dot labus r\u0101d\u012bt\u0101jus gan uz ledus, gan ar\u012b slapjdra\u0146\u0137\u012b. \u0160\u012b riepa b\u016bs piem\u0113rota tiem, kas ikdien\u0101 bie\u017ei sastopas ar apledoju\u0161iem, gr\u016bti izbraucamiem un reti t\u012br\u012btiem ce\u013ciem.<\/p>\n","protected":false},"excerpt":{"rendered":"<p><strong>Kormoran Stud 2<\/strong> ir rad\u017eojamas ziemas riepas, kuru izgatavo\u0161an\u0101 piedal\u012bju\u0161ies <strong>Michelin in\u017eenieri<\/strong>. \u0160is modelis ir pieejamas gan ar radz\u0113m, gan bez t\u0101m. T\u0101 izce\u013cas ar izcilu sa\u0137eri un manevr\u0113tsp\u0113ju, nokri\u0161\u0146u novadi pa dren\u0101\u017eas riev\u0101m un sa\u012bsin\u0101tu bremz\u0113\u0161anas ce\u013cu.<\/p>\n","protected":false},"featured_media":795732,"template":"","meta":{"_acf_changed":false,"ngg_post_thumbnail":0},"product_brand":[],"product_cat":[47,45],"product_tag":[],"class_list":{"0":"post-280148","1":"product","2":"type-product","3":"status-publish","4":"has-post-thumbnail","6":"product_cat-vissezonas-riepas","7":"product_cat-ziemas-riepas","9":"first","10":"outofstock","11":"sale","12":"taxable","13":"shipping-taxable","14":"product-type-simple"},"acf":[],"yoast_head":"<!-- This site is optimized with the Yoast SEO Premium plugin v22.6 (Yoast SEO v27.3) - https:\/\/yoast.com\/product\/yoast-seo-premium-wordpress\/ -->\n<title>195\/60R15 Kormoran Stud2 92T (Michelin) &#8226; MMK Riepas<\/title>\n<meta name=\"description\" content=\"Kormoran Stud2- ziemas riepa ar radz\u0113m, kas paredz\u0113ta skarbiem ziemas apst\u0101k\u013cem! MMK riepu centros atrodama visos izm\u0113ros par visizdev\u012bg\u0101kaj\u0101m cen\u0101m!\" \/>\n<meta name=\"robots\" content=\"index, follow, max-snippet:-1, max-image-preview:large, max-video-preview:-1\" \/>\n<link rel=\"canonical\" href=\"https:\/\/mmkriepas.lv\/en\/p\/195-60r15-kormoran-stud-2-92t\/\" \/>\n<meta property=\"og:locale\" content=\"en_US\" \/>\n<meta property=\"og:type\" content=\"article\" \/>\n<meta property=\"og:title\" content=\"195\/60R15 Kormoran Stud2 92T (Michelin)\" \/>\n<meta property=\"og:description\" content=\"Kormoran Stud2- ziemas riepa ar radz\u0113m, kas paredz\u0113ta skarbiem ziemas apst\u0101k\u013cem! MMK riepu centros atrodama visos izm\u0113ros par visizdev\u012bg\u0101kaj\u0101m cen\u0101m!\" \/>\n<meta property=\"og:url\" content=\"https:\/\/mmkriepas.lv\/en\/p\/195-60r15-kormoran-stud-2-92t\/\" \/>\n<meta property=\"og:site_name\" content=\"MMK Riepas\" \/>\n<meta property=\"article:publisher\" content=\"https:\/\/www.facebook.com\/mmkserviss\/\" \/>\n<meta property=\"article:modified_time\" content=\"2025-03-07T15:09:32+00:00\" \/>\n<meta property=\"og:image\" content=\"https:\/\/mmkriepas.lv\/wp-content\/uploads\/2023\/09\/19560r15-kormoran-stud2-92t-michelin-ziemas-riepas.jpg\" \/>\n\t<meta property=\"og:image:width\" content=\"1920\" \/>\n\t<meta property=\"og:image:height\" content=\"1920\" \/>\n\t<meta property=\"og:image:type\" content=\"image\/jpeg\" \/>\n<meta name=\"twitter:card\" content=\"summary_large_image\" \/>\n<meta name=\"twitter:label1\" content=\"Price\" \/>\n\t<meta name=\"twitter:data1\" content=\"&euro;38.00\" \/>\n\t<meta name=\"twitter:label2\" content=\"Availability\" \/>\n\t<meta name=\"twitter:data2\" content=\"Out of stock\" \/>\n<script type=\"application\/ld+json\" class=\"yoast-schema-graph\">{\"@context\":\"https:\\\/\\\/schema.org\",\"@graph\":[{\"@type\":\"WebPage\",\"@id\":\"https:\\\/\\\/mmkriepas.lv\\\/en\\\/p\\\/195-60r15-kormoran-stud-2-92t\\\/\",\"url\":\"https:\\\/\\\/mmkriepas.lv\\\/en\\\/p\\\/195-60r15-kormoran-stud-2-92t\\\/\",\"name\":\"195\\\/60R15 Kormoran Stud2 92T (Michelin) &#8226; MMK Riepas\",\"isPartOf\":{\"@id\":\"https:\\\/\\\/mmkriepas.lv\\\/en\\\/#website\"},\"primaryImageOfPage\":{\"@id\":\"https:\\\/\\\/mmkriepas.lv\\\/en\\\/p\\\/195-60r15-kormoran-stud-2-92t\\\/#primaryimage\"},\"image\":{\"@id\":\"https:\\\/\\\/mmkriepas.lv\\\/en\\\/p\\\/195-60r15-kormoran-stud-2-92t\\\/#primaryimage\"},\"thumbnailUrl\":\"https:\\\/\\\/mmkriepas.lv\\\/wp-content\\\/uploads\\\/2023\\\/09\\\/19560r15-kormoran-stud2-92t-michelin-ziemas-riepas.jpg\",\"datePublished\":\"2022-08-15T21:07:34+00:00\",\"dateModified\":\"2025-03-07T15:09:32+00:00\",\"description\":\"Kormoran Stud2- ziemas riepa ar radz\u0113m, kas paredz\u0113ta skarbiem ziemas apst\u0101k\u013cem! MMK riepu centros atrodama visos izm\u0113ros par visizdev\u012bg\u0101kaj\u0101m cen\u0101m!\",\"breadcrumb\":{\"@id\":\"https:\\\/\\\/mmkriepas.lv\\\/en\\\/p\\\/195-60r15-kormoran-stud-2-92t\\\/#breadcrumb\"},\"inLanguage\":\"en-US\",\"potentialAction\":[{\"@type\":\"ReadAction\",\"target\":[\"https:\\\/\\\/mmkriepas.lv\\\/en\\\/p\\\/195-60r15-kormoran-stud-2-92t\\\/\"]}]},{\"@type\":\"ImageObject\",\"inLanguage\":\"en-US\",\"@id\":\"https:\\\/\\\/mmkriepas.lv\\\/en\\\/p\\\/195-60r15-kormoran-stud-2-92t\\\/#primaryimage\",\"url\":\"https:\\\/\\\/mmkriepas.lv\\\/wp-content\\\/uploads\\\/2023\\\/09\\\/19560r15-kormoran-stud2-92t-michelin-ziemas-riepas.jpg\",\"contentUrl\":\"https:\\\/\\\/mmkriepas.lv\\\/wp-content\\\/uploads\\\/2023\\\/09\\\/19560r15-kormoran-stud2-92t-michelin-ziemas-riepas.jpg\",\"width\":1920,\"height\":1920,\"caption\":\"195\\\/60R15 Kormoran Stud2 92T (Michelin) - Vissezonas riepas \\\/ Ziemas riepas\"},{\"@type\":\"BreadcrumbList\",\"@id\":\"https:\\\/\\\/mmkriepas.lv\\\/en\\\/p\\\/195-60r15-kormoran-stud-2-92t\\\/#breadcrumb\",\"itemListElement\":[{\"@type\":\"ListItem\",\"position\":1,\"name\":\"S\u0101kums\",\"item\":\"https:\\\/\\\/mmkriepas.lv\\\/en\\\/\"},{\"@type\":\"ListItem\",\"position\":2,\"name\":\"195\\\/60R15 Kormoran Stud2 92T (Michelin)\"}]},{\"@type\":\"WebSite\",\"@id\":\"https:\\\/\\\/mmkriepas.lv\\\/en\\\/#website\",\"url\":\"https:\\\/\\\/mmkriepas.lv\\\/en\\\/\",\"name\":\"MMK Riepas\",\"description\":\"MMK Riepas\",\"alternateName\":\"MMK Riepu Serviss\",\"potentialAction\":[{\"@type\":\"SearchAction\",\"target\":{\"@type\":\"EntryPoint\",\"urlTemplate\":\"https:\\\/\\\/mmkriepas.lv\\\/en\\\/?s={search_term_string}\"},\"query-input\":{\"@type\":\"PropertyValueSpecification\",\"valueRequired\":true,\"valueName\":\"search_term_string\"}}],\"inLanguage\":\"en-US\"},{\"@type\":\"ImageObject\",\"inLanguage\":\"en-US\",\"@id\":\"https:\\\/\\\/mmkriepas.lv\\\/en\\\/p\\\/195-60r15-kormoran-stud-2-92t\\\/#local-main-organization-logo\",\"url\":\"\",\"contentUrl\":\"\",\"caption\":\"MMK Riepas\"}]}<\/script>\n<meta property=\"product:brand\" content=\"Kormoran Stud2\" \/>\n<meta property=\"product:price:amount\" content=\"38.00\" \/>\n<meta property=\"product:price:currency\" content=\"EUR\" \/>\n<meta property=\"og:availability\" content=\"out of stock\" \/>\n<meta property=\"product:availability\" content=\"out of stock\" \/>\n<meta property=\"product:retailer_item_id\" content=\"TW1956015KORMO-1211\" \/>\n<meta property=\"product:condition\" content=\"new\" \/>\n<!-- \/ Yoast SEO Premium plugin. -->","yoast_head_json":{"title":"195\/60R15 Kormoran Stud2 92T (Michelin) &#8226; MMK Riepas","description":"Kormoran Stud2- ziemas riepa ar radz\u0113m, kas paredz\u0113ta skarbiem ziemas apst\u0101k\u013cem! MMK riepu centros atrodama visos izm\u0113ros par visizdev\u012bg\u0101kaj\u0101m cen\u0101m!","robots":{"index":"index","follow":"follow","max-snippet":"max-snippet:-1","max-image-preview":"max-image-preview:large","max-video-preview":"max-video-preview:-1"},"canonical":"https:\/\/mmkriepas.lv\/en\/p\/195-60r15-kormoran-stud-2-92t\/","og_locale":"en_US","og_type":"article","og_title":"195\/60R15 Kormoran Stud2 92T (Michelin)","og_description":"Kormoran Stud2- ziemas riepa ar radz\u0113m, kas paredz\u0113ta skarbiem ziemas apst\u0101k\u013cem! MMK riepu centros atrodama visos izm\u0113ros par visizdev\u012bg\u0101kaj\u0101m cen\u0101m!","og_url":"https:\/\/mmkriepas.lv\/en\/p\/195-60r15-kormoran-stud-2-92t\/","og_site_name":"MMK Riepas","article_publisher":"https:\/\/www.facebook.com\/mmkserviss\/","article_modified_time":"2025-03-07T15:09:32+00:00","og_image":[{"width":1920,"height":1920,"url":"https:\/\/mmkriepas.lv\/wp-content\/uploads\/2023\/09\/19560r15-kormoran-stud2-92t-michelin-ziemas-riepas.jpg","type":"image\/jpeg"}],"twitter_card":"summary_large_image","twitter_misc":{"Price":"&euro;38.00","Availability":"Out of stock"},"schema":{"@context":"https:\/\/schema.org","@graph":[{"@type":"WebPage","@id":"https:\/\/mmkriepas.lv\/en\/p\/195-60r15-kormoran-stud-2-92t\/","url":"https:\/\/mmkriepas.lv\/en\/p\/195-60r15-kormoran-stud-2-92t\/","name":"195\/60R15 Kormoran Stud2 92T (Michelin) &#8226; MMK Riepas","isPartOf":{"@id":"https:\/\/mmkriepas.lv\/en\/#website"},"primaryImageOfPage":{"@id":"https:\/\/mmkriepas.lv\/en\/p\/195-60r15-kormoran-stud-2-92t\/#primaryimage"},"image":{"@id":"https:\/\/mmkriepas.lv\/en\/p\/195-60r15-kormoran-stud-2-92t\/#primaryimage"},"thumbnailUrl":"https:\/\/mmkriepas.lv\/wp-content\/uploads\/2023\/09\/19560r15-kormoran-stud2-92t-michelin-ziemas-riepas.jpg","datePublished":"2022-08-15T21:07:34+00:00","dateModified":"2025-03-07T15:09:32+00:00","description":"Kormoran Stud2- ziemas riepa ar radz\u0113m, kas paredz\u0113ta skarbiem ziemas apst\u0101k\u013cem! MMK riepu centros atrodama visos izm\u0113ros par visizdev\u012bg\u0101kaj\u0101m cen\u0101m!","breadcrumb":{"@id":"https:\/\/mmkriepas.lv\/en\/p\/195-60r15-kormoran-stud-2-92t\/#breadcrumb"},"inLanguage":"en-US","potentialAction":[{"@type":"ReadAction","target":["https:\/\/mmkriepas.lv\/en\/p\/195-60r15-kormoran-stud-2-92t\/"]}]},{"@type":"ImageObject","inLanguage":"en-US","@id":"https:\/\/mmkriepas.lv\/en\/p\/195-60r15-kormoran-stud-2-92t\/#primaryimage","url":"https:\/\/mmkriepas.lv\/wp-content\/uploads\/2023\/09\/19560r15-kormoran-stud2-92t-michelin-ziemas-riepas.jpg","contentUrl":"https:\/\/mmkriepas.lv\/wp-content\/uploads\/2023\/09\/19560r15-kormoran-stud2-92t-michelin-ziemas-riepas.jpg","width":1920,"height":1920,"caption":"195\/60R15 Kormoran Stud2 92T (Michelin) - Vissezonas riepas \/ Ziemas riepas"},{"@type":"BreadcrumbList","@id":"https:\/\/mmkriepas.lv\/en\/p\/195-60r15-kormoran-stud-2-92t\/#breadcrumb","itemListElement":[{"@type":"ListItem","position":1,"name":"S\u0101kums","item":"https:\/\/mmkriepas.lv\/en\/"},{"@type":"ListItem","position":2,"name":"195\/60R15 Kormoran Stud2 92T (Michelin)"}]},{"@type":"WebSite","@id":"https:\/\/mmkriepas.lv\/en\/#website","url":"https:\/\/mmkriepas.lv\/en\/","name":"MMK Riepas","description":"MMK Riepas","alternateName":"MMK Riepu Serviss","potentialAction":[{"@type":"SearchAction","target":{"@type":"EntryPoint","urlTemplate":"https:\/\/mmkriepas.lv\/en\/?s={search_term_string}"},"query-input":{"@type":"PropertyValueSpecification","valueRequired":true,"valueName":"search_term_string"}}],"inLanguage":"en-US"},{"@type":"ImageObject","inLanguage":"en-US","@id":"https:\/\/mmkriepas.lv\/en\/p\/195-60r15-kormoran-stud-2-92t\/#local-main-organization-logo","url":"","contentUrl":"","caption":"MMK Riepas"}]},"product_brand":"Kormoran Stud2","product_price_amount":"38.00","product_price_currency":"EUR","og_availability":"out of stock","product_availability":"out of stock","product_retailer_item_id":"TW1956015KORMO-1211","product_condition":"new"},"_links":{"self":[{"href":"https:\/\/mmkriepas.lv\/en\/wp-json\/wp\/v2\/product\/280148","targetHints":{"allow":["GET"]}}],"collection":[{"href":"https:\/\/mmkriepas.lv\/en\/wp-json\/wp\/v2\/product"}],"about":[{"href":"https:\/\/mmkriepas.lv\/en\/wp-json\/wp\/v2\/types\/product"}],"wp:featuredmedia":[{"embeddable":true,"href":"https:\/\/mmkriepas.lv\/en\/wp-json\/wp\/v2\/media\/795732"}],"wp:attachment":[{"href":"https:\/\/mmkriepas.lv\/en\/wp-json\/wp\/v2\/media?parent=280148"}],"wp:term":[{"taxonomy":"product_brand","embeddable":true,"href":"https:\/\/mmkriepas.lv\/en\/wp-json\/wp\/v2\/product_brand?post=280148"},{"taxonomy":"product_cat","embeddable":true,"href":"https:\/\/mmkriepas.lv\/en\/wp-json\/wp\/v2\/product_cat?post=280148"},{"taxonomy":"product_tag","embeddable":true,"href":"https:\/\/mmkriepas.lv\/en\/wp-json\/wp\/v2\/product_tag?post=280148"}],"curies":[{"name":"wp","href":"https:\/\/api.w.org\/{rel}","templated":true}]}}