{"id":280118,"date":"2022-08-16T00:06:39","date_gmt":"2022-08-15T21:06:39","guid":{"rendered":"https:\/\/mmkserviss.lv\/?post_type=product&#038;p=280118"},"modified":"2025-04-30T18:10:33","modified_gmt":"2025-04-30T15:10:33","slug":"315-35r20-minnell-safy-m06-110w-xl","status":"publish","type":"product","link":"https:\/\/mmkriepas.lv\/en\/p\/315-35r20-minnell-safy-m06-110w-xl\/","title":{"rendered":"315\/35R20 Minnell Safy M06 110W XL"},"content":{"rendered":"<p><b><span style=\"font-family: 'Arial',sans-serif;\">Minnell Safy M06<\/span><\/b><span style=\"font-family: 'Arial',sans-serif;\"> &#8211; augstas veiktsp\u0113jas jeb UHP vasaras riepu modelis, kas paredz\u0113ts m\u016bsdienu sportiskajiem vieglajiem auto, krosoveriem un SUV automa\u0161\u012bn\u0101m.<\/span><o:p><\/o:p><\/p>\n<h3><span style=\"font-family: 'Arial',sans-serif;\">Safy M06 galven\u0101s \u012bpa\u0161\u012bbas<\/span><o:p><\/o:p><\/h3>\n<p><span style=\"font-family: 'Arial',sans-serif;\">+ Paaugstin\u0101ta veiktsp\u0113ja uz sausa un slapja asfalta pat lielos brauk\u0161anas \u0101trumos.<\/span> <o:p><\/o:p><\/p>\n<p><span style=\"font-family: 'Arial',sans-serif;\">+ Palielin\u0101ta nodilumiztur\u012bba.<\/span> <o:p><\/o:p><\/p>\n<p><span style=\"font-family: 'Arial',sans-serif;\">+ Teicama cenas un veiktsp\u0113jas attiec\u012bba.<\/span> <o:p><\/o:p><\/p>\n<p><span style=\"font-family: 'Arial',sans-serif;\">+ Degvielas ekonomija.<\/span> <o:p><\/o:p><\/p>\n<p><span style=\"font-family: 'Arial',sans-serif;\">+ Paaugstin\u0101ts brauk\u0161anas un akustiskais komforts.<\/span><o:p><\/o:p><\/p>\n<h3><span style=\"font-family: 'Arial',sans-serif;\">Safy M06 apr\u012bkojums<\/span><o:p><\/o:p><\/h3>\n<p><b><span style=\"font-family: 'Arial',sans-serif;\">Minnell Safy M06 <\/span><\/b><span style=\"font-family: 'Arial',sans-serif;\">vasaras riepas apr\u012bkotas ar klasisku asimetrisko protektora rakstu. Starp t\u0101 gareniskaj\u0101m protektora virkn\u0113m izvietotas pla\u0161as dren\u0101\u017eas jeb \u016bdens novadrievas, samazinot akvaplan\u0113\u0161anas risku un uzlabojot akustisko komfortu.<\/span> <span style=\"font-family: 'Arial',sans-serif;\">Asimetriskais protektors darin\u0101ts no augstv\u0113rt\u012bga gumijas kompoz\u012btmateri\u0101la. T\u0101 sast\u0101vam pievienota virkne elastrom\u0113ru, kas pal\u012bdz saglab\u0101t elast\u012bbu un formu paaugstin\u0101tas slodzes un temperat\u016bras apst\u0101k\u013cos.<\/span><\/p>\n","protected":false},"excerpt":{"rendered":"<p><b><span style=\"font-family: 'Arial',sans-serif;\">Minnell Safy M06<\/span><\/b><span style=\"font-family: 'Arial',sans-serif;\"> &#8211; augstas veiktsp\u0113jas jeb UHP vasaras riepu modelis, kas paredz\u0113ts m\u016bsdienu sportiskajiem vieglajiem auto, krosoveriem un SUV automa\u0161\u012bn\u0101m.<\/span><\/p>\n","protected":false},"featured_media":1225467,"template":"","meta":{"_acf_changed":false,"ngg_post_thumbnail":0},"product_brand":[],"product_cat":[46],"product_tag":[],"class_list":{"0":"post-280118","1":"product","2":"type-product","3":"status-publish","4":"has-post-thumbnail","6":"product_cat-vasaras-riepas","8":"first","9":"outofstock","10":"sale","11":"taxable","12":"shipping-taxable","13":"product-type-simple"},"acf":[],"yoast_head":"<!-- This site is optimized with the Yoast SEO Premium plugin v22.6 (Yoast SEO v27.3) - https:\/\/yoast.com\/product\/yoast-seo-premium-wordpress\/ -->\n<title>315\/35R20 Minnell Safy M06 110W XL &#8226; MMK Riepas<\/title>\n<meta name=\"robots\" content=\"index, follow, max-snippet:-1, max-image-preview:large, max-video-preview:-1\" \/>\n<link rel=\"canonical\" href=\"https:\/\/mmkriepas.lv\/en\/p\/315-35r20-minnell-safy-m06-110w-xl\/\" \/>\n<meta property=\"og:locale\" content=\"en_US\" \/>\n<meta property=\"og:type\" content=\"article\" \/>\n<meta property=\"og:title\" content=\"315\/35R20 Minnell Safy M06 110W XL\" \/>\n<meta property=\"og:description\" content=\"Minnell Safy M06 - augstas veiktsp\u0113jas jeb UHP vasaras riepu modelis, kas paredz\u0113ts m\u016bsdienu sportiskajiem vieglajiem auto, krosoveriem un SUV automa\u0161\u012bn\u0101m.\" \/>\n<meta property=\"og:url\" content=\"https:\/\/mmkriepas.lv\/en\/p\/315-35r20-minnell-safy-m06-110w-xl\/\" \/>\n<meta property=\"og:site_name\" content=\"MMK Riepas\" \/>\n<meta property=\"article:publisher\" content=\"https:\/\/www.facebook.com\/mmkserviss\/\" \/>\n<meta property=\"article:modified_time\" content=\"2025-04-30T15:10:33+00:00\" \/>\n<meta property=\"og:image\" content=\"https:\/\/mmkriepas.lv\/wp-content\/uploads\/2025\/04\/20540r18-minnell-safy-m06-86w-xl-vasaras-riepas.jpg\" \/>\n\t<meta property=\"og:image:width\" content=\"900\" \/>\n\t<meta property=\"og:image:height\" content=\"720\" \/>\n\t<meta property=\"og:image:type\" content=\"image\/jpeg\" \/>\n<meta name=\"twitter:card\" content=\"summary_large_image\" \/>\n<meta name=\"twitter:label1\" content=\"Price\" \/>\n\t<meta name=\"twitter:data1\" content=\"&euro;88.00\" \/>\n\t<meta name=\"twitter:label2\" content=\"Availability\" \/>\n\t<meta name=\"twitter:data2\" content=\"Out of stock\" \/>\n<script type=\"application\/ld+json\" class=\"yoast-schema-graph\">{\"@context\":\"https:\\\/\\\/schema.org\",\"@graph\":[{\"@type\":\"WebPage\",\"@id\":\"https:\\\/\\\/mmkriepas.lv\\\/en\\\/p\\\/315-35r20-minnell-safy-m06-110w-xl\\\/\",\"url\":\"https:\\\/\\\/mmkriepas.lv\\\/en\\\/p\\\/315-35r20-minnell-safy-m06-110w-xl\\\/\",\"name\":\"315\\\/35R20 Minnell Safy M06 110W XL &#8226; MMK Riepas\",\"isPartOf\":{\"@id\":\"https:\\\/\\\/mmkriepas.lv\\\/en\\\/#website\"},\"primaryImageOfPage\":{\"@id\":\"https:\\\/\\\/mmkriepas.lv\\\/en\\\/p\\\/315-35r20-minnell-safy-m06-110w-xl\\\/#primaryimage\"},\"image\":{\"@id\":\"https:\\\/\\\/mmkriepas.lv\\\/en\\\/p\\\/315-35r20-minnell-safy-m06-110w-xl\\\/#primaryimage\"},\"thumbnailUrl\":\"https:\\\/\\\/mmkriepas.lv\\\/wp-content\\\/uploads\\\/2025\\\/04\\\/20540r18-minnell-safy-m06-86w-xl-vasaras-riepas.jpg\",\"datePublished\":\"2022-08-15T21:06:39+00:00\",\"dateModified\":\"2025-04-30T15:10:33+00:00\",\"breadcrumb\":{\"@id\":\"https:\\\/\\\/mmkriepas.lv\\\/en\\\/p\\\/315-35r20-minnell-safy-m06-110w-xl\\\/#breadcrumb\"},\"inLanguage\":\"en-US\",\"potentialAction\":[{\"@type\":\"ReadAction\",\"target\":[\"https:\\\/\\\/mmkriepas.lv\\\/en\\\/p\\\/315-35r20-minnell-safy-m06-110w-xl\\\/\"]}]},{\"@type\":\"ImageObject\",\"inLanguage\":\"en-US\",\"@id\":\"https:\\\/\\\/mmkriepas.lv\\\/en\\\/p\\\/315-35r20-minnell-safy-m06-110w-xl\\\/#primaryimage\",\"url\":\"https:\\\/\\\/mmkriepas.lv\\\/wp-content\\\/uploads\\\/2025\\\/04\\\/20540r18-minnell-safy-m06-86w-xl-vasaras-riepas.jpg\",\"contentUrl\":\"https:\\\/\\\/mmkriepas.lv\\\/wp-content\\\/uploads\\\/2025\\\/04\\\/20540r18-minnell-safy-m06-86w-xl-vasaras-riepas.jpg\",\"width\":900,\"height\":720,\"caption\":\"MAIN\"},{\"@type\":\"BreadcrumbList\",\"@id\":\"https:\\\/\\\/mmkriepas.lv\\\/en\\\/p\\\/315-35r20-minnell-safy-m06-110w-xl\\\/#breadcrumb\",\"itemListElement\":[{\"@type\":\"ListItem\",\"position\":1,\"name\":\"S\u0101kums\",\"item\":\"https:\\\/\\\/mmkriepas.lv\\\/en\\\/\"},{\"@type\":\"ListItem\",\"position\":2,\"name\":\"315\\\/35R20 Minnell Safy M06 110W XL\"}]},{\"@type\":\"WebSite\",\"@id\":\"https:\\\/\\\/mmkriepas.lv\\\/en\\\/#website\",\"url\":\"https:\\\/\\\/mmkriepas.lv\\\/en\\\/\",\"name\":\"MMK Riepas\",\"description\":\"MMK Riepas\",\"alternateName\":\"MMK Riepu Serviss\",\"potentialAction\":[{\"@type\":\"SearchAction\",\"target\":{\"@type\":\"EntryPoint\",\"urlTemplate\":\"https:\\\/\\\/mmkriepas.lv\\\/en\\\/?s={search_term_string}\"},\"query-input\":{\"@type\":\"PropertyValueSpecification\",\"valueRequired\":true,\"valueName\":\"search_term_string\"}}],\"inLanguage\":\"en-US\"},{\"@type\":\"ImageObject\",\"inLanguage\":\"en-US\",\"@id\":\"https:\\\/\\\/mmkriepas.lv\\\/en\\\/p\\\/315-35r20-minnell-safy-m06-110w-xl\\\/#local-main-organization-logo\",\"url\":\"\",\"contentUrl\":\"\",\"caption\":\"MMK Riepas\"}]}<\/script>\n<meta property=\"product:brand\" content=\"Minnell Safy M06\" \/>\n<meta property=\"product:price:amount\" content=\"88.00\" \/>\n<meta property=\"product:price:currency\" content=\"EUR\" \/>\n<meta property=\"og:availability\" content=\"out of stock\" \/>\n<meta property=\"product:availability\" content=\"out of stock\" \/>\n<meta property=\"product:retailer_item_id\" content=\"TS3153520MINNE-1067\" \/>\n<meta property=\"product:condition\" content=\"new\" \/>\n<!-- \/ Yoast SEO Premium plugin. -->","yoast_head_json":{"title":"315\/35R20 Minnell Safy M06 110W XL &#8226; MMK Riepas","robots":{"index":"index","follow":"follow","max-snippet":"max-snippet:-1","max-image-preview":"max-image-preview:large","max-video-preview":"max-video-preview:-1"},"canonical":"https:\/\/mmkriepas.lv\/en\/p\/315-35r20-minnell-safy-m06-110w-xl\/","og_locale":"en_US","og_type":"article","og_title":"315\/35R20 Minnell Safy M06 110W XL","og_description":"Minnell Safy M06 - augstas veiktsp\u0113jas jeb UHP vasaras riepu modelis, kas paredz\u0113ts m\u016bsdienu sportiskajiem vieglajiem auto, krosoveriem un SUV automa\u0161\u012bn\u0101m.","og_url":"https:\/\/mmkriepas.lv\/en\/p\/315-35r20-minnell-safy-m06-110w-xl\/","og_site_name":"MMK Riepas","article_publisher":"https:\/\/www.facebook.com\/mmkserviss\/","article_modified_time":"2025-04-30T15:10:33+00:00","og_image":[{"width":900,"height":720,"url":"https:\/\/mmkriepas.lv\/wp-content\/uploads\/2025\/04\/20540r18-minnell-safy-m06-86w-xl-vasaras-riepas.jpg","type":"image\/jpeg"}],"twitter_card":"summary_large_image","twitter_misc":{"Price":"&euro;88.00","Availability":"Out of stock"},"schema":{"@context":"https:\/\/schema.org","@graph":[{"@type":"WebPage","@id":"https:\/\/mmkriepas.lv\/en\/p\/315-35r20-minnell-safy-m06-110w-xl\/","url":"https:\/\/mmkriepas.lv\/en\/p\/315-35r20-minnell-safy-m06-110w-xl\/","name":"315\/35R20 Minnell Safy M06 110W XL &#8226; MMK Riepas","isPartOf":{"@id":"https:\/\/mmkriepas.lv\/en\/#website"},"primaryImageOfPage":{"@id":"https:\/\/mmkriepas.lv\/en\/p\/315-35r20-minnell-safy-m06-110w-xl\/#primaryimage"},"image":{"@id":"https:\/\/mmkriepas.lv\/en\/p\/315-35r20-minnell-safy-m06-110w-xl\/#primaryimage"},"thumbnailUrl":"https:\/\/mmkriepas.lv\/wp-content\/uploads\/2025\/04\/20540r18-minnell-safy-m06-86w-xl-vasaras-riepas.jpg","datePublished":"2022-08-15T21:06:39+00:00","dateModified":"2025-04-30T15:10:33+00:00","breadcrumb":{"@id":"https:\/\/mmkriepas.lv\/en\/p\/315-35r20-minnell-safy-m06-110w-xl\/#breadcrumb"},"inLanguage":"en-US","potentialAction":[{"@type":"ReadAction","target":["https:\/\/mmkriepas.lv\/en\/p\/315-35r20-minnell-safy-m06-110w-xl\/"]}]},{"@type":"ImageObject","inLanguage":"en-US","@id":"https:\/\/mmkriepas.lv\/en\/p\/315-35r20-minnell-safy-m06-110w-xl\/#primaryimage","url":"https:\/\/mmkriepas.lv\/wp-content\/uploads\/2025\/04\/20540r18-minnell-safy-m06-86w-xl-vasaras-riepas.jpg","contentUrl":"https:\/\/mmkriepas.lv\/wp-content\/uploads\/2025\/04\/20540r18-minnell-safy-m06-86w-xl-vasaras-riepas.jpg","width":900,"height":720,"caption":"MAIN"},{"@type":"BreadcrumbList","@id":"https:\/\/mmkriepas.lv\/en\/p\/315-35r20-minnell-safy-m06-110w-xl\/#breadcrumb","itemListElement":[{"@type":"ListItem","position":1,"name":"S\u0101kums","item":"https:\/\/mmkriepas.lv\/en\/"},{"@type":"ListItem","position":2,"name":"315\/35R20 Minnell Safy M06 110W XL"}]},{"@type":"WebSite","@id":"https:\/\/mmkriepas.lv\/en\/#website","url":"https:\/\/mmkriepas.lv\/en\/","name":"MMK Riepas","description":"MMK Riepas","alternateName":"MMK Riepu Serviss","potentialAction":[{"@type":"SearchAction","target":{"@type":"EntryPoint","urlTemplate":"https:\/\/mmkriepas.lv\/en\/?s={search_term_string}"},"query-input":{"@type":"PropertyValueSpecification","valueRequired":true,"valueName":"search_term_string"}}],"inLanguage":"en-US"},{"@type":"ImageObject","inLanguage":"en-US","@id":"https:\/\/mmkriepas.lv\/en\/p\/315-35r20-minnell-safy-m06-110w-xl\/#local-main-organization-logo","url":"","contentUrl":"","caption":"MMK Riepas"}]},"product_brand":"Minnell Safy M06","product_price_amount":"88.00","product_price_currency":"EUR","og_availability":"out of stock","product_availability":"out of stock","product_retailer_item_id":"TS3153520MINNE-1067","product_condition":"new"},"_links":{"self":[{"href":"https:\/\/mmkriepas.lv\/en\/wp-json\/wp\/v2\/product\/280118","targetHints":{"allow":["GET"]}}],"collection":[{"href":"https:\/\/mmkriepas.lv\/en\/wp-json\/wp\/v2\/product"}],"about":[{"href":"https:\/\/mmkriepas.lv\/en\/wp-json\/wp\/v2\/types\/product"}],"wp:featuredmedia":[{"embeddable":true,"href":"https:\/\/mmkriepas.lv\/en\/wp-json\/wp\/v2\/media\/1225467"}],"wp:attachment":[{"href":"https:\/\/mmkriepas.lv\/en\/wp-json\/wp\/v2\/media?parent=280118"}],"wp:term":[{"taxonomy":"product_brand","embeddable":true,"href":"https:\/\/mmkriepas.lv\/en\/wp-json\/wp\/v2\/product_brand?post=280118"},{"taxonomy":"product_cat","embeddable":true,"href":"https:\/\/mmkriepas.lv\/en\/wp-json\/wp\/v2\/product_cat?post=280118"},{"taxonomy":"product_tag","embeddable":true,"href":"https:\/\/mmkriepas.lv\/en\/wp-json\/wp\/v2\/product_tag?post=280118"}],"curies":[{"name":"wp","href":"https:\/\/api.w.org\/{rel}","templated":true}]}}