{"id":279992,"date":"2022-08-16T00:02:34","date_gmt":"2022-08-15T21:02:34","guid":{"rendered":"https:\/\/mmkserviss.lv\/?post_type=product&#038;p=279992"},"modified":"2026-03-27T23:26:00","modified_gmt":"2026-03-27T21:26:00","slug":"235-65r17-gremax-max-ht-108h-xl","status":"publish","type":"product","link":"https:\/\/mmkriepas.lv\/en\/p\/235-65r17-gremax-max-ht-108h-xl\/","title":{"rendered":"235\/65R17 Gremax Max HT 108H XL"},"content":{"rendered":"<p><strong>Gremax Max HT <\/strong>ir Highway Terrain vasaras riepau modelis. Izce\u013cas ar sa\u0137eres un nodilumiztur\u012bbas r\u0101d\u012bt\u0101jiem gan uz grants, gan sausa un slapja asfalta. Paredz\u0113ts krosoveriem un apvidus auto jeb SUV, kas vasar\u0101 nereti p\u0101rvietojas pa grants ce\u013ciem.<\/p>\n<p><strong>Max HT galven\u0101s iez\u012bmes<\/strong><\/p>\n<p>+ Teicamas sa\u0137eres un manevr\u0113tsp\u0113jas \u012bpa\u0161\u012bbas gan uz grants, gan asfalta segumiem.<\/p>\n<p>+ Palielin\u0101ta nodilumiztur\u012bba.<\/p>\n<p>+ Zems akvaplan\u0113\u0161anas risks.<\/p>\n<p><strong>+ Teicama cenas un veiktsp\u0113jas attiec\u012bba!<\/strong><\/p>\n<p><strong>Max HT apr\u012bkojums<\/strong><\/p>\n<p><strong>Gremax Max HT <\/strong>Highway Terrain vasaras riepas apr\u012bkotas ar sal\u012bdzino\u0161i rupju apgriezti simetrisko protektora dizainu. Palielin\u0101ts protektora bloku skaits b\u016btiski uzlabo riepu veiktsp\u0113ju uz irden\u0101m ce\u013ca virsm\u0101m &#8211; grants, smilt\u012bm vai uz zemes ce\u013ciem.<\/p>\n","protected":false},"excerpt":{"rendered":"<p><strong>Gremax Max HT <\/strong>ir Highway Terrain vasaras riepau modelis. Izce\u013cas ar sa\u0137eres un nodilumiztur\u012bbas r\u0101d\u012bt\u0101jiem gan uz grants, gan sausa un slapja asfalta. Paredz\u0113ts krosoveriem un apvidus auto jeb SUV, kas vasar\u0101 nereti p\u0101rvietojas pa grants ce\u013ciem.<\/p>\n","protected":false},"featured_media":671418,"template":"","meta":{"_acf_changed":false,"ngg_post_thumbnail":0},"product_brand":[],"product_cat":[46],"product_tag":[],"class_list":{"0":"post-279992","1":"product","2":"type-product","3":"status-publish","4":"has-post-thumbnail","6":"product_cat-vasaras-riepas","8":"first","9":"instock","10":"sale","11":"taxable","12":"shipping-taxable","13":"purchasable","14":"product-type-simple"},"acf":[],"yoast_head":"<!-- This site is optimized with the Yoast SEO Premium plugin v22.6 (Yoast SEO v27.3) - https:\/\/yoast.com\/product\/yoast-seo-premium-wordpress\/ -->\n<title>235\/65R17 Gremax Max HT 108H XL &#8226; MMK Riepas<\/title>\n<meta name=\"robots\" content=\"index, follow, max-snippet:-1, max-image-preview:large, max-video-preview:-1\" \/>\n<link rel=\"canonical\" href=\"https:\/\/mmkriepas.lv\/en\/p\/235-65r17-gremax-max-ht-108h-xl\/\" \/>\n<meta property=\"og:locale\" content=\"en_US\" \/>\n<meta property=\"og:type\" content=\"article\" \/>\n<meta property=\"og:title\" content=\"235\/65R17 Gremax Max HT 108H XL\" \/>\n<meta property=\"og:description\" content=\"Gremax Max HT ir Highway Terrain vasaras riepau modelis. Izce\u013cas ar sa\u0137eres un nodilumiztur\u012bbas r\u0101d\u012bt\u0101jiem gan uz grants, gan sausa un slapja asfalta. Paredz\u0113ts krosoveriem un apvidus auto jeb SUV, kas vasar\u0101 nereti p\u0101rvietojas pa grants ce\u013ciem.\" \/>\n<meta property=\"og:url\" content=\"https:\/\/mmkriepas.lv\/en\/p\/235-65r17-gremax-max-ht-108h-xl\/\" \/>\n<meta property=\"og:site_name\" content=\"MMK Riepas\" \/>\n<meta property=\"article:publisher\" content=\"https:\/\/www.facebook.com\/mmkserviss\/\" \/>\n<meta property=\"article:modified_time\" content=\"2026-03-27T21:26:00+00:00\" \/>\n<meta property=\"og:image\" content=\"https:\/\/mmkriepas.lv\/wp-content\/uploads\/2023\/03\/23565r17-gremax-max-ht-108h-xl-vasaras-riepas.jpeg\" \/>\n\t<meta property=\"og:image:width\" content=\"1920\" \/>\n\t<meta property=\"og:image:height\" content=\"1440\" \/>\n\t<meta property=\"og:image:type\" content=\"image\/jpeg\" \/>\n<meta name=\"twitter:card\" content=\"summary_large_image\" \/>\n<meta name=\"twitter:label1\" content=\"Price\" \/>\n\t<meta name=\"twitter:data1\" content=\"&euro;35.00\" \/>\n\t<meta name=\"twitter:label2\" content=\"Availability\" \/>\n\t<meta name=\"twitter:data2\" content=\"In stock\" \/>\n<script type=\"application\/ld+json\" class=\"yoast-schema-graph\">{\"@context\":\"https:\\\/\\\/schema.org\",\"@graph\":[{\"@type\":\"WebPage\",\"@id\":\"https:\\\/\\\/mmkriepas.lv\\\/en\\\/p\\\/235-65r17-gremax-max-ht-108h-xl\\\/\",\"url\":\"https:\\\/\\\/mmkriepas.lv\\\/en\\\/p\\\/235-65r17-gremax-max-ht-108h-xl\\\/\",\"name\":\"235\\\/65R17 Gremax Max HT 108H XL &#8226; MMK Riepas\",\"isPartOf\":{\"@id\":\"https:\\\/\\\/mmkriepas.lv\\\/en\\\/#website\"},\"primaryImageOfPage\":{\"@id\":\"https:\\\/\\\/mmkriepas.lv\\\/en\\\/p\\\/235-65r17-gremax-max-ht-108h-xl\\\/#primaryimage\"},\"image\":{\"@id\":\"https:\\\/\\\/mmkriepas.lv\\\/en\\\/p\\\/235-65r17-gremax-max-ht-108h-xl\\\/#primaryimage\"},\"thumbnailUrl\":\"https:\\\/\\\/mmkriepas.lv\\\/wp-content\\\/uploads\\\/2023\\\/03\\\/23565r17-gremax-max-ht-108h-xl-vasaras-riepas.jpeg\",\"datePublished\":\"2022-08-15T21:02:34+00:00\",\"dateModified\":\"2026-03-27T21:26:00+00:00\",\"breadcrumb\":{\"@id\":\"https:\\\/\\\/mmkriepas.lv\\\/en\\\/p\\\/235-65r17-gremax-max-ht-108h-xl\\\/#breadcrumb\"},\"inLanguage\":\"en-US\",\"potentialAction\":[{\"@type\":\"ReadAction\",\"target\":[\"https:\\\/\\\/mmkriepas.lv\\\/en\\\/p\\\/235-65r17-gremax-max-ht-108h-xl\\\/\"]}]},{\"@type\":\"ImageObject\",\"inLanguage\":\"en-US\",\"@id\":\"https:\\\/\\\/mmkriepas.lv\\\/en\\\/p\\\/235-65r17-gremax-max-ht-108h-xl\\\/#primaryimage\",\"url\":\"https:\\\/\\\/mmkriepas.lv\\\/wp-content\\\/uploads\\\/2023\\\/03\\\/23565r17-gremax-max-ht-108h-xl-vasaras-riepas.jpeg\",\"contentUrl\":\"https:\\\/\\\/mmkriepas.lv\\\/wp-content\\\/uploads\\\/2023\\\/03\\\/23565r17-gremax-max-ht-108h-xl-vasaras-riepas.jpeg\",\"width\":1920,\"height\":1440,\"caption\":\"235\\\/65R17 Gremax Max HT 108H XL - Vasaras riepas\"},{\"@type\":\"BreadcrumbList\",\"@id\":\"https:\\\/\\\/mmkriepas.lv\\\/en\\\/p\\\/235-65r17-gremax-max-ht-108h-xl\\\/#breadcrumb\",\"itemListElement\":[{\"@type\":\"ListItem\",\"position\":1,\"name\":\"S\u0101kums\",\"item\":\"https:\\\/\\\/mmkriepas.lv\\\/en\\\/\"},{\"@type\":\"ListItem\",\"position\":2,\"name\":\"235\\\/65R17 Gremax Max HT 108H XL\"}]},{\"@type\":\"WebSite\",\"@id\":\"https:\\\/\\\/mmkriepas.lv\\\/en\\\/#website\",\"url\":\"https:\\\/\\\/mmkriepas.lv\\\/en\\\/\",\"name\":\"MMK Riepas\",\"description\":\"MMK Riepas\",\"alternateName\":\"MMK Riepu Serviss\",\"potentialAction\":[{\"@type\":\"SearchAction\",\"target\":{\"@type\":\"EntryPoint\",\"urlTemplate\":\"https:\\\/\\\/mmkriepas.lv\\\/en\\\/?s={search_term_string}\"},\"query-input\":{\"@type\":\"PropertyValueSpecification\",\"valueRequired\":true,\"valueName\":\"search_term_string\"}}],\"inLanguage\":\"en-US\"},{\"@type\":\"ImageObject\",\"inLanguage\":\"en-US\",\"@id\":\"https:\\\/\\\/mmkriepas.lv\\\/en\\\/p\\\/235-65r17-gremax-max-ht-108h-xl\\\/#local-main-organization-logo\",\"url\":\"\",\"contentUrl\":\"\",\"caption\":\"MMK Riepas\"}]}<\/script>\n<meta property=\"product:brand\" content=\"Gremax Max HT\" \/>\n<meta property=\"product:price:amount\" content=\"35.00\" \/>\n<meta property=\"product:price:currency\" content=\"EUR\" \/>\n<meta property=\"og:availability\" content=\"instock\" \/>\n<meta property=\"product:availability\" content=\"instock\" \/>\n<meta property=\"product:retailer_item_id\" content=\"TS2356517GREMA-699\" \/>\n<meta property=\"product:condition\" content=\"new\" \/>\n<!-- \/ Yoast SEO Premium plugin. -->","yoast_head_json":{"title":"235\/65R17 Gremax Max HT 108H XL &#8226; MMK Riepas","robots":{"index":"index","follow":"follow","max-snippet":"max-snippet:-1","max-image-preview":"max-image-preview:large","max-video-preview":"max-video-preview:-1"},"canonical":"https:\/\/mmkriepas.lv\/en\/p\/235-65r17-gremax-max-ht-108h-xl\/","og_locale":"en_US","og_type":"article","og_title":"235\/65R17 Gremax Max HT 108H XL","og_description":"Gremax Max HT ir Highway Terrain vasaras riepau modelis. Izce\u013cas ar sa\u0137eres un nodilumiztur\u012bbas r\u0101d\u012bt\u0101jiem gan uz grants, gan sausa un slapja asfalta. Paredz\u0113ts krosoveriem un apvidus auto jeb SUV, kas vasar\u0101 nereti p\u0101rvietojas pa grants ce\u013ciem.","og_url":"https:\/\/mmkriepas.lv\/en\/p\/235-65r17-gremax-max-ht-108h-xl\/","og_site_name":"MMK Riepas","article_publisher":"https:\/\/www.facebook.com\/mmkserviss\/","article_modified_time":"2026-03-27T21:26:00+00:00","og_image":[{"width":1920,"height":1440,"url":"https:\/\/mmkriepas.lv\/wp-content\/uploads\/2023\/03\/23565r17-gremax-max-ht-108h-xl-vasaras-riepas.jpeg","type":"image\/jpeg"}],"twitter_card":"summary_large_image","twitter_misc":{"Price":"&euro;35.00","Availability":"In stock"},"schema":{"@context":"https:\/\/schema.org","@graph":[{"@type":"WebPage","@id":"https:\/\/mmkriepas.lv\/en\/p\/235-65r17-gremax-max-ht-108h-xl\/","url":"https:\/\/mmkriepas.lv\/en\/p\/235-65r17-gremax-max-ht-108h-xl\/","name":"235\/65R17 Gremax Max HT 108H XL &#8226; MMK Riepas","isPartOf":{"@id":"https:\/\/mmkriepas.lv\/en\/#website"},"primaryImageOfPage":{"@id":"https:\/\/mmkriepas.lv\/en\/p\/235-65r17-gremax-max-ht-108h-xl\/#primaryimage"},"image":{"@id":"https:\/\/mmkriepas.lv\/en\/p\/235-65r17-gremax-max-ht-108h-xl\/#primaryimage"},"thumbnailUrl":"https:\/\/mmkriepas.lv\/wp-content\/uploads\/2023\/03\/23565r17-gremax-max-ht-108h-xl-vasaras-riepas.jpeg","datePublished":"2022-08-15T21:02:34+00:00","dateModified":"2026-03-27T21:26:00+00:00","breadcrumb":{"@id":"https:\/\/mmkriepas.lv\/en\/p\/235-65r17-gremax-max-ht-108h-xl\/#breadcrumb"},"inLanguage":"en-US","potentialAction":[{"@type":"ReadAction","target":["https:\/\/mmkriepas.lv\/en\/p\/235-65r17-gremax-max-ht-108h-xl\/"]}]},{"@type":"ImageObject","inLanguage":"en-US","@id":"https:\/\/mmkriepas.lv\/en\/p\/235-65r17-gremax-max-ht-108h-xl\/#primaryimage","url":"https:\/\/mmkriepas.lv\/wp-content\/uploads\/2023\/03\/23565r17-gremax-max-ht-108h-xl-vasaras-riepas.jpeg","contentUrl":"https:\/\/mmkriepas.lv\/wp-content\/uploads\/2023\/03\/23565r17-gremax-max-ht-108h-xl-vasaras-riepas.jpeg","width":1920,"height":1440,"caption":"235\/65R17 Gremax Max HT 108H XL - Vasaras riepas"},{"@type":"BreadcrumbList","@id":"https:\/\/mmkriepas.lv\/en\/p\/235-65r17-gremax-max-ht-108h-xl\/#breadcrumb","itemListElement":[{"@type":"ListItem","position":1,"name":"S\u0101kums","item":"https:\/\/mmkriepas.lv\/en\/"},{"@type":"ListItem","position":2,"name":"235\/65R17 Gremax Max HT 108H XL"}]},{"@type":"WebSite","@id":"https:\/\/mmkriepas.lv\/en\/#website","url":"https:\/\/mmkriepas.lv\/en\/","name":"MMK Riepas","description":"MMK Riepas","alternateName":"MMK Riepu Serviss","potentialAction":[{"@type":"SearchAction","target":{"@type":"EntryPoint","urlTemplate":"https:\/\/mmkriepas.lv\/en\/?s={search_term_string}"},"query-input":{"@type":"PropertyValueSpecification","valueRequired":true,"valueName":"search_term_string"}}],"inLanguage":"en-US"},{"@type":"ImageObject","inLanguage":"en-US","@id":"https:\/\/mmkriepas.lv\/en\/p\/235-65r17-gremax-max-ht-108h-xl\/#local-main-organization-logo","url":"","contentUrl":"","caption":"MMK Riepas"}]},"product_brand":"Gremax Max HT","product_price_amount":"35.00","product_price_currency":"EUR","og_availability":"instock","product_availability":"instock","product_retailer_item_id":"TS2356517GREMA-699","product_condition":"new"},"_links":{"self":[{"href":"https:\/\/mmkriepas.lv\/en\/wp-json\/wp\/v2\/product\/279992","targetHints":{"allow":["GET"]}}],"collection":[{"href":"https:\/\/mmkriepas.lv\/en\/wp-json\/wp\/v2\/product"}],"about":[{"href":"https:\/\/mmkriepas.lv\/en\/wp-json\/wp\/v2\/types\/product"}],"wp:featuredmedia":[{"embeddable":true,"href":"https:\/\/mmkriepas.lv\/en\/wp-json\/wp\/v2\/media\/671418"}],"wp:attachment":[{"href":"https:\/\/mmkriepas.lv\/en\/wp-json\/wp\/v2\/media?parent=279992"}],"wp:term":[{"taxonomy":"product_brand","embeddable":true,"href":"https:\/\/mmkriepas.lv\/en\/wp-json\/wp\/v2\/product_brand?post=279992"},{"taxonomy":"product_cat","embeddable":true,"href":"https:\/\/mmkriepas.lv\/en\/wp-json\/wp\/v2\/product_cat?post=279992"},{"taxonomy":"product_tag","embeddable":true,"href":"https:\/\/mmkriepas.lv\/en\/wp-json\/wp\/v2\/product_tag?post=279992"}],"curies":[{"name":"wp","href":"https:\/\/api.w.org\/{rel}","templated":true}]}}