{"id":279978,"date":"2022-08-16T00:02:10","date_gmt":"2022-08-15T21:02:10","guid":{"rendered":"https:\/\/mmkserviss.lv\/?post_type=product&#038;p=279978"},"modified":"2026-04-02T21:22:55","modified_gmt":"2026-04-02T18:22:55","slug":"235-65r17-sunfull-monpro-ht782-108h-xl","status":"publish","type":"product","link":"https:\/\/mmkriepas.lv\/en\/p\/235-65r17-sunfull-monpro-ht782-108h-xl\/","title":{"rendered":"235\/65R17 Sunfull Mont-Pro HT782 108H XL"},"content":{"rendered":"<p><strong><span style=\"font-family: 'Arial',sans-serif;\">Sunfull Mont-Pro HT782<\/span><\/strong><span style=\"font-family: 'Arial',sans-serif;\"> ir vasaras riepu modelis, kura m\u0113r\u0137auditorija ir apvidus auto jeb SUV \u012bpa\u0161nieki, kuri sal\u012bdzino\u0161i reti brauc \u0101rpus asfalt\u0113tiem ce\u013ciem. Tie\u0161i \u0161o autovad\u012bt\u0101ju \u012bpa\u0161niekiem <strong><span style=\"font-family: 'Arial',sans-serif; font-weight: normal;\">Mount-Pro HT782<\/span><\/strong> visuzskat\u0101m\u0101k sp\u0113j par\u0101d\u012bt savas stipr\u0101s puses. \u0160ie plusi sev\u012b ietver samazin\u0101tu akvaplan\u0113\u0161anas risku, komfortu, klusu un vieglu gaitu un stabilit\u0101ti manevr\u0113jot lielos brauk\u0161anas \u0101trumos!<o:p><\/o:p><\/span><\/p>\n<h3><span style=\"font-family: 'Arial',sans-serif;\">Mont-Pro HT782 galven\u0101s iez\u012bmes<o:p><\/o:p><\/span><\/h3>\n<p><span style=\"font-family: 'Arial',sans-serif;\">+ Protektora z\u012bm\u0113jums ar daudz\u0101m riev\u0101m un lamel\u0113m nodro\u0161ina zemu akvaplan\u0113\u0161anas risku!<o:p><\/o:p><\/span><\/p>\n<p><span style=\"font-family: 'Arial',sans-serif;\">+ Uzlabota efektivit\u0101te saus\u0101 laik\u0101, pateicoties optimiz\u0113tam protektora profilam un t\u0101 modelim!<o:p><\/o:p><\/span><\/p>\n<p><span style=\"font-family: 'Arial',sans-serif;\">+ Augsts komforta l\u012bmenis, pateicoties \u012bpa\u0161i veidotam, augstas kvalit\u0101tes gumijas mais\u012bjumam.<o:p><\/o:p><\/span><\/p>\n<h3><span style=\"font-family: 'Arial',sans-serif;\">Mont-Pro HT782 apr\u012bkojums<o:p><\/o:p><\/span><\/h3>\n<p><span style=\"font-family: 'Arial',sans-serif;\">Protektora z\u012bm\u0113jumam ir sl\u0113gts dizains, kas rakstur\u012bgs \u0161osejas tipa riep\u0101m. Plecu bloki ir palielin\u0101ti, kas pal\u012bdz riepai saglab\u0101t stabilit\u0101ti manevr\u0113\u0161anas laik\u0101 k\u0101 ar\u012b b\u016btiski sa\u012bsina bremz\u0113\u0161anas ce\u013cu. Gareniskaj\u0101s rib\u0101s, kas atrodas centr\u0101laj\u0101 zon\u0101, ir Z formas malas un lameles. \u0160ie elementi \u013cauj riep\u0101m efekt\u012bvi realiz\u0113t sa\u0137eri ar mitru ce\u013ca virsmu.<o:p><\/o:p><\/span><\/p>\n<p><span style=\"font-family: 'Arial',sans-serif; color: red;\">Uzman\u012bbu:<\/span><span style=\"font-family: 'Arial',sans-serif;\"> Uz vasaras riepu s\u0101nu bortiem var b\u016bt apz\u012bm\u0113jums M+S. \u0160is apz\u012bm\u0113jums nenoz\u012bm\u0113, ka t\u0101s ir M+S riepas un nav paredz\u0113ts ekspluat\u0113t Latvijas ziemas apst\u0101k\u013cos, bet gan tikai vasaras sezon\u0101! S\u012bk\u0101k par \u0161o un citiem apz\u012bm\u0113jumu dro\u0161i jaut\u0101jiet MMK Riepu Serviss speci\u0101listiem.<o:p><\/o:p><\/span><\/p>\n","protected":false},"excerpt":{"rendered":"<p><strong><span style=\"font-family: 'Arial',sans-serif;\">Sunfull Mont-Pro HT782<\/span><\/strong><span style=\"font-family: 'Arial',sans-serif;\"> ir vasaras riepu modelis, kura m\u0113r\u0137auditorija ir apvidus auto jeb SUV \u012bpa\u0161nieki, kuri sal\u012bdzino\u0161i reti brauc \u0101rpus asfalt\u0113tiem ce\u013ciem. Tie\u0161i \u0161o autovad\u012bt\u0101ju \u012bpa\u0161niekiem <strong><span style=\"font-family: 'Arial',sans-serif; font-weight: normal;\">Mount-Pro HT782<\/span><\/strong> visuzskat\u0101m\u0101k sp\u0113j par\u0101d\u012bt savas stipr\u0101s puses. \u0160ie plusi sev\u012b ietver samazin\u0101tu akvaplan\u0113\u0161anas risku, komfortu, klusu un vieglu gaitu un stabilit\u0101ti manevr\u0113jot lielos brauk\u0161anas \u0101trumos!<o:p><\/o:p><\/span><\/p>\n","protected":false},"featured_media":862657,"template":"","meta":{"_acf_changed":false,"ngg_post_thumbnail":0},"product_brand":[],"product_cat":[46],"product_tag":[],"class_list":{"0":"post-279978","1":"product","2":"type-product","3":"status-publish","4":"has-post-thumbnail","6":"product_cat-vasaras-riepas","8":"first","9":"instock","10":"sale","11":"taxable","12":"shipping-taxable","13":"purchasable","14":"product-type-simple"},"acf":[],"yoast_head":"<!-- This site is optimized with the Yoast SEO Premium plugin v22.6 (Yoast SEO v27.3) - https:\/\/yoast.com\/product\/yoast-seo-premium-wordpress\/ -->\n<title>235\/65R17 Sunfull Mont-Pro HT782 108H XL &#8226; MMK Riepas<\/title>\n<meta name=\"robots\" content=\"index, follow, max-snippet:-1, max-image-preview:large, max-video-preview:-1\" \/>\n<link rel=\"canonical\" href=\"https:\/\/mmkriepas.lv\/en\/p\/235-65r17-sunfull-monpro-ht782-108h-xl\/\" \/>\n<meta property=\"og:locale\" content=\"en_US\" \/>\n<meta property=\"og:type\" content=\"article\" \/>\n<meta property=\"og:title\" content=\"235\/65R17 Sunfull Mont-Pro HT782 108H XL\" \/>\n<meta property=\"og:description\" content=\"Sunfull Mont-Pro HT782 ir vasaras riepu modelis, kura m\u0113r\u0137auditorija ir apvidus auto jeb SUV \u012bpa\u0161nieki, kuri sal\u012bdzino\u0161i reti brauc \u0101rpus asfalt\u0113tiem ce\u013ciem. Tie\u0161i \u0161o autovad\u012bt\u0101ju \u012bpa\u0161niekiem Mount-Pro HT782 visuzskat\u0101m\u0101k sp\u0113j par\u0101d\u012bt savas stipr\u0101s puses. \u0160ie plusi sev\u012b ietver samazin\u0101tu akvaplan\u0113\u0161anas risku, komfortu, klusu un vieglu gaitu un stabilit\u0101ti manevr\u0113jot lielos brauk\u0161anas \u0101trumos!\" \/>\n<meta property=\"og:url\" content=\"https:\/\/mmkriepas.lv\/en\/p\/235-65r17-sunfull-monpro-ht782-108h-xl\/\" \/>\n<meta property=\"og:site_name\" content=\"MMK Riepas\" \/>\n<meta property=\"article:publisher\" content=\"https:\/\/www.facebook.com\/mmkserviss\/\" \/>\n<meta property=\"article:modified_time\" content=\"2026-04-02T18:22:55+00:00\" \/>\n<meta property=\"og:image\" content=\"https:\/\/mmkriepas.lv\/wp-content\/uploads\/2024\/02\/26565r17-sunfull-mont-pro-ht782-112h-vasaras-riepas.jpg\" \/>\n\t<meta property=\"og:image:width\" content=\"1920\" \/>\n\t<meta property=\"og:image:height\" content=\"1440\" \/>\n\t<meta property=\"og:image:type\" content=\"image\/jpeg\" \/>\n<meta name=\"twitter:card\" content=\"summary_large_image\" \/>\n<meta name=\"twitter:label1\" content=\"Price\" \/>\n\t<meta name=\"twitter:data1\" content=\"&euro;69.00\" \/>\n\t<meta name=\"twitter:label2\" content=\"Availability\" \/>\n\t<meta name=\"twitter:data2\" content=\"In stock\" \/>\n<script type=\"application\/ld+json\" class=\"yoast-schema-graph\">{\"@context\":\"https:\\\/\\\/schema.org\",\"@graph\":[{\"@type\":\"WebPage\",\"@id\":\"https:\\\/\\\/mmkriepas.lv\\\/en\\\/p\\\/235-65r17-sunfull-monpro-ht782-108h-xl\\\/\",\"url\":\"https:\\\/\\\/mmkriepas.lv\\\/en\\\/p\\\/235-65r17-sunfull-monpro-ht782-108h-xl\\\/\",\"name\":\"235\\\/65R17 Sunfull Mont-Pro HT782 108H XL &#8226; MMK Riepas\",\"isPartOf\":{\"@id\":\"https:\\\/\\\/mmkriepas.lv\\\/en\\\/#website\"},\"primaryImageOfPage\":{\"@id\":\"https:\\\/\\\/mmkriepas.lv\\\/en\\\/p\\\/235-65r17-sunfull-monpro-ht782-108h-xl\\\/#primaryimage\"},\"image\":{\"@id\":\"https:\\\/\\\/mmkriepas.lv\\\/en\\\/p\\\/235-65r17-sunfull-monpro-ht782-108h-xl\\\/#primaryimage\"},\"thumbnailUrl\":\"https:\\\/\\\/mmkriepas.lv\\\/wp-content\\\/uploads\\\/2024\\\/02\\\/26565r17-sunfull-mont-pro-ht782-112h-vasaras-riepas.jpg\",\"datePublished\":\"2022-08-15T21:02:10+00:00\",\"dateModified\":\"2026-04-02T18:22:55+00:00\",\"breadcrumb\":{\"@id\":\"https:\\\/\\\/mmkriepas.lv\\\/en\\\/p\\\/235-65r17-sunfull-monpro-ht782-108h-xl\\\/#breadcrumb\"},\"inLanguage\":\"en-US\",\"potentialAction\":[{\"@type\":\"ReadAction\",\"target\":[\"https:\\\/\\\/mmkriepas.lv\\\/en\\\/p\\\/235-65r17-sunfull-monpro-ht782-108h-xl\\\/\"]}]},{\"@type\":\"ImageObject\",\"inLanguage\":\"en-US\",\"@id\":\"https:\\\/\\\/mmkriepas.lv\\\/en\\\/p\\\/235-65r17-sunfull-monpro-ht782-108h-xl\\\/#primaryimage\",\"url\":\"https:\\\/\\\/mmkriepas.lv\\\/wp-content\\\/uploads\\\/2024\\\/02\\\/26565r17-sunfull-mont-pro-ht782-112h-vasaras-riepas.jpg\",\"contentUrl\":\"https:\\\/\\\/mmkriepas.lv\\\/wp-content\\\/uploads\\\/2024\\\/02\\\/26565r17-sunfull-mont-pro-ht782-112h-vasaras-riepas.jpg\",\"width\":1920,\"height\":1440,\"caption\":\"MAIN\"},{\"@type\":\"BreadcrumbList\",\"@id\":\"https:\\\/\\\/mmkriepas.lv\\\/en\\\/p\\\/235-65r17-sunfull-monpro-ht782-108h-xl\\\/#breadcrumb\",\"itemListElement\":[{\"@type\":\"ListItem\",\"position\":1,\"name\":\"S\u0101kums\",\"item\":\"https:\\\/\\\/mmkriepas.lv\\\/en\\\/\"},{\"@type\":\"ListItem\",\"position\":2,\"name\":\"235\\\/65R17 Sunfull Mont-Pro HT782 108H XL\"}]},{\"@type\":\"WebSite\",\"@id\":\"https:\\\/\\\/mmkriepas.lv\\\/en\\\/#website\",\"url\":\"https:\\\/\\\/mmkriepas.lv\\\/en\\\/\",\"name\":\"MMK Riepas\",\"description\":\"MMK Riepas\",\"alternateName\":\"MMK Riepu Serviss\",\"potentialAction\":[{\"@type\":\"SearchAction\",\"target\":{\"@type\":\"EntryPoint\",\"urlTemplate\":\"https:\\\/\\\/mmkriepas.lv\\\/en\\\/?s={search_term_string}\"},\"query-input\":{\"@type\":\"PropertyValueSpecification\",\"valueRequired\":true,\"valueName\":\"search_term_string\"}}],\"inLanguage\":\"en-US\"},{\"@type\":\"ImageObject\",\"inLanguage\":\"en-US\",\"@id\":\"https:\\\/\\\/mmkriepas.lv\\\/en\\\/p\\\/235-65r17-sunfull-monpro-ht782-108h-xl\\\/#local-main-organization-logo\",\"url\":\"\",\"contentUrl\":\"\",\"caption\":\"MMK Riepas\"}]}<\/script>\n<meta property=\"product:brand\" content=\"Sunfull Mont-Pro HT782\" \/>\n<meta property=\"product:price:amount\" content=\"69.00\" \/>\n<meta property=\"product:price:currency\" content=\"EUR\" \/>\n<meta property=\"og:availability\" content=\"instock\" \/>\n<meta property=\"product:availability\" content=\"instock\" \/>\n<meta property=\"product:retailer_item_id\" content=\"TS2356517SUNFU-688\" \/>\n<meta property=\"product:condition\" content=\"new\" \/>\n<!-- \/ Yoast SEO Premium plugin. -->","yoast_head_json":{"title":"235\/65R17 Sunfull Mont-Pro HT782 108H XL &#8226; MMK Riepas","robots":{"index":"index","follow":"follow","max-snippet":"max-snippet:-1","max-image-preview":"max-image-preview:large","max-video-preview":"max-video-preview:-1"},"canonical":"https:\/\/mmkriepas.lv\/en\/p\/235-65r17-sunfull-monpro-ht782-108h-xl\/","og_locale":"en_US","og_type":"article","og_title":"235\/65R17 Sunfull Mont-Pro HT782 108H XL","og_description":"Sunfull Mont-Pro HT782 ir vasaras riepu modelis, kura m\u0113r\u0137auditorija ir apvidus auto jeb SUV \u012bpa\u0161nieki, kuri sal\u012bdzino\u0161i reti brauc \u0101rpus asfalt\u0113tiem ce\u013ciem. Tie\u0161i \u0161o autovad\u012bt\u0101ju \u012bpa\u0161niekiem Mount-Pro HT782 visuzskat\u0101m\u0101k sp\u0113j par\u0101d\u012bt savas stipr\u0101s puses. \u0160ie plusi sev\u012b ietver samazin\u0101tu akvaplan\u0113\u0161anas risku, komfortu, klusu un vieglu gaitu un stabilit\u0101ti manevr\u0113jot lielos brauk\u0161anas \u0101trumos!","og_url":"https:\/\/mmkriepas.lv\/en\/p\/235-65r17-sunfull-monpro-ht782-108h-xl\/","og_site_name":"MMK Riepas","article_publisher":"https:\/\/www.facebook.com\/mmkserviss\/","article_modified_time":"2026-04-02T18:22:55+00:00","og_image":[{"width":1920,"height":1440,"url":"https:\/\/mmkriepas.lv\/wp-content\/uploads\/2024\/02\/26565r17-sunfull-mont-pro-ht782-112h-vasaras-riepas.jpg","type":"image\/jpeg"}],"twitter_card":"summary_large_image","twitter_misc":{"Price":"&euro;69.00","Availability":"In stock"},"schema":{"@context":"https:\/\/schema.org","@graph":[{"@type":"WebPage","@id":"https:\/\/mmkriepas.lv\/en\/p\/235-65r17-sunfull-monpro-ht782-108h-xl\/","url":"https:\/\/mmkriepas.lv\/en\/p\/235-65r17-sunfull-monpro-ht782-108h-xl\/","name":"235\/65R17 Sunfull Mont-Pro HT782 108H XL &#8226; MMK Riepas","isPartOf":{"@id":"https:\/\/mmkriepas.lv\/en\/#website"},"primaryImageOfPage":{"@id":"https:\/\/mmkriepas.lv\/en\/p\/235-65r17-sunfull-monpro-ht782-108h-xl\/#primaryimage"},"image":{"@id":"https:\/\/mmkriepas.lv\/en\/p\/235-65r17-sunfull-monpro-ht782-108h-xl\/#primaryimage"},"thumbnailUrl":"https:\/\/mmkriepas.lv\/wp-content\/uploads\/2024\/02\/26565r17-sunfull-mont-pro-ht782-112h-vasaras-riepas.jpg","datePublished":"2022-08-15T21:02:10+00:00","dateModified":"2026-04-02T18:22:55+00:00","breadcrumb":{"@id":"https:\/\/mmkriepas.lv\/en\/p\/235-65r17-sunfull-monpro-ht782-108h-xl\/#breadcrumb"},"inLanguage":"en-US","potentialAction":[{"@type":"ReadAction","target":["https:\/\/mmkriepas.lv\/en\/p\/235-65r17-sunfull-monpro-ht782-108h-xl\/"]}]},{"@type":"ImageObject","inLanguage":"en-US","@id":"https:\/\/mmkriepas.lv\/en\/p\/235-65r17-sunfull-monpro-ht782-108h-xl\/#primaryimage","url":"https:\/\/mmkriepas.lv\/wp-content\/uploads\/2024\/02\/26565r17-sunfull-mont-pro-ht782-112h-vasaras-riepas.jpg","contentUrl":"https:\/\/mmkriepas.lv\/wp-content\/uploads\/2024\/02\/26565r17-sunfull-mont-pro-ht782-112h-vasaras-riepas.jpg","width":1920,"height":1440,"caption":"MAIN"},{"@type":"BreadcrumbList","@id":"https:\/\/mmkriepas.lv\/en\/p\/235-65r17-sunfull-monpro-ht782-108h-xl\/#breadcrumb","itemListElement":[{"@type":"ListItem","position":1,"name":"S\u0101kums","item":"https:\/\/mmkriepas.lv\/en\/"},{"@type":"ListItem","position":2,"name":"235\/65R17 Sunfull Mont-Pro HT782 108H XL"}]},{"@type":"WebSite","@id":"https:\/\/mmkriepas.lv\/en\/#website","url":"https:\/\/mmkriepas.lv\/en\/","name":"MMK Riepas","description":"MMK Riepas","alternateName":"MMK Riepu Serviss","potentialAction":[{"@type":"SearchAction","target":{"@type":"EntryPoint","urlTemplate":"https:\/\/mmkriepas.lv\/en\/?s={search_term_string}"},"query-input":{"@type":"PropertyValueSpecification","valueRequired":true,"valueName":"search_term_string"}}],"inLanguage":"en-US"},{"@type":"ImageObject","inLanguage":"en-US","@id":"https:\/\/mmkriepas.lv\/en\/p\/235-65r17-sunfull-monpro-ht782-108h-xl\/#local-main-organization-logo","url":"","contentUrl":"","caption":"MMK Riepas"}]},"product_brand":"Sunfull Mont-Pro HT782","product_price_amount":"69.00","product_price_currency":"EUR","og_availability":"instock","product_availability":"instock","product_retailer_item_id":"TS2356517SUNFU-688","product_condition":"new"},"_links":{"self":[{"href":"https:\/\/mmkriepas.lv\/en\/wp-json\/wp\/v2\/product\/279978","targetHints":{"allow":["GET"]}}],"collection":[{"href":"https:\/\/mmkriepas.lv\/en\/wp-json\/wp\/v2\/product"}],"about":[{"href":"https:\/\/mmkriepas.lv\/en\/wp-json\/wp\/v2\/types\/product"}],"wp:featuredmedia":[{"embeddable":true,"href":"https:\/\/mmkriepas.lv\/en\/wp-json\/wp\/v2\/media\/862657"}],"wp:attachment":[{"href":"https:\/\/mmkriepas.lv\/en\/wp-json\/wp\/v2\/media?parent=279978"}],"wp:term":[{"taxonomy":"product_brand","embeddable":true,"href":"https:\/\/mmkriepas.lv\/en\/wp-json\/wp\/v2\/product_brand?post=279978"},{"taxonomy":"product_cat","embeddable":true,"href":"https:\/\/mmkriepas.lv\/en\/wp-json\/wp\/v2\/product_cat?post=279978"},{"taxonomy":"product_tag","embeddable":true,"href":"https:\/\/mmkriepas.lv\/en\/wp-json\/wp\/v2\/product_tag?post=279978"}],"curies":[{"name":"wp","href":"https:\/\/api.w.org\/{rel}","templated":true}]}}