{"id":279944,"date":"2022-08-16T00:01:01","date_gmt":"2022-08-15T21:01:01","guid":{"rendered":"https:\/\/mmkserviss.lv\/?post_type=product&#038;p=279944"},"modified":"2025-03-07T16:54:44","modified_gmt":"2025-03-07T14:54:44","slug":"235-45r18-fullrun-frun-two-98w-xl","status":"publish","type":"product","link":"https:\/\/mmkriepas.lv\/en\/p\/235-45r18-fullrun-frun-two-98w-xl\/","title":{"rendered":"235\/45R18 Fullrun Frun-Two 98W XL"},"content":{"rendered":"<p><strong>Fullrun Frun-Two<\/strong> ir labs bud\u017eeta klases vasaras riepu modelis. Tas izce\u013cas ar lab\u0101m sa\u0137eres, manevr\u0113tsp\u0113jas un brauk\u0161anas komforta \u012bpa\u0161\u012bb\u0101m gan uz sausa, gan slapja asfalta, k\u0101 ar\u012b uz grants ce\u013ciem. \u0160is riepu modelis paredz\u0113ts vid\u0113ja izm\u0113ra vieglaj\u0101m automa\u0161\u012bn\u0101m un pieejams pla\u0161\u0101 izm\u0113ru kl\u0101st\u0101 no R16, l\u012bdz pat R22.<\/p>\n<p><strong>Frun-Two galven\u0101s iez\u012bmes<\/strong><\/p>\n<p>+ Laba sa\u0137ere un manevr\u0113tsp\u0113ja gan uz sausa, gan slapja asfalta, k\u0101 ar\u012b uz grants ce\u013ciem.\u00a0<\/p>\n<p>+ Zems akvaplan\u0113\u0161anas risks.<\/p>\n<p>+ Degvielas ekonomija.<\/p>\n<p>+ Palielin\u0101ta nodilumiztur\u012bba.<\/p>\n<p>+ Pla\u0161a pieejam\u012bba &#8211; no R16 l\u012bdz pat R22.<\/p>\n<p><strong>+ Kvalit\u0101te atbilst cenai!<\/strong><\/p>\n<p><strong>Frun-Two apr\u012bkojums<\/strong><\/p>\n<p><strong>Fullrun Frun-Two <\/strong>vasaras riepas apr\u012bkotas ar asimetrisko protektora rakstu. Tas papildin\u0101ts ar lielu daudzumu papildus \u016bdens izvadkan\u0101lu, vienlaikus uzlabojot sa\u0137eri ar grants ce\u013ciem un samazinot akvaplan\u0113\u0161anas risku.\u00a0<\/p>\n<p>Da\u017e\u0101di asimetriski izvietotie elementi sadal\u012bti da\u017e\u0101d\u0101s funkcion\u0101laj\u0101s zon\u0101s. T\u0101s, apvienojoties kop\u0113j\u0101 simbioz\u0113, nodro\u0161ina optim\u0101lus sa\u0137eres un manevr\u0113tsp\u0113jas r\u0101d\u012bt\u0101jus gan uz asfalta, gan grants vai me\u017ea ce\u013ciem.<\/p>\n","protected":false},"excerpt":{"rendered":"<p><strong>Fullrun Frun-Two<\/strong> ir labs bud\u017eeta klases vasaras riepu modelis. Tas izce\u013cas ar lab\u0101m sa\u0137eres, manevr\u0113tsp\u0113jas un brauk\u0161anas komforta \u012bpa\u0161\u012bb\u0101m gan uz sausa, gan slapja asfalta, k\u0101 ar\u012b uz grants ce\u013ciem. \u0160is riepu modelis paredz\u0113ts vid\u0113ja izm\u0113ra vieglaj\u0101m automa\u0161\u012bn\u0101m un pieejams pla\u0161\u0101 izm\u0113ru kl\u0101st\u0101 no R16, l\u012bdz pat R22.<\/p>\n","protected":false},"featured_media":666179,"template":"","meta":{"_acf_changed":false,"ngg_post_thumbnail":0},"product_brand":[],"product_cat":[46],"product_tag":[],"class_list":{"0":"post-279944","1":"product","2":"type-product","3":"status-publish","4":"has-post-thumbnail","6":"product_cat-vasaras-riepas","8":"first","9":"outofstock","10":"sale","11":"taxable","12":"shipping-taxable","13":"product-type-simple"},"acf":[],"yoast_head":"<!-- This site is optimized with the Yoast SEO Premium plugin v22.6 (Yoast SEO v27.3) - https:\/\/yoast.com\/product\/yoast-seo-premium-wordpress\/ -->\n<title>235\/45R18 Fullrun Frun-Two 98W XL &#8226; MMK Riepas<\/title>\n<meta name=\"robots\" content=\"index, follow, max-snippet:-1, max-image-preview:large, max-video-preview:-1\" \/>\n<link rel=\"canonical\" href=\"https:\/\/mmkriepas.lv\/en\/p\/235-45r18-fullrun-frun-two-98w-xl\/\" \/>\n<meta property=\"og:locale\" content=\"en_US\" \/>\n<meta property=\"og:type\" content=\"article\" \/>\n<meta property=\"og:title\" content=\"235\/45R18 Fullrun Frun-Two 98W XL\" \/>\n<meta property=\"og:description\" content=\"Fullrun Frun-Two ir labs bud\u017eeta klases vasaras riepu modelis. Tas izce\u013cas ar lab\u0101m sa\u0137eres, manevr\u0113tsp\u0113jas un brauk\u0161anas komforta \u012bpa\u0161\u012bb\u0101m gan uz sausa, gan slapja asfalta, k\u0101 ar\u012b uz grants ce\u013ciem. \u0160is riepu modelis paredz\u0113ts vid\u0113ja izm\u0113ra vieglaj\u0101m automa\u0161\u012bn\u0101m un pieejams pla\u0161\u0101 izm\u0113ru kl\u0101st\u0101 no R16, l\u012bdz pat R22.\" \/>\n<meta property=\"og:url\" content=\"https:\/\/mmkriepas.lv\/en\/p\/235-45r18-fullrun-frun-two-98w-xl\/\" \/>\n<meta property=\"og:site_name\" content=\"MMK Riepas\" \/>\n<meta property=\"article:publisher\" content=\"https:\/\/www.facebook.com\/mmkserviss\/\" \/>\n<meta property=\"article:modified_time\" content=\"2025-03-07T14:54:44+00:00\" \/>\n<meta property=\"og:image\" content=\"https:\/\/mmkriepas.lv\/wp-content\/uploads\/2023\/03\/22550r17-fullrun-frun-two-98w-xl-vasaras-riepas.jpeg\" \/>\n\t<meta property=\"og:image:width\" content=\"1600\" \/>\n\t<meta property=\"og:image:height\" content=\"1200\" \/>\n\t<meta property=\"og:image:type\" content=\"image\/jpeg\" \/>\n<meta name=\"twitter:card\" content=\"summary_large_image\" \/>\n<meta name=\"twitter:label1\" content=\"Price\" \/>\n\t<meta name=\"twitter:data1\" content=\"&euro;15.00\" \/>\n\t<meta name=\"twitter:label2\" content=\"Availability\" \/>\n\t<meta name=\"twitter:data2\" content=\"Out of stock\" \/>\n<script type=\"application\/ld+json\" class=\"yoast-schema-graph\">{\"@context\":\"https:\\\/\\\/schema.org\",\"@graph\":[{\"@type\":\"WebPage\",\"@id\":\"https:\\\/\\\/mmkriepas.lv\\\/en\\\/p\\\/235-45r18-fullrun-frun-two-98w-xl\\\/\",\"url\":\"https:\\\/\\\/mmkriepas.lv\\\/en\\\/p\\\/235-45r18-fullrun-frun-two-98w-xl\\\/\",\"name\":\"235\\\/45R18 Fullrun Frun-Two 98W XL &#8226; MMK Riepas\",\"isPartOf\":{\"@id\":\"https:\\\/\\\/mmkriepas.lv\\\/en\\\/#website\"},\"primaryImageOfPage\":{\"@id\":\"https:\\\/\\\/mmkriepas.lv\\\/en\\\/p\\\/235-45r18-fullrun-frun-two-98w-xl\\\/#primaryimage\"},\"image\":{\"@id\":\"https:\\\/\\\/mmkriepas.lv\\\/en\\\/p\\\/235-45r18-fullrun-frun-two-98w-xl\\\/#primaryimage\"},\"thumbnailUrl\":\"https:\\\/\\\/mmkriepas.lv\\\/wp-content\\\/uploads\\\/2023\\\/03\\\/22550r17-fullrun-frun-two-98w-xl-vasaras-riepas.jpeg\",\"datePublished\":\"2022-08-15T21:01:01+00:00\",\"dateModified\":\"2025-03-07T14:54:44+00:00\",\"breadcrumb\":{\"@id\":\"https:\\\/\\\/mmkriepas.lv\\\/en\\\/p\\\/235-45r18-fullrun-frun-two-98w-xl\\\/#breadcrumb\"},\"inLanguage\":\"en-US\",\"potentialAction\":[{\"@type\":\"ReadAction\",\"target\":[\"https:\\\/\\\/mmkriepas.lv\\\/en\\\/p\\\/235-45r18-fullrun-frun-two-98w-xl\\\/\"]}]},{\"@type\":\"ImageObject\",\"inLanguage\":\"en-US\",\"@id\":\"https:\\\/\\\/mmkriepas.lv\\\/en\\\/p\\\/235-45r18-fullrun-frun-two-98w-xl\\\/#primaryimage\",\"url\":\"https:\\\/\\\/mmkriepas.lv\\\/wp-content\\\/uploads\\\/2023\\\/03\\\/22550r17-fullrun-frun-two-98w-xl-vasaras-riepas.jpeg\",\"contentUrl\":\"https:\\\/\\\/mmkriepas.lv\\\/wp-content\\\/uploads\\\/2023\\\/03\\\/22550r17-fullrun-frun-two-98w-xl-vasaras-riepas.jpeg\",\"width\":1600,\"height\":1200,\"caption\":\"225\\\/50R17 Fullrun Frun-Two 98W XL - Vasaras riepas\"},{\"@type\":\"BreadcrumbList\",\"@id\":\"https:\\\/\\\/mmkriepas.lv\\\/en\\\/p\\\/235-45r18-fullrun-frun-two-98w-xl\\\/#breadcrumb\",\"itemListElement\":[{\"@type\":\"ListItem\",\"position\":1,\"name\":\"S\u0101kums\",\"item\":\"https:\\\/\\\/mmkriepas.lv\\\/en\\\/\"},{\"@type\":\"ListItem\",\"position\":2,\"name\":\"235\\\/45R18 Fullrun Frun-Two 98W XL\"}]},{\"@type\":\"WebSite\",\"@id\":\"https:\\\/\\\/mmkriepas.lv\\\/en\\\/#website\",\"url\":\"https:\\\/\\\/mmkriepas.lv\\\/en\\\/\",\"name\":\"MMK Riepas\",\"description\":\"MMK Riepas\",\"alternateName\":\"MMK Riepu Serviss\",\"potentialAction\":[{\"@type\":\"SearchAction\",\"target\":{\"@type\":\"EntryPoint\",\"urlTemplate\":\"https:\\\/\\\/mmkriepas.lv\\\/en\\\/?s={search_term_string}\"},\"query-input\":{\"@type\":\"PropertyValueSpecification\",\"valueRequired\":true,\"valueName\":\"search_term_string\"}}],\"inLanguage\":\"en-US\"},{\"@type\":\"ImageObject\",\"inLanguage\":\"en-US\",\"@id\":\"https:\\\/\\\/mmkriepas.lv\\\/en\\\/p\\\/235-45r18-fullrun-frun-two-98w-xl\\\/#local-main-organization-logo\",\"url\":\"\",\"contentUrl\":\"\",\"caption\":\"MMK Riepas\"}]}<\/script>\n<meta property=\"product:brand\" content=\"Fullrun Frun-Two\" \/>\n<meta property=\"product:price:amount\" content=\"15.00\" \/>\n<meta property=\"product:price:currency\" content=\"EUR\" \/>\n<meta property=\"og:availability\" content=\"out of stock\" \/>\n<meta property=\"product:availability\" content=\"out of stock\" \/>\n<meta property=\"product:retailer_item_id\" content=\"TS2354518FULLR-612\" \/>\n<meta property=\"product:condition\" content=\"new\" \/>\n<!-- \/ Yoast SEO Premium plugin. -->","yoast_head_json":{"title":"235\/45R18 Fullrun Frun-Two 98W XL &#8226; MMK Riepas","robots":{"index":"index","follow":"follow","max-snippet":"max-snippet:-1","max-image-preview":"max-image-preview:large","max-video-preview":"max-video-preview:-1"},"canonical":"https:\/\/mmkriepas.lv\/en\/p\/235-45r18-fullrun-frun-two-98w-xl\/","og_locale":"en_US","og_type":"article","og_title":"235\/45R18 Fullrun Frun-Two 98W XL","og_description":"Fullrun Frun-Two ir labs bud\u017eeta klases vasaras riepu modelis. Tas izce\u013cas ar lab\u0101m sa\u0137eres, manevr\u0113tsp\u0113jas un brauk\u0161anas komforta \u012bpa\u0161\u012bb\u0101m gan uz sausa, gan slapja asfalta, k\u0101 ar\u012b uz grants ce\u013ciem. \u0160is riepu modelis paredz\u0113ts vid\u0113ja izm\u0113ra vieglaj\u0101m automa\u0161\u012bn\u0101m un pieejams pla\u0161\u0101 izm\u0113ru kl\u0101st\u0101 no R16, l\u012bdz pat R22.","og_url":"https:\/\/mmkriepas.lv\/en\/p\/235-45r18-fullrun-frun-two-98w-xl\/","og_site_name":"MMK Riepas","article_publisher":"https:\/\/www.facebook.com\/mmkserviss\/","article_modified_time":"2025-03-07T14:54:44+00:00","og_image":[{"width":1600,"height":1200,"url":"https:\/\/mmkriepas.lv\/wp-content\/uploads\/2023\/03\/22550r17-fullrun-frun-two-98w-xl-vasaras-riepas.jpeg","type":"image\/jpeg"}],"twitter_card":"summary_large_image","twitter_misc":{"Price":"&euro;15.00","Availability":"Out of stock"},"schema":{"@context":"https:\/\/schema.org","@graph":[{"@type":"WebPage","@id":"https:\/\/mmkriepas.lv\/en\/p\/235-45r18-fullrun-frun-two-98w-xl\/","url":"https:\/\/mmkriepas.lv\/en\/p\/235-45r18-fullrun-frun-two-98w-xl\/","name":"235\/45R18 Fullrun Frun-Two 98W XL &#8226; MMK Riepas","isPartOf":{"@id":"https:\/\/mmkriepas.lv\/en\/#website"},"primaryImageOfPage":{"@id":"https:\/\/mmkriepas.lv\/en\/p\/235-45r18-fullrun-frun-two-98w-xl\/#primaryimage"},"image":{"@id":"https:\/\/mmkriepas.lv\/en\/p\/235-45r18-fullrun-frun-two-98w-xl\/#primaryimage"},"thumbnailUrl":"https:\/\/mmkriepas.lv\/wp-content\/uploads\/2023\/03\/22550r17-fullrun-frun-two-98w-xl-vasaras-riepas.jpeg","datePublished":"2022-08-15T21:01:01+00:00","dateModified":"2025-03-07T14:54:44+00:00","breadcrumb":{"@id":"https:\/\/mmkriepas.lv\/en\/p\/235-45r18-fullrun-frun-two-98w-xl\/#breadcrumb"},"inLanguage":"en-US","potentialAction":[{"@type":"ReadAction","target":["https:\/\/mmkriepas.lv\/en\/p\/235-45r18-fullrun-frun-two-98w-xl\/"]}]},{"@type":"ImageObject","inLanguage":"en-US","@id":"https:\/\/mmkriepas.lv\/en\/p\/235-45r18-fullrun-frun-two-98w-xl\/#primaryimage","url":"https:\/\/mmkriepas.lv\/wp-content\/uploads\/2023\/03\/22550r17-fullrun-frun-two-98w-xl-vasaras-riepas.jpeg","contentUrl":"https:\/\/mmkriepas.lv\/wp-content\/uploads\/2023\/03\/22550r17-fullrun-frun-two-98w-xl-vasaras-riepas.jpeg","width":1600,"height":1200,"caption":"225\/50R17 Fullrun Frun-Two 98W XL - Vasaras riepas"},{"@type":"BreadcrumbList","@id":"https:\/\/mmkriepas.lv\/en\/p\/235-45r18-fullrun-frun-two-98w-xl\/#breadcrumb","itemListElement":[{"@type":"ListItem","position":1,"name":"S\u0101kums","item":"https:\/\/mmkriepas.lv\/en\/"},{"@type":"ListItem","position":2,"name":"235\/45R18 Fullrun Frun-Two 98W XL"}]},{"@type":"WebSite","@id":"https:\/\/mmkriepas.lv\/en\/#website","url":"https:\/\/mmkriepas.lv\/en\/","name":"MMK Riepas","description":"MMK Riepas","alternateName":"MMK Riepu Serviss","potentialAction":[{"@type":"SearchAction","target":{"@type":"EntryPoint","urlTemplate":"https:\/\/mmkriepas.lv\/en\/?s={search_term_string}"},"query-input":{"@type":"PropertyValueSpecification","valueRequired":true,"valueName":"search_term_string"}}],"inLanguage":"en-US"},{"@type":"ImageObject","inLanguage":"en-US","@id":"https:\/\/mmkriepas.lv\/en\/p\/235-45r18-fullrun-frun-two-98w-xl\/#local-main-organization-logo","url":"","contentUrl":"","caption":"MMK Riepas"}]},"product_brand":"Fullrun Frun-Two","product_price_amount":"15.00","product_price_currency":"EUR","og_availability":"out of stock","product_availability":"out of stock","product_retailer_item_id":"TS2354518FULLR-612","product_condition":"new"},"_links":{"self":[{"href":"https:\/\/mmkriepas.lv\/en\/wp-json\/wp\/v2\/product\/279944","targetHints":{"allow":["GET"]}}],"collection":[{"href":"https:\/\/mmkriepas.lv\/en\/wp-json\/wp\/v2\/product"}],"about":[{"href":"https:\/\/mmkriepas.lv\/en\/wp-json\/wp\/v2\/types\/product"}],"wp:featuredmedia":[{"embeddable":true,"href":"https:\/\/mmkriepas.lv\/en\/wp-json\/wp\/v2\/media\/666179"}],"wp:attachment":[{"href":"https:\/\/mmkriepas.lv\/en\/wp-json\/wp\/v2\/media?parent=279944"}],"wp:term":[{"taxonomy":"product_brand","embeddable":true,"href":"https:\/\/mmkriepas.lv\/en\/wp-json\/wp\/v2\/product_brand?post=279944"},{"taxonomy":"product_cat","embeddable":true,"href":"https:\/\/mmkriepas.lv\/en\/wp-json\/wp\/v2\/product_cat?post=279944"},{"taxonomy":"product_tag","embeddable":true,"href":"https:\/\/mmkriepas.lv\/en\/wp-json\/wp\/v2\/product_tag?post=279944"}],"curies":[{"name":"wp","href":"https:\/\/api.w.org\/{rel}","templated":true}]}}