{"id":279856,"date":"2022-08-15T23:58:08","date_gmt":"2022-08-15T20:58:08","guid":{"rendered":"https:\/\/mmkserviss.lv\/?post_type=product&#038;p=279856"},"modified":"2025-02-13T01:07:58","modified_gmt":"2025-02-12T23:07:58","slug":"215-70r15c-hifly-all-transit-109-107r","status":"publish","type":"product","link":"https:\/\/mmkriepas.lv\/en\/p\/215-70r15c-hifly-all-transit-109-107r\/","title":{"rendered":"215\/70R15C Hifly All-Transit 109\/107R"},"content":{"rendered":"<p><span style=\"font-family: Arial, sans-serif;\"><span style=\"color: #000000;\"><span style=\"font-size: small;\"><b><span>Hifly ALL-Transit<\/span><\/b><\/span><\/span><span style=\"color: #000000;\"><span style=\"font-size: small;\"><span> ir \u013coti labas kvalit\u0101tes, bud\u017eeta klases vissezonas\/ziemas komerctransporta riepu modelis. Tas izce\u013cas ar \u013coti labiem kravnes\u012bbas, nodilumiztur\u012bbas, degvielas ekonomijas un brauk\u0161anas dro\u0161\u012bbas r\u0101d\u012bt\u0101jiem pla\u0161\u0101 brauk\u0161anas apst\u0101k\u013cu diapazon\u0101. \u0160is riepu modelis pieejams izm\u0113ru kl\u0101st\u0101 no R14 l\u012bdz R16 un paredz\u0113ts gan piekab\u0113m, gan mikroautobusiem un neliela izm\u0113ra smagaj\u0101m automa\u0161\u012bn\u0101m.<\/span><\/span><\/span><\/span><\/p>\n<h3 class=\"western\"><span style=\"font-family: Arial, sans-serif;\"><span>Hifly ALL-Transit galven\u0101s \u012bpa\u0161\u012bbas<\/span><\/span><\/h3>\n<p><span style=\"font-family: Arial, sans-serif;\"><span>+ protektora raksts ar mas\u012bviem blokiem nodro\u0161ina lielu riepas kontakta laukumu ar ce\u013ca segumu<br \/>+ optimiz\u0113jot protektora s\u0101nu bortus pan\u0101kti kravnes\u012bbas un nodilumiztur\u012bbas r\u0101d\u012bt\u0101ju uzlabo\u0161an\u0101s.<br \/>+ taisnas formas lameles samazina akvaplan\u0113\u0161anas risku un uzlabo virziena stabilit\u0101ti uz slapj\u0101m virsm\u0101m.<br \/>+ zigzagveida rievas nodro\u0161ina efekt\u012bvu vilkmi un p\u0101rliecino\u0161u bremz\u0113\u0161anu uz jebkuras virsmas.<br \/>+ Degvielas ekonomija!<\/span><\/span><\/p>\n<h3 class=\"western\"><span style=\"font-family: Arial, sans-serif;\"><span>Hifly ALL-Transit apr\u012bkojums<\/span><\/span><\/h3>\n<p><span style=\"font-family: Arial, sans-serif;\"><span>Hifly ALL-Transit\u00a0 vissezonas\/ziemas jeb M+S busu riepas apr\u012bkotas ar \u0161im riepu segmentam rakstur\u012bgu simetrisko protektora rakstu. \u0160\u0101ds dizains sev\u012b ietver labas kravnes\u012bbas, nodilumiztur\u012bbas un sa\u0137eres \u012bpa\u0161\u012bbas gan uz asfalta, gan ar\u012b snieg\u0101.<\/span><\/span><\/p>\n<p><span style=\"font-family: Arial, sans-serif;\"><span>Mas\u012bvie, simetriski izvietotie protektora bloki apr\u012bkoti ar simtiem nelielu iegriezumu jeb lame\u013cu. To darb\u012bbas princips ir l\u012bdz\u012bgs radz\u0113m. Lameles ar as\u0101m kant\u0113m iec\u0113rtas sabliet\u0113t\u0101 snieg\u0101 un apledojumos, uzlabojot sa\u0137eri uz \u0161\u012bm slidenaj\u0101m virsm\u0101m.<\/span><\/span><\/p>\n<p><span style=\"font-family: Arial, sans-serif;\"><span>Protektora pamatn\u0113 atrodams ar vair\u0101kiem brekera jeb kordu sl\u0101\u0146iem pastiprin\u0101ts karkass. Tas efekt\u012bvi uzlabo riepu kravnes\u012bbu un absorb\u0113 triecienus, paildzinot riepu kalpo\u0161anas m\u016b\u017eu.<\/span><\/span><\/p>\n<p><span style=\"font-family: Arial, sans-serif;\"><span>Protektors darin\u0101ts no elastrom\u0113riem bag\u0101ta un nodilumiztur\u012bga gumijas sakaus\u0113juma. Tam pievienotie \u0137\u012bmiskie elementi riepu padara elast\u012bgu. K\u0101 zin\u0101ms, elsat\u012bga riepa daudz lab\u0101k veido sa\u0137eri ar ce\u013cu, k\u0101 ar\u012b dilst vienm\u0113r\u012bg\u0101k.<\/span><\/span><\/p>\n","protected":false},"excerpt":{"rendered":"<p><span style=\"font-family: Arial, sans-serif;\"><span style=\"color: #000000;\"><span style=\"font-size: small;\"><b><span>Hifly ALL-Transit<\/span><\/b><\/span><\/span><span style=\"color: #000000;\"><span style=\"font-size: small;\"><span> ir \u013coti labas kvalit\u0101tes, bud\u017eeta klases vissezonas\/ziemas komerctransporta riepu modelis. Tas izce\u013cas ar \u013coti labiem kravnes\u012bbas, nodilumiztur\u012bbas, degvielas ekonomijas un brauk\u0161anas dro\u0161\u012bbas r\u0101d\u012bt\u0101jiem pla\u0161\u0101 brauk\u0161anas apst\u0101k\u013cu diapazon\u0101. \u0160is riepu modelis pieejams izm\u0113ru kl\u0101st\u0101 no R14 l\u012bdz R16 un paredz\u0113ts gan piekab\u0113m, gan mikroautobusiem un neliela izm\u0113ra smagaj\u0101m automa\u0161\u012bn\u0101m.<\/span><\/span><\/span><\/span><\/p>\n","protected":false},"featured_media":798604,"template":"","meta":{"_acf_changed":false,"ngg_post_thumbnail":0},"product_brand":[],"product_cat":[47,45],"product_tag":[],"class_list":{"0":"post-279856","1":"product","2":"type-product","3":"status-publish","4":"has-post-thumbnail","6":"product_cat-vissezonas-riepas","7":"product_cat-ziemas-riepas","9":"first","10":"outofstock","11":"sale","12":"taxable","13":"shipping-taxable","14":"product-type-simple"},"acf":[],"yoast_head":"<!-- This site is optimized with the Yoast SEO Premium plugin v22.6 (Yoast SEO v27.3) - https:\/\/yoast.com\/product\/yoast-seo-premium-wordpress\/ -->\n<title>215\/70R15C Hifly All-Transit 109\/107R &#8226; MMK Riepas<\/title>\n<meta name=\"robots\" content=\"index, follow, max-snippet:-1, max-image-preview:large, max-video-preview:-1\" \/>\n<link rel=\"canonical\" href=\"https:\/\/mmkriepas.lv\/en\/p\/215-70r15c-hifly-all-transit-109-107r\/\" \/>\n<meta property=\"og:locale\" content=\"en_US\" \/>\n<meta property=\"og:type\" content=\"article\" \/>\n<meta property=\"og:title\" content=\"215\/70R15C Hifly All-Transit 109\/107R\" \/>\n<meta property=\"og:description\" content=\"Hifly ALL-Transit ir \u013coti labas kvalit\u0101tes, bud\u017eeta klases vissezonas\/ziemas komerctransporta riepu modelis. Tas izce\u013cas ar \u013coti labiem kravnes\u012bbas, nodilumiztur\u012bbas, degvielas ekonomijas un brauk\u0161anas dro\u0161\u012bbas r\u0101d\u012bt\u0101jiem pla\u0161\u0101 brauk\u0161anas apst\u0101k\u013cu diapazon\u0101. \u0160is riepu modelis pieejams izm\u0113ru kl\u0101st\u0101 no R14 l\u012bdz R16 un paredz\u0113ts gan piekab\u0113m, gan mikroautobusiem un neliela izm\u0113ra smagaj\u0101m automa\u0161\u012bn\u0101m.\" \/>\n<meta property=\"og:url\" content=\"https:\/\/mmkriepas.lv\/en\/p\/215-70r15c-hifly-all-transit-109-107r\/\" \/>\n<meta property=\"og:site_name\" content=\"MMK Riepas\" \/>\n<meta property=\"article:publisher\" content=\"https:\/\/www.facebook.com\/mmkserviss\/\" \/>\n<meta property=\"article:modified_time\" content=\"2025-02-12T23:07:58+00:00\" \/>\n<meta property=\"og:image\" content=\"https:\/\/mmkriepas.lv\/wp-content\/uploads\/2023\/10\/19565r16c-hifly-all-transit-104102t-ziemas-riepas.jpg\" \/>\n\t<meta property=\"og:image:width\" content=\"1920\" \/>\n\t<meta property=\"og:image:height\" content=\"1920\" \/>\n\t<meta property=\"og:image:type\" content=\"image\/jpeg\" \/>\n<meta name=\"twitter:card\" content=\"summary_large_image\" \/>\n<meta name=\"twitter:label1\" content=\"Price\" \/>\n\t<meta name=\"twitter:data1\" content=\"&euro;45.00\" \/>\n\t<meta name=\"twitter:label2\" content=\"Availability\" \/>\n\t<meta name=\"twitter:data2\" content=\"Out of stock\" \/>\n<script type=\"application\/ld+json\" class=\"yoast-schema-graph\">{\"@context\":\"https:\\\/\\\/schema.org\",\"@graph\":[{\"@type\":\"WebPage\",\"@id\":\"https:\\\/\\\/mmkriepas.lv\\\/en\\\/p\\\/215-70r15c-hifly-all-transit-109-107r\\\/\",\"url\":\"https:\\\/\\\/mmkriepas.lv\\\/en\\\/p\\\/215-70r15c-hifly-all-transit-109-107r\\\/\",\"name\":\"215\\\/70R15C Hifly All-Transit 109\\\/107R &#8226; MMK Riepas\",\"isPartOf\":{\"@id\":\"https:\\\/\\\/mmkriepas.lv\\\/en\\\/#website\"},\"primaryImageOfPage\":{\"@id\":\"https:\\\/\\\/mmkriepas.lv\\\/en\\\/p\\\/215-70r15c-hifly-all-transit-109-107r\\\/#primaryimage\"},\"image\":{\"@id\":\"https:\\\/\\\/mmkriepas.lv\\\/en\\\/p\\\/215-70r15c-hifly-all-transit-109-107r\\\/#primaryimage\"},\"thumbnailUrl\":\"https:\\\/\\\/mmkriepas.lv\\\/wp-content\\\/uploads\\\/2023\\\/10\\\/19565r16c-hifly-all-transit-104102t-ziemas-riepas.jpg\",\"datePublished\":\"2022-08-15T20:58:08+00:00\",\"dateModified\":\"2025-02-12T23:07:58+00:00\",\"breadcrumb\":{\"@id\":\"https:\\\/\\\/mmkriepas.lv\\\/en\\\/p\\\/215-70r15c-hifly-all-transit-109-107r\\\/#breadcrumb\"},\"inLanguage\":\"en-US\",\"potentialAction\":[{\"@type\":\"ReadAction\",\"target\":[\"https:\\\/\\\/mmkriepas.lv\\\/en\\\/p\\\/215-70r15c-hifly-all-transit-109-107r\\\/\"]}]},{\"@type\":\"ImageObject\",\"inLanguage\":\"en-US\",\"@id\":\"https:\\\/\\\/mmkriepas.lv\\\/en\\\/p\\\/215-70r15c-hifly-all-transit-109-107r\\\/#primaryimage\",\"url\":\"https:\\\/\\\/mmkriepas.lv\\\/wp-content\\\/uploads\\\/2023\\\/10\\\/19565r16c-hifly-all-transit-104102t-ziemas-riepas.jpg\",\"contentUrl\":\"https:\\\/\\\/mmkriepas.lv\\\/wp-content\\\/uploads\\\/2023\\\/10\\\/19565r16c-hifly-all-transit-104102t-ziemas-riepas.jpg\",\"width\":1920,\"height\":1920,\"caption\":\"195\\\/65R16C Hifly All-Transit 104\\\/102T - Vissezonas riepas \\\/ Ziemas riepas\"},{\"@type\":\"BreadcrumbList\",\"@id\":\"https:\\\/\\\/mmkriepas.lv\\\/en\\\/p\\\/215-70r15c-hifly-all-transit-109-107r\\\/#breadcrumb\",\"itemListElement\":[{\"@type\":\"ListItem\",\"position\":1,\"name\":\"S\u0101kums\",\"item\":\"https:\\\/\\\/mmkriepas.lv\\\/en\\\/\"},{\"@type\":\"ListItem\",\"position\":2,\"name\":\"215\\\/70R15C Hifly All-Transit 109\\\/107R\"}]},{\"@type\":\"WebSite\",\"@id\":\"https:\\\/\\\/mmkriepas.lv\\\/en\\\/#website\",\"url\":\"https:\\\/\\\/mmkriepas.lv\\\/en\\\/\",\"name\":\"MMK Riepas\",\"description\":\"MMK Riepas\",\"alternateName\":\"MMK Riepu Serviss\",\"potentialAction\":[{\"@type\":\"SearchAction\",\"target\":{\"@type\":\"EntryPoint\",\"urlTemplate\":\"https:\\\/\\\/mmkriepas.lv\\\/en\\\/?s={search_term_string}\"},\"query-input\":{\"@type\":\"PropertyValueSpecification\",\"valueRequired\":true,\"valueName\":\"search_term_string\"}}],\"inLanguage\":\"en-US\"},{\"@type\":\"ImageObject\",\"inLanguage\":\"en-US\",\"@id\":\"https:\\\/\\\/mmkriepas.lv\\\/en\\\/p\\\/215-70r15c-hifly-all-transit-109-107r\\\/#local-main-organization-logo\",\"url\":\"\",\"contentUrl\":\"\",\"caption\":\"MMK Riepas\"}]}<\/script>\n<meta property=\"product:brand\" content=\"Hifly ALL-Transit\" \/>\n<meta property=\"product:price:amount\" content=\"45.00\" \/>\n<meta property=\"product:price:currency\" content=\"EUR\" \/>\n<meta property=\"og:availability\" content=\"out of stock\" \/>\n<meta property=\"product:availability\" content=\"out of stock\" \/>\n<meta property=\"product:retailer_item_id\" content=\"TW2157015CHIFLY-28486\" \/>\n<meta property=\"product:condition\" content=\"new\" \/>\n<!-- \/ Yoast SEO Premium plugin. -->","yoast_head_json":{"title":"215\/70R15C Hifly All-Transit 109\/107R &#8226; MMK Riepas","robots":{"index":"index","follow":"follow","max-snippet":"max-snippet:-1","max-image-preview":"max-image-preview:large","max-video-preview":"max-video-preview:-1"},"canonical":"https:\/\/mmkriepas.lv\/en\/p\/215-70r15c-hifly-all-transit-109-107r\/","og_locale":"en_US","og_type":"article","og_title":"215\/70R15C Hifly All-Transit 109\/107R","og_description":"Hifly ALL-Transit ir \u013coti labas kvalit\u0101tes, bud\u017eeta klases vissezonas\/ziemas komerctransporta riepu modelis. Tas izce\u013cas ar \u013coti labiem kravnes\u012bbas, nodilumiztur\u012bbas, degvielas ekonomijas un brauk\u0161anas dro\u0161\u012bbas r\u0101d\u012bt\u0101jiem pla\u0161\u0101 brauk\u0161anas apst\u0101k\u013cu diapazon\u0101. \u0160is riepu modelis pieejams izm\u0113ru kl\u0101st\u0101 no R14 l\u012bdz R16 un paredz\u0113ts gan piekab\u0113m, gan mikroautobusiem un neliela izm\u0113ra smagaj\u0101m automa\u0161\u012bn\u0101m.","og_url":"https:\/\/mmkriepas.lv\/en\/p\/215-70r15c-hifly-all-transit-109-107r\/","og_site_name":"MMK Riepas","article_publisher":"https:\/\/www.facebook.com\/mmkserviss\/","article_modified_time":"2025-02-12T23:07:58+00:00","og_image":[{"width":1920,"height":1920,"url":"https:\/\/mmkriepas.lv\/wp-content\/uploads\/2023\/10\/19565r16c-hifly-all-transit-104102t-ziemas-riepas.jpg","type":"image\/jpeg"}],"twitter_card":"summary_large_image","twitter_misc":{"Price":"&euro;45.00","Availability":"Out of stock"},"schema":{"@context":"https:\/\/schema.org","@graph":[{"@type":"WebPage","@id":"https:\/\/mmkriepas.lv\/en\/p\/215-70r15c-hifly-all-transit-109-107r\/","url":"https:\/\/mmkriepas.lv\/en\/p\/215-70r15c-hifly-all-transit-109-107r\/","name":"215\/70R15C Hifly All-Transit 109\/107R &#8226; MMK Riepas","isPartOf":{"@id":"https:\/\/mmkriepas.lv\/en\/#website"},"primaryImageOfPage":{"@id":"https:\/\/mmkriepas.lv\/en\/p\/215-70r15c-hifly-all-transit-109-107r\/#primaryimage"},"image":{"@id":"https:\/\/mmkriepas.lv\/en\/p\/215-70r15c-hifly-all-transit-109-107r\/#primaryimage"},"thumbnailUrl":"https:\/\/mmkriepas.lv\/wp-content\/uploads\/2023\/10\/19565r16c-hifly-all-transit-104102t-ziemas-riepas.jpg","datePublished":"2022-08-15T20:58:08+00:00","dateModified":"2025-02-12T23:07:58+00:00","breadcrumb":{"@id":"https:\/\/mmkriepas.lv\/en\/p\/215-70r15c-hifly-all-transit-109-107r\/#breadcrumb"},"inLanguage":"en-US","potentialAction":[{"@type":"ReadAction","target":["https:\/\/mmkriepas.lv\/en\/p\/215-70r15c-hifly-all-transit-109-107r\/"]}]},{"@type":"ImageObject","inLanguage":"en-US","@id":"https:\/\/mmkriepas.lv\/en\/p\/215-70r15c-hifly-all-transit-109-107r\/#primaryimage","url":"https:\/\/mmkriepas.lv\/wp-content\/uploads\/2023\/10\/19565r16c-hifly-all-transit-104102t-ziemas-riepas.jpg","contentUrl":"https:\/\/mmkriepas.lv\/wp-content\/uploads\/2023\/10\/19565r16c-hifly-all-transit-104102t-ziemas-riepas.jpg","width":1920,"height":1920,"caption":"195\/65R16C Hifly All-Transit 104\/102T - Vissezonas riepas \/ Ziemas riepas"},{"@type":"BreadcrumbList","@id":"https:\/\/mmkriepas.lv\/en\/p\/215-70r15c-hifly-all-transit-109-107r\/#breadcrumb","itemListElement":[{"@type":"ListItem","position":1,"name":"S\u0101kums","item":"https:\/\/mmkriepas.lv\/en\/"},{"@type":"ListItem","position":2,"name":"215\/70R15C Hifly All-Transit 109\/107R"}]},{"@type":"WebSite","@id":"https:\/\/mmkriepas.lv\/en\/#website","url":"https:\/\/mmkriepas.lv\/en\/","name":"MMK Riepas","description":"MMK Riepas","alternateName":"MMK Riepu Serviss","potentialAction":[{"@type":"SearchAction","target":{"@type":"EntryPoint","urlTemplate":"https:\/\/mmkriepas.lv\/en\/?s={search_term_string}"},"query-input":{"@type":"PropertyValueSpecification","valueRequired":true,"valueName":"search_term_string"}}],"inLanguage":"en-US"},{"@type":"ImageObject","inLanguage":"en-US","@id":"https:\/\/mmkriepas.lv\/en\/p\/215-70r15c-hifly-all-transit-109-107r\/#local-main-organization-logo","url":"","contentUrl":"","caption":"MMK Riepas"}]},"product_brand":"Hifly ALL-Transit","product_price_amount":"45.00","product_price_currency":"EUR","og_availability":"out of stock","product_availability":"out of stock","product_retailer_item_id":"TW2157015CHIFLY-28486","product_condition":"new"},"_links":{"self":[{"href":"https:\/\/mmkriepas.lv\/en\/wp-json\/wp\/v2\/product\/279856","targetHints":{"allow":["GET"]}}],"collection":[{"href":"https:\/\/mmkriepas.lv\/en\/wp-json\/wp\/v2\/product"}],"about":[{"href":"https:\/\/mmkriepas.lv\/en\/wp-json\/wp\/v2\/types\/product"}],"wp:featuredmedia":[{"embeddable":true,"href":"https:\/\/mmkriepas.lv\/en\/wp-json\/wp\/v2\/media\/798604"}],"wp:attachment":[{"href":"https:\/\/mmkriepas.lv\/en\/wp-json\/wp\/v2\/media?parent=279856"}],"wp:term":[{"taxonomy":"product_brand","embeddable":true,"href":"https:\/\/mmkriepas.lv\/en\/wp-json\/wp\/v2\/product_brand?post=279856"},{"taxonomy":"product_cat","embeddable":true,"href":"https:\/\/mmkriepas.lv\/en\/wp-json\/wp\/v2\/product_cat?post=279856"},{"taxonomy":"product_tag","embeddable":true,"href":"https:\/\/mmkriepas.lv\/en\/wp-json\/wp\/v2\/product_tag?post=279856"}],"curies":[{"name":"wp","href":"https:\/\/api.w.org\/{rel}","templated":true}]}}