{"id":279798,"date":"2022-08-15T23:56:14","date_gmt":"2022-08-15T20:56:14","guid":{"rendered":"https:\/\/mmkserviss.lv\/?post_type=product&#038;p=279798"},"modified":"2025-03-07T16:46:17","modified_gmt":"2025-03-07T14:46:17","slug":"205-60r16-arivo-premio-arz1-92v","status":"publish","type":"product","link":"https:\/\/mmkriepas.lv\/en\/p\/205-60r16-arivo-premio-arz1-92v\/","title":{"rendered":"205\/60R16 Arivo Premio ARZ1 92V"},"content":{"rendered":"<p><b>Arivo Premio ARZ1<\/b> ir vasaras riepu modelis, kas, par sp\u012bti t\u0101 zemajai cenai, ir pamat\u012bgi apr\u012bkots ar da\u017e\u0101diem tehnolo\u0123iskiem risin\u0101jumiem. Premio ARZ1 uzr\u0101da teicamus veiktsp\u0113jas r\u0101d\u012bt\u0101jus ne tikai uz sausa, bet ar\u012b uz slapja ce\u013ca seguma.<o:p><\/o:p><\/p>\n<h3>Premio ARZ1 galven\u0101s iez\u012bmes:<o:p><\/o:p><\/h3>\n<p>+ Teicama veiktsp\u0113ja ne da\u017e\u0101dos vasaras brauk\u0161anas apst\u0101k\u013cos; <o:p><\/o:p><\/p>\n<p>+ &#8220;Skiving&#8221; protektora bloku tehnolo\u0123ija; <o:p><\/o:p><\/p>\n<p>+ Ar elastrom\u0113riem bag\u0101ts gumijas sast\u0101vs; <o:p><\/o:p><\/p>\n<p>+ Pazemin\u0101ts akvaplan\u0113\u0161anas risks; <o:p><\/o:p><\/p>\n<p>+ Lieliska nodilumiztur\u012bba; <o:p><\/o:p><\/p>\n<p>+ Degvielas ekonomija; <o:p><\/o:p><\/p>\n<p>+ Pazemin\u0101ts trok\u0161\u0146u l\u012bmenis.<o:p><\/o:p><\/p>\n<h3>Premio ARZ1 apr\u012bkojums:<o:p><\/o:p><\/h3>\n<p>Arivo Premio ARZ1 vasaras riepas apr\u012bkotas ar p\u0113c &#8220;Skiving&#8221; tehnolo\u0123ijas veidotu protektora rakstu, kas samazina vibr\u0101ciju daudzumu, pazeminot akvaplan\u0113\u0161anas risku. \u0160\u012b mode\u013ca riepas veidotas no augstas kvalit\u0101tes gumijas sakaus\u0113juma, kuram pievienots Sil\u012bcijs, padarot \u0161\u012bs riepas nodilumiztur\u012bg\u0101kas un palielinot sa\u0137eri ar slapju asfaltu. <o:p><\/o:p><\/p>\n<p><span style=\"color: red;\">*Uzman\u012bbu: vasaras riepas, kas ir ra\u017eotas \u0136\u012bn\u0101, var b\u016bt apz\u012bm\u0113tas ar apz\u012bm\u0113jumu M+S. J\u0101\u0146em ver\u0101, ka \u0136\u012bnas teritorija sniedzas da\u017e\u0101d\u0101s klimatiskaj\u0101s zon\u0101s, kur da\u017eviet metereolo\u0123isk\u0101 ziema t\u0101 ar\u012b neiest\u0101jas. L\u012bdz ar to, tur \u0161\u012bs riepas var izmantot visu gadu, kam\u0113r Latvij\u0101 tas nestr\u0101d\u0101!<o:p><\/o:p><\/span><\/p>\n","protected":false},"excerpt":{"rendered":"<p><b>Arivo Premio ARZ1<\/b> ir vasaras riepu modelis, kas, par sp\u012bti t\u0101 zemajai cenai, ir pamat\u012bgi apr\u012bkots ar da\u017e\u0101diem tehnolo\u0123iskiem risin\u0101jumiem. Premio ARZ1 uzr\u0101da teicamus veiktsp\u0113jas r\u0101d\u012bt\u0101jus ne tikai uz sausa, bet ar\u012b uz slapja ce\u013ca seguma.<o:p><\/o:p><\/p>\n","protected":false},"featured_media":173813,"template":"","meta":{"_acf_changed":false,"ngg_post_thumbnail":0},"product_brand":[],"product_cat":[46],"product_tag":[],"class_list":{"0":"post-279798","1":"product","2":"type-product","3":"status-publish","4":"has-post-thumbnail","6":"product_cat-vasaras-riepas","8":"first","9":"outofstock","10":"sale","11":"taxable","12":"shipping-taxable","13":"product-type-simple"},"acf":[],"yoast_head":"<!-- This site is optimized with the Yoast SEO Premium plugin v22.6 (Yoast SEO v27.3) - https:\/\/yoast.com\/product\/yoast-seo-premium-wordpress\/ -->\n<title>205\/60R16 Arivo Premio ARZ1 92V &#8226; MMK Riepas<\/title>\n<meta name=\"robots\" content=\"index, follow, max-snippet:-1, max-image-preview:large, max-video-preview:-1\" \/>\n<link rel=\"canonical\" href=\"https:\/\/mmkriepas.lv\/en\/p\/205-60r16-arivo-premio-arz1-92v\/\" \/>\n<meta property=\"og:locale\" content=\"en_US\" \/>\n<meta property=\"og:type\" content=\"article\" \/>\n<meta property=\"og:title\" content=\"205\/60R16 Arivo Premio ARZ1 92V\" \/>\n<meta property=\"og:description\" content=\"Arivo Premio ARZ1 ir vasaras riepu modelis, kas, par sp\u012bti t\u0101 zemajai cenai, ir pamat\u012bgi apr\u012bkots ar da\u017e\u0101diem tehnolo\u0123iskiem risin\u0101jumiem. Premio ARZ1 uzr\u0101da teicamus veiktsp\u0113jas r\u0101d\u012bt\u0101jus ne tikai uz sausa, bet ar\u012b uz slapja ce\u013ca seguma.\" \/>\n<meta property=\"og:url\" content=\"https:\/\/mmkriepas.lv\/en\/p\/205-60r16-arivo-premio-arz1-92v\/\" \/>\n<meta property=\"og:site_name\" content=\"MMK Riepas\" \/>\n<meta property=\"article:publisher\" content=\"https:\/\/www.facebook.com\/mmkserviss\/\" \/>\n<meta property=\"article:modified_time\" content=\"2025-03-07T14:46:17+00:00\" \/>\n<meta property=\"og:image\" content=\"https:\/\/mmkriepas.lv\/wp-content\/uploads\/2021\/03\/22560r17-roadmarch-primestar-66-99h-vasaras-riepas-3.jpeg\" \/>\n\t<meta property=\"og:image:width\" content=\"1600\" \/>\n\t<meta property=\"og:image:height\" content=\"1064\" \/>\n\t<meta property=\"og:image:type\" content=\"image\/jpeg\" \/>\n<meta name=\"twitter:card\" content=\"summary_large_image\" \/>\n<meta name=\"twitter:label1\" content=\"Price\" \/>\n\t<meta name=\"twitter:data1\" content=\"&euro;39.00\" \/>\n\t<meta name=\"twitter:label2\" content=\"Availability\" \/>\n\t<meta name=\"twitter:data2\" content=\"Out of stock\" \/>\n<script type=\"application\/ld+json\" class=\"yoast-schema-graph\">{\"@context\":\"https:\\\/\\\/schema.org\",\"@graph\":[{\"@type\":\"WebPage\",\"@id\":\"https:\\\/\\\/mmkriepas.lv\\\/en\\\/p\\\/205-60r16-arivo-premio-arz1-92v\\\/\",\"url\":\"https:\\\/\\\/mmkriepas.lv\\\/en\\\/p\\\/205-60r16-arivo-premio-arz1-92v\\\/\",\"name\":\"205\\\/60R16 Arivo Premio ARZ1 92V &#8226; MMK Riepas\",\"isPartOf\":{\"@id\":\"https:\\\/\\\/mmkriepas.lv\\\/en\\\/#website\"},\"primaryImageOfPage\":{\"@id\":\"https:\\\/\\\/mmkriepas.lv\\\/en\\\/p\\\/205-60r16-arivo-premio-arz1-92v\\\/#primaryimage\"},\"image\":{\"@id\":\"https:\\\/\\\/mmkriepas.lv\\\/en\\\/p\\\/205-60r16-arivo-premio-arz1-92v\\\/#primaryimage\"},\"thumbnailUrl\":\"https:\\\/\\\/mmkriepas.lv\\\/wp-content\\\/uploads\\\/2021\\\/03\\\/22560r17-roadmarch-primestar-66-99h-vasaras-riepas-3.jpeg\",\"datePublished\":\"2022-08-15T20:56:14+00:00\",\"dateModified\":\"2025-03-07T14:46:17+00:00\",\"breadcrumb\":{\"@id\":\"https:\\\/\\\/mmkriepas.lv\\\/en\\\/p\\\/205-60r16-arivo-premio-arz1-92v\\\/#breadcrumb\"},\"inLanguage\":\"en-US\",\"potentialAction\":[{\"@type\":\"ReadAction\",\"target\":[\"https:\\\/\\\/mmkriepas.lv\\\/en\\\/p\\\/205-60r16-arivo-premio-arz1-92v\\\/\"]}]},{\"@type\":\"ImageObject\",\"inLanguage\":\"en-US\",\"@id\":\"https:\\\/\\\/mmkriepas.lv\\\/en\\\/p\\\/205-60r16-arivo-premio-arz1-92v\\\/#primaryimage\",\"url\":\"https:\\\/\\\/mmkriepas.lv\\\/wp-content\\\/uploads\\\/2021\\\/03\\\/22560r17-roadmarch-primestar-66-99h-vasaras-riepas-3.jpeg\",\"contentUrl\":\"https:\\\/\\\/mmkriepas.lv\\\/wp-content\\\/uploads\\\/2021\\\/03\\\/22560r17-roadmarch-primestar-66-99h-vasaras-riepas-3.jpeg\",\"width\":1600,\"height\":1064,\"caption\":\"225\\\/60R17 Roadmarch Primestar 66 99H - Vasaras riepas\"},{\"@type\":\"BreadcrumbList\",\"@id\":\"https:\\\/\\\/mmkriepas.lv\\\/en\\\/p\\\/205-60r16-arivo-premio-arz1-92v\\\/#breadcrumb\",\"itemListElement\":[{\"@type\":\"ListItem\",\"position\":1,\"name\":\"S\u0101kums\",\"item\":\"https:\\\/\\\/mmkriepas.lv\\\/en\\\/\"},{\"@type\":\"ListItem\",\"position\":2,\"name\":\"205\\\/60R16 Arivo Premio ARZ1 92V\"}]},{\"@type\":\"WebSite\",\"@id\":\"https:\\\/\\\/mmkriepas.lv\\\/en\\\/#website\",\"url\":\"https:\\\/\\\/mmkriepas.lv\\\/en\\\/\",\"name\":\"MMK Riepas\",\"description\":\"MMK Riepas\",\"alternateName\":\"MMK Riepu Serviss\",\"potentialAction\":[{\"@type\":\"SearchAction\",\"target\":{\"@type\":\"EntryPoint\",\"urlTemplate\":\"https:\\\/\\\/mmkriepas.lv\\\/en\\\/?s={search_term_string}\"},\"query-input\":{\"@type\":\"PropertyValueSpecification\",\"valueRequired\":true,\"valueName\":\"search_term_string\"}}],\"inLanguage\":\"en-US\"},{\"@type\":\"ImageObject\",\"inLanguage\":\"en-US\",\"@id\":\"https:\\\/\\\/mmkriepas.lv\\\/en\\\/p\\\/205-60r16-arivo-premio-arz1-92v\\\/#local-main-organization-logo\",\"url\":\"\",\"contentUrl\":\"\",\"caption\":\"MMK Riepas\"}]}<\/script>\n<meta property=\"product:brand\" content=\"Arivo Premio ARZ1\" \/>\n<meta property=\"product:price:amount\" content=\"39.00\" \/>\n<meta property=\"product:price:currency\" content=\"EUR\" \/>\n<meta property=\"og:availability\" content=\"out of stock\" \/>\n<meta property=\"product:availability\" content=\"out of stock\" \/>\n<meta property=\"product:retailer_item_id\" content=\"TS2056016ARIVO-253\" \/>\n<meta property=\"product:condition\" content=\"new\" \/>\n<!-- \/ Yoast SEO Premium plugin. -->","yoast_head_json":{"title":"205\/60R16 Arivo Premio ARZ1 92V &#8226; MMK Riepas","robots":{"index":"index","follow":"follow","max-snippet":"max-snippet:-1","max-image-preview":"max-image-preview:large","max-video-preview":"max-video-preview:-1"},"canonical":"https:\/\/mmkriepas.lv\/en\/p\/205-60r16-arivo-premio-arz1-92v\/","og_locale":"en_US","og_type":"article","og_title":"205\/60R16 Arivo Premio ARZ1 92V","og_description":"Arivo Premio ARZ1 ir vasaras riepu modelis, kas, par sp\u012bti t\u0101 zemajai cenai, ir pamat\u012bgi apr\u012bkots ar da\u017e\u0101diem tehnolo\u0123iskiem risin\u0101jumiem. Premio ARZ1 uzr\u0101da teicamus veiktsp\u0113jas r\u0101d\u012bt\u0101jus ne tikai uz sausa, bet ar\u012b uz slapja ce\u013ca seguma.","og_url":"https:\/\/mmkriepas.lv\/en\/p\/205-60r16-arivo-premio-arz1-92v\/","og_site_name":"MMK Riepas","article_publisher":"https:\/\/www.facebook.com\/mmkserviss\/","article_modified_time":"2025-03-07T14:46:17+00:00","og_image":[{"width":1600,"height":1064,"url":"https:\/\/mmkriepas.lv\/wp-content\/uploads\/2021\/03\/22560r17-roadmarch-primestar-66-99h-vasaras-riepas-3.jpeg","type":"image\/jpeg"}],"twitter_card":"summary_large_image","twitter_misc":{"Price":"&euro;39.00","Availability":"Out of stock"},"schema":{"@context":"https:\/\/schema.org","@graph":[{"@type":"WebPage","@id":"https:\/\/mmkriepas.lv\/en\/p\/205-60r16-arivo-premio-arz1-92v\/","url":"https:\/\/mmkriepas.lv\/en\/p\/205-60r16-arivo-premio-arz1-92v\/","name":"205\/60R16 Arivo Premio ARZ1 92V &#8226; MMK Riepas","isPartOf":{"@id":"https:\/\/mmkriepas.lv\/en\/#website"},"primaryImageOfPage":{"@id":"https:\/\/mmkriepas.lv\/en\/p\/205-60r16-arivo-premio-arz1-92v\/#primaryimage"},"image":{"@id":"https:\/\/mmkriepas.lv\/en\/p\/205-60r16-arivo-premio-arz1-92v\/#primaryimage"},"thumbnailUrl":"https:\/\/mmkriepas.lv\/wp-content\/uploads\/2021\/03\/22560r17-roadmarch-primestar-66-99h-vasaras-riepas-3.jpeg","datePublished":"2022-08-15T20:56:14+00:00","dateModified":"2025-03-07T14:46:17+00:00","breadcrumb":{"@id":"https:\/\/mmkriepas.lv\/en\/p\/205-60r16-arivo-premio-arz1-92v\/#breadcrumb"},"inLanguage":"en-US","potentialAction":[{"@type":"ReadAction","target":["https:\/\/mmkriepas.lv\/en\/p\/205-60r16-arivo-premio-arz1-92v\/"]}]},{"@type":"ImageObject","inLanguage":"en-US","@id":"https:\/\/mmkriepas.lv\/en\/p\/205-60r16-arivo-premio-arz1-92v\/#primaryimage","url":"https:\/\/mmkriepas.lv\/wp-content\/uploads\/2021\/03\/22560r17-roadmarch-primestar-66-99h-vasaras-riepas-3.jpeg","contentUrl":"https:\/\/mmkriepas.lv\/wp-content\/uploads\/2021\/03\/22560r17-roadmarch-primestar-66-99h-vasaras-riepas-3.jpeg","width":1600,"height":1064,"caption":"225\/60R17 Roadmarch Primestar 66 99H - Vasaras riepas"},{"@type":"BreadcrumbList","@id":"https:\/\/mmkriepas.lv\/en\/p\/205-60r16-arivo-premio-arz1-92v\/#breadcrumb","itemListElement":[{"@type":"ListItem","position":1,"name":"S\u0101kums","item":"https:\/\/mmkriepas.lv\/en\/"},{"@type":"ListItem","position":2,"name":"205\/60R16 Arivo Premio ARZ1 92V"}]},{"@type":"WebSite","@id":"https:\/\/mmkriepas.lv\/en\/#website","url":"https:\/\/mmkriepas.lv\/en\/","name":"MMK Riepas","description":"MMK Riepas","alternateName":"MMK Riepu Serviss","potentialAction":[{"@type":"SearchAction","target":{"@type":"EntryPoint","urlTemplate":"https:\/\/mmkriepas.lv\/en\/?s={search_term_string}"},"query-input":{"@type":"PropertyValueSpecification","valueRequired":true,"valueName":"search_term_string"}}],"inLanguage":"en-US"},{"@type":"ImageObject","inLanguage":"en-US","@id":"https:\/\/mmkriepas.lv\/en\/p\/205-60r16-arivo-premio-arz1-92v\/#local-main-organization-logo","url":"","contentUrl":"","caption":"MMK Riepas"}]},"product_brand":"Arivo Premio ARZ1","product_price_amount":"39.00","product_price_currency":"EUR","og_availability":"out of stock","product_availability":"out of stock","product_retailer_item_id":"TS2056016ARIVO-253","product_condition":"new"},"_links":{"self":[{"href":"https:\/\/mmkriepas.lv\/en\/wp-json\/wp\/v2\/product\/279798","targetHints":{"allow":["GET"]}}],"collection":[{"href":"https:\/\/mmkriepas.lv\/en\/wp-json\/wp\/v2\/product"}],"about":[{"href":"https:\/\/mmkriepas.lv\/en\/wp-json\/wp\/v2\/types\/product"}],"wp:featuredmedia":[{"embeddable":true,"href":"https:\/\/mmkriepas.lv\/en\/wp-json\/wp\/v2\/media\/173813"}],"wp:attachment":[{"href":"https:\/\/mmkriepas.lv\/en\/wp-json\/wp\/v2\/media?parent=279798"}],"wp:term":[{"taxonomy":"product_brand","embeddable":true,"href":"https:\/\/mmkriepas.lv\/en\/wp-json\/wp\/v2\/product_brand?post=279798"},{"taxonomy":"product_cat","embeddable":true,"href":"https:\/\/mmkriepas.lv\/en\/wp-json\/wp\/v2\/product_cat?post=279798"},{"taxonomy":"product_tag","embeddable":true,"href":"https:\/\/mmkriepas.lv\/en\/wp-json\/wp\/v2\/product_tag?post=279798"}],"curies":[{"name":"wp","href":"https:\/\/api.w.org\/{rel}","templated":true}]}}