{"id":279770,"date":"2022-08-15T23:55:25","date_gmt":"2022-08-15T20:55:25","guid":{"rendered":"https:\/\/mmkserviss.lv\/?post_type=product&#038;p=279770"},"modified":"2025-09-24T09:58:49","modified_gmt":"2025-09-24T06:58:49","slug":"195-80r14c-sailun-sl-12-106-104q-2","status":"publish","type":"product","link":"https:\/\/mmkriepas.lv\/en\/p\/195-80r14c-sailun-sl-12-106-104q-2\/","title":{"rendered":"195\/80R14C Sailun SL-12 106\/104Q"},"content":{"rendered":"<p><span style=\"font-family: Times New Roman, serif;\"><span style=\"font-size: medium;\"><span style=\"color: #000000;\"><span style=\"font-family: Arial, serif;\"><span style=\"font-size: small;\"><b>Sailun SL-12 <\/b><\/span><\/span><\/span><span style=\"color: #000000;\"><span style=\"font-family: Arial, serif;\"><span style=\"font-size: small;\">ir labs vasaras komerctransporta jeb mikroautobusu riepu modelis. Tas izce\u013cas ar labiem kravnes\u012bbas, nodilumiztur\u012bbas un veiktsp\u0113jas r\u0101d\u012bt\u0101jiem gan uz sausa un slapja asfalta, gan grants vai zemes ce\u013ciem.<\/span><\/span><\/span><\/span><\/span><\/p>\n<h3 class=\"western\"><span style=\"color: #000000;\"><span style=\"font-family: Arial, serif;\"><span style=\"font-size: medium;\">Sailun SL-12 galven\u0101s iez\u012bmes<\/span><\/span><\/span><\/h3>\n<p><span style=\"font-family: Times New Roman, serif;\"><span style=\"font-size: medium;\"><span style=\"color: #000000;\"><span style=\"font-family: Arial, serif;\"><span style=\"font-size: small;\">+ Palielin\u0101ti slodzes indeksi \u013cauj p\u0101rvad\u0101t smagas kravas pat intens\u012bvas ekspluat\u0101cijas laik\u0101.<\/span><\/span><\/span><\/span><\/span><\/p>\n<p><span style=\"font-family: Times New Roman, serif;\"><span style=\"font-size: medium;\"><span style=\"color: #000000;\"><span style=\"font-family: Arial, serif;\"><span style=\"font-size: small;\">+ Zig-zag veida dren\u0101\u017eas jeb \u016bdens novadkan\u0101li samazina akvaplan\u0113\u0161anas risku, k\u0101 ar\u012b uzlabo veiktsp\u0113ju, braucot pa grants ce\u013ciem.<\/span><\/span><\/span><\/span><\/span><\/p>\n<p><span style=\"font-family: Times New Roman, serif;\"><span style=\"font-size: medium;\"><span style=\"color: #000000;\"><span style=\"font-family: Arial, serif;\"><span style=\"font-size: small;\">+ Protektor\u0101 iestr\u0101d\u0101t\u0101s lameles uzlabo veiktsp\u0113ju uz sabliet\u0113ta sniega.<\/span><\/span><\/span><\/span><\/span><\/p>\n<p><span style=\"font-family: Times New Roman, serif;\"><span style=\"font-size: medium;\"><span style=\"color: #000000;\"><span style=\"font-family: Arial, serif;\"><span style=\"font-size: small;\">+ Uzlabota nodilumiztur\u012bba.<\/span><\/span><\/span><\/span><\/span><\/p>\n<p><span style=\"font-family: Times New Roman, serif;\"><span style=\"font-size: medium;\"><span style=\"color: #000000;\"><span style=\"font-family: Arial, serif;\"><span style=\"font-size: small;\"><b>+ Kvalit\u0101te atbilst cenai!<\/b><\/span><\/span><\/span><\/span><\/span><\/p>\n<h3 class=\"western\"><span style=\"color: #000000;\"><span style=\"font-family: Arial, serif;\"><span style=\"font-size: medium;\">SL-12 apr\u012bkojums<\/span><\/span><\/span><\/h3>\n<p><span style=\"font-family: Times New Roman, serif;\"><span style=\"font-size: medium;\"><span style=\"color: #000000;\"><span style=\"font-family: Arial, serif;\"><span style=\"font-size: small;\"><b>Sailun SL-12 <\/b><\/span><\/span><\/span><span style=\"color: #000000;\"><span style=\"font-family: Arial, serif;\"><span style=\"font-size: small;\">vasaras riepas apr\u012bkotas ar klasisku simetrisko protektora dizainu. \u0160\u0101ds musturs izv\u0113l\u0113ts, lai uzlabotu riepu kravnes\u012bbu un palielin\u0101tu sa\u0137eres laukumu ar ce\u013cu.<\/span><\/span><\/span><\/span><\/span><\/p>\n<p><span style=\"font-family: Times New Roman, serif;\"><span style=\"font-size: medium;\"><span style=\"color: #000000;\"><span style=\"font-family: Arial, serif;\"><span style=\"font-size: small;\">Zem simetrisk\u0101 protektora sl\u0113pjas ar vair\u0101kiem papildus kordu jeb brekera sl\u0101\u0146iem pastiprin\u0101ts karkass. Tas nodro\u0161ina palielin\u0101tu kravnes\u012bbu un triecieniztur\u012bbu jau t\u0101 iztur\u012bgajai riepai. Turkl\u0101t, iztur\u012bgais karkass iet\u0113rpts elast\u012bg\u0101 un ilgtsp\u0113j\u012bg\u0101 gumijas sakaus\u0113jum\u0101. J\u0101min, ka elast\u012bga riepa daudz lab\u0101k veido sa\u0137eri ar ce\u013cu, k\u0101 ar\u012b dilst vienm\u0113r\u012bg\u0101k.<\/span><\/span><\/span><\/span><\/span><\/p>\n<p><span style=\"font-family: Times New Roman, serif;\"><span style=\"font-size: medium;\"><span style=\"color: #000000;\"><span style=\"font-family: Arial, serif;\"><span style=\"font-size: small;\">\u0160is riepu modelis b\u016bs piem\u0113rots tiem komerctransporta vad\u012bt\u0101jiem, kas vasar\u0101 p\u0101rvietojas pa grants ce\u013ciem. T\u0101 protektors ir vien nedaudz rupj\u0101ks par standarta vasaras komercauto riepas protektoru, uzlabojot veiktsp\u0113ju uz irden\u0101m ce\u013ca virsm\u0101m.\u00a0<\/span><\/span><\/span><\/span><\/span><\/p>\n","protected":false},"excerpt":{"rendered":"<p><span style=\"font-family: Times New Roman, serif;\"><span style=\"font-size: medium;\"><span style=\"color: #000000;\"><span style=\"font-family: Arial, serif;\"><span style=\"font-size: small;\"><b>Sailun SL-12 <\/b><\/span><\/span><\/span><span style=\"color: #000000;\"><span style=\"font-family: Arial, serif;\"><span style=\"font-size: small;\">ir labs vasaras komerctransporta jeb mikroautobusu riepu modelis. Tas izce\u013cas ar labiem kravnes\u012bbas, nodilumiztur\u012bbas un veiktsp\u0113jas r\u0101d\u012bt\u0101jiem gan uz sausa un slapja asfalta, gan grants vai zemes ce\u013ciem.<\/span><\/span><\/span><\/span><\/span><\/p>\n","protected":false},"featured_media":667684,"template":"","meta":{"_acf_changed":false,"ngg_post_thumbnail":0},"product_brand":[],"product_cat":[46],"product_tag":[22820],"class_list":{"0":"post-279770","1":"product","2":"type-product","3":"status-publish","4":"has-post-thumbnail","6":"product_cat-vasaras-riepas","7":"product_tag-64636efdd2e27","9":"first","10":"outofstock","11":"sale","12":"taxable","13":"shipping-taxable","14":"product-type-simple"},"acf":[],"yoast_head":"<!-- This site is optimized with the Yoast SEO Premium plugin v22.6 (Yoast SEO v27.3) - https:\/\/yoast.com\/product\/yoast-seo-premium-wordpress\/ -->\n<title>195\/80R14C Sailun SL-12 106\/104Q &#8226; MMK Riepas<\/title>\n<meta name=\"robots\" content=\"index, follow, max-snippet:-1, max-image-preview:large, max-video-preview:-1\" \/>\n<link rel=\"canonical\" href=\"https:\/\/mmkriepas.lv\/en\/p\/195-80r14c-sailun-sl-12-106-104q-2\/\" \/>\n<meta property=\"og:locale\" content=\"en_US\" \/>\n<meta property=\"og:type\" content=\"article\" \/>\n<meta property=\"og:title\" content=\"195\/80R14C Sailun SL-12 106\/104Q\" \/>\n<meta property=\"og:description\" content=\"Sailun SL-12 ir labs vasaras komerctransporta jeb mikroautobusu riepu modelis. Tas izce\u013cas ar labiem kravnes\u012bbas, nodilumiztur\u012bbas un veiktsp\u0113jas r\u0101d\u012bt\u0101jiem gan uz sausa un slapja asfalta, gan grants vai zemes ce\u013ciem.\" \/>\n<meta property=\"og:url\" content=\"https:\/\/mmkriepas.lv\/en\/p\/195-80r14c-sailun-sl-12-106-104q-2\/\" \/>\n<meta property=\"og:site_name\" content=\"MMK Riepas\" \/>\n<meta property=\"article:publisher\" content=\"https:\/\/www.facebook.com\/mmkserviss\/\" \/>\n<meta property=\"article:modified_time\" content=\"2025-09-24T06:58:49+00:00\" \/>\n<meta property=\"og:image\" content=\"https:\/\/mmkriepas.lv\/wp-content\/uploads\/2023\/03\/18580r14c-sailun-sl-12-102100q-vasaras-riepas.jpeg\" \/>\n\t<meta property=\"og:image:width\" content=\"1600\" \/>\n\t<meta property=\"og:image:height\" content=\"1200\" \/>\n\t<meta property=\"og:image:type\" content=\"image\/jpeg\" \/>\n<meta name=\"twitter:card\" content=\"summary_large_image\" \/>\n<meta name=\"twitter:label1\" content=\"Price\" \/>\n\t<meta name=\"twitter:data1\" content=\"&euro;57.00\" \/>\n\t<meta name=\"twitter:label2\" content=\"Availability\" \/>\n\t<meta name=\"twitter:data2\" content=\"Out of stock\" \/>\n<script type=\"application\/ld+json\" class=\"yoast-schema-graph\">{\"@context\":\"https:\\\/\\\/schema.org\",\"@graph\":[{\"@type\":\"WebPage\",\"@id\":\"https:\\\/\\\/mmkriepas.lv\\\/en\\\/p\\\/195-80r14c-sailun-sl-12-106-104q-2\\\/\",\"url\":\"https:\\\/\\\/mmkriepas.lv\\\/en\\\/p\\\/195-80r14c-sailun-sl-12-106-104q-2\\\/\",\"name\":\"195\\\/80R14C Sailun SL-12 106\\\/104Q &#8226; MMK Riepas\",\"isPartOf\":{\"@id\":\"https:\\\/\\\/mmkriepas.lv\\\/en\\\/#website\"},\"primaryImageOfPage\":{\"@id\":\"https:\\\/\\\/mmkriepas.lv\\\/en\\\/p\\\/195-80r14c-sailun-sl-12-106-104q-2\\\/#primaryimage\"},\"image\":{\"@id\":\"https:\\\/\\\/mmkriepas.lv\\\/en\\\/p\\\/195-80r14c-sailun-sl-12-106-104q-2\\\/#primaryimage\"},\"thumbnailUrl\":\"https:\\\/\\\/mmkriepas.lv\\\/wp-content\\\/uploads\\\/2023\\\/03\\\/18580r14c-sailun-sl-12-102100q-vasaras-riepas.jpeg\",\"datePublished\":\"2022-08-15T20:55:25+00:00\",\"dateModified\":\"2025-09-24T06:58:49+00:00\",\"breadcrumb\":{\"@id\":\"https:\\\/\\\/mmkriepas.lv\\\/en\\\/p\\\/195-80r14c-sailun-sl-12-106-104q-2\\\/#breadcrumb\"},\"inLanguage\":\"en-US\",\"potentialAction\":[{\"@type\":\"ReadAction\",\"target\":[\"https:\\\/\\\/mmkriepas.lv\\\/en\\\/p\\\/195-80r14c-sailun-sl-12-106-104q-2\\\/\"]}]},{\"@type\":\"ImageObject\",\"inLanguage\":\"en-US\",\"@id\":\"https:\\\/\\\/mmkriepas.lv\\\/en\\\/p\\\/195-80r14c-sailun-sl-12-106-104q-2\\\/#primaryimage\",\"url\":\"https:\\\/\\\/mmkriepas.lv\\\/wp-content\\\/uploads\\\/2023\\\/03\\\/18580r14c-sailun-sl-12-102100q-vasaras-riepas.jpeg\",\"contentUrl\":\"https:\\\/\\\/mmkriepas.lv\\\/wp-content\\\/uploads\\\/2023\\\/03\\\/18580r14c-sailun-sl-12-102100q-vasaras-riepas.jpeg\",\"width\":1600,\"height\":1200,\"caption\":\"185\\\/80R14C Sailun SL-12 102\\\/100Q - Vasaras riepas\"},{\"@type\":\"BreadcrumbList\",\"@id\":\"https:\\\/\\\/mmkriepas.lv\\\/en\\\/p\\\/195-80r14c-sailun-sl-12-106-104q-2\\\/#breadcrumb\",\"itemListElement\":[{\"@type\":\"ListItem\",\"position\":1,\"name\":\"S\u0101kums\",\"item\":\"https:\\\/\\\/mmkriepas.lv\\\/en\\\/\"},{\"@type\":\"ListItem\",\"position\":2,\"name\":\"195\\\/80R14C Sailun SL-12 106\\\/104Q\"}]},{\"@type\":\"WebSite\",\"@id\":\"https:\\\/\\\/mmkriepas.lv\\\/en\\\/#website\",\"url\":\"https:\\\/\\\/mmkriepas.lv\\\/en\\\/\",\"name\":\"MMK Riepas\",\"description\":\"MMK Riepas\",\"alternateName\":\"MMK Riepu Serviss\",\"potentialAction\":[{\"@type\":\"SearchAction\",\"target\":{\"@type\":\"EntryPoint\",\"urlTemplate\":\"https:\\\/\\\/mmkriepas.lv\\\/en\\\/?s={search_term_string}\"},\"query-input\":{\"@type\":\"PropertyValueSpecification\",\"valueRequired\":true,\"valueName\":\"search_term_string\"}}],\"inLanguage\":\"en-US\"},{\"@type\":\"ImageObject\",\"inLanguage\":\"en-US\",\"@id\":\"https:\\\/\\\/mmkriepas.lv\\\/en\\\/p\\\/195-80r14c-sailun-sl-12-106-104q-2\\\/#local-main-organization-logo\",\"url\":\"\",\"contentUrl\":\"\",\"caption\":\"MMK Riepas\"}]}<\/script>\n<meta property=\"product:brand\" content=\"Sailun SL-12\" \/>\n<meta property=\"product:price:amount\" content=\"57.00\" \/>\n<meta property=\"product:price:currency\" content=\"EUR\" \/>\n<meta property=\"og:availability\" content=\"out of stock\" \/>\n<meta property=\"product:availability\" content=\"out of stock\" \/>\n<meta property=\"product:retailer_item_id\" content=\"TS1958014CSAILU-180\" \/>\n<meta property=\"product:condition\" content=\"new\" \/>\n<!-- \/ Yoast SEO Premium plugin. -->","yoast_head_json":{"title":"195\/80R14C Sailun SL-12 106\/104Q &#8226; MMK Riepas","robots":{"index":"index","follow":"follow","max-snippet":"max-snippet:-1","max-image-preview":"max-image-preview:large","max-video-preview":"max-video-preview:-1"},"canonical":"https:\/\/mmkriepas.lv\/en\/p\/195-80r14c-sailun-sl-12-106-104q-2\/","og_locale":"en_US","og_type":"article","og_title":"195\/80R14C Sailun SL-12 106\/104Q","og_description":"Sailun SL-12 ir labs vasaras komerctransporta jeb mikroautobusu riepu modelis. Tas izce\u013cas ar labiem kravnes\u012bbas, nodilumiztur\u012bbas un veiktsp\u0113jas r\u0101d\u012bt\u0101jiem gan uz sausa un slapja asfalta, gan grants vai zemes ce\u013ciem.","og_url":"https:\/\/mmkriepas.lv\/en\/p\/195-80r14c-sailun-sl-12-106-104q-2\/","og_site_name":"MMK Riepas","article_publisher":"https:\/\/www.facebook.com\/mmkserviss\/","article_modified_time":"2025-09-24T06:58:49+00:00","og_image":[{"width":1600,"height":1200,"url":"https:\/\/mmkriepas.lv\/wp-content\/uploads\/2023\/03\/18580r14c-sailun-sl-12-102100q-vasaras-riepas.jpeg","type":"image\/jpeg"}],"twitter_card":"summary_large_image","twitter_misc":{"Price":"&euro;57.00","Availability":"Out of stock"},"schema":{"@context":"https:\/\/schema.org","@graph":[{"@type":"WebPage","@id":"https:\/\/mmkriepas.lv\/en\/p\/195-80r14c-sailun-sl-12-106-104q-2\/","url":"https:\/\/mmkriepas.lv\/en\/p\/195-80r14c-sailun-sl-12-106-104q-2\/","name":"195\/80R14C Sailun SL-12 106\/104Q &#8226; MMK Riepas","isPartOf":{"@id":"https:\/\/mmkriepas.lv\/en\/#website"},"primaryImageOfPage":{"@id":"https:\/\/mmkriepas.lv\/en\/p\/195-80r14c-sailun-sl-12-106-104q-2\/#primaryimage"},"image":{"@id":"https:\/\/mmkriepas.lv\/en\/p\/195-80r14c-sailun-sl-12-106-104q-2\/#primaryimage"},"thumbnailUrl":"https:\/\/mmkriepas.lv\/wp-content\/uploads\/2023\/03\/18580r14c-sailun-sl-12-102100q-vasaras-riepas.jpeg","datePublished":"2022-08-15T20:55:25+00:00","dateModified":"2025-09-24T06:58:49+00:00","breadcrumb":{"@id":"https:\/\/mmkriepas.lv\/en\/p\/195-80r14c-sailun-sl-12-106-104q-2\/#breadcrumb"},"inLanguage":"en-US","potentialAction":[{"@type":"ReadAction","target":["https:\/\/mmkriepas.lv\/en\/p\/195-80r14c-sailun-sl-12-106-104q-2\/"]}]},{"@type":"ImageObject","inLanguage":"en-US","@id":"https:\/\/mmkriepas.lv\/en\/p\/195-80r14c-sailun-sl-12-106-104q-2\/#primaryimage","url":"https:\/\/mmkriepas.lv\/wp-content\/uploads\/2023\/03\/18580r14c-sailun-sl-12-102100q-vasaras-riepas.jpeg","contentUrl":"https:\/\/mmkriepas.lv\/wp-content\/uploads\/2023\/03\/18580r14c-sailun-sl-12-102100q-vasaras-riepas.jpeg","width":1600,"height":1200,"caption":"185\/80R14C Sailun SL-12 102\/100Q - Vasaras riepas"},{"@type":"BreadcrumbList","@id":"https:\/\/mmkriepas.lv\/en\/p\/195-80r14c-sailun-sl-12-106-104q-2\/#breadcrumb","itemListElement":[{"@type":"ListItem","position":1,"name":"S\u0101kums","item":"https:\/\/mmkriepas.lv\/en\/"},{"@type":"ListItem","position":2,"name":"195\/80R14C Sailun SL-12 106\/104Q"}]},{"@type":"WebSite","@id":"https:\/\/mmkriepas.lv\/en\/#website","url":"https:\/\/mmkriepas.lv\/en\/","name":"MMK Riepas","description":"MMK Riepas","alternateName":"MMK Riepu Serviss","potentialAction":[{"@type":"SearchAction","target":{"@type":"EntryPoint","urlTemplate":"https:\/\/mmkriepas.lv\/en\/?s={search_term_string}"},"query-input":{"@type":"PropertyValueSpecification","valueRequired":true,"valueName":"search_term_string"}}],"inLanguage":"en-US"},{"@type":"ImageObject","inLanguage":"en-US","@id":"https:\/\/mmkriepas.lv\/en\/p\/195-80r14c-sailun-sl-12-106-104q-2\/#local-main-organization-logo","url":"","contentUrl":"","caption":"MMK Riepas"}]},"product_brand":"Sailun SL-12","product_price_amount":"57.00","product_price_currency":"EUR","og_availability":"out of stock","product_availability":"out of stock","product_retailer_item_id":"TS1958014CSAILU-180","product_condition":"new"},"_links":{"self":[{"href":"https:\/\/mmkriepas.lv\/en\/wp-json\/wp\/v2\/product\/279770","targetHints":{"allow":["GET"]}}],"collection":[{"href":"https:\/\/mmkriepas.lv\/en\/wp-json\/wp\/v2\/product"}],"about":[{"href":"https:\/\/mmkriepas.lv\/en\/wp-json\/wp\/v2\/types\/product"}],"wp:featuredmedia":[{"embeddable":true,"href":"https:\/\/mmkriepas.lv\/en\/wp-json\/wp\/v2\/media\/667684"}],"wp:attachment":[{"href":"https:\/\/mmkriepas.lv\/en\/wp-json\/wp\/v2\/media?parent=279770"}],"wp:term":[{"taxonomy":"product_brand","embeddable":true,"href":"https:\/\/mmkriepas.lv\/en\/wp-json\/wp\/v2\/product_brand?post=279770"},{"taxonomy":"product_cat","embeddable":true,"href":"https:\/\/mmkriepas.lv\/en\/wp-json\/wp\/v2\/product_cat?post=279770"},{"taxonomy":"product_tag","embeddable":true,"href":"https:\/\/mmkriepas.lv\/en\/wp-json\/wp\/v2\/product_tag?post=279770"}],"curies":[{"name":"wp","href":"https:\/\/api.w.org\/{rel}","templated":true}]}}