{"id":279754,"date":"2022-08-15T23:54:52","date_gmt":"2022-08-15T20:54:52","guid":{"rendered":"https:\/\/mmkserviss.lv\/?post_type=product&#038;p=279754"},"modified":"2025-03-07T16:43:54","modified_gmt":"2025-03-07T14:43:54","slug":"195-65r15-sportrak-sp716-91h-dot18","status":"publish","type":"product","link":"https:\/\/mmkriepas.lv\/en\/p\/195-65r15-sportrak-sp716-91h-dot18\/","title":{"rendered":"195\/65R15 Sportrak SP716 91H DOT18"},"content":{"rendered":"<p><strong><span style=\"font-family: 'Arial',sans-serif;\">Sportrak SP716<\/span><\/strong><span style=\"font-family: 'Arial',sans-serif;\"> ir vasaras riepas kuras piem\u0113rotas pla\u0161am vieglo automa\u0161\u012bnu kl\u0101stam, ieskaitot ar\u012b viskompakt\u0101k\u0101s. Riepas rakstur\u012bpa\u0161\u012bbas tiku\u0161as izv\u0113l\u0113tas, \u0146emot v\u0113r\u0101 darb\u012bbas \u012bpatn\u012bbas pils\u0113tas apst\u0101k\u013cos, kur \u0161is modelis demonstr\u0113 izcilu stabilit\u0101ti, nodilumiztur\u012bbu un paaugstin\u0101tu brauk\u0161anas komfortu.<o:p><\/o:p><\/span><\/p>\n<h3><span style=\"font-family: 'Arial',sans-serif;\">SP716 galven\u0101s iez\u012bmes:<o:p><\/o:p><\/span><\/h3>\n<p><span style=\"font-family: 'Arial',sans-serif;\">+ Bloku izvietojums, kas p\u0101rvietoti attiec\u012bb\u0101 pret otru, samazina troksni.<o:p><\/o:p><\/span><\/p>\n<p><span style=\"font-family: 'Arial',sans-serif;\">+ Plecu zon\u0101s palielina stabilit\u0101ti pagriezienos.<o:p><\/o:p><\/span><\/p>\n<p style=\"margin: 12.0pt 0cm 12.0pt 0cm;\"><span style=\"font-size: 11.0pt; font-family: 'Arial',sans-serif; color: black;\">+ Klusa un komfortabla gaita.<\/span><o:p><\/o:p><\/p>\n<h3><span style=\"font-family: 'Arial',sans-serif;\">SP716 apr\u012bkojums:<o:p><\/o:p><\/span><\/h3>\n<p><span style=\"font-family: 'Arial',sans-serif;\">\u010cetras garenisk\u0101s rievas palielina efektivit\u0101ti uz slapj\u0101m virsm\u0101m, samazinot akvaplan\u0113\u0161anas risku. Elementu izvietojums ar nob\u012bdi attiec\u012bb\u0101 pret otru samazina troksni, un \u201cmini bloki\u201d plecu zon\u0101s palielina stabilit\u0101ti pagriezienos. <o:p><\/o:p><\/span><\/p>\n<p><strong><span style=\"font-family: 'Arial',sans-serif; color: red;\">Uzman\u012bbu:<\/span><\/strong><span style=\"font-family: 'Arial',sans-serif; color: red;\"> Uz vasaras riepu s\u0101nu bortiem var b\u016bt apz\u012bm\u0113jums M+S. \u0160is apz\u012bm\u0113jums nenoz\u012bm\u0113, ka t\u0101s ir M+S riepas un nav paredz\u0113ts ekspluat\u0113t Latvijas ziemas apst\u0101k\u013cos! S\u012bk\u0101k par \u0161o un citiem apz\u012bm\u0113jumu dro\u0161i jaut\u0101jiet MMK Riepu Serviss speci\u0101listiem.<o:p><\/o:p><\/span><\/p>\n","protected":false},"excerpt":{"rendered":"<p><strong><span style=\"font-family: 'Arial',sans-serif;\">Sportrak SP716<\/span><\/strong><span style=\"font-family: 'Arial',sans-serif;\"> ir vasaras riepas kuras piem\u0113rotas pla\u0161am vieglo automa\u0161\u012bnu kl\u0101stam, ieskaitot ar\u012b viskompakt\u0101k\u0101s. Riepas rakstur\u012bpa\u0161\u012bbas tiku\u0161as izv\u0113l\u0113tas, \u0146emot v\u0113r\u0101 darb\u012bbas \u012bpatn\u012bbas pils\u0113tas apst\u0101k\u013cos, kur \u0161is modelis demonstr\u0113 izcilu stabilit\u0101ti, nodilumiztur\u012bbu un paaugstin\u0101tu brauk\u0161anas komfortu.<o:p><\/o:p><\/span><\/p>\n","protected":false},"featured_media":665681,"template":"","meta":{"_acf_changed":false,"ngg_post_thumbnail":0},"product_brand":[],"product_cat":[46],"product_tag":[],"class_list":{"0":"post-279754","1":"product","2":"type-product","3":"status-publish","4":"has-post-thumbnail","6":"product_cat-vasaras-riepas","8":"first","9":"outofstock","10":"taxable","11":"shipping-taxable","12":"product-type-simple"},"acf":[],"yoast_head":"<!-- This site is optimized with the Yoast SEO Premium plugin v22.6 (Yoast SEO v27.3) - https:\/\/yoast.com\/product\/yoast-seo-premium-wordpress\/ -->\n<title>195\/65R15 Sportrak SP716 91H DOT18 &#8226; MMK Riepas<\/title>\n<meta name=\"robots\" content=\"index, follow, max-snippet:-1, max-image-preview:large, max-video-preview:-1\" \/>\n<link rel=\"canonical\" href=\"https:\/\/mmkriepas.lv\/en\/p\/195-65r15-sportrak-sp716-91h-dot18\/\" \/>\n<meta property=\"og:locale\" content=\"en_US\" \/>\n<meta property=\"og:type\" content=\"article\" \/>\n<meta property=\"og:title\" content=\"195\/65R15 Sportrak SP716 91H DOT18\" \/>\n<meta property=\"og:description\" content=\"Sportrak SP716 ir vasaras riepas kuras piem\u0113rotas pla\u0161am vieglo automa\u0161\u012bnu kl\u0101stam, ieskaitot ar\u012b viskompakt\u0101k\u0101s. Riepas rakstur\u012bpa\u0161\u012bbas tiku\u0161as izv\u0113l\u0113tas, \u0146emot v\u0113r\u0101 darb\u012bbas \u012bpatn\u012bbas pils\u0113tas apst\u0101k\u013cos, kur \u0161is modelis demonstr\u0113 izcilu stabilit\u0101ti, nodilumiztur\u012bbu un paaugstin\u0101tu brauk\u0161anas komfortu.\" \/>\n<meta property=\"og:url\" content=\"https:\/\/mmkriepas.lv\/en\/p\/195-65r15-sportrak-sp716-91h-dot18\/\" \/>\n<meta property=\"og:site_name\" content=\"MMK Riepas\" \/>\n<meta property=\"article:publisher\" content=\"https:\/\/www.facebook.com\/mmkserviss\/\" \/>\n<meta property=\"article:modified_time\" content=\"2025-03-07T14:43:54+00:00\" \/>\n<meta property=\"og:image\" content=\"https:\/\/mmkriepas.lv\/wp-content\/uploads\/2023\/03\/19565r15-sportrak-sp716-91h-dot18-vasaras-riepas.jpeg\" \/>\n\t<meta property=\"og:image:width\" content=\"1920\" \/>\n\t<meta property=\"og:image:height\" content=\"1440\" \/>\n\t<meta property=\"og:image:type\" content=\"image\/jpeg\" \/>\n<meta name=\"twitter:card\" content=\"summary_large_image\" \/>\n<meta name=\"twitter:label1\" content=\"Price\" \/>\n\t<meta name=\"twitter:data1\" content=\"&euro;7.00\" \/>\n\t<meta name=\"twitter:label2\" content=\"Availability\" \/>\n\t<meta name=\"twitter:data2\" content=\"Out of stock\" \/>\n<script type=\"application\/ld+json\" class=\"yoast-schema-graph\">{\"@context\":\"https:\\\/\\\/schema.org\",\"@graph\":[{\"@type\":\"WebPage\",\"@id\":\"https:\\\/\\\/mmkriepas.lv\\\/en\\\/p\\\/195-65r15-sportrak-sp716-91h-dot18\\\/\",\"url\":\"https:\\\/\\\/mmkriepas.lv\\\/en\\\/p\\\/195-65r15-sportrak-sp716-91h-dot18\\\/\",\"name\":\"195\\\/65R15 Sportrak SP716 91H DOT18 &#8226; MMK Riepas\",\"isPartOf\":{\"@id\":\"https:\\\/\\\/mmkriepas.lv\\\/en\\\/#website\"},\"primaryImageOfPage\":{\"@id\":\"https:\\\/\\\/mmkriepas.lv\\\/en\\\/p\\\/195-65r15-sportrak-sp716-91h-dot18\\\/#primaryimage\"},\"image\":{\"@id\":\"https:\\\/\\\/mmkriepas.lv\\\/en\\\/p\\\/195-65r15-sportrak-sp716-91h-dot18\\\/#primaryimage\"},\"thumbnailUrl\":\"https:\\\/\\\/mmkriepas.lv\\\/wp-content\\\/uploads\\\/2023\\\/03\\\/19565r15-sportrak-sp716-91h-dot18-vasaras-riepas.jpeg\",\"datePublished\":\"2022-08-15T20:54:52+00:00\",\"dateModified\":\"2025-03-07T14:43:54+00:00\",\"breadcrumb\":{\"@id\":\"https:\\\/\\\/mmkriepas.lv\\\/en\\\/p\\\/195-65r15-sportrak-sp716-91h-dot18\\\/#breadcrumb\"},\"inLanguage\":\"en-US\",\"potentialAction\":[{\"@type\":\"ReadAction\",\"target\":[\"https:\\\/\\\/mmkriepas.lv\\\/en\\\/p\\\/195-65r15-sportrak-sp716-91h-dot18\\\/\"]}]},{\"@type\":\"ImageObject\",\"inLanguage\":\"en-US\",\"@id\":\"https:\\\/\\\/mmkriepas.lv\\\/en\\\/p\\\/195-65r15-sportrak-sp716-91h-dot18\\\/#primaryimage\",\"url\":\"https:\\\/\\\/mmkriepas.lv\\\/wp-content\\\/uploads\\\/2023\\\/03\\\/19565r15-sportrak-sp716-91h-dot18-vasaras-riepas.jpeg\",\"contentUrl\":\"https:\\\/\\\/mmkriepas.lv\\\/wp-content\\\/uploads\\\/2023\\\/03\\\/19565r15-sportrak-sp716-91h-dot18-vasaras-riepas.jpeg\",\"width\":1920,\"height\":1440,\"caption\":\"195\\\/65R15 Sportrak SP716 91H DOT18 - Vasaras riepas\"},{\"@type\":\"BreadcrumbList\",\"@id\":\"https:\\\/\\\/mmkriepas.lv\\\/en\\\/p\\\/195-65r15-sportrak-sp716-91h-dot18\\\/#breadcrumb\",\"itemListElement\":[{\"@type\":\"ListItem\",\"position\":1,\"name\":\"S\u0101kums\",\"item\":\"https:\\\/\\\/mmkriepas.lv\\\/en\\\/\"},{\"@type\":\"ListItem\",\"position\":2,\"name\":\"195\\\/65R15 Sportrak SP716 91H DOT18\"}]},{\"@type\":\"WebSite\",\"@id\":\"https:\\\/\\\/mmkriepas.lv\\\/en\\\/#website\",\"url\":\"https:\\\/\\\/mmkriepas.lv\\\/en\\\/\",\"name\":\"MMK Riepas\",\"description\":\"MMK Riepas\",\"alternateName\":\"MMK Riepu Serviss\",\"potentialAction\":[{\"@type\":\"SearchAction\",\"target\":{\"@type\":\"EntryPoint\",\"urlTemplate\":\"https:\\\/\\\/mmkriepas.lv\\\/en\\\/?s={search_term_string}\"},\"query-input\":{\"@type\":\"PropertyValueSpecification\",\"valueRequired\":true,\"valueName\":\"search_term_string\"}}],\"inLanguage\":\"en-US\"},{\"@type\":\"ImageObject\",\"inLanguage\":\"en-US\",\"@id\":\"https:\\\/\\\/mmkriepas.lv\\\/en\\\/p\\\/195-65r15-sportrak-sp716-91h-dot18\\\/#local-main-organization-logo\",\"url\":\"\",\"contentUrl\":\"\",\"caption\":\"MMK Riepas\"}]}<\/script>\n<meta property=\"product:brand\" content=\"Sportrak SP716\" \/>\n<meta property=\"product:price:amount\" content=\"7.00\" \/>\n<meta property=\"product:price:currency\" content=\"EUR\" \/>\n<meta property=\"og:availability\" content=\"out of stock\" \/>\n<meta property=\"product:availability\" content=\"out of stock\" \/>\n<meta property=\"product:retailer_item_id\" content=\"TS1956515SPORT-146\" \/>\n<meta property=\"product:condition\" content=\"new\" \/>\n<!-- \/ Yoast SEO Premium plugin. -->","yoast_head_json":{"title":"195\/65R15 Sportrak SP716 91H DOT18 &#8226; MMK Riepas","robots":{"index":"index","follow":"follow","max-snippet":"max-snippet:-1","max-image-preview":"max-image-preview:large","max-video-preview":"max-video-preview:-1"},"canonical":"https:\/\/mmkriepas.lv\/en\/p\/195-65r15-sportrak-sp716-91h-dot18\/","og_locale":"en_US","og_type":"article","og_title":"195\/65R15 Sportrak SP716 91H DOT18","og_description":"Sportrak SP716 ir vasaras riepas kuras piem\u0113rotas pla\u0161am vieglo automa\u0161\u012bnu kl\u0101stam, ieskaitot ar\u012b viskompakt\u0101k\u0101s. Riepas rakstur\u012bpa\u0161\u012bbas tiku\u0161as izv\u0113l\u0113tas, \u0146emot v\u0113r\u0101 darb\u012bbas \u012bpatn\u012bbas pils\u0113tas apst\u0101k\u013cos, kur \u0161is modelis demonstr\u0113 izcilu stabilit\u0101ti, nodilumiztur\u012bbu un paaugstin\u0101tu brauk\u0161anas komfortu.","og_url":"https:\/\/mmkriepas.lv\/en\/p\/195-65r15-sportrak-sp716-91h-dot18\/","og_site_name":"MMK Riepas","article_publisher":"https:\/\/www.facebook.com\/mmkserviss\/","article_modified_time":"2025-03-07T14:43:54+00:00","og_image":[{"width":1920,"height":1440,"url":"https:\/\/mmkriepas.lv\/wp-content\/uploads\/2023\/03\/19565r15-sportrak-sp716-91h-dot18-vasaras-riepas.jpeg","type":"image\/jpeg"}],"twitter_card":"summary_large_image","twitter_misc":{"Price":"&euro;7.00","Availability":"Out of stock"},"schema":{"@context":"https:\/\/schema.org","@graph":[{"@type":"WebPage","@id":"https:\/\/mmkriepas.lv\/en\/p\/195-65r15-sportrak-sp716-91h-dot18\/","url":"https:\/\/mmkriepas.lv\/en\/p\/195-65r15-sportrak-sp716-91h-dot18\/","name":"195\/65R15 Sportrak SP716 91H DOT18 &#8226; MMK Riepas","isPartOf":{"@id":"https:\/\/mmkriepas.lv\/en\/#website"},"primaryImageOfPage":{"@id":"https:\/\/mmkriepas.lv\/en\/p\/195-65r15-sportrak-sp716-91h-dot18\/#primaryimage"},"image":{"@id":"https:\/\/mmkriepas.lv\/en\/p\/195-65r15-sportrak-sp716-91h-dot18\/#primaryimage"},"thumbnailUrl":"https:\/\/mmkriepas.lv\/wp-content\/uploads\/2023\/03\/19565r15-sportrak-sp716-91h-dot18-vasaras-riepas.jpeg","datePublished":"2022-08-15T20:54:52+00:00","dateModified":"2025-03-07T14:43:54+00:00","breadcrumb":{"@id":"https:\/\/mmkriepas.lv\/en\/p\/195-65r15-sportrak-sp716-91h-dot18\/#breadcrumb"},"inLanguage":"en-US","potentialAction":[{"@type":"ReadAction","target":["https:\/\/mmkriepas.lv\/en\/p\/195-65r15-sportrak-sp716-91h-dot18\/"]}]},{"@type":"ImageObject","inLanguage":"en-US","@id":"https:\/\/mmkriepas.lv\/en\/p\/195-65r15-sportrak-sp716-91h-dot18\/#primaryimage","url":"https:\/\/mmkriepas.lv\/wp-content\/uploads\/2023\/03\/19565r15-sportrak-sp716-91h-dot18-vasaras-riepas.jpeg","contentUrl":"https:\/\/mmkriepas.lv\/wp-content\/uploads\/2023\/03\/19565r15-sportrak-sp716-91h-dot18-vasaras-riepas.jpeg","width":1920,"height":1440,"caption":"195\/65R15 Sportrak SP716 91H DOT18 - Vasaras riepas"},{"@type":"BreadcrumbList","@id":"https:\/\/mmkriepas.lv\/en\/p\/195-65r15-sportrak-sp716-91h-dot18\/#breadcrumb","itemListElement":[{"@type":"ListItem","position":1,"name":"S\u0101kums","item":"https:\/\/mmkriepas.lv\/en\/"},{"@type":"ListItem","position":2,"name":"195\/65R15 Sportrak SP716 91H DOT18"}]},{"@type":"WebSite","@id":"https:\/\/mmkriepas.lv\/en\/#website","url":"https:\/\/mmkriepas.lv\/en\/","name":"MMK Riepas","description":"MMK Riepas","alternateName":"MMK Riepu Serviss","potentialAction":[{"@type":"SearchAction","target":{"@type":"EntryPoint","urlTemplate":"https:\/\/mmkriepas.lv\/en\/?s={search_term_string}"},"query-input":{"@type":"PropertyValueSpecification","valueRequired":true,"valueName":"search_term_string"}}],"inLanguage":"en-US"},{"@type":"ImageObject","inLanguage":"en-US","@id":"https:\/\/mmkriepas.lv\/en\/p\/195-65r15-sportrak-sp716-91h-dot18\/#local-main-organization-logo","url":"","contentUrl":"","caption":"MMK Riepas"}]},"product_brand":"Sportrak SP716","product_price_amount":"7.00","product_price_currency":"EUR","og_availability":"out of stock","product_availability":"out of stock","product_retailer_item_id":"TS1956515SPORT-146","product_condition":"new"},"_links":{"self":[{"href":"https:\/\/mmkriepas.lv\/en\/wp-json\/wp\/v2\/product\/279754","targetHints":{"allow":["GET"]}}],"collection":[{"href":"https:\/\/mmkriepas.lv\/en\/wp-json\/wp\/v2\/product"}],"about":[{"href":"https:\/\/mmkriepas.lv\/en\/wp-json\/wp\/v2\/types\/product"}],"wp:featuredmedia":[{"embeddable":true,"href":"https:\/\/mmkriepas.lv\/en\/wp-json\/wp\/v2\/media\/665681"}],"wp:attachment":[{"href":"https:\/\/mmkriepas.lv\/en\/wp-json\/wp\/v2\/media?parent=279754"}],"wp:term":[{"taxonomy":"product_brand","embeddable":true,"href":"https:\/\/mmkriepas.lv\/en\/wp-json\/wp\/v2\/product_brand?post=279754"},{"taxonomy":"product_cat","embeddable":true,"href":"https:\/\/mmkriepas.lv\/en\/wp-json\/wp\/v2\/product_cat?post=279754"},{"taxonomy":"product_tag","embeddable":true,"href":"https:\/\/mmkriepas.lv\/en\/wp-json\/wp\/v2\/product_tag?post=279754"}],"curies":[{"name":"wp","href":"https:\/\/api.w.org\/{rel}","templated":true}]}}