{"id":279742,"date":"2022-08-15T23:54:30","date_gmt":"2022-08-15T20:54:30","guid":{"rendered":"https:\/\/mmkserviss.lv\/?post_type=product&#038;p=279742"},"modified":"2025-03-07T16:43:16","modified_gmt":"2025-03-07T14:43:16","slug":"195-60r15-premiorri-solazo-88v","status":"publish","type":"product","link":"https:\/\/mmkriepas.lv\/en\/p\/195-60r15-premiorri-solazo-88v\/","title":{"rendered":"195\/60R15 Premiorri Solazo 88V"},"content":{"rendered":"<p><strong>Premiorri Solazo <\/strong>ir labs bud\u017eeta klases vasaras riepu modelis. Tas izce\u013cas ar lab\u0101m sa\u0137eres \u012bpa\u0161\u012bb\u0101m, zemu akvaplan\u0113\u0161anas risku un augstu nodilumiztur\u012bbu. \u0160is riepu modelis paredz\u0113ts kompaktklases automa\u0161\u012bn\u0101m un pieejams izm\u0113ros no R14 l\u012bdz R16.<\/p>\n<p><strong>Premiorri Solazo galven\u0101s iez\u012bmes<\/strong><\/p>\n<p>+ Laba sa\u0137ere gan uz sausa un slapja asfalta, gan uz grants ce\u013ciem.<\/p>\n<p>+ Zems akvaplan\u0113\u0161anas risks.<\/p>\n<p>+ Degvielas ekonomija!<\/p>\n<p>+ Palielin\u0101ta nodilumiztur\u012bba.<\/p>\n<p><strong>+ Kvalit\u0101te atbilst cenai!<\/strong><\/p>\n<p><strong>Solazo apr\u012bkojums<\/strong><\/p>\n<p><strong>Premiorri Solazo <\/strong>vasaras riepas apr\u012bkotas ar sportisku virzienveida protektoru. \u0160\u0101ds dizains izv\u0113l\u0113ts, lai uzlabotu riepu veiktsp\u0113ju uz grants ce\u013ciem, k\u0101 ar\u012b lai samazin\u0101tu akvaplan\u0113\u0161anas risku pat liel\u0101 brauk\u0161anas \u0101trum\u0101.<\/p>\n<p>Riepas darin\u0101tas no augstv\u0113rt\u012bga kompoz\u012btmateri\u0101la. Tam pievienota SHO (Silica Heat Optimal) tehnolo\u0123ija. Tas at\u013c\u0101vis uzlabot sa\u0137eres \u012bpa\u0161\u012bbas, samazin\u0101t degvielas pat\u0113ri\u0146u un pat palielin\u0101t nodilumiztur\u012bbu.\u00a0<\/p>\n","protected":false},"excerpt":{"rendered":"<p><strong>Premiorri Solazo <\/strong>ir labs bud\u017eeta klases vasaras riepu modelis. Tas izce\u013cas ar lab\u0101m sa\u0137eres \u012bpa\u0161\u012bb\u0101m, zemu akvaplan\u0113\u0161anas risku un augstu nodilumiztur\u012bbu. \u0160is riepu modelis paredz\u0113ts kompaktklases automa\u0161\u012bn\u0101m un pieejams izm\u0113ros no R14 l\u012bdz R16.<\/p>\n","protected":false},"featured_media":643749,"template":"","meta":{"_acf_changed":false,"ngg_post_thumbnail":0},"product_brand":[],"product_cat":[46],"product_tag":[22820],"class_list":{"0":"post-279742","1":"product","2":"type-product","3":"status-publish","4":"has-post-thumbnail","6":"product_cat-vasaras-riepas","7":"product_tag-64636efdd2e27","9":"first","10":"outofstock","11":"sale","12":"taxable","13":"shipping-taxable","14":"product-type-simple"},"acf":[],"yoast_head":"<!-- This site is optimized with the Yoast SEO Premium plugin v22.6 (Yoast SEO v27.3) - https:\/\/yoast.com\/product\/yoast-seo-premium-wordpress\/ -->\n<title>195\/60R15 Premiorri Solazo 88V &#8226; MMK Riepas<\/title>\n<meta name=\"robots\" content=\"index, follow, max-snippet:-1, max-image-preview:large, max-video-preview:-1\" \/>\n<link rel=\"canonical\" href=\"https:\/\/mmkriepas.lv\/en\/p\/195-60r15-premiorri-solazo-88v\/\" \/>\n<meta property=\"og:locale\" content=\"en_US\" \/>\n<meta property=\"og:type\" content=\"article\" \/>\n<meta property=\"og:title\" content=\"195\/60R15 Premiorri Solazo 88V\" \/>\n<meta property=\"og:description\" content=\"Premiorri Solazo ir labs bud\u017eeta klases vasaras riepu modelis. Tas izce\u013cas ar lab\u0101m sa\u0137eres \u012bpa\u0161\u012bb\u0101m, zemu akvaplan\u0113\u0161anas risku un augstu nodilumiztur\u012bbu. \u0160is riepu modelis paredz\u0113ts kompaktklases automa\u0161\u012bn\u0101m un pieejams izm\u0113ros no R14 l\u012bdz R16.\" \/>\n<meta property=\"og:url\" content=\"https:\/\/mmkriepas.lv\/en\/p\/195-60r15-premiorri-solazo-88v\/\" \/>\n<meta property=\"og:site_name\" content=\"MMK Riepas\" \/>\n<meta property=\"article:publisher\" content=\"https:\/\/www.facebook.com\/mmkserviss\/\" \/>\n<meta property=\"article:modified_time\" content=\"2025-03-07T14:43:16+00:00\" \/>\n<meta property=\"og:image\" content=\"https:\/\/mmkriepas.lv\/wp-content\/uploads\/2023\/02\/19555r15-premiorri-solazo-85v-vasaras-riepas.jpeg\" \/>\n\t<meta property=\"og:image:width\" content=\"1600\" \/>\n\t<meta property=\"og:image:height\" content=\"1200\" \/>\n\t<meta property=\"og:image:type\" content=\"image\/jpeg\" \/>\n<meta name=\"twitter:card\" content=\"summary_large_image\" \/>\n<meta name=\"twitter:label1\" content=\"Price\" \/>\n\t<meta name=\"twitter:data1\" content=\"&euro;35.00\" \/>\n\t<meta name=\"twitter:label2\" content=\"Availability\" \/>\n\t<meta name=\"twitter:data2\" content=\"Out of stock\" \/>\n<script type=\"application\/ld+json\" class=\"yoast-schema-graph\">{\"@context\":\"https:\\\/\\\/schema.org\",\"@graph\":[{\"@type\":\"WebPage\",\"@id\":\"https:\\\/\\\/mmkriepas.lv\\\/en\\\/p\\\/195-60r15-premiorri-solazo-88v\\\/\",\"url\":\"https:\\\/\\\/mmkriepas.lv\\\/en\\\/p\\\/195-60r15-premiorri-solazo-88v\\\/\",\"name\":\"195\\\/60R15 Premiorri Solazo 88V &#8226; MMK Riepas\",\"isPartOf\":{\"@id\":\"https:\\\/\\\/mmkriepas.lv\\\/en\\\/#website\"},\"primaryImageOfPage\":{\"@id\":\"https:\\\/\\\/mmkriepas.lv\\\/en\\\/p\\\/195-60r15-premiorri-solazo-88v\\\/#primaryimage\"},\"image\":{\"@id\":\"https:\\\/\\\/mmkriepas.lv\\\/en\\\/p\\\/195-60r15-premiorri-solazo-88v\\\/#primaryimage\"},\"thumbnailUrl\":\"https:\\\/\\\/mmkriepas.lv\\\/wp-content\\\/uploads\\\/2023\\\/02\\\/19555r15-premiorri-solazo-85v-vasaras-riepas.jpeg\",\"datePublished\":\"2022-08-15T20:54:30+00:00\",\"dateModified\":\"2025-03-07T14:43:16+00:00\",\"breadcrumb\":{\"@id\":\"https:\\\/\\\/mmkriepas.lv\\\/en\\\/p\\\/195-60r15-premiorri-solazo-88v\\\/#breadcrumb\"},\"inLanguage\":\"en-US\",\"potentialAction\":[{\"@type\":\"ReadAction\",\"target\":[\"https:\\\/\\\/mmkriepas.lv\\\/en\\\/p\\\/195-60r15-premiorri-solazo-88v\\\/\"]}]},{\"@type\":\"ImageObject\",\"inLanguage\":\"en-US\",\"@id\":\"https:\\\/\\\/mmkriepas.lv\\\/en\\\/p\\\/195-60r15-premiorri-solazo-88v\\\/#primaryimage\",\"url\":\"https:\\\/\\\/mmkriepas.lv\\\/wp-content\\\/uploads\\\/2023\\\/02\\\/19555r15-premiorri-solazo-85v-vasaras-riepas.jpeg\",\"contentUrl\":\"https:\\\/\\\/mmkriepas.lv\\\/wp-content\\\/uploads\\\/2023\\\/02\\\/19555r15-premiorri-solazo-85v-vasaras-riepas.jpeg\",\"width\":1600,\"height\":1200,\"caption\":\"195\\\/55R15 Premiorri Solazo 85V - Vasaras riepas\"},{\"@type\":\"BreadcrumbList\",\"@id\":\"https:\\\/\\\/mmkriepas.lv\\\/en\\\/p\\\/195-60r15-premiorri-solazo-88v\\\/#breadcrumb\",\"itemListElement\":[{\"@type\":\"ListItem\",\"position\":1,\"name\":\"S\u0101kums\",\"item\":\"https:\\\/\\\/mmkriepas.lv\\\/en\\\/\"},{\"@type\":\"ListItem\",\"position\":2,\"name\":\"195\\\/60R15 Premiorri Solazo 88V\"}]},{\"@type\":\"WebSite\",\"@id\":\"https:\\\/\\\/mmkriepas.lv\\\/en\\\/#website\",\"url\":\"https:\\\/\\\/mmkriepas.lv\\\/en\\\/\",\"name\":\"MMK Riepas\",\"description\":\"MMK Riepas\",\"alternateName\":\"MMK Riepu Serviss\",\"potentialAction\":[{\"@type\":\"SearchAction\",\"target\":{\"@type\":\"EntryPoint\",\"urlTemplate\":\"https:\\\/\\\/mmkriepas.lv\\\/en\\\/?s={search_term_string}\"},\"query-input\":{\"@type\":\"PropertyValueSpecification\",\"valueRequired\":true,\"valueName\":\"search_term_string\"}}],\"inLanguage\":\"en-US\"},{\"@type\":\"ImageObject\",\"inLanguage\":\"en-US\",\"@id\":\"https:\\\/\\\/mmkriepas.lv\\\/en\\\/p\\\/195-60r15-premiorri-solazo-88v\\\/#local-main-organization-logo\",\"url\":\"\",\"contentUrl\":\"\",\"caption\":\"MMK Riepas\"}]}<\/script>\n<meta property=\"product:brand\" content=\"Premiorri Solazo\" \/>\n<meta property=\"product:price:amount\" content=\"35.00\" \/>\n<meta property=\"product:price:currency\" content=\"EUR\" \/>\n<meta property=\"og:availability\" content=\"out of stock\" \/>\n<meta property=\"product:availability\" content=\"out of stock\" \/>\n<meta property=\"product:retailer_item_id\" content=\"TS1956015PREMI-120\" \/>\n<meta property=\"product:condition\" content=\"new\" \/>\n<!-- \/ Yoast SEO Premium plugin. -->","yoast_head_json":{"title":"195\/60R15 Premiorri Solazo 88V &#8226; MMK Riepas","robots":{"index":"index","follow":"follow","max-snippet":"max-snippet:-1","max-image-preview":"max-image-preview:large","max-video-preview":"max-video-preview:-1"},"canonical":"https:\/\/mmkriepas.lv\/en\/p\/195-60r15-premiorri-solazo-88v\/","og_locale":"en_US","og_type":"article","og_title":"195\/60R15 Premiorri Solazo 88V","og_description":"Premiorri Solazo ir labs bud\u017eeta klases vasaras riepu modelis. Tas izce\u013cas ar lab\u0101m sa\u0137eres \u012bpa\u0161\u012bb\u0101m, zemu akvaplan\u0113\u0161anas risku un augstu nodilumiztur\u012bbu. \u0160is riepu modelis paredz\u0113ts kompaktklases automa\u0161\u012bn\u0101m un pieejams izm\u0113ros no R14 l\u012bdz R16.","og_url":"https:\/\/mmkriepas.lv\/en\/p\/195-60r15-premiorri-solazo-88v\/","og_site_name":"MMK Riepas","article_publisher":"https:\/\/www.facebook.com\/mmkserviss\/","article_modified_time":"2025-03-07T14:43:16+00:00","og_image":[{"width":1600,"height":1200,"url":"https:\/\/mmkriepas.lv\/wp-content\/uploads\/2023\/02\/19555r15-premiorri-solazo-85v-vasaras-riepas.jpeg","type":"image\/jpeg"}],"twitter_card":"summary_large_image","twitter_misc":{"Price":"&euro;35.00","Availability":"Out of stock"},"schema":{"@context":"https:\/\/schema.org","@graph":[{"@type":"WebPage","@id":"https:\/\/mmkriepas.lv\/en\/p\/195-60r15-premiorri-solazo-88v\/","url":"https:\/\/mmkriepas.lv\/en\/p\/195-60r15-premiorri-solazo-88v\/","name":"195\/60R15 Premiorri Solazo 88V &#8226; MMK Riepas","isPartOf":{"@id":"https:\/\/mmkriepas.lv\/en\/#website"},"primaryImageOfPage":{"@id":"https:\/\/mmkriepas.lv\/en\/p\/195-60r15-premiorri-solazo-88v\/#primaryimage"},"image":{"@id":"https:\/\/mmkriepas.lv\/en\/p\/195-60r15-premiorri-solazo-88v\/#primaryimage"},"thumbnailUrl":"https:\/\/mmkriepas.lv\/wp-content\/uploads\/2023\/02\/19555r15-premiorri-solazo-85v-vasaras-riepas.jpeg","datePublished":"2022-08-15T20:54:30+00:00","dateModified":"2025-03-07T14:43:16+00:00","breadcrumb":{"@id":"https:\/\/mmkriepas.lv\/en\/p\/195-60r15-premiorri-solazo-88v\/#breadcrumb"},"inLanguage":"en-US","potentialAction":[{"@type":"ReadAction","target":["https:\/\/mmkriepas.lv\/en\/p\/195-60r15-premiorri-solazo-88v\/"]}]},{"@type":"ImageObject","inLanguage":"en-US","@id":"https:\/\/mmkriepas.lv\/en\/p\/195-60r15-premiorri-solazo-88v\/#primaryimage","url":"https:\/\/mmkriepas.lv\/wp-content\/uploads\/2023\/02\/19555r15-premiorri-solazo-85v-vasaras-riepas.jpeg","contentUrl":"https:\/\/mmkriepas.lv\/wp-content\/uploads\/2023\/02\/19555r15-premiorri-solazo-85v-vasaras-riepas.jpeg","width":1600,"height":1200,"caption":"195\/55R15 Premiorri Solazo 85V - Vasaras riepas"},{"@type":"BreadcrumbList","@id":"https:\/\/mmkriepas.lv\/en\/p\/195-60r15-premiorri-solazo-88v\/#breadcrumb","itemListElement":[{"@type":"ListItem","position":1,"name":"S\u0101kums","item":"https:\/\/mmkriepas.lv\/en\/"},{"@type":"ListItem","position":2,"name":"195\/60R15 Premiorri Solazo 88V"}]},{"@type":"WebSite","@id":"https:\/\/mmkriepas.lv\/en\/#website","url":"https:\/\/mmkriepas.lv\/en\/","name":"MMK Riepas","description":"MMK Riepas","alternateName":"MMK Riepu Serviss","potentialAction":[{"@type":"SearchAction","target":{"@type":"EntryPoint","urlTemplate":"https:\/\/mmkriepas.lv\/en\/?s={search_term_string}"},"query-input":{"@type":"PropertyValueSpecification","valueRequired":true,"valueName":"search_term_string"}}],"inLanguage":"en-US"},{"@type":"ImageObject","inLanguage":"en-US","@id":"https:\/\/mmkriepas.lv\/en\/p\/195-60r15-premiorri-solazo-88v\/#local-main-organization-logo","url":"","contentUrl":"","caption":"MMK Riepas"}]},"product_brand":"Premiorri Solazo","product_price_amount":"35.00","product_price_currency":"EUR","og_availability":"out of stock","product_availability":"out of stock","product_retailer_item_id":"TS1956015PREMI-120","product_condition":"new"},"_links":{"self":[{"href":"https:\/\/mmkriepas.lv\/en\/wp-json\/wp\/v2\/product\/279742","targetHints":{"allow":["GET"]}}],"collection":[{"href":"https:\/\/mmkriepas.lv\/en\/wp-json\/wp\/v2\/product"}],"about":[{"href":"https:\/\/mmkriepas.lv\/en\/wp-json\/wp\/v2\/types\/product"}],"wp:featuredmedia":[{"embeddable":true,"href":"https:\/\/mmkriepas.lv\/en\/wp-json\/wp\/v2\/media\/643749"}],"wp:attachment":[{"href":"https:\/\/mmkriepas.lv\/en\/wp-json\/wp\/v2\/media?parent=279742"}],"wp:term":[{"taxonomy":"product_brand","embeddable":true,"href":"https:\/\/mmkriepas.lv\/en\/wp-json\/wp\/v2\/product_brand?post=279742"},{"taxonomy":"product_cat","embeddable":true,"href":"https:\/\/mmkriepas.lv\/en\/wp-json\/wp\/v2\/product_cat?post=279742"},{"taxonomy":"product_tag","embeddable":true,"href":"https:\/\/mmkriepas.lv\/en\/wp-json\/wp\/v2\/product_tag?post=279742"}],"curies":[{"name":"wp","href":"https:\/\/api.w.org\/{rel}","templated":true}]}}