{"id":279254,"date":"2022-08-15T12:16:42","date_gmt":"2022-08-15T09:16:42","guid":{"rendered":"https:\/\/mmkserviss.lv\/?post_type=product&#038;p=279254"},"modified":"2025-03-07T17:06:25","modified_gmt":"2025-03-07T15:06:25","slug":"175-65r14-cordiant-polar-sl-pw404-82q","status":"publish","type":"product","link":"https:\/\/mmkriepas.lv\/en\/p\/175-65r14-cordiant-polar-sl-pw404-82q\/","title":{"rendered":"175\/65R14 Cordiant Polar SL 82Q"},"content":{"rendered":"<p><strong>Cordiant Polar SL<\/strong> ir labs m\u012bkst\u0101 sast\u0101va jeb Skandin\u0101vijas tipa ziemas riepu modelis. Izce\u013cas ar teicamiem veiktsp\u0113jas r\u0101d\u012bt\u0101jiem pat skarb\u0101kajos ziemas brauk\u0161anas apst\u0101k\u013cos. Piem\u0113rots kompaktklases un vid\u0113ja izm\u0113ra vieglaj\u0101m automa\u0161\u012bn\u0101m, izm\u0113ru kl\u0101st\u0101 no R13 l\u012bdz R16.<\/p>\n<p><strong>Cordiant Polar SL galven\u0101s iez\u012bmes<\/strong><\/p>\n<p>+ Smart-Mix riepu gumijas sast\u0101vs nodro\u0161ina labus sa\u0137eres r\u0101d\u012bt\u0101jus snieg\u0101 un uz apledoju\u0161iem ce\u013ca posmiem.<\/p>\n<p>+ Uzlabota dren\u0101\u017eas kan\u0101lu sist\u0113ma samazina akvaplan\u0113\u0161anas risku.<\/p>\n<p>+ Palielin\u0101ta nodilumiztur\u012bba.<\/p>\n<p><strong>+ Kvalit\u0101te atbilst cenai!<\/strong><\/p>\n<p><strong>Polar SL apr\u012bkojums<\/strong><\/p>\n<p><strong>Cordiant Polar SL <\/strong>Skandin\u0101vijas tipa ziemas riepas apr\u012bkotas ar \u012bpa\u0161i dzi\u013cu un agres\u012bvu virzienveida protektoru. \u0160\u0101ds protektors izv\u0113l\u0113ts, \u0146emot v\u0113r\u0101 Zieme\u013ceiropas un Krievijas brauk\u0161anas apst\u0101k\u013cus, kur ziemas ir bargas un ce\u013ci nereti tiek aizputin\u0101ti vai apledo.<\/p>\n<p>Mas\u012bvajos V-veid\u0101 izvietotajos protektora blokos bl\u012bvi iestr\u0101d\u0101tas vi\u013c\u0146veida lameles. T\u0101s, l\u012bdz\u012bgi radz\u0113m, sabliet\u0113t\u0101 snieg\u0101 un led\u016b iec\u0113rtas ar as\u0101m kant\u0113m, ar slidenaj\u0101m virsm\u0101m veidojot cie\u0161u sa\u0137eri. Savuk\u0101rt, as\u0101s s\u0101nu kantes nodro\u0161ina labu manevr\u0113tsp\u0113ju pat uz ziem\u0101 net\u012br\u012btiem grants ce\u013ciem.<\/p>\n<p>\u0160im modelim izveidota augsti att\u012bst\u012bta dren\u0101\u017eas kan\u0101lu sist\u0113ma. Tr\u012bs gareniskie novadkan\u0101li, tand\u0113m\u0101 ar neskait\u0101miem horizont\u0101lajiem kan\u0101liem nodro\u0161ina \u0101tru un efekt\u012bvu sa\u0137eres punkta atbr\u012bvo\u0161anu no \u016bdens, sniega un slapjdra\u0146\u0137a.<\/p>\n<p>Riepu gumijas sast\u0101vam izmantota Smart-Mix tehnolo\u0123ija. Tas papildin\u0101ts ar virkni \u0137\u012bmisko elementu, kas riepai pal\u012bdz saglab\u0101t elast\u012bbu pat \u013coti zem\u0101s gaisa temperat\u016br\u0101s. V\u0113rts min\u0113t, ka elast\u012bga riepa daudz lab\u0101k veido sa\u0137eri ar ce\u013cu, k\u0101 ar\u012b dilst vienm\u0113r\u012bg\u0101k, paildzinot riepas m\u016b\u017eu.<\/p>\n","protected":false},"excerpt":{"rendered":"<p><strong>Cordiant Polar SL<\/strong> ir labs m\u012bkst\u0101 sast\u0101va jeb Skandin\u0101vijas tipa ziemas riepu modelis. Izce\u013cas ar teicamiem veiktsp\u0113jas r\u0101d\u012bt\u0101jiem pat skarb\u0101kajos ziemas brauk\u0161anas apst\u0101k\u013cos. Piem\u0113rots kompaktklases un vid\u0113ja izm\u0113ra vieglaj\u0101m automa\u0161\u012bn\u0101m, izm\u0113ru kl\u0101st\u0101 no R13 l\u012bdz R16.<\/p>\n","protected":false},"featured_media":279285,"template":"","meta":{"_acf_changed":false,"ngg_post_thumbnail":0},"product_brand":[],"product_cat":[47,45],"product_tag":[],"class_list":{"0":"post-279254","1":"product","2":"type-product","3":"status-publish","4":"has-post-thumbnail","6":"product_cat-vissezonas-riepas","7":"product_cat-ziemas-riepas","9":"first","10":"outofstock","11":"sale","12":"taxable","13":"shipping-taxable","14":"product-type-simple"},"acf":[],"yoast_head":"<!-- This site is optimized with the Yoast SEO Premium plugin v22.6 (Yoast SEO v27.3) - https:\/\/yoast.com\/product\/yoast-seo-premium-wordpress\/ -->\n<title>175\/65R14 Cordiant Polar SL 82Q &#8226; MMK Riepas<\/title>\n<meta name=\"robots\" content=\"index, follow, max-snippet:-1, max-image-preview:large, max-video-preview:-1\" \/>\n<link rel=\"canonical\" href=\"https:\/\/mmkriepas.lv\/en\/p\/175-65r14-cordiant-polar-sl-pw404-82q\/\" \/>\n<meta property=\"og:locale\" content=\"en_US\" \/>\n<meta property=\"og:type\" content=\"article\" \/>\n<meta property=\"og:title\" content=\"175\/65R14 Cordiant Polar SL 82Q\" \/>\n<meta property=\"og:description\" content=\"Cordiant Polar SL ir labs m\u012bkst\u0101 sast\u0101va jeb Skandin\u0101vijas tipa ziemas riepu modelis. Izce\u013cas ar teicamiem veiktsp\u0113jas r\u0101d\u012bt\u0101jiem pat skarb\u0101kajos ziemas brauk\u0161anas apst\u0101k\u013cos. Piem\u0113rots kompaktklases un vid\u0113ja izm\u0113ra vieglaj\u0101m automa\u0161\u012bn\u0101m, izm\u0113ru kl\u0101st\u0101 no R13 l\u012bdz R16.\" \/>\n<meta property=\"og:url\" content=\"https:\/\/mmkriepas.lv\/en\/p\/175-65r14-cordiant-polar-sl-pw404-82q\/\" \/>\n<meta property=\"og:site_name\" content=\"MMK Riepas\" \/>\n<meta property=\"article:publisher\" content=\"https:\/\/www.facebook.com\/mmkserviss\/\" \/>\n<meta property=\"article:modified_time\" content=\"2025-03-07T15:06:25+00:00\" \/>\n<meta property=\"og:image\" content=\"https:\/\/mmkriepas.lv\/wp-content\/uploads\/2022\/08\/17565r14-cordiant-polar-sl-pw404-82q-ziemas-riepas.jpg\" \/>\n\t<meta property=\"og:image:width\" content=\"1920\" \/>\n\t<meta property=\"og:image:height\" content=\"1277\" \/>\n\t<meta property=\"og:image:type\" content=\"image\/jpeg\" \/>\n<meta name=\"twitter:card\" content=\"summary_large_image\" \/>\n<meta name=\"twitter:label1\" content=\"Price\" \/>\n\t<meta name=\"twitter:data1\" content=\"&euro;49.00\" \/>\n\t<meta name=\"twitter:label2\" content=\"Availability\" \/>\n\t<meta name=\"twitter:data2\" content=\"Out of stock\" \/>\n<script type=\"application\/ld+json\" class=\"yoast-schema-graph\">{\"@context\":\"https:\\\/\\\/schema.org\",\"@graph\":[{\"@type\":\"WebPage\",\"@id\":\"https:\\\/\\\/mmkriepas.lv\\\/en\\\/p\\\/175-65r14-cordiant-polar-sl-pw404-82q\\\/\",\"url\":\"https:\\\/\\\/mmkriepas.lv\\\/en\\\/p\\\/175-65r14-cordiant-polar-sl-pw404-82q\\\/\",\"name\":\"175\\\/65R14 Cordiant Polar SL 82Q &#8226; MMK Riepas\",\"isPartOf\":{\"@id\":\"https:\\\/\\\/mmkriepas.lv\\\/en\\\/#website\"},\"primaryImageOfPage\":{\"@id\":\"https:\\\/\\\/mmkriepas.lv\\\/en\\\/p\\\/175-65r14-cordiant-polar-sl-pw404-82q\\\/#primaryimage\"},\"image\":{\"@id\":\"https:\\\/\\\/mmkriepas.lv\\\/en\\\/p\\\/175-65r14-cordiant-polar-sl-pw404-82q\\\/#primaryimage\"},\"thumbnailUrl\":\"https:\\\/\\\/mmkriepas.lv\\\/wp-content\\\/uploads\\\/2022\\\/08\\\/17565r14-cordiant-polar-sl-pw404-82q-ziemas-riepas.jpg\",\"datePublished\":\"2022-08-15T09:16:42+00:00\",\"dateModified\":\"2025-03-07T15:06:25+00:00\",\"breadcrumb\":{\"@id\":\"https:\\\/\\\/mmkriepas.lv\\\/en\\\/p\\\/175-65r14-cordiant-polar-sl-pw404-82q\\\/#breadcrumb\"},\"inLanguage\":\"en-US\",\"potentialAction\":[{\"@type\":\"ReadAction\",\"target\":[\"https:\\\/\\\/mmkriepas.lv\\\/en\\\/p\\\/175-65r14-cordiant-polar-sl-pw404-82q\\\/\"]}]},{\"@type\":\"ImageObject\",\"inLanguage\":\"en-US\",\"@id\":\"https:\\\/\\\/mmkriepas.lv\\\/en\\\/p\\\/175-65r14-cordiant-polar-sl-pw404-82q\\\/#primaryimage\",\"url\":\"https:\\\/\\\/mmkriepas.lv\\\/wp-content\\\/uploads\\\/2022\\\/08\\\/17565r14-cordiant-polar-sl-pw404-82q-ziemas-riepas.jpg\",\"contentUrl\":\"https:\\\/\\\/mmkriepas.lv\\\/wp-content\\\/uploads\\\/2022\\\/08\\\/17565r14-cordiant-polar-sl-pw404-82q-ziemas-riepas.jpg\",\"width\":1920,\"height\":1277,\"caption\":\"Cordiant Polar SL 82Q - Ziemas riepas\"},{\"@type\":\"BreadcrumbList\",\"@id\":\"https:\\\/\\\/mmkriepas.lv\\\/en\\\/p\\\/175-65r14-cordiant-polar-sl-pw404-82q\\\/#breadcrumb\",\"itemListElement\":[{\"@type\":\"ListItem\",\"position\":1,\"name\":\"S\u0101kums\",\"item\":\"https:\\\/\\\/mmkriepas.lv\\\/en\\\/\"},{\"@type\":\"ListItem\",\"position\":2,\"name\":\"175\\\/65R14 Cordiant Polar SL 82Q\"}]},{\"@type\":\"WebSite\",\"@id\":\"https:\\\/\\\/mmkriepas.lv\\\/en\\\/#website\",\"url\":\"https:\\\/\\\/mmkriepas.lv\\\/en\\\/\",\"name\":\"MMK Riepas\",\"description\":\"MMK Riepas\",\"alternateName\":\"MMK Riepu Serviss\",\"potentialAction\":[{\"@type\":\"SearchAction\",\"target\":{\"@type\":\"EntryPoint\",\"urlTemplate\":\"https:\\\/\\\/mmkriepas.lv\\\/en\\\/?s={search_term_string}\"},\"query-input\":{\"@type\":\"PropertyValueSpecification\",\"valueRequired\":true,\"valueName\":\"search_term_string\"}}],\"inLanguage\":\"en-US\"},{\"@type\":\"ImageObject\",\"inLanguage\":\"en-US\",\"@id\":\"https:\\\/\\\/mmkriepas.lv\\\/en\\\/p\\\/175-65r14-cordiant-polar-sl-pw404-82q\\\/#local-main-organization-logo\",\"url\":\"\",\"contentUrl\":\"\",\"caption\":\"MMK Riepas\"}]}<\/script>\n<meta property=\"product:brand\" content=\"Cordiant Polar SL\" \/>\n<meta property=\"product:price:amount\" content=\"49.00\" \/>\n<meta property=\"product:price:currency\" content=\"EUR\" \/>\n<meta property=\"og:availability\" content=\"out of stock\" \/>\n<meta property=\"product:availability\" content=\"out of stock\" \/>\n<meta property=\"product:retailer_item_id\" content=\"TW1756514CORDI-1092\" \/>\n<meta property=\"product:condition\" content=\"new\" \/>\n<!-- \/ Yoast SEO Premium plugin. -->","yoast_head_json":{"title":"175\/65R14 Cordiant Polar SL 82Q &#8226; MMK Riepas","robots":{"index":"index","follow":"follow","max-snippet":"max-snippet:-1","max-image-preview":"max-image-preview:large","max-video-preview":"max-video-preview:-1"},"canonical":"https:\/\/mmkriepas.lv\/en\/p\/175-65r14-cordiant-polar-sl-pw404-82q\/","og_locale":"en_US","og_type":"article","og_title":"175\/65R14 Cordiant Polar SL 82Q","og_description":"Cordiant Polar SL ir labs m\u012bkst\u0101 sast\u0101va jeb Skandin\u0101vijas tipa ziemas riepu modelis. Izce\u013cas ar teicamiem veiktsp\u0113jas r\u0101d\u012bt\u0101jiem pat skarb\u0101kajos ziemas brauk\u0161anas apst\u0101k\u013cos. Piem\u0113rots kompaktklases un vid\u0113ja izm\u0113ra vieglaj\u0101m automa\u0161\u012bn\u0101m, izm\u0113ru kl\u0101st\u0101 no R13 l\u012bdz R16.","og_url":"https:\/\/mmkriepas.lv\/en\/p\/175-65r14-cordiant-polar-sl-pw404-82q\/","og_site_name":"MMK Riepas","article_publisher":"https:\/\/www.facebook.com\/mmkserviss\/","article_modified_time":"2025-03-07T15:06:25+00:00","og_image":[{"width":1920,"height":1277,"url":"https:\/\/mmkriepas.lv\/wp-content\/uploads\/2022\/08\/17565r14-cordiant-polar-sl-pw404-82q-ziemas-riepas.jpg","type":"image\/jpeg"}],"twitter_card":"summary_large_image","twitter_misc":{"Price":"&euro;49.00","Availability":"Out of stock"},"schema":{"@context":"https:\/\/schema.org","@graph":[{"@type":"WebPage","@id":"https:\/\/mmkriepas.lv\/en\/p\/175-65r14-cordiant-polar-sl-pw404-82q\/","url":"https:\/\/mmkriepas.lv\/en\/p\/175-65r14-cordiant-polar-sl-pw404-82q\/","name":"175\/65R14 Cordiant Polar SL 82Q &#8226; MMK Riepas","isPartOf":{"@id":"https:\/\/mmkriepas.lv\/en\/#website"},"primaryImageOfPage":{"@id":"https:\/\/mmkriepas.lv\/en\/p\/175-65r14-cordiant-polar-sl-pw404-82q\/#primaryimage"},"image":{"@id":"https:\/\/mmkriepas.lv\/en\/p\/175-65r14-cordiant-polar-sl-pw404-82q\/#primaryimage"},"thumbnailUrl":"https:\/\/mmkriepas.lv\/wp-content\/uploads\/2022\/08\/17565r14-cordiant-polar-sl-pw404-82q-ziemas-riepas.jpg","datePublished":"2022-08-15T09:16:42+00:00","dateModified":"2025-03-07T15:06:25+00:00","breadcrumb":{"@id":"https:\/\/mmkriepas.lv\/en\/p\/175-65r14-cordiant-polar-sl-pw404-82q\/#breadcrumb"},"inLanguage":"en-US","potentialAction":[{"@type":"ReadAction","target":["https:\/\/mmkriepas.lv\/en\/p\/175-65r14-cordiant-polar-sl-pw404-82q\/"]}]},{"@type":"ImageObject","inLanguage":"en-US","@id":"https:\/\/mmkriepas.lv\/en\/p\/175-65r14-cordiant-polar-sl-pw404-82q\/#primaryimage","url":"https:\/\/mmkriepas.lv\/wp-content\/uploads\/2022\/08\/17565r14-cordiant-polar-sl-pw404-82q-ziemas-riepas.jpg","contentUrl":"https:\/\/mmkriepas.lv\/wp-content\/uploads\/2022\/08\/17565r14-cordiant-polar-sl-pw404-82q-ziemas-riepas.jpg","width":1920,"height":1277,"caption":"Cordiant Polar SL 82Q - Ziemas riepas"},{"@type":"BreadcrumbList","@id":"https:\/\/mmkriepas.lv\/en\/p\/175-65r14-cordiant-polar-sl-pw404-82q\/#breadcrumb","itemListElement":[{"@type":"ListItem","position":1,"name":"S\u0101kums","item":"https:\/\/mmkriepas.lv\/en\/"},{"@type":"ListItem","position":2,"name":"175\/65R14 Cordiant Polar SL 82Q"}]},{"@type":"WebSite","@id":"https:\/\/mmkriepas.lv\/en\/#website","url":"https:\/\/mmkriepas.lv\/en\/","name":"MMK Riepas","description":"MMK Riepas","alternateName":"MMK Riepu Serviss","potentialAction":[{"@type":"SearchAction","target":{"@type":"EntryPoint","urlTemplate":"https:\/\/mmkriepas.lv\/en\/?s={search_term_string}"},"query-input":{"@type":"PropertyValueSpecification","valueRequired":true,"valueName":"search_term_string"}}],"inLanguage":"en-US"},{"@type":"ImageObject","inLanguage":"en-US","@id":"https:\/\/mmkriepas.lv\/en\/p\/175-65r14-cordiant-polar-sl-pw404-82q\/#local-main-organization-logo","url":"","contentUrl":"","caption":"MMK Riepas"}]},"product_brand":"Cordiant Polar SL","product_price_amount":"49.00","product_price_currency":"EUR","og_availability":"out of stock","product_availability":"out of stock","product_retailer_item_id":"TW1756514CORDI-1092","product_condition":"new"},"_links":{"self":[{"href":"https:\/\/mmkriepas.lv\/en\/wp-json\/wp\/v2\/product\/279254","targetHints":{"allow":["GET"]}}],"collection":[{"href":"https:\/\/mmkriepas.lv\/en\/wp-json\/wp\/v2\/product"}],"about":[{"href":"https:\/\/mmkriepas.lv\/en\/wp-json\/wp\/v2\/types\/product"}],"wp:featuredmedia":[{"embeddable":true,"href":"https:\/\/mmkriepas.lv\/en\/wp-json\/wp\/v2\/media\/279285"}],"wp:attachment":[{"href":"https:\/\/mmkriepas.lv\/en\/wp-json\/wp\/v2\/media?parent=279254"}],"wp:term":[{"taxonomy":"product_brand","embeddable":true,"href":"https:\/\/mmkriepas.lv\/en\/wp-json\/wp\/v2\/product_brand?post=279254"},{"taxonomy":"product_cat","embeddable":true,"href":"https:\/\/mmkriepas.lv\/en\/wp-json\/wp\/v2\/product_cat?post=279254"},{"taxonomy":"product_tag","embeddable":true,"href":"https:\/\/mmkriepas.lv\/en\/wp-json\/wp\/v2\/product_tag?post=279254"}],"curies":[{"name":"wp","href":"https:\/\/api.w.org\/{rel}","templated":true}]}}