{"id":278967,"date":"2022-08-15T10:23:05","date_gmt":"2022-08-15T07:23:05","guid":{"rendered":"https:\/\/mmkserviss.lv\/?post_type=product&#038;p=278967"},"modified":"2026-03-27T12:16:55","modified_gmt":"2026-03-27T10:16:55","slug":"175-65r14-yokohama-w-drive-v903-82t","status":"publish","type":"product","link":"https:\/\/mmkriepas.lv\/en\/p\/175-65r14-yokohama-w-drive-v903-82t\/","title":{"rendered":"175\/65R14 Yokohama W.drive V903 82T"},"content":{"rendered":"<p class=\"western\" align=\"left\"><span style=\"color: #000000;\"><span style=\"font-family: Arial, serif;\"><span style=\"font-size: small;\"><b><span>Yokohama W.<\/span><\/b><\/span><\/span><\/span><span style=\"color: #000000;\"><span style=\"font-family: Arial, serif;\"><span style=\"font-size: small;\"><b><span>d<\/span><\/b><\/span><\/span><\/span><span style=\"color: #000000;\"><span style=\"font-family: Arial, serif;\"><span style=\"font-size: small;\"><b><span>rive V903<\/span><\/b><\/span><\/span><\/span><span style=\"color: #000000;\"><span style=\"font-family: Arial, serif;\"><span style=\"font-size: small;\"><span> ir izcilas kvalit\u0101tes, Jap\u0101\u0146u Premium klases vissezonas\/ziemas riepu modelis. Tas izce\u013cas ar izciliem nodilumiztur\u012bbas, brauk\u0161anas komforta un dro\u0161\u012bbas r\u0101d\u012bt\u0101jiem gan uz asfalta, gan ar\u012b skarbos ziemas brauk\u0161anas apst\u0101k\u013cos. \u0160is riepu modelis pieejams izm\u0113ru kl\u0101st\u0101 no R13 l\u012bdz R16. Tas paredz\u0113ts kompaktklases vieglaj\u0101m automa\u0161\u012bn\u0101m, kuras ziem\u0101 m\u0113dz sastapties ar sniegotiem un apledoju\u0161iem ce\u013ciem.<\/span><\/span><\/span><\/span><\/p>\n<h3 class=\"western\" align=\"left\"><span style=\"color: #000000;\"><span style=\"font-family: Arial, serif;\"><span>Yokohama W.<\/span><\/span><\/span><span style=\"color: #000000;\"><span style=\"font-family: Arial, serif;\"><span>d<\/span><\/span><\/span><span style=\"color: #000000;\"><span style=\"font-family: Arial, serif;\"><span>rive V903 galven\u0101s \u012bpa\u0161\u012bbas<\/span><\/span><\/span><\/h3>\n<p class=\"western\" align=\"left\"><span style=\"color: #000000;\"><span style=\"font-family: Arial, serif;\"><span>+ Teicami sa\u0137eres un manevr\u0113tsp\u0113jas r\u0101d\u012bt\u0101ji gan uz asfalta, gan snieg\u0101 un slapjdra\u0146\u0137\u012b.<br \/>+ Zems akvaplan\u0113\u0161anas risks, pateicoties virzienveida protektora rakstam.<br \/>+ Uzlaboti sa\u0137eres r\u0101d\u012bt\u0101ji uz ledus, pateicoties Yokohama tehnolo\u0123iskajiem risin\u0101jumiem.<br \/>+ Labs akustiskais un brauk\u0161anas gaitas komforts.<\/span><\/span><\/span><\/p>\n<h3 class=\"western\" align=\"left\"><span style=\"color: #000000;\"><span style=\"font-family: Arial, serif;\"><span>W.<\/span><\/span><\/span><span style=\"color: #000000;\"><span style=\"font-family: Arial, serif;\"><span>d<\/span><\/span><\/span><span style=\"color: #000000;\"><span style=\"font-family: Arial, serif;\"><span>rive V903 apr\u012bkojums<\/span><\/span><\/span><\/h3>\n<p class=\"western\" align=\"left\"><span style=\"color: #000000;\"><span style=\"font-family: Arial, serif;\"><b><span>Yokohama W.<\/span><\/b><\/span><\/span><span style=\"color: #000000;\"><span style=\"font-family: Arial, serif;\"><b><span>d<\/span><\/b><\/span><\/span><span style=\"color: #000000;\"><span style=\"font-family: Arial, serif;\"><b><span>rive V903<\/span><\/b><\/span><\/span><span style=\"color: #000000;\"><span style=\"font-family: Arial, serif;\"><span> vissezonas\/ziemas riepu modelis apr\u012bkots ar agres\u012bvu virzienveida protektora rakstu. \u0160\u0101ds dizains sev\u012b apvieno zemu akvaplan\u0113\u0161anas risku un teicamas sa\u0137eres \u012bpa\u0161\u012bbas ziemas apst\u0101k\u013cos.<\/span><\/span><\/span><\/p>\n<p class=\"western\" align=\"left\"><span style=\"color: #000000;\"><span style=\"font-family: Arial, serif;\"><span>Mas\u012bvie, V-veid\u0101 izvietotie protektora bloki apr\u012bkoti ar t\u016bksto\u0161iem s\u012bku iegriezumu jeb lamel\u0113m. Turkl\u0101t, \u0161im riepu modelim izmantota 3D lamel\u0113\u0161anas tehnolo\u0123ija. Lame\u013cu darb\u012bba ir l\u012bdz\u012bga radz\u0113m. T\u0101s ar as\u0101m kant\u0113m iec\u0113rtas sabliet\u0113t\u0101 snieg\u0101 un led\u016b. Savuk\u0101rt, 3D lamel\u0113\u0161anas tehnolo\u0123ija \u013cauj lamel\u0113m savstarp\u0113ji blo\u0137\u0113ties, b\u016btiski sa\u012bsinot bremz\u0113\u0161anas ce\u013cu.<\/span><\/span><\/span><\/p>\n<p class=\"western\" align=\"left\"><span style=\"color: #000000;\"><span style=\"font-family: Arial, serif;\"><span>Protektors darin\u0101ts no elastrom\u0113riem bag\u0101ta gumijas sakaus\u0113juma. Tam pievienota liela sil\u012bcija dioks\u012bda koncentr\u0101cija, at\u013caujot riep\u0101m nezaud\u0113t elast\u012bbu zem\u0101s gaisa temperat\u016br\u0101s. K\u0101 zin\u0101ms, elast\u012bga riepa daudz lab\u0101k veido sa\u0137eri ar ce\u013cu, k\u0101 ar\u012b dilst vienm\u0113r\u012bg\u0101k.<\/span><\/span><\/span><\/p>\n","protected":false},"excerpt":{"rendered":"<p class=\"western\" align=\"left\"><span style=\"color: #000000;\"><span style=\"font-family: Arial, serif;\"><span style=\"font-size: small;\"><b><span>Yokohama W.<\/span><\/b><\/span><\/span><\/span><span style=\"color: #000000;\"><span style=\"font-family: Arial, serif;\"><span style=\"font-size: small;\"><b><span>d<\/span><\/b><\/span><\/span><\/span><span style=\"color: #000000;\"><span style=\"font-family: Arial, serif;\"><span style=\"font-size: small;\"><b><span>rive V903<\/span><\/b><\/span><\/span><\/span><span style=\"color: #000000;\"><span style=\"font-family: Arial, serif;\"><span style=\"font-size: small;\"><span> ir izcilas kvalit\u0101tes, Jap\u0101\u0146u Premium klases vissezonas\/ziemas riepu modelis. Tas izce\u013cas ar izciliem nodilumiztur\u012bbas, brauk\u0161anas komforta un dro\u0161\u012bbas r\u0101d\u012bt\u0101jiem gan uz asfalta, gan ar\u012b skarbos ziemas brauk\u0161anas apst\u0101k\u013cos. \u0160is riepu modelis pieejams izm\u0113ru kl\u0101st\u0101 no R13 l\u012bdz R16. Tas paredz\u0113ts kompaktklases vieglaj\u0101m automa\u0161\u012bn\u0101m, kuras ziem\u0101 m\u0113dz sastapties ar sniegotiem un apledoju\u0161iem ce\u013ciem.<\/span><\/span><\/span><\/span><\/p>\n","protected":false},"featured_media":901413,"template":"","meta":{"_acf_changed":false,"ngg_post_thumbnail":0},"product_brand":[],"product_cat":[47,45],"product_tag":[],"class_list":{"0":"post-278967","1":"product","2":"type-product","3":"status-publish","4":"has-post-thumbnail","6":"product_cat-vissezonas-riepas","7":"product_cat-ziemas-riepas","9":"first","10":"instock","11":"sale","12":"taxable","13":"shipping-taxable","14":"purchasable","15":"product-type-simple"},"acf":[],"yoast_head":"<!-- This site is optimized with the Yoast SEO Premium plugin v22.6 (Yoast SEO v27.3) - https:\/\/yoast.com\/product\/yoast-seo-premium-wordpress\/ -->\n<title>175\/65R14 Yokohama W.drive V903 82T &#8226; MMK Riepas<\/title>\n<meta name=\"robots\" content=\"index, follow, max-snippet:-1, max-image-preview:large, max-video-preview:-1\" \/>\n<link rel=\"canonical\" href=\"https:\/\/mmkriepas.lv\/en\/p\/175-65r14-yokohama-w-drive-v903-82t\/\" \/>\n<meta property=\"og:locale\" content=\"en_US\" \/>\n<meta property=\"og:type\" content=\"article\" \/>\n<meta property=\"og:title\" content=\"175\/65R14 Yokohama W.drive V903 82T\" \/>\n<meta property=\"og:description\" content=\"Yokohama W.drive V903 ir izcilas kvalit\u0101tes, Jap\u0101\u0146u Premium klases vissezonas\/ziemas riepu modelis. Tas izce\u013cas ar izciliem nodilumiztur\u012bbas, brauk\u0161anas komforta un dro\u0161\u012bbas r\u0101d\u012bt\u0101jiem gan uz asfalta, gan ar\u012b skarbos ziemas brauk\u0161anas apst\u0101k\u013cos. \u0160is riepu modelis pieejams izm\u0113ru kl\u0101st\u0101 no R13 l\u012bdz R16. Tas paredz\u0113ts kompaktklases vieglaj\u0101m automa\u0161\u012bn\u0101m, kuras ziem\u0101 m\u0113dz sastapties ar sniegotiem un apledoju\u0161iem ce\u013ciem.\" \/>\n<meta property=\"og:url\" content=\"https:\/\/mmkriepas.lv\/en\/p\/175-65r14-yokohama-w-drive-v903-82t\/\" \/>\n<meta property=\"og:site_name\" content=\"MMK Riepas\" \/>\n<meta property=\"article:publisher\" content=\"https:\/\/www.facebook.com\/mmkserviss\/\" \/>\n<meta property=\"article:modified_time\" content=\"2026-03-27T10:16:55+00:00\" \/>\n<meta property=\"og:image\" content=\"https:\/\/mmkriepas.lv\/wp-content\/uploads\/2024\/05\/yokohama-v903.jpg\" \/>\n\t<meta property=\"og:image:width\" content=\"900\" \/>\n\t<meta property=\"og:image:height\" content=\"720\" \/>\n\t<meta property=\"og:image:type\" content=\"image\/jpeg\" \/>\n<meta name=\"twitter:card\" content=\"summary_large_image\" \/>\n<meta name=\"twitter:label1\" content=\"Price\" \/>\n\t<meta name=\"twitter:data1\" content=\"&euro;64.00\" \/>\n\t<meta name=\"twitter:label2\" content=\"Availability\" \/>\n\t<meta name=\"twitter:data2\" content=\"In stock\" \/>\n<script type=\"application\/ld+json\" class=\"yoast-schema-graph\">{\"@context\":\"https:\\\/\\\/schema.org\",\"@graph\":[{\"@type\":\"WebPage\",\"@id\":\"https:\\\/\\\/mmkriepas.lv\\\/en\\\/p\\\/175-65r14-yokohama-w-drive-v903-82t\\\/\",\"url\":\"https:\\\/\\\/mmkriepas.lv\\\/en\\\/p\\\/175-65r14-yokohama-w-drive-v903-82t\\\/\",\"name\":\"175\\\/65R14 Yokohama W.drive V903 82T &#8226; MMK Riepas\",\"isPartOf\":{\"@id\":\"https:\\\/\\\/mmkriepas.lv\\\/en\\\/#website\"},\"primaryImageOfPage\":{\"@id\":\"https:\\\/\\\/mmkriepas.lv\\\/en\\\/p\\\/175-65r14-yokohama-w-drive-v903-82t\\\/#primaryimage\"},\"image\":{\"@id\":\"https:\\\/\\\/mmkriepas.lv\\\/en\\\/p\\\/175-65r14-yokohama-w-drive-v903-82t\\\/#primaryimage\"},\"thumbnailUrl\":\"https:\\\/\\\/mmkriepas.lv\\\/wp-content\\\/uploads\\\/2024\\\/05\\\/yokohama-v903.jpg\",\"datePublished\":\"2022-08-15T07:23:05+00:00\",\"dateModified\":\"2026-03-27T10:16:55+00:00\",\"breadcrumb\":{\"@id\":\"https:\\\/\\\/mmkriepas.lv\\\/en\\\/p\\\/175-65r14-yokohama-w-drive-v903-82t\\\/#breadcrumb\"},\"inLanguage\":\"en-US\",\"potentialAction\":[{\"@type\":\"ReadAction\",\"target\":[\"https:\\\/\\\/mmkriepas.lv\\\/en\\\/p\\\/175-65r14-yokohama-w-drive-v903-82t\\\/\"]}]},{\"@type\":\"ImageObject\",\"inLanguage\":\"en-US\",\"@id\":\"https:\\\/\\\/mmkriepas.lv\\\/en\\\/p\\\/175-65r14-yokohama-w-drive-v903-82t\\\/#primaryimage\",\"url\":\"https:\\\/\\\/mmkriepas.lv\\\/wp-content\\\/uploads\\\/2024\\\/05\\\/yokohama-v903.jpg\",\"contentUrl\":\"https:\\\/\\\/mmkriepas.lv\\\/wp-content\\\/uploads\\\/2024\\\/05\\\/yokohama-v903.jpg\",\"width\":900,\"height\":720,\"caption\":\"MAIN\"},{\"@type\":\"BreadcrumbList\",\"@id\":\"https:\\\/\\\/mmkriepas.lv\\\/en\\\/p\\\/175-65r14-yokohama-w-drive-v903-82t\\\/#breadcrumb\",\"itemListElement\":[{\"@type\":\"ListItem\",\"position\":1,\"name\":\"S\u0101kums\",\"item\":\"https:\\\/\\\/mmkriepas.lv\\\/en\\\/\"},{\"@type\":\"ListItem\",\"position\":2,\"name\":\"175\\\/65R14 Yokohama W.drive V903 82T\"}]},{\"@type\":\"WebSite\",\"@id\":\"https:\\\/\\\/mmkriepas.lv\\\/en\\\/#website\",\"url\":\"https:\\\/\\\/mmkriepas.lv\\\/en\\\/\",\"name\":\"MMK Riepas\",\"description\":\"MMK Riepas\",\"alternateName\":\"MMK Riepu Serviss\",\"potentialAction\":[{\"@type\":\"SearchAction\",\"target\":{\"@type\":\"EntryPoint\",\"urlTemplate\":\"https:\\\/\\\/mmkriepas.lv\\\/en\\\/?s={search_term_string}\"},\"query-input\":{\"@type\":\"PropertyValueSpecification\",\"valueRequired\":true,\"valueName\":\"search_term_string\"}}],\"inLanguage\":\"en-US\"},{\"@type\":\"ImageObject\",\"inLanguage\":\"en-US\",\"@id\":\"https:\\\/\\\/mmkriepas.lv\\\/en\\\/p\\\/175-65r14-yokohama-w-drive-v903-82t\\\/#local-main-organization-logo\",\"url\":\"\",\"contentUrl\":\"\",\"caption\":\"MMK Riepas\"}]}<\/script>\n<meta property=\"product:brand\" content=\"Yokohama W.drive V903\" \/>\n<meta property=\"product:price:amount\" content=\"64.00\" \/>\n<meta property=\"product:price:currency\" content=\"EUR\" \/>\n<meta property=\"og:availability\" content=\"instock\" \/>\n<meta property=\"product:availability\" content=\"instock\" \/>\n<meta property=\"product:retailer_item_id\" content=\"TW1756514YOKOH-L6755\" \/>\n<meta property=\"product:condition\" content=\"new\" \/>\n<!-- \/ Yoast SEO Premium plugin. -->","yoast_head_json":{"title":"175\/65R14 Yokohama W.drive V903 82T &#8226; MMK Riepas","robots":{"index":"index","follow":"follow","max-snippet":"max-snippet:-1","max-image-preview":"max-image-preview:large","max-video-preview":"max-video-preview:-1"},"canonical":"https:\/\/mmkriepas.lv\/en\/p\/175-65r14-yokohama-w-drive-v903-82t\/","og_locale":"en_US","og_type":"article","og_title":"175\/65R14 Yokohama W.drive V903 82T","og_description":"Yokohama W.drive V903 ir izcilas kvalit\u0101tes, Jap\u0101\u0146u Premium klases vissezonas\/ziemas riepu modelis. Tas izce\u013cas ar izciliem nodilumiztur\u012bbas, brauk\u0161anas komforta un dro\u0161\u012bbas r\u0101d\u012bt\u0101jiem gan uz asfalta, gan ar\u012b skarbos ziemas brauk\u0161anas apst\u0101k\u013cos. \u0160is riepu modelis pieejams izm\u0113ru kl\u0101st\u0101 no R13 l\u012bdz R16. Tas paredz\u0113ts kompaktklases vieglaj\u0101m automa\u0161\u012bn\u0101m, kuras ziem\u0101 m\u0113dz sastapties ar sniegotiem un apledoju\u0161iem ce\u013ciem.","og_url":"https:\/\/mmkriepas.lv\/en\/p\/175-65r14-yokohama-w-drive-v903-82t\/","og_site_name":"MMK Riepas","article_publisher":"https:\/\/www.facebook.com\/mmkserviss\/","article_modified_time":"2026-03-27T10:16:55+00:00","og_image":[{"width":900,"height":720,"url":"https:\/\/mmkriepas.lv\/wp-content\/uploads\/2024\/05\/yokohama-v903.jpg","type":"image\/jpeg"}],"twitter_card":"summary_large_image","twitter_misc":{"Price":"&euro;64.00","Availability":"In stock"},"schema":{"@context":"https:\/\/schema.org","@graph":[{"@type":"WebPage","@id":"https:\/\/mmkriepas.lv\/en\/p\/175-65r14-yokohama-w-drive-v903-82t\/","url":"https:\/\/mmkriepas.lv\/en\/p\/175-65r14-yokohama-w-drive-v903-82t\/","name":"175\/65R14 Yokohama W.drive V903 82T &#8226; MMK Riepas","isPartOf":{"@id":"https:\/\/mmkriepas.lv\/en\/#website"},"primaryImageOfPage":{"@id":"https:\/\/mmkriepas.lv\/en\/p\/175-65r14-yokohama-w-drive-v903-82t\/#primaryimage"},"image":{"@id":"https:\/\/mmkriepas.lv\/en\/p\/175-65r14-yokohama-w-drive-v903-82t\/#primaryimage"},"thumbnailUrl":"https:\/\/mmkriepas.lv\/wp-content\/uploads\/2024\/05\/yokohama-v903.jpg","datePublished":"2022-08-15T07:23:05+00:00","dateModified":"2026-03-27T10:16:55+00:00","breadcrumb":{"@id":"https:\/\/mmkriepas.lv\/en\/p\/175-65r14-yokohama-w-drive-v903-82t\/#breadcrumb"},"inLanguage":"en-US","potentialAction":[{"@type":"ReadAction","target":["https:\/\/mmkriepas.lv\/en\/p\/175-65r14-yokohama-w-drive-v903-82t\/"]}]},{"@type":"ImageObject","inLanguage":"en-US","@id":"https:\/\/mmkriepas.lv\/en\/p\/175-65r14-yokohama-w-drive-v903-82t\/#primaryimage","url":"https:\/\/mmkriepas.lv\/wp-content\/uploads\/2024\/05\/yokohama-v903.jpg","contentUrl":"https:\/\/mmkriepas.lv\/wp-content\/uploads\/2024\/05\/yokohama-v903.jpg","width":900,"height":720,"caption":"MAIN"},{"@type":"BreadcrumbList","@id":"https:\/\/mmkriepas.lv\/en\/p\/175-65r14-yokohama-w-drive-v903-82t\/#breadcrumb","itemListElement":[{"@type":"ListItem","position":1,"name":"S\u0101kums","item":"https:\/\/mmkriepas.lv\/en\/"},{"@type":"ListItem","position":2,"name":"175\/65R14 Yokohama W.drive V903 82T"}]},{"@type":"WebSite","@id":"https:\/\/mmkriepas.lv\/en\/#website","url":"https:\/\/mmkriepas.lv\/en\/","name":"MMK Riepas","description":"MMK Riepas","alternateName":"MMK Riepu Serviss","potentialAction":[{"@type":"SearchAction","target":{"@type":"EntryPoint","urlTemplate":"https:\/\/mmkriepas.lv\/en\/?s={search_term_string}"},"query-input":{"@type":"PropertyValueSpecification","valueRequired":true,"valueName":"search_term_string"}}],"inLanguage":"en-US"},{"@type":"ImageObject","inLanguage":"en-US","@id":"https:\/\/mmkriepas.lv\/en\/p\/175-65r14-yokohama-w-drive-v903-82t\/#local-main-organization-logo","url":"","contentUrl":"","caption":"MMK Riepas"}]},"product_brand":"Yokohama W.drive V903","product_price_amount":"64.00","product_price_currency":"EUR","og_availability":"instock","product_availability":"instock","product_retailer_item_id":"TW1756514YOKOH-L6755","product_condition":"new"},"_links":{"self":[{"href":"https:\/\/mmkriepas.lv\/en\/wp-json\/wp\/v2\/product\/278967","targetHints":{"allow":["GET"]}}],"collection":[{"href":"https:\/\/mmkriepas.lv\/en\/wp-json\/wp\/v2\/product"}],"about":[{"href":"https:\/\/mmkriepas.lv\/en\/wp-json\/wp\/v2\/types\/product"}],"wp:featuredmedia":[{"embeddable":true,"href":"https:\/\/mmkriepas.lv\/en\/wp-json\/wp\/v2\/media\/901413"}],"wp:attachment":[{"href":"https:\/\/mmkriepas.lv\/en\/wp-json\/wp\/v2\/media?parent=278967"}],"wp:term":[{"taxonomy":"product_brand","embeddable":true,"href":"https:\/\/mmkriepas.lv\/en\/wp-json\/wp\/v2\/product_brand?post=278967"},{"taxonomy":"product_cat","embeddable":true,"href":"https:\/\/mmkriepas.lv\/en\/wp-json\/wp\/v2\/product_cat?post=278967"},{"taxonomy":"product_tag","embeddable":true,"href":"https:\/\/mmkriepas.lv\/en\/wp-json\/wp\/v2\/product_tag?post=278967"}],"curies":[{"name":"wp","href":"https:\/\/api.w.org\/{rel}","templated":true}]}}