{"id":259836,"date":"2022-08-06T11:43:20","date_gmt":"2022-08-06T08:43:20","guid":{"rendered":"https:\/\/mmkserviss.lv\/?post_type=product&#038;p=259836"},"modified":"2025-03-07T17:16:56","modified_gmt":"2025-03-07T15:16:56","slug":"215-50r17-cordiant-snow-cross-2-95t-ar-radzem","status":"publish","type":"product","link":"https:\/\/mmkriepas.lv\/en\/p\/215-50r17-cordiant-snow-cross-2-95t-ar-radzem\/","title":{"rendered":"215\/50R17 Cordiant Snow Cross 2 95T ar radz\u0113m"},"content":{"rendered":"<p><b>Cordiant Snow Cross 2<\/b><span style=\"font-weight: 400;\"> ir augstas kvalit\u0101tes rad\u017eu riepu modelis, kas veidots, aizg\u016bstot Nokian Hakkapeliitta 8 lab\u0101k\u0101s \u012bpa\u0161\u012bbas. Modelis izce\u013cas ar teicamu cenas un veiktsp\u0113jas attiec\u012bbu, k\u0101 ar\u012b \u0101rk\u0101rt\u012bgi augstu dro\u0161\u012bbas l\u012bmeni skarbos brauk\u0161anas apst\u0101k\u013cos.<\/span><\/p>\n<h3><b><a href=\"https:\/\/mmkriepas.lv\/riepas\/cordiant\/\">Cordiant<\/a> Snow Cross 2 galven\u0101s iez\u012bmes:<\/b><\/h3>\n<p><span style=\"font-weight: 400;\">+ Nokian Hakkapeliitta 8 protektora dizains un tehnolo\u0123ijas,<\/span><\/p>\n<p><span style=\"font-weight: 400;\">+ Ice COR un Snow COR tehnolo\u0123ija uzlabo sa\u0137eri gan snieg\u0101, gan ar\u012b uz ledus,&nbsp;<\/span><\/p>\n<p><span style=\"font-weight: 400;\">+ SPIKE COR XL rad\u017eo\u0161anas tehnolo\u0123ija uzlabo sa\u0137eri un paildzina rad\u017eu kalpotsp\u0113ju par l\u012bdz pat 20%,<\/span><\/p>\n<p><span style=\"font-weight: 400;\">+ Iel\u012bm\u0113tas radzes,&nbsp;<\/span><\/p>\n<p><span style=\"font-weight: 400;\">+ Teicama cenas un veiktsp\u0113jas attiec\u012bba<\/span><\/p>\n<h3><b>Snow Cross 2 apr\u012bkojums<\/b><\/h3>\n<p><b>Cordiant Snow Cross 2 <\/b><span style=\"font-weight: 400;\">apr\u012bkots ar agres\u012bvu virzienveida protektora rakstu, kas aizg\u016bts no le\u0123end\u0101r\u0101 Nokian Hakkapeliitta 8. Protektor\u0101 iel\u012bmetas radzes, kas izcili veido sa\u0137eri ar ledu un protektora blokos tur\u0101s krietni ilg\u0101k. T\u0101 gumijas sast\u0101vs papildin\u0101ts ar elastrom\u0113riem, kas, tand\u0113m\u0101 ar radz\u0113m, teicami veido sa\u0137eri ar ledu pat \u0101rk\u0101rt\u012bgi zem\u0101s gaisa temperat\u016br\u0101s.<\/span><\/p>\n<p><span style=\"font-weight: 400;\">Virzienveida protektors papildin\u0101ts ar inovat\u012bvajiem <\/span><b>Snow COR<\/b><span style=\"font-weight: 400;\"> elementiem, kas at\u013cauj \u0161im riepu modelim uzr\u0101d\u012bt augst\u0101ku veiktsp\u0113ju snieg\u0101 un slapjdra\u0146\u0137\u012b.<\/span><\/p>\n<p><b>Ice COR<\/b><span style=\"font-weight: 400;\"> tehnolo\u0123ijas rad\u017eu izvietojums uzlabo sa\u0137eri gan uzs\u0101kot brauk\u0161anu, gan bremz\u0113jot un pat veicot straujus manevrus uz ledus, ar slidenu virsmu veidojot dzel\u017eainu sa\u0137eri.&nbsp;<\/span><\/p>\n<p><b>Spike COR XL<\/b><span style=\"font-weight: 400;\"> rad\u017eo\u0161anas tehnolo\u0123ijas radzes palielina sa\u0137eri par 10% un uzlabo brauk\u0161anas uzs\u0101k\u0161anu pat par 20%, sal\u012bdzin\u0101jum\u0101 ar iepriek\u0161\u0113jo Snow Cross modeli.<\/span><\/p>\n<p>\u0160is riepu modelis ieguvis lielu popularit\u0101ti Zieme\u013ceiropas un Krievijas autobrauc\u0113ju tirg\u016b, pateicoties uzticamam protektora dizainam, neskait\u0101miem tehnolo\u0123iskajiem risin\u0101jumiem, teicamai veiktsp\u0113jai pat skarb\u0101kajos brauk\u0161anas apst\u0101k\u013cos. k\u0101 ar\u012b neticami labai cenas un veiktsp\u0113jas attiec\u012bbai. Snow Cross 2 paredz\u0113ts gan vieglaj\u0101m, gan apvidus jeb SUV automa\u0161\u012bn\u0101m.<\/p>\n","protected":false},"excerpt":{"rendered":"<p><b>Cordiant Snow Cross 2<\/b><span style=\"font-weight: 400;\"> ir augstas kvalit\u0101tes rad\u017eu riepu modelis, kas veidots, aizg\u016bstot Nokian Hakkapeliitta 8 lab\u0101k\u0101s \u012bpa\u0161\u012bbas. Izce\u013cas ar teicamu cenas un veiktsp\u0113jas attiec\u012bbu, k\u0101 ar\u012b \u0101rk\u0101rt\u012bgi augstu dro\u0161\u012bbas l\u012bmeni skarbos brauk\u0161anas apst\u0101k\u013cos.<\/span><\/p>\n","protected":false},"featured_media":319363,"template":"","meta":{"_acf_changed":false,"ngg_post_thumbnail":0},"product_brand":[],"product_cat":[45,48],"product_tag":[19634],"class_list":{"0":"post-259836","1":"product","2":"type-product","3":"status-publish","4":"has-post-thumbnail","6":"product_cat-ziemas-riepas","7":"product_cat-ziemas-ar-radzem","8":"product_tag-mmk","10":"first","11":"outofstock","12":"sale","13":"taxable","14":"shipping-taxable","15":"product-type-simple"},"acf":[],"yoast_head":"<!-- This site is optimized with the Yoast SEO Premium plugin v22.6 (Yoast SEO v27.3) - https:\/\/yoast.com\/product\/yoast-seo-premium-wordpress\/ -->\n<title>215\/50R17 Cordiant Snow Cross 2 95T ar radz\u0113m &#8226; MMK Riepas<\/title>\n<meta name=\"description\" content=\"Cordiant Snow Cross 2 - le\u0123end\u0101r\u0101 Nokian Hakkapeliitta 8 analogs. Izcila sa\u0137ere snieg\u0101 un uz ledus. MMK riepu centros par lab\u0101ko cenu!\" \/>\n<meta name=\"robots\" content=\"index, follow, max-snippet:-1, max-image-preview:large, max-video-preview:-1\" \/>\n<link rel=\"canonical\" href=\"https:\/\/mmkriepas.lv\/en\/p\/215-50r17-cordiant-snow-cross-2-95t-ar-radzem\/\" \/>\n<meta property=\"og:locale\" content=\"en_US\" \/>\n<meta property=\"og:type\" content=\"article\" \/>\n<meta property=\"og:title\" content=\"215\/50R17 Cordiant Snow Cross 2 95T ar radz\u0113m\" \/>\n<meta property=\"og:description\" content=\"Cordiant Snow Cross 2 - le\u0123end\u0101r\u0101 Nokian Hakkapeliitta 8 analogs. Izcila sa\u0137ere snieg\u0101 un uz ledus. MMK riepu centros par lab\u0101ko cenu!\" \/>\n<meta property=\"og:url\" content=\"https:\/\/mmkriepas.lv\/en\/p\/215-50r17-cordiant-snow-cross-2-95t-ar-radzem\/\" \/>\n<meta property=\"og:site_name\" content=\"MMK Riepas\" \/>\n<meta property=\"article:publisher\" content=\"https:\/\/www.facebook.com\/mmkserviss\/\" \/>\n<meta property=\"article:modified_time\" content=\"2025-03-07T15:16:56+00:00\" \/>\n<meta property=\"og:image\" content=\"https:\/\/mmkriepas.lv\/wp-content\/uploads\/2022\/09\/22570r16-cordiant-snow-cross-107t-ar-radzem-ziemas-riepas-ziemas-ar-radzem-riepas.jpg\" \/>\n\t<meta property=\"og:image:width\" content=\"1920\" \/>\n\t<meta property=\"og:image:height\" content=\"1278\" \/>\n\t<meta property=\"og:image:type\" content=\"image\/jpeg\" \/>\n<meta name=\"twitter:card\" content=\"summary_large_image\" \/>\n<meta name=\"twitter:label1\" content=\"Price\" \/>\n\t<meta name=\"twitter:data1\" content=\"&euro;89.00\" \/>\n\t<meta name=\"twitter:label2\" content=\"Availability\" \/>\n\t<meta name=\"twitter:data2\" content=\"Out of stock\" \/>\n<script type=\"application\/ld+json\" class=\"yoast-schema-graph\">{\"@context\":\"https:\\\/\\\/schema.org\",\"@graph\":[{\"@type\":\"WebPage\",\"@id\":\"https:\\\/\\\/mmkriepas.lv\\\/en\\\/p\\\/215-50r17-cordiant-snow-cross-2-95t-ar-radzem\\\/\",\"url\":\"https:\\\/\\\/mmkriepas.lv\\\/en\\\/p\\\/215-50r17-cordiant-snow-cross-2-95t-ar-radzem\\\/\",\"name\":\"215\\\/50R17 Cordiant Snow Cross 2 95T ar radz\u0113m &#8226; MMK Riepas\",\"isPartOf\":{\"@id\":\"https:\\\/\\\/mmkriepas.lv\\\/en\\\/#website\"},\"primaryImageOfPage\":{\"@id\":\"https:\\\/\\\/mmkriepas.lv\\\/en\\\/p\\\/215-50r17-cordiant-snow-cross-2-95t-ar-radzem\\\/#primaryimage\"},\"image\":{\"@id\":\"https:\\\/\\\/mmkriepas.lv\\\/en\\\/p\\\/215-50r17-cordiant-snow-cross-2-95t-ar-radzem\\\/#primaryimage\"},\"thumbnailUrl\":\"https:\\\/\\\/mmkriepas.lv\\\/wp-content\\\/uploads\\\/2022\\\/09\\\/22570r16-cordiant-snow-cross-107t-ar-radzem-ziemas-riepas-ziemas-ar-radzem-riepas.jpg\",\"datePublished\":\"2022-08-06T08:43:20+00:00\",\"dateModified\":\"2025-03-07T15:16:56+00:00\",\"description\":\"Cordiant Snow Cross 2 - le\u0123end\u0101r\u0101 Nokian Hakkapeliitta 8 analogs. Izcila sa\u0137ere snieg\u0101 un uz ledus. MMK riepu centros par lab\u0101ko cenu!\",\"breadcrumb\":{\"@id\":\"https:\\\/\\\/mmkriepas.lv\\\/en\\\/p\\\/215-50r17-cordiant-snow-cross-2-95t-ar-radzem\\\/#breadcrumb\"},\"inLanguage\":\"en-US\",\"potentialAction\":[{\"@type\":\"ReadAction\",\"target\":[\"https:\\\/\\\/mmkriepas.lv\\\/en\\\/p\\\/215-50r17-cordiant-snow-cross-2-95t-ar-radzem\\\/\"]}]},{\"@type\":\"ImageObject\",\"inLanguage\":\"en-US\",\"@id\":\"https:\\\/\\\/mmkriepas.lv\\\/en\\\/p\\\/215-50r17-cordiant-snow-cross-2-95t-ar-radzem\\\/#primaryimage\",\"url\":\"https:\\\/\\\/mmkriepas.lv\\\/wp-content\\\/uploads\\\/2022\\\/09\\\/22570r16-cordiant-snow-cross-107t-ar-radzem-ziemas-riepas-ziemas-ar-radzem-riepas.jpg\",\"contentUrl\":\"https:\\\/\\\/mmkriepas.lv\\\/wp-content\\\/uploads\\\/2022\\\/09\\\/22570r16-cordiant-snow-cross-107t-ar-radzem-ziemas-riepas-ziemas-ar-radzem-riepas.jpg\",\"width\":1920,\"height\":1278,\"caption\":\"225\\\/70R16 Cordiant Snow Cross 107T ar radz\u0113m - Ziemas riepas \\\/ Ziemas ar radz\u0113m riepas\"},{\"@type\":\"BreadcrumbList\",\"@id\":\"https:\\\/\\\/mmkriepas.lv\\\/en\\\/p\\\/215-50r17-cordiant-snow-cross-2-95t-ar-radzem\\\/#breadcrumb\",\"itemListElement\":[{\"@type\":\"ListItem\",\"position\":1,\"name\":\"S\u0101kums\",\"item\":\"https:\\\/\\\/mmkriepas.lv\\\/en\\\/\"},{\"@type\":\"ListItem\",\"position\":2,\"name\":\"215\\\/50R17 Cordiant Snow Cross 2 95T ar radz\u0113m\"}]},{\"@type\":\"WebSite\",\"@id\":\"https:\\\/\\\/mmkriepas.lv\\\/en\\\/#website\",\"url\":\"https:\\\/\\\/mmkriepas.lv\\\/en\\\/\",\"name\":\"MMK Riepas\",\"description\":\"MMK Riepas\",\"alternateName\":\"MMK Riepu Serviss\",\"potentialAction\":[{\"@type\":\"SearchAction\",\"target\":{\"@type\":\"EntryPoint\",\"urlTemplate\":\"https:\\\/\\\/mmkriepas.lv\\\/en\\\/?s={search_term_string}\"},\"query-input\":{\"@type\":\"PropertyValueSpecification\",\"valueRequired\":true,\"valueName\":\"search_term_string\"}}],\"inLanguage\":\"en-US\"},{\"@type\":\"ImageObject\",\"inLanguage\":\"en-US\",\"@id\":\"https:\\\/\\\/mmkriepas.lv\\\/en\\\/p\\\/215-50r17-cordiant-snow-cross-2-95t-ar-radzem\\\/#local-main-organization-logo\",\"url\":\"\",\"contentUrl\":\"\",\"caption\":\"MMK Riepas\"}]}<\/script>\n<meta property=\"product:brand\" content=\"Cordiant Snow Cross 2\" \/>\n<meta property=\"product:price:amount\" content=\"89.00\" \/>\n<meta property=\"product:price:currency\" content=\"EUR\" \/>\n<meta property=\"og:availability\" content=\"out of stock\" \/>\n<meta property=\"product:availability\" content=\"out of stock\" \/>\n<meta property=\"product:retailer_item_id\" content=\"TR2155017Cordi-1574\" \/>\n<meta property=\"product:condition\" content=\"new\" \/>\n<!-- \/ Yoast SEO Premium plugin. -->","yoast_head_json":{"title":"215\/50R17 Cordiant Snow Cross 2 95T ar radz\u0113m &#8226; MMK Riepas","description":"Cordiant Snow Cross 2 - le\u0123end\u0101r\u0101 Nokian Hakkapeliitta 8 analogs. Izcila sa\u0137ere snieg\u0101 un uz ledus. MMK riepu centros par lab\u0101ko cenu!","robots":{"index":"index","follow":"follow","max-snippet":"max-snippet:-1","max-image-preview":"max-image-preview:large","max-video-preview":"max-video-preview:-1"},"canonical":"https:\/\/mmkriepas.lv\/en\/p\/215-50r17-cordiant-snow-cross-2-95t-ar-radzem\/","og_locale":"en_US","og_type":"article","og_title":"215\/50R17 Cordiant Snow Cross 2 95T ar radz\u0113m","og_description":"Cordiant Snow Cross 2 - le\u0123end\u0101r\u0101 Nokian Hakkapeliitta 8 analogs. Izcila sa\u0137ere snieg\u0101 un uz ledus. MMK riepu centros par lab\u0101ko cenu!","og_url":"https:\/\/mmkriepas.lv\/en\/p\/215-50r17-cordiant-snow-cross-2-95t-ar-radzem\/","og_site_name":"MMK Riepas","article_publisher":"https:\/\/www.facebook.com\/mmkserviss\/","article_modified_time":"2025-03-07T15:16:56+00:00","og_image":[{"width":1920,"height":1278,"url":"https:\/\/mmkriepas.lv\/wp-content\/uploads\/2022\/09\/22570r16-cordiant-snow-cross-107t-ar-radzem-ziemas-riepas-ziemas-ar-radzem-riepas.jpg","type":"image\/jpeg"}],"twitter_card":"summary_large_image","twitter_misc":{"Price":"&euro;89.00","Availability":"Out of stock"},"schema":{"@context":"https:\/\/schema.org","@graph":[{"@type":"WebPage","@id":"https:\/\/mmkriepas.lv\/en\/p\/215-50r17-cordiant-snow-cross-2-95t-ar-radzem\/","url":"https:\/\/mmkriepas.lv\/en\/p\/215-50r17-cordiant-snow-cross-2-95t-ar-radzem\/","name":"215\/50R17 Cordiant Snow Cross 2 95T ar radz\u0113m &#8226; MMK Riepas","isPartOf":{"@id":"https:\/\/mmkriepas.lv\/en\/#website"},"primaryImageOfPage":{"@id":"https:\/\/mmkriepas.lv\/en\/p\/215-50r17-cordiant-snow-cross-2-95t-ar-radzem\/#primaryimage"},"image":{"@id":"https:\/\/mmkriepas.lv\/en\/p\/215-50r17-cordiant-snow-cross-2-95t-ar-radzem\/#primaryimage"},"thumbnailUrl":"https:\/\/mmkriepas.lv\/wp-content\/uploads\/2022\/09\/22570r16-cordiant-snow-cross-107t-ar-radzem-ziemas-riepas-ziemas-ar-radzem-riepas.jpg","datePublished":"2022-08-06T08:43:20+00:00","dateModified":"2025-03-07T15:16:56+00:00","description":"Cordiant Snow Cross 2 - le\u0123end\u0101r\u0101 Nokian Hakkapeliitta 8 analogs. Izcila sa\u0137ere snieg\u0101 un uz ledus. MMK riepu centros par lab\u0101ko cenu!","breadcrumb":{"@id":"https:\/\/mmkriepas.lv\/en\/p\/215-50r17-cordiant-snow-cross-2-95t-ar-radzem\/#breadcrumb"},"inLanguage":"en-US","potentialAction":[{"@type":"ReadAction","target":["https:\/\/mmkriepas.lv\/en\/p\/215-50r17-cordiant-snow-cross-2-95t-ar-radzem\/"]}]},{"@type":"ImageObject","inLanguage":"en-US","@id":"https:\/\/mmkriepas.lv\/en\/p\/215-50r17-cordiant-snow-cross-2-95t-ar-radzem\/#primaryimage","url":"https:\/\/mmkriepas.lv\/wp-content\/uploads\/2022\/09\/22570r16-cordiant-snow-cross-107t-ar-radzem-ziemas-riepas-ziemas-ar-radzem-riepas.jpg","contentUrl":"https:\/\/mmkriepas.lv\/wp-content\/uploads\/2022\/09\/22570r16-cordiant-snow-cross-107t-ar-radzem-ziemas-riepas-ziemas-ar-radzem-riepas.jpg","width":1920,"height":1278,"caption":"225\/70R16 Cordiant Snow Cross 107T ar radz\u0113m - Ziemas riepas \/ Ziemas ar radz\u0113m riepas"},{"@type":"BreadcrumbList","@id":"https:\/\/mmkriepas.lv\/en\/p\/215-50r17-cordiant-snow-cross-2-95t-ar-radzem\/#breadcrumb","itemListElement":[{"@type":"ListItem","position":1,"name":"S\u0101kums","item":"https:\/\/mmkriepas.lv\/en\/"},{"@type":"ListItem","position":2,"name":"215\/50R17 Cordiant Snow Cross 2 95T ar radz\u0113m"}]},{"@type":"WebSite","@id":"https:\/\/mmkriepas.lv\/en\/#website","url":"https:\/\/mmkriepas.lv\/en\/","name":"MMK Riepas","description":"MMK Riepas","alternateName":"MMK Riepu Serviss","potentialAction":[{"@type":"SearchAction","target":{"@type":"EntryPoint","urlTemplate":"https:\/\/mmkriepas.lv\/en\/?s={search_term_string}"},"query-input":{"@type":"PropertyValueSpecification","valueRequired":true,"valueName":"search_term_string"}}],"inLanguage":"en-US"},{"@type":"ImageObject","inLanguage":"en-US","@id":"https:\/\/mmkriepas.lv\/en\/p\/215-50r17-cordiant-snow-cross-2-95t-ar-radzem\/#local-main-organization-logo","url":"","contentUrl":"","caption":"MMK Riepas"}]},"product_brand":"Cordiant Snow Cross 2","product_price_amount":"89.00","product_price_currency":"EUR","og_availability":"out of stock","product_availability":"out of stock","product_retailer_item_id":"TR2155017Cordi-1574","product_condition":"new"},"_links":{"self":[{"href":"https:\/\/mmkriepas.lv\/en\/wp-json\/wp\/v2\/product\/259836","targetHints":{"allow":["GET"]}}],"collection":[{"href":"https:\/\/mmkriepas.lv\/en\/wp-json\/wp\/v2\/product"}],"about":[{"href":"https:\/\/mmkriepas.lv\/en\/wp-json\/wp\/v2\/types\/product"}],"wp:featuredmedia":[{"embeddable":true,"href":"https:\/\/mmkriepas.lv\/en\/wp-json\/wp\/v2\/media\/319363"}],"wp:attachment":[{"href":"https:\/\/mmkriepas.lv\/en\/wp-json\/wp\/v2\/media?parent=259836"}],"wp:term":[{"taxonomy":"product_brand","embeddable":true,"href":"https:\/\/mmkriepas.lv\/en\/wp-json\/wp\/v2\/product_brand?post=259836"},{"taxonomy":"product_cat","embeddable":true,"href":"https:\/\/mmkriepas.lv\/en\/wp-json\/wp\/v2\/product_cat?post=259836"},{"taxonomy":"product_tag","embeddable":true,"href":"https:\/\/mmkriepas.lv\/en\/wp-json\/wp\/v2\/product_tag?post=259836"}],"curies":[{"name":"wp","href":"https:\/\/api.w.org\/{rel}","templated":true}]}}