{"id":2469,"date":"2016-10-05T12:56:37","date_gmt":"2016-10-05T09:56:37","guid":{"rendered":"https:\/\/mmkserviss.lv\/katalogs\/uncategorized\/ziemas-vissezonas-riepas-20555r16-westlake-sw606-frost-extrime-91t\/"},"modified":"2025-01-28T18:29:26","modified_gmt":"2025-01-28T16:29:26","slug":"ziemas-vissezonas-riepas-20555r16-westlake-sw606-frost-extrime-91t","status":"publish","type":"product","link":"https:\/\/mmkriepas.lv\/en\/p\/ziemas-vissezonas-riepas-20555r16-westlake-sw606-frost-extrime-91t\/","title":{"rendered":"205\/55R16 Westlake SW606 91T"},"content":{"rendered":"<p><strong>Westlake SW606<\/strong> rad\u017eojamas ziemas riepas, paredz\u0113tas maz\u0101s un vid\u0113j\u0101s klases automa\u0161\u012bn\u0101m. Modelis tika rad\u012bts ar labi zin\u0101mu Kan\u0101das riepu ra\u017eot\u0101ju pal\u012bdz\u012bbu. <strong>\u0160is modelis ir pieejams gan ar radz\u0113m, gan bez t\u0101m.<\/strong> Riepas virzienveida V formas protektora z\u012bm\u0113jumam ir iespaid\u012bgs atmi\u0146\u0101 palieko\u0161s izskats. Pateicoties izv\u0113l\u0113tajam z\u012bm\u0113juma veidam, \u0161ai riepai rakstur\u012bga lieliska sa\u0137ere un \u012bss bremz\u0113\u0161anas ce\u013c\u0161 uz sniega un apledoju\u0161iem ce\u013ciem. Riepu protektora rakst\u0101 ir redzama viena visaptvero\u0161a riba, kas atrodas protektora centr\u0101laj\u0101 da\u013c\u0101, divas \u013coti platas plecu zonas un divas ribas, kas sast\u0101v no atsevi\u0161\u0137iem sare\u017e\u0123\u012btu \u0123eometrisko formu blokiem.<\/p>\n<h3><strong>SW606 riepu galven\u0101s iez\u012bmes<\/strong><\/h3>\n<p>+ Centr\u0101l\u0101 riba protektora dizain\u0101 samazina rites pretest\u012bbu, samazina troksni, nodro\u0161ina augstu komforta l\u012bmeni;<\/p>\n<p>+ V veida virziena protektora z\u012bm\u0113jums nodro\u0161ina \u012bsu bremz\u0113\u0161anas ce\u013cu un lielisku sa\u0137eri uz sniegotiem ce\u013ciem;<\/p>\n<p>+ Stingras, pastiprin\u0101tas plecu zonas uzlabo vilkmi snieg\u0101 un nodro\u0161ina sa\u0137eri apledoju\u0161os apst\u0101k\u013cos, k\u0101 ar\u012b pal\u012bdz neizsl\u012bd\u0113t asos l\u012bkumos;<\/p>\n<p>+ Daudzas zigzaga lameles palielina brauk\u0161anas dro\u0161ibu uz slideniem segumiem.<\/p>\n<h3><strong>SW606 protektora raksta iez\u012bmes<\/strong><\/h3>\n<p>V veida konstrukcija \u013cauj jums maksim\u0101li palielin\u0101t saskares vietas laukumu, neapdraudot citus svar\u012bgus riepas raksturlielumums. SW606 virzienveida protektora dizains nodro\u0161ina lielisku sa\u0137eri un vilkmi sniegotos apst\u0101k\u013cos. Divas gareniskas rievas, kas atdala protektora centr\u0101lo ribu darbojas kop\u0101 ar pa diagon\u0101li novietotu kan\u0101lu sist\u0113mu, nodro\u0161inot efekt\u012bvu \u016bdens, sniega un slapjdra\u0146\u0137a izvadi no saskares vietas, padarot kust\u012bbu dro\u0161\u0101ku nelabv\u0113l\u012bgos vides apst\u0101k\u013cos. P\u0101rsteidzo\u0161a <strong>Westlake SW606<\/strong> protektora paz\u012bme ir pastiprin\u0101tas plecu zonas, kas apr\u012bkotas ar mas\u012bviem blokiem, kuros stiprin\u0101s \u0161ipi un noapa\u013cots profils. \u0160is plecu zonu dizains efekt\u012bvi sevi pier\u0101da, veicot pagriezienus, k\u0101 ar\u012b braucot pa sniega un ledus kl\u0101t\u0101m virsm\u0101m. \u0160o riepu protektors ir apvilkts ar <strong>zigzaga lamel\u0113m<\/strong>, kuras nesamazinot protektora stingr\u012bbu, nodro\u0161ina labu vilces un bremz\u0113\u0161anas l\u012bmeni pat skarbas ziemas apst\u0101k\u013cos<\/p>\n","protected":false},"excerpt":{"rendered":"<p><strong><span style=\"font-family: 'Arial',sans-serif;\">Westlake SW606<\/span><\/strong><span style=\"font-family: 'Arial',sans-serif;\"> rad\u017eojamas ziemas riepas, paredz\u0113tas maz\u0101s un vid\u0113j\u0101s klases automa\u0161\u012bn\u0101m. Modelis tika rad\u012bts ar labi zin\u0101mu Kan\u0101das riepu ra\u017eot\u0101ju pal\u012bdz\u012bbu. <strong><span style=\"font-family: 'Arial',sans-serif; color: red;\">\u0160is modelis ir pieejams gan ar radz\u0113m, gan bez t\u0101m.<\/span><\/strong> Riepas virzienveida V formas protektora z\u012bm\u0113jumam ir iespaid\u012bgs atmi\u0146\u0101 palieko\u0161s izskats. Pateicoties izv\u0113l\u0113tajam z\u012bm\u0113juma veidam, \u0161ai riepai rakstur\u012bga lieliska sa\u0137ere un \u012bss bremz\u0113\u0161anas ce\u013c\u0161 uz sniega un apledoju\u0161iem ce\u013ciem. Riepu protektora rakst\u0101 ir redzama viena visaptvero\u0161a riba, kas atrodas protektora centr\u0101laj\u0101 da\u013c\u0101, divas \u013coti platas plecu zonas un divas ribas, kas sast\u0101v no atsevi\u0161\u0137iem sare\u017e\u0123\u012btu \u0123eometrisko formu blokiem.<o:p><\/o:p><\/span><\/p>\n","protected":false},"featured_media":1157811,"template":"","meta":{"_acf_changed":false,"ngg_post_thumbnail":0},"product_brand":[],"product_cat":[47,45],"product_tag":[19634],"class_list":{"0":"post-2469","1":"product","2":"type-product","3":"status-publish","4":"has-post-thumbnail","6":"product_cat-vissezonas-riepas","7":"product_cat-ziemas-riepas","8":"product_tag-mmk","10":"first","11":"instock","12":"sale","13":"taxable","14":"shipping-taxable","15":"product-type-simple"},"acf":[],"yoast_head":"<!-- This site is optimized with the Yoast SEO Premium plugin v22.6 (Yoast SEO v27.3) - https:\/\/yoast.com\/product\/yoast-seo-premium-wordpress\/ -->\n<title>205\/55R16 Westlake SW606 91T &#8226; MMK Riepas<\/title>\n<meta name=\"description\" content=\"Westlake SW606- ar jaun\u0101kaj\u0101m tehnolo\u0123ij\u0101m apvelt\u012bta bud\u017eeta klases ziemas riepa. Pieejama abos MMK Riepu centros par visizdev\u012bg\u0101kaj\u0101m cen\u0101m!\" \/>\n<meta name=\"robots\" content=\"index, follow, max-snippet:-1, max-image-preview:large, max-video-preview:-1\" \/>\n<link rel=\"canonical\" href=\"https:\/\/mmkriepas.lv\/en\/p\/ziemas-vissezonas-riepas-20555r16-westlake-sw606-frost-extrime-91t\/\" \/>\n<meta property=\"og:locale\" content=\"en_US\" \/>\n<meta property=\"og:type\" content=\"article\" \/>\n<meta property=\"og:title\" content=\"205\/55R16 Westlake SW606 91T\" \/>\n<meta property=\"og:description\" content=\"Westlake SW606- ar jaun\u0101kaj\u0101m tehnolo\u0123ij\u0101m apvelt\u012bta bud\u017eeta klases ziemas riepa. Pieejama abos MMK Riepu centros par visizdev\u012bg\u0101kaj\u0101m cen\u0101m!\" \/>\n<meta property=\"og:url\" content=\"https:\/\/mmkriepas.lv\/en\/p\/ziemas-vissezonas-riepas-20555r16-westlake-sw606-frost-extrime-91t\/\" \/>\n<meta property=\"og:site_name\" content=\"MMK Riepas\" \/>\n<meta property=\"article:publisher\" content=\"https:\/\/www.facebook.com\/mmkserviss\/\" \/>\n<meta property=\"article:modified_time\" content=\"2025-01-28T16:29:26+00:00\" \/>\n<meta property=\"og:image\" content=\"https:\/\/mmkriepas.lv\/wp-content\/uploads\/2025\/01\/22550r18-goodride-sw606-99h-xl-ziemas-riepas.jpg\" \/>\n\t<meta property=\"og:image:width\" content=\"900\" \/>\n\t<meta property=\"og:image:height\" content=\"720\" \/>\n\t<meta property=\"og:image:type\" content=\"image\/jpeg\" \/>\n<meta name=\"twitter:card\" content=\"summary_large_image\" \/>\n<meta name=\"twitter:label1\" content=\"Price\" \/>\n\t<meta name=\"twitter:data1\" content=\"&euro;49.00\" \/>\n\t<meta name=\"twitter:label2\" content=\"Availability\" \/>\n\t<meta name=\"twitter:data2\" content=\"In stock\" \/>\n<script type=\"application\/ld+json\" class=\"yoast-schema-graph\">{\"@context\":\"https:\\\/\\\/schema.org\",\"@graph\":[{\"@type\":\"WebPage\",\"@id\":\"https:\\\/\\\/mmkriepas.lv\\\/en\\\/p\\\/ziemas-vissezonas-riepas-20555r16-westlake-sw606-frost-extrime-91t\\\/\",\"url\":\"https:\\\/\\\/mmkriepas.lv\\\/en\\\/p\\\/ziemas-vissezonas-riepas-20555r16-westlake-sw606-frost-extrime-91t\\\/\",\"name\":\"205\\\/55R16 Westlake SW606 91T &#8226; MMK Riepas\",\"isPartOf\":{\"@id\":\"https:\\\/\\\/mmkriepas.lv\\\/en\\\/#website\"},\"primaryImageOfPage\":{\"@id\":\"https:\\\/\\\/mmkriepas.lv\\\/en\\\/p\\\/ziemas-vissezonas-riepas-20555r16-westlake-sw606-frost-extrime-91t\\\/#primaryimage\"},\"image\":{\"@id\":\"https:\\\/\\\/mmkriepas.lv\\\/en\\\/p\\\/ziemas-vissezonas-riepas-20555r16-westlake-sw606-frost-extrime-91t\\\/#primaryimage\"},\"thumbnailUrl\":\"https:\\\/\\\/mmkriepas.lv\\\/wp-content\\\/uploads\\\/2025\\\/01\\\/22550r18-goodride-sw606-99h-xl-ziemas-riepas.jpg\",\"datePublished\":\"2016-10-05T09:56:37+00:00\",\"dateModified\":\"2025-01-28T16:29:26+00:00\",\"description\":\"Westlake SW606- ar jaun\u0101kaj\u0101m tehnolo\u0123ij\u0101m apvelt\u012bta bud\u017eeta klases ziemas riepa. Pieejama abos MMK Riepu centros par visizdev\u012bg\u0101kaj\u0101m cen\u0101m!\",\"breadcrumb\":{\"@id\":\"https:\\\/\\\/mmkriepas.lv\\\/en\\\/p\\\/ziemas-vissezonas-riepas-20555r16-westlake-sw606-frost-extrime-91t\\\/#breadcrumb\"},\"inLanguage\":\"en-US\",\"potentialAction\":[{\"@type\":\"ReadAction\",\"target\":[\"https:\\\/\\\/mmkriepas.lv\\\/en\\\/p\\\/ziemas-vissezonas-riepas-20555r16-westlake-sw606-frost-extrime-91t\\\/\"]}]},{\"@type\":\"ImageObject\",\"inLanguage\":\"en-US\",\"@id\":\"https:\\\/\\\/mmkriepas.lv\\\/en\\\/p\\\/ziemas-vissezonas-riepas-20555r16-westlake-sw606-frost-extrime-91t\\\/#primaryimage\",\"url\":\"https:\\\/\\\/mmkriepas.lv\\\/wp-content\\\/uploads\\\/2025\\\/01\\\/22550r18-goodride-sw606-99h-xl-ziemas-riepas.jpg\",\"contentUrl\":\"https:\\\/\\\/mmkriepas.lv\\\/wp-content\\\/uploads\\\/2025\\\/01\\\/22550r18-goodride-sw606-99h-xl-ziemas-riepas.jpg\",\"width\":900,\"height\":720,\"caption\":\"MAIN\"},{\"@type\":\"BreadcrumbList\",\"@id\":\"https:\\\/\\\/mmkriepas.lv\\\/en\\\/p\\\/ziemas-vissezonas-riepas-20555r16-westlake-sw606-frost-extrime-91t\\\/#breadcrumb\",\"itemListElement\":[{\"@type\":\"ListItem\",\"position\":1,\"name\":\"S\u0101kums\",\"item\":\"https:\\\/\\\/mmkriepas.lv\\\/en\\\/\"},{\"@type\":\"ListItem\",\"position\":2,\"name\":\"205\\\/55R16 Westlake SW606 91T\"}]},{\"@type\":\"WebSite\",\"@id\":\"https:\\\/\\\/mmkriepas.lv\\\/en\\\/#website\",\"url\":\"https:\\\/\\\/mmkriepas.lv\\\/en\\\/\",\"name\":\"MMK Riepas\",\"description\":\"MMK Riepas\",\"alternateName\":\"MMK Riepu Serviss\",\"potentialAction\":[{\"@type\":\"SearchAction\",\"target\":{\"@type\":\"EntryPoint\",\"urlTemplate\":\"https:\\\/\\\/mmkriepas.lv\\\/en\\\/?s={search_term_string}\"},\"query-input\":{\"@type\":\"PropertyValueSpecification\",\"valueRequired\":true,\"valueName\":\"search_term_string\"}}],\"inLanguage\":\"en-US\"},{\"@type\":\"ImageObject\",\"inLanguage\":\"en-US\",\"@id\":\"https:\\\/\\\/mmkriepas.lv\\\/en\\\/p\\\/ziemas-vissezonas-riepas-20555r16-westlake-sw606-frost-extrime-91t\\\/#local-main-organization-logo\",\"url\":\"\",\"contentUrl\":\"\",\"caption\":\"MMK Riepas\"}]}<\/script>\n<meta property=\"product:brand\" content=\"Westlake SW606\" \/>\n<meta property=\"product:price:amount\" content=\"49.00\" \/>\n<meta property=\"product:price:currency\" content=\"EUR\" \/>\n<meta property=\"og:availability\" content=\"instock\" \/>\n<meta property=\"product:availability\" content=\"instock\" \/>\n<meta property=\"product:condition\" content=\"new\" \/>\n<!-- \/ Yoast SEO Premium plugin. -->","yoast_head_json":{"title":"205\/55R16 Westlake SW606 91T &#8226; MMK Riepas","description":"Westlake SW606- ar jaun\u0101kaj\u0101m tehnolo\u0123ij\u0101m apvelt\u012bta bud\u017eeta klases ziemas riepa. Pieejama abos MMK Riepu centros par visizdev\u012bg\u0101kaj\u0101m cen\u0101m!","robots":{"index":"index","follow":"follow","max-snippet":"max-snippet:-1","max-image-preview":"max-image-preview:large","max-video-preview":"max-video-preview:-1"},"canonical":"https:\/\/mmkriepas.lv\/en\/p\/ziemas-vissezonas-riepas-20555r16-westlake-sw606-frost-extrime-91t\/","og_locale":"en_US","og_type":"article","og_title":"205\/55R16 Westlake SW606 91T","og_description":"Westlake SW606- ar jaun\u0101kaj\u0101m tehnolo\u0123ij\u0101m apvelt\u012bta bud\u017eeta klases ziemas riepa. Pieejama abos MMK Riepu centros par visizdev\u012bg\u0101kaj\u0101m cen\u0101m!","og_url":"https:\/\/mmkriepas.lv\/en\/p\/ziemas-vissezonas-riepas-20555r16-westlake-sw606-frost-extrime-91t\/","og_site_name":"MMK Riepas","article_publisher":"https:\/\/www.facebook.com\/mmkserviss\/","article_modified_time":"2025-01-28T16:29:26+00:00","og_image":[{"width":900,"height":720,"url":"https:\/\/mmkriepas.lv\/wp-content\/uploads\/2025\/01\/22550r18-goodride-sw606-99h-xl-ziemas-riepas.jpg","type":"image\/jpeg"}],"twitter_card":"summary_large_image","twitter_misc":{"Price":"&euro;49.00","Availability":"In stock"},"schema":{"@context":"https:\/\/schema.org","@graph":[{"@type":"WebPage","@id":"https:\/\/mmkriepas.lv\/en\/p\/ziemas-vissezonas-riepas-20555r16-westlake-sw606-frost-extrime-91t\/","url":"https:\/\/mmkriepas.lv\/en\/p\/ziemas-vissezonas-riepas-20555r16-westlake-sw606-frost-extrime-91t\/","name":"205\/55R16 Westlake SW606 91T &#8226; MMK Riepas","isPartOf":{"@id":"https:\/\/mmkriepas.lv\/en\/#website"},"primaryImageOfPage":{"@id":"https:\/\/mmkriepas.lv\/en\/p\/ziemas-vissezonas-riepas-20555r16-westlake-sw606-frost-extrime-91t\/#primaryimage"},"image":{"@id":"https:\/\/mmkriepas.lv\/en\/p\/ziemas-vissezonas-riepas-20555r16-westlake-sw606-frost-extrime-91t\/#primaryimage"},"thumbnailUrl":"https:\/\/mmkriepas.lv\/wp-content\/uploads\/2025\/01\/22550r18-goodride-sw606-99h-xl-ziemas-riepas.jpg","datePublished":"2016-10-05T09:56:37+00:00","dateModified":"2025-01-28T16:29:26+00:00","description":"Westlake SW606- ar jaun\u0101kaj\u0101m tehnolo\u0123ij\u0101m apvelt\u012bta bud\u017eeta klases ziemas riepa. Pieejama abos MMK Riepu centros par visizdev\u012bg\u0101kaj\u0101m cen\u0101m!","breadcrumb":{"@id":"https:\/\/mmkriepas.lv\/en\/p\/ziemas-vissezonas-riepas-20555r16-westlake-sw606-frost-extrime-91t\/#breadcrumb"},"inLanguage":"en-US","potentialAction":[{"@type":"ReadAction","target":["https:\/\/mmkriepas.lv\/en\/p\/ziemas-vissezonas-riepas-20555r16-westlake-sw606-frost-extrime-91t\/"]}]},{"@type":"ImageObject","inLanguage":"en-US","@id":"https:\/\/mmkriepas.lv\/en\/p\/ziemas-vissezonas-riepas-20555r16-westlake-sw606-frost-extrime-91t\/#primaryimage","url":"https:\/\/mmkriepas.lv\/wp-content\/uploads\/2025\/01\/22550r18-goodride-sw606-99h-xl-ziemas-riepas.jpg","contentUrl":"https:\/\/mmkriepas.lv\/wp-content\/uploads\/2025\/01\/22550r18-goodride-sw606-99h-xl-ziemas-riepas.jpg","width":900,"height":720,"caption":"MAIN"},{"@type":"BreadcrumbList","@id":"https:\/\/mmkriepas.lv\/en\/p\/ziemas-vissezonas-riepas-20555r16-westlake-sw606-frost-extrime-91t\/#breadcrumb","itemListElement":[{"@type":"ListItem","position":1,"name":"S\u0101kums","item":"https:\/\/mmkriepas.lv\/en\/"},{"@type":"ListItem","position":2,"name":"205\/55R16 Westlake SW606 91T"}]},{"@type":"WebSite","@id":"https:\/\/mmkriepas.lv\/en\/#website","url":"https:\/\/mmkriepas.lv\/en\/","name":"MMK Riepas","description":"MMK Riepas","alternateName":"MMK Riepu Serviss","potentialAction":[{"@type":"SearchAction","target":{"@type":"EntryPoint","urlTemplate":"https:\/\/mmkriepas.lv\/en\/?s={search_term_string}"},"query-input":{"@type":"PropertyValueSpecification","valueRequired":true,"valueName":"search_term_string"}}],"inLanguage":"en-US"},{"@type":"ImageObject","inLanguage":"en-US","@id":"https:\/\/mmkriepas.lv\/en\/p\/ziemas-vissezonas-riepas-20555r16-westlake-sw606-frost-extrime-91t\/#local-main-organization-logo","url":"","contentUrl":"","caption":"MMK Riepas"}]},"product_brand":"Westlake SW606","product_price_amount":"49.00","product_price_currency":"EUR","og_availability":"instock","product_availability":"instock","product_condition":"new"},"_links":{"self":[{"href":"https:\/\/mmkriepas.lv\/en\/wp-json\/wp\/v2\/product\/2469","targetHints":{"allow":["GET"]}}],"collection":[{"href":"https:\/\/mmkriepas.lv\/en\/wp-json\/wp\/v2\/product"}],"about":[{"href":"https:\/\/mmkriepas.lv\/en\/wp-json\/wp\/v2\/types\/product"}],"wp:featuredmedia":[{"embeddable":true,"href":"https:\/\/mmkriepas.lv\/en\/wp-json\/wp\/v2\/media\/1157811"}],"wp:attachment":[{"href":"https:\/\/mmkriepas.lv\/en\/wp-json\/wp\/v2\/media?parent=2469"}],"wp:term":[{"taxonomy":"product_brand","embeddable":true,"href":"https:\/\/mmkriepas.lv\/en\/wp-json\/wp\/v2\/product_brand?post=2469"},{"taxonomy":"product_cat","embeddable":true,"href":"https:\/\/mmkriepas.lv\/en\/wp-json\/wp\/v2\/product_cat?post=2469"},{"taxonomy":"product_tag","embeddable":true,"href":"https:\/\/mmkriepas.lv\/en\/wp-json\/wp\/v2\/product_tag?post=2469"}],"curies":[{"name":"wp","href":"https:\/\/api.w.org\/{rel}","templated":true}]}}