{"id":237940,"date":"2022-07-26T12:40:20","date_gmt":"2022-07-26T09:40:20","guid":{"rendered":"https:\/\/mmkserviss.lv\/?post_type=product&#038;p=237940"},"modified":"2025-03-07T17:36:50","modified_gmt":"2025-03-07T15:36:50","slug":"grenlander-l-zeal-56-ir-labs-vasaras-riepu-modelis-tas-izcelas-ar-labiem-sakeres-un-manevretspejas-raditajiem-gan-uz-sausa-gan-slapja-asfalta-paredzets-brauksanai-pa-pilsetu-vai-valsts-magistralaji","status":"publish","type":"product","link":"https:\/\/mmkriepas.lv\/en\/p\/grenlander-l-zeal-56-ir-labs-vasaras-riepu-modelis-tas-izcelas-ar-labiem-sakeres-un-manevretspejas-raditajiem-gan-uz-sausa-gan-slapja-asfalta-paredzets-brauksanai-pa-pilsetu-vai-valsts-magistralaji\/","title":{"rendered":"255\/45R19 Hemisphere HW505 100H"},"content":{"rendered":"<h2>Hemisphere HW505<\/h2>\n<p>Hemisphere z\u012bmols Latvij\u0101 paz\u012bstams jau vair\u0101kus gadus. Hemisphere<b>\u00a0<\/b>ir uzticams riepu ra\u017eot\u0101js, sevi ir pier\u0101d\u012bjis ar augstu kvalit\u0101ti par \u013coti labu cenu. Top 10 bud\u017eeta klas\u0113. \u013boti laba kvalit\u0101tes un cenas attiec\u012bba. \u013boti laba izv\u0113le par sapr\u0101t\u012bgu cenu. <strong>\u00a0<\/strong><\/p>\n<p><strong>Riepu \u012bpa\u0161\u012bbas:<\/strong><\/p>\n<p>+ Klusas riepas,<\/p>\n<p>+ Augstas kvalit\u0101tes gumija,<\/p>\n<p>+ Degvielas ekonomija, pateicoties jaun\u0101kaj\u0101m tehnolo\u0123ij\u0101m pan\u0101kta zem\u0101ka rites pretest\u012bba,<\/p>\n<p>+ Sal\u012bdzino\u0161i vieglas riepas,<\/p>\n<p>+ Riepas izce\u013cas ar zemiem dilst\u012bbas r\u0101d\u012bt\u0101jiem, kas noz\u012bm\u0113 daudzu t\u016bksto\u0161u kilometru nobraukumu,<\/p>\n<p>+ Izteikta disku aizsargmala,<\/p>\n<p>+ Dro\u0161a vad\u0101m\u012bb\u0101 gan uz sausa, gan mitra seguma, sniega un ledus,<\/p>\n<p>+ Sal\u012bdzino\u0161i augsta notur\u012bba pret akvaplan\u0113\u0161anu,<\/p>\n<p>+ Garantija.<\/p>\n<p>MMK Serviss nov\u0113rt\u0113jums: \u201dLabas, ekonomiskas riepas par \u013coti labu cenu. Kvalit\u0101te augst\u0101ka par samaks\u0101to naudu\u201d.<\/p>\n","protected":false},"excerpt":{"rendered":"<h2>Hemisphere HW505<\/h2>\n<p>Hemisphere z\u012bmols Latvij\u0101 paz\u012bstams jau vair\u0101kus gadus. Hemisphere<b>\u00a0<\/b>ir uzticams riepu ra\u017eot\u0101js, sevi ir pier\u0101d\u012bjis ar augstu kvalit\u0101ti par \u013coti labu cenu. Top 10 bud\u017eeta klas\u0113. \u013boti laba kvalit\u0101tes un cenas attiec\u012bba. \u013boti laba izv\u0113le par sapr\u0101t\u012bgu cenu. <strong>\u00a0<\/strong><\/p>\n","protected":false},"featured_media":279567,"template":"","meta":{"_acf_changed":false,"ngg_post_thumbnail":0},"product_brand":[],"product_cat":[47,45],"product_tag":[19634],"class_list":{"0":"post-237940","1":"product","2":"type-product","3":"status-publish","4":"has-post-thumbnail","6":"product_cat-vissezonas-riepas","7":"product_cat-ziemas-riepas","8":"product_tag-mmk","10":"first","11":"outofstock","12":"sale","13":"taxable","14":"shipping-taxable","15":"product-type-simple"},"acf":[],"yoast_head":"<!-- This site is optimized with the Yoast SEO Premium plugin v22.6 (Yoast SEO v27.3) - https:\/\/yoast.com\/product\/yoast-seo-premium-wordpress\/ -->\n<title>255\/45R19 Hemisphere HW505 100H &#8226; MMK Riepas<\/title>\n<meta name=\"robots\" content=\"index, follow, max-snippet:-1, max-image-preview:large, max-video-preview:-1\" \/>\n<link rel=\"canonical\" href=\"https:\/\/mmkriepas.lv\/en\/p\/grenlander-l-zeal-56-ir-labs-vasaras-riepu-modelis-tas-izcelas-ar-labiem-sakeres-un-manevretspejas-raditajiem-gan-uz-sausa-gan-slapja-asfalta-paredzets-brauksanai-pa-pilsetu-vai-valsts-magistralaji\/\" \/>\n<meta property=\"og:locale\" content=\"en_US\" \/>\n<meta property=\"og:type\" content=\"article\" \/>\n<meta property=\"og:title\" content=\"255\/45R19 Hemisphere HW505 100H\" \/>\n<meta property=\"og:description\" content=\"Hemisphere HW505Hemisphere z\u012bmols Latvij\u0101 paz\u012bstams jau vair\u0101kus gadus. Hemisphere\u00a0ir uzticams riepu ra\u017eot\u0101js, sevi ir pier\u0101d\u012bjis ar augstu kvalit\u0101ti par \u013coti labu cenu. Top 10 bud\u017eeta klas\u0113. \u013boti laba kvalit\u0101tes un cenas attiec\u012bba. \u013boti laba izv\u0113le par sapr\u0101t\u012bgu cenu. \u00a0\" \/>\n<meta property=\"og:url\" content=\"https:\/\/mmkriepas.lv\/en\/p\/grenlander-l-zeal-56-ir-labs-vasaras-riepu-modelis-tas-izcelas-ar-labiem-sakeres-un-manevretspejas-raditajiem-gan-uz-sausa-gan-slapja-asfalta-paredzets-brauksanai-pa-pilsetu-vai-valsts-magistralaji\/\" \/>\n<meta property=\"og:site_name\" content=\"MMK Riepas\" \/>\n<meta property=\"article:publisher\" content=\"https:\/\/www.facebook.com\/mmkserviss\/\" \/>\n<meta property=\"article:modified_time\" content=\"2025-03-07T15:36:50+00:00\" \/>\n<meta property=\"og:image\" content=\"https:\/\/mmkriepas.lv\/wp-content\/uploads\/2022\/08\/31535r20-headway-hw505-106t-ziemas-riepas.jpg\" \/>\n\t<meta property=\"og:image:width\" content=\"1920\" \/>\n\t<meta property=\"og:image:height\" content=\"1277\" \/>\n\t<meta property=\"og:image:type\" content=\"image\/jpeg\" \/>\n<meta name=\"twitter:card\" content=\"summary_large_image\" \/>\n<meta name=\"twitter:label1\" content=\"Price\" \/>\n\t<meta name=\"twitter:data1\" content=\"&euro;59.00\" \/>\n\t<meta name=\"twitter:label2\" content=\"Availability\" \/>\n\t<meta name=\"twitter:data2\" content=\"Out of stock\" \/>\n<script type=\"application\/ld+json\" class=\"yoast-schema-graph\">{\"@context\":\"https:\\\/\\\/schema.org\",\"@graph\":[{\"@type\":\"WebPage\",\"@id\":\"https:\\\/\\\/mmkriepas.lv\\\/en\\\/p\\\/grenlander-l-zeal-56-ir-labs-vasaras-riepu-modelis-tas-izcelas-ar-labiem-sakeres-un-manevretspejas-raditajiem-gan-uz-sausa-gan-slapja-asfalta-paredzets-brauksanai-pa-pilsetu-vai-valsts-magistralaji\\\/\",\"url\":\"https:\\\/\\\/mmkriepas.lv\\\/en\\\/p\\\/grenlander-l-zeal-56-ir-labs-vasaras-riepu-modelis-tas-izcelas-ar-labiem-sakeres-un-manevretspejas-raditajiem-gan-uz-sausa-gan-slapja-asfalta-paredzets-brauksanai-pa-pilsetu-vai-valsts-magistralaji\\\/\",\"name\":\"255\\\/45R19 Hemisphere HW505 100H &#8226; MMK Riepas\",\"isPartOf\":{\"@id\":\"https:\\\/\\\/mmkriepas.lv\\\/en\\\/#website\"},\"primaryImageOfPage\":{\"@id\":\"https:\\\/\\\/mmkriepas.lv\\\/en\\\/p\\\/grenlander-l-zeal-56-ir-labs-vasaras-riepu-modelis-tas-izcelas-ar-labiem-sakeres-un-manevretspejas-raditajiem-gan-uz-sausa-gan-slapja-asfalta-paredzets-brauksanai-pa-pilsetu-vai-valsts-magistralaji\\\/#primaryimage\"},\"image\":{\"@id\":\"https:\\\/\\\/mmkriepas.lv\\\/en\\\/p\\\/grenlander-l-zeal-56-ir-labs-vasaras-riepu-modelis-tas-izcelas-ar-labiem-sakeres-un-manevretspejas-raditajiem-gan-uz-sausa-gan-slapja-asfalta-paredzets-brauksanai-pa-pilsetu-vai-valsts-magistralaji\\\/#primaryimage\"},\"thumbnailUrl\":\"https:\\\/\\\/mmkriepas.lv\\\/wp-content\\\/uploads\\\/2022\\\/08\\\/31535r20-headway-hw505-106t-ziemas-riepas.jpg\",\"datePublished\":\"2022-07-26T09:40:20+00:00\",\"dateModified\":\"2025-03-07T15:36:50+00:00\",\"breadcrumb\":{\"@id\":\"https:\\\/\\\/mmkriepas.lv\\\/en\\\/p\\\/grenlander-l-zeal-56-ir-labs-vasaras-riepu-modelis-tas-izcelas-ar-labiem-sakeres-un-manevretspejas-raditajiem-gan-uz-sausa-gan-slapja-asfalta-paredzets-brauksanai-pa-pilsetu-vai-valsts-magistralaji\\\/#breadcrumb\"},\"inLanguage\":\"en-US\",\"potentialAction\":[{\"@type\":\"ReadAction\",\"target\":[\"https:\\\/\\\/mmkriepas.lv\\\/en\\\/p\\\/grenlander-l-zeal-56-ir-labs-vasaras-riepu-modelis-tas-izcelas-ar-labiem-sakeres-un-manevretspejas-raditajiem-gan-uz-sausa-gan-slapja-asfalta-paredzets-brauksanai-pa-pilsetu-vai-valsts-magistralaji\\\/\"]}]},{\"@type\":\"ImageObject\",\"inLanguage\":\"en-US\",\"@id\":\"https:\\\/\\\/mmkriepas.lv\\\/en\\\/p\\\/grenlander-l-zeal-56-ir-labs-vasaras-riepu-modelis-tas-izcelas-ar-labiem-sakeres-un-manevretspejas-raditajiem-gan-uz-sausa-gan-slapja-asfalta-paredzets-brauksanai-pa-pilsetu-vai-valsts-magistralaji\\\/#primaryimage\",\"url\":\"https:\\\/\\\/mmkriepas.lv\\\/wp-content\\\/uploads\\\/2022\\\/08\\\/31535r20-headway-hw505-106t-ziemas-riepas.jpg\",\"contentUrl\":\"https:\\\/\\\/mmkriepas.lv\\\/wp-content\\\/uploads\\\/2022\\\/08\\\/31535r20-headway-hw505-106t-ziemas-riepas.jpg\",\"width\":1920,\"height\":1277,\"caption\":\"315\\\/35R20 Headway HW505 106T - Vissezonas riepas \\\/ Ziemas riepas\"},{\"@type\":\"BreadcrumbList\",\"@id\":\"https:\\\/\\\/mmkriepas.lv\\\/en\\\/p\\\/grenlander-l-zeal-56-ir-labs-vasaras-riepu-modelis-tas-izcelas-ar-labiem-sakeres-un-manevretspejas-raditajiem-gan-uz-sausa-gan-slapja-asfalta-paredzets-brauksanai-pa-pilsetu-vai-valsts-magistralaji\\\/#breadcrumb\",\"itemListElement\":[{\"@type\":\"ListItem\",\"position\":1,\"name\":\"S\u0101kums\",\"item\":\"https:\\\/\\\/mmkriepas.lv\\\/en\\\/\"},{\"@type\":\"ListItem\",\"position\":2,\"name\":\"255\\\/45R19 Hemisphere HW505 100H\"}]},{\"@type\":\"WebSite\",\"@id\":\"https:\\\/\\\/mmkriepas.lv\\\/en\\\/#website\",\"url\":\"https:\\\/\\\/mmkriepas.lv\\\/en\\\/\",\"name\":\"MMK Riepas\",\"description\":\"MMK Riepas\",\"alternateName\":\"MMK Riepu Serviss\",\"potentialAction\":[{\"@type\":\"SearchAction\",\"target\":{\"@type\":\"EntryPoint\",\"urlTemplate\":\"https:\\\/\\\/mmkriepas.lv\\\/en\\\/?s={search_term_string}\"},\"query-input\":{\"@type\":\"PropertyValueSpecification\",\"valueRequired\":true,\"valueName\":\"search_term_string\"}}],\"inLanguage\":\"en-US\"},{\"@type\":\"ImageObject\",\"inLanguage\":\"en-US\",\"@id\":\"https:\\\/\\\/mmkriepas.lv\\\/en\\\/p\\\/grenlander-l-zeal-56-ir-labs-vasaras-riepu-modelis-tas-izcelas-ar-labiem-sakeres-un-manevretspejas-raditajiem-gan-uz-sausa-gan-slapja-asfalta-paredzets-brauksanai-pa-pilsetu-vai-valsts-magistralaji\\\/#local-main-organization-logo\",\"url\":\"\",\"contentUrl\":\"\",\"caption\":\"MMK Riepas\"}]}<\/script>\n<meta property=\"product:brand\" content=\"Hemisphere HW505\" \/>\n<meta property=\"product:price:amount\" content=\"59.00\" \/>\n<meta property=\"product:price:currency\" content=\"EUR\" \/>\n<meta property=\"og:availability\" content=\"out of stock\" \/>\n<meta property=\"product:availability\" content=\"out of stock\" \/>\n<meta property=\"product:retailer_item_id\" content=\"TW2554519HEMIS-2212\" \/>\n<meta property=\"product:condition\" content=\"new\" \/>\n<!-- \/ Yoast SEO Premium plugin. -->","yoast_head_json":{"title":"255\/45R19 Hemisphere HW505 100H &#8226; MMK Riepas","robots":{"index":"index","follow":"follow","max-snippet":"max-snippet:-1","max-image-preview":"max-image-preview:large","max-video-preview":"max-video-preview:-1"},"canonical":"https:\/\/mmkriepas.lv\/en\/p\/grenlander-l-zeal-56-ir-labs-vasaras-riepu-modelis-tas-izcelas-ar-labiem-sakeres-un-manevretspejas-raditajiem-gan-uz-sausa-gan-slapja-asfalta-paredzets-brauksanai-pa-pilsetu-vai-valsts-magistralaji\/","og_locale":"en_US","og_type":"article","og_title":"255\/45R19 Hemisphere HW505 100H","og_description":"Hemisphere HW505Hemisphere z\u012bmols Latvij\u0101 paz\u012bstams jau vair\u0101kus gadus. Hemisphere\u00a0ir uzticams riepu ra\u017eot\u0101js, sevi ir pier\u0101d\u012bjis ar augstu kvalit\u0101ti par \u013coti labu cenu. Top 10 bud\u017eeta klas\u0113. \u013boti laba kvalit\u0101tes un cenas attiec\u012bba. \u013boti laba izv\u0113le par sapr\u0101t\u012bgu cenu. \u00a0","og_url":"https:\/\/mmkriepas.lv\/en\/p\/grenlander-l-zeal-56-ir-labs-vasaras-riepu-modelis-tas-izcelas-ar-labiem-sakeres-un-manevretspejas-raditajiem-gan-uz-sausa-gan-slapja-asfalta-paredzets-brauksanai-pa-pilsetu-vai-valsts-magistralaji\/","og_site_name":"MMK Riepas","article_publisher":"https:\/\/www.facebook.com\/mmkserviss\/","article_modified_time":"2025-03-07T15:36:50+00:00","og_image":[{"width":1920,"height":1277,"url":"https:\/\/mmkriepas.lv\/wp-content\/uploads\/2022\/08\/31535r20-headway-hw505-106t-ziemas-riepas.jpg","type":"image\/jpeg"}],"twitter_card":"summary_large_image","twitter_misc":{"Price":"&euro;59.00","Availability":"Out of stock"},"schema":{"@context":"https:\/\/schema.org","@graph":[{"@type":"WebPage","@id":"https:\/\/mmkriepas.lv\/en\/p\/grenlander-l-zeal-56-ir-labs-vasaras-riepu-modelis-tas-izcelas-ar-labiem-sakeres-un-manevretspejas-raditajiem-gan-uz-sausa-gan-slapja-asfalta-paredzets-brauksanai-pa-pilsetu-vai-valsts-magistralaji\/","url":"https:\/\/mmkriepas.lv\/en\/p\/grenlander-l-zeal-56-ir-labs-vasaras-riepu-modelis-tas-izcelas-ar-labiem-sakeres-un-manevretspejas-raditajiem-gan-uz-sausa-gan-slapja-asfalta-paredzets-brauksanai-pa-pilsetu-vai-valsts-magistralaji\/","name":"255\/45R19 Hemisphere HW505 100H &#8226; MMK Riepas","isPartOf":{"@id":"https:\/\/mmkriepas.lv\/en\/#website"},"primaryImageOfPage":{"@id":"https:\/\/mmkriepas.lv\/en\/p\/grenlander-l-zeal-56-ir-labs-vasaras-riepu-modelis-tas-izcelas-ar-labiem-sakeres-un-manevretspejas-raditajiem-gan-uz-sausa-gan-slapja-asfalta-paredzets-brauksanai-pa-pilsetu-vai-valsts-magistralaji\/#primaryimage"},"image":{"@id":"https:\/\/mmkriepas.lv\/en\/p\/grenlander-l-zeal-56-ir-labs-vasaras-riepu-modelis-tas-izcelas-ar-labiem-sakeres-un-manevretspejas-raditajiem-gan-uz-sausa-gan-slapja-asfalta-paredzets-brauksanai-pa-pilsetu-vai-valsts-magistralaji\/#primaryimage"},"thumbnailUrl":"https:\/\/mmkriepas.lv\/wp-content\/uploads\/2022\/08\/31535r20-headway-hw505-106t-ziemas-riepas.jpg","datePublished":"2022-07-26T09:40:20+00:00","dateModified":"2025-03-07T15:36:50+00:00","breadcrumb":{"@id":"https:\/\/mmkriepas.lv\/en\/p\/grenlander-l-zeal-56-ir-labs-vasaras-riepu-modelis-tas-izcelas-ar-labiem-sakeres-un-manevretspejas-raditajiem-gan-uz-sausa-gan-slapja-asfalta-paredzets-brauksanai-pa-pilsetu-vai-valsts-magistralaji\/#breadcrumb"},"inLanguage":"en-US","potentialAction":[{"@type":"ReadAction","target":["https:\/\/mmkriepas.lv\/en\/p\/grenlander-l-zeal-56-ir-labs-vasaras-riepu-modelis-tas-izcelas-ar-labiem-sakeres-un-manevretspejas-raditajiem-gan-uz-sausa-gan-slapja-asfalta-paredzets-brauksanai-pa-pilsetu-vai-valsts-magistralaji\/"]}]},{"@type":"ImageObject","inLanguage":"en-US","@id":"https:\/\/mmkriepas.lv\/en\/p\/grenlander-l-zeal-56-ir-labs-vasaras-riepu-modelis-tas-izcelas-ar-labiem-sakeres-un-manevretspejas-raditajiem-gan-uz-sausa-gan-slapja-asfalta-paredzets-brauksanai-pa-pilsetu-vai-valsts-magistralaji\/#primaryimage","url":"https:\/\/mmkriepas.lv\/wp-content\/uploads\/2022\/08\/31535r20-headway-hw505-106t-ziemas-riepas.jpg","contentUrl":"https:\/\/mmkriepas.lv\/wp-content\/uploads\/2022\/08\/31535r20-headway-hw505-106t-ziemas-riepas.jpg","width":1920,"height":1277,"caption":"315\/35R20 Headway HW505 106T - Vissezonas riepas \/ Ziemas riepas"},{"@type":"BreadcrumbList","@id":"https:\/\/mmkriepas.lv\/en\/p\/grenlander-l-zeal-56-ir-labs-vasaras-riepu-modelis-tas-izcelas-ar-labiem-sakeres-un-manevretspejas-raditajiem-gan-uz-sausa-gan-slapja-asfalta-paredzets-brauksanai-pa-pilsetu-vai-valsts-magistralaji\/#breadcrumb","itemListElement":[{"@type":"ListItem","position":1,"name":"S\u0101kums","item":"https:\/\/mmkriepas.lv\/en\/"},{"@type":"ListItem","position":2,"name":"255\/45R19 Hemisphere HW505 100H"}]},{"@type":"WebSite","@id":"https:\/\/mmkriepas.lv\/en\/#website","url":"https:\/\/mmkriepas.lv\/en\/","name":"MMK Riepas","description":"MMK Riepas","alternateName":"MMK Riepu Serviss","potentialAction":[{"@type":"SearchAction","target":{"@type":"EntryPoint","urlTemplate":"https:\/\/mmkriepas.lv\/en\/?s={search_term_string}"},"query-input":{"@type":"PropertyValueSpecification","valueRequired":true,"valueName":"search_term_string"}}],"inLanguage":"en-US"},{"@type":"ImageObject","inLanguage":"en-US","@id":"https:\/\/mmkriepas.lv\/en\/p\/grenlander-l-zeal-56-ir-labs-vasaras-riepu-modelis-tas-izcelas-ar-labiem-sakeres-un-manevretspejas-raditajiem-gan-uz-sausa-gan-slapja-asfalta-paredzets-brauksanai-pa-pilsetu-vai-valsts-magistralaji\/#local-main-organization-logo","url":"","contentUrl":"","caption":"MMK Riepas"}]},"product_brand":"Hemisphere HW505","product_price_amount":"59.00","product_price_currency":"EUR","og_availability":"out of stock","product_availability":"out of stock","product_retailer_item_id":"TW2554519HEMIS-2212","product_condition":"new"},"_links":{"self":[{"href":"https:\/\/mmkriepas.lv\/en\/wp-json\/wp\/v2\/product\/237940","targetHints":{"allow":["GET"]}}],"collection":[{"href":"https:\/\/mmkriepas.lv\/en\/wp-json\/wp\/v2\/product"}],"about":[{"href":"https:\/\/mmkriepas.lv\/en\/wp-json\/wp\/v2\/types\/product"}],"wp:featuredmedia":[{"embeddable":true,"href":"https:\/\/mmkriepas.lv\/en\/wp-json\/wp\/v2\/media\/279567"}],"wp:attachment":[{"href":"https:\/\/mmkriepas.lv\/en\/wp-json\/wp\/v2\/media?parent=237940"}],"wp:term":[{"taxonomy":"product_brand","embeddable":true,"href":"https:\/\/mmkriepas.lv\/en\/wp-json\/wp\/v2\/product_brand?post=237940"},{"taxonomy":"product_cat","embeddable":true,"href":"https:\/\/mmkriepas.lv\/en\/wp-json\/wp\/v2\/product_cat?post=237940"},{"taxonomy":"product_tag","embeddable":true,"href":"https:\/\/mmkriepas.lv\/en\/wp-json\/wp\/v2\/product_tag?post=237940"}],"curies":[{"name":"wp","href":"https:\/\/api.w.org\/{rel}","templated":true}]}}