{"id":237839,"date":"2022-07-25T17:07:01","date_gmt":"2022-07-25T14:07:01","guid":{"rendered":"https:\/\/mmkserviss.lv\/?post_type=product&#038;p=237839"},"modified":"2025-03-07T17:38:46","modified_gmt":"2025-03-07T15:38:46","slug":"265-60r18-charmhoo-winter-suv-114h-xl","status":"publish","type":"product","link":"https:\/\/mmkriepas.lv\/en\/p\/265-60r18-charmhoo-winter-suv-114h-xl\/","title":{"rendered":"265\/60R18 Charmhoo Winter SUV 114H XL"},"content":{"rendered":"<p><strong>Charmhoo Winter SUV<\/strong>\u00a0 ir ziemas riepu modelis, kas izce\u013cas ar augst\u0101m veiktsp\u0113jas \u012bpa\u0161\u012bb\u0101m visda\u017e\u0101d\u0101kajos brauk\u0161anas apst\u0101k\u013cos, k\u0101 ar\u012b ar draudz\u012bgu cenu.<\/p>\n<p><strong>Winter SUV galven\u0101s iez\u012bmes<\/strong><\/p>\n<p>+ Lieliska manevr\u0113tsp\u0113ja un stabilit\u0101te!<\/p>\n<p>+ Sa\u012bsin\u0101ts bremz\u0113\u0161anas ce\u013c\u0161 un samazin\u0101ta iesp\u0113ja sasl\u012bd\u0113t!<\/p>\n<p>+ \u013boti lielais lame\u013cu skaits uzlabo veiktsp\u0113ju uz ledus!<\/p>\n<p>+ Laba veiktsp\u0113jas\/cenas attiec\u012bba!<\/p>\n<p><strong>Winter SUV apr\u012bkojums<\/strong><\/p>\n<p><strong>Charmhoo Winter SUV<\/strong> riepu modelis apr\u012bkots ar virz\u012bta stila protektora rakstu. Pati riepa izgatavota no augstas kvalit\u0101tes gumijas mais\u012bjuma, kas bag\u0101tin\u0101ts ar veselu virkni elastrom\u0113ru. Tas dar\u012bts ar m\u0113r\u0137i likt riepai saglab\u0101t elast\u012bbu zem\u0101s gaisa temperat\u016br\u0101s. Elast\u012bga riepa daudz lab\u0101k veido sa\u0137eri ar ce\u013ca virsmu. Virz\u012bt\u0101 stil\u0101 izvietotajos protektora blokos bl\u012bvi iestr\u0101d\u0101ti vair\u0101ki t\u016bksto\u0161i lame\u013cu, kuras, aizst\u0101jot radzes, ar as\u0101m kant\u0113m iec\u0113rtas led\u016b, ar slideno virsmu veidojot cie\u0161u sa\u0137eri.<\/p>\n<p><strong>Charmhoo Winter SUV<\/strong>\u00a0mode\u013ca lieto\u0161anas dro\u0161\u012bbu ziemas laika apst\u0101k\u013cos un t\u0101 atbilst\u012bbu valst\u012bm ar oblig\u0101tu sezon\u0101lo riepu mai\u0146u apstiprina mar\u0137\u0113jums sniegp\u0101rslas form\u0101 uz kalna fona ar trim virsotn\u0113m (3PMSF).<\/p>\n","protected":false},"excerpt":{"rendered":"<p><strong>Charmhoo Winter SUV<\/strong>\u00a0 ir ziemas riepu modelis, kas izce\u013cas ar augst\u0101m veiktsp\u0113jas \u012bpa\u0161\u012bb\u0101m visda\u017e\u0101d\u0101kajos brauk\u0161anas apst\u0101k\u013cos, k\u0101 ar\u012b ar draudz\u012bgu cenu.<\/p>\n","protected":false},"featured_media":237840,"template":"","meta":{"_acf_changed":false,"ngg_post_thumbnail":0},"product_brand":[],"product_cat":[47,45],"product_tag":[],"class_list":{"0":"post-237839","1":"product","2":"type-product","3":"status-publish","4":"has-post-thumbnail","6":"product_cat-vissezonas-riepas","7":"product_cat-ziemas-riepas","9":"first","10":"outofstock","11":"sale","12":"taxable","13":"shipping-taxable","14":"product-type-simple"},"acf":[],"yoast_head":"<!-- This site is optimized with the Yoast SEO Premium plugin v22.6 (Yoast SEO v27.3) - https:\/\/yoast.com\/product\/yoast-seo-premium-wordpress\/ -->\n<title>265\/60R18 Charmhoo Winter SUV 114H XL &#8226; MMK Riepas<\/title>\n<meta name=\"description\" content=\"Charmhoo Winter SUV - ziemas riepa, kas paredz\u0113ta bargiem apst\u0101k\u013ciem. Pieejama abos MMK Riepu Centros par vislab\u0101kaj\u0101m cen\u0101m.\" \/>\n<meta name=\"robots\" content=\"index, follow, max-snippet:-1, max-image-preview:large, max-video-preview:-1\" \/>\n<link rel=\"canonical\" href=\"https:\/\/mmkriepas.lv\/en\/p\/265-60r18-charmhoo-winter-suv-114h-xl\/\" \/>\n<meta property=\"og:locale\" content=\"en_US\" \/>\n<meta property=\"og:type\" content=\"article\" \/>\n<meta property=\"og:title\" content=\"265\/60R18 Charmhoo Winter SUV 114H XL\" \/>\n<meta property=\"og:description\" content=\"Charmhoo Winter SUV - ziemas riepa, kas paredz\u0113ta bargiem apst\u0101k\u013ciem. Pieejama abos MMK Riepu Centros par vislab\u0101kaj\u0101m cen\u0101m.\" \/>\n<meta property=\"og:url\" content=\"https:\/\/mmkriepas.lv\/en\/p\/265-60r18-charmhoo-winter-suv-114h-xl\/\" \/>\n<meta property=\"og:site_name\" content=\"MMK Riepas\" \/>\n<meta property=\"article:publisher\" content=\"https:\/\/www.facebook.com\/mmkserviss\/\" \/>\n<meta property=\"article:modified_time\" content=\"2025-03-07T15:38:46+00:00\" \/>\n<meta property=\"og:image\" content=\"https:\/\/mmkriepas.lv\/wp-content\/uploads\/2022\/07\/21555r18-charmhoo-winter-suv-99h-xl-ziemas-riepas.jpeg\" \/>\n\t<meta property=\"og:image:width\" content=\"1705\" \/>\n\t<meta property=\"og:image:height\" content=\"1116\" \/>\n\t<meta property=\"og:image:type\" content=\"image\/jpeg\" \/>\n<meta name=\"twitter:card\" content=\"summary_large_image\" \/>\n<meta name=\"twitter:label1\" content=\"Price\" \/>\n\t<meta name=\"twitter:data1\" content=\"&euro;75.00\" \/>\n\t<meta name=\"twitter:label2\" content=\"Availability\" \/>\n\t<meta name=\"twitter:data2\" content=\"Out of stock\" \/>\n<script type=\"application\/ld+json\" class=\"yoast-schema-graph\">{\"@context\":\"https:\\\/\\\/schema.org\",\"@graph\":[{\"@type\":\"WebPage\",\"@id\":\"https:\\\/\\\/mmkriepas.lv\\\/en\\\/p\\\/265-60r18-charmhoo-winter-suv-114h-xl\\\/\",\"url\":\"https:\\\/\\\/mmkriepas.lv\\\/en\\\/p\\\/265-60r18-charmhoo-winter-suv-114h-xl\\\/\",\"name\":\"265\\\/60R18 Charmhoo Winter SUV 114H XL &#8226; MMK Riepas\",\"isPartOf\":{\"@id\":\"https:\\\/\\\/mmkriepas.lv\\\/en\\\/#website\"},\"primaryImageOfPage\":{\"@id\":\"https:\\\/\\\/mmkriepas.lv\\\/en\\\/p\\\/265-60r18-charmhoo-winter-suv-114h-xl\\\/#primaryimage\"},\"image\":{\"@id\":\"https:\\\/\\\/mmkriepas.lv\\\/en\\\/p\\\/265-60r18-charmhoo-winter-suv-114h-xl\\\/#primaryimage\"},\"thumbnailUrl\":\"https:\\\/\\\/mmkriepas.lv\\\/wp-content\\\/uploads\\\/2022\\\/07\\\/21555r18-charmhoo-winter-suv-99h-xl-ziemas-riepas.jpeg\",\"datePublished\":\"2022-07-25T14:07:01+00:00\",\"dateModified\":\"2025-03-07T15:38:46+00:00\",\"description\":\"Charmhoo Winter SUV - ziemas riepa, kas paredz\u0113ta bargiem apst\u0101k\u013ciem. Pieejama abos MMK Riepu Centros par vislab\u0101kaj\u0101m cen\u0101m.\",\"breadcrumb\":{\"@id\":\"https:\\\/\\\/mmkriepas.lv\\\/en\\\/p\\\/265-60r18-charmhoo-winter-suv-114h-xl\\\/#breadcrumb\"},\"inLanguage\":\"en-US\",\"potentialAction\":[{\"@type\":\"ReadAction\",\"target\":[\"https:\\\/\\\/mmkriepas.lv\\\/en\\\/p\\\/265-60r18-charmhoo-winter-suv-114h-xl\\\/\"]}]},{\"@type\":\"ImageObject\",\"inLanguage\":\"en-US\",\"@id\":\"https:\\\/\\\/mmkriepas.lv\\\/en\\\/p\\\/265-60r18-charmhoo-winter-suv-114h-xl\\\/#primaryimage\",\"url\":\"https:\\\/\\\/mmkriepas.lv\\\/wp-content\\\/uploads\\\/2022\\\/07\\\/21555r18-charmhoo-winter-suv-99h-xl-ziemas-riepas.jpeg\",\"contentUrl\":\"https:\\\/\\\/mmkriepas.lv\\\/wp-content\\\/uploads\\\/2022\\\/07\\\/21555r18-charmhoo-winter-suv-99h-xl-ziemas-riepas.jpeg\",\"width\":1705,\"height\":1116,\"caption\":\"215\\\/55R18 Charmhoo Winter SUV 99H XL - Vissezonas riepas \\\/ Ziemas riepas\"},{\"@type\":\"BreadcrumbList\",\"@id\":\"https:\\\/\\\/mmkriepas.lv\\\/en\\\/p\\\/265-60r18-charmhoo-winter-suv-114h-xl\\\/#breadcrumb\",\"itemListElement\":[{\"@type\":\"ListItem\",\"position\":1,\"name\":\"S\u0101kums\",\"item\":\"https:\\\/\\\/mmkriepas.lv\\\/en\\\/\"},{\"@type\":\"ListItem\",\"position\":2,\"name\":\"265\\\/60R18 Charmhoo Winter SUV 114H XL\"}]},{\"@type\":\"WebSite\",\"@id\":\"https:\\\/\\\/mmkriepas.lv\\\/en\\\/#website\",\"url\":\"https:\\\/\\\/mmkriepas.lv\\\/en\\\/\",\"name\":\"MMK Riepas\",\"description\":\"MMK Riepas\",\"alternateName\":\"MMK Riepu Serviss\",\"potentialAction\":[{\"@type\":\"SearchAction\",\"target\":{\"@type\":\"EntryPoint\",\"urlTemplate\":\"https:\\\/\\\/mmkriepas.lv\\\/en\\\/?s={search_term_string}\"},\"query-input\":{\"@type\":\"PropertyValueSpecification\",\"valueRequired\":true,\"valueName\":\"search_term_string\"}}],\"inLanguage\":\"en-US\"},{\"@type\":\"ImageObject\",\"inLanguage\":\"en-US\",\"@id\":\"https:\\\/\\\/mmkriepas.lv\\\/en\\\/p\\\/265-60r18-charmhoo-winter-suv-114h-xl\\\/#local-main-organization-logo\",\"url\":\"\",\"contentUrl\":\"\",\"caption\":\"MMK Riepas\"}]}<\/script>\n<meta property=\"product:brand\" content=\"Charmhoo Winter SUV\" \/>\n<meta property=\"product:price:amount\" content=\"75.00\" \/>\n<meta property=\"product:price:currency\" content=\"EUR\" \/>\n<meta property=\"og:availability\" content=\"out of stock\" \/>\n<meta property=\"product:availability\" content=\"out of stock\" \/>\n<meta property=\"product:retailer_item_id\" content=\"TW2656018CHARM-2285\" \/>\n<meta property=\"product:condition\" content=\"new\" \/>\n<!-- \/ Yoast SEO Premium plugin. -->","yoast_head_json":{"title":"265\/60R18 Charmhoo Winter SUV 114H XL &#8226; MMK Riepas","description":"Charmhoo Winter SUV - ziemas riepa, kas paredz\u0113ta bargiem apst\u0101k\u013ciem. Pieejama abos MMK Riepu Centros par vislab\u0101kaj\u0101m cen\u0101m.","robots":{"index":"index","follow":"follow","max-snippet":"max-snippet:-1","max-image-preview":"max-image-preview:large","max-video-preview":"max-video-preview:-1"},"canonical":"https:\/\/mmkriepas.lv\/en\/p\/265-60r18-charmhoo-winter-suv-114h-xl\/","og_locale":"en_US","og_type":"article","og_title":"265\/60R18 Charmhoo Winter SUV 114H XL","og_description":"Charmhoo Winter SUV - ziemas riepa, kas paredz\u0113ta bargiem apst\u0101k\u013ciem. Pieejama abos MMK Riepu Centros par vislab\u0101kaj\u0101m cen\u0101m.","og_url":"https:\/\/mmkriepas.lv\/en\/p\/265-60r18-charmhoo-winter-suv-114h-xl\/","og_site_name":"MMK Riepas","article_publisher":"https:\/\/www.facebook.com\/mmkserviss\/","article_modified_time":"2025-03-07T15:38:46+00:00","og_image":[{"width":1705,"height":1116,"url":"https:\/\/mmkriepas.lv\/wp-content\/uploads\/2022\/07\/21555r18-charmhoo-winter-suv-99h-xl-ziemas-riepas.jpeg","type":"image\/jpeg"}],"twitter_card":"summary_large_image","twitter_misc":{"Price":"&euro;75.00","Availability":"Out of stock"},"schema":{"@context":"https:\/\/schema.org","@graph":[{"@type":"WebPage","@id":"https:\/\/mmkriepas.lv\/en\/p\/265-60r18-charmhoo-winter-suv-114h-xl\/","url":"https:\/\/mmkriepas.lv\/en\/p\/265-60r18-charmhoo-winter-suv-114h-xl\/","name":"265\/60R18 Charmhoo Winter SUV 114H XL &#8226; MMK Riepas","isPartOf":{"@id":"https:\/\/mmkriepas.lv\/en\/#website"},"primaryImageOfPage":{"@id":"https:\/\/mmkriepas.lv\/en\/p\/265-60r18-charmhoo-winter-suv-114h-xl\/#primaryimage"},"image":{"@id":"https:\/\/mmkriepas.lv\/en\/p\/265-60r18-charmhoo-winter-suv-114h-xl\/#primaryimage"},"thumbnailUrl":"https:\/\/mmkriepas.lv\/wp-content\/uploads\/2022\/07\/21555r18-charmhoo-winter-suv-99h-xl-ziemas-riepas.jpeg","datePublished":"2022-07-25T14:07:01+00:00","dateModified":"2025-03-07T15:38:46+00:00","description":"Charmhoo Winter SUV - ziemas riepa, kas paredz\u0113ta bargiem apst\u0101k\u013ciem. Pieejama abos MMK Riepu Centros par vislab\u0101kaj\u0101m cen\u0101m.","breadcrumb":{"@id":"https:\/\/mmkriepas.lv\/en\/p\/265-60r18-charmhoo-winter-suv-114h-xl\/#breadcrumb"},"inLanguage":"en-US","potentialAction":[{"@type":"ReadAction","target":["https:\/\/mmkriepas.lv\/en\/p\/265-60r18-charmhoo-winter-suv-114h-xl\/"]}]},{"@type":"ImageObject","inLanguage":"en-US","@id":"https:\/\/mmkriepas.lv\/en\/p\/265-60r18-charmhoo-winter-suv-114h-xl\/#primaryimage","url":"https:\/\/mmkriepas.lv\/wp-content\/uploads\/2022\/07\/21555r18-charmhoo-winter-suv-99h-xl-ziemas-riepas.jpeg","contentUrl":"https:\/\/mmkriepas.lv\/wp-content\/uploads\/2022\/07\/21555r18-charmhoo-winter-suv-99h-xl-ziemas-riepas.jpeg","width":1705,"height":1116,"caption":"215\/55R18 Charmhoo Winter SUV 99H XL - Vissezonas riepas \/ Ziemas riepas"},{"@type":"BreadcrumbList","@id":"https:\/\/mmkriepas.lv\/en\/p\/265-60r18-charmhoo-winter-suv-114h-xl\/#breadcrumb","itemListElement":[{"@type":"ListItem","position":1,"name":"S\u0101kums","item":"https:\/\/mmkriepas.lv\/en\/"},{"@type":"ListItem","position":2,"name":"265\/60R18 Charmhoo Winter SUV 114H XL"}]},{"@type":"WebSite","@id":"https:\/\/mmkriepas.lv\/en\/#website","url":"https:\/\/mmkriepas.lv\/en\/","name":"MMK Riepas","description":"MMK Riepas","alternateName":"MMK Riepu Serviss","potentialAction":[{"@type":"SearchAction","target":{"@type":"EntryPoint","urlTemplate":"https:\/\/mmkriepas.lv\/en\/?s={search_term_string}"},"query-input":{"@type":"PropertyValueSpecification","valueRequired":true,"valueName":"search_term_string"}}],"inLanguage":"en-US"},{"@type":"ImageObject","inLanguage":"en-US","@id":"https:\/\/mmkriepas.lv\/en\/p\/265-60r18-charmhoo-winter-suv-114h-xl\/#local-main-organization-logo","url":"","contentUrl":"","caption":"MMK Riepas"}]},"product_brand":"Charmhoo Winter SUV","product_price_amount":"75.00","product_price_currency":"EUR","og_availability":"out of stock","product_availability":"out of stock","product_retailer_item_id":"TW2656018CHARM-2285","product_condition":"new"},"_links":{"self":[{"href":"https:\/\/mmkriepas.lv\/en\/wp-json\/wp\/v2\/product\/237839","targetHints":{"allow":["GET"]}}],"collection":[{"href":"https:\/\/mmkriepas.lv\/en\/wp-json\/wp\/v2\/product"}],"about":[{"href":"https:\/\/mmkriepas.lv\/en\/wp-json\/wp\/v2\/types\/product"}],"wp:featuredmedia":[{"embeddable":true,"href":"https:\/\/mmkriepas.lv\/en\/wp-json\/wp\/v2\/media\/237840"}],"wp:attachment":[{"href":"https:\/\/mmkriepas.lv\/en\/wp-json\/wp\/v2\/media?parent=237839"}],"wp:term":[{"taxonomy":"product_brand","embeddable":true,"href":"https:\/\/mmkriepas.lv\/en\/wp-json\/wp\/v2\/product_brand?post=237839"},{"taxonomy":"product_cat","embeddable":true,"href":"https:\/\/mmkriepas.lv\/en\/wp-json\/wp\/v2\/product_cat?post=237839"},{"taxonomy":"product_tag","embeddable":true,"href":"https:\/\/mmkriepas.lv\/en\/wp-json\/wp\/v2\/product_tag?post=237839"}],"curies":[{"name":"wp","href":"https:\/\/api.w.org\/{rel}","templated":true}]}}