{"id":237685,"date":"2022-07-23T10:36:25","date_gmt":"2022-07-23T07:36:25","guid":{"rendered":"https:\/\/mmkserviss.lv\/?post_type=product&#038;p=237685"},"modified":"2025-03-07T17:34:17","modified_gmt":"2025-03-07T15:34:17","slug":"245-40r20-leao-winter-ice-i-15-95t","status":"publish","type":"product","link":"https:\/\/mmkriepas.lv\/en\/p\/245-40r20-leao-winter-ice-i-15-95t\/","title":{"rendered":"245\/40R20 Leao Winter Defender Ice I-15 SUV 95T"},"content":{"rendered":"<p><strong>Leao Winter Defender Ice I-15<\/strong> ir ziemas riepu modelis, kas paredz\u0113ts vieglajiem auto. Tas izce\u013cas ar augst\u0101m veiktsp\u0113jas \u012bpa\u0161\u012bb\u0101m visda\u017e\u0101d\u0101kajos brauk\u0161anas apst\u0101k\u013cos, k\u0101 ar\u012b ar draudz\u012bgu cenu.<\/p>\n<p><strong>Winter Defender Ice I-15 galven\u0101s iez\u012bmes<\/strong><\/p>\n<p>+ Lieliska manevr\u0113tsp\u0113ja un stabilit\u0101te!<\/p>\n<p>+ Sa\u012bsin\u0101ts bremz\u0113\u0161anas ce\u013c\u0161 un samazin\u0101ta iesp\u0113ja sasl\u012bd\u0113t!<\/p>\n<p>+ Liels lame\u013cu skaits uzlabo veiktsp\u0113ju uz ledus!<\/p>\n<p>+ Laba veiktsp\u0113jas\/cenas attiec\u012bba!<\/p>\n<p><strong>Winter Defender Ice I-15 apr\u012bkojums<\/strong><\/p>\n<p><strong>Leao Winter Defender Ice I-15<\/strong> riepu modelis apr\u012bkots ar virz\u012bta stila protektora rakstu, kura centr\u0101l\u0101 protektora virkne sast\u0101v no V-veida blokiem, bet s\u0101nu zonas- no masiviem protektora blokiem. Pati riepa izgatavota no augstas kvalit\u0101tes gumijas mais\u012bjuma, kas bag\u0101tin\u0101ts ar veselu virkni elastrom\u0113ru. Tas dar\u012bts ar m\u0113r\u0137i likt riepai saglab\u0101t elast\u012bbu zem\u0101s gaisa temperat\u016br\u0101s. Elast\u012bga riepa daudz lab\u0101k veido sa\u0137eri ar ce\u013ca virsmu. Virz\u012bt\u0101 stil\u0101 izvietotajos protektora blokos bl\u012bvi iestr\u0101d\u0101ti vair\u0101ki t\u016bksto\u0161i lame\u013cu, kuras, aizst\u0101jot radzes, ar as\u0101m kant\u0113m iec\u0113rtas led\u016b, ar slideno virsmu veidojot cie\u0161u sa\u0137eri.<\/p>\n<p><span style=\"color: #ff0000;\"><strong>Leao<\/strong> <strong>Winter Defender Ice I-15<\/strong> mode\u013ca lieto\u0161anas dro\u0161\u012bbu ziemas laika apst\u0101k\u013cos un t\u0101 atbilst\u012bbu valst\u012bm ar oblig\u0101tu sezon\u0101lo riepu mai\u0146u apstiprina mar\u0137\u0113jums sniegp\u0101rslas form\u0101 uz kalna fona ar trim virsotn\u0113m (3PMSF).<\/span><\/p>\n","protected":false},"excerpt":{"rendered":"<p><strong>Leao Winter Defender Ice I-15<\/strong> ir ziemas riepu modelis, kas paredz\u0113ts vieglajiem auto. Tas izce\u013cas ar augst\u0101m veiktsp\u0113jas \u012bpa\u0161\u012bb\u0101m visda\u017e\u0101d\u0101kajos brauk\u0161anas apst\u0101k\u013cos, k\u0101 ar\u012b ar draudz\u012bgu cenu.<\/p>\n","protected":false},"featured_media":822753,"template":"","meta":{"_acf_changed":false,"ngg_post_thumbnail":0},"product_brand":[],"product_cat":[47,45],"product_tag":[19634],"class_list":{"0":"post-237685","1":"product","2":"type-product","3":"status-publish","4":"has-post-thumbnail","6":"product_cat-vissezonas-riepas","7":"product_cat-ziemas-riepas","8":"product_tag-mmk","10":"first","11":"outofstock","12":"sale","13":"taxable","14":"shipping-taxable","15":"product-type-simple"},"acf":[],"yoast_head":"<!-- This site is optimized with the Yoast SEO Premium plugin v22.6 (Yoast SEO v27.3) - https:\/\/yoast.com\/product\/yoast-seo-premium-wordpress\/ -->\n<title>245\/40R20 Leao Winter Defender Ice I-15 SUV 95T &#8226; MMK Riepas<\/title>\n<meta name=\"description\" content=\"Leao Winter Defender Ice I-15- ziemas riepa, kas paredz\u0113ta bargiem apst\u0101k\u013ciem. Pieejama abos MMK Riepu Centros par vislab\u0101kaj\u0101m cen\u0101m.\" \/>\n<meta name=\"robots\" content=\"index, follow, max-snippet:-1, max-image-preview:large, max-video-preview:-1\" \/>\n<link rel=\"canonical\" href=\"https:\/\/mmkriepas.lv\/en\/p\/245-40r20-leao-winter-ice-i-15-95t\/\" \/>\n<meta property=\"og:locale\" content=\"en_US\" \/>\n<meta property=\"og:type\" content=\"article\" \/>\n<meta property=\"og:title\" content=\"245\/40R20 Leao Winter Defender Ice I-15 SUV 95T\" \/>\n<meta property=\"og:description\" content=\"Leao Winter Defender Ice I-15- ziemas riepa, kas paredz\u0113ta bargiem apst\u0101k\u013ciem. Pieejama abos MMK Riepu Centros par vislab\u0101kaj\u0101m cen\u0101m.\" \/>\n<meta property=\"og:url\" content=\"https:\/\/mmkriepas.lv\/en\/p\/245-40r20-leao-winter-ice-i-15-95t\/\" \/>\n<meta property=\"og:site_name\" content=\"MMK Riepas\" \/>\n<meta property=\"article:publisher\" content=\"https:\/\/www.facebook.com\/mmkserviss\/\" \/>\n<meta property=\"article:modified_time\" content=\"2025-03-07T15:34:17+00:00\" \/>\n<meta property=\"og:image\" content=\"https:\/\/mmkriepas.lv\/wp-content\/uploads\/2023\/11\/27550r20-leao-winter-defender-ice-i-15-suv-113s-xl-ziemas-riepas.jpg\" \/>\n\t<meta property=\"og:image:width\" content=\"1920\" \/>\n\t<meta property=\"og:image:height\" content=\"1920\" \/>\n\t<meta property=\"og:image:type\" content=\"image\/jpeg\" \/>\n<meta name=\"twitter:card\" content=\"summary_large_image\" \/>\n<meta name=\"twitter:label1\" content=\"Price\" \/>\n\t<meta name=\"twitter:data1\" content=\"&euro;70.00\" \/>\n\t<meta name=\"twitter:label2\" content=\"Availability\" \/>\n\t<meta name=\"twitter:data2\" content=\"Out of stock\" \/>\n<script type=\"application\/ld+json\" class=\"yoast-schema-graph\">{\"@context\":\"https:\\\/\\\/schema.org\",\"@graph\":[{\"@type\":\"WebPage\",\"@id\":\"https:\\\/\\\/mmkriepas.lv\\\/en\\\/p\\\/245-40r20-leao-winter-ice-i-15-95t\\\/\",\"url\":\"https:\\\/\\\/mmkriepas.lv\\\/en\\\/p\\\/245-40r20-leao-winter-ice-i-15-95t\\\/\",\"name\":\"245\\\/40R20 Leao Winter Defender Ice I-15 SUV 95T &#8226; MMK Riepas\",\"isPartOf\":{\"@id\":\"https:\\\/\\\/mmkriepas.lv\\\/en\\\/#website\"},\"primaryImageOfPage\":{\"@id\":\"https:\\\/\\\/mmkriepas.lv\\\/en\\\/p\\\/245-40r20-leao-winter-ice-i-15-95t\\\/#primaryimage\"},\"image\":{\"@id\":\"https:\\\/\\\/mmkriepas.lv\\\/en\\\/p\\\/245-40r20-leao-winter-ice-i-15-95t\\\/#primaryimage\"},\"thumbnailUrl\":\"https:\\\/\\\/mmkriepas.lv\\\/wp-content\\\/uploads\\\/2023\\\/11\\\/27550r20-leao-winter-defender-ice-i-15-suv-113s-xl-ziemas-riepas.jpg\",\"datePublished\":\"2022-07-23T07:36:25+00:00\",\"dateModified\":\"2025-03-07T15:34:17+00:00\",\"description\":\"Leao Winter Defender Ice I-15- ziemas riepa, kas paredz\u0113ta bargiem apst\u0101k\u013ciem. Pieejama abos MMK Riepu Centros par vislab\u0101kaj\u0101m cen\u0101m.\",\"breadcrumb\":{\"@id\":\"https:\\\/\\\/mmkriepas.lv\\\/en\\\/p\\\/245-40r20-leao-winter-ice-i-15-95t\\\/#breadcrumb\"},\"inLanguage\":\"en-US\",\"potentialAction\":[{\"@type\":\"ReadAction\",\"target\":[\"https:\\\/\\\/mmkriepas.lv\\\/en\\\/p\\\/245-40r20-leao-winter-ice-i-15-95t\\\/\"]}]},{\"@type\":\"ImageObject\",\"inLanguage\":\"en-US\",\"@id\":\"https:\\\/\\\/mmkriepas.lv\\\/en\\\/p\\\/245-40r20-leao-winter-ice-i-15-95t\\\/#primaryimage\",\"url\":\"https:\\\/\\\/mmkriepas.lv\\\/wp-content\\\/uploads\\\/2023\\\/11\\\/27550r20-leao-winter-defender-ice-i-15-suv-113s-xl-ziemas-riepas.jpg\",\"contentUrl\":\"https:\\\/\\\/mmkriepas.lv\\\/wp-content\\\/uploads\\\/2023\\\/11\\\/27550r20-leao-winter-defender-ice-i-15-suv-113s-xl-ziemas-riepas.jpg\",\"width\":1920,\"height\":1920,\"caption\":\"MAIN\"},{\"@type\":\"BreadcrumbList\",\"@id\":\"https:\\\/\\\/mmkriepas.lv\\\/en\\\/p\\\/245-40r20-leao-winter-ice-i-15-95t\\\/#breadcrumb\",\"itemListElement\":[{\"@type\":\"ListItem\",\"position\":1,\"name\":\"S\u0101kums\",\"item\":\"https:\\\/\\\/mmkriepas.lv\\\/en\\\/\"},{\"@type\":\"ListItem\",\"position\":2,\"name\":\"245\\\/40R20 Leao Winter Defender Ice I-15 SUV 95T\"}]},{\"@type\":\"WebSite\",\"@id\":\"https:\\\/\\\/mmkriepas.lv\\\/en\\\/#website\",\"url\":\"https:\\\/\\\/mmkriepas.lv\\\/en\\\/\",\"name\":\"MMK Riepas\",\"description\":\"MMK Riepas\",\"alternateName\":\"MMK Riepu Serviss\",\"potentialAction\":[{\"@type\":\"SearchAction\",\"target\":{\"@type\":\"EntryPoint\",\"urlTemplate\":\"https:\\\/\\\/mmkriepas.lv\\\/en\\\/?s={search_term_string}\"},\"query-input\":{\"@type\":\"PropertyValueSpecification\",\"valueRequired\":true,\"valueName\":\"search_term_string\"}}],\"inLanguage\":\"en-US\"},{\"@type\":\"ImageObject\",\"inLanguage\":\"en-US\",\"@id\":\"https:\\\/\\\/mmkriepas.lv\\\/en\\\/p\\\/245-40r20-leao-winter-ice-i-15-95t\\\/#local-main-organization-logo\",\"url\":\"\",\"contentUrl\":\"\",\"caption\":\"MMK Riepas\"}]}<\/script>\n<meta property=\"product:brand\" content=\"Leao Winter Defender Ice I-15\" \/>\n<meta property=\"product:price:amount\" content=\"70.00\" \/>\n<meta property=\"product:price:currency\" content=\"EUR\" \/>\n<meta property=\"og:availability\" content=\"out of stock\" \/>\n<meta property=\"product:availability\" content=\"out of stock\" \/>\n<meta property=\"product:retailer_item_id\" content=\"TW2454020LEAO-2118\" \/>\n<meta property=\"product:condition\" content=\"new\" \/>\n<!-- \/ Yoast SEO Premium plugin. -->","yoast_head_json":{"title":"245\/40R20 Leao Winter Defender Ice I-15 SUV 95T &#8226; MMK Riepas","description":"Leao Winter Defender Ice I-15- ziemas riepa, kas paredz\u0113ta bargiem apst\u0101k\u013ciem. Pieejama abos MMK Riepu Centros par vislab\u0101kaj\u0101m cen\u0101m.","robots":{"index":"index","follow":"follow","max-snippet":"max-snippet:-1","max-image-preview":"max-image-preview:large","max-video-preview":"max-video-preview:-1"},"canonical":"https:\/\/mmkriepas.lv\/en\/p\/245-40r20-leao-winter-ice-i-15-95t\/","og_locale":"en_US","og_type":"article","og_title":"245\/40R20 Leao Winter Defender Ice I-15 SUV 95T","og_description":"Leao Winter Defender Ice I-15- ziemas riepa, kas paredz\u0113ta bargiem apst\u0101k\u013ciem. Pieejama abos MMK Riepu Centros par vislab\u0101kaj\u0101m cen\u0101m.","og_url":"https:\/\/mmkriepas.lv\/en\/p\/245-40r20-leao-winter-ice-i-15-95t\/","og_site_name":"MMK Riepas","article_publisher":"https:\/\/www.facebook.com\/mmkserviss\/","article_modified_time":"2025-03-07T15:34:17+00:00","og_image":[{"width":1920,"height":1920,"url":"https:\/\/mmkriepas.lv\/wp-content\/uploads\/2023\/11\/27550r20-leao-winter-defender-ice-i-15-suv-113s-xl-ziemas-riepas.jpg","type":"image\/jpeg"}],"twitter_card":"summary_large_image","twitter_misc":{"Price":"&euro;70.00","Availability":"Out of stock"},"schema":{"@context":"https:\/\/schema.org","@graph":[{"@type":"WebPage","@id":"https:\/\/mmkriepas.lv\/en\/p\/245-40r20-leao-winter-ice-i-15-95t\/","url":"https:\/\/mmkriepas.lv\/en\/p\/245-40r20-leao-winter-ice-i-15-95t\/","name":"245\/40R20 Leao Winter Defender Ice I-15 SUV 95T &#8226; MMK Riepas","isPartOf":{"@id":"https:\/\/mmkriepas.lv\/en\/#website"},"primaryImageOfPage":{"@id":"https:\/\/mmkriepas.lv\/en\/p\/245-40r20-leao-winter-ice-i-15-95t\/#primaryimage"},"image":{"@id":"https:\/\/mmkriepas.lv\/en\/p\/245-40r20-leao-winter-ice-i-15-95t\/#primaryimage"},"thumbnailUrl":"https:\/\/mmkriepas.lv\/wp-content\/uploads\/2023\/11\/27550r20-leao-winter-defender-ice-i-15-suv-113s-xl-ziemas-riepas.jpg","datePublished":"2022-07-23T07:36:25+00:00","dateModified":"2025-03-07T15:34:17+00:00","description":"Leao Winter Defender Ice I-15- ziemas riepa, kas paredz\u0113ta bargiem apst\u0101k\u013ciem. Pieejama abos MMK Riepu Centros par vislab\u0101kaj\u0101m cen\u0101m.","breadcrumb":{"@id":"https:\/\/mmkriepas.lv\/en\/p\/245-40r20-leao-winter-ice-i-15-95t\/#breadcrumb"},"inLanguage":"en-US","potentialAction":[{"@type":"ReadAction","target":["https:\/\/mmkriepas.lv\/en\/p\/245-40r20-leao-winter-ice-i-15-95t\/"]}]},{"@type":"ImageObject","inLanguage":"en-US","@id":"https:\/\/mmkriepas.lv\/en\/p\/245-40r20-leao-winter-ice-i-15-95t\/#primaryimage","url":"https:\/\/mmkriepas.lv\/wp-content\/uploads\/2023\/11\/27550r20-leao-winter-defender-ice-i-15-suv-113s-xl-ziemas-riepas.jpg","contentUrl":"https:\/\/mmkriepas.lv\/wp-content\/uploads\/2023\/11\/27550r20-leao-winter-defender-ice-i-15-suv-113s-xl-ziemas-riepas.jpg","width":1920,"height":1920,"caption":"MAIN"},{"@type":"BreadcrumbList","@id":"https:\/\/mmkriepas.lv\/en\/p\/245-40r20-leao-winter-ice-i-15-95t\/#breadcrumb","itemListElement":[{"@type":"ListItem","position":1,"name":"S\u0101kums","item":"https:\/\/mmkriepas.lv\/en\/"},{"@type":"ListItem","position":2,"name":"245\/40R20 Leao Winter Defender Ice I-15 SUV 95T"}]},{"@type":"WebSite","@id":"https:\/\/mmkriepas.lv\/en\/#website","url":"https:\/\/mmkriepas.lv\/en\/","name":"MMK Riepas","description":"MMK Riepas","alternateName":"MMK Riepu Serviss","potentialAction":[{"@type":"SearchAction","target":{"@type":"EntryPoint","urlTemplate":"https:\/\/mmkriepas.lv\/en\/?s={search_term_string}"},"query-input":{"@type":"PropertyValueSpecification","valueRequired":true,"valueName":"search_term_string"}}],"inLanguage":"en-US"},{"@type":"ImageObject","inLanguage":"en-US","@id":"https:\/\/mmkriepas.lv\/en\/p\/245-40r20-leao-winter-ice-i-15-95t\/#local-main-organization-logo","url":"","contentUrl":"","caption":"MMK Riepas"}]},"product_brand":"Leao Winter Defender Ice I-15","product_price_amount":"70.00","product_price_currency":"EUR","og_availability":"out of stock","product_availability":"out of stock","product_retailer_item_id":"TW2454020LEAO-2118","product_condition":"new"},"_links":{"self":[{"href":"https:\/\/mmkriepas.lv\/en\/wp-json\/wp\/v2\/product\/237685","targetHints":{"allow":["GET"]}}],"collection":[{"href":"https:\/\/mmkriepas.lv\/en\/wp-json\/wp\/v2\/product"}],"about":[{"href":"https:\/\/mmkriepas.lv\/en\/wp-json\/wp\/v2\/types\/product"}],"wp:featuredmedia":[{"embeddable":true,"href":"https:\/\/mmkriepas.lv\/en\/wp-json\/wp\/v2\/media\/822753"}],"wp:attachment":[{"href":"https:\/\/mmkriepas.lv\/en\/wp-json\/wp\/v2\/media?parent=237685"}],"wp:term":[{"taxonomy":"product_brand","embeddable":true,"href":"https:\/\/mmkriepas.lv\/en\/wp-json\/wp\/v2\/product_brand?post=237685"},{"taxonomy":"product_cat","embeddable":true,"href":"https:\/\/mmkriepas.lv\/en\/wp-json\/wp\/v2\/product_cat?post=237685"},{"taxonomy":"product_tag","embeddable":true,"href":"https:\/\/mmkriepas.lv\/en\/wp-json\/wp\/v2\/product_tag?post=237685"}],"curies":[{"name":"wp","href":"https:\/\/api.w.org\/{rel}","templated":true}]}}