{"id":237645,"date":"2022-07-22T15:30:06","date_gmt":"2022-07-22T12:30:06","guid":{"rendered":"https:\/\/mmkserviss.lv\/?post_type=product&#038;p=237645"},"modified":"2022-11-03T10:43:24","modified_gmt":"2022-11-03T08:43:24","slug":"215-60r17-royal-black-royal-stud-100h-xl-ar-radzem","status":"publish","type":"product","link":"https:\/\/mmkriepas.lv\/en\/p\/215-60r17-royal-black-royal-stud-100h-xl-ar-radzem\/","title":{"rendered":"215\/60R17 Royal Black Royal Stud 100H XL ar radz\u0113m"},"content":{"rendered":"<p style=\"margin: 12.0pt 0cm 12.0pt 0cm;\"><b><span style=\"font-size: 11.0pt; font-family: 'Arial',sans-serif; color: black;\">Royal Black Royal Stud<\/span><\/b><span style=\"font-size: 11.0pt; font-family: 'Arial',sans-serif; color: black;\"> ir augstas kvalit\u0101tes ziemas rad\u017eojams riepu modelis. Tas izce\u013cas ar augstiem kravnes\u012bbas r\u0101d\u012bt\u0101jiem, labu sa\u0137eri, un manevr\u0113tsp\u0113ju uz jebk\u0101da ce\u013ca seguma. Pieejams pla\u0161\u0101 izm\u0113ru kl\u0101st\u0101 un piem\u0113rots gan vieglaj\u0101m, gan apvidus automa\u0161\u012bn\u0101m. <\/span><span style=\"font-size: 11.0pt; font-family: 'Arial',sans-serif; color: red;\">\u0160is riepu modelis ir pieejams gan ar radz\u0113m, gan bez t\u0101m!<\/span><span style=\"color: red;\"><o:p><\/o:p><\/span><\/p>\n<h3 style=\"margin: 14.0pt 0cm 4.0pt 0cm;\"><span style=\"font-size: 13.0pt; font-family: 'Arial',sans-serif; color: black;\">Royal Black Royal Stud galven\u0101s iez\u012bmes<\/span><o:p><\/o:p><\/h3>\n<p style=\"margin: 12.0pt 0cm 12.0pt 0cm;\"><span style=\"font-size: 11.0pt; font-family: 'Arial',sans-serif; color: black;\">+Lieli slodzes indeksi un laba kravnes\u012bba!<\/span><o:p><\/o:p><\/p>\n<p style=\"margin: 12.0pt 0cm 12.0pt 0cm;\"><span style=\"font-size: 11.0pt; font-family: 'Arial',sans-serif; color: black;\">+Laba sa\u0137ere un manevr\u0113tsp\u0113ja uz ledus un snieg\u0101!<\/span><o:p><\/o:p><\/p>\n<p style=\"margin: 12.0pt 0cm 12.0pt 0cm;\"><span style=\"font-size: 11.0pt; font-family: 'Arial',sans-serif; color: black;\">+Iesp\u0113ja protektora blokos iestr\u0101d\u0101t radzes, lai uzlabotu veiktsp\u0113ju uz ledus v\u0113l veir\u0101k!<\/span><o:p><\/o:p><\/p>\n<p style=\"margin: 12.0pt 0cm 12.0pt 0cm;\"><span style=\"font-size: 11.0pt; font-family: 'Arial',sans-serif; color: black;\">+ Augsta nodilumiztur\u012bba!<\/span><o:p><\/o:p><\/p>\n<p style=\"margin: 12.0pt 0cm 12.0pt 0cm;\"><span style=\"font-size: 11.0pt; font-family: 'Arial',sans-serif; color: black;\">+ Dzi\u013c\u0161 un agres\u012bvs protektors!<\/span><o:p><\/o:p><\/p>\n<h3 style=\"margin: 14.0pt 0cm 4.0pt 0cm;\"><span style=\"font-size: 13.0pt; font-family: 'Arial',sans-serif; color: black;\">Protektora apr\u012bkojums<\/span><o:p><\/o:p><\/h3>\n<p style=\"margin: 12.0pt 0cm 12.0pt 0cm;\"><b><span style=\"font-size: 11.0pt; font-family: 'Arial',sans-serif; color: black;\">Royal Black Royal Stud<\/span><\/b><span style=\"font-size: 11.0pt; font-family: 'Arial',sans-serif; color: black;\"> virz\u012btais protektora raksts apbru\u0146ots ar mas\u012bviem protektora blokiem, kuros iestr\u0101d\u0101ti vair\u0101ki t\u016bksto\u0161i lame\u013cu. Lameles, tand\u0113m\u0101 ar radz\u0113m, b\u016btiski uzlabo veiktsp\u0113ju uz ledus, padarot \u0161o riepu par izcilu sabiedroto c\u012b\u0146\u0101 ar bargiem ziemas apst\u0101k\u013ciem.<\/span><o:p><\/o:p><\/p>\n<p style=\"margin: 12.0pt 0cm 12.0pt 0cm;\"><span style=\"font-size: 11.0pt; font-family: 'Arial',sans-serif; color: black;\">\u0160is ziemas riepu modelis b\u016bs izcili piem\u0113rots tiem autobrauc\u0113jiem, kas ne tikai p\u0101rvad\u0101 smagas kravas, bet t\u0101s pl\u0101no vest pa apledoju\u0161iem un ret\u0101k t\u012br\u012btiem lauku vai me\u017ea ce\u013ciem.<\/span><o:p><\/o:p><\/p>\n","protected":false},"excerpt":{"rendered":"<p style=\"margin: 12.0pt 0cm 12.0pt 0cm;\"><b><span style=\"font-size: 11.0pt; font-family: 'Arial',sans-serif; color: black;\">Royal Black Royal Stud<\/span><\/b><span style=\"font-size: 11.0pt; font-family: 'Arial',sans-serif; color: black;\"> ir augstas kvalit\u0101tes ziemas rad\u017eojams riepu modelis. Tas izce\u013cas ar augstiem kravnes\u012bbas r\u0101d\u012bt\u0101jiem, labu sa\u0137eri, un manevr\u0113tsp\u0113ju uz jebk\u0101da ce\u013ca seguma. Pieejams pla\u0161\u0101 izm\u0113ru kl\u0101st\u0101 un piem\u0113rots gan vieglaj\u0101m, gan apvidus automa\u0161\u012bn\u0101m. <\/span><span style=\"font-size: 11.0pt; font-family: 'Arial',sans-serif; color: red;\">\u0160is riepu modelis ir pieejams gan ar radz\u0113m, gan bez t\u0101m!<\/span><span style=\"color: red;\"><o:p><\/o:p><\/span><\/p>\n","protected":false},"featured_media":337817,"template":"","meta":{"_acf_changed":false,"ngg_post_thumbnail":0},"product_brand":[],"product_cat":[45,48],"product_tag":[19634],"class_list":{"0":"post-237645","1":"product","2":"type-product","3":"status-publish","4":"has-post-thumbnail","6":"product_cat-ziemas-riepas","7":"product_cat-ziemas-ar-radzem","8":"product_tag-mmk","10":"first","11":"instock","12":"taxable","13":"shipping-taxable","14":"product-type-simple"},"acf":[],"yoast_head":"<!-- This site is optimized with the Yoast SEO Premium plugin v22.6 (Yoast SEO v27.3) - https:\/\/yoast.com\/product\/yoast-seo-premium-wordpress\/ -->\n<title>215\/60R17 Royal Black Royal Stud 100H XL ar radz\u0113m &#8226; MMK Riepas<\/title>\n<meta name=\"description\" content=\"Royal Stud ir augstas kvalit\u0101tes ziemas riepu modelis ar radz\u0113m. Piem\u0113rots gan vieglaj\u0101m, gan apvidus automa\u0161\u012bn\u0101m.\" \/>\n<meta name=\"robots\" content=\"index, follow, max-snippet:-1, max-image-preview:large, max-video-preview:-1\" \/>\n<link rel=\"canonical\" href=\"https:\/\/mmkriepas.lv\/en\/p\/215-60r17-royal-black-royal-stud-100h-xl-ar-radzem\/\" \/>\n<meta property=\"og:locale\" content=\"en_US\" \/>\n<meta property=\"og:type\" content=\"article\" \/>\n<meta property=\"og:title\" content=\"215\/60R17 Royal Black Royal Stud 100H XL ar radz\u0113m\" \/>\n<meta property=\"og:description\" content=\"Royal Stud ir augstas kvalit\u0101tes ziemas riepu modelis ar radz\u0113m. Piem\u0113rots gan vieglaj\u0101m, gan apvidus automa\u0161\u012bn\u0101m.\" \/>\n<meta property=\"og:url\" content=\"https:\/\/mmkriepas.lv\/en\/p\/215-60r17-royal-black-royal-stud-100h-xl-ar-radzem\/\" \/>\n<meta property=\"og:site_name\" content=\"MMK Riepas\" \/>\n<meta property=\"article:publisher\" content=\"https:\/\/www.facebook.com\/mmkserviss\/\" \/>\n<meta property=\"article:modified_time\" content=\"2022-11-03T08:43:24+00:00\" \/>\n<meta property=\"og:image\" content=\"https:\/\/mmkriepas.lv\/wp-content\/uploads\/2022\/09\/21565r16-royal-black-royal-stud-102t-xl-ar-radzem-ziemas-riepas-ziemas-ar-radzem-riepas.jpg\" \/>\n\t<meta property=\"og:image:width\" content=\"1920\" \/>\n\t<meta property=\"og:image:height\" content=\"1277\" \/>\n\t<meta property=\"og:image:type\" content=\"image\/jpeg\" \/>\n<meta name=\"twitter:card\" content=\"summary_large_image\" \/>\n<meta name=\"twitter:label1\" content=\"Price\" \/>\n\t<meta name=\"twitter:data1\" content=\"&euro;85.00\" \/>\n\t<meta name=\"twitter:label2\" content=\"Availability\" \/>\n\t<meta name=\"twitter:data2\" content=\"In stock\" \/>\n<script type=\"application\/ld+json\" class=\"yoast-schema-graph\">{\"@context\":\"https:\\\/\\\/schema.org\",\"@graph\":[{\"@type\":\"WebPage\",\"@id\":\"https:\\\/\\\/mmkriepas.lv\\\/en\\\/p\\\/215-60r17-royal-black-royal-stud-100h-xl-ar-radzem\\\/\",\"url\":\"https:\\\/\\\/mmkriepas.lv\\\/en\\\/p\\\/215-60r17-royal-black-royal-stud-100h-xl-ar-radzem\\\/\",\"name\":\"215\\\/60R17 Royal Black Royal Stud 100H XL ar radz\u0113m &#8226; MMK Riepas\",\"isPartOf\":{\"@id\":\"https:\\\/\\\/mmkriepas.lv\\\/en\\\/#website\"},\"primaryImageOfPage\":{\"@id\":\"https:\\\/\\\/mmkriepas.lv\\\/en\\\/p\\\/215-60r17-royal-black-royal-stud-100h-xl-ar-radzem\\\/#primaryimage\"},\"image\":{\"@id\":\"https:\\\/\\\/mmkriepas.lv\\\/en\\\/p\\\/215-60r17-royal-black-royal-stud-100h-xl-ar-radzem\\\/#primaryimage\"},\"thumbnailUrl\":\"https:\\\/\\\/mmkriepas.lv\\\/wp-content\\\/uploads\\\/2022\\\/09\\\/21565r16-royal-black-royal-stud-102t-xl-ar-radzem-ziemas-riepas-ziemas-ar-radzem-riepas.jpg\",\"datePublished\":\"2022-07-22T12:30:06+00:00\",\"dateModified\":\"2022-11-03T08:43:24+00:00\",\"description\":\"Royal Stud ir augstas kvalit\u0101tes ziemas riepu modelis ar radz\u0113m. Piem\u0113rots gan vieglaj\u0101m, gan apvidus automa\u0161\u012bn\u0101m.\",\"breadcrumb\":{\"@id\":\"https:\\\/\\\/mmkriepas.lv\\\/en\\\/p\\\/215-60r17-royal-black-royal-stud-100h-xl-ar-radzem\\\/#breadcrumb\"},\"inLanguage\":\"en-US\",\"potentialAction\":[{\"@type\":\"ReadAction\",\"target\":[\"https:\\\/\\\/mmkriepas.lv\\\/en\\\/p\\\/215-60r17-royal-black-royal-stud-100h-xl-ar-radzem\\\/\"]}]},{\"@type\":\"ImageObject\",\"inLanguage\":\"en-US\",\"@id\":\"https:\\\/\\\/mmkriepas.lv\\\/en\\\/p\\\/215-60r17-royal-black-royal-stud-100h-xl-ar-radzem\\\/#primaryimage\",\"url\":\"https:\\\/\\\/mmkriepas.lv\\\/wp-content\\\/uploads\\\/2022\\\/09\\\/21565r16-royal-black-royal-stud-102t-xl-ar-radzem-ziemas-riepas-ziemas-ar-radzem-riepas.jpg\",\"contentUrl\":\"https:\\\/\\\/mmkriepas.lv\\\/wp-content\\\/uploads\\\/2022\\\/09\\\/21565r16-royal-black-royal-stud-102t-xl-ar-radzem-ziemas-riepas-ziemas-ar-radzem-riepas.jpg\",\"width\":1920,\"height\":1277,\"caption\":\"215\\\/65R16 Royal Black Royal Stud 102T XL ar radz\u0113m - Ziemas riepas \\\/ Ziemas ar radz\u0113m riepas\"},{\"@type\":\"BreadcrumbList\",\"@id\":\"https:\\\/\\\/mmkriepas.lv\\\/en\\\/p\\\/215-60r17-royal-black-royal-stud-100h-xl-ar-radzem\\\/#breadcrumb\",\"itemListElement\":[{\"@type\":\"ListItem\",\"position\":1,\"name\":\"S\u0101kums\",\"item\":\"https:\\\/\\\/mmkriepas.lv\\\/en\\\/\"},{\"@type\":\"ListItem\",\"position\":2,\"name\":\"215\\\/60R17 Royal Black Royal Stud 100H XL ar radz\u0113m\"}]},{\"@type\":\"WebSite\",\"@id\":\"https:\\\/\\\/mmkriepas.lv\\\/en\\\/#website\",\"url\":\"https:\\\/\\\/mmkriepas.lv\\\/en\\\/\",\"name\":\"MMK Riepas\",\"description\":\"MMK Riepas\",\"alternateName\":\"MMK Riepu Serviss\",\"potentialAction\":[{\"@type\":\"SearchAction\",\"target\":{\"@type\":\"EntryPoint\",\"urlTemplate\":\"https:\\\/\\\/mmkriepas.lv\\\/en\\\/?s={search_term_string}\"},\"query-input\":{\"@type\":\"PropertyValueSpecification\",\"valueRequired\":true,\"valueName\":\"search_term_string\"}}],\"inLanguage\":\"en-US\"},{\"@type\":\"ImageObject\",\"inLanguage\":\"en-US\",\"@id\":\"https:\\\/\\\/mmkriepas.lv\\\/en\\\/p\\\/215-60r17-royal-black-royal-stud-100h-xl-ar-radzem\\\/#local-main-organization-logo\",\"url\":\"\",\"contentUrl\":\"\",\"caption\":\"MMK Riepas\"}]}<\/script>\n<meta property=\"product:brand\" content=\"Royal Black Royal Stud\" \/>\n<meta property=\"product:price:amount\" content=\"85.00\" \/>\n<meta property=\"product:price:currency\" content=\"EUR\" \/>\n<meta property=\"og:availability\" content=\"instock\" \/>\n<meta property=\"product:availability\" content=\"instock\" \/>\n<meta property=\"product:condition\" content=\"new\" \/>\n<!-- \/ Yoast SEO Premium plugin. -->","yoast_head_json":{"title":"215\/60R17 Royal Black Royal Stud 100H XL ar radz\u0113m &#8226; MMK Riepas","description":"Royal Stud ir augstas kvalit\u0101tes ziemas riepu modelis ar radz\u0113m. Piem\u0113rots gan vieglaj\u0101m, gan apvidus automa\u0161\u012bn\u0101m.","robots":{"index":"index","follow":"follow","max-snippet":"max-snippet:-1","max-image-preview":"max-image-preview:large","max-video-preview":"max-video-preview:-1"},"canonical":"https:\/\/mmkriepas.lv\/en\/p\/215-60r17-royal-black-royal-stud-100h-xl-ar-radzem\/","og_locale":"en_US","og_type":"article","og_title":"215\/60R17 Royal Black Royal Stud 100H XL ar radz\u0113m","og_description":"Royal Stud ir augstas kvalit\u0101tes ziemas riepu modelis ar radz\u0113m. Piem\u0113rots gan vieglaj\u0101m, gan apvidus automa\u0161\u012bn\u0101m.","og_url":"https:\/\/mmkriepas.lv\/en\/p\/215-60r17-royal-black-royal-stud-100h-xl-ar-radzem\/","og_site_name":"MMK Riepas","article_publisher":"https:\/\/www.facebook.com\/mmkserviss\/","article_modified_time":"2022-11-03T08:43:24+00:00","og_image":[{"width":1920,"height":1277,"url":"https:\/\/mmkriepas.lv\/wp-content\/uploads\/2022\/09\/21565r16-royal-black-royal-stud-102t-xl-ar-radzem-ziemas-riepas-ziemas-ar-radzem-riepas.jpg","type":"image\/jpeg"}],"twitter_card":"summary_large_image","twitter_misc":{"Price":"&euro;85.00","Availability":"In stock"},"schema":{"@context":"https:\/\/schema.org","@graph":[{"@type":"WebPage","@id":"https:\/\/mmkriepas.lv\/en\/p\/215-60r17-royal-black-royal-stud-100h-xl-ar-radzem\/","url":"https:\/\/mmkriepas.lv\/en\/p\/215-60r17-royal-black-royal-stud-100h-xl-ar-radzem\/","name":"215\/60R17 Royal Black Royal Stud 100H XL ar radz\u0113m &#8226; MMK Riepas","isPartOf":{"@id":"https:\/\/mmkriepas.lv\/en\/#website"},"primaryImageOfPage":{"@id":"https:\/\/mmkriepas.lv\/en\/p\/215-60r17-royal-black-royal-stud-100h-xl-ar-radzem\/#primaryimage"},"image":{"@id":"https:\/\/mmkriepas.lv\/en\/p\/215-60r17-royal-black-royal-stud-100h-xl-ar-radzem\/#primaryimage"},"thumbnailUrl":"https:\/\/mmkriepas.lv\/wp-content\/uploads\/2022\/09\/21565r16-royal-black-royal-stud-102t-xl-ar-radzem-ziemas-riepas-ziemas-ar-radzem-riepas.jpg","datePublished":"2022-07-22T12:30:06+00:00","dateModified":"2022-11-03T08:43:24+00:00","description":"Royal Stud ir augstas kvalit\u0101tes ziemas riepu modelis ar radz\u0113m. Piem\u0113rots gan vieglaj\u0101m, gan apvidus automa\u0161\u012bn\u0101m.","breadcrumb":{"@id":"https:\/\/mmkriepas.lv\/en\/p\/215-60r17-royal-black-royal-stud-100h-xl-ar-radzem\/#breadcrumb"},"inLanguage":"en-US","potentialAction":[{"@type":"ReadAction","target":["https:\/\/mmkriepas.lv\/en\/p\/215-60r17-royal-black-royal-stud-100h-xl-ar-radzem\/"]}]},{"@type":"ImageObject","inLanguage":"en-US","@id":"https:\/\/mmkriepas.lv\/en\/p\/215-60r17-royal-black-royal-stud-100h-xl-ar-radzem\/#primaryimage","url":"https:\/\/mmkriepas.lv\/wp-content\/uploads\/2022\/09\/21565r16-royal-black-royal-stud-102t-xl-ar-radzem-ziemas-riepas-ziemas-ar-radzem-riepas.jpg","contentUrl":"https:\/\/mmkriepas.lv\/wp-content\/uploads\/2022\/09\/21565r16-royal-black-royal-stud-102t-xl-ar-radzem-ziemas-riepas-ziemas-ar-radzem-riepas.jpg","width":1920,"height":1277,"caption":"215\/65R16 Royal Black Royal Stud 102T XL ar radz\u0113m - Ziemas riepas \/ Ziemas ar radz\u0113m riepas"},{"@type":"BreadcrumbList","@id":"https:\/\/mmkriepas.lv\/en\/p\/215-60r17-royal-black-royal-stud-100h-xl-ar-radzem\/#breadcrumb","itemListElement":[{"@type":"ListItem","position":1,"name":"S\u0101kums","item":"https:\/\/mmkriepas.lv\/en\/"},{"@type":"ListItem","position":2,"name":"215\/60R17 Royal Black Royal Stud 100H XL ar radz\u0113m"}]},{"@type":"WebSite","@id":"https:\/\/mmkriepas.lv\/en\/#website","url":"https:\/\/mmkriepas.lv\/en\/","name":"MMK Riepas","description":"MMK Riepas","alternateName":"MMK Riepu Serviss","potentialAction":[{"@type":"SearchAction","target":{"@type":"EntryPoint","urlTemplate":"https:\/\/mmkriepas.lv\/en\/?s={search_term_string}"},"query-input":{"@type":"PropertyValueSpecification","valueRequired":true,"valueName":"search_term_string"}}],"inLanguage":"en-US"},{"@type":"ImageObject","inLanguage":"en-US","@id":"https:\/\/mmkriepas.lv\/en\/p\/215-60r17-royal-black-royal-stud-100h-xl-ar-radzem\/#local-main-organization-logo","url":"","contentUrl":"","caption":"MMK Riepas"}]},"product_brand":"Royal Black Royal Stud","product_price_amount":"85.00","product_price_currency":"EUR","og_availability":"instock","product_availability":"instock","product_condition":"new"},"_links":{"self":[{"href":"https:\/\/mmkriepas.lv\/en\/wp-json\/wp\/v2\/product\/237645","targetHints":{"allow":["GET"]}}],"collection":[{"href":"https:\/\/mmkriepas.lv\/en\/wp-json\/wp\/v2\/product"}],"about":[{"href":"https:\/\/mmkriepas.lv\/en\/wp-json\/wp\/v2\/types\/product"}],"wp:featuredmedia":[{"embeddable":true,"href":"https:\/\/mmkriepas.lv\/en\/wp-json\/wp\/v2\/media\/337817"}],"wp:attachment":[{"href":"https:\/\/mmkriepas.lv\/en\/wp-json\/wp\/v2\/media?parent=237645"}],"wp:term":[{"taxonomy":"product_brand","embeddable":true,"href":"https:\/\/mmkriepas.lv\/en\/wp-json\/wp\/v2\/product_brand?post=237645"},{"taxonomy":"product_cat","embeddable":true,"href":"https:\/\/mmkriepas.lv\/en\/wp-json\/wp\/v2\/product_cat?post=237645"},{"taxonomy":"product_tag","embeddable":true,"href":"https:\/\/mmkriepas.lv\/en\/wp-json\/wp\/v2\/product_tag?post=237645"}],"curies":[{"name":"wp","href":"https:\/\/api.w.org\/{rel}","templated":true}]}}