{"id":237552,"date":"2022-07-21T17:46:04","date_gmt":"2022-07-21T14:46:04","guid":{"rendered":"https:\/\/mmkserviss.lv\/?post_type=product&#038;p=237552"},"modified":"2025-03-07T16:59:39","modified_gmt":"2025-03-07T14:59:39","slug":"245-50r18-compasal-blazer-uhp-95w-xl-104w-xl","status":"publish","type":"product","link":"https:\/\/mmkriepas.lv\/en\/p\/245-50r18-compasal-blazer-uhp-95w-xl-104w-xl\/","title":{"rendered":"245\/50R18 Compasal Blazer UHP 95W XL 104W XL"},"content":{"rendered":"<p style=\"margin: 12.0pt 0cm 12.0pt 0cm;\"><b><span style=\"font-size: 11.0pt; font-family: 'Arial',sans-serif; color: black;\">Compasal Blazer UHP &#8211; <\/span><\/b><span style=\"font-size: 11.0pt; font-family: 'Arial',sans-serif; color: black;\">UHP jeb augstas veiktsp\u0113jas vasaras riepu modelis, kas izce\u013cas ar teicamu sa\u0137eri gan ar sausu, gan slapju asfaltu. Paredz\u0113tas gan sportiska tipa vieglaj\u0101m, gan apvidus jeb SUV automa\u0161\u012bn\u0101m.<\/span><o:p><\/o:p><\/p>\n<h3 style=\"margin: 14.0pt 0cm 4.0pt 0cm;\"><span style=\"font-size: 13.0pt; font-family: 'Arial',sans-serif; color: black;\">Compasal Blazer UHP galven\u0101s \u012bpa\u0161\u012bbas<\/span><o:p><\/o:p><\/h3>\n<p style=\"margin: 12.0pt 0cm 12.0pt 0cm;\"><span style=\"font-size: 11.0pt; font-family: 'Arial',sans-serif; color: black;\">+ Izcila sa\u0137ere uz sausa un slapja asfalta pat liel\u0101 brauk\u0161anas \u0101trum\u0101.<\/span><o:p><\/o:p><\/p>\n<p style=\"margin: 12.0pt 0cm 12.0pt 0cm;\"><span style=\"font-size: 11.0pt; font-family: 'Arial',sans-serif; color: black;\">+ Uzlabots riepu gumijas sast\u0101vs.<\/span><o:p><\/o:p><\/p>\n<p style=\"margin: 12.0pt 0cm 12.0pt 0cm;\"><span style=\"font-size: 11.0pt; font-family: 'Arial',sans-serif; color: black;\">+ Palielin\u0101ta riepu nodilumiztur\u012bba.<\/span><o:p><\/o:p><\/p>\n<p style=\"margin: 12.0pt 0cm 12.0pt 0cm;\"><span style=\"font-size: 11.0pt; font-family: 'Arial',sans-serif; color: black;\">+ Izteikts akustiskais un brauk\u0161anas komforts.<\/span><o:p><\/o:p><\/p>\n<p style=\"margin: 12.0pt 0cm 12.0pt 0cm;\"><span style=\"font-size: 11.0pt; font-family: 'Arial',sans-serif; color: black;\">+ Teicama cenas un veiktsp\u0113jas attiec\u012bba.<\/span><o:p><\/o:p><\/p>\n<h3 style=\"margin: 14.0pt 0cm 4.0pt 0cm;\"><span style=\"font-size: 13.0pt; font-family: 'Arial',sans-serif; color: black;\">Blazer UHP apr\u012bkojums<\/span><o:p><\/o:p><\/h3>\n<p style=\"margin: 12.0pt 0cm 12.0pt 0cm;\"><b><span style=\"font-size: 11.0pt; font-family: 'Arial',sans-serif; color: black;\">Compasal Blazer UHP <\/span><\/b><span style=\"font-size: 11.0pt; font-family: 'Arial',sans-serif; color: black;\">vasaras riepas apr\u012bkotas ar unik\u0101lu asimetrisko protektora dizainu. Starp asimetriskaj\u0101m protektora josl\u0101m atrodama augsti att\u012bst\u012bta dren\u0101\u017eas jeb \u016bdens novadkan\u0101lu sist\u0113ma. T\u0101 pal\u012bdz efekt\u012bvi novad\u012bt \u016bdeni no riepu kontakta virsmas ar ce\u013cu, samazinot akvaplan\u0113\u0161anas risku l\u012bdz minimumam pat lielos brauk\u0161anas \u0101trumos.<\/span><o:p><\/o:p><\/p>\n<p style=\"margin: 12.0pt 0cm 12.0pt 0cm;\"><span style=\"font-size: 11.0pt; font-family: 'Arial',sans-serif; color: black;\">Riepu gumijas sast\u0101vam pievienota virkne elastrom\u0113ru, kas ne tikai uzlabo sa\u0137eri, bet pal\u012bdz ar\u012b samazin\u0101t trok\u0161\u0146a l\u012bmeni un degvielas pat\u0113ri\u0146u.<\/span><o:p><\/o:p><\/p>\n","protected":false},"excerpt":{"rendered":"<p><b><span style=\"font-size: 11.0pt; font-family: 'Arial',sans-serif; color: black;\">Compasal Blazer UHP &#8211; <\/span><\/b><span style=\"font-size: 11.0pt; font-family: 'Arial',sans-serif; color: black;\">UHP jeb augstas veiktsp\u0113jas vasaras riepu modelis, kas izce\u013cas ar teicamu sa\u0137eri gan ar sausu, gan slapju asfaltu. Paredz\u0113tas gan sportiska tipa vieglaj\u0101m, gan apvidus jeb SUV automa\u0161\u012bn\u0101m.<\/span><\/p>\n","protected":false},"featured_media":233546,"template":"","meta":{"_acf_changed":false,"ngg_post_thumbnail":0},"product_brand":[],"product_cat":[46],"product_tag":[],"class_list":{"0":"post-237552","1":"product","2":"type-product","3":"status-publish","4":"has-post-thumbnail","6":"product_cat-vasaras-riepas","8":"first","9":"outofstock","10":"sale","11":"taxable","12":"shipping-taxable","13":"product-type-simple"},"acf":[],"yoast_head":"<!-- This site is optimized with the Yoast SEO Premium plugin v22.6 (Yoast SEO v27.3) - https:\/\/yoast.com\/product\/yoast-seo-premium-wordpress\/ -->\n<title>245\/50R18 Compasal Blazer UHP 95W XL 104W XL &#8226; MMK Riepas<\/title>\n<meta name=\"description\" content=\"Vasaras riepas Compasal Blazer UHP - UHP jeb augstas veiktsp\u0113jas riepu modelis. Paredz\u0113tas gan sportiska tipa vieglaj\u0101m, gan SUV automa\u0161\u012bn\u0101m.\" \/>\n<meta name=\"robots\" content=\"index, follow, max-snippet:-1, max-image-preview:large, max-video-preview:-1\" \/>\n<link rel=\"canonical\" href=\"https:\/\/mmkriepas.lv\/en\/p\/245-50r18-compasal-blazer-uhp-95w-xl-104w-xl\/\" \/>\n<meta property=\"og:locale\" content=\"en_US\" \/>\n<meta property=\"og:type\" content=\"article\" \/>\n<meta property=\"og:title\" content=\"245\/50R18 Compasal Blazer UHP 95W XL 104W XL\" \/>\n<meta property=\"og:description\" content=\"Vasaras riepas Compasal Blazer UHP - UHP jeb augstas veiktsp\u0113jas riepu modelis. Paredz\u0113tas gan sportiska tipa vieglaj\u0101m, gan SUV automa\u0161\u012bn\u0101m.\" \/>\n<meta property=\"og:url\" content=\"https:\/\/mmkriepas.lv\/en\/p\/245-50r18-compasal-blazer-uhp-95w-xl-104w-xl\/\" \/>\n<meta property=\"og:site_name\" content=\"MMK Riepas\" \/>\n<meta property=\"article:publisher\" content=\"https:\/\/www.facebook.com\/mmkserviss\/\" \/>\n<meta property=\"article:modified_time\" content=\"2025-03-07T14:59:39+00:00\" \/>\n<meta property=\"og:image\" content=\"https:\/\/mmkriepas.lv\/wp-content\/uploads\/2022\/05\/24550r18-compasal-blazer-uhp-95w-xl-104w-xl-vasaras-riepas.jpeg\" \/>\n\t<meta property=\"og:image:width\" content=\"1920\" \/>\n\t<meta property=\"og:image:height\" content=\"1440\" \/>\n\t<meta property=\"og:image:type\" content=\"image\/jpeg\" \/>\n<meta name=\"twitter:card\" content=\"summary_large_image\" \/>\n<meta name=\"twitter:label1\" content=\"Price\" \/>\n\t<meta name=\"twitter:data1\" content=\"&euro;67.00\" \/>\n\t<meta name=\"twitter:label2\" content=\"Availability\" \/>\n\t<meta name=\"twitter:data2\" content=\"Out of stock\" \/>\n<script type=\"application\/ld+json\" class=\"yoast-schema-graph\">{\"@context\":\"https:\\\/\\\/schema.org\",\"@graph\":[{\"@type\":\"WebPage\",\"@id\":\"https:\\\/\\\/mmkriepas.lv\\\/en\\\/p\\\/245-50r18-compasal-blazer-uhp-95w-xl-104w-xl\\\/\",\"url\":\"https:\\\/\\\/mmkriepas.lv\\\/en\\\/p\\\/245-50r18-compasal-blazer-uhp-95w-xl-104w-xl\\\/\",\"name\":\"245\\\/50R18 Compasal Blazer UHP 95W XL 104W XL &#8226; MMK Riepas\",\"isPartOf\":{\"@id\":\"https:\\\/\\\/mmkriepas.lv\\\/en\\\/#website\"},\"primaryImageOfPage\":{\"@id\":\"https:\\\/\\\/mmkriepas.lv\\\/en\\\/p\\\/245-50r18-compasal-blazer-uhp-95w-xl-104w-xl\\\/#primaryimage\"},\"image\":{\"@id\":\"https:\\\/\\\/mmkriepas.lv\\\/en\\\/p\\\/245-50r18-compasal-blazer-uhp-95w-xl-104w-xl\\\/#primaryimage\"},\"thumbnailUrl\":\"https:\\\/\\\/mmkriepas.lv\\\/wp-content\\\/uploads\\\/2022\\\/05\\\/24550r18-compasal-blazer-uhp-95w-xl-104w-xl-vasaras-riepas.jpeg\",\"datePublished\":\"2022-07-21T14:46:04+00:00\",\"dateModified\":\"2025-03-07T14:59:39+00:00\",\"description\":\"Vasaras riepas Compasal Blazer UHP - UHP jeb augstas veiktsp\u0113jas riepu modelis. Paredz\u0113tas gan sportiska tipa vieglaj\u0101m, gan SUV automa\u0161\u012bn\u0101m.\",\"breadcrumb\":{\"@id\":\"https:\\\/\\\/mmkriepas.lv\\\/en\\\/p\\\/245-50r18-compasal-blazer-uhp-95w-xl-104w-xl\\\/#breadcrumb\"},\"inLanguage\":\"en-US\",\"potentialAction\":[{\"@type\":\"ReadAction\",\"target\":[\"https:\\\/\\\/mmkriepas.lv\\\/en\\\/p\\\/245-50r18-compasal-blazer-uhp-95w-xl-104w-xl\\\/\"]}]},{\"@type\":\"ImageObject\",\"inLanguage\":\"en-US\",\"@id\":\"https:\\\/\\\/mmkriepas.lv\\\/en\\\/p\\\/245-50r18-compasal-blazer-uhp-95w-xl-104w-xl\\\/#primaryimage\",\"url\":\"https:\\\/\\\/mmkriepas.lv\\\/wp-content\\\/uploads\\\/2022\\\/05\\\/24550r18-compasal-blazer-uhp-95w-xl-104w-xl-vasaras-riepas.jpeg\",\"contentUrl\":\"https:\\\/\\\/mmkriepas.lv\\\/wp-content\\\/uploads\\\/2022\\\/05\\\/24550r18-compasal-blazer-uhp-95w-xl-104w-xl-vasaras-riepas.jpeg\",\"width\":1920,\"height\":1440,\"caption\":\"245\\\/50R18 Compasal Blazer UHP 95W XL 104W XL - Vasaras riepas\"},{\"@type\":\"BreadcrumbList\",\"@id\":\"https:\\\/\\\/mmkriepas.lv\\\/en\\\/p\\\/245-50r18-compasal-blazer-uhp-95w-xl-104w-xl\\\/#breadcrumb\",\"itemListElement\":[{\"@type\":\"ListItem\",\"position\":1,\"name\":\"S\u0101kums\",\"item\":\"https:\\\/\\\/mmkriepas.lv\\\/en\\\/\"},{\"@type\":\"ListItem\",\"position\":2,\"name\":\"245\\\/50R18 Compasal Blazer UHP 95W XL 104W XL\"}]},{\"@type\":\"WebSite\",\"@id\":\"https:\\\/\\\/mmkriepas.lv\\\/en\\\/#website\",\"url\":\"https:\\\/\\\/mmkriepas.lv\\\/en\\\/\",\"name\":\"MMK Riepas\",\"description\":\"MMK Riepas\",\"alternateName\":\"MMK Riepu Serviss\",\"potentialAction\":[{\"@type\":\"SearchAction\",\"target\":{\"@type\":\"EntryPoint\",\"urlTemplate\":\"https:\\\/\\\/mmkriepas.lv\\\/en\\\/?s={search_term_string}\"},\"query-input\":{\"@type\":\"PropertyValueSpecification\",\"valueRequired\":true,\"valueName\":\"search_term_string\"}}],\"inLanguage\":\"en-US\"},{\"@type\":\"ImageObject\",\"inLanguage\":\"en-US\",\"@id\":\"https:\\\/\\\/mmkriepas.lv\\\/en\\\/p\\\/245-50r18-compasal-blazer-uhp-95w-xl-104w-xl\\\/#local-main-organization-logo\",\"url\":\"\",\"contentUrl\":\"\",\"caption\":\"MMK Riepas\"}]}<\/script>\n<meta property=\"product:brand\" content=\"Compasal Blazer UHP\" \/>\n<meta property=\"product:price:amount\" content=\"67.00\" \/>\n<meta property=\"product:price:currency\" content=\"EUR\" \/>\n<meta property=\"og:availability\" content=\"out of stock\" \/>\n<meta property=\"product:availability\" content=\"out of stock\" \/>\n<meta property=\"product:retailer_item_id\" content=\"TS2455018COMPA-816\" \/>\n<meta property=\"product:condition\" content=\"new\" \/>\n<!-- \/ Yoast SEO Premium plugin. -->","yoast_head_json":{"title":"245\/50R18 Compasal Blazer UHP 95W XL 104W XL &#8226; MMK Riepas","description":"Vasaras riepas Compasal Blazer UHP - UHP jeb augstas veiktsp\u0113jas riepu modelis. Paredz\u0113tas gan sportiska tipa vieglaj\u0101m, gan SUV automa\u0161\u012bn\u0101m.","robots":{"index":"index","follow":"follow","max-snippet":"max-snippet:-1","max-image-preview":"max-image-preview:large","max-video-preview":"max-video-preview:-1"},"canonical":"https:\/\/mmkriepas.lv\/en\/p\/245-50r18-compasal-blazer-uhp-95w-xl-104w-xl\/","og_locale":"en_US","og_type":"article","og_title":"245\/50R18 Compasal Blazer UHP 95W XL 104W XL","og_description":"Vasaras riepas Compasal Blazer UHP - UHP jeb augstas veiktsp\u0113jas riepu modelis. Paredz\u0113tas gan sportiska tipa vieglaj\u0101m, gan SUV automa\u0161\u012bn\u0101m.","og_url":"https:\/\/mmkriepas.lv\/en\/p\/245-50r18-compasal-blazer-uhp-95w-xl-104w-xl\/","og_site_name":"MMK Riepas","article_publisher":"https:\/\/www.facebook.com\/mmkserviss\/","article_modified_time":"2025-03-07T14:59:39+00:00","og_image":[{"width":1920,"height":1440,"url":"https:\/\/mmkriepas.lv\/wp-content\/uploads\/2022\/05\/24550r18-compasal-blazer-uhp-95w-xl-104w-xl-vasaras-riepas.jpeg","type":"image\/jpeg"}],"twitter_card":"summary_large_image","twitter_misc":{"Price":"&euro;67.00","Availability":"Out of stock"},"schema":{"@context":"https:\/\/schema.org","@graph":[{"@type":"WebPage","@id":"https:\/\/mmkriepas.lv\/en\/p\/245-50r18-compasal-blazer-uhp-95w-xl-104w-xl\/","url":"https:\/\/mmkriepas.lv\/en\/p\/245-50r18-compasal-blazer-uhp-95w-xl-104w-xl\/","name":"245\/50R18 Compasal Blazer UHP 95W XL 104W XL &#8226; MMK Riepas","isPartOf":{"@id":"https:\/\/mmkriepas.lv\/en\/#website"},"primaryImageOfPage":{"@id":"https:\/\/mmkriepas.lv\/en\/p\/245-50r18-compasal-blazer-uhp-95w-xl-104w-xl\/#primaryimage"},"image":{"@id":"https:\/\/mmkriepas.lv\/en\/p\/245-50r18-compasal-blazer-uhp-95w-xl-104w-xl\/#primaryimage"},"thumbnailUrl":"https:\/\/mmkriepas.lv\/wp-content\/uploads\/2022\/05\/24550r18-compasal-blazer-uhp-95w-xl-104w-xl-vasaras-riepas.jpeg","datePublished":"2022-07-21T14:46:04+00:00","dateModified":"2025-03-07T14:59:39+00:00","description":"Vasaras riepas Compasal Blazer UHP - UHP jeb augstas veiktsp\u0113jas riepu modelis. Paredz\u0113tas gan sportiska tipa vieglaj\u0101m, gan SUV automa\u0161\u012bn\u0101m.","breadcrumb":{"@id":"https:\/\/mmkriepas.lv\/en\/p\/245-50r18-compasal-blazer-uhp-95w-xl-104w-xl\/#breadcrumb"},"inLanguage":"en-US","potentialAction":[{"@type":"ReadAction","target":["https:\/\/mmkriepas.lv\/en\/p\/245-50r18-compasal-blazer-uhp-95w-xl-104w-xl\/"]}]},{"@type":"ImageObject","inLanguage":"en-US","@id":"https:\/\/mmkriepas.lv\/en\/p\/245-50r18-compasal-blazer-uhp-95w-xl-104w-xl\/#primaryimage","url":"https:\/\/mmkriepas.lv\/wp-content\/uploads\/2022\/05\/24550r18-compasal-blazer-uhp-95w-xl-104w-xl-vasaras-riepas.jpeg","contentUrl":"https:\/\/mmkriepas.lv\/wp-content\/uploads\/2022\/05\/24550r18-compasal-blazer-uhp-95w-xl-104w-xl-vasaras-riepas.jpeg","width":1920,"height":1440,"caption":"245\/50R18 Compasal Blazer UHP 95W XL 104W XL - Vasaras riepas"},{"@type":"BreadcrumbList","@id":"https:\/\/mmkriepas.lv\/en\/p\/245-50r18-compasal-blazer-uhp-95w-xl-104w-xl\/#breadcrumb","itemListElement":[{"@type":"ListItem","position":1,"name":"S\u0101kums","item":"https:\/\/mmkriepas.lv\/en\/"},{"@type":"ListItem","position":2,"name":"245\/50R18 Compasal Blazer UHP 95W XL 104W XL"}]},{"@type":"WebSite","@id":"https:\/\/mmkriepas.lv\/en\/#website","url":"https:\/\/mmkriepas.lv\/en\/","name":"MMK Riepas","description":"MMK Riepas","alternateName":"MMK Riepu Serviss","potentialAction":[{"@type":"SearchAction","target":{"@type":"EntryPoint","urlTemplate":"https:\/\/mmkriepas.lv\/en\/?s={search_term_string}"},"query-input":{"@type":"PropertyValueSpecification","valueRequired":true,"valueName":"search_term_string"}}],"inLanguage":"en-US"},{"@type":"ImageObject","inLanguage":"en-US","@id":"https:\/\/mmkriepas.lv\/en\/p\/245-50r18-compasal-blazer-uhp-95w-xl-104w-xl\/#local-main-organization-logo","url":"","contentUrl":"","caption":"MMK Riepas"}]},"product_brand":"Compasal Blazer UHP","product_price_amount":"67.00","product_price_currency":"EUR","og_availability":"out of stock","product_availability":"out of stock","product_retailer_item_id":"TS2455018COMPA-816","product_condition":"new"},"_links":{"self":[{"href":"https:\/\/mmkriepas.lv\/en\/wp-json\/wp\/v2\/product\/237552","targetHints":{"allow":["GET"]}}],"collection":[{"href":"https:\/\/mmkriepas.lv\/en\/wp-json\/wp\/v2\/product"}],"about":[{"href":"https:\/\/mmkriepas.lv\/en\/wp-json\/wp\/v2\/types\/product"}],"wp:featuredmedia":[{"embeddable":true,"href":"https:\/\/mmkriepas.lv\/en\/wp-json\/wp\/v2\/media\/233546"}],"wp:attachment":[{"href":"https:\/\/mmkriepas.lv\/en\/wp-json\/wp\/v2\/media?parent=237552"}],"wp:term":[{"taxonomy":"product_brand","embeddable":true,"href":"https:\/\/mmkriepas.lv\/en\/wp-json\/wp\/v2\/product_brand?post=237552"},{"taxonomy":"product_cat","embeddable":true,"href":"https:\/\/mmkriepas.lv\/en\/wp-json\/wp\/v2\/product_cat?post=237552"},{"taxonomy":"product_tag","embeddable":true,"href":"https:\/\/mmkriepas.lv\/en\/wp-json\/wp\/v2\/product_tag?post=237552"}],"curies":[{"name":"wp","href":"https:\/\/api.w.org\/{rel}","templated":true}]}}