{"id":236399,"date":"2022-07-07T16:40:24","date_gmt":"2022-07-07T13:40:24","guid":{"rendered":"https:\/\/mmkserviss.lv\/?post_type=product&#038;p=236399"},"modified":"2025-03-07T17:12:02","modified_gmt":"2025-03-07T15:12:02","slug":"195-70r15c-mirage-mr-w300-104-102r","status":"publish","type":"product","link":"https:\/\/mmkriepas.lv\/en\/p\/195-70r15c-mirage-mr-w300-104-102r\/","title":{"rendered":"195\/70R15C Mirage MR-W300 104\/102R"},"content":{"rendered":"<p><strong>Mirage MR-W300<\/strong> ir labs palielin\u0101tas slodzes vissezonas komerctransporta riepu modelis. Izce\u013cas ar augstu nodilumiztur\u012bbu, palielin\u0101tu kravnes\u012bbu un labu sa\u0137eri visa gada griezum\u0101. <strong>Mirage MR-W300 galven\u0101s iez\u012bmes<\/strong> + Palielin\u0101ta nodilumiztur\u012bba pat intens\u012bvas ekspluat\u0101cijas apst\u0101k\u013cos. + Palielin\u0101ti slodzes indeksi, kas at\u013caus p\u0101rvad\u0101t smag\u0101kas kravas. + Izteikts akustiskais un brauk\u0161anas komforts. + Laba sa\u0137ere gan ar sausu, gan slapju asfaltu, k\u0101 ar\u012b ar sniegot\u0101m ce\u013ca virsm\u0101m. + Zems akvaplan\u0113\u0161anas risks. <strong>MR-W300 apr\u012bkojums<\/strong> <strong>Mirage MR-W300 <\/strong>riepas apr\u012bkotas ar komercauto jeb c indeksa riep\u0101m rakstur\u012bgu un gadu desmitiem ilgi p\u0101rbaud\u012btu simetrisko protektora dizainu.\u00a0 Mas\u012bvi protektora bloki un \u012bpa\u0161i iztur\u012bgs karkass at\u013cauj p\u0101rvad\u0101t smagas kravas pat intens\u012bvas ekspluat\u0101cijas apst\u0101k\u013cos. Savuk\u0101rt, palielin\u0101ts protektora dzi\u013cums un \u012bpa\u0161i nodilumiztur\u012bgs riepu gumijas sast\u0101vs b\u016btiski paildzina riepu kalpo\u0161anas m\u016b\u017eu.<\/p>\n","protected":false},"excerpt":{"rendered":"<p><strong>Mirage MR-W300 <\/strong>riepas apr\u012bkotas ar komercauto jeb c indeksa riep\u0101m rakstur\u012bgu un gadu desmitiem ilgi p\u0101rbaud\u012btu simetrisko protektora dizainu.\u00a0 Mas\u012bvi protektora bloki un \u012bpa\u0161i iztur\u012bgs karkass at\u013cauj p\u0101rvad\u0101t smagas kravas pat intens\u012bvas ekspluat\u0101cijas apst\u0101k\u013cos. Savuk\u0101rt, palielin\u0101ts protektora dzi\u013cums un \u012bpa\u0161i nodilumiztur\u012bgs riepu gumijas sast\u0101vs b\u016btiski paildzina riepu kalpo\u0161anas m\u016b\u017eu.<\/p>\n","protected":false},"featured_media":279594,"template":"","meta":{"_acf_changed":false,"ngg_post_thumbnail":0},"product_brand":[],"product_cat":[47,45],"product_tag":[],"class_list":{"0":"post-236399","1":"product","2":"type-product","3":"status-publish","4":"has-post-thumbnail","6":"product_cat-vissezonas-riepas","7":"product_cat-ziemas-riepas","9":"first","10":"outofstock","11":"sale","12":"taxable","13":"shipping-taxable","14":"product-type-simple"},"acf":[],"yoast_head":"<!-- This site is optimized with the Yoast SEO Premium plugin v22.6 (Yoast SEO v27.3) - https:\/\/yoast.com\/product\/yoast-seo-premium-wordpress\/ -->\n<title>195\/70R15C Mirage MR-W300 104\/102R &#8226; MMK Riepas<\/title>\n<meta name=\"robots\" content=\"index, follow, max-snippet:-1, max-image-preview:large, max-video-preview:-1\" \/>\n<link rel=\"canonical\" href=\"https:\/\/mmkriepas.lv\/en\/p\/195-70r15c-mirage-mr-w300-104-102r\/\" \/>\n<meta property=\"og:locale\" content=\"en_US\" \/>\n<meta property=\"og:type\" content=\"article\" \/>\n<meta property=\"og:title\" content=\"195\/70R15C Mirage MR-W300 104\/102R\" \/>\n<meta property=\"og:description\" content=\"Mirage MR-W300 riepas apr\u012bkotas ar komercauto jeb c indeksa riep\u0101m rakstur\u012bgu un gadu desmitiem ilgi p\u0101rbaud\u012btu simetrisko protektora dizainu.\u00a0 Mas\u012bvi protektora bloki un \u012bpa\u0161i iztur\u012bgs karkass at\u013cauj p\u0101rvad\u0101t smagas kravas pat intens\u012bvas ekspluat\u0101cijas apst\u0101k\u013cos. Savuk\u0101rt, palielin\u0101ts protektora dzi\u013cums un \u012bpa\u0161i nodilumiztur\u012bgs riepu gumijas sast\u0101vs b\u016btiski paildzina riepu kalpo\u0161anas m\u016b\u017eu.\" \/>\n<meta property=\"og:url\" content=\"https:\/\/mmkriepas.lv\/en\/p\/195-70r15c-mirage-mr-w300-104-102r\/\" \/>\n<meta property=\"og:site_name\" content=\"MMK Riepas\" \/>\n<meta property=\"article:publisher\" content=\"https:\/\/www.facebook.com\/mmkserviss\/\" \/>\n<meta property=\"article:modified_time\" content=\"2025-03-07T15:12:02+00:00\" \/>\n<meta property=\"og:image\" content=\"https:\/\/mmkriepas.lv\/wp-content\/uploads\/2022\/08\/19570r15c-mirage-mr-w300-104102r-ziemas-riepas.jpg\" \/>\n\t<meta property=\"og:image:width\" content=\"1920\" \/>\n\t<meta property=\"og:image:height\" content=\"1278\" \/>\n\t<meta property=\"og:image:type\" content=\"image\/jpeg\" \/>\n<meta name=\"twitter:card\" content=\"summary_large_image\" \/>\n<meta name=\"twitter:label1\" content=\"Price\" \/>\n\t<meta name=\"twitter:data1\" content=\"&euro;25.00\" \/>\n\t<meta name=\"twitter:label2\" content=\"Availability\" \/>\n\t<meta name=\"twitter:data2\" content=\"Out of stock\" \/>\n<script type=\"application\/ld+json\" class=\"yoast-schema-graph\">{\"@context\":\"https:\\\/\\\/schema.org\",\"@graph\":[{\"@type\":\"WebPage\",\"@id\":\"https:\\\/\\\/mmkriepas.lv\\\/en\\\/p\\\/195-70r15c-mirage-mr-w300-104-102r\\\/\",\"url\":\"https:\\\/\\\/mmkriepas.lv\\\/en\\\/p\\\/195-70r15c-mirage-mr-w300-104-102r\\\/\",\"name\":\"195\\\/70R15C Mirage MR-W300 104\\\/102R &#8226; MMK Riepas\",\"isPartOf\":{\"@id\":\"https:\\\/\\\/mmkriepas.lv\\\/en\\\/#website\"},\"primaryImageOfPage\":{\"@id\":\"https:\\\/\\\/mmkriepas.lv\\\/en\\\/p\\\/195-70r15c-mirage-mr-w300-104-102r\\\/#primaryimage\"},\"image\":{\"@id\":\"https:\\\/\\\/mmkriepas.lv\\\/en\\\/p\\\/195-70r15c-mirage-mr-w300-104-102r\\\/#primaryimage\"},\"thumbnailUrl\":\"https:\\\/\\\/mmkriepas.lv\\\/wp-content\\\/uploads\\\/2022\\\/08\\\/19570r15c-mirage-mr-w300-104102r-ziemas-riepas.jpg\",\"datePublished\":\"2022-07-07T13:40:24+00:00\",\"dateModified\":\"2025-03-07T15:12:02+00:00\",\"breadcrumb\":{\"@id\":\"https:\\\/\\\/mmkriepas.lv\\\/en\\\/p\\\/195-70r15c-mirage-mr-w300-104-102r\\\/#breadcrumb\"},\"inLanguage\":\"en-US\",\"potentialAction\":[{\"@type\":\"ReadAction\",\"target\":[\"https:\\\/\\\/mmkriepas.lv\\\/en\\\/p\\\/195-70r15c-mirage-mr-w300-104-102r\\\/\"]}]},{\"@type\":\"ImageObject\",\"inLanguage\":\"en-US\",\"@id\":\"https:\\\/\\\/mmkriepas.lv\\\/en\\\/p\\\/195-70r15c-mirage-mr-w300-104-102r\\\/#primaryimage\",\"url\":\"https:\\\/\\\/mmkriepas.lv\\\/wp-content\\\/uploads\\\/2022\\\/08\\\/19570r15c-mirage-mr-w300-104102r-ziemas-riepas.jpg\",\"contentUrl\":\"https:\\\/\\\/mmkriepas.lv\\\/wp-content\\\/uploads\\\/2022\\\/08\\\/19570r15c-mirage-mr-w300-104102r-ziemas-riepas.jpg\",\"width\":1920,\"height\":1278,\"caption\":\"195\\\/70R15C Mirage MR-W300 104\\\/102R - Vissezonas riepas \\\/ Ziemas riepas\"},{\"@type\":\"BreadcrumbList\",\"@id\":\"https:\\\/\\\/mmkriepas.lv\\\/en\\\/p\\\/195-70r15c-mirage-mr-w300-104-102r\\\/#breadcrumb\",\"itemListElement\":[{\"@type\":\"ListItem\",\"position\":1,\"name\":\"S\u0101kums\",\"item\":\"https:\\\/\\\/mmkriepas.lv\\\/en\\\/\"},{\"@type\":\"ListItem\",\"position\":2,\"name\":\"195\\\/70R15C Mirage MR-W300 104\\\/102R\"}]},{\"@type\":\"WebSite\",\"@id\":\"https:\\\/\\\/mmkriepas.lv\\\/en\\\/#website\",\"url\":\"https:\\\/\\\/mmkriepas.lv\\\/en\\\/\",\"name\":\"MMK Riepas\",\"description\":\"MMK Riepas\",\"alternateName\":\"MMK Riepu Serviss\",\"potentialAction\":[{\"@type\":\"SearchAction\",\"target\":{\"@type\":\"EntryPoint\",\"urlTemplate\":\"https:\\\/\\\/mmkriepas.lv\\\/en\\\/?s={search_term_string}\"},\"query-input\":{\"@type\":\"PropertyValueSpecification\",\"valueRequired\":true,\"valueName\":\"search_term_string\"}}],\"inLanguage\":\"en-US\"},{\"@type\":\"ImageObject\",\"inLanguage\":\"en-US\",\"@id\":\"https:\\\/\\\/mmkriepas.lv\\\/en\\\/p\\\/195-70r15c-mirage-mr-w300-104-102r\\\/#local-main-organization-logo\",\"url\":\"\",\"contentUrl\":\"\",\"caption\":\"MMK Riepas\"}]}<\/script>\n<meta property=\"product:brand\" content=\"Mirage MR-W300\" \/>\n<meta property=\"product:price:amount\" content=\"25.00\" \/>\n<meta property=\"product:price:currency\" content=\"EUR\" \/>\n<meta property=\"og:availability\" content=\"out of stock\" \/>\n<meta property=\"product:availability\" content=\"out of stock\" \/>\n<meta property=\"product:retailer_item_id\" content=\"TW1957015CMIRAG-1306\" \/>\n<meta property=\"product:condition\" content=\"new\" \/>\n<!-- \/ Yoast SEO Premium plugin. -->","yoast_head_json":{"title":"195\/70R15C Mirage MR-W300 104\/102R &#8226; MMK Riepas","robots":{"index":"index","follow":"follow","max-snippet":"max-snippet:-1","max-image-preview":"max-image-preview:large","max-video-preview":"max-video-preview:-1"},"canonical":"https:\/\/mmkriepas.lv\/en\/p\/195-70r15c-mirage-mr-w300-104-102r\/","og_locale":"en_US","og_type":"article","og_title":"195\/70R15C Mirage MR-W300 104\/102R","og_description":"Mirage MR-W300 riepas apr\u012bkotas ar komercauto jeb c indeksa riep\u0101m rakstur\u012bgu un gadu desmitiem ilgi p\u0101rbaud\u012btu simetrisko protektora dizainu.\u00a0 Mas\u012bvi protektora bloki un \u012bpa\u0161i iztur\u012bgs karkass at\u013cauj p\u0101rvad\u0101t smagas kravas pat intens\u012bvas ekspluat\u0101cijas apst\u0101k\u013cos. Savuk\u0101rt, palielin\u0101ts protektora dzi\u013cums un \u012bpa\u0161i nodilumiztur\u012bgs riepu gumijas sast\u0101vs b\u016btiski paildzina riepu kalpo\u0161anas m\u016b\u017eu.","og_url":"https:\/\/mmkriepas.lv\/en\/p\/195-70r15c-mirage-mr-w300-104-102r\/","og_site_name":"MMK Riepas","article_publisher":"https:\/\/www.facebook.com\/mmkserviss\/","article_modified_time":"2025-03-07T15:12:02+00:00","og_image":[{"width":1920,"height":1278,"url":"https:\/\/mmkriepas.lv\/wp-content\/uploads\/2022\/08\/19570r15c-mirage-mr-w300-104102r-ziemas-riepas.jpg","type":"image\/jpeg"}],"twitter_card":"summary_large_image","twitter_misc":{"Price":"&euro;25.00","Availability":"Out of stock"},"schema":{"@context":"https:\/\/schema.org","@graph":[{"@type":"WebPage","@id":"https:\/\/mmkriepas.lv\/en\/p\/195-70r15c-mirage-mr-w300-104-102r\/","url":"https:\/\/mmkriepas.lv\/en\/p\/195-70r15c-mirage-mr-w300-104-102r\/","name":"195\/70R15C Mirage MR-W300 104\/102R &#8226; MMK Riepas","isPartOf":{"@id":"https:\/\/mmkriepas.lv\/en\/#website"},"primaryImageOfPage":{"@id":"https:\/\/mmkriepas.lv\/en\/p\/195-70r15c-mirage-mr-w300-104-102r\/#primaryimage"},"image":{"@id":"https:\/\/mmkriepas.lv\/en\/p\/195-70r15c-mirage-mr-w300-104-102r\/#primaryimage"},"thumbnailUrl":"https:\/\/mmkriepas.lv\/wp-content\/uploads\/2022\/08\/19570r15c-mirage-mr-w300-104102r-ziemas-riepas.jpg","datePublished":"2022-07-07T13:40:24+00:00","dateModified":"2025-03-07T15:12:02+00:00","breadcrumb":{"@id":"https:\/\/mmkriepas.lv\/en\/p\/195-70r15c-mirage-mr-w300-104-102r\/#breadcrumb"},"inLanguage":"en-US","potentialAction":[{"@type":"ReadAction","target":["https:\/\/mmkriepas.lv\/en\/p\/195-70r15c-mirage-mr-w300-104-102r\/"]}]},{"@type":"ImageObject","inLanguage":"en-US","@id":"https:\/\/mmkriepas.lv\/en\/p\/195-70r15c-mirage-mr-w300-104-102r\/#primaryimage","url":"https:\/\/mmkriepas.lv\/wp-content\/uploads\/2022\/08\/19570r15c-mirage-mr-w300-104102r-ziemas-riepas.jpg","contentUrl":"https:\/\/mmkriepas.lv\/wp-content\/uploads\/2022\/08\/19570r15c-mirage-mr-w300-104102r-ziemas-riepas.jpg","width":1920,"height":1278,"caption":"195\/70R15C Mirage MR-W300 104\/102R - Vissezonas riepas \/ Ziemas riepas"},{"@type":"BreadcrumbList","@id":"https:\/\/mmkriepas.lv\/en\/p\/195-70r15c-mirage-mr-w300-104-102r\/#breadcrumb","itemListElement":[{"@type":"ListItem","position":1,"name":"S\u0101kums","item":"https:\/\/mmkriepas.lv\/en\/"},{"@type":"ListItem","position":2,"name":"195\/70R15C Mirage MR-W300 104\/102R"}]},{"@type":"WebSite","@id":"https:\/\/mmkriepas.lv\/en\/#website","url":"https:\/\/mmkriepas.lv\/en\/","name":"MMK Riepas","description":"MMK Riepas","alternateName":"MMK Riepu Serviss","potentialAction":[{"@type":"SearchAction","target":{"@type":"EntryPoint","urlTemplate":"https:\/\/mmkriepas.lv\/en\/?s={search_term_string}"},"query-input":{"@type":"PropertyValueSpecification","valueRequired":true,"valueName":"search_term_string"}}],"inLanguage":"en-US"},{"@type":"ImageObject","inLanguage":"en-US","@id":"https:\/\/mmkriepas.lv\/en\/p\/195-70r15c-mirage-mr-w300-104-102r\/#local-main-organization-logo","url":"","contentUrl":"","caption":"MMK Riepas"}]},"product_brand":"Mirage MR-W300","product_price_amount":"25.00","product_price_currency":"EUR","og_availability":"out of stock","product_availability":"out of stock","product_retailer_item_id":"TW1957015CMIRAG-1306","product_condition":"new"},"_links":{"self":[{"href":"https:\/\/mmkriepas.lv\/en\/wp-json\/wp\/v2\/product\/236399","targetHints":{"allow":["GET"]}}],"collection":[{"href":"https:\/\/mmkriepas.lv\/en\/wp-json\/wp\/v2\/product"}],"about":[{"href":"https:\/\/mmkriepas.lv\/en\/wp-json\/wp\/v2\/types\/product"}],"wp:featuredmedia":[{"embeddable":true,"href":"https:\/\/mmkriepas.lv\/en\/wp-json\/wp\/v2\/media\/279594"}],"wp:attachment":[{"href":"https:\/\/mmkriepas.lv\/en\/wp-json\/wp\/v2\/media?parent=236399"}],"wp:term":[{"taxonomy":"product_brand","embeddable":true,"href":"https:\/\/mmkriepas.lv\/en\/wp-json\/wp\/v2\/product_brand?post=236399"},{"taxonomy":"product_cat","embeddable":true,"href":"https:\/\/mmkriepas.lv\/en\/wp-json\/wp\/v2\/product_cat?post=236399"},{"taxonomy":"product_tag","embeddable":true,"href":"https:\/\/mmkriepas.lv\/en\/wp-json\/wp\/v2\/product_tag?post=236399"}],"curies":[{"name":"wp","href":"https:\/\/api.w.org\/{rel}","templated":true}]}}