{"id":236386,"date":"2022-07-07T14:43:46","date_gmt":"2022-07-07T11:43:46","guid":{"rendered":"https:\/\/mmkserviss.lv\/?post_type=product&#038;p=236386"},"modified":"2026-03-28T00:12:04","modified_gmt":"2026-03-27T22:12:04","slug":"235-65r16c-aplus-a503-115-113r","status":"publish","type":"product","link":"https:\/\/mmkriepas.lv\/en\/p\/235-65r16c-aplus-a503-115-113r\/","title":{"rendered":"235\/65R16C Aplus A503 115\/113R"},"content":{"rendered":"<p style=\"margin: 12.0pt 0cm 12.0pt 0cm;\"><b><span style=\"font-size: 11.0pt; font-family: 'Arial',sans-serif; color: black;\">Aplus A503<\/span><\/b><span style=\"white-space: pre-wrap;\"><span style=\"font-size: 11.0pt; font-family: 'Arial',sans-serif; color: black;\"> ir augstas kvalit\u0101tes rad\u017eojams ziemas riepu modelis. Tas izce\u013cas ar augstiem kravnes\u012bbas r\u0101d\u012bt\u0101jiem, labu sa\u0137eri, un manevr\u0113tsp\u0113ju uz jebk\u0101da ce\u013ca seguma. Pieejams pla\u0161\u0101 izm\u0113ru kl\u0101st\u0101 un piem\u0113rots gan vieglaj\u0101m, gan apvidus automa\u0161\u012bn\u0101m.<\/span><u1:p><\/u1:p> <\/span><span style=\"font-size: 11.0pt; font-family: 'Arial',sans-serif; color: red;\">\u0160is modelis ir pieejams gan ar radz\u0113m, gan bez t\u0101m. <\/span><o:p><\/o:p><\/p>\n<h3 style=\"margin: 14.0pt 0cm 4.0pt 0cm;\"><span style=\"white-space: pre-wrap;\"><span style=\"font-size: 13.0pt; font-family: 'Arial',sans-serif; color: black;\">Aplus A503 galven\u0101s iez\u012bmes<\/span><\/span><u1:p><\/u1:p><o:p><\/o:p><\/h3>\n<p style=\"margin: 12.0pt 0cm 12.0pt 0cm;\"><span style=\"white-space: pre-wrap;\"><span style=\"font-size: 11.0pt; font-family: 'Arial',sans-serif; color: black;\">+Lieli slodzes indeksi un laba kravnes\u012bba!<\/span><\/span><u1:p><\/u1:p><o:p><\/o:p><\/p>\n<p style=\"margin: 12.0pt 0cm 12.0pt 0cm;\"><span style=\"white-space: pre-wrap;\"><span style=\"font-size: 11.0pt; font-family: 'Arial',sans-serif; color: black;\">+Laba sa\u0137ere un manevr\u0113tsp\u0113ja uz ledus un snieg\u0101!<\/span><\/span><u1:p><\/u1:p><o:p><\/o:p><\/p>\n<p style=\"margin: 12.0pt 0cm 12.0pt 0cm;\"><span style=\"white-space: pre-wrap;\"><span style=\"font-size: 11.0pt; font-family: 'Arial',sans-serif; color: black;\">+Iesp\u0113ja protektora blokos iestr\u0101d\u0101t radzes, lai uzlabotu veiktsp\u0113ju uz ledus v\u0113l veir\u0101k!<\/span><\/span><u1:p><\/u1:p><o:p><\/o:p><\/p>\n<h3 style=\"margin: 14.0pt 0cm 4.0pt 0cm;\"><span style=\"white-space: pre-wrap;\"><span style=\"font-size: 13.0pt; font-family: 'Arial',sans-serif; color: black;\">A503 apr\u012bkojums<\/span><\/span><u1:p><\/u1:p><o:p><\/o:p><\/h3>\n<p style=\"margin: 12.0pt 0cm 12.0pt 0cm;\"><span style=\"white-space: pre-wrap;\"><b><span style=\"font-size: 11.0pt; font-family: 'Arial',sans-serif; color: black;\">Aplus A503<\/span><\/b><\/span><span style=\"white-space: pre-wrap;\"><span style=\"font-size: 11.0pt; font-family: 'Arial',sans-serif; color: black;\"> virz\u012btais protektora raksts bru\u0146ots ar mas\u012bviem protektora blokiem, kuros iestr\u0101d\u0101ti vair\u0101ki t\u016bksto\u0161i lame\u013cu. Lameles, tand\u0113m\u0101 ar radz\u0113m, b\u016btiski uzlabo veiktsp\u0113ju uz ledus, padarot \u0161o riepu par izcilu sabiedroto c\u012b\u0146\u0101 ar bargiem ziemas apst\u0101k\u013ciem.<\/span><\/span><u1:p><\/u1:p><o:p><\/o:p><\/p>\n<p style=\"margin: 12.0pt 0cm 12.0pt 0cm;\"><span style=\"white-space: pre-wrap;\"><span style=\"font-size: 11.0pt; font-family: 'Arial',sans-serif; color: black;\">\u0160is ziemas riepu modelis b\u016bs izcili piem\u0113rots tiem autobrauc\u0113jiem, kas ne tikai p\u0101rvad\u0101 smagas kravas, bet t\u0101s pl\u0101no vest pa apledoju\u0161iem un ret\u0101k t\u012br\u012btiem lauku vai me\u017ea ce\u013ciem.<\/span><\/span><o:p><\/o:p><\/p>\n","protected":false},"excerpt":{"rendered":"<p style=\"margin: 12.0pt 0cm 12.0pt 0cm;\"><b><span style=\"font-size: 11.0pt; font-family: 'Arial',sans-serif; color: black;\">Aplus A503<\/span><\/b><span style=\"white-space: pre-wrap;\"><span style=\"font-size: 11.0pt; font-family: 'Arial',sans-serif; color: black;\"> ir augstas kvalit\u0101tes rad\u017eojams ziemas riepu modelis. Tas izce\u013cas ar augstiem kravnes\u012bbas r\u0101d\u012bt\u0101jiem, labu sa\u0137eri, un manevr\u0113tsp\u0113ju uz jebk\u0101da ce\u013ca seguma. Pieejams pla\u0161\u0101 izm\u0113ru kl\u0101st\u0101 un piem\u0113rots gan vieglaj\u0101m, gan apvidus automa\u0161\u012bn\u0101m.<\/span><u1:p><\/u1:p> <\/span><span style=\"font-size: 11.0pt; font-family: 'Arial',sans-serif; color: red;\">\u0160is modelis ir pieejams gan ar radz\u0113m, gan bez t\u0101m. <\/span><o:p><\/o:p><\/p><\/p>\n","protected":false},"featured_media":275950,"template":"","meta":{"_acf_changed":false,"ngg_post_thumbnail":0},"product_brand":[],"product_cat":[47,45],"product_tag":[],"class_list":{"0":"post-236386","1":"product","2":"type-product","3":"status-publish","4":"has-post-thumbnail","6":"product_cat-vissezonas-riepas","7":"product_cat-ziemas-riepas","9":"first","10":"instock","11":"sale","12":"taxable","13":"shipping-taxable","14":"purchasable","15":"product-type-simple"},"acf":[],"yoast_head":"<!-- This site is optimized with the Yoast SEO Premium plugin v22.6 (Yoast SEO v27.3) - https:\/\/yoast.com\/product\/yoast-seo-premium-wordpress\/ -->\n<title>235\/65R16C Aplus A503 115\/113R &#8226; MMK Riepas<\/title>\n<meta name=\"robots\" content=\"index, follow, max-snippet:-1, max-image-preview:large, max-video-preview:-1\" \/>\n<link rel=\"canonical\" href=\"https:\/\/mmkriepas.lv\/en\/p\/235-65r16c-aplus-a503-115-113r\/\" \/>\n<meta property=\"og:locale\" content=\"en_US\" \/>\n<meta property=\"og:type\" content=\"article\" \/>\n<meta property=\"og:title\" content=\"235\/65R16C Aplus A503 115\/113R\" \/>\n<meta property=\"og:description\" content=\"Aplus A503 ir augstas kvalit\u0101tes rad\u017eojams ziemas riepu modelis. Tas izce\u013cas ar augstiem kravnes\u012bbas r\u0101d\u012bt\u0101jiem, labu sa\u0137eri, un manevr\u0113tsp\u0113ju uz jebk\u0101da ce\u013ca seguma. Pieejams pla\u0161\u0101 izm\u0113ru kl\u0101st\u0101 un piem\u0113rots gan vieglaj\u0101m, gan apvidus automa\u0161\u012bn\u0101m. \u0160is modelis ir pieejams gan ar radz\u0113m, gan bez t\u0101m.\" \/>\n<meta property=\"og:url\" content=\"https:\/\/mmkriepas.lv\/en\/p\/235-65r16c-aplus-a503-115-113r\/\" \/>\n<meta property=\"og:site_name\" content=\"MMK Riepas\" \/>\n<meta property=\"article:publisher\" content=\"https:\/\/www.facebook.com\/mmkserviss\/\" \/>\n<meta property=\"article:modified_time\" content=\"2026-03-27T22:12:04+00:00\" \/>\n<meta property=\"og:image\" content=\"https:\/\/mmkriepas.lv\/wp-content\/uploads\/2022\/08\/23565r16c-aplus-a503-115113r-ziemas-riepas.jpg\" \/>\n\t<meta property=\"og:image:width\" content=\"1600\" \/>\n\t<meta property=\"og:image:height\" content=\"1064\" \/>\n\t<meta property=\"og:image:type\" content=\"image\/jpeg\" \/>\n<meta name=\"twitter:card\" content=\"summary_large_image\" \/>\n<meta name=\"twitter:label1\" content=\"Price\" \/>\n\t<meta name=\"twitter:data1\" content=\"&euro;49.00\" \/>\n\t<meta name=\"twitter:label2\" content=\"Availability\" \/>\n\t<meta name=\"twitter:data2\" content=\"In stock\" \/>\n<script type=\"application\/ld+json\" class=\"yoast-schema-graph\">{\"@context\":\"https:\\\/\\\/schema.org\",\"@graph\":[{\"@type\":\"WebPage\",\"@id\":\"https:\\\/\\\/mmkriepas.lv\\\/en\\\/p\\\/235-65r16c-aplus-a503-115-113r\\\/\",\"url\":\"https:\\\/\\\/mmkriepas.lv\\\/en\\\/p\\\/235-65r16c-aplus-a503-115-113r\\\/\",\"name\":\"235\\\/65R16C Aplus A503 115\\\/113R &#8226; MMK Riepas\",\"isPartOf\":{\"@id\":\"https:\\\/\\\/mmkriepas.lv\\\/en\\\/#website\"},\"primaryImageOfPage\":{\"@id\":\"https:\\\/\\\/mmkriepas.lv\\\/en\\\/p\\\/235-65r16c-aplus-a503-115-113r\\\/#primaryimage\"},\"image\":{\"@id\":\"https:\\\/\\\/mmkriepas.lv\\\/en\\\/p\\\/235-65r16c-aplus-a503-115-113r\\\/#primaryimage\"},\"thumbnailUrl\":\"https:\\\/\\\/mmkriepas.lv\\\/wp-content\\\/uploads\\\/2022\\\/08\\\/23565r16c-aplus-a503-115113r-ziemas-riepas.jpg\",\"datePublished\":\"2022-07-07T11:43:46+00:00\",\"dateModified\":\"2026-03-27T22:12:04+00:00\",\"breadcrumb\":{\"@id\":\"https:\\\/\\\/mmkriepas.lv\\\/en\\\/p\\\/235-65r16c-aplus-a503-115-113r\\\/#breadcrumb\"},\"inLanguage\":\"en-US\",\"potentialAction\":[{\"@type\":\"ReadAction\",\"target\":[\"https:\\\/\\\/mmkriepas.lv\\\/en\\\/p\\\/235-65r16c-aplus-a503-115-113r\\\/\"]}]},{\"@type\":\"ImageObject\",\"inLanguage\":\"en-US\",\"@id\":\"https:\\\/\\\/mmkriepas.lv\\\/en\\\/p\\\/235-65r16c-aplus-a503-115-113r\\\/#primaryimage\",\"url\":\"https:\\\/\\\/mmkriepas.lv\\\/wp-content\\\/uploads\\\/2022\\\/08\\\/23565r16c-aplus-a503-115113r-ziemas-riepas.jpg\",\"contentUrl\":\"https:\\\/\\\/mmkriepas.lv\\\/wp-content\\\/uploads\\\/2022\\\/08\\\/23565r16c-aplus-a503-115113r-ziemas-riepas.jpg\",\"width\":1600,\"height\":1064,\"caption\":\"235\\\/65R16C Aplus A503 115\\\/113R - Vissezonas riepas \\\/ Ziemas riepas\"},{\"@type\":\"BreadcrumbList\",\"@id\":\"https:\\\/\\\/mmkriepas.lv\\\/en\\\/p\\\/235-65r16c-aplus-a503-115-113r\\\/#breadcrumb\",\"itemListElement\":[{\"@type\":\"ListItem\",\"position\":1,\"name\":\"S\u0101kums\",\"item\":\"https:\\\/\\\/mmkriepas.lv\\\/en\\\/\"},{\"@type\":\"ListItem\",\"position\":2,\"name\":\"235\\\/65R16C Aplus A503 115\\\/113R\"}]},{\"@type\":\"WebSite\",\"@id\":\"https:\\\/\\\/mmkriepas.lv\\\/en\\\/#website\",\"url\":\"https:\\\/\\\/mmkriepas.lv\\\/en\\\/\",\"name\":\"MMK Riepas\",\"description\":\"MMK Riepas\",\"alternateName\":\"MMK Riepu Serviss\",\"potentialAction\":[{\"@type\":\"SearchAction\",\"target\":{\"@type\":\"EntryPoint\",\"urlTemplate\":\"https:\\\/\\\/mmkriepas.lv\\\/en\\\/?s={search_term_string}\"},\"query-input\":{\"@type\":\"PropertyValueSpecification\",\"valueRequired\":true,\"valueName\":\"search_term_string\"}}],\"inLanguage\":\"en-US\"},{\"@type\":\"ImageObject\",\"inLanguage\":\"en-US\",\"@id\":\"https:\\\/\\\/mmkriepas.lv\\\/en\\\/p\\\/235-65r16c-aplus-a503-115-113r\\\/#local-main-organization-logo\",\"url\":\"\",\"contentUrl\":\"\",\"caption\":\"MMK Riepas\"}]}<\/script>\n<meta property=\"product:brand\" content=\"Aplus A503\" \/>\n<meta property=\"product:price:amount\" content=\"49.00\" \/>\n<meta property=\"product:price:currency\" content=\"EUR\" \/>\n<meta property=\"og:availability\" content=\"instock\" \/>\n<meta property=\"product:availability\" content=\"instock\" \/>\n<meta property=\"product:retailer_item_id\" content=\"TW2356516CAPLUS-2880\" \/>\n<meta property=\"product:condition\" content=\"new\" \/>\n<!-- \/ Yoast SEO Premium plugin. -->","yoast_head_json":{"title":"235\/65R16C Aplus A503 115\/113R &#8226; MMK Riepas","robots":{"index":"index","follow":"follow","max-snippet":"max-snippet:-1","max-image-preview":"max-image-preview:large","max-video-preview":"max-video-preview:-1"},"canonical":"https:\/\/mmkriepas.lv\/en\/p\/235-65r16c-aplus-a503-115-113r\/","og_locale":"en_US","og_type":"article","og_title":"235\/65R16C Aplus A503 115\/113R","og_description":"Aplus A503 ir augstas kvalit\u0101tes rad\u017eojams ziemas riepu modelis. Tas izce\u013cas ar augstiem kravnes\u012bbas r\u0101d\u012bt\u0101jiem, labu sa\u0137eri, un manevr\u0113tsp\u0113ju uz jebk\u0101da ce\u013ca seguma. Pieejams pla\u0161\u0101 izm\u0113ru kl\u0101st\u0101 un piem\u0113rots gan vieglaj\u0101m, gan apvidus automa\u0161\u012bn\u0101m. \u0160is modelis ir pieejams gan ar radz\u0113m, gan bez t\u0101m.","og_url":"https:\/\/mmkriepas.lv\/en\/p\/235-65r16c-aplus-a503-115-113r\/","og_site_name":"MMK Riepas","article_publisher":"https:\/\/www.facebook.com\/mmkserviss\/","article_modified_time":"2026-03-27T22:12:04+00:00","og_image":[{"width":1600,"height":1064,"url":"https:\/\/mmkriepas.lv\/wp-content\/uploads\/2022\/08\/23565r16c-aplus-a503-115113r-ziemas-riepas.jpg","type":"image\/jpeg"}],"twitter_card":"summary_large_image","twitter_misc":{"Price":"&euro;49.00","Availability":"In stock"},"schema":{"@context":"https:\/\/schema.org","@graph":[{"@type":"WebPage","@id":"https:\/\/mmkriepas.lv\/en\/p\/235-65r16c-aplus-a503-115-113r\/","url":"https:\/\/mmkriepas.lv\/en\/p\/235-65r16c-aplus-a503-115-113r\/","name":"235\/65R16C Aplus A503 115\/113R &#8226; MMK Riepas","isPartOf":{"@id":"https:\/\/mmkriepas.lv\/en\/#website"},"primaryImageOfPage":{"@id":"https:\/\/mmkriepas.lv\/en\/p\/235-65r16c-aplus-a503-115-113r\/#primaryimage"},"image":{"@id":"https:\/\/mmkriepas.lv\/en\/p\/235-65r16c-aplus-a503-115-113r\/#primaryimage"},"thumbnailUrl":"https:\/\/mmkriepas.lv\/wp-content\/uploads\/2022\/08\/23565r16c-aplus-a503-115113r-ziemas-riepas.jpg","datePublished":"2022-07-07T11:43:46+00:00","dateModified":"2026-03-27T22:12:04+00:00","breadcrumb":{"@id":"https:\/\/mmkriepas.lv\/en\/p\/235-65r16c-aplus-a503-115-113r\/#breadcrumb"},"inLanguage":"en-US","potentialAction":[{"@type":"ReadAction","target":["https:\/\/mmkriepas.lv\/en\/p\/235-65r16c-aplus-a503-115-113r\/"]}]},{"@type":"ImageObject","inLanguage":"en-US","@id":"https:\/\/mmkriepas.lv\/en\/p\/235-65r16c-aplus-a503-115-113r\/#primaryimage","url":"https:\/\/mmkriepas.lv\/wp-content\/uploads\/2022\/08\/23565r16c-aplus-a503-115113r-ziemas-riepas.jpg","contentUrl":"https:\/\/mmkriepas.lv\/wp-content\/uploads\/2022\/08\/23565r16c-aplus-a503-115113r-ziemas-riepas.jpg","width":1600,"height":1064,"caption":"235\/65R16C Aplus A503 115\/113R - Vissezonas riepas \/ Ziemas riepas"},{"@type":"BreadcrumbList","@id":"https:\/\/mmkriepas.lv\/en\/p\/235-65r16c-aplus-a503-115-113r\/#breadcrumb","itemListElement":[{"@type":"ListItem","position":1,"name":"S\u0101kums","item":"https:\/\/mmkriepas.lv\/en\/"},{"@type":"ListItem","position":2,"name":"235\/65R16C Aplus A503 115\/113R"}]},{"@type":"WebSite","@id":"https:\/\/mmkriepas.lv\/en\/#website","url":"https:\/\/mmkriepas.lv\/en\/","name":"MMK Riepas","description":"MMK Riepas","alternateName":"MMK Riepu Serviss","potentialAction":[{"@type":"SearchAction","target":{"@type":"EntryPoint","urlTemplate":"https:\/\/mmkriepas.lv\/en\/?s={search_term_string}"},"query-input":{"@type":"PropertyValueSpecification","valueRequired":true,"valueName":"search_term_string"}}],"inLanguage":"en-US"},{"@type":"ImageObject","inLanguage":"en-US","@id":"https:\/\/mmkriepas.lv\/en\/p\/235-65r16c-aplus-a503-115-113r\/#local-main-organization-logo","url":"","contentUrl":"","caption":"MMK Riepas"}]},"product_brand":"Aplus A503","product_price_amount":"49.00","product_price_currency":"EUR","og_availability":"instock","product_availability":"instock","product_retailer_item_id":"TW2356516CAPLUS-2880","product_condition":"new"},"_links":{"self":[{"href":"https:\/\/mmkriepas.lv\/en\/wp-json\/wp\/v2\/product\/236386","targetHints":{"allow":["GET"]}}],"collection":[{"href":"https:\/\/mmkriepas.lv\/en\/wp-json\/wp\/v2\/product"}],"about":[{"href":"https:\/\/mmkriepas.lv\/en\/wp-json\/wp\/v2\/types\/product"}],"wp:featuredmedia":[{"embeddable":true,"href":"https:\/\/mmkriepas.lv\/en\/wp-json\/wp\/v2\/media\/275950"}],"wp:attachment":[{"href":"https:\/\/mmkriepas.lv\/en\/wp-json\/wp\/v2\/media?parent=236386"}],"wp:term":[{"taxonomy":"product_brand","embeddable":true,"href":"https:\/\/mmkriepas.lv\/en\/wp-json\/wp\/v2\/product_brand?post=236386"},{"taxonomy":"product_cat","embeddable":true,"href":"https:\/\/mmkriepas.lv\/en\/wp-json\/wp\/v2\/product_cat?post=236386"},{"taxonomy":"product_tag","embeddable":true,"href":"https:\/\/mmkriepas.lv\/en\/wp-json\/wp\/v2\/product_tag?post=236386"}],"curies":[{"name":"wp","href":"https:\/\/api.w.org\/{rel}","templated":true}]}}