{"id":236366,"date":"2022-07-07T11:41:15","date_gmt":"2022-07-07T08:41:15","guid":{"rendered":"https:\/\/mmkserviss.lv\/?post_type=product&#038;p=236366"},"modified":"2026-01-28T19:17:12","modified_gmt":"2026-01-28T17:17:12","slug":"205-60r16-royal-black-royal-ice-92s","status":"publish","type":"product","link":"https:\/\/mmkriepas.lv\/en\/p\/205-60r16-royal-black-royal-ice-92s\/","title":{"rendered":"205\/60R16 Royal Black Royal Ice 92S"},"content":{"rendered":"<p style=\"margin: 12.0pt 0cm 12.0pt 0cm;\"><b><span style=\"font-size: 11.0pt; font-family: 'Arial',sans-serif; color: black;\">Royal Black Royal Ice<\/span><\/b><span style=\"font-size: 11.0pt; font-family: 'Arial',sans-serif; color: black;\"> &#8211; m\u012bkst\u0101 sast\u0101va jeb Skandin\u0101vijas tipa ziemas riepu modelis, kas izce\u013cas ar augstiem sa\u0137eres r\u0101d\u012bt\u0101jiem pat skarbos ziemas brauk\u0161anas apst\u0101k\u013cos. Pieejams pla\u0161\u0101 izm\u0113ru kl\u0101st\u0101 no kompaktklases auto l\u012bdz pat nelieliem SUV jeb krosoveriem.<\/span><o:p><\/o:p><\/p>\n<h3 style=\"margin: 14.0pt 0cm 4.0pt 0cm;\"><span style=\"font-size: 13.0pt; font-family: 'Arial',sans-serif; color: black;\">Royal Black Royal Ice galven\u0101s \u012bpa\u0161\u012bbas<\/span><o:p><\/o:p><\/h3>\n<p style=\"margin: 12.0pt 0cm 12.0pt 0cm;\"><span style=\"font-size: 11.0pt; font-family: 'Arial',sans-serif; color: black;\">+ Augstas sa\u0137eres \u012bpa\u0161\u012bbas snieg\u0101, uz ledus un uz slapja asfalta.<\/span><o:p><\/o:p><\/p>\n<p style=\"margin: 12.0pt 0cm 12.0pt 0cm;\"><span style=\"font-size: 11.0pt; font-family: 'Arial',sans-serif; color: black;\">+ Degvielas ekonomija.<\/span><o:p><\/o:p><\/p>\n<p style=\"margin: 12.0pt 0cm 12.0pt 0cm;\"><span style=\"font-size: 11.0pt; font-family: 'Arial',sans-serif; color: black;\">+ Akustiskais komforts.<\/span><o:p><\/o:p><\/p>\n<p style=\"margin: 12.0pt 0cm 12.0pt 0cm;\"><span style=\"font-size: 11.0pt; font-family: 'Arial',sans-serif; color: black;\">+ Paaugstin\u0101ta nodilumiztur\u012bba.<\/span><o:p><\/o:p><\/p>\n<h3 style=\"margin: 14.0pt 0cm 4.0pt 0cm;\"><span style=\"font-size: 13.0pt; font-family: 'Arial',sans-serif; color: black;\">Royal Ice apr\u012bkojums<\/span><o:p><\/o:p><\/h3>\n<p style=\"margin: 12.0pt 0cm 12.0pt 0cm;\"><b><span style=\"font-size: 11.0pt; font-family: 'Arial',sans-serif; color: black;\">Royal Black Royal Ice <\/span><\/b><span style=\"font-size: 11.0pt; font-family: 'Arial',sans-serif; color: black;\">ziemas riepas apr\u012bkotas ar simetrisku protektora rakstu, starp kura mas\u012bvajiem protektora blokiem izvietoti gareniski novadkan\u0101li. Tie pal\u012bdz efekt\u012bv\u0101k izvad\u012bt \u016bdeni no riepu kontakta virsmas ar ce\u013cu, samazinot akvaplan\u0113\u0161anas risku.<\/span><o:p><\/o:p><\/p>\n<p style=\"margin: 12.0pt 0cm 12.0pt 0cm;\"><span style=\"font-size: 11.0pt; font-family: 'Arial',sans-serif; color: black;\">Mas\u012bvajos, simetriski izvietotajos protektora blokos bl\u012bvi izvietoti vair\u0101ki t\u016bksto\u0161i s\u012bku iegriezumu jeb lame\u013cu. T\u0101s, l\u012bdz\u012bgi k\u0101 radzes, ar as\u0101m kant\u0113m iec\u0113rtas led\u016b un sabliet\u0113t\u0101 snieg\u0101, veidojot sa\u0137eri.<\/span><o:p><\/o:p><\/p>\n<p style=\"margin: 12.0pt 0cm 12.0pt 0cm;\"><span style=\"font-size: 11.0pt; font-family: 'Arial',sans-serif; color: black;\">Riepas izgatavotas no augstv\u0113rt\u012bga kompoz\u012btmateri\u0101la, kas lieliski saglab\u0101 elast\u012bbu, un l\u012bdz ar to ar\u012b sa\u0137eri, pla\u0161\u0101 temperat\u016bru diapazon\u0101.<\/span><\/p>\n","protected":false},"excerpt":{"rendered":"<p><b><span style=\"font-size: 11.0pt; font-family: 'Arial',sans-serif; color: black;\">Royal Black Royal Ice <\/span><\/b><span style=\"font-size: 11.0pt; font-family: 'Arial',sans-serif; color: black;\">ziemas riepas apr\u012bkotas ar simetrisku protektora rakstu, starp kura mas\u012bvajiem protektora blokiem izvietoti gareniski novadkan\u0101li. Tie pal\u012bdz efekt\u012bv\u0101k izvad\u012bt \u016bdeni no riepu kontakta virsmas ar ce\u013cu, samazinot akvaplan\u0113\u0161anas risku.<\/span><\/p>\n","protected":false},"featured_media":310617,"template":"","meta":{"_acf_changed":false,"ngg_post_thumbnail":0},"product_brand":[],"product_cat":[47,45],"product_tag":[19634],"class_list":{"0":"post-236366","1":"product","2":"type-product","3":"status-publish","4":"has-post-thumbnail","6":"product_cat-vissezonas-riepas","7":"product_cat-ziemas-riepas","8":"product_tag-mmk","10":"first","11":"outofstock","12":"sale","13":"taxable","14":"shipping-taxable","15":"product-type-simple"},"acf":[],"yoast_head":"<!-- This site is optimized with the Yoast SEO Premium plugin v22.6 (Yoast SEO v27.3) - https:\/\/yoast.com\/product\/yoast-seo-premium-wordpress\/ -->\n<title>205\/60R16 Royal Black Royal Ice 92S &#8226; MMK Riepas<\/title>\n<meta name=\"description\" content=\"Royal Black Royal Ice ir ziemas riepu modelis, kas izce\u013cas ar lielisk\u0101m veiktsp\u0113jas \u012bpa\u0161\u012bb\u0101m snieg\u0101 un uz ledus.\" \/>\n<meta name=\"robots\" content=\"index, follow, max-snippet:-1, max-image-preview:large, max-video-preview:-1\" \/>\n<link rel=\"canonical\" href=\"https:\/\/mmkriepas.lv\/en\/p\/205-60r16-royal-black-royal-ice-92s\/\" \/>\n<meta property=\"og:locale\" content=\"en_US\" \/>\n<meta property=\"og:type\" content=\"article\" \/>\n<meta property=\"og:title\" content=\"205\/60R16 Royal Black Royal Ice 92S\" \/>\n<meta property=\"og:description\" content=\"Royal Black Royal Ice ir ziemas riepu modelis, kas izce\u013cas ar lielisk\u0101m veiktsp\u0113jas \u012bpa\u0161\u012bb\u0101m snieg\u0101 un uz ledus.\" \/>\n<meta property=\"og:url\" content=\"https:\/\/mmkriepas.lv\/en\/p\/205-60r16-royal-black-royal-ice-92s\/\" \/>\n<meta property=\"og:site_name\" content=\"MMK Riepas\" \/>\n<meta property=\"article:publisher\" content=\"https:\/\/www.facebook.com\/mmkserviss\/\" \/>\n<meta property=\"article:modified_time\" content=\"2026-01-28T17:17:12+00:00\" \/>\n<meta property=\"og:image\" content=\"https:\/\/mmkriepas.lv\/wp-content\/uploads\/2022\/08\/20555r16-royal-black-royal-ice-91s-ziemas-riepas.jpg\" \/>\n\t<meta property=\"og:image:width\" content=\"1920\" \/>\n\t<meta property=\"og:image:height\" content=\"1264\" \/>\n\t<meta property=\"og:image:type\" content=\"image\/jpeg\" \/>\n<meta name=\"twitter:card\" content=\"summary_large_image\" \/>\n<meta name=\"twitter:label1\" content=\"Price\" \/>\n\t<meta name=\"twitter:data1\" content=\"&euro;42.00\" \/>\n\t<meta name=\"twitter:label2\" content=\"Availability\" \/>\n\t<meta name=\"twitter:data2\" content=\"Out of stock\" \/>\n<script type=\"application\/ld+json\" class=\"yoast-schema-graph\">{\"@context\":\"https:\\\/\\\/schema.org\",\"@graph\":[{\"@type\":\"WebPage\",\"@id\":\"https:\\\/\\\/mmkriepas.lv\\\/en\\\/p\\\/205-60r16-royal-black-royal-ice-92s\\\/\",\"url\":\"https:\\\/\\\/mmkriepas.lv\\\/en\\\/p\\\/205-60r16-royal-black-royal-ice-92s\\\/\",\"name\":\"205\\\/60R16 Royal Black Royal Ice 92S &#8226; MMK Riepas\",\"isPartOf\":{\"@id\":\"https:\\\/\\\/mmkriepas.lv\\\/en\\\/#website\"},\"primaryImageOfPage\":{\"@id\":\"https:\\\/\\\/mmkriepas.lv\\\/en\\\/p\\\/205-60r16-royal-black-royal-ice-92s\\\/#primaryimage\"},\"image\":{\"@id\":\"https:\\\/\\\/mmkriepas.lv\\\/en\\\/p\\\/205-60r16-royal-black-royal-ice-92s\\\/#primaryimage\"},\"thumbnailUrl\":\"https:\\\/\\\/mmkriepas.lv\\\/wp-content\\\/uploads\\\/2022\\\/08\\\/20555r16-royal-black-royal-ice-91s-ziemas-riepas.jpg\",\"datePublished\":\"2022-07-07T08:41:15+00:00\",\"dateModified\":\"2026-01-28T17:17:12+00:00\",\"description\":\"Royal Black Royal Ice ir ziemas riepu modelis, kas izce\u013cas ar lielisk\u0101m veiktsp\u0113jas \u012bpa\u0161\u012bb\u0101m snieg\u0101 un uz ledus.\",\"breadcrumb\":{\"@id\":\"https:\\\/\\\/mmkriepas.lv\\\/en\\\/p\\\/205-60r16-royal-black-royal-ice-92s\\\/#breadcrumb\"},\"inLanguage\":\"en-US\",\"potentialAction\":[{\"@type\":\"ReadAction\",\"target\":[\"https:\\\/\\\/mmkriepas.lv\\\/en\\\/p\\\/205-60r16-royal-black-royal-ice-92s\\\/\"]}]},{\"@type\":\"ImageObject\",\"inLanguage\":\"en-US\",\"@id\":\"https:\\\/\\\/mmkriepas.lv\\\/en\\\/p\\\/205-60r16-royal-black-royal-ice-92s\\\/#primaryimage\",\"url\":\"https:\\\/\\\/mmkriepas.lv\\\/wp-content\\\/uploads\\\/2022\\\/08\\\/20555r16-royal-black-royal-ice-91s-ziemas-riepas.jpg\",\"contentUrl\":\"https:\\\/\\\/mmkriepas.lv\\\/wp-content\\\/uploads\\\/2022\\\/08\\\/20555r16-royal-black-royal-ice-91s-ziemas-riepas.jpg\",\"width\":1920,\"height\":1264,\"caption\":\"205\\\/55R16 Royal Black Royal Ice 91S - Vissezonas riepas \\\/ Ziemas riepas\"},{\"@type\":\"BreadcrumbList\",\"@id\":\"https:\\\/\\\/mmkriepas.lv\\\/en\\\/p\\\/205-60r16-royal-black-royal-ice-92s\\\/#breadcrumb\",\"itemListElement\":[{\"@type\":\"ListItem\",\"position\":1,\"name\":\"S\u0101kums\",\"item\":\"https:\\\/\\\/mmkriepas.lv\\\/en\\\/\"},{\"@type\":\"ListItem\",\"position\":2,\"name\":\"205\\\/60R16 Royal Black Royal Ice 92S\"}]},{\"@type\":\"WebSite\",\"@id\":\"https:\\\/\\\/mmkriepas.lv\\\/en\\\/#website\",\"url\":\"https:\\\/\\\/mmkriepas.lv\\\/en\\\/\",\"name\":\"MMK Riepas\",\"description\":\"MMK Riepas\",\"alternateName\":\"MMK Riepu Serviss\",\"potentialAction\":[{\"@type\":\"SearchAction\",\"target\":{\"@type\":\"EntryPoint\",\"urlTemplate\":\"https:\\\/\\\/mmkriepas.lv\\\/en\\\/?s={search_term_string}\"},\"query-input\":{\"@type\":\"PropertyValueSpecification\",\"valueRequired\":true,\"valueName\":\"search_term_string\"}}],\"inLanguage\":\"en-US\"},{\"@type\":\"ImageObject\",\"inLanguage\":\"en-US\",\"@id\":\"https:\\\/\\\/mmkriepas.lv\\\/en\\\/p\\\/205-60r16-royal-black-royal-ice-92s\\\/#local-main-organization-logo\",\"url\":\"\",\"contentUrl\":\"\",\"caption\":\"MMK Riepas\"}]}<\/script>\n<meta property=\"product:brand\" content=\"Royal Black Royal Ice\" \/>\n<meta property=\"product:price:amount\" content=\"42.00\" \/>\n<meta property=\"product:price:currency\" content=\"EUR\" \/>\n<meta property=\"og:availability\" content=\"out of stock\" \/>\n<meta property=\"product:availability\" content=\"out of stock\" \/>\n<meta property=\"product:retailer_item_id\" content=\"TW2056016ROYAL-9817\" \/>\n<meta property=\"product:condition\" content=\"new\" \/>\n<!-- \/ Yoast SEO Premium plugin. -->","yoast_head_json":{"title":"205\/60R16 Royal Black Royal Ice 92S &#8226; MMK Riepas","description":"Royal Black Royal Ice ir ziemas riepu modelis, kas izce\u013cas ar lielisk\u0101m veiktsp\u0113jas \u012bpa\u0161\u012bb\u0101m snieg\u0101 un uz ledus.","robots":{"index":"index","follow":"follow","max-snippet":"max-snippet:-1","max-image-preview":"max-image-preview:large","max-video-preview":"max-video-preview:-1"},"canonical":"https:\/\/mmkriepas.lv\/en\/p\/205-60r16-royal-black-royal-ice-92s\/","og_locale":"en_US","og_type":"article","og_title":"205\/60R16 Royal Black Royal Ice 92S","og_description":"Royal Black Royal Ice ir ziemas riepu modelis, kas izce\u013cas ar lielisk\u0101m veiktsp\u0113jas \u012bpa\u0161\u012bb\u0101m snieg\u0101 un uz ledus.","og_url":"https:\/\/mmkriepas.lv\/en\/p\/205-60r16-royal-black-royal-ice-92s\/","og_site_name":"MMK Riepas","article_publisher":"https:\/\/www.facebook.com\/mmkserviss\/","article_modified_time":"2026-01-28T17:17:12+00:00","og_image":[{"width":1920,"height":1264,"url":"https:\/\/mmkriepas.lv\/wp-content\/uploads\/2022\/08\/20555r16-royal-black-royal-ice-91s-ziemas-riepas.jpg","type":"image\/jpeg"}],"twitter_card":"summary_large_image","twitter_misc":{"Price":"&euro;42.00","Availability":"Out of stock"},"schema":{"@context":"https:\/\/schema.org","@graph":[{"@type":"WebPage","@id":"https:\/\/mmkriepas.lv\/en\/p\/205-60r16-royal-black-royal-ice-92s\/","url":"https:\/\/mmkriepas.lv\/en\/p\/205-60r16-royal-black-royal-ice-92s\/","name":"205\/60R16 Royal Black Royal Ice 92S &#8226; MMK Riepas","isPartOf":{"@id":"https:\/\/mmkriepas.lv\/en\/#website"},"primaryImageOfPage":{"@id":"https:\/\/mmkriepas.lv\/en\/p\/205-60r16-royal-black-royal-ice-92s\/#primaryimage"},"image":{"@id":"https:\/\/mmkriepas.lv\/en\/p\/205-60r16-royal-black-royal-ice-92s\/#primaryimage"},"thumbnailUrl":"https:\/\/mmkriepas.lv\/wp-content\/uploads\/2022\/08\/20555r16-royal-black-royal-ice-91s-ziemas-riepas.jpg","datePublished":"2022-07-07T08:41:15+00:00","dateModified":"2026-01-28T17:17:12+00:00","description":"Royal Black Royal Ice ir ziemas riepu modelis, kas izce\u013cas ar lielisk\u0101m veiktsp\u0113jas \u012bpa\u0161\u012bb\u0101m snieg\u0101 un uz ledus.","breadcrumb":{"@id":"https:\/\/mmkriepas.lv\/en\/p\/205-60r16-royal-black-royal-ice-92s\/#breadcrumb"},"inLanguage":"en-US","potentialAction":[{"@type":"ReadAction","target":["https:\/\/mmkriepas.lv\/en\/p\/205-60r16-royal-black-royal-ice-92s\/"]}]},{"@type":"ImageObject","inLanguage":"en-US","@id":"https:\/\/mmkriepas.lv\/en\/p\/205-60r16-royal-black-royal-ice-92s\/#primaryimage","url":"https:\/\/mmkriepas.lv\/wp-content\/uploads\/2022\/08\/20555r16-royal-black-royal-ice-91s-ziemas-riepas.jpg","contentUrl":"https:\/\/mmkriepas.lv\/wp-content\/uploads\/2022\/08\/20555r16-royal-black-royal-ice-91s-ziemas-riepas.jpg","width":1920,"height":1264,"caption":"205\/55R16 Royal Black Royal Ice 91S - Vissezonas riepas \/ Ziemas riepas"},{"@type":"BreadcrumbList","@id":"https:\/\/mmkriepas.lv\/en\/p\/205-60r16-royal-black-royal-ice-92s\/#breadcrumb","itemListElement":[{"@type":"ListItem","position":1,"name":"S\u0101kums","item":"https:\/\/mmkriepas.lv\/en\/"},{"@type":"ListItem","position":2,"name":"205\/60R16 Royal Black Royal Ice 92S"}]},{"@type":"WebSite","@id":"https:\/\/mmkriepas.lv\/en\/#website","url":"https:\/\/mmkriepas.lv\/en\/","name":"MMK Riepas","description":"MMK Riepas","alternateName":"MMK Riepu Serviss","potentialAction":[{"@type":"SearchAction","target":{"@type":"EntryPoint","urlTemplate":"https:\/\/mmkriepas.lv\/en\/?s={search_term_string}"},"query-input":{"@type":"PropertyValueSpecification","valueRequired":true,"valueName":"search_term_string"}}],"inLanguage":"en-US"},{"@type":"ImageObject","inLanguage":"en-US","@id":"https:\/\/mmkriepas.lv\/en\/p\/205-60r16-royal-black-royal-ice-92s\/#local-main-organization-logo","url":"","contentUrl":"","caption":"MMK Riepas"}]},"product_brand":"Royal Black Royal Ice","product_price_amount":"42.00","product_price_currency":"EUR","og_availability":"out of stock","product_availability":"out of stock","product_retailer_item_id":"TW2056016ROYAL-9817","product_condition":"new"},"_links":{"self":[{"href":"https:\/\/mmkriepas.lv\/en\/wp-json\/wp\/v2\/product\/236366","targetHints":{"allow":["GET"]}}],"collection":[{"href":"https:\/\/mmkriepas.lv\/en\/wp-json\/wp\/v2\/product"}],"about":[{"href":"https:\/\/mmkriepas.lv\/en\/wp-json\/wp\/v2\/types\/product"}],"wp:featuredmedia":[{"embeddable":true,"href":"https:\/\/mmkriepas.lv\/en\/wp-json\/wp\/v2\/media\/310617"}],"wp:attachment":[{"href":"https:\/\/mmkriepas.lv\/en\/wp-json\/wp\/v2\/media?parent=236366"}],"wp:term":[{"taxonomy":"product_brand","embeddable":true,"href":"https:\/\/mmkriepas.lv\/en\/wp-json\/wp\/v2\/product_brand?post=236366"},{"taxonomy":"product_cat","embeddable":true,"href":"https:\/\/mmkriepas.lv\/en\/wp-json\/wp\/v2\/product_cat?post=236366"},{"taxonomy":"product_tag","embeddable":true,"href":"https:\/\/mmkriepas.lv\/en\/wp-json\/wp\/v2\/product_tag?post=236366"}],"curies":[{"name":"wp","href":"https:\/\/api.w.org\/{rel}","templated":true}]}}