{"id":236083,"date":"2022-07-02T13:46:17","date_gmt":"2022-07-02T10:46:17","guid":{"rendered":"https:\/\/mmkserviss.lv\/?post_type=product&#038;p=236083"},"modified":"2025-03-07T16:58:24","modified_gmt":"2025-03-07T14:58:24","slug":"245-40r19-premiorri-solazo-s-plus-94w","status":"publish","type":"product","link":"https:\/\/mmkriepas.lv\/en\/p\/245-40r19-premiorri-solazo-s-plus-94w\/","title":{"rendered":"245\/40R19 Premiorri Solazo S Plus 94W"},"content":{"rendered":"<p><strong>Premiorri Solazo S Plus<\/strong> &#8211; augstas veiktsp\u0113jas vasaras riepu modelis. Izce\u013cas ar augstiem sa\u0137eres r\u0101d\u012bt\u0101jiem gan uz sausa, gan slapja asfalta pat lielos brauk\u0161anas \u0101trumos, k\u0101 ar\u012b ar paaugstin\u0101tu brauk\u0161anas komfortu.<o:p><\/o:p><\/p>\n<h3>Premiorri Solazo S Plus<o:p><\/o:p><\/h3>\n<p>+ Laba sa\u0137ere gan ar sausu, gan slapju asfalta virsmu. <o:p><\/o:p><\/p>\n<p>+ Degvielas ekonomija. <o:p><\/o:p><\/p>\n<p>+ Zems akvaplan\u0113\u0161anas risks. <o:p><\/o:p><\/p>\n<p>+ Paaugstin\u0101ta nodilumiztur\u012bba. <o:p><\/o:p><\/p>\n<p>+ Augsta cenas un veiktsp\u0113jas attiec\u012bb\u0101m sav\u0101 klas\u0113.<o:p><\/o:p><\/p>\n","protected":false},"excerpt":{"rendered":"<p><strong>Premiorri Solazo S Plus<\/strong> &#8211; augstas veiktsp\u0113jas vasaras riepu modelis. Izce\u013cas ar augstiem sa\u0137eres r\u0101d\u012bt\u0101jiem gan uz sausa, gan slapja asfalta pat lielos brauk\u0161anas \u0101trumos, k\u0101 ar\u012b ar paaugstin\u0101tu brauk\u0161anas komfortu.<o:p><\/o:p><\/p>\n","protected":false},"featured_media":234990,"template":"","meta":{"_acf_changed":false,"ngg_post_thumbnail":0},"product_brand":[],"product_cat":[46],"product_tag":[19634],"class_list":{"0":"post-236083","1":"product","2":"type-product","3":"status-publish","4":"has-post-thumbnail","6":"product_cat-vasaras-riepas","7":"product_tag-mmk","9":"first","10":"outofstock","11":"sale","12":"taxable","13":"shipping-taxable","14":"product-type-simple"},"acf":[],"yoast_head":"<!-- This site is optimized with the Yoast SEO Premium plugin v22.6 (Yoast SEO v27.3) - https:\/\/yoast.com\/product\/yoast-seo-premium-wordpress\/ -->\n<title>245\/40R19 Premiorri Solazo S Plus 94W &#8226; MMK Riepas<\/title>\n<meta name=\"robots\" content=\"index, follow, max-snippet:-1, max-image-preview:large, max-video-preview:-1\" \/>\n<link rel=\"canonical\" href=\"https:\/\/mmkriepas.lv\/en\/p\/245-40r19-premiorri-solazo-s-plus-94w\/\" \/>\n<meta property=\"og:locale\" content=\"en_US\" \/>\n<meta property=\"og:type\" content=\"article\" \/>\n<meta property=\"og:title\" content=\"245\/40R19 Premiorri Solazo S Plus 94W\" \/>\n<meta property=\"og:description\" content=\"Premiorri Solazo S Plus - augstas veiktsp\u0113jas vasaras riepu modelis. Izce\u013cas ar augstiem sa\u0137eres r\u0101d\u012bt\u0101jiem gan uz sausa, gan slapja asfalta pat lielos brauk\u0161anas \u0101trumos, k\u0101 ar\u012b ar paaugstin\u0101tu brauk\u0161anas komfortu.\" \/>\n<meta property=\"og:url\" content=\"https:\/\/mmkriepas.lv\/en\/p\/245-40r19-premiorri-solazo-s-plus-94w\/\" \/>\n<meta property=\"og:site_name\" content=\"MMK Riepas\" \/>\n<meta property=\"article:publisher\" content=\"https:\/\/www.facebook.com\/mmkserviss\/\" \/>\n<meta property=\"article:modified_time\" content=\"2025-03-07T14:58:24+00:00\" \/>\n<meta property=\"og:image\" content=\"https:\/\/mmkriepas.lv\/wp-content\/uploads\/2022\/06\/20560r16-premiorri-solazo-s-plus-92v-vasaras-riepas-4.jpeg\" \/>\n\t<meta property=\"og:image:width\" content=\"1600\" \/>\n\t<meta property=\"og:image:height\" content=\"1200\" \/>\n\t<meta property=\"og:image:type\" content=\"image\/jpeg\" \/>\n<meta name=\"twitter:card\" content=\"summary_large_image\" \/>\n<meta name=\"twitter:label1\" content=\"Price\" \/>\n\t<meta name=\"twitter:data1\" content=\"&euro;49.00\" \/>\n\t<meta name=\"twitter:label2\" content=\"Availability\" \/>\n\t<meta name=\"twitter:data2\" content=\"Out of stock\" \/>\n<script type=\"application\/ld+json\" class=\"yoast-schema-graph\">{\"@context\":\"https:\\\/\\\/schema.org\",\"@graph\":[{\"@type\":\"WebPage\",\"@id\":\"https:\\\/\\\/mmkriepas.lv\\\/en\\\/p\\\/245-40r19-premiorri-solazo-s-plus-94w\\\/\",\"url\":\"https:\\\/\\\/mmkriepas.lv\\\/en\\\/p\\\/245-40r19-premiorri-solazo-s-plus-94w\\\/\",\"name\":\"245\\\/40R19 Premiorri Solazo S Plus 94W &#8226; MMK Riepas\",\"isPartOf\":{\"@id\":\"https:\\\/\\\/mmkriepas.lv\\\/en\\\/#website\"},\"primaryImageOfPage\":{\"@id\":\"https:\\\/\\\/mmkriepas.lv\\\/en\\\/p\\\/245-40r19-premiorri-solazo-s-plus-94w\\\/#primaryimage\"},\"image\":{\"@id\":\"https:\\\/\\\/mmkriepas.lv\\\/en\\\/p\\\/245-40r19-premiorri-solazo-s-plus-94w\\\/#primaryimage\"},\"thumbnailUrl\":\"https:\\\/\\\/mmkriepas.lv\\\/wp-content\\\/uploads\\\/2022\\\/06\\\/20560r16-premiorri-solazo-s-plus-92v-vasaras-riepas-4.jpeg\",\"datePublished\":\"2022-07-02T10:46:17+00:00\",\"dateModified\":\"2025-03-07T14:58:24+00:00\",\"breadcrumb\":{\"@id\":\"https:\\\/\\\/mmkriepas.lv\\\/en\\\/p\\\/245-40r19-premiorri-solazo-s-plus-94w\\\/#breadcrumb\"},\"inLanguage\":\"en-US\",\"potentialAction\":[{\"@type\":\"ReadAction\",\"target\":[\"https:\\\/\\\/mmkriepas.lv\\\/en\\\/p\\\/245-40r19-premiorri-solazo-s-plus-94w\\\/\"]}]},{\"@type\":\"ImageObject\",\"inLanguage\":\"en-US\",\"@id\":\"https:\\\/\\\/mmkriepas.lv\\\/en\\\/p\\\/245-40r19-premiorri-solazo-s-plus-94w\\\/#primaryimage\",\"url\":\"https:\\\/\\\/mmkriepas.lv\\\/wp-content\\\/uploads\\\/2022\\\/06\\\/20560r16-premiorri-solazo-s-plus-92v-vasaras-riepas-4.jpeg\",\"contentUrl\":\"https:\\\/\\\/mmkriepas.lv\\\/wp-content\\\/uploads\\\/2022\\\/06\\\/20560r16-premiorri-solazo-s-plus-92v-vasaras-riepas-4.jpeg\",\"width\":1600,\"height\":1200,\"caption\":\"205\\\/60R16 Premiorri Solazo S Plus 92V - Vasaras riepas\"},{\"@type\":\"BreadcrumbList\",\"@id\":\"https:\\\/\\\/mmkriepas.lv\\\/en\\\/p\\\/245-40r19-premiorri-solazo-s-plus-94w\\\/#breadcrumb\",\"itemListElement\":[{\"@type\":\"ListItem\",\"position\":1,\"name\":\"S\u0101kums\",\"item\":\"https:\\\/\\\/mmkriepas.lv\\\/en\\\/\"},{\"@type\":\"ListItem\",\"position\":2,\"name\":\"245\\\/40R19 Premiorri Solazo S Plus 94W\"}]},{\"@type\":\"WebSite\",\"@id\":\"https:\\\/\\\/mmkriepas.lv\\\/en\\\/#website\",\"url\":\"https:\\\/\\\/mmkriepas.lv\\\/en\\\/\",\"name\":\"MMK Riepas\",\"description\":\"MMK Riepas\",\"alternateName\":\"MMK Riepu Serviss\",\"potentialAction\":[{\"@type\":\"SearchAction\",\"target\":{\"@type\":\"EntryPoint\",\"urlTemplate\":\"https:\\\/\\\/mmkriepas.lv\\\/en\\\/?s={search_term_string}\"},\"query-input\":{\"@type\":\"PropertyValueSpecification\",\"valueRequired\":true,\"valueName\":\"search_term_string\"}}],\"inLanguage\":\"en-US\"},{\"@type\":\"ImageObject\",\"inLanguage\":\"en-US\",\"@id\":\"https:\\\/\\\/mmkriepas.lv\\\/en\\\/p\\\/245-40r19-premiorri-solazo-s-plus-94w\\\/#local-main-organization-logo\",\"url\":\"\",\"contentUrl\":\"\",\"caption\":\"MMK Riepas\"}]}<\/script>\n<meta property=\"product:brand\" content=\"Premiorri Solazo S Plus\" \/>\n<meta property=\"product:price:amount\" content=\"49.00\" \/>\n<meta property=\"product:price:currency\" content=\"EUR\" \/>\n<meta property=\"og:availability\" content=\"out of stock\" \/>\n<meta property=\"product:availability\" content=\"out of stock\" \/>\n<meta property=\"product:retailer_item_id\" content=\"TS2454019PREMI-764\" \/>\n<meta property=\"product:condition\" content=\"new\" \/>\n<!-- \/ Yoast SEO Premium plugin. -->","yoast_head_json":{"title":"245\/40R19 Premiorri Solazo S Plus 94W &#8226; MMK Riepas","robots":{"index":"index","follow":"follow","max-snippet":"max-snippet:-1","max-image-preview":"max-image-preview:large","max-video-preview":"max-video-preview:-1"},"canonical":"https:\/\/mmkriepas.lv\/en\/p\/245-40r19-premiorri-solazo-s-plus-94w\/","og_locale":"en_US","og_type":"article","og_title":"245\/40R19 Premiorri Solazo S Plus 94W","og_description":"Premiorri Solazo S Plus - augstas veiktsp\u0113jas vasaras riepu modelis. Izce\u013cas ar augstiem sa\u0137eres r\u0101d\u012bt\u0101jiem gan uz sausa, gan slapja asfalta pat lielos brauk\u0161anas \u0101trumos, k\u0101 ar\u012b ar paaugstin\u0101tu brauk\u0161anas komfortu.","og_url":"https:\/\/mmkriepas.lv\/en\/p\/245-40r19-premiorri-solazo-s-plus-94w\/","og_site_name":"MMK Riepas","article_publisher":"https:\/\/www.facebook.com\/mmkserviss\/","article_modified_time":"2025-03-07T14:58:24+00:00","og_image":[{"width":1600,"height":1200,"url":"https:\/\/mmkriepas.lv\/wp-content\/uploads\/2022\/06\/20560r16-premiorri-solazo-s-plus-92v-vasaras-riepas-4.jpeg","type":"image\/jpeg"}],"twitter_card":"summary_large_image","twitter_misc":{"Price":"&euro;49.00","Availability":"Out of stock"},"schema":{"@context":"https:\/\/schema.org","@graph":[{"@type":"WebPage","@id":"https:\/\/mmkriepas.lv\/en\/p\/245-40r19-premiorri-solazo-s-plus-94w\/","url":"https:\/\/mmkriepas.lv\/en\/p\/245-40r19-premiorri-solazo-s-plus-94w\/","name":"245\/40R19 Premiorri Solazo S Plus 94W &#8226; MMK Riepas","isPartOf":{"@id":"https:\/\/mmkriepas.lv\/en\/#website"},"primaryImageOfPage":{"@id":"https:\/\/mmkriepas.lv\/en\/p\/245-40r19-premiorri-solazo-s-plus-94w\/#primaryimage"},"image":{"@id":"https:\/\/mmkriepas.lv\/en\/p\/245-40r19-premiorri-solazo-s-plus-94w\/#primaryimage"},"thumbnailUrl":"https:\/\/mmkriepas.lv\/wp-content\/uploads\/2022\/06\/20560r16-premiorri-solazo-s-plus-92v-vasaras-riepas-4.jpeg","datePublished":"2022-07-02T10:46:17+00:00","dateModified":"2025-03-07T14:58:24+00:00","breadcrumb":{"@id":"https:\/\/mmkriepas.lv\/en\/p\/245-40r19-premiorri-solazo-s-plus-94w\/#breadcrumb"},"inLanguage":"en-US","potentialAction":[{"@type":"ReadAction","target":["https:\/\/mmkriepas.lv\/en\/p\/245-40r19-premiorri-solazo-s-plus-94w\/"]}]},{"@type":"ImageObject","inLanguage":"en-US","@id":"https:\/\/mmkriepas.lv\/en\/p\/245-40r19-premiorri-solazo-s-plus-94w\/#primaryimage","url":"https:\/\/mmkriepas.lv\/wp-content\/uploads\/2022\/06\/20560r16-premiorri-solazo-s-plus-92v-vasaras-riepas-4.jpeg","contentUrl":"https:\/\/mmkriepas.lv\/wp-content\/uploads\/2022\/06\/20560r16-premiorri-solazo-s-plus-92v-vasaras-riepas-4.jpeg","width":1600,"height":1200,"caption":"205\/60R16 Premiorri Solazo S Plus 92V - Vasaras riepas"},{"@type":"BreadcrumbList","@id":"https:\/\/mmkriepas.lv\/en\/p\/245-40r19-premiorri-solazo-s-plus-94w\/#breadcrumb","itemListElement":[{"@type":"ListItem","position":1,"name":"S\u0101kums","item":"https:\/\/mmkriepas.lv\/en\/"},{"@type":"ListItem","position":2,"name":"245\/40R19 Premiorri Solazo S Plus 94W"}]},{"@type":"WebSite","@id":"https:\/\/mmkriepas.lv\/en\/#website","url":"https:\/\/mmkriepas.lv\/en\/","name":"MMK Riepas","description":"MMK Riepas","alternateName":"MMK Riepu Serviss","potentialAction":[{"@type":"SearchAction","target":{"@type":"EntryPoint","urlTemplate":"https:\/\/mmkriepas.lv\/en\/?s={search_term_string}"},"query-input":{"@type":"PropertyValueSpecification","valueRequired":true,"valueName":"search_term_string"}}],"inLanguage":"en-US"},{"@type":"ImageObject","inLanguage":"en-US","@id":"https:\/\/mmkriepas.lv\/en\/p\/245-40r19-premiorri-solazo-s-plus-94w\/#local-main-organization-logo","url":"","contentUrl":"","caption":"MMK Riepas"}]},"product_brand":"Premiorri Solazo S Plus","product_price_amount":"49.00","product_price_currency":"EUR","og_availability":"out of stock","product_availability":"out of stock","product_retailer_item_id":"TS2454019PREMI-764","product_condition":"new"},"_links":{"self":[{"href":"https:\/\/mmkriepas.lv\/en\/wp-json\/wp\/v2\/product\/236083","targetHints":{"allow":["GET"]}}],"collection":[{"href":"https:\/\/mmkriepas.lv\/en\/wp-json\/wp\/v2\/product"}],"about":[{"href":"https:\/\/mmkriepas.lv\/en\/wp-json\/wp\/v2\/types\/product"}],"wp:featuredmedia":[{"embeddable":true,"href":"https:\/\/mmkriepas.lv\/en\/wp-json\/wp\/v2\/media\/234990"}],"wp:attachment":[{"href":"https:\/\/mmkriepas.lv\/en\/wp-json\/wp\/v2\/media?parent=236083"}],"wp:term":[{"taxonomy":"product_brand","embeddable":true,"href":"https:\/\/mmkriepas.lv\/en\/wp-json\/wp\/v2\/product_brand?post=236083"},{"taxonomy":"product_cat","embeddable":true,"href":"https:\/\/mmkriepas.lv\/en\/wp-json\/wp\/v2\/product_cat?post=236083"},{"taxonomy":"product_tag","embeddable":true,"href":"https:\/\/mmkriepas.lv\/en\/wp-json\/wp\/v2\/product_tag?post=236083"}],"curies":[{"name":"wp","href":"https:\/\/api.w.org\/{rel}","templated":true}]}}