{"id":235859,"date":"2022-06-29T12:09:20","date_gmt":"2022-06-29T09:09:20","guid":{"rendered":"https:\/\/mmkserviss.lv\/?post_type=product&#038;p=235859"},"modified":"2026-01-20T22:57:13","modified_gmt":"2026-01-20T20:57:13","slug":"275-45r20-horizon-hw505-110v-xl","status":"publish","type":"product","link":"https:\/\/mmkriepas.lv\/en\/p\/275-45r20-horizon-hw505-110v-xl\/","title":{"rendered":"275\/45R20 Horizon HW505 110V XL"},"content":{"rendered":"<p>Ziemas riepu modelis <strong>Horizon HW505<\/strong> ir piem\u0113rots liel\u0101kajai da\u013cai m\u016bsdienu vieglo automa\u0161\u012bnu un krosoveriem. \u0160is modelis izce\u013cas ar labiem veiktsp\u0113jas r\u0101d\u012bt\u0101jiem un zemu cenu.<\/p>\n<h3>Headway HW505 galven\u0101s iez\u012bmes<\/h3>\n<p>+Virz\u012bts, simetrisks protektora raksts uzlabo veiktsp\u0113jas \u012bpa\u0161\u012bbas uz jebk\u0101da ziemas ce\u013ca seguma.<\/p>\n<p>+V- veida protektora bloku izvietojums uzlabo stabilit\u0101ti, manevr\u0113tsp\u0113ju un sa\u012bsina bremz\u0113\u0161anas ce\u013cu.<\/p>\n<p>+Laba sa\u0137ere ar sniegu un ledu, pateicoties vair\u0101kiem t\u016bksto\u0161iem lame\u013cu.<\/p>\n<p>+Slodze vienm\u0113r\u012bgi sadal\u012bta pa lielo kontakta virsmu.<\/p>\n<h3>Horizon HW505 protektora raksts<\/h3>\n<p>Viena no galvenaj\u0101 \u0161\u012b mode\u013ca \u012bpa\u0161\u012bb\u0101m ir veiksm\u012bgi izveidotais protektora raksts. Protektora bloki izvietoti V- form\u0101 un tas b\u016btiski uzlabo veiktsp\u0113jas \u012bpa\u0161\u012bbas snieg\u0101 un uz ledus. \u0160ajos protektora blokos iestr\u0101d\u0101ti vair\u0101ki t\u016bksto\u0161i lame\u013cu, kas nodro\u0161ina papildus sa\u0137eri uz ledus. Protektora ribu skaits samazin\u0101ts l\u012bdz \u010detr\u0101m, kas ir at\u013c\u0101vis b\u016btiski uzlabot stabilit\u0101ti un manevr\u0113tsp\u0113ju, turkl\u0101t slodze tiek sadal\u012bta pa kontakta virsmu vienm\u0113r\u012bg\u0101k un tas paildzina riepas kalpotsp\u0113ju.<\/p>\n<h3>Multifunkcion\u0101la dren\u0101\u017eas kan\u0101lu sist\u0113ma<\/h3>\n<p>T\u0101 k\u0101 Horizon HW505 ir riepa, kas paredz\u0113ta brauk\u0161anai ziem\u0101, dren\u0101\u017eas rievu sist\u0113mai ir j\u0101pilda vienlaikus vair\u0101kas funkcijas. \u0160\u012b mode\u013ca dren\u0101\u017eas kan\u0101li ne tikai izcili novada sniegu un \u016bdeni no kontakta virsmas, tie ar\u012b veido sa\u0137eri ar sniegu. Riepas plecu zon\u0101 iestr\u0101d\u0101tas X- formas dren\u0101\u017eas rievas, kas burtiski sa\u0137er sniegu, uzlabojot manevr\u0113tsp\u0113ju un sa\u012bsinot bremz\u0113\u0161anas ce\u013cu taj\u0101. <b>Horizon HW505 <\/b><span style=\"font-weight: 400;\">mode\u013ca lieto\u0161anas dro\u0161\u012bbu ziemas laika apst\u0101k\u013cos un t\u0101 atbilst\u012bbu valst\u012bm ar oblig\u0101tu sezon\u0101lo riepu mai\u0146u apstiprina mar\u0137\u0113jums sniegp\u0101rslas form\u0101 uz kalna fona ar trim virsotn\u0113m (3PMSF).<\/span> <span style=\"font-weight: 400;\"><\/span><span style=\"font-weight: 400;\"><\/span><\/p>\n","protected":false},"excerpt":{"rendered":"<p>Ziemas riepu modelis <strong>Horizon HW505<\/strong> ir piem\u0113rots liel\u0101kajai da\u013cai m\u016bsdienu vieglo automa\u0161\u012bnu un krosoveriem. \u0160is modelis izce\u013cas ar labiem veiktsp\u0113jas r\u0101d\u012bt\u0101jiem un zemu cenu.<\/p>\n","protected":false},"featured_media":279567,"template":"","meta":{"_acf_changed":false,"ngg_post_thumbnail":0},"product_brand":[],"product_cat":[47,45],"product_tag":[],"class_list":{"0":"post-235859","1":"product","2":"type-product","3":"status-publish","4":"has-post-thumbnail","6":"product_cat-vissezonas-riepas","7":"product_cat-ziemas-riepas","9":"first","10":"outofstock","11":"sale","12":"taxable","13":"shipping-taxable","14":"product-type-simple"},"acf":[],"yoast_head":"<!-- This site is optimized with the Yoast SEO Premium plugin v22.6 (Yoast SEO v27.3) - https:\/\/yoast.com\/product\/yoast-seo-premium-wordpress\/ -->\n<title>275\/45R20 Horizon HW505 110V XL &#8226; MMK Riepas<\/title>\n<meta name=\"description\" content=\"Horizon HW505- ziemas riepa ar lielisku cenas\/veiktsp\u0113jas attiec\u012bbu! Abos MMK riepu centros, visos izm\u0113ros, par lab\u0101ko cenu!\" \/>\n<meta name=\"robots\" content=\"index, follow, max-snippet:-1, max-image-preview:large, max-video-preview:-1\" \/>\n<link rel=\"canonical\" href=\"https:\/\/mmkriepas.lv\/en\/p\/275-45r20-horizon-hw505-110v-xl\/\" \/>\n<meta property=\"og:locale\" content=\"en_US\" \/>\n<meta property=\"og:type\" content=\"article\" \/>\n<meta property=\"og:title\" content=\"275\/45R20 Horizon HW505 110V XL\" \/>\n<meta property=\"og:description\" content=\"Horizon HW505- ziemas riepa ar lielisku cenas\/veiktsp\u0113jas attiec\u012bbu! Abos MMK riepu centros, visos izm\u0113ros, par lab\u0101ko cenu!\" \/>\n<meta property=\"og:url\" content=\"https:\/\/mmkriepas.lv\/en\/p\/275-45r20-horizon-hw505-110v-xl\/\" \/>\n<meta property=\"og:site_name\" content=\"MMK Riepas\" \/>\n<meta property=\"article:publisher\" content=\"https:\/\/www.facebook.com\/mmkserviss\/\" \/>\n<meta property=\"article:modified_time\" content=\"2026-01-20T20:57:13+00:00\" \/>\n<meta property=\"og:image\" content=\"https:\/\/mmkriepas.lv\/wp-content\/uploads\/2022\/08\/31535r20-headway-hw505-106t-ziemas-riepas.jpg\" \/>\n\t<meta property=\"og:image:width\" content=\"1920\" \/>\n\t<meta property=\"og:image:height\" content=\"1277\" \/>\n\t<meta property=\"og:image:type\" content=\"image\/jpeg\" \/>\n<meta name=\"twitter:card\" content=\"summary_large_image\" \/>\n<meta name=\"twitter:label1\" content=\"Price\" \/>\n\t<meta name=\"twitter:data1\" content=\"&euro;78.00\" \/>\n\t<meta name=\"twitter:label2\" content=\"Availability\" \/>\n\t<meta name=\"twitter:data2\" content=\"Out of stock\" \/>\n<script type=\"application\/ld+json\" class=\"yoast-schema-graph\">{\"@context\":\"https:\\\/\\\/schema.org\",\"@graph\":[{\"@type\":\"WebPage\",\"@id\":\"https:\\\/\\\/mmkriepas.lv\\\/en\\\/p\\\/275-45r20-horizon-hw505-110v-xl\\\/\",\"url\":\"https:\\\/\\\/mmkriepas.lv\\\/en\\\/p\\\/275-45r20-horizon-hw505-110v-xl\\\/\",\"name\":\"275\\\/45R20 Horizon HW505 110V XL &#8226; MMK Riepas\",\"isPartOf\":{\"@id\":\"https:\\\/\\\/mmkriepas.lv\\\/en\\\/#website\"},\"primaryImageOfPage\":{\"@id\":\"https:\\\/\\\/mmkriepas.lv\\\/en\\\/p\\\/275-45r20-horizon-hw505-110v-xl\\\/#primaryimage\"},\"image\":{\"@id\":\"https:\\\/\\\/mmkriepas.lv\\\/en\\\/p\\\/275-45r20-horizon-hw505-110v-xl\\\/#primaryimage\"},\"thumbnailUrl\":\"https:\\\/\\\/mmkriepas.lv\\\/wp-content\\\/uploads\\\/2022\\\/08\\\/31535r20-headway-hw505-106t-ziemas-riepas.jpg\",\"datePublished\":\"2022-06-29T09:09:20+00:00\",\"dateModified\":\"2026-01-20T20:57:13+00:00\",\"description\":\"Horizon HW505- ziemas riepa ar lielisku cenas\\\/veiktsp\u0113jas attiec\u012bbu! Abos MMK riepu centros, visos izm\u0113ros, par lab\u0101ko cenu!\",\"breadcrumb\":{\"@id\":\"https:\\\/\\\/mmkriepas.lv\\\/en\\\/p\\\/275-45r20-horizon-hw505-110v-xl\\\/#breadcrumb\"},\"inLanguage\":\"en-US\",\"potentialAction\":[{\"@type\":\"ReadAction\",\"target\":[\"https:\\\/\\\/mmkriepas.lv\\\/en\\\/p\\\/275-45r20-horizon-hw505-110v-xl\\\/\"]}]},{\"@type\":\"ImageObject\",\"inLanguage\":\"en-US\",\"@id\":\"https:\\\/\\\/mmkriepas.lv\\\/en\\\/p\\\/275-45r20-horizon-hw505-110v-xl\\\/#primaryimage\",\"url\":\"https:\\\/\\\/mmkriepas.lv\\\/wp-content\\\/uploads\\\/2022\\\/08\\\/31535r20-headway-hw505-106t-ziemas-riepas.jpg\",\"contentUrl\":\"https:\\\/\\\/mmkriepas.lv\\\/wp-content\\\/uploads\\\/2022\\\/08\\\/31535r20-headway-hw505-106t-ziemas-riepas.jpg\",\"width\":1920,\"height\":1277,\"caption\":\"315\\\/35R20 Headway HW505 106T - Vissezonas riepas \\\/ Ziemas riepas\"},{\"@type\":\"BreadcrumbList\",\"@id\":\"https:\\\/\\\/mmkriepas.lv\\\/en\\\/p\\\/275-45r20-horizon-hw505-110v-xl\\\/#breadcrumb\",\"itemListElement\":[{\"@type\":\"ListItem\",\"position\":1,\"name\":\"S\u0101kums\",\"item\":\"https:\\\/\\\/mmkriepas.lv\\\/en\\\/\"},{\"@type\":\"ListItem\",\"position\":2,\"name\":\"275\\\/45R20 Horizon HW505 110V XL\"}]},{\"@type\":\"WebSite\",\"@id\":\"https:\\\/\\\/mmkriepas.lv\\\/en\\\/#website\",\"url\":\"https:\\\/\\\/mmkriepas.lv\\\/en\\\/\",\"name\":\"MMK Riepas\",\"description\":\"MMK Riepas\",\"alternateName\":\"MMK Riepu Serviss\",\"potentialAction\":[{\"@type\":\"SearchAction\",\"target\":{\"@type\":\"EntryPoint\",\"urlTemplate\":\"https:\\\/\\\/mmkriepas.lv\\\/en\\\/?s={search_term_string}\"},\"query-input\":{\"@type\":\"PropertyValueSpecification\",\"valueRequired\":true,\"valueName\":\"search_term_string\"}}],\"inLanguage\":\"en-US\"},{\"@type\":\"ImageObject\",\"inLanguage\":\"en-US\",\"@id\":\"https:\\\/\\\/mmkriepas.lv\\\/en\\\/p\\\/275-45r20-horizon-hw505-110v-xl\\\/#local-main-organization-logo\",\"url\":\"\",\"contentUrl\":\"\",\"caption\":\"MMK Riepas\"}]}<\/script>\n<meta property=\"product:brand\" content=\"Horizon HW505\" \/>\n<meta property=\"product:price:amount\" content=\"78.00\" \/>\n<meta property=\"product:price:currency\" content=\"EUR\" \/>\n<meta property=\"og:availability\" content=\"out of stock\" \/>\n<meta property=\"product:availability\" content=\"out of stock\" \/>\n<meta property=\"product:retailer_item_id\" content=\"TW2754520HORIZ-2352\" \/>\n<meta property=\"product:condition\" content=\"new\" \/>\n<!-- \/ Yoast SEO Premium plugin. -->","yoast_head_json":{"title":"275\/45R20 Horizon HW505 110V XL &#8226; MMK Riepas","description":"Horizon HW505- ziemas riepa ar lielisku cenas\/veiktsp\u0113jas attiec\u012bbu! Abos MMK riepu centros, visos izm\u0113ros, par lab\u0101ko cenu!","robots":{"index":"index","follow":"follow","max-snippet":"max-snippet:-1","max-image-preview":"max-image-preview:large","max-video-preview":"max-video-preview:-1"},"canonical":"https:\/\/mmkriepas.lv\/en\/p\/275-45r20-horizon-hw505-110v-xl\/","og_locale":"en_US","og_type":"article","og_title":"275\/45R20 Horizon HW505 110V XL","og_description":"Horizon HW505- ziemas riepa ar lielisku cenas\/veiktsp\u0113jas attiec\u012bbu! Abos MMK riepu centros, visos izm\u0113ros, par lab\u0101ko cenu!","og_url":"https:\/\/mmkriepas.lv\/en\/p\/275-45r20-horizon-hw505-110v-xl\/","og_site_name":"MMK Riepas","article_publisher":"https:\/\/www.facebook.com\/mmkserviss\/","article_modified_time":"2026-01-20T20:57:13+00:00","og_image":[{"width":1920,"height":1277,"url":"https:\/\/mmkriepas.lv\/wp-content\/uploads\/2022\/08\/31535r20-headway-hw505-106t-ziemas-riepas.jpg","type":"image\/jpeg"}],"twitter_card":"summary_large_image","twitter_misc":{"Price":"&euro;78.00","Availability":"Out of stock"},"schema":{"@context":"https:\/\/schema.org","@graph":[{"@type":"WebPage","@id":"https:\/\/mmkriepas.lv\/en\/p\/275-45r20-horizon-hw505-110v-xl\/","url":"https:\/\/mmkriepas.lv\/en\/p\/275-45r20-horizon-hw505-110v-xl\/","name":"275\/45R20 Horizon HW505 110V XL &#8226; MMK Riepas","isPartOf":{"@id":"https:\/\/mmkriepas.lv\/en\/#website"},"primaryImageOfPage":{"@id":"https:\/\/mmkriepas.lv\/en\/p\/275-45r20-horizon-hw505-110v-xl\/#primaryimage"},"image":{"@id":"https:\/\/mmkriepas.lv\/en\/p\/275-45r20-horizon-hw505-110v-xl\/#primaryimage"},"thumbnailUrl":"https:\/\/mmkriepas.lv\/wp-content\/uploads\/2022\/08\/31535r20-headway-hw505-106t-ziemas-riepas.jpg","datePublished":"2022-06-29T09:09:20+00:00","dateModified":"2026-01-20T20:57:13+00:00","description":"Horizon HW505- ziemas riepa ar lielisku cenas\/veiktsp\u0113jas attiec\u012bbu! Abos MMK riepu centros, visos izm\u0113ros, par lab\u0101ko cenu!","breadcrumb":{"@id":"https:\/\/mmkriepas.lv\/en\/p\/275-45r20-horizon-hw505-110v-xl\/#breadcrumb"},"inLanguage":"en-US","potentialAction":[{"@type":"ReadAction","target":["https:\/\/mmkriepas.lv\/en\/p\/275-45r20-horizon-hw505-110v-xl\/"]}]},{"@type":"ImageObject","inLanguage":"en-US","@id":"https:\/\/mmkriepas.lv\/en\/p\/275-45r20-horizon-hw505-110v-xl\/#primaryimage","url":"https:\/\/mmkriepas.lv\/wp-content\/uploads\/2022\/08\/31535r20-headway-hw505-106t-ziemas-riepas.jpg","contentUrl":"https:\/\/mmkriepas.lv\/wp-content\/uploads\/2022\/08\/31535r20-headway-hw505-106t-ziemas-riepas.jpg","width":1920,"height":1277,"caption":"315\/35R20 Headway HW505 106T - Vissezonas riepas \/ Ziemas riepas"},{"@type":"BreadcrumbList","@id":"https:\/\/mmkriepas.lv\/en\/p\/275-45r20-horizon-hw505-110v-xl\/#breadcrumb","itemListElement":[{"@type":"ListItem","position":1,"name":"S\u0101kums","item":"https:\/\/mmkriepas.lv\/en\/"},{"@type":"ListItem","position":2,"name":"275\/45R20 Horizon HW505 110V XL"}]},{"@type":"WebSite","@id":"https:\/\/mmkriepas.lv\/en\/#website","url":"https:\/\/mmkriepas.lv\/en\/","name":"MMK Riepas","description":"MMK Riepas","alternateName":"MMK Riepu Serviss","potentialAction":[{"@type":"SearchAction","target":{"@type":"EntryPoint","urlTemplate":"https:\/\/mmkriepas.lv\/en\/?s={search_term_string}"},"query-input":{"@type":"PropertyValueSpecification","valueRequired":true,"valueName":"search_term_string"}}],"inLanguage":"en-US"},{"@type":"ImageObject","inLanguage":"en-US","@id":"https:\/\/mmkriepas.lv\/en\/p\/275-45r20-horizon-hw505-110v-xl\/#local-main-organization-logo","url":"","contentUrl":"","caption":"MMK Riepas"}]},"product_brand":"Horizon HW505","product_price_amount":"78.00","product_price_currency":"EUR","og_availability":"out of stock","product_availability":"out of stock","product_retailer_item_id":"TW2754520HORIZ-2352","product_condition":"new"},"_links":{"self":[{"href":"https:\/\/mmkriepas.lv\/en\/wp-json\/wp\/v2\/product\/235859","targetHints":{"allow":["GET"]}}],"collection":[{"href":"https:\/\/mmkriepas.lv\/en\/wp-json\/wp\/v2\/product"}],"about":[{"href":"https:\/\/mmkriepas.lv\/en\/wp-json\/wp\/v2\/types\/product"}],"wp:featuredmedia":[{"embeddable":true,"href":"https:\/\/mmkriepas.lv\/en\/wp-json\/wp\/v2\/media\/279567"}],"wp:attachment":[{"href":"https:\/\/mmkriepas.lv\/en\/wp-json\/wp\/v2\/media?parent=235859"}],"wp:term":[{"taxonomy":"product_brand","embeddable":true,"href":"https:\/\/mmkriepas.lv\/en\/wp-json\/wp\/v2\/product_brand?post=235859"},{"taxonomy":"product_cat","embeddable":true,"href":"https:\/\/mmkriepas.lv\/en\/wp-json\/wp\/v2\/product_cat?post=235859"},{"taxonomy":"product_tag","embeddable":true,"href":"https:\/\/mmkriepas.lv\/en\/wp-json\/wp\/v2\/product_tag?post=235859"}],"curies":[{"name":"wp","href":"https:\/\/api.w.org\/{rel}","templated":true}]}}