{"id":235811,"date":"2022-06-28T18:08:45","date_gmt":"2022-06-28T15:08:45","guid":{"rendered":"https:\/\/mmkserviss.lv\/?post_type=product&#038;p=235811"},"modified":"2023-07-29T12:16:54","modified_gmt":"2023-07-29T09:16:54","slug":"175-70r14-kormoran-road-performance-88t","status":"publish","type":"product","link":"https:\/\/mmkriepas.lv\/en\/p\/175-70r14-kormoran-road-performance-88t\/","title":{"rendered":"175\/70R14 Kormoran Road Performance 88T (Michelin)"},"content":{"rendered":"<p><strong><span style=\"font-family: 'Arial',sans-serif;\">Kormoran<\/span><\/strong><span style=\"font-family: 'Arial',sans-serif;\"> <strong>Road Performance ir <\/strong><strong><span style=\"font-family: 'Arial',sans-serif; font-weight: normal;\">vasaras riepu modelis. <\/span><\/strong>\u0160im modelim ir veikti vair\u0101ki uzlabojumi, optimiz\u0113jot vad\u0101m\u012bbu, riepas iztur\u012bbu un kop\u0113jo veiktsp\u0113ju un izce\u013cas ar augstiem veiktsp\u0113jas r\u0101d\u012bt\u0101jiem visda\u017e\u0101d\u0101kajos brauk\u0161anas apst\u0101k\u013cos. Uzlabotais riepas gumijas sast\u0101vs un dren\u0101\u017eas kan\u0101lu sist\u0113ma samazina akvaplan\u0113\u0161anas risku un uzlabo manevr\u0113tsp\u0113ju lielos brauk\u0161anas \u0101trumos.<o:p><\/o:p><\/span><\/p>\n<h3><strong><span style=\"font-family: 'Arial',sans-serif;\">Road Performance galven\u0101s iez\u012bmes:<\/span><\/strong><span style=\"font-family: 'Arial',sans-serif;\"><o:p><\/o:p><\/span><\/h3>\n<p><span style=\"font-family: 'Arial',sans-serif;\">+ Samazin\u0101ts akvaplan\u0113\u0161anas risks;<o:p><\/o:p><\/span><\/p>\n<p><span style=\"font-family: 'Arial',sans-serif;\">+ Degvielas ekonomija:<o:p><\/o:p><\/span><\/p>\n<p><span style=\"font-family: 'Arial',sans-serif;\">+ Palielin\u0101ta riepas nodilumiztur\u012bba;<o:p><\/o:p><\/span><\/p>\n<p><span style=\"font-family: 'Arial',sans-serif;\">+ \u0160\u012b riepu mode\u013ca izstr\u0101d\u0113 piedal\u012bju\u0161ies Michelin in\u017eenieri.<o:p><\/o:p><\/span><\/p>\n<h3><span style=\"font-family: 'Arial',sans-serif;\">Road Performance apr\u012bkojums<o:p><\/o:p><\/span><\/h3>\n<p><strong><span style=\"font-family: 'Arial',sans-serif;\">Road Performance<\/span><\/strong><span style=\"font-family: 'Arial',sans-serif;\"> jaunais gumijas sast\u0101vs ir veidots, lai nodro\u0161in\u0101tu optim\u0101lu veiktsp\u0113ju gan uz mitra, gan sausa seguma. K\u0101 ar\u012b ir izdevies samazin\u0101t rites pretest\u012bbu, t\u0101dej\u0101di samazinot degvielas pat\u0113ri\u0146u. \u0160os uzlabojumus apvienojot ar jauno protektora rakstu, ir ieg\u016bta augstas veiktsp\u0113jas vid\u0113j\u0101s klases vasaras riepa par bud\u017eeta klases cenu.<o:p><\/o:p><\/span><\/p>\n<p><span style=\"font-family: 'Arial',sans-serif;\">Michelin in\u017eenieri r\u016bp\u012bgi ir str\u0101d\u0101ju\u0161i izveidojot jauno protektora z\u012bm\u0113jumu. Protektors ir padar\u012bts dzi\u013c\u0101ks,\u00a0<strong>paildzin\u0101tu riepas m\u016b\u017eu<\/strong>. Gumijas sast\u0101vam ir izmantots jauns sil\u012bcija savienojums.\u00a0 Asimetrisk\u0101 raksta visp\u0101r\u0113j\u0101 protektora bloku uzb\u016bve un korpusa konstrukcij\u0101 eso\u0161\u0101s ribas ir paliku\u0161as stingr\u0101kas. L\u012bdz ar to <strong>vad\u0101m\u012bba ir padar\u012bta \u013coti viegla<\/strong> pat pie liel\u0101kajiem \u0101trumiem. Garenisk\u0101s un \u0161\u0137\u0113rseniski novietot\u0101s rievas atbild par veikstp\u0113ju uz mitra seguma. Jaunais sil\u012bcija savienojums un stingrie s\u0101nu bloki nodro\u0161ina sa\u0137eri un vad\u0101m\u012bbu uz sausa seguma.<o:p><\/o:p><\/span><\/p>\n","protected":false},"excerpt":{"rendered":"<p><strong><span style=\"font-family: 'Arial',sans-serif;\">Kormoran<\/span><\/strong><span style=\"font-family: 'Arial',sans-serif;\"> <strong>Road Performance ir vasaras riepu modelis. <\/strong>\u0160im modelim ir veikti vair\u0101ki uzlabojumi, optimiz\u0113jot vad\u0101m\u012bbu, riepas iztur\u012bbu un kop\u0113jo veiktsp\u0113ju un izce\u013cas ar augstiem veiktsp\u0113jas r\u0101d\u012bt\u0101jiem visda\u017e\u0101d\u0101kajos brauk\u0161anas apst\u0101k\u013cos. Uzlabotais riepas gumijas sast\u0101vs un dren\u0101\u017eas kan\u0101lu sist\u0113ma samazina akvaplan\u0113\u0161anas risku un uzlabo manevr\u0113tsp\u0113ju lielos brauk\u0161anas \u0101trumos.<o:p><\/o:p><\/span><\/p>\n","protected":false},"featured_media":862520,"template":"","meta":{"_acf_changed":false,"ngg_post_thumbnail":0},"product_brand":[],"product_cat":[46],"product_tag":[],"class_list":{"0":"post-235811","1":"product","2":"type-product","3":"status-publish","4":"has-post-thumbnail","6":"product_cat-vasaras-riepas","8":"first","9":"instock","10":"sale","11":"taxable","12":"shipping-taxable","13":"product-type-simple"},"acf":[],"yoast_head":"<!-- This site is optimized with the Yoast SEO Premium plugin v22.6 (Yoast SEO v27.3) - https:\/\/yoast.com\/product\/yoast-seo-premium-wordpress\/ -->\n<title>175\/70R14 Kormoran Road Performance 88T (Michelin) &#8226; MMK Riepas<\/title>\n<meta name=\"robots\" content=\"index, follow, max-snippet:-1, max-image-preview:large, max-video-preview:-1\" \/>\n<link rel=\"canonical\" href=\"https:\/\/mmkriepas.lv\/en\/p\/175-70r14-kormoran-road-performance-88t\/\" \/>\n<meta property=\"og:locale\" content=\"en_US\" \/>\n<meta property=\"og:type\" content=\"article\" \/>\n<meta property=\"og:title\" content=\"175\/70R14 Kormoran Road Performance 88T (Michelin)\" \/>\n<meta property=\"og:description\" content=\"Kormoran Road Performance ir vasaras riepu modelis. \u0160im modelim ir veikti vair\u0101ki uzlabojumi, optimiz\u0113jot vad\u0101m\u012bbu, riepas iztur\u012bbu un kop\u0113jo veiktsp\u0113ju un izce\u013cas ar augstiem veiktsp\u0113jas r\u0101d\u012bt\u0101jiem visda\u017e\u0101d\u0101kajos brauk\u0161anas apst\u0101k\u013cos. Uzlabotais riepas gumijas sast\u0101vs un dren\u0101\u017eas kan\u0101lu sist\u0113ma samazina akvaplan\u0113\u0161anas risku un uzlabo manevr\u0113tsp\u0113ju lielos brauk\u0161anas \u0101trumos.\" \/>\n<meta property=\"og:url\" content=\"https:\/\/mmkriepas.lv\/en\/p\/175-70r14-kormoran-road-performance-88t\/\" \/>\n<meta property=\"og:site_name\" content=\"MMK Riepas\" \/>\n<meta property=\"article:publisher\" content=\"https:\/\/www.facebook.com\/mmkserviss\/\" \/>\n<meta property=\"article:modified_time\" content=\"2023-07-29T09:16:54+00:00\" \/>\n<meta property=\"og:image\" content=\"https:\/\/mmkriepas.lv\/wp-content\/uploads\/2024\/02\/20560r16-kormoran-road-performance-96v-xl-michelin-vasaras-riepas.jpg\" \/>\n\t<meta property=\"og:image:width\" content=\"1920\" \/>\n\t<meta property=\"og:image:height\" content=\"1440\" \/>\n\t<meta property=\"og:image:type\" content=\"image\/jpeg\" \/>\n<meta name=\"twitter:card\" content=\"summary_large_image\" \/>\n<meta name=\"twitter:label1\" content=\"Price\" \/>\n\t<meta name=\"twitter:data1\" content=\"&euro;45.00\" \/>\n\t<meta name=\"twitter:label2\" content=\"Availability\" \/>\n\t<meta name=\"twitter:data2\" content=\"In stock\" \/>\n<script type=\"application\/ld+json\" class=\"yoast-schema-graph\">{\"@context\":\"https:\\\/\\\/schema.org\",\"@graph\":[{\"@type\":\"WebPage\",\"@id\":\"https:\\\/\\\/mmkriepas.lv\\\/en\\\/p\\\/175-70r14-kormoran-road-performance-88t\\\/\",\"url\":\"https:\\\/\\\/mmkriepas.lv\\\/en\\\/p\\\/175-70r14-kormoran-road-performance-88t\\\/\",\"name\":\"175\\\/70R14 Kormoran Road Performance 88T (Michelin) &#8226; MMK Riepas\",\"isPartOf\":{\"@id\":\"https:\\\/\\\/mmkriepas.lv\\\/en\\\/#website\"},\"primaryImageOfPage\":{\"@id\":\"https:\\\/\\\/mmkriepas.lv\\\/en\\\/p\\\/175-70r14-kormoran-road-performance-88t\\\/#primaryimage\"},\"image\":{\"@id\":\"https:\\\/\\\/mmkriepas.lv\\\/en\\\/p\\\/175-70r14-kormoran-road-performance-88t\\\/#primaryimage\"},\"thumbnailUrl\":\"https:\\\/\\\/mmkriepas.lv\\\/wp-content\\\/uploads\\\/2024\\\/02\\\/20560r16-kormoran-road-performance-96v-xl-michelin-vasaras-riepas.jpg\",\"datePublished\":\"2022-06-28T15:08:45+00:00\",\"dateModified\":\"2023-07-29T09:16:54+00:00\",\"breadcrumb\":{\"@id\":\"https:\\\/\\\/mmkriepas.lv\\\/en\\\/p\\\/175-70r14-kormoran-road-performance-88t\\\/#breadcrumb\"},\"inLanguage\":\"en-US\",\"potentialAction\":[{\"@type\":\"ReadAction\",\"target\":[\"https:\\\/\\\/mmkriepas.lv\\\/en\\\/p\\\/175-70r14-kormoran-road-performance-88t\\\/\"]}]},{\"@type\":\"ImageObject\",\"inLanguage\":\"en-US\",\"@id\":\"https:\\\/\\\/mmkriepas.lv\\\/en\\\/p\\\/175-70r14-kormoran-road-performance-88t\\\/#primaryimage\",\"url\":\"https:\\\/\\\/mmkriepas.lv\\\/wp-content\\\/uploads\\\/2024\\\/02\\\/20560r16-kormoran-road-performance-96v-xl-michelin-vasaras-riepas.jpg\",\"contentUrl\":\"https:\\\/\\\/mmkriepas.lv\\\/wp-content\\\/uploads\\\/2024\\\/02\\\/20560r16-kormoran-road-performance-96v-xl-michelin-vasaras-riepas.jpg\",\"width\":1920,\"height\":1440,\"caption\":\"Kormoran vasaras riepas Road Performance MMK Riepu Serviss\"},{\"@type\":\"BreadcrumbList\",\"@id\":\"https:\\\/\\\/mmkriepas.lv\\\/en\\\/p\\\/175-70r14-kormoran-road-performance-88t\\\/#breadcrumb\",\"itemListElement\":[{\"@type\":\"ListItem\",\"position\":1,\"name\":\"S\u0101kums\",\"item\":\"https:\\\/\\\/mmkriepas.lv\\\/en\\\/\"},{\"@type\":\"ListItem\",\"position\":2,\"name\":\"175\\\/70R14 Kormoran Road Performance 88T (Michelin)\"}]},{\"@type\":\"WebSite\",\"@id\":\"https:\\\/\\\/mmkriepas.lv\\\/en\\\/#website\",\"url\":\"https:\\\/\\\/mmkriepas.lv\\\/en\\\/\",\"name\":\"MMK Riepas\",\"description\":\"MMK Riepas\",\"alternateName\":\"MMK Riepu Serviss\",\"potentialAction\":[{\"@type\":\"SearchAction\",\"target\":{\"@type\":\"EntryPoint\",\"urlTemplate\":\"https:\\\/\\\/mmkriepas.lv\\\/en\\\/?s={search_term_string}\"},\"query-input\":{\"@type\":\"PropertyValueSpecification\",\"valueRequired\":true,\"valueName\":\"search_term_string\"}}],\"inLanguage\":\"en-US\"},{\"@type\":\"ImageObject\",\"inLanguage\":\"en-US\",\"@id\":\"https:\\\/\\\/mmkriepas.lv\\\/en\\\/p\\\/175-70r14-kormoran-road-performance-88t\\\/#local-main-organization-logo\",\"url\":\"\",\"contentUrl\":\"\",\"caption\":\"MMK Riepas\"}]}<\/script>\n<meta property=\"product:brand\" content=\"Kormoran Road Performance\" \/>\n<meta property=\"product:price:amount\" content=\"45.00\" \/>\n<meta property=\"product:price:currency\" content=\"EUR\" \/>\n<meta property=\"og:availability\" content=\"instock\" \/>\n<meta property=\"product:availability\" content=\"instock\" \/>\n<meta property=\"product:condition\" content=\"new\" \/>\n<!-- \/ Yoast SEO Premium plugin. -->","yoast_head_json":{"title":"175\/70R14 Kormoran Road Performance 88T (Michelin) &#8226; MMK Riepas","robots":{"index":"index","follow":"follow","max-snippet":"max-snippet:-1","max-image-preview":"max-image-preview:large","max-video-preview":"max-video-preview:-1"},"canonical":"https:\/\/mmkriepas.lv\/en\/p\/175-70r14-kormoran-road-performance-88t\/","og_locale":"en_US","og_type":"article","og_title":"175\/70R14 Kormoran Road Performance 88T (Michelin)","og_description":"Kormoran Road Performance ir vasaras riepu modelis. \u0160im modelim ir veikti vair\u0101ki uzlabojumi, optimiz\u0113jot vad\u0101m\u012bbu, riepas iztur\u012bbu un kop\u0113jo veiktsp\u0113ju un izce\u013cas ar augstiem veiktsp\u0113jas r\u0101d\u012bt\u0101jiem visda\u017e\u0101d\u0101kajos brauk\u0161anas apst\u0101k\u013cos. Uzlabotais riepas gumijas sast\u0101vs un dren\u0101\u017eas kan\u0101lu sist\u0113ma samazina akvaplan\u0113\u0161anas risku un uzlabo manevr\u0113tsp\u0113ju lielos brauk\u0161anas \u0101trumos.","og_url":"https:\/\/mmkriepas.lv\/en\/p\/175-70r14-kormoran-road-performance-88t\/","og_site_name":"MMK Riepas","article_publisher":"https:\/\/www.facebook.com\/mmkserviss\/","article_modified_time":"2023-07-29T09:16:54+00:00","og_image":[{"width":1920,"height":1440,"url":"https:\/\/mmkriepas.lv\/wp-content\/uploads\/2024\/02\/20560r16-kormoran-road-performance-96v-xl-michelin-vasaras-riepas.jpg","type":"image\/jpeg"}],"twitter_card":"summary_large_image","twitter_misc":{"Price":"&euro;45.00","Availability":"In stock"},"schema":{"@context":"https:\/\/schema.org","@graph":[{"@type":"WebPage","@id":"https:\/\/mmkriepas.lv\/en\/p\/175-70r14-kormoran-road-performance-88t\/","url":"https:\/\/mmkriepas.lv\/en\/p\/175-70r14-kormoran-road-performance-88t\/","name":"175\/70R14 Kormoran Road Performance 88T (Michelin) &#8226; MMK Riepas","isPartOf":{"@id":"https:\/\/mmkriepas.lv\/en\/#website"},"primaryImageOfPage":{"@id":"https:\/\/mmkriepas.lv\/en\/p\/175-70r14-kormoran-road-performance-88t\/#primaryimage"},"image":{"@id":"https:\/\/mmkriepas.lv\/en\/p\/175-70r14-kormoran-road-performance-88t\/#primaryimage"},"thumbnailUrl":"https:\/\/mmkriepas.lv\/wp-content\/uploads\/2024\/02\/20560r16-kormoran-road-performance-96v-xl-michelin-vasaras-riepas.jpg","datePublished":"2022-06-28T15:08:45+00:00","dateModified":"2023-07-29T09:16:54+00:00","breadcrumb":{"@id":"https:\/\/mmkriepas.lv\/en\/p\/175-70r14-kormoran-road-performance-88t\/#breadcrumb"},"inLanguage":"en-US","potentialAction":[{"@type":"ReadAction","target":["https:\/\/mmkriepas.lv\/en\/p\/175-70r14-kormoran-road-performance-88t\/"]}]},{"@type":"ImageObject","inLanguage":"en-US","@id":"https:\/\/mmkriepas.lv\/en\/p\/175-70r14-kormoran-road-performance-88t\/#primaryimage","url":"https:\/\/mmkriepas.lv\/wp-content\/uploads\/2024\/02\/20560r16-kormoran-road-performance-96v-xl-michelin-vasaras-riepas.jpg","contentUrl":"https:\/\/mmkriepas.lv\/wp-content\/uploads\/2024\/02\/20560r16-kormoran-road-performance-96v-xl-michelin-vasaras-riepas.jpg","width":1920,"height":1440,"caption":"Kormoran vasaras riepas Road Performance MMK Riepu Serviss"},{"@type":"BreadcrumbList","@id":"https:\/\/mmkriepas.lv\/en\/p\/175-70r14-kormoran-road-performance-88t\/#breadcrumb","itemListElement":[{"@type":"ListItem","position":1,"name":"S\u0101kums","item":"https:\/\/mmkriepas.lv\/en\/"},{"@type":"ListItem","position":2,"name":"175\/70R14 Kormoran Road Performance 88T (Michelin)"}]},{"@type":"WebSite","@id":"https:\/\/mmkriepas.lv\/en\/#website","url":"https:\/\/mmkriepas.lv\/en\/","name":"MMK Riepas","description":"MMK Riepas","alternateName":"MMK Riepu Serviss","potentialAction":[{"@type":"SearchAction","target":{"@type":"EntryPoint","urlTemplate":"https:\/\/mmkriepas.lv\/en\/?s={search_term_string}"},"query-input":{"@type":"PropertyValueSpecification","valueRequired":true,"valueName":"search_term_string"}}],"inLanguage":"en-US"},{"@type":"ImageObject","inLanguage":"en-US","@id":"https:\/\/mmkriepas.lv\/en\/p\/175-70r14-kormoran-road-performance-88t\/#local-main-organization-logo","url":"","contentUrl":"","caption":"MMK Riepas"}]},"product_brand":"Kormoran Road Performance","product_price_amount":"45.00","product_price_currency":"EUR","og_availability":"instock","product_availability":"instock","product_condition":"new"},"_links":{"self":[{"href":"https:\/\/mmkriepas.lv\/en\/wp-json\/wp\/v2\/product\/235811","targetHints":{"allow":["GET"]}}],"collection":[{"href":"https:\/\/mmkriepas.lv\/en\/wp-json\/wp\/v2\/product"}],"about":[{"href":"https:\/\/mmkriepas.lv\/en\/wp-json\/wp\/v2\/types\/product"}],"wp:featuredmedia":[{"embeddable":true,"href":"https:\/\/mmkriepas.lv\/en\/wp-json\/wp\/v2\/media\/862520"}],"wp:attachment":[{"href":"https:\/\/mmkriepas.lv\/en\/wp-json\/wp\/v2\/media?parent=235811"}],"wp:term":[{"taxonomy":"product_brand","embeddable":true,"href":"https:\/\/mmkriepas.lv\/en\/wp-json\/wp\/v2\/product_brand?post=235811"},{"taxonomy":"product_cat","embeddable":true,"href":"https:\/\/mmkriepas.lv\/en\/wp-json\/wp\/v2\/product_cat?post=235811"},{"taxonomy":"product_tag","embeddable":true,"href":"https:\/\/mmkriepas.lv\/en\/wp-json\/wp\/v2\/product_tag?post=235811"}],"curies":[{"name":"wp","href":"https:\/\/api.w.org\/{rel}","templated":true}]}}