{"id":233993,"date":"2022-05-30T16:55:24","date_gmt":"2022-05-30T13:55:24","guid":{"rendered":"https:\/\/mmkserviss.lv\/?post_type=product&#038;p=233993"},"modified":"2026-04-19T02:08:53","modified_gmt":"2026-04-18T23:08:53","slug":"style-m4-replika-r19-5x120-orange","status":"publish","type":"product","link":"https:\/\/mmkriepas.lv\/en\/p\/style-m4-replika-r19-5x120-orange\/","title":{"rendered":"Style M4 Replika R19 5&#215;120 (Orange)"},"content":{"rendered":"<h3>Jauni diski \u2013 jauns izskats, laba invest\u012bcija un paaugstin\u0101ta v\u0113rt\u012bba.\u00a0<\/h3>\n<p>Par lielisk\u0101m cen\u0101m un liel\u0101 izv\u0113l\u0113 riepas un diski. Diski teju visa veida automa\u0161\u012bn\u0101m uz vietas, konsult\u0113sim, piem\u0113r\u012bsim diskus un riepas p\u0113c j\u016bsu gaumes. Pie mums atrad\u012bsi diskus vis\u0101m popul\u0101r\u0101kaj\u0101m automa\u0161\u012bn\u0101m \u2013 BMW, VW, AUDI, \u0160KODA, MERCEDES, VOLVO, LAND ROVER, LEXUS, TOYOTA, FORD, OPEL, NISSAN, SEAT, JEEP, SAAB, KIA, RENAULT u. c. Jaunu disku uzst\u0101d\u012b\u0161ana savam sp\u0113kratam nodro\u0161in\u0101s ne tikai atsvaidzino\u0161u, pat\u012bkamu uzlabojumu t\u0101 \u0101r\u0113j\u0101 izskat\u0101, bet ar\u012b paaugstina t\u0101 v\u0113rt\u012bbu. Diski ir automob\u012b\u013ca rito\u0161\u0101s da\u013cas sast\u0101vda\u013ca, svar\u012bga konstrukt\u012bva sist\u0113ma, kas nodro\u0161ina stabilit\u0101ti un dinamiskumu. <strong><\/strong><\/p>\n<p><strong>Jaunumi: Diski un riepas l\u012bzing\u0101 tikai 20 min\u016b\u0161u laik\u0101.<\/strong> \u00a0 \u00a0 \u00a0Neatliec savu v\u0113lmju \u012bsteno\u0161anu uz v\u0113l\u0101ku laiku. Ja v\u0113lies jaunus diskus, bet nav iesp\u0113ja samaks\u0101t uzreiz \u2013 t\u0101 vairs nav probl\u0113ma. P\u0113rc jaunus diskus uzreiz, bet maks\u0101 v\u0113l\u0101k. MMK n\u0101k soli pret\u012b saviem klientiem un ar 2020.gadu nodro\u0161in\u0101m disku un riepu ieg\u0101di ar\u012b l\u012bzing\u0101 \u2013 abos MMK riepu centros R\u012bg\u0101. Ja disku un riepu ieg\u0101de l\u012bzing\u0101 izmaks\u0101 tikai no 20 Eur m\u0113nes\u012b, tad tas ir pieejams gandr\u012bz jebkuram. Turkl\u0101t, l\u012bzinga noform\u0113\u0161ana aiz\u0146ems tikai 20 min\u016btes.<\/p>\n<p><strong>P\u0113rkot diskus kop\u0101 ar riep\u0101m mont\u0101\u017eu veicam bez maksas.<\/strong> V\u0113l viens izdev\u012bgs jaunums m\u016bsu klientiem \u2013 p\u0113rkot disku komplektu kop\u0101 ar jaun\u0101m riep\u0101m, mont\u0101\u017eas darbus veicam bez maksas. Tas \u013cauj ne tikai ietaup\u012bt naudu, bet ar\u012b g\u016bt p\u0101rliec\u012bbu, ka j\u016bs b\u016bsiet ieguvu\u0161i piem\u0113rot\u0101k\u0101s riepas, pareiz\u0101 izm\u0113r\u0101 un atbilsto\u0161i j\u016bsu vajadz\u012bb\u0101m. Turkl\u0101t gan riep\u0101m, gan diskiem un mont\u0101\u017eai b\u016bs garantija. J\u016bsu vecie diski un riepas var b\u016bt k\u0101 iemaksa p\u0113rkot jaunus diskus un riepas. \u0160\u012b ir nebijusi opcija. T\u0101 dod iesp\u0113ju ieg\u0101d\u0101ties jaunus diskus un riepas un m\u0113s atp\u0113rkam j\u016bsu vecos diskus. Tas noz\u012bm\u0113, ka j\u016bsu v\u0113lmju realiz\u0101cija k\u013c\u016bst v\u0113l pieejam\u0101ka. Kas var b\u016bt v\u0113l vienk\u0101r\u0161\u0101ks? . J\u016bs atbraucat pie mums, izv\u0113laties jaunus diskus un riepas, m\u0113s nov\u0113rt\u0113jam j\u016bsu vecos rite\u0146us, vienojamies par to cenu un nor\u0113\u0137in\u0101m nost no jauno disku cenas. Turkl\u0101t visu summu varam nofom\u0113t l\u012bzing\u0101. \u013boti izdev\u012bgi un bez liek\u0101m probl\u0113m\u0101m. Dro\u0161i brauc pie mums \u2013 m\u0113s pal\u012bdz\u0113sim uzlabot j\u016bsu auto izskatu pied\u0101v\u0101jot labu apmaksas risin\u0101jumu.<\/p>\n<p><strong>Pie mums Mmk visi ar auto riep\u0101m un diskiem saist\u012btie jaut\u0101jumi no A l\u012bdz Z. Ar 100% garantiju.<\/strong> \u2013\u00a0<\/p>\n","protected":false},"excerpt":{"rendered":"<p>Jauni diski \u2013 jauns izskats, laba invest\u012bcija un paaugstin\u0101ta v\u0113rt\u012bba.\u00a0 Par lielisk\u0101m cen\u0101m un liel\u0101 izv\u0113l\u0113 riepas un diski. Diski teju visa veida automa\u0161\u012bn\u0101m uz vietas, konsult\u0113sim, piem\u0113r\u012bsim diskus un<\/p>\n","protected":false},"featured_media":233995,"template":"","meta":{"_acf_changed":false,"ngg_post_thumbnail":0},"product_brand":[],"product_cat":[23657,23654,23663],"product_tag":[],"class_list":{"0":"post-233993","1":"product","2":"type-product","3":"status-publish","4":"has-post-thumbnail","6":"product_cat-bmw-rims","7":"product_cat-rims","8":"product_cat-r19-en","10":"first","11":"outofstock","12":"taxable","13":"shipping-taxable","14":"product-type-simple"},"acf":[],"yoast_head":"<!-- This site is optimized with the Yoast SEO Premium plugin v22.6 (Yoast SEO v27.3) - https:\/\/yoast.com\/product\/yoast-seo-premium-wordpress\/ -->\n<title>Style M4 Replika R19 5x120 (Orange) &#8226; MMK Riepas<\/title>\n<meta name=\"robots\" content=\"index, follow, max-snippet:-1, max-image-preview:large, max-video-preview:-1\" \/>\n<link rel=\"canonical\" href=\"https:\/\/mmkriepas.lv\/en\/p\/style-m4-replika-r19-5x120-orange\/\" \/>\n<meta property=\"og:locale\" content=\"en_US\" \/>\n<meta property=\"og:type\" content=\"article\" \/>\n<meta property=\"og:title\" content=\"Style M4 Replika R19 5x120 (Orange)\" \/>\n<meta property=\"og:description\" content=\"Jauni diski \u2013 jauns izskats, laba invest\u012bcija un paaugstin\u0101ta v\u0113rt\u012bba.\u00a0 Par lielisk\u0101m cen\u0101m un liel\u0101 izv\u0113l\u0113 riepas un diski. Diski teju visa veida automa\u0161\u012bn\u0101m uz vietas, konsult\u0113sim, piem\u0113r\u012bsim diskus un\" \/>\n<meta property=\"og:url\" content=\"https:\/\/mmkriepas.lv\/en\/p\/style-m4-replika-r19-5x120-orange\/\" \/>\n<meta property=\"og:site_name\" content=\"MMK Riepas\" \/>\n<meta property=\"article:publisher\" content=\"https:\/\/www.facebook.com\/mmkserviss\/\" \/>\n<meta property=\"article:modified_time\" content=\"2026-04-18T23:08:53+00:00\" \/>\n<meta property=\"og:image\" content=\"https:\/\/mmkriepas.lv\/wp-content\/uploads\/2022\/05\/style-m4-replika-r19-5x120-orange.jpg\" \/>\n\t<meta property=\"og:image:width\" content=\"1920\" \/>\n\t<meta property=\"og:image:height\" content=\"1278\" \/>\n\t<meta property=\"og:image:type\" content=\"image\/jpeg\" \/>\n<meta name=\"twitter:card\" content=\"summary_large_image\" \/>\n<meta name=\"twitter:label1\" content=\"Price\" \/>\n\t<meta name=\"twitter:data1\" content=\"&euro;189.00\" \/>\n\t<meta name=\"twitter:label2\" content=\"Availability\" \/>\n\t<meta name=\"twitter:data2\" content=\"Out of stock\" \/>\n<script type=\"application\/ld+json\" class=\"yoast-schema-graph\">{\"@context\":\"https:\\\/\\\/schema.org\",\"@graph\":[{\"@type\":\"WebPage\",\"@id\":\"https:\\\/\\\/mmkriepas.lv\\\/en\\\/p\\\/style-m4-replika-r19-5x120-orange\\\/\",\"url\":\"https:\\\/\\\/mmkriepas.lv\\\/en\\\/p\\\/style-m4-replika-r19-5x120-orange\\\/\",\"name\":\"Style M4 Replika R19 5x120 (Orange) &#8226; MMK Riepas\",\"isPartOf\":{\"@id\":\"https:\\\/\\\/mmkriepas.lv\\\/en\\\/#website\"},\"primaryImageOfPage\":{\"@id\":\"https:\\\/\\\/mmkriepas.lv\\\/en\\\/p\\\/style-m4-replika-r19-5x120-orange\\\/#primaryimage\"},\"image\":{\"@id\":\"https:\\\/\\\/mmkriepas.lv\\\/en\\\/p\\\/style-m4-replika-r19-5x120-orange\\\/#primaryimage\"},\"thumbnailUrl\":\"https:\\\/\\\/mmkriepas.lv\\\/wp-content\\\/uploads\\\/2022\\\/05\\\/style-m4-replika-r19-5x120-orange.jpg\",\"datePublished\":\"2022-05-30T13:55:24+00:00\",\"dateModified\":\"2026-04-18T23:08:53+00:00\",\"breadcrumb\":{\"@id\":\"https:\\\/\\\/mmkriepas.lv\\\/en\\\/p\\\/style-m4-replika-r19-5x120-orange\\\/#breadcrumb\"},\"inLanguage\":\"en-US\",\"potentialAction\":[{\"@type\":\"ReadAction\",\"target\":[\"https:\\\/\\\/mmkriepas.lv\\\/en\\\/p\\\/style-m4-replika-r19-5x120-orange\\\/\"]}]},{\"@type\":\"ImageObject\",\"inLanguage\":\"en-US\",\"@id\":\"https:\\\/\\\/mmkriepas.lv\\\/en\\\/p\\\/style-m4-replika-r19-5x120-orange\\\/#primaryimage\",\"url\":\"https:\\\/\\\/mmkriepas.lv\\\/wp-content\\\/uploads\\\/2022\\\/05\\\/style-m4-replika-r19-5x120-orange.jpg\",\"contentUrl\":\"https:\\\/\\\/mmkriepas.lv\\\/wp-content\\\/uploads\\\/2022\\\/05\\\/style-m4-replika-r19-5x120-orange.jpg\",\"width\":1920,\"height\":1278,\"caption\":\"Style M4 Replika R19 5x120 (Orange)\"},{\"@type\":\"BreadcrumbList\",\"@id\":\"https:\\\/\\\/mmkriepas.lv\\\/en\\\/p\\\/style-m4-replika-r19-5x120-orange\\\/#breadcrumb\",\"itemListElement\":[{\"@type\":\"ListItem\",\"position\":1,\"name\":\"S\u0101kums\",\"item\":\"https:\\\/\\\/mmkriepas.lv\\\/en\\\/\"},{\"@type\":\"ListItem\",\"position\":2,\"name\":\"Style M4 Replika R19 5&#215;120 (Orange)\"}]},{\"@type\":\"WebSite\",\"@id\":\"https:\\\/\\\/mmkriepas.lv\\\/en\\\/#website\",\"url\":\"https:\\\/\\\/mmkriepas.lv\\\/en\\\/\",\"name\":\"MMK Riepas\",\"description\":\"MMK Riepas\",\"alternateName\":\"MMK Riepu Serviss\",\"potentialAction\":[{\"@type\":\"SearchAction\",\"target\":{\"@type\":\"EntryPoint\",\"urlTemplate\":\"https:\\\/\\\/mmkriepas.lv\\\/en\\\/?s={search_term_string}\"},\"query-input\":{\"@type\":\"PropertyValueSpecification\",\"valueRequired\":true,\"valueName\":\"search_term_string\"}}],\"inLanguage\":\"en-US\"},{\"@type\":\"ImageObject\",\"inLanguage\":\"en-US\",\"@id\":\"https:\\\/\\\/mmkriepas.lv\\\/en\\\/p\\\/style-m4-replika-r19-5x120-orange\\\/#local-main-organization-logo\",\"url\":\"\",\"contentUrl\":\"\",\"caption\":\"MMK Riepas\"}]}<\/script>\n<meta property=\"product:price:amount\" content=\"189.00\" \/>\n<meta property=\"product:price:currency\" content=\"EUR\" \/>\n<meta property=\"og:availability\" content=\"out of stock\" \/>\n<meta property=\"product:availability\" content=\"out of stock\" \/>\n<meta property=\"product:retailer_item_id\" content=\"aludiski-BMWZZ188.5Z5ZX120ZZZZZ+3572.6ZB5167MGPC-2-1\" \/>\n<meta property=\"product:condition\" content=\"new\" \/>\n<!-- \/ Yoast SEO Premium plugin. -->","yoast_head_json":{"title":"Style M4 Replika R19 5x120 (Orange) &#8226; MMK Riepas","robots":{"index":"index","follow":"follow","max-snippet":"max-snippet:-1","max-image-preview":"max-image-preview:large","max-video-preview":"max-video-preview:-1"},"canonical":"https:\/\/mmkriepas.lv\/en\/p\/style-m4-replika-r19-5x120-orange\/","og_locale":"en_US","og_type":"article","og_title":"Style M4 Replika R19 5x120 (Orange)","og_description":"Jauni diski \u2013 jauns izskats, laba invest\u012bcija un paaugstin\u0101ta v\u0113rt\u012bba.\u00a0 Par lielisk\u0101m cen\u0101m un liel\u0101 izv\u0113l\u0113 riepas un diski. Diski teju visa veida automa\u0161\u012bn\u0101m uz vietas, konsult\u0113sim, piem\u0113r\u012bsim diskus un","og_url":"https:\/\/mmkriepas.lv\/en\/p\/style-m4-replika-r19-5x120-orange\/","og_site_name":"MMK Riepas","article_publisher":"https:\/\/www.facebook.com\/mmkserviss\/","article_modified_time":"2026-04-18T23:08:53+00:00","og_image":[{"width":1920,"height":1278,"url":"https:\/\/mmkriepas.lv\/wp-content\/uploads\/2022\/05\/style-m4-replika-r19-5x120-orange.jpg","type":"image\/jpeg"}],"twitter_card":"summary_large_image","twitter_misc":{"Price":"&euro;189.00","Availability":"Out of stock"},"schema":{"@context":"https:\/\/schema.org","@graph":[{"@type":"WebPage","@id":"https:\/\/mmkriepas.lv\/en\/p\/style-m4-replika-r19-5x120-orange\/","url":"https:\/\/mmkriepas.lv\/en\/p\/style-m4-replika-r19-5x120-orange\/","name":"Style M4 Replika R19 5x120 (Orange) &#8226; MMK Riepas","isPartOf":{"@id":"https:\/\/mmkriepas.lv\/en\/#website"},"primaryImageOfPage":{"@id":"https:\/\/mmkriepas.lv\/en\/p\/style-m4-replika-r19-5x120-orange\/#primaryimage"},"image":{"@id":"https:\/\/mmkriepas.lv\/en\/p\/style-m4-replika-r19-5x120-orange\/#primaryimage"},"thumbnailUrl":"https:\/\/mmkriepas.lv\/wp-content\/uploads\/2022\/05\/style-m4-replika-r19-5x120-orange.jpg","datePublished":"2022-05-30T13:55:24+00:00","dateModified":"2026-04-18T23:08:53+00:00","breadcrumb":{"@id":"https:\/\/mmkriepas.lv\/en\/p\/style-m4-replika-r19-5x120-orange\/#breadcrumb"},"inLanguage":"en-US","potentialAction":[{"@type":"ReadAction","target":["https:\/\/mmkriepas.lv\/en\/p\/style-m4-replika-r19-5x120-orange\/"]}]},{"@type":"ImageObject","inLanguage":"en-US","@id":"https:\/\/mmkriepas.lv\/en\/p\/style-m4-replika-r19-5x120-orange\/#primaryimage","url":"https:\/\/mmkriepas.lv\/wp-content\/uploads\/2022\/05\/style-m4-replika-r19-5x120-orange.jpg","contentUrl":"https:\/\/mmkriepas.lv\/wp-content\/uploads\/2022\/05\/style-m4-replika-r19-5x120-orange.jpg","width":1920,"height":1278,"caption":"Style M4 Replika R19 5x120 (Orange)"},{"@type":"BreadcrumbList","@id":"https:\/\/mmkriepas.lv\/en\/p\/style-m4-replika-r19-5x120-orange\/#breadcrumb","itemListElement":[{"@type":"ListItem","position":1,"name":"S\u0101kums","item":"https:\/\/mmkriepas.lv\/en\/"},{"@type":"ListItem","position":2,"name":"Style M4 Replika R19 5&#215;120 (Orange)"}]},{"@type":"WebSite","@id":"https:\/\/mmkriepas.lv\/en\/#website","url":"https:\/\/mmkriepas.lv\/en\/","name":"MMK Riepas","description":"MMK Riepas","alternateName":"MMK Riepu Serviss","potentialAction":[{"@type":"SearchAction","target":{"@type":"EntryPoint","urlTemplate":"https:\/\/mmkriepas.lv\/en\/?s={search_term_string}"},"query-input":{"@type":"PropertyValueSpecification","valueRequired":true,"valueName":"search_term_string"}}],"inLanguage":"en-US"},{"@type":"ImageObject","inLanguage":"en-US","@id":"https:\/\/mmkriepas.lv\/en\/p\/style-m4-replika-r19-5x120-orange\/#local-main-organization-logo","url":"","contentUrl":"","caption":"MMK Riepas"}]},"product_price_amount":"189.00","product_price_currency":"EUR","og_availability":"out of stock","product_availability":"out of stock","product_retailer_item_id":"aludiski-BMWZZ188.5Z5ZX120ZZZZZ+3572.6ZB5167MGPC-2-1","product_condition":"new"},"_links":{"self":[{"href":"https:\/\/mmkriepas.lv\/en\/wp-json\/wp\/v2\/product\/233993","targetHints":{"allow":["GET"]}}],"collection":[{"href":"https:\/\/mmkriepas.lv\/en\/wp-json\/wp\/v2\/product"}],"about":[{"href":"https:\/\/mmkriepas.lv\/en\/wp-json\/wp\/v2\/types\/product"}],"wp:featuredmedia":[{"embeddable":true,"href":"https:\/\/mmkriepas.lv\/en\/wp-json\/wp\/v2\/media\/233995"}],"wp:attachment":[{"href":"https:\/\/mmkriepas.lv\/en\/wp-json\/wp\/v2\/media?parent=233993"}],"wp:term":[{"taxonomy":"product_brand","embeddable":true,"href":"https:\/\/mmkriepas.lv\/en\/wp-json\/wp\/v2\/product_brand?post=233993"},{"taxonomy":"product_cat","embeddable":true,"href":"https:\/\/mmkriepas.lv\/en\/wp-json\/wp\/v2\/product_cat?post=233993"},{"taxonomy":"product_tag","embeddable":true,"href":"https:\/\/mmkriepas.lv\/en\/wp-json\/wp\/v2\/product_tag?post=233993"}],"curies":[{"name":"wp","href":"https:\/\/api.w.org\/{rel}","templated":true}]}}