{"id":229548,"date":"2022-04-05T14:02:51","date_gmt":"2022-04-05T11:02:51","guid":{"rendered":"https:\/\/mmkserviss.lv\/?post_type=product&#038;p=229548"},"modified":"2025-03-07T16:46:40","modified_gmt":"2025-03-07T14:46:40","slug":"205-65r16c-royal-black-royal-commercial-107-105t","status":"publish","type":"product","link":"https:\/\/mmkriepas.lv\/en\/p\/205-65r16c-royal-black-royal-commercial-107-105t\/","title":{"rendered":"205\/65R16C Royal Black Royal Commercial 107\/105T"},"content":{"rendered":"<p style=\"margin: 12.0pt 0cm 12.0pt 0cm;\"><b><span style=\"font-size: 11.0pt; font-family: 'Arial',sans-serif; color: black;\">Royal Black Royal Commercial <\/span><\/b><span style=\"font-size: 11.0pt; font-family: 'Arial',sans-serif; color: black;\">&#8211; paaugstin\u0101tas slodzes vasaras komerctransporta riepu modelis. Izce\u013cas ar augstu veiktsp\u0113ju gan uz asfalta, gan grants ce\u013ciem, k\u0101 ar\u012b ar paaugstin\u0101tu nodilumiztur\u012bbu un degvielas ekonomiju.<\/span><o:p><\/o:p><\/p>\n<h3 style=\"margin: 14.0pt 0cm 4.0pt 0cm;\"><span style=\"font-size: 13.0pt; font-family: 'Arial',sans-serif; color: black;\">Royal Black Royal Commercial galven\u0101s \u012bpa\u0161\u012bbas<\/span><o:p><\/o:p><\/h3>\n<p style=\"margin: 12.0pt 0cm 12.0pt 0cm;\"><span style=\"font-size: 11.0pt; font-family: 'Arial',sans-serif; color: black;\">+ Paugstin\u0101ta kravnes\u012bba.<\/span><o:p><\/o:p><\/p>\n<p style=\"margin: 12.0pt 0cm 12.0pt 0cm;\"><span style=\"font-size: 11.0pt; font-family: 'Arial',sans-serif; color: black;\">+ Palielin\u0101ta nodilumiztur\u012bba un triecieniztur\u012bba.<\/span><o:p><\/o:p><\/p>\n<p style=\"margin: 12.0pt 0cm 12.0pt 0cm;\"><span style=\"font-size: 11.0pt; font-family: 'Arial',sans-serif; color: black;\">+ Zema rites pretest\u012bba, kas rezult\u0113jas zem\u0101k\u0101 degvielas pat\u0113ri\u0146\u0101.<\/span><o:p><\/o:p><\/p>\n<p style=\"margin: 12.0pt 0cm 12.0pt 0cm;\"><span style=\"font-size: 11.0pt; font-family: 'Arial',sans-serif; color: black;\">+ Teicams cenas un veiktsp\u0113jas koeficents.<\/span><o:p><\/o:p><\/p>\n<h3 style=\"margin: 14.0pt 0cm 4.0pt 0cm;\"><span style=\"font-size: 13.0pt; font-family: 'Arial',sans-serif; color: black;\">Royal Commercial apr\u012bkojums<\/span><o:p><\/o:p><\/h3>\n<p style=\"margin: 12.0pt 0cm 12.0pt 0cm;\"><b><span style=\"font-size: 11.0pt; font-family: 'Arial',sans-serif; color: black;\">Royal Black Royal Commercial <\/span><\/b><span style=\"font-size: 11.0pt; font-family: 'Arial',sans-serif; color: black;\">komerctransporta jeb c indeksa riepas apr\u012bkotas ar klasisku, simetrisku protektora rakstu. Starp t\u0101 mas\u012bvaj\u0101m protektora josl\u0101m izvietoti pla\u0161i novadkan\u0101li, kas pal\u012bdz uzlabot sa\u0137eri ar granti un samazin\u0101t akvaplan\u0113\u0161anas risku.<\/span><o:p><\/o:p><\/p>\n<p style=\"margin: 12.0pt 0cm 12.0pt 0cm;\"><span style=\"font-size: 11.0pt; font-family: 'Arial',sans-serif; color: black;\">Riepu konstrukcija pastiprin\u0101ta ar papildus kordu jeb brekera sl\u0101\u0146iem, uzlabojot kravnes\u012bbu un triecieniztur\u012bbu. Pastiprin\u0101tais karkass iet\u0113rpts nodilumiztur\u012bg\u0101 un elast\u012bg\u0101 gumijas sakaus\u0113jum\u0101. \u0160im riepu modelim piem\u012bt ar\u012b \u013coti laba cenas un veiktsp\u0113jas attiec\u012bba.<\/span><o:p><\/o:p><\/p>\n","protected":false},"excerpt":{"rendered":"<p><b><span style=\"font-size: 11.0pt; font-family: 'Arial',sans-serif; color: black;\">Royal Black Royal Commercial <\/span><\/b><span style=\"font-size: 11.0pt; font-family: 'Arial',sans-serif; color: black;\">&#8211; paaugstin\u0101tas slodzes vasaras komerctransporta riepu modelis. Izce\u013cas ar augstu veiktsp\u0113ju gan uz asfalta, gan grants ce\u013ciem, k\u0101 ar\u012b ar paaugstin\u0101tu nodilumiztur\u012bbu un degvielas ekonomiju.<\/span><\/p>\n","protected":false},"featured_media":237261,"template":"","meta":{"_acf_changed":false,"ngg_post_thumbnail":0},"product_brand":[],"product_cat":[46],"product_tag":[22820],"class_list":{"0":"post-229548","1":"product","2":"type-product","3":"status-publish","4":"has-post-thumbnail","6":"product_cat-vasaras-riepas","7":"product_tag-64636efdd2e27","9":"first","10":"outofstock","11":"sale","12":"taxable","13":"shipping-taxable","14":"product-type-simple"},"acf":[],"yoast_head":"<!-- This site is optimized with the Yoast SEO Premium plugin v22.6 (Yoast SEO v27.3) - https:\/\/yoast.com\/product\/yoast-seo-premium-wordpress\/ -->\n<title>205\/65R16C Royal Black Royal Commercial 107\/105T &#8226; MMK Riepas<\/title>\n<meta name=\"description\" content=\"Paaugstin\u0101tas slodzes vasaras komerctransporta riepu modelis. Izce\u013cas ar augstu veiktsp\u0113ju gan uz asfalta, gan grants ce\u013ciem.\" \/>\n<meta name=\"robots\" content=\"index, follow, max-snippet:-1, max-image-preview:large, max-video-preview:-1\" \/>\n<link rel=\"canonical\" href=\"https:\/\/mmkriepas.lv\/en\/p\/205-65r16c-royal-black-royal-commercial-107-105t\/\" \/>\n<meta property=\"og:locale\" content=\"en_US\" \/>\n<meta property=\"og:type\" content=\"article\" \/>\n<meta property=\"og:title\" content=\"205\/65R16C Royal Black Royal Commercial 107\/105T\" \/>\n<meta property=\"og:description\" content=\"Paaugstin\u0101tas slodzes vasaras komerctransporta riepu modelis. Izce\u013cas ar augstu veiktsp\u0113ju gan uz asfalta, gan grants ce\u013ciem.\" \/>\n<meta property=\"og:url\" content=\"https:\/\/mmkriepas.lv\/en\/p\/205-65r16c-royal-black-royal-commercial-107-105t\/\" \/>\n<meta property=\"og:site_name\" content=\"MMK Riepas\" \/>\n<meta property=\"article:publisher\" content=\"https:\/\/www.facebook.com\/mmkserviss\/\" \/>\n<meta property=\"article:modified_time\" content=\"2025-03-07T14:46:40+00:00\" \/>\n<meta property=\"og:image\" content=\"https:\/\/mmkriepas.lv\/wp-content\/uploads\/2022\/07\/20565r16c-royal-black-royal-commercial-107105t-vasaras-riepas.jpeg\" \/>\n\t<meta property=\"og:image:width\" content=\"1920\" \/>\n\t<meta property=\"og:image:height\" content=\"1278\" \/>\n\t<meta property=\"og:image:type\" content=\"image\/jpeg\" \/>\n<meta name=\"twitter:card\" content=\"summary_large_image\" \/>\n<meta name=\"twitter:label1\" content=\"Price\" \/>\n\t<meta name=\"twitter:data1\" content=\"&euro;59.00\" \/>\n\t<meta name=\"twitter:label2\" content=\"Availability\" \/>\n\t<meta name=\"twitter:data2\" content=\"Out of stock\" \/>\n<script type=\"application\/ld+json\" class=\"yoast-schema-graph\">{\"@context\":\"https:\\\/\\\/schema.org\",\"@graph\":[{\"@type\":\"WebPage\",\"@id\":\"https:\\\/\\\/mmkriepas.lv\\\/en\\\/p\\\/205-65r16c-royal-black-royal-commercial-107-105t\\\/\",\"url\":\"https:\\\/\\\/mmkriepas.lv\\\/en\\\/p\\\/205-65r16c-royal-black-royal-commercial-107-105t\\\/\",\"name\":\"205\\\/65R16C Royal Black Royal Commercial 107\\\/105T &#8226; MMK Riepas\",\"isPartOf\":{\"@id\":\"https:\\\/\\\/mmkriepas.lv\\\/en\\\/#website\"},\"primaryImageOfPage\":{\"@id\":\"https:\\\/\\\/mmkriepas.lv\\\/en\\\/p\\\/205-65r16c-royal-black-royal-commercial-107-105t\\\/#primaryimage\"},\"image\":{\"@id\":\"https:\\\/\\\/mmkriepas.lv\\\/en\\\/p\\\/205-65r16c-royal-black-royal-commercial-107-105t\\\/#primaryimage\"},\"thumbnailUrl\":\"https:\\\/\\\/mmkriepas.lv\\\/wp-content\\\/uploads\\\/2022\\\/07\\\/20565r16c-royal-black-royal-commercial-107105t-vasaras-riepas.jpeg\",\"datePublished\":\"2022-04-05T11:02:51+00:00\",\"dateModified\":\"2025-03-07T14:46:40+00:00\",\"description\":\"Paaugstin\u0101tas slodzes vasaras komerctransporta riepu modelis. Izce\u013cas ar augstu veiktsp\u0113ju gan uz asfalta, gan grants ce\u013ciem.\",\"breadcrumb\":{\"@id\":\"https:\\\/\\\/mmkriepas.lv\\\/en\\\/p\\\/205-65r16c-royal-black-royal-commercial-107-105t\\\/#breadcrumb\"},\"inLanguage\":\"en-US\",\"potentialAction\":[{\"@type\":\"ReadAction\",\"target\":[\"https:\\\/\\\/mmkriepas.lv\\\/en\\\/p\\\/205-65r16c-royal-black-royal-commercial-107-105t\\\/\"]}]},{\"@type\":\"ImageObject\",\"inLanguage\":\"en-US\",\"@id\":\"https:\\\/\\\/mmkriepas.lv\\\/en\\\/p\\\/205-65r16c-royal-black-royal-commercial-107-105t\\\/#primaryimage\",\"url\":\"https:\\\/\\\/mmkriepas.lv\\\/wp-content\\\/uploads\\\/2022\\\/07\\\/20565r16c-royal-black-royal-commercial-107105t-vasaras-riepas.jpeg\",\"contentUrl\":\"https:\\\/\\\/mmkriepas.lv\\\/wp-content\\\/uploads\\\/2022\\\/07\\\/20565r16c-royal-black-royal-commercial-107105t-vasaras-riepas.jpeg\",\"width\":1920,\"height\":1278,\"caption\":\"205\\\/65R16C Royal Black Royal Commercial 107\\\/105T - Vasaras riepas\"},{\"@type\":\"BreadcrumbList\",\"@id\":\"https:\\\/\\\/mmkriepas.lv\\\/en\\\/p\\\/205-65r16c-royal-black-royal-commercial-107-105t\\\/#breadcrumb\",\"itemListElement\":[{\"@type\":\"ListItem\",\"position\":1,\"name\":\"S\u0101kums\",\"item\":\"https:\\\/\\\/mmkriepas.lv\\\/en\\\/\"},{\"@type\":\"ListItem\",\"position\":2,\"name\":\"205\\\/65R16C Royal Black Royal Commercial 107\\\/105T\"}]},{\"@type\":\"WebSite\",\"@id\":\"https:\\\/\\\/mmkriepas.lv\\\/en\\\/#website\",\"url\":\"https:\\\/\\\/mmkriepas.lv\\\/en\\\/\",\"name\":\"MMK Riepas\",\"description\":\"MMK Riepas\",\"alternateName\":\"MMK Riepu Serviss\",\"potentialAction\":[{\"@type\":\"SearchAction\",\"target\":{\"@type\":\"EntryPoint\",\"urlTemplate\":\"https:\\\/\\\/mmkriepas.lv\\\/en\\\/?s={search_term_string}\"},\"query-input\":{\"@type\":\"PropertyValueSpecification\",\"valueRequired\":true,\"valueName\":\"search_term_string\"}}],\"inLanguage\":\"en-US\"},{\"@type\":\"ImageObject\",\"inLanguage\":\"en-US\",\"@id\":\"https:\\\/\\\/mmkriepas.lv\\\/en\\\/p\\\/205-65r16c-royal-black-royal-commercial-107-105t\\\/#local-main-organization-logo\",\"url\":\"\",\"contentUrl\":\"\",\"caption\":\"MMK Riepas\"}]}<\/script>\n<meta property=\"product:brand\" content=\"Royal Black Royal Commercial\" \/>\n<meta property=\"product:price:amount\" content=\"59.00\" \/>\n<meta property=\"product:price:currency\" content=\"EUR\" \/>\n<meta property=\"og:availability\" content=\"out of stock\" \/>\n<meta property=\"product:availability\" content=\"out of stock\" \/>\n<meta property=\"product:retailer_item_id\" content=\"TS2056516CROYAL-271\" \/>\n<meta property=\"product:condition\" content=\"new\" \/>\n<!-- \/ Yoast SEO Premium plugin. -->","yoast_head_json":{"title":"205\/65R16C Royal Black Royal Commercial 107\/105T &#8226; MMK Riepas","description":"Paaugstin\u0101tas slodzes vasaras komerctransporta riepu modelis. Izce\u013cas ar augstu veiktsp\u0113ju gan uz asfalta, gan grants ce\u013ciem.","robots":{"index":"index","follow":"follow","max-snippet":"max-snippet:-1","max-image-preview":"max-image-preview:large","max-video-preview":"max-video-preview:-1"},"canonical":"https:\/\/mmkriepas.lv\/en\/p\/205-65r16c-royal-black-royal-commercial-107-105t\/","og_locale":"en_US","og_type":"article","og_title":"205\/65R16C Royal Black Royal Commercial 107\/105T","og_description":"Paaugstin\u0101tas slodzes vasaras komerctransporta riepu modelis. Izce\u013cas ar augstu veiktsp\u0113ju gan uz asfalta, gan grants ce\u013ciem.","og_url":"https:\/\/mmkriepas.lv\/en\/p\/205-65r16c-royal-black-royal-commercial-107-105t\/","og_site_name":"MMK Riepas","article_publisher":"https:\/\/www.facebook.com\/mmkserviss\/","article_modified_time":"2025-03-07T14:46:40+00:00","og_image":[{"width":1920,"height":1278,"url":"https:\/\/mmkriepas.lv\/wp-content\/uploads\/2022\/07\/20565r16c-royal-black-royal-commercial-107105t-vasaras-riepas.jpeg","type":"image\/jpeg"}],"twitter_card":"summary_large_image","twitter_misc":{"Price":"&euro;59.00","Availability":"Out of stock"},"schema":{"@context":"https:\/\/schema.org","@graph":[{"@type":"WebPage","@id":"https:\/\/mmkriepas.lv\/en\/p\/205-65r16c-royal-black-royal-commercial-107-105t\/","url":"https:\/\/mmkriepas.lv\/en\/p\/205-65r16c-royal-black-royal-commercial-107-105t\/","name":"205\/65R16C Royal Black Royal Commercial 107\/105T &#8226; MMK Riepas","isPartOf":{"@id":"https:\/\/mmkriepas.lv\/en\/#website"},"primaryImageOfPage":{"@id":"https:\/\/mmkriepas.lv\/en\/p\/205-65r16c-royal-black-royal-commercial-107-105t\/#primaryimage"},"image":{"@id":"https:\/\/mmkriepas.lv\/en\/p\/205-65r16c-royal-black-royal-commercial-107-105t\/#primaryimage"},"thumbnailUrl":"https:\/\/mmkriepas.lv\/wp-content\/uploads\/2022\/07\/20565r16c-royal-black-royal-commercial-107105t-vasaras-riepas.jpeg","datePublished":"2022-04-05T11:02:51+00:00","dateModified":"2025-03-07T14:46:40+00:00","description":"Paaugstin\u0101tas slodzes vasaras komerctransporta riepu modelis. Izce\u013cas ar augstu veiktsp\u0113ju gan uz asfalta, gan grants ce\u013ciem.","breadcrumb":{"@id":"https:\/\/mmkriepas.lv\/en\/p\/205-65r16c-royal-black-royal-commercial-107-105t\/#breadcrumb"},"inLanguage":"en-US","potentialAction":[{"@type":"ReadAction","target":["https:\/\/mmkriepas.lv\/en\/p\/205-65r16c-royal-black-royal-commercial-107-105t\/"]}]},{"@type":"ImageObject","inLanguage":"en-US","@id":"https:\/\/mmkriepas.lv\/en\/p\/205-65r16c-royal-black-royal-commercial-107-105t\/#primaryimage","url":"https:\/\/mmkriepas.lv\/wp-content\/uploads\/2022\/07\/20565r16c-royal-black-royal-commercial-107105t-vasaras-riepas.jpeg","contentUrl":"https:\/\/mmkriepas.lv\/wp-content\/uploads\/2022\/07\/20565r16c-royal-black-royal-commercial-107105t-vasaras-riepas.jpeg","width":1920,"height":1278,"caption":"205\/65R16C Royal Black Royal Commercial 107\/105T - Vasaras riepas"},{"@type":"BreadcrumbList","@id":"https:\/\/mmkriepas.lv\/en\/p\/205-65r16c-royal-black-royal-commercial-107-105t\/#breadcrumb","itemListElement":[{"@type":"ListItem","position":1,"name":"S\u0101kums","item":"https:\/\/mmkriepas.lv\/en\/"},{"@type":"ListItem","position":2,"name":"205\/65R16C Royal Black Royal Commercial 107\/105T"}]},{"@type":"WebSite","@id":"https:\/\/mmkriepas.lv\/en\/#website","url":"https:\/\/mmkriepas.lv\/en\/","name":"MMK Riepas","description":"MMK Riepas","alternateName":"MMK Riepu Serviss","potentialAction":[{"@type":"SearchAction","target":{"@type":"EntryPoint","urlTemplate":"https:\/\/mmkriepas.lv\/en\/?s={search_term_string}"},"query-input":{"@type":"PropertyValueSpecification","valueRequired":true,"valueName":"search_term_string"}}],"inLanguage":"en-US"},{"@type":"ImageObject","inLanguage":"en-US","@id":"https:\/\/mmkriepas.lv\/en\/p\/205-65r16c-royal-black-royal-commercial-107-105t\/#local-main-organization-logo","url":"","contentUrl":"","caption":"MMK Riepas"}]},"product_brand":"Royal Black Royal Commercial","product_price_amount":"59.00","product_price_currency":"EUR","og_availability":"out of stock","product_availability":"out of stock","product_retailer_item_id":"TS2056516CROYAL-271","product_condition":"new"},"_links":{"self":[{"href":"https:\/\/mmkriepas.lv\/en\/wp-json\/wp\/v2\/product\/229548","targetHints":{"allow":["GET"]}}],"collection":[{"href":"https:\/\/mmkriepas.lv\/en\/wp-json\/wp\/v2\/product"}],"about":[{"href":"https:\/\/mmkriepas.lv\/en\/wp-json\/wp\/v2\/types\/product"}],"wp:featuredmedia":[{"embeddable":true,"href":"https:\/\/mmkriepas.lv\/en\/wp-json\/wp\/v2\/media\/237261"}],"wp:attachment":[{"href":"https:\/\/mmkriepas.lv\/en\/wp-json\/wp\/v2\/media?parent=229548"}],"wp:term":[{"taxonomy":"product_brand","embeddable":true,"href":"https:\/\/mmkriepas.lv\/en\/wp-json\/wp\/v2\/product_brand?post=229548"},{"taxonomy":"product_cat","embeddable":true,"href":"https:\/\/mmkriepas.lv\/en\/wp-json\/wp\/v2\/product_cat?post=229548"},{"taxonomy":"product_tag","embeddable":true,"href":"https:\/\/mmkriepas.lv\/en\/wp-json\/wp\/v2\/product_tag?post=229548"}],"curies":[{"name":"wp","href":"https:\/\/api.w.org\/{rel}","templated":true}]}}