{"id":229117,"date":"2022-04-01T11:22:46","date_gmt":"2022-04-01T08:22:46","guid":{"rendered":"https:\/\/mmkserviss.lv\/?post_type=product&#038;p=229117"},"modified":"2025-03-07T16:44:04","modified_gmt":"2025-03-07T14:44:04","slug":"195-65r15-profil-pro-sport-2-91h","status":"publish","type":"product","link":"https:\/\/mmkriepas.lv\/en\/p\/195-65r15-profil-pro-sport-2-91h\/","title":{"rendered":"195\/65R15 Profil Pro Sport 2 91H"},"content":{"rendered":"<h2>Vasaras riepas Profil Pro Sport 2 (Atjaunotas)<\/h2>\n<p>Atjaunotas vasaras riepas ar asimetrisku protektora rakstu, nodro\u0161in\u0101s labu vad\u0101m\u012bbu uz da\u017e\u0101diem ce\u013ca segumiem.<\/p>\n<p>Riepu ra\u017eot\u0101js un modelis:<strong> Profil Pro Sport 2&nbsp;<\/strong><\/p>\n<p><strong>Profil Pro Sport 2 <\/strong>riepu \u012bpa\u0161\u012bbas:<br \/>\n+ sal\u012bdzino\u0161i zems degvielas pat\u0113ri\u0146\u0161<br \/>\n+ augsta triecieniztur\u012bba<br \/>\n+ disku aizsargmala<br \/>\n+ Labi vad\u0101m\u012bbas r\u0101d\u012bt\u0101ji<br \/>\n+ sal\u012bdzino\u0161i klusas riepas<\/p>\n","protected":false},"excerpt":{"rendered":"<p>Vasaras riepas Profil Pro Sport 2 (Atjaunotas) Atjaunotas vasaras riepas ar asimetrisku protektora rakstu, nodro\u0161in\u0101s labu vad\u0101m\u012bbu uz da\u017e\u0101diem ce\u013ca segumiem. Riepu ra\u017eot\u0101js un modelis: Profil Pro Sport 2&nbsp; Profil<\/p>\n","protected":false},"featured_media":229135,"template":"","meta":{"_acf_changed":false,"ngg_post_thumbnail":0},"product_brand":[],"product_cat":[46],"product_tag":[],"class_list":{"0":"post-229117","1":"product","2":"type-product","3":"status-publish","4":"has-post-thumbnail","6":"product_cat-vasaras-riepas","8":"first","9":"outofstock","10":"sale","11":"taxable","12":"shipping-taxable","13":"product-type-simple"},"acf":[],"yoast_head":"<!-- This site is optimized with the Yoast SEO Premium plugin v22.6 (Yoast SEO v27.3) - https:\/\/yoast.com\/product\/yoast-seo-premium-wordpress\/ -->\n<title>195\/65R15 Profil Pro Sport 2 91H &#8226; MMK Riepas<\/title>\n<meta name=\"robots\" content=\"index, follow, max-snippet:-1, max-image-preview:large, max-video-preview:-1\" \/>\n<link rel=\"canonical\" href=\"https:\/\/mmkriepas.lv\/en\/p\/195-65r15-profil-pro-sport-2-91h\/\" \/>\n<meta property=\"og:locale\" content=\"en_US\" \/>\n<meta property=\"og:type\" content=\"article\" \/>\n<meta property=\"og:title\" content=\"195\/65R15 Profil Pro Sport 2 91H\" \/>\n<meta property=\"og:description\" content=\"Vasaras riepas Profil Pro Sport 2 (Atjaunotas) Atjaunotas vasaras riepas ar asimetrisku protektora rakstu, nodro\u0161in\u0101s labu vad\u0101m\u012bbu uz da\u017e\u0101diem ce\u013ca segumiem. Riepu ra\u017eot\u0101js un modelis: Profil Pro Sport 2&nbsp; Profil\" \/>\n<meta property=\"og:url\" content=\"https:\/\/mmkriepas.lv\/en\/p\/195-65r15-profil-pro-sport-2-91h\/\" \/>\n<meta property=\"og:site_name\" content=\"MMK Riepas\" \/>\n<meta property=\"article:publisher\" content=\"https:\/\/www.facebook.com\/mmkserviss\/\" \/>\n<meta property=\"article:modified_time\" content=\"2025-03-07T14:44:04+00:00\" \/>\n<meta property=\"og:image\" content=\"https:\/\/mmkriepas.lv\/wp-content\/uploads\/2022\/04\/19565r15-profil-pro-sport-2-91h-vasaras-riepas.jpeg\" \/>\n\t<meta property=\"og:image:width\" content=\"1600\" \/>\n\t<meta property=\"og:image:height\" content=\"1200\" \/>\n\t<meta property=\"og:image:type\" content=\"image\/jpeg\" \/>\n<meta name=\"twitter:card\" content=\"summary_large_image\" \/>\n<meta name=\"twitter:label1\" content=\"Price\" \/>\n\t<meta name=\"twitter:data1\" content=\"&euro;27.00\" \/>\n\t<meta name=\"twitter:label2\" content=\"Availability\" \/>\n\t<meta name=\"twitter:data2\" content=\"Out of stock\" \/>\n<script type=\"application\/ld+json\" class=\"yoast-schema-graph\">{\"@context\":\"https:\\\/\\\/schema.org\",\"@graph\":[{\"@type\":\"WebPage\",\"@id\":\"https:\\\/\\\/mmkriepas.lv\\\/en\\\/p\\\/195-65r15-profil-pro-sport-2-91h\\\/\",\"url\":\"https:\\\/\\\/mmkriepas.lv\\\/en\\\/p\\\/195-65r15-profil-pro-sport-2-91h\\\/\",\"name\":\"195\\\/65R15 Profil Pro Sport 2 91H &#8226; MMK Riepas\",\"isPartOf\":{\"@id\":\"https:\\\/\\\/mmkriepas.lv\\\/en\\\/#website\"},\"primaryImageOfPage\":{\"@id\":\"https:\\\/\\\/mmkriepas.lv\\\/en\\\/p\\\/195-65r15-profil-pro-sport-2-91h\\\/#primaryimage\"},\"image\":{\"@id\":\"https:\\\/\\\/mmkriepas.lv\\\/en\\\/p\\\/195-65r15-profil-pro-sport-2-91h\\\/#primaryimage\"},\"thumbnailUrl\":\"https:\\\/\\\/mmkriepas.lv\\\/wp-content\\\/uploads\\\/2022\\\/04\\\/19565r15-profil-pro-sport-2-91h-vasaras-riepas.jpeg\",\"datePublished\":\"2022-04-01T08:22:46+00:00\",\"dateModified\":\"2025-03-07T14:44:04+00:00\",\"breadcrumb\":{\"@id\":\"https:\\\/\\\/mmkriepas.lv\\\/en\\\/p\\\/195-65r15-profil-pro-sport-2-91h\\\/#breadcrumb\"},\"inLanguage\":\"en-US\",\"potentialAction\":[{\"@type\":\"ReadAction\",\"target\":[\"https:\\\/\\\/mmkriepas.lv\\\/en\\\/p\\\/195-65r15-profil-pro-sport-2-91h\\\/\"]}]},{\"@type\":\"ImageObject\",\"inLanguage\":\"en-US\",\"@id\":\"https:\\\/\\\/mmkriepas.lv\\\/en\\\/p\\\/195-65r15-profil-pro-sport-2-91h\\\/#primaryimage\",\"url\":\"https:\\\/\\\/mmkriepas.lv\\\/wp-content\\\/uploads\\\/2022\\\/04\\\/19565r15-profil-pro-sport-2-91h-vasaras-riepas.jpeg\",\"contentUrl\":\"https:\\\/\\\/mmkriepas.lv\\\/wp-content\\\/uploads\\\/2022\\\/04\\\/19565r15-profil-pro-sport-2-91h-vasaras-riepas.jpeg\",\"width\":1600,\"height\":1200,\"caption\":\"195\\\/65R15 Profil Pro Sport 2 91H - Vasaras riepas\"},{\"@type\":\"BreadcrumbList\",\"@id\":\"https:\\\/\\\/mmkriepas.lv\\\/en\\\/p\\\/195-65r15-profil-pro-sport-2-91h\\\/#breadcrumb\",\"itemListElement\":[{\"@type\":\"ListItem\",\"position\":1,\"name\":\"S\u0101kums\",\"item\":\"https:\\\/\\\/mmkriepas.lv\\\/en\\\/\"},{\"@type\":\"ListItem\",\"position\":2,\"name\":\"195\\\/65R15 Profil Pro Sport 2 91H\"}]},{\"@type\":\"WebSite\",\"@id\":\"https:\\\/\\\/mmkriepas.lv\\\/en\\\/#website\",\"url\":\"https:\\\/\\\/mmkriepas.lv\\\/en\\\/\",\"name\":\"MMK Riepas\",\"description\":\"MMK Riepas\",\"alternateName\":\"MMK Riepu Serviss\",\"potentialAction\":[{\"@type\":\"SearchAction\",\"target\":{\"@type\":\"EntryPoint\",\"urlTemplate\":\"https:\\\/\\\/mmkriepas.lv\\\/en\\\/?s={search_term_string}\"},\"query-input\":{\"@type\":\"PropertyValueSpecification\",\"valueRequired\":true,\"valueName\":\"search_term_string\"}}],\"inLanguage\":\"en-US\"},{\"@type\":\"ImageObject\",\"inLanguage\":\"en-US\",\"@id\":\"https:\\\/\\\/mmkriepas.lv\\\/en\\\/p\\\/195-65r15-profil-pro-sport-2-91h\\\/#local-main-organization-logo\",\"url\":\"\",\"contentUrl\":\"\",\"caption\":\"MMK Riepas\"}]}<\/script>\n<meta property=\"product:brand\" content=\"Profil Pro Sport 2\" \/>\n<meta property=\"product:price:amount\" content=\"27.00\" \/>\n<meta property=\"product:price:currency\" content=\"EUR\" \/>\n<meta property=\"og:availability\" content=\"out of stock\" \/>\n<meta property=\"product:availability\" content=\"out of stock\" \/>\n<meta property=\"product:retailer_item_id\" content=\"TS1956515PROFI-153\" \/>\n<meta property=\"product:condition\" content=\"new\" \/>\n<!-- \/ Yoast SEO Premium plugin. -->","yoast_head_json":{"title":"195\/65R15 Profil Pro Sport 2 91H &#8226; MMK Riepas","robots":{"index":"index","follow":"follow","max-snippet":"max-snippet:-1","max-image-preview":"max-image-preview:large","max-video-preview":"max-video-preview:-1"},"canonical":"https:\/\/mmkriepas.lv\/en\/p\/195-65r15-profil-pro-sport-2-91h\/","og_locale":"en_US","og_type":"article","og_title":"195\/65R15 Profil Pro Sport 2 91H","og_description":"Vasaras riepas Profil Pro Sport 2 (Atjaunotas) Atjaunotas vasaras riepas ar asimetrisku protektora rakstu, nodro\u0161in\u0101s labu vad\u0101m\u012bbu uz da\u017e\u0101diem ce\u013ca segumiem. Riepu ra\u017eot\u0101js un modelis: Profil Pro Sport 2&nbsp; Profil","og_url":"https:\/\/mmkriepas.lv\/en\/p\/195-65r15-profil-pro-sport-2-91h\/","og_site_name":"MMK Riepas","article_publisher":"https:\/\/www.facebook.com\/mmkserviss\/","article_modified_time":"2025-03-07T14:44:04+00:00","og_image":[{"width":1600,"height":1200,"url":"https:\/\/mmkriepas.lv\/wp-content\/uploads\/2022\/04\/19565r15-profil-pro-sport-2-91h-vasaras-riepas.jpeg","type":"image\/jpeg"}],"twitter_card":"summary_large_image","twitter_misc":{"Price":"&euro;27.00","Availability":"Out of stock"},"schema":{"@context":"https:\/\/schema.org","@graph":[{"@type":"WebPage","@id":"https:\/\/mmkriepas.lv\/en\/p\/195-65r15-profil-pro-sport-2-91h\/","url":"https:\/\/mmkriepas.lv\/en\/p\/195-65r15-profil-pro-sport-2-91h\/","name":"195\/65R15 Profil Pro Sport 2 91H &#8226; MMK Riepas","isPartOf":{"@id":"https:\/\/mmkriepas.lv\/en\/#website"},"primaryImageOfPage":{"@id":"https:\/\/mmkriepas.lv\/en\/p\/195-65r15-profil-pro-sport-2-91h\/#primaryimage"},"image":{"@id":"https:\/\/mmkriepas.lv\/en\/p\/195-65r15-profil-pro-sport-2-91h\/#primaryimage"},"thumbnailUrl":"https:\/\/mmkriepas.lv\/wp-content\/uploads\/2022\/04\/19565r15-profil-pro-sport-2-91h-vasaras-riepas.jpeg","datePublished":"2022-04-01T08:22:46+00:00","dateModified":"2025-03-07T14:44:04+00:00","breadcrumb":{"@id":"https:\/\/mmkriepas.lv\/en\/p\/195-65r15-profil-pro-sport-2-91h\/#breadcrumb"},"inLanguage":"en-US","potentialAction":[{"@type":"ReadAction","target":["https:\/\/mmkriepas.lv\/en\/p\/195-65r15-profil-pro-sport-2-91h\/"]}]},{"@type":"ImageObject","inLanguage":"en-US","@id":"https:\/\/mmkriepas.lv\/en\/p\/195-65r15-profil-pro-sport-2-91h\/#primaryimage","url":"https:\/\/mmkriepas.lv\/wp-content\/uploads\/2022\/04\/19565r15-profil-pro-sport-2-91h-vasaras-riepas.jpeg","contentUrl":"https:\/\/mmkriepas.lv\/wp-content\/uploads\/2022\/04\/19565r15-profil-pro-sport-2-91h-vasaras-riepas.jpeg","width":1600,"height":1200,"caption":"195\/65R15 Profil Pro Sport 2 91H - Vasaras riepas"},{"@type":"BreadcrumbList","@id":"https:\/\/mmkriepas.lv\/en\/p\/195-65r15-profil-pro-sport-2-91h\/#breadcrumb","itemListElement":[{"@type":"ListItem","position":1,"name":"S\u0101kums","item":"https:\/\/mmkriepas.lv\/en\/"},{"@type":"ListItem","position":2,"name":"195\/65R15 Profil Pro Sport 2 91H"}]},{"@type":"WebSite","@id":"https:\/\/mmkriepas.lv\/en\/#website","url":"https:\/\/mmkriepas.lv\/en\/","name":"MMK Riepas","description":"MMK Riepas","alternateName":"MMK Riepu Serviss","potentialAction":[{"@type":"SearchAction","target":{"@type":"EntryPoint","urlTemplate":"https:\/\/mmkriepas.lv\/en\/?s={search_term_string}"},"query-input":{"@type":"PropertyValueSpecification","valueRequired":true,"valueName":"search_term_string"}}],"inLanguage":"en-US"},{"@type":"ImageObject","inLanguage":"en-US","@id":"https:\/\/mmkriepas.lv\/en\/p\/195-65r15-profil-pro-sport-2-91h\/#local-main-organization-logo","url":"","contentUrl":"","caption":"MMK Riepas"}]},"product_brand":"Profil Pro Sport 2","product_price_amount":"27.00","product_price_currency":"EUR","og_availability":"out of stock","product_availability":"out of stock","product_retailer_item_id":"TS1956515PROFI-153","product_condition":"new"},"_links":{"self":[{"href":"https:\/\/mmkriepas.lv\/en\/wp-json\/wp\/v2\/product\/229117","targetHints":{"allow":["GET"]}}],"collection":[{"href":"https:\/\/mmkriepas.lv\/en\/wp-json\/wp\/v2\/product"}],"about":[{"href":"https:\/\/mmkriepas.lv\/en\/wp-json\/wp\/v2\/types\/product"}],"wp:featuredmedia":[{"embeddable":true,"href":"https:\/\/mmkriepas.lv\/en\/wp-json\/wp\/v2\/media\/229135"}],"wp:attachment":[{"href":"https:\/\/mmkriepas.lv\/en\/wp-json\/wp\/v2\/media?parent=229117"}],"wp:term":[{"taxonomy":"product_brand","embeddable":true,"href":"https:\/\/mmkriepas.lv\/en\/wp-json\/wp\/v2\/product_brand?post=229117"},{"taxonomy":"product_cat","embeddable":true,"href":"https:\/\/mmkriepas.lv\/en\/wp-json\/wp\/v2\/product_cat?post=229117"},{"taxonomy":"product_tag","embeddable":true,"href":"https:\/\/mmkriepas.lv\/en\/wp-json\/wp\/v2\/product_tag?post=229117"}],"curies":[{"name":"wp","href":"https:\/\/api.w.org\/{rel}","templated":true}]}}