{"id":227062,"date":"2022-03-19T09:29:12","date_gmt":"2022-03-19T07:29:12","guid":{"rendered":"https:\/\/mmkserviss.lv\/?post_type=product&#038;p=227062"},"modified":"2025-10-16T23:26:08","modified_gmt":"2025-10-16T20:26:08","slug":"225-40r18-pirelli-powergy-92y-xl","status":"publish","type":"product","link":"https:\/\/mmkriepas.lv\/en\/p\/225-40r18-pirelli-powergy-92y-xl\/","title":{"rendered":"225\/40R18 Pirelli POWERGY 92Y XL FSL"},"content":{"rendered":"<p><b><span>Pirelli POWERGY<\/span><\/b><span>\u00a0\u2013 premium klases vasaras riepu modelis, kas izce\u013cas ar izcil\u0101m sa\u0137eres, manevr\u0113tsp\u0113jas un brauk\u0161anas komforta \u012bpa\u0161\u012bb\u0101m. \u0160is riepu modelis pieejams pla\u0161\u0101 izm\u0113ru kl\u0101st\u0101 \u2013 no kompaktklases, l\u012bdz pat apvidus auto izm\u0113ros.<\/span><o:p><\/o:p><\/p>\n<h3><span>Pirelli POWERGY galven\u0101s \u012bpa\u0161\u012bbas<\/span><o:p><\/o:p><\/h3>\n<p><span>+ \u012apa\u0161i izstr\u0101d\u0101ts gumijas sakaus\u0113jums, kas absorb\u0113 mitrumu un uzlabo riepu sa\u0137eri ar slapju un sausu asfaltu.<\/span><o:p><\/o:p><\/p>\n<p><span>+ Papla\u0161in\u0101ti gareniskie dren\u0101\u017eas kan\u0101li, agres\u012bvais le\u0146\u0137is un virziens pret \u0161\u0137\u0113rsenisko dren\u0101\u017eas elementu kust\u012bbu l\u012bdz minimumam samazina akvaplan\u0113\u0161anas risku.<\/span><o:p><\/o:p><\/p>\n<p><span>+ Spuras formas lameles samazina troksni un nodro\u0161ina riepai stabil\u0101ku gaitu.<\/span><o:p><\/o:p><\/p>\n<p><span>+ Izcilas akustisk\u0101 un brauk\u0161anas komforta \u012bpa\u0161\u012bbas.<\/span><o:p><\/o:p><\/p>\n<h3><span>POWERGY apr\u012bkojums<\/span><o:p><\/o:p><\/h3>\n<p><b><span>Pirelli POWERGY <\/span><\/b><span>asimetriskais protektors izgatavots no gumijas mais\u012bjuma uz sil\u012bcija dioks\u012bda b\u0101zes.\u00a0 Turkl\u0101t, tas satur \u012bpa\u0161us polim\u0113rus. Ar to pal\u012bdz\u012bbu gumijas savienojumam molekul\u0101r\u0101 l\u012bmen\u012b ir augsta stiepes iztur\u012bba un sa\u0137eres \u012bpa\u0161\u012bbas, neatkar\u012bgi no brauk\u0161anas \u0101truma un riepas temperat\u016bras. Tas iev\u0113rojami palielina riepu ilgtsp\u0113j\u012bbu un samazina rites pretest\u012bbu.<\/span><o:p><\/o:p><\/p>\n<p><span>Samazin\u0101tu akvaplan\u0113\u0161anas risku nodro\u0161ina vair\u0101kas \u012bpa\u0161\u012bbas t\u0101s protektora dizain\u0101 vienlaikus. Viena no t\u0101m ir platum\u0101 papla\u0161in\u0101tie dren\u0101\u017eas kan\u0101li. Tie gandr\u012bz acumirkl\u012b no\u0146em pat \u013coti lielu \u016bdens daudzumu no kontakta virsmas ar ce\u013cu.\u00a0<\/span><\/p>\n","protected":false},"excerpt":{"rendered":"<p><b><span>Pirelli POWERGY<\/span><\/b><span>\u00a0\u2013 premium klases vasaras riepu modelis, kas izce\u013cas ar izcil\u0101m sa\u0137eres, manevr\u0113tsp\u0113jas un brauk\u0161anas komforta \u012bpa\u0161\u012bb\u0101m. \u0160is riepu modelis pieejams pla\u0161\u0101 izm\u0113ru kl\u0101st\u0101 \u2013 no kompaktklases, l\u012bdz pat apvidus auto izm\u0113ros.<\/span><\/p>\n","protected":false},"featured_media":865897,"template":"","meta":{"_acf_changed":false,"ngg_post_thumbnail":0},"product_brand":[],"product_cat":[46],"product_tag":[],"class_list":{"0":"post-227062","1":"product","2":"type-product","3":"status-publish","4":"has-post-thumbnail","6":"product_cat-vasaras-riepas","8":"first","9":"outofstock","10":"sale","11":"taxable","12":"shipping-taxable","13":"product-type-simple"},"acf":[],"yoast_head":"<!-- This site is optimized with the Yoast SEO Premium plugin v22.6 (Yoast SEO v27.3) - https:\/\/yoast.com\/product\/yoast-seo-premium-wordpress\/ -->\n<title>225\/40R18 Pirelli POWERGY 92Y XL FSL &#8226; MMK Riepas<\/title>\n<meta name=\"description\" content=\"Pirelli Powergy - premium klases vasaras riepu modelis. Pieejams pla\u0161\u0101 izm\u0113ru kl\u0101st\u0101 - no kompaktklases, l\u012bdz pat apvidus auto.\" \/>\n<meta name=\"robots\" content=\"index, follow, max-snippet:-1, max-image-preview:large, max-video-preview:-1\" \/>\n<link rel=\"canonical\" href=\"https:\/\/mmkriepas.lv\/en\/p\/225-40r18-pirelli-powergy-92y-xl\/\" \/>\n<meta property=\"og:locale\" content=\"en_US\" \/>\n<meta property=\"og:type\" content=\"article\" \/>\n<meta property=\"og:title\" content=\"225\/40R18 Pirelli POWERGY 92Y XL FSL\" \/>\n<meta property=\"og:description\" content=\"Pirelli Powergy - premium klases vasaras riepu modelis. Pieejams pla\u0161\u0101 izm\u0113ru kl\u0101st\u0101 - no kompaktklases, l\u012bdz pat apvidus auto.\" \/>\n<meta property=\"og:url\" content=\"https:\/\/mmkriepas.lv\/en\/p\/225-40r18-pirelli-powergy-92y-xl\/\" \/>\n<meta property=\"og:site_name\" content=\"MMK Riepas\" \/>\n<meta property=\"article:publisher\" content=\"https:\/\/www.facebook.com\/mmkserviss\/\" \/>\n<meta property=\"article:modified_time\" content=\"2025-10-16T20:26:08+00:00\" \/>\n<meta property=\"og:image\" content=\"https:\/\/mmkriepas.lv\/wp-content\/uploads\/2024\/02\/22545r17-pirelli-powergy-94y-xl-fsl-vasaras-riepas.jpg\" \/>\n\t<meta property=\"og:image:width\" content=\"1920\" \/>\n\t<meta property=\"og:image:height\" content=\"1278\" \/>\n\t<meta property=\"og:image:type\" content=\"image\/jpeg\" \/>\n<meta name=\"twitter:card\" content=\"summary_large_image\" \/>\n<meta name=\"twitter:label1\" content=\"Price\" \/>\n\t<meta name=\"twitter:data1\" content=\"&euro;99.00\" \/>\n\t<meta name=\"twitter:label2\" content=\"Availability\" \/>\n\t<meta name=\"twitter:data2\" content=\"Out of stock\" \/>\n<script type=\"application\/ld+json\" class=\"yoast-schema-graph\">{\"@context\":\"https:\\\/\\\/schema.org\",\"@graph\":[{\"@type\":\"WebPage\",\"@id\":\"https:\\\/\\\/mmkriepas.lv\\\/en\\\/p\\\/225-40r18-pirelli-powergy-92y-xl\\\/\",\"url\":\"https:\\\/\\\/mmkriepas.lv\\\/en\\\/p\\\/225-40r18-pirelli-powergy-92y-xl\\\/\",\"name\":\"225\\\/40R18 Pirelli POWERGY 92Y XL FSL &#8226; MMK Riepas\",\"isPartOf\":{\"@id\":\"https:\\\/\\\/mmkriepas.lv\\\/en\\\/#website\"},\"primaryImageOfPage\":{\"@id\":\"https:\\\/\\\/mmkriepas.lv\\\/en\\\/p\\\/225-40r18-pirelli-powergy-92y-xl\\\/#primaryimage\"},\"image\":{\"@id\":\"https:\\\/\\\/mmkriepas.lv\\\/en\\\/p\\\/225-40r18-pirelli-powergy-92y-xl\\\/#primaryimage\"},\"thumbnailUrl\":\"https:\\\/\\\/mmkriepas.lv\\\/wp-content\\\/uploads\\\/2024\\\/02\\\/22545r17-pirelli-powergy-94y-xl-fsl-vasaras-riepas.jpg\",\"datePublished\":\"2022-03-19T07:29:12+00:00\",\"dateModified\":\"2025-10-16T20:26:08+00:00\",\"description\":\"Pirelli Powergy - premium klases vasaras riepu modelis. Pieejams pla\u0161\u0101 izm\u0113ru kl\u0101st\u0101 - no kompaktklases, l\u012bdz pat apvidus auto.\",\"breadcrumb\":{\"@id\":\"https:\\\/\\\/mmkriepas.lv\\\/en\\\/p\\\/225-40r18-pirelli-powergy-92y-xl\\\/#breadcrumb\"},\"inLanguage\":\"en-US\",\"potentialAction\":[{\"@type\":\"ReadAction\",\"target\":[\"https:\\\/\\\/mmkriepas.lv\\\/en\\\/p\\\/225-40r18-pirelli-powergy-92y-xl\\\/\"]}]},{\"@type\":\"ImageObject\",\"inLanguage\":\"en-US\",\"@id\":\"https:\\\/\\\/mmkriepas.lv\\\/en\\\/p\\\/225-40r18-pirelli-powergy-92y-xl\\\/#primaryimage\",\"url\":\"https:\\\/\\\/mmkriepas.lv\\\/wp-content\\\/uploads\\\/2024\\\/02\\\/22545r17-pirelli-powergy-94y-xl-fsl-vasaras-riepas.jpg\",\"contentUrl\":\"https:\\\/\\\/mmkriepas.lv\\\/wp-content\\\/uploads\\\/2024\\\/02\\\/22545r17-pirelli-powergy-94y-xl-fsl-vasaras-riepas.jpg\",\"width\":1920,\"height\":1278,\"caption\":\"MAIN\"},{\"@type\":\"BreadcrumbList\",\"@id\":\"https:\\\/\\\/mmkriepas.lv\\\/en\\\/p\\\/225-40r18-pirelli-powergy-92y-xl\\\/#breadcrumb\",\"itemListElement\":[{\"@type\":\"ListItem\",\"position\":1,\"name\":\"S\u0101kums\",\"item\":\"https:\\\/\\\/mmkriepas.lv\\\/en\\\/\"},{\"@type\":\"ListItem\",\"position\":2,\"name\":\"225\\\/40R18 Pirelli POWERGY 92Y XL FSL\"}]},{\"@type\":\"WebSite\",\"@id\":\"https:\\\/\\\/mmkriepas.lv\\\/en\\\/#website\",\"url\":\"https:\\\/\\\/mmkriepas.lv\\\/en\\\/\",\"name\":\"MMK Riepas\",\"description\":\"MMK Riepas\",\"alternateName\":\"MMK Riepu Serviss\",\"potentialAction\":[{\"@type\":\"SearchAction\",\"target\":{\"@type\":\"EntryPoint\",\"urlTemplate\":\"https:\\\/\\\/mmkriepas.lv\\\/en\\\/?s={search_term_string}\"},\"query-input\":{\"@type\":\"PropertyValueSpecification\",\"valueRequired\":true,\"valueName\":\"search_term_string\"}}],\"inLanguage\":\"en-US\"},{\"@type\":\"ImageObject\",\"inLanguage\":\"en-US\",\"@id\":\"https:\\\/\\\/mmkriepas.lv\\\/en\\\/p\\\/225-40r18-pirelli-powergy-92y-xl\\\/#local-main-organization-logo\",\"url\":\"\",\"contentUrl\":\"\",\"caption\":\"MMK Riepas\"}]}<\/script>\n<meta property=\"product:brand\" content=\"Pirelli POWERGY\" \/>\n<meta property=\"product:price:amount\" content=\"99.00\" \/>\n<meta property=\"product:price:currency\" content=\"EUR\" \/>\n<meta property=\"og:availability\" content=\"out of stock\" \/>\n<meta property=\"product:availability\" content=\"out of stock\" \/>\n<meta property=\"product:retailer_item_id\" content=\"TS2254018PIREL-24556\" \/>\n<meta property=\"product:condition\" content=\"new\" \/>\n<!-- \/ Yoast SEO Premium plugin. -->","yoast_head_json":{"title":"225\/40R18 Pirelli POWERGY 92Y XL FSL &#8226; MMK Riepas","description":"Pirelli Powergy - premium klases vasaras riepu modelis. Pieejams pla\u0161\u0101 izm\u0113ru kl\u0101st\u0101 - no kompaktklases, l\u012bdz pat apvidus auto.","robots":{"index":"index","follow":"follow","max-snippet":"max-snippet:-1","max-image-preview":"max-image-preview:large","max-video-preview":"max-video-preview:-1"},"canonical":"https:\/\/mmkriepas.lv\/en\/p\/225-40r18-pirelli-powergy-92y-xl\/","og_locale":"en_US","og_type":"article","og_title":"225\/40R18 Pirelli POWERGY 92Y XL FSL","og_description":"Pirelli Powergy - premium klases vasaras riepu modelis. Pieejams pla\u0161\u0101 izm\u0113ru kl\u0101st\u0101 - no kompaktklases, l\u012bdz pat apvidus auto.","og_url":"https:\/\/mmkriepas.lv\/en\/p\/225-40r18-pirelli-powergy-92y-xl\/","og_site_name":"MMK Riepas","article_publisher":"https:\/\/www.facebook.com\/mmkserviss\/","article_modified_time":"2025-10-16T20:26:08+00:00","og_image":[{"width":1920,"height":1278,"url":"https:\/\/mmkriepas.lv\/wp-content\/uploads\/2024\/02\/22545r17-pirelli-powergy-94y-xl-fsl-vasaras-riepas.jpg","type":"image\/jpeg"}],"twitter_card":"summary_large_image","twitter_misc":{"Price":"&euro;99.00","Availability":"Out of stock"},"schema":{"@context":"https:\/\/schema.org","@graph":[{"@type":"WebPage","@id":"https:\/\/mmkriepas.lv\/en\/p\/225-40r18-pirelli-powergy-92y-xl\/","url":"https:\/\/mmkriepas.lv\/en\/p\/225-40r18-pirelli-powergy-92y-xl\/","name":"225\/40R18 Pirelli POWERGY 92Y XL FSL &#8226; MMK Riepas","isPartOf":{"@id":"https:\/\/mmkriepas.lv\/en\/#website"},"primaryImageOfPage":{"@id":"https:\/\/mmkriepas.lv\/en\/p\/225-40r18-pirelli-powergy-92y-xl\/#primaryimage"},"image":{"@id":"https:\/\/mmkriepas.lv\/en\/p\/225-40r18-pirelli-powergy-92y-xl\/#primaryimage"},"thumbnailUrl":"https:\/\/mmkriepas.lv\/wp-content\/uploads\/2024\/02\/22545r17-pirelli-powergy-94y-xl-fsl-vasaras-riepas.jpg","datePublished":"2022-03-19T07:29:12+00:00","dateModified":"2025-10-16T20:26:08+00:00","description":"Pirelli Powergy - premium klases vasaras riepu modelis. Pieejams pla\u0161\u0101 izm\u0113ru kl\u0101st\u0101 - no kompaktklases, l\u012bdz pat apvidus auto.","breadcrumb":{"@id":"https:\/\/mmkriepas.lv\/en\/p\/225-40r18-pirelli-powergy-92y-xl\/#breadcrumb"},"inLanguage":"en-US","potentialAction":[{"@type":"ReadAction","target":["https:\/\/mmkriepas.lv\/en\/p\/225-40r18-pirelli-powergy-92y-xl\/"]}]},{"@type":"ImageObject","inLanguage":"en-US","@id":"https:\/\/mmkriepas.lv\/en\/p\/225-40r18-pirelli-powergy-92y-xl\/#primaryimage","url":"https:\/\/mmkriepas.lv\/wp-content\/uploads\/2024\/02\/22545r17-pirelli-powergy-94y-xl-fsl-vasaras-riepas.jpg","contentUrl":"https:\/\/mmkriepas.lv\/wp-content\/uploads\/2024\/02\/22545r17-pirelli-powergy-94y-xl-fsl-vasaras-riepas.jpg","width":1920,"height":1278,"caption":"MAIN"},{"@type":"BreadcrumbList","@id":"https:\/\/mmkriepas.lv\/en\/p\/225-40r18-pirelli-powergy-92y-xl\/#breadcrumb","itemListElement":[{"@type":"ListItem","position":1,"name":"S\u0101kums","item":"https:\/\/mmkriepas.lv\/en\/"},{"@type":"ListItem","position":2,"name":"225\/40R18 Pirelli POWERGY 92Y XL FSL"}]},{"@type":"WebSite","@id":"https:\/\/mmkriepas.lv\/en\/#website","url":"https:\/\/mmkriepas.lv\/en\/","name":"MMK Riepas","description":"MMK Riepas","alternateName":"MMK Riepu Serviss","potentialAction":[{"@type":"SearchAction","target":{"@type":"EntryPoint","urlTemplate":"https:\/\/mmkriepas.lv\/en\/?s={search_term_string}"},"query-input":{"@type":"PropertyValueSpecification","valueRequired":true,"valueName":"search_term_string"}}],"inLanguage":"en-US"},{"@type":"ImageObject","inLanguage":"en-US","@id":"https:\/\/mmkriepas.lv\/en\/p\/225-40r18-pirelli-powergy-92y-xl\/#local-main-organization-logo","url":"","contentUrl":"","caption":"MMK Riepas"}]},"product_brand":"Pirelli POWERGY","product_price_amount":"99.00","product_price_currency":"EUR","og_availability":"out of stock","product_availability":"out of stock","product_retailer_item_id":"TS2254018PIREL-24556","product_condition":"new"},"_links":{"self":[{"href":"https:\/\/mmkriepas.lv\/en\/wp-json\/wp\/v2\/product\/227062","targetHints":{"allow":["GET"]}}],"collection":[{"href":"https:\/\/mmkriepas.lv\/en\/wp-json\/wp\/v2\/product"}],"about":[{"href":"https:\/\/mmkriepas.lv\/en\/wp-json\/wp\/v2\/types\/product"}],"wp:featuredmedia":[{"embeddable":true,"href":"https:\/\/mmkriepas.lv\/en\/wp-json\/wp\/v2\/media\/865897"}],"wp:attachment":[{"href":"https:\/\/mmkriepas.lv\/en\/wp-json\/wp\/v2\/media?parent=227062"}],"wp:term":[{"taxonomy":"product_brand","embeddable":true,"href":"https:\/\/mmkriepas.lv\/en\/wp-json\/wp\/v2\/product_brand?post=227062"},{"taxonomy":"product_cat","embeddable":true,"href":"https:\/\/mmkriepas.lv\/en\/wp-json\/wp\/v2\/product_cat?post=227062"},{"taxonomy":"product_tag","embeddable":true,"href":"https:\/\/mmkriepas.lv\/en\/wp-json\/wp\/v2\/product_tag?post=227062"}],"curies":[{"name":"wp","href":"https:\/\/api.w.org\/{rel}","templated":true}]}}