{"id":224435,"date":"2022-03-09T09:49:32","date_gmt":"2022-03-09T07:49:32","guid":{"rendered":"https:\/\/mmkserviss.lv\/?post_type=product&#038;p=224435"},"modified":"2022-11-03T10:49:59","modified_gmt":"2022-11-03T08:49:59","slug":"235-60r16-royal-black-royal-comfort-100h","status":"publish","type":"product","link":"https:\/\/mmkriepas.lv\/en\/p\/235-60r16-royal-black-royal-comfort-100h\/","title":{"rendered":"235\/60R16 Royal Black Royal Comfort 100H"},"content":{"rendered":"<p><b>Royal Black Royal Comfort<\/b><span style=\"font-weight: 400;\"> &#8211; augstas veiktsp\u0113jas vasaras riepu modelis. Izce\u013cas ar augstiem sa\u0137eres r\u0101d\u012bt\u0101jiem gan uz sausa, gan slapja asfalta pat lielos brauk\u0161anas \u0101trumos, k\u0101 ar\u012b ar paaugstin\u0101tu brauk\u0161anas komfortu.<\/span><\/p>\n<h3><b>Royal Black Royal Comfort<\/b><\/h3>\n<p><span style=\"font-weight: 400;\">+ Izcila sa\u0137ere gan ar sausu, gan slapju asfalta virsmu.<\/span><\/p>\n<p><span style=\"font-weight: 400;\">+ Degvielas ekonomija.<\/span><\/p>\n<p><span style=\"font-weight: 400;\">+ Paaugstin\u0101ts akustiskais un gaitas komforts.<\/span><\/p>\n<p><span style=\"font-weight: 400;\">+ Zems akvaplan\u0113\u0161anas risks.<\/span><\/p>\n<p><span style=\"font-weight: 400;\">+ Paaugstin\u0101ta nodilumiztur\u012bba.<\/span><\/p>\n<p><span style=\"font-weight: 400;\">+ Viena no augst\u0101kaj\u0101m cenas un veiktsp\u0113jas attiec\u012bb\u0101m sav\u0101 klas\u0113.<\/span><\/p>\n<h3><b>Royal Comfort apr\u012bkojums<\/b><\/h3>\n<p><b>Royal Black Royal Comfort <\/b><span style=\"font-weight: 400;\">\u00a0vasaras riepas apr\u012bkotas ar asimetrisku protektora rakstu, kas papildin\u0101ts ar augsti att\u012bst\u012btu dren\u0101\u017eas jeb \u016bdens novadkal\u0101lu sist\u0113mu. Da\u017e\u0101da platuma un formas novadkan\u0101li \u013cauj efekt\u012bvi atbr\u012bvot riepu kontakta virsmu ar ce\u013cu no \u016bdens, b\u016btiski samazinot akvaplan\u0113\u0161anas risku pat liel\u0101 brauk\u0161anas \u0101trum\u0101.<\/span><\/p>\n<p><span style=\"font-weight: 400;\">Asimetriski izvietot\u0101s protektora virknes darin\u0101tas no augstv\u0113rt\u012bga kompoz\u012btmateri\u0101la. Tas papildin\u0101ts ar virkni elasrom\u0113ru, kas ne tikai uzlabo sa\u0137eri ar asfaltu, bet ar\u012b sl\u0101p\u0113 ska\u0146u un samazina rites pretest\u012bbu.<\/span><\/p><\/p>\n","protected":false},"excerpt":{"rendered":"<p><b>Royal Black Royal Comfort<\/b><span style=\"font-weight: 400;\"> &#8211; augstas veiktsp\u0113jas vasaras riepu modelis. Izce\u013cas ar augstiem sa\u0137eres r\u0101d\u012bt\u0101jiem gan uz sausa, gan slapja asfalta pat lielos brauk\u0161anas \u0101trumos, k\u0101 ar\u012b ar paaugstin\u0101tu brauk\u0161anas komfortu.<\/span><\/p>\n","protected":false},"featured_media":224495,"template":"","meta":{"_acf_changed":false,"ngg_post_thumbnail":0},"product_brand":[],"product_cat":[46],"product_tag":[19634],"class_list":{"0":"post-224435","1":"product","2":"type-product","3":"status-publish","4":"has-post-thumbnail","6":"product_cat-vasaras-riepas","7":"product_tag-mmk","9":"first","10":"instock","11":"sale","12":"taxable","13":"shipping-taxable","14":"product-type-simple"},"acf":[],"yoast_head":"<!-- This site is optimized with the Yoast SEO Premium plugin v22.6 (Yoast SEO v27.3) - https:\/\/yoast.com\/product\/yoast-seo-premium-wordpress\/ -->\n<title>235\/60R16 Royal Black Royal Comfort 100H &#8226; MMK Riepas<\/title>\n<meta name=\"description\" content=\"Royal Black Royal Comfort - augstas veiktsp\u0113jas vasaras riepu modelis. Izce\u013cas ar augstiem sa\u0137eres r\u0101d\u012bt\u0101jiem, k\u0101 ar\u012b ar paaugstin\u0101tu brauk\u0161anas komfortu.\" \/>\n<meta name=\"robots\" content=\"index, follow, max-snippet:-1, max-image-preview:large, max-video-preview:-1\" \/>\n<link rel=\"canonical\" href=\"https:\/\/mmkriepas.lv\/en\/p\/235-60r16-royal-black-royal-comfort-100h\/\" \/>\n<meta property=\"og:locale\" content=\"en_US\" \/>\n<meta property=\"og:type\" content=\"article\" \/>\n<meta property=\"og:title\" content=\"235\/60R16 Royal Black Royal Comfort 100H\" \/>\n<meta property=\"og:description\" content=\"Royal Black Royal Comfort - augstas veiktsp\u0113jas vasaras riepu modelis. Izce\u013cas ar augstiem sa\u0137eres r\u0101d\u012bt\u0101jiem, k\u0101 ar\u012b ar paaugstin\u0101tu brauk\u0161anas komfortu.\" \/>\n<meta property=\"og:url\" content=\"https:\/\/mmkriepas.lv\/en\/p\/235-60r16-royal-black-royal-comfort-100h\/\" \/>\n<meta property=\"og:site_name\" content=\"MMK Riepas\" \/>\n<meta property=\"article:publisher\" content=\"https:\/\/www.facebook.com\/mmkserviss\/\" \/>\n<meta property=\"article:modified_time\" content=\"2022-11-03T08:49:59+00:00\" \/>\n<meta property=\"og:image\" content=\"https:\/\/mmkriepas.lv\/wp-content\/uploads\/2022\/03\/21565r16-royal-black-royal-comfort-98h-vasaras-riepas.jpg\" \/>\n\t<meta property=\"og:image:width\" content=\"1920\" \/>\n\t<meta property=\"og:image:height\" content=\"1278\" \/>\n\t<meta property=\"og:image:type\" content=\"image\/jpeg\" \/>\n<meta name=\"twitter:card\" content=\"summary_large_image\" \/>\n<meta name=\"twitter:label1\" content=\"Price\" \/>\n\t<meta name=\"twitter:data1\" content=\"&euro;63.00\" \/>\n\t<meta name=\"twitter:label2\" content=\"Availability\" \/>\n\t<meta name=\"twitter:data2\" content=\"In stock\" \/>\n<script type=\"application\/ld+json\" class=\"yoast-schema-graph\">{\"@context\":\"https:\\\/\\\/schema.org\",\"@graph\":[{\"@type\":\"WebPage\",\"@id\":\"https:\\\/\\\/mmkriepas.lv\\\/en\\\/p\\\/235-60r16-royal-black-royal-comfort-100h\\\/\",\"url\":\"https:\\\/\\\/mmkriepas.lv\\\/en\\\/p\\\/235-60r16-royal-black-royal-comfort-100h\\\/\",\"name\":\"235\\\/60R16 Royal Black Royal Comfort 100H &#8226; MMK Riepas\",\"isPartOf\":{\"@id\":\"https:\\\/\\\/mmkriepas.lv\\\/en\\\/#website\"},\"primaryImageOfPage\":{\"@id\":\"https:\\\/\\\/mmkriepas.lv\\\/en\\\/p\\\/235-60r16-royal-black-royal-comfort-100h\\\/#primaryimage\"},\"image\":{\"@id\":\"https:\\\/\\\/mmkriepas.lv\\\/en\\\/p\\\/235-60r16-royal-black-royal-comfort-100h\\\/#primaryimage\"},\"thumbnailUrl\":\"https:\\\/\\\/mmkriepas.lv\\\/wp-content\\\/uploads\\\/2022\\\/03\\\/21565r16-royal-black-royal-comfort-98h-vasaras-riepas.jpg\",\"datePublished\":\"2022-03-09T07:49:32+00:00\",\"dateModified\":\"2022-11-03T08:49:59+00:00\",\"description\":\"Royal Black Royal Comfort - augstas veiktsp\u0113jas vasaras riepu modelis. Izce\u013cas ar augstiem sa\u0137eres r\u0101d\u012bt\u0101jiem, k\u0101 ar\u012b ar paaugstin\u0101tu brauk\u0161anas komfortu.\",\"breadcrumb\":{\"@id\":\"https:\\\/\\\/mmkriepas.lv\\\/en\\\/p\\\/235-60r16-royal-black-royal-comfort-100h\\\/#breadcrumb\"},\"inLanguage\":\"en-US\",\"potentialAction\":[{\"@type\":\"ReadAction\",\"target\":[\"https:\\\/\\\/mmkriepas.lv\\\/en\\\/p\\\/235-60r16-royal-black-royal-comfort-100h\\\/\"]}]},{\"@type\":\"ImageObject\",\"inLanguage\":\"en-US\",\"@id\":\"https:\\\/\\\/mmkriepas.lv\\\/en\\\/p\\\/235-60r16-royal-black-royal-comfort-100h\\\/#primaryimage\",\"url\":\"https:\\\/\\\/mmkriepas.lv\\\/wp-content\\\/uploads\\\/2022\\\/03\\\/21565r16-royal-black-royal-comfort-98h-vasaras-riepas.jpg\",\"contentUrl\":\"https:\\\/\\\/mmkriepas.lv\\\/wp-content\\\/uploads\\\/2022\\\/03\\\/21565r16-royal-black-royal-comfort-98h-vasaras-riepas.jpg\",\"width\":1920,\"height\":1278,\"caption\":\"royal black royalmile 8\"},{\"@type\":\"BreadcrumbList\",\"@id\":\"https:\\\/\\\/mmkriepas.lv\\\/en\\\/p\\\/235-60r16-royal-black-royal-comfort-100h\\\/#breadcrumb\",\"itemListElement\":[{\"@type\":\"ListItem\",\"position\":1,\"name\":\"S\u0101kums\",\"item\":\"https:\\\/\\\/mmkriepas.lv\\\/en\\\/\"},{\"@type\":\"ListItem\",\"position\":2,\"name\":\"235\\\/60R16 Royal Black Royal Comfort 100H\"}]},{\"@type\":\"WebSite\",\"@id\":\"https:\\\/\\\/mmkriepas.lv\\\/en\\\/#website\",\"url\":\"https:\\\/\\\/mmkriepas.lv\\\/en\\\/\",\"name\":\"MMK Riepas\",\"description\":\"MMK Riepas\",\"alternateName\":\"MMK Riepu Serviss\",\"potentialAction\":[{\"@type\":\"SearchAction\",\"target\":{\"@type\":\"EntryPoint\",\"urlTemplate\":\"https:\\\/\\\/mmkriepas.lv\\\/en\\\/?s={search_term_string}\"},\"query-input\":{\"@type\":\"PropertyValueSpecification\",\"valueRequired\":true,\"valueName\":\"search_term_string\"}}],\"inLanguage\":\"en-US\"},{\"@type\":\"ImageObject\",\"inLanguage\":\"en-US\",\"@id\":\"https:\\\/\\\/mmkriepas.lv\\\/en\\\/p\\\/235-60r16-royal-black-royal-comfort-100h\\\/#local-main-organization-logo\",\"url\":\"\",\"contentUrl\":\"\",\"caption\":\"MMK Riepas\"}]}<\/script>\n<meta property=\"product:brand\" content=\"Royal Black Royal Comfort\" \/>\n<meta property=\"product:price:amount\" content=\"63.00\" \/>\n<meta property=\"product:price:currency\" content=\"EUR\" \/>\n<meta property=\"og:availability\" content=\"instock\" \/>\n<meta property=\"product:availability\" content=\"instock\" \/>\n<meta property=\"product:condition\" content=\"new\" \/>\n<!-- \/ Yoast SEO Premium plugin. -->","yoast_head_json":{"title":"235\/60R16 Royal Black Royal Comfort 100H &#8226; MMK Riepas","description":"Royal Black Royal Comfort - augstas veiktsp\u0113jas vasaras riepu modelis. Izce\u013cas ar augstiem sa\u0137eres r\u0101d\u012bt\u0101jiem, k\u0101 ar\u012b ar paaugstin\u0101tu brauk\u0161anas komfortu.","robots":{"index":"index","follow":"follow","max-snippet":"max-snippet:-1","max-image-preview":"max-image-preview:large","max-video-preview":"max-video-preview:-1"},"canonical":"https:\/\/mmkriepas.lv\/en\/p\/235-60r16-royal-black-royal-comfort-100h\/","og_locale":"en_US","og_type":"article","og_title":"235\/60R16 Royal Black Royal Comfort 100H","og_description":"Royal Black Royal Comfort - augstas veiktsp\u0113jas vasaras riepu modelis. Izce\u013cas ar augstiem sa\u0137eres r\u0101d\u012bt\u0101jiem, k\u0101 ar\u012b ar paaugstin\u0101tu brauk\u0161anas komfortu.","og_url":"https:\/\/mmkriepas.lv\/en\/p\/235-60r16-royal-black-royal-comfort-100h\/","og_site_name":"MMK Riepas","article_publisher":"https:\/\/www.facebook.com\/mmkserviss\/","article_modified_time":"2022-11-03T08:49:59+00:00","og_image":[{"width":1920,"height":1278,"url":"https:\/\/mmkriepas.lv\/wp-content\/uploads\/2022\/03\/21565r16-royal-black-royal-comfort-98h-vasaras-riepas.jpg","type":"image\/jpeg"}],"twitter_card":"summary_large_image","twitter_misc":{"Price":"&euro;63.00","Availability":"In stock"},"schema":{"@context":"https:\/\/schema.org","@graph":[{"@type":"WebPage","@id":"https:\/\/mmkriepas.lv\/en\/p\/235-60r16-royal-black-royal-comfort-100h\/","url":"https:\/\/mmkriepas.lv\/en\/p\/235-60r16-royal-black-royal-comfort-100h\/","name":"235\/60R16 Royal Black Royal Comfort 100H &#8226; MMK Riepas","isPartOf":{"@id":"https:\/\/mmkriepas.lv\/en\/#website"},"primaryImageOfPage":{"@id":"https:\/\/mmkriepas.lv\/en\/p\/235-60r16-royal-black-royal-comfort-100h\/#primaryimage"},"image":{"@id":"https:\/\/mmkriepas.lv\/en\/p\/235-60r16-royal-black-royal-comfort-100h\/#primaryimage"},"thumbnailUrl":"https:\/\/mmkriepas.lv\/wp-content\/uploads\/2022\/03\/21565r16-royal-black-royal-comfort-98h-vasaras-riepas.jpg","datePublished":"2022-03-09T07:49:32+00:00","dateModified":"2022-11-03T08:49:59+00:00","description":"Royal Black Royal Comfort - augstas veiktsp\u0113jas vasaras riepu modelis. Izce\u013cas ar augstiem sa\u0137eres r\u0101d\u012bt\u0101jiem, k\u0101 ar\u012b ar paaugstin\u0101tu brauk\u0161anas komfortu.","breadcrumb":{"@id":"https:\/\/mmkriepas.lv\/en\/p\/235-60r16-royal-black-royal-comfort-100h\/#breadcrumb"},"inLanguage":"en-US","potentialAction":[{"@type":"ReadAction","target":["https:\/\/mmkriepas.lv\/en\/p\/235-60r16-royal-black-royal-comfort-100h\/"]}]},{"@type":"ImageObject","inLanguage":"en-US","@id":"https:\/\/mmkriepas.lv\/en\/p\/235-60r16-royal-black-royal-comfort-100h\/#primaryimage","url":"https:\/\/mmkriepas.lv\/wp-content\/uploads\/2022\/03\/21565r16-royal-black-royal-comfort-98h-vasaras-riepas.jpg","contentUrl":"https:\/\/mmkriepas.lv\/wp-content\/uploads\/2022\/03\/21565r16-royal-black-royal-comfort-98h-vasaras-riepas.jpg","width":1920,"height":1278,"caption":"royal black royalmile 8"},{"@type":"BreadcrumbList","@id":"https:\/\/mmkriepas.lv\/en\/p\/235-60r16-royal-black-royal-comfort-100h\/#breadcrumb","itemListElement":[{"@type":"ListItem","position":1,"name":"S\u0101kums","item":"https:\/\/mmkriepas.lv\/en\/"},{"@type":"ListItem","position":2,"name":"235\/60R16 Royal Black Royal Comfort 100H"}]},{"@type":"WebSite","@id":"https:\/\/mmkriepas.lv\/en\/#website","url":"https:\/\/mmkriepas.lv\/en\/","name":"MMK Riepas","description":"MMK Riepas","alternateName":"MMK Riepu Serviss","potentialAction":[{"@type":"SearchAction","target":{"@type":"EntryPoint","urlTemplate":"https:\/\/mmkriepas.lv\/en\/?s={search_term_string}"},"query-input":{"@type":"PropertyValueSpecification","valueRequired":true,"valueName":"search_term_string"}}],"inLanguage":"en-US"},{"@type":"ImageObject","inLanguage":"en-US","@id":"https:\/\/mmkriepas.lv\/en\/p\/235-60r16-royal-black-royal-comfort-100h\/#local-main-organization-logo","url":"","contentUrl":"","caption":"MMK Riepas"}]},"product_brand":"Royal Black Royal Comfort","product_price_amount":"63.00","product_price_currency":"EUR","og_availability":"instock","product_availability":"instock","product_condition":"new"},"_links":{"self":[{"href":"https:\/\/mmkriepas.lv\/en\/wp-json\/wp\/v2\/product\/224435","targetHints":{"allow":["GET"]}}],"collection":[{"href":"https:\/\/mmkriepas.lv\/en\/wp-json\/wp\/v2\/product"}],"about":[{"href":"https:\/\/mmkriepas.lv\/en\/wp-json\/wp\/v2\/types\/product"}],"wp:featuredmedia":[{"embeddable":true,"href":"https:\/\/mmkriepas.lv\/en\/wp-json\/wp\/v2\/media\/224495"}],"wp:attachment":[{"href":"https:\/\/mmkriepas.lv\/en\/wp-json\/wp\/v2\/media?parent=224435"}],"wp:term":[{"taxonomy":"product_brand","embeddable":true,"href":"https:\/\/mmkriepas.lv\/en\/wp-json\/wp\/v2\/product_brand?post=224435"},{"taxonomy":"product_cat","embeddable":true,"href":"https:\/\/mmkriepas.lv\/en\/wp-json\/wp\/v2\/product_cat?post=224435"},{"taxonomy":"product_tag","embeddable":true,"href":"https:\/\/mmkriepas.lv\/en\/wp-json\/wp\/v2\/product_tag?post=224435"}],"curies":[{"name":"wp","href":"https:\/\/api.w.org\/{rel}","templated":true}]}}