{"id":224320,"date":"2022-03-08T17:17:53","date_gmt":"2022-03-08T15:17:53","guid":{"rendered":"https:\/\/mmkserviss.lv\/?post_type=product&#038;p=224320"},"modified":"2022-11-03T10:50:25","modified_gmt":"2022-11-03T08:50:25","slug":"205-65r15-royal-black-royal-mile-94v","status":"publish","type":"product","link":"https:\/\/mmkriepas.lv\/en\/p\/205-65r15-royal-black-royal-mile-94v\/","title":{"rendered":"205\/65R15 Royal Black Royal Mile 94V"},"content":{"rendered":"<p><strong>Royal Black Royal Mile<\/strong> &#8211;&nbsp; vasaras riepu modelis, kas izce\u013cas ar teicamu sa\u0137eri gan uz sausa, gan ar\u012b slapja asfalta. Riepas pieejamas pla\u0161\u0101 izm\u0113ru kl\u0101st\u0101 un piem\u0113rotas kompaktklases, vid\u0113j\u0101 izm\u0113ra un pat nelieliem apvidus auto.&nbsp;<\/p>\n<h3>Royal Black Royal Mile galven\u0101s \u012bpa\u0161\u012bbas<\/h3>\n<p>+ Augstas sa\u0137eres \u012bpa\u0161\u012bbas gan uz sausa, gan slapja asfalta.<\/p>\n<p>+ Zems degvielas pat\u0113ri\u0146s.<\/p>\n<p>+ Akustiskais komforts.<\/p>\n<p>+ Augsts cenas un veiktsp\u0113jas koeficents.<\/p>\n<h3>Royal Mile apr\u012bkojums<\/h3>\n<p><strong>Royal Black Royal Mile <\/strong>vasaras riepas apr\u012bkotas ar vasaras riep\u0101m rakstur\u012bgu asimetrisko protektora rakstu. Starp t\u0101 gareniskaj\u0101m protektora josl\u0101m izveidoti plati \u016bdens novadkan\u0101li. Tie at\u013cauj saglab\u0101t stabilit\u0101ti un pal\u012bdz samazin\u0101t akvaplan\u0113\u0161anas risku pat lielos brauk\u0161anas \u0101trumos.<\/p>\n<p style=\"margin: 12.0pt 0cm 12.0pt 0cm;\">Riepu konstrukcijai izv\u0113l\u0113ta viegla un iztur\u012bga kostrukcija, kas iet\u0113rpta nodilumiztur\u012bg\u0101 gumijas sakaus\u0113jum\u0101. Tam pievienotie mikroelementi \u013cauj riepai saglab\u0101t formu un elast\u012bbu, k\u0101 ar\u012b pal\u012bdz veidot sa\u0137eri ar sausu un slapju asfalta virsmu.<\/p>\n","protected":false},"excerpt":{"rendered":"<p><strong>Royal Black Royal Mile<\/strong> &#8211;&nbsp; vasaras riepu modelis, kas izce\u013cas ar teicamu sa\u0137eri gan uz sausa, gan ar\u012b slapja asfalta. Riepas pieejamas pla\u0161\u0101 izm\u0113ru kl\u0101st\u0101 un piem\u0113rotas kompaktklases, vid\u0113j\u0101 izm\u0113ra un pat nelieliem apvidus auto.&nbsp;<\/p>\n","protected":false},"featured_media":224359,"template":"","meta":{"_acf_changed":false,"ngg_post_thumbnail":0},"product_brand":[],"product_cat":[46],"product_tag":[19634],"class_list":{"0":"post-224320","1":"product","2":"type-product","3":"status-publish","4":"has-post-thumbnail","6":"product_cat-vasaras-riepas","7":"product_tag-mmk","9":"first","10":"instock","11":"sale","12":"taxable","13":"shipping-taxable","14":"product-type-simple"},"acf":[],"yoast_head":"<!-- This site is optimized with the Yoast SEO Premium plugin v22.6 (Yoast SEO v27.3) - https:\/\/yoast.com\/product\/yoast-seo-premium-wordpress\/ -->\n<title>205\/65R15 Royal Black Royal Mile 94V &#8226; MMK Riepas<\/title>\n<meta name=\"description\" content=\"Royal Black Royal Sport - vasaras riepu modelis, kas izce\u013cas ar teicamu veiktsp\u0113ju gan uz asfalta, gan grants ce\u013ciem.\" \/>\n<meta name=\"robots\" content=\"index, follow, max-snippet:-1, max-image-preview:large, max-video-preview:-1\" \/>\n<link rel=\"canonical\" href=\"https:\/\/mmkriepas.lv\/en\/p\/205-65r15-royal-black-royal-mile-94v\/\" \/>\n<meta property=\"og:locale\" content=\"en_US\" \/>\n<meta property=\"og:type\" content=\"article\" \/>\n<meta property=\"og:title\" content=\"205\/65R15 Royal Black Royal Mile 94V\" \/>\n<meta property=\"og:description\" content=\"Royal Black Royal Sport - vasaras riepu modelis, kas izce\u013cas ar teicamu veiktsp\u0113ju gan uz asfalta, gan grants ce\u013ciem.\" \/>\n<meta property=\"og:url\" content=\"https:\/\/mmkriepas.lv\/en\/p\/205-65r15-royal-black-royal-mile-94v\/\" \/>\n<meta property=\"og:site_name\" content=\"MMK Riepas\" \/>\n<meta property=\"article:publisher\" content=\"https:\/\/www.facebook.com\/mmkserviss\/\" \/>\n<meta property=\"article:modified_time\" content=\"2022-11-03T08:50:25+00:00\" \/>\n<meta property=\"og:image\" content=\"https:\/\/mmkriepas.lv\/wp-content\/uploads\/2022\/03\/17570r14-royalblack-royalmile-84h.jpg\" \/>\n\t<meta property=\"og:image:width\" content=\"1920\" \/>\n\t<meta property=\"og:image:height\" content=\"1278\" \/>\n\t<meta property=\"og:image:type\" content=\"image\/jpeg\" \/>\n<meta name=\"twitter:card\" content=\"summary_large_image\" \/>\n<meta name=\"twitter:label1\" content=\"Price\" \/>\n\t<meta name=\"twitter:data1\" content=\"&euro;52.00\" \/>\n\t<meta name=\"twitter:label2\" content=\"Availability\" \/>\n\t<meta name=\"twitter:data2\" content=\"In stock\" \/>\n<script type=\"application\/ld+json\" class=\"yoast-schema-graph\">{\"@context\":\"https:\\\/\\\/schema.org\",\"@graph\":[{\"@type\":\"WebPage\",\"@id\":\"https:\\\/\\\/mmkriepas.lv\\\/en\\\/p\\\/205-65r15-royal-black-royal-mile-94v\\\/\",\"url\":\"https:\\\/\\\/mmkriepas.lv\\\/en\\\/p\\\/205-65r15-royal-black-royal-mile-94v\\\/\",\"name\":\"205\\\/65R15 Royal Black Royal Mile 94V &#8226; MMK Riepas\",\"isPartOf\":{\"@id\":\"https:\\\/\\\/mmkriepas.lv\\\/en\\\/#website\"},\"primaryImageOfPage\":{\"@id\":\"https:\\\/\\\/mmkriepas.lv\\\/en\\\/p\\\/205-65r15-royal-black-royal-mile-94v\\\/#primaryimage\"},\"image\":{\"@id\":\"https:\\\/\\\/mmkriepas.lv\\\/en\\\/p\\\/205-65r15-royal-black-royal-mile-94v\\\/#primaryimage\"},\"thumbnailUrl\":\"https:\\\/\\\/mmkriepas.lv\\\/wp-content\\\/uploads\\\/2022\\\/03\\\/17570r14-royalblack-royalmile-84h.jpg\",\"datePublished\":\"2022-03-08T15:17:53+00:00\",\"dateModified\":\"2022-11-03T08:50:25+00:00\",\"description\":\"Royal Black Royal Sport - vasaras riepu modelis, kas izce\u013cas ar teicamu veiktsp\u0113ju gan uz asfalta, gan grants ce\u013ciem.\",\"breadcrumb\":{\"@id\":\"https:\\\/\\\/mmkriepas.lv\\\/en\\\/p\\\/205-65r15-royal-black-royal-mile-94v\\\/#breadcrumb\"},\"inLanguage\":\"en-US\",\"potentialAction\":[{\"@type\":\"ReadAction\",\"target\":[\"https:\\\/\\\/mmkriepas.lv\\\/en\\\/p\\\/205-65r15-royal-black-royal-mile-94v\\\/\"]}]},{\"@type\":\"ImageObject\",\"inLanguage\":\"en-US\",\"@id\":\"https:\\\/\\\/mmkriepas.lv\\\/en\\\/p\\\/205-65r15-royal-black-royal-mile-94v\\\/#primaryimage\",\"url\":\"https:\\\/\\\/mmkriepas.lv\\\/wp-content\\\/uploads\\\/2022\\\/03\\\/17570r14-royalblack-royalmile-84h.jpg\",\"contentUrl\":\"https:\\\/\\\/mmkriepas.lv\\\/wp-content\\\/uploads\\\/2022\\\/03\\\/17570r14-royalblack-royalmile-84h.jpg\",\"width\":1920,\"height\":1278,\"caption\":\"royal black royal mile vasaras riepas\"},{\"@type\":\"BreadcrumbList\",\"@id\":\"https:\\\/\\\/mmkriepas.lv\\\/en\\\/p\\\/205-65r15-royal-black-royal-mile-94v\\\/#breadcrumb\",\"itemListElement\":[{\"@type\":\"ListItem\",\"position\":1,\"name\":\"S\u0101kums\",\"item\":\"https:\\\/\\\/mmkriepas.lv\\\/en\\\/\"},{\"@type\":\"ListItem\",\"position\":2,\"name\":\"205\\\/65R15 Royal Black Royal Mile 94V\"}]},{\"@type\":\"WebSite\",\"@id\":\"https:\\\/\\\/mmkriepas.lv\\\/en\\\/#website\",\"url\":\"https:\\\/\\\/mmkriepas.lv\\\/en\\\/\",\"name\":\"MMK Riepas\",\"description\":\"MMK Riepas\",\"alternateName\":\"MMK Riepu Serviss\",\"potentialAction\":[{\"@type\":\"SearchAction\",\"target\":{\"@type\":\"EntryPoint\",\"urlTemplate\":\"https:\\\/\\\/mmkriepas.lv\\\/en\\\/?s={search_term_string}\"},\"query-input\":{\"@type\":\"PropertyValueSpecification\",\"valueRequired\":true,\"valueName\":\"search_term_string\"}}],\"inLanguage\":\"en-US\"},{\"@type\":\"ImageObject\",\"inLanguage\":\"en-US\",\"@id\":\"https:\\\/\\\/mmkriepas.lv\\\/en\\\/p\\\/205-65r15-royal-black-royal-mile-94v\\\/#local-main-organization-logo\",\"url\":\"\",\"contentUrl\":\"\",\"caption\":\"MMK Riepas\"}]}<\/script>\n<meta property=\"product:brand\" content=\"Royal Black Royal Mile\" \/>\n<meta property=\"product:price:amount\" content=\"52.00\" \/>\n<meta property=\"product:price:currency\" content=\"EUR\" \/>\n<meta property=\"og:availability\" content=\"instock\" \/>\n<meta property=\"product:availability\" content=\"instock\" \/>\n<meta property=\"product:condition\" content=\"new\" \/>\n<!-- \/ Yoast SEO Premium plugin. -->","yoast_head_json":{"title":"205\/65R15 Royal Black Royal Mile 94V &#8226; MMK Riepas","description":"Royal Black Royal Sport - vasaras riepu modelis, kas izce\u013cas ar teicamu veiktsp\u0113ju gan uz asfalta, gan grants ce\u013ciem.","robots":{"index":"index","follow":"follow","max-snippet":"max-snippet:-1","max-image-preview":"max-image-preview:large","max-video-preview":"max-video-preview:-1"},"canonical":"https:\/\/mmkriepas.lv\/en\/p\/205-65r15-royal-black-royal-mile-94v\/","og_locale":"en_US","og_type":"article","og_title":"205\/65R15 Royal Black Royal Mile 94V","og_description":"Royal Black Royal Sport - vasaras riepu modelis, kas izce\u013cas ar teicamu veiktsp\u0113ju gan uz asfalta, gan grants ce\u013ciem.","og_url":"https:\/\/mmkriepas.lv\/en\/p\/205-65r15-royal-black-royal-mile-94v\/","og_site_name":"MMK Riepas","article_publisher":"https:\/\/www.facebook.com\/mmkserviss\/","article_modified_time":"2022-11-03T08:50:25+00:00","og_image":[{"width":1920,"height":1278,"url":"https:\/\/mmkriepas.lv\/wp-content\/uploads\/2022\/03\/17570r14-royalblack-royalmile-84h.jpg","type":"image\/jpeg"}],"twitter_card":"summary_large_image","twitter_misc":{"Price":"&euro;52.00","Availability":"In stock"},"schema":{"@context":"https:\/\/schema.org","@graph":[{"@type":"WebPage","@id":"https:\/\/mmkriepas.lv\/en\/p\/205-65r15-royal-black-royal-mile-94v\/","url":"https:\/\/mmkriepas.lv\/en\/p\/205-65r15-royal-black-royal-mile-94v\/","name":"205\/65R15 Royal Black Royal Mile 94V &#8226; MMK Riepas","isPartOf":{"@id":"https:\/\/mmkriepas.lv\/en\/#website"},"primaryImageOfPage":{"@id":"https:\/\/mmkriepas.lv\/en\/p\/205-65r15-royal-black-royal-mile-94v\/#primaryimage"},"image":{"@id":"https:\/\/mmkriepas.lv\/en\/p\/205-65r15-royal-black-royal-mile-94v\/#primaryimage"},"thumbnailUrl":"https:\/\/mmkriepas.lv\/wp-content\/uploads\/2022\/03\/17570r14-royalblack-royalmile-84h.jpg","datePublished":"2022-03-08T15:17:53+00:00","dateModified":"2022-11-03T08:50:25+00:00","description":"Royal Black Royal Sport - vasaras riepu modelis, kas izce\u013cas ar teicamu veiktsp\u0113ju gan uz asfalta, gan grants ce\u013ciem.","breadcrumb":{"@id":"https:\/\/mmkriepas.lv\/en\/p\/205-65r15-royal-black-royal-mile-94v\/#breadcrumb"},"inLanguage":"en-US","potentialAction":[{"@type":"ReadAction","target":["https:\/\/mmkriepas.lv\/en\/p\/205-65r15-royal-black-royal-mile-94v\/"]}]},{"@type":"ImageObject","inLanguage":"en-US","@id":"https:\/\/mmkriepas.lv\/en\/p\/205-65r15-royal-black-royal-mile-94v\/#primaryimage","url":"https:\/\/mmkriepas.lv\/wp-content\/uploads\/2022\/03\/17570r14-royalblack-royalmile-84h.jpg","contentUrl":"https:\/\/mmkriepas.lv\/wp-content\/uploads\/2022\/03\/17570r14-royalblack-royalmile-84h.jpg","width":1920,"height":1278,"caption":"royal black royal mile vasaras riepas"},{"@type":"BreadcrumbList","@id":"https:\/\/mmkriepas.lv\/en\/p\/205-65r15-royal-black-royal-mile-94v\/#breadcrumb","itemListElement":[{"@type":"ListItem","position":1,"name":"S\u0101kums","item":"https:\/\/mmkriepas.lv\/en\/"},{"@type":"ListItem","position":2,"name":"205\/65R15 Royal Black Royal Mile 94V"}]},{"@type":"WebSite","@id":"https:\/\/mmkriepas.lv\/en\/#website","url":"https:\/\/mmkriepas.lv\/en\/","name":"MMK Riepas","description":"MMK Riepas","alternateName":"MMK Riepu Serviss","potentialAction":[{"@type":"SearchAction","target":{"@type":"EntryPoint","urlTemplate":"https:\/\/mmkriepas.lv\/en\/?s={search_term_string}"},"query-input":{"@type":"PropertyValueSpecification","valueRequired":true,"valueName":"search_term_string"}}],"inLanguage":"en-US"},{"@type":"ImageObject","inLanguage":"en-US","@id":"https:\/\/mmkriepas.lv\/en\/p\/205-65r15-royal-black-royal-mile-94v\/#local-main-organization-logo","url":"","contentUrl":"","caption":"MMK Riepas"}]},"product_brand":"Royal Black Royal Mile","product_price_amount":"52.00","product_price_currency":"EUR","og_availability":"instock","product_availability":"instock","product_condition":"new"},"_links":{"self":[{"href":"https:\/\/mmkriepas.lv\/en\/wp-json\/wp\/v2\/product\/224320","targetHints":{"allow":["GET"]}}],"collection":[{"href":"https:\/\/mmkriepas.lv\/en\/wp-json\/wp\/v2\/product"}],"about":[{"href":"https:\/\/mmkriepas.lv\/en\/wp-json\/wp\/v2\/types\/product"}],"wp:featuredmedia":[{"embeddable":true,"href":"https:\/\/mmkriepas.lv\/en\/wp-json\/wp\/v2\/media\/224359"}],"wp:attachment":[{"href":"https:\/\/mmkriepas.lv\/en\/wp-json\/wp\/v2\/media?parent=224320"}],"wp:term":[{"taxonomy":"product_brand","embeddable":true,"href":"https:\/\/mmkriepas.lv\/en\/wp-json\/wp\/v2\/product_brand?post=224320"},{"taxonomy":"product_cat","embeddable":true,"href":"https:\/\/mmkriepas.lv\/en\/wp-json\/wp\/v2\/product_cat?post=224320"},{"taxonomy":"product_tag","embeddable":true,"href":"https:\/\/mmkriepas.lv\/en\/wp-json\/wp\/v2\/product_tag?post=224320"}],"curies":[{"name":"wp","href":"https:\/\/api.w.org\/{rel}","templated":true}]}}