{"id":223581,"date":"2022-03-05T15:05:07","date_gmt":"2022-03-05T13:05:07","guid":{"rendered":"https:\/\/mmkserviss.lv\/?post_type=product&#038;p=223581"},"modified":"2026-03-30T23:04:26","modified_gmt":"2026-03-30T20:04:26","slug":"235-55r19-lassa-competus-h-p2-105y-xl","status":"publish","type":"product","link":"https:\/\/mmkriepas.lv\/en\/p\/235-55r19-lassa-competus-h-p2-105y-xl\/","title":{"rendered":"235\/55R19 Lassa Competus H\/P2 105Y XL RP (Bridgestone)"},"content":{"rendered":"<p style=\"margin: 12.0pt 0cm 12.0pt 0cm;\"><b><span style=\"font-size: 11.0pt; font-family: 'Arial',sans-serif; color: black;\">Lassa Competus H\/P2 <\/span><\/b><span style=\"white-space: pre-wrap;\"><span style=\"font-size: 11.0pt; font-family: 'Arial',sans-serif; color: black;\">&#8211; Bridgestone apak\u0161grupas vasaras riepu modelis, kas ra\u017eots Eirop\u0101. Izce\u013cas ar paaugstin\u0101tu veiktsp\u0113ju uz sausa un slapja asfalta pat liel\u0101 brauk\u0161anas \u0101trum\u0101. Piem\u0113rotas gan vieglaj\u0101m, gan apvidus jeb SUV automa\u0161\u012bn\u0101m.<\/span><\/span><o:p><\/o:p><\/p>\n<h3 style=\"margin: 14.0pt 0cm 4.0pt 0cm;\"><span style=\"white-space: pre-wrap;\"><span style=\"font-size: 13.0pt; font-family: 'Arial',sans-serif; color: black;\">Lassa Competus H\/P2 galven\u0101s \u012bpa\u0161\u012bbas:<\/span><\/span><o:p><\/o:p><\/h3>\n<p style=\"margin: 12.0pt 0cm 12.0pt 0cm;\"><span style=\"white-space: pre-wrap;\"><span style=\"font-size: 11.0pt; font-family: 'Arial',sans-serif; color: black;\">+ Riepas ra\u017eotas modernaj\u0101s Eiropas Bridgestone r\u016bpn\u012bc\u0101s.<\/span><\/span><o:p><\/o:p><\/p>\n<p style=\"margin: 12.0pt 0cm 12.0pt 0cm;\"><span style=\"white-space: pre-wrap;\"><span style=\"font-size: 11.0pt; font-family: 'Arial',sans-serif; color: black;\">+ Izcila sa\u0137ere gan ar sausu, gan slapju asfaltu.<\/span><\/span><o:p><\/o:p><\/p>\n<p style=\"margin: 12.0pt 0cm 12.0pt 0cm;\"><span style=\"white-space: pre-wrap;\"><span style=\"font-size: 11.0pt; font-family: 'Arial',sans-serif; color: black;\">+ Palielin\u0101ta nodilumiztur\u012bba.<\/span><\/span><o:p><\/o:p><\/p>\n<p style=\"margin: 12.0pt 0cm 12.0pt 0cm;\"><span style=\"white-space: pre-wrap;\"><span style=\"font-size: 11.0pt; font-family: 'Arial',sans-serif; color: black;\">+ Samazin\u0101ts degvielas pat\u0113ri\u0146\u0161.<\/span><\/span><o:p><\/o:p><\/p>\n<p style=\"margin: 12.0pt 0cm 12.0pt 0cm;\"><span style=\"white-space: pre-wrap;\"><span style=\"font-size: 11.0pt; font-family: 'Arial',sans-serif; color: black;\">+ Izcila cenas un veiktsp\u0113jas attiec\u012bba.<\/span><\/span><o:p><\/o:p><\/p>\n<h3 style=\"margin: 14.0pt 0cm 4.0pt 0cm;\"><span style=\"white-space: pre-wrap;\"><span style=\"font-size: 13.0pt; font-family: 'Arial',sans-serif; color: black;\">Competus H\/P2 apr\u012bkojums<\/span><\/span><o:p><\/o:p><\/h3>\n<p style=\"margin: 12.0pt 0cm 12.0pt 0cm;\"><span style=\"white-space: pre-wrap;\"><b><span style=\"font-size: 11.0pt; font-family: 'Arial',sans-serif; color: black;\">Lassa Competus H\/P2<\/span><\/b><\/span><span style=\"white-space: pre-wrap;\"><span style=\"font-size: 11.0pt; font-family: 'Arial',sans-serif; color: black;\"> apr\u012bkotas ar vasaras riep\u0101m rakst\u016br\u012bgu asimetrisko protektora dizainu. Starp gareniskaj\u0101m protektora josl\u0101m izvietota augsti att\u012bst\u012bta dren\u0101\u017eas kan\u0101lu sist\u0113ma, kas efekt\u012bvi izvada \u016bdeni no riepu kontakta virsmas ar ce\u013cu, samazin\u0101t akvaplan\u0113\u0161anas risku.<\/span><\/span><o:p><\/o:p><\/p>\n<p style=\"margin: 12.0pt 0cm 12.0pt 0cm;\"><span style=\"white-space: pre-wrap;\"><span style=\"font-size: 11.0pt; font-family: 'Arial',sans-serif; color: black;\">\u0160im riepu modelim izmantota piln\u012bgi jauna, atvieglota konstrukcija un gumijas sast\u0101vs. Viegl\u0101, bet iztur\u012bg\u0101 konstrukcija at\u013cauj samazin\u0101t rites pretest\u012bbu, samazinot akvaplan\u0113\u0161anas risku. Gumijas sast\u0101vam pievienotie elementi uzlabo sa\u0137eres \u012bpa\u0161\u012bbas un nodilumiztur\u012bbu.<\/span><\/span><\/p>\n","protected":false},"excerpt":{"rendered":"<p><b><span style=\"font-size: 11.0pt; font-family: 'Arial',sans-serif; color: black;\">Lassa Competus H\/P2 <\/span><\/b><span style=\"white-space: pre-wrap;\"><span style=\"font-size: 11.0pt; font-family: 'Arial',sans-serif; color: black;\">&#8211; Bridgestone apak\u0161grupas vasaras riepu modelis, kas ra\u017eots Eirop\u0101. Izce\u013cas ar paaugstin\u0101tu veiktsp\u0113ju uz sausa un slapja asfalta pat liel\u0101 brauk\u0161anas \u0101trum\u0101. Piem\u0113rotas gan vieglaj\u0101m, gan apvidus jeb SUV automa\u0161\u012bn\u0101m.<\/span><\/span><\/p>\n","protected":false},"featured_media":851786,"template":"","meta":{"_acf_changed":false,"ngg_post_thumbnail":0},"product_brand":[],"product_cat":[46],"product_tag":[],"class_list":{"0":"post-223581","1":"product","2":"type-product","3":"status-publish","4":"has-post-thumbnail","6":"product_cat-vasaras-riepas","8":"first","9":"instock","10":"sale","11":"taxable","12":"shipping-taxable","13":"purchasable","14":"product-type-simple"},"acf":[],"yoast_head":"<!-- This site is optimized with the Yoast SEO Premium plugin v22.6 (Yoast SEO v27.3) - https:\/\/yoast.com\/product\/yoast-seo-premium-wordpress\/ -->\n<title>235\/55R19 Lassa Competus H\/P2 105Y XL RP (Bridgestone) &#8226; MMK Riepas<\/title>\n<meta name=\"description\" content=\"Lassa Competus H\/P2 - Izce\u013cas ar paaugstin\u0101tu veiktsp\u0113ju uz sausa un slapja asfalta pat liel\u0101 brauk\u0161anas \u0101trum\u0101.\" \/>\n<meta name=\"robots\" content=\"index, follow, max-snippet:-1, max-image-preview:large, max-video-preview:-1\" \/>\n<link rel=\"canonical\" href=\"https:\/\/mmkriepas.lv\/en\/p\/235-55r19-lassa-competus-h-p2-105y-xl\/\" \/>\n<meta property=\"og:locale\" content=\"en_US\" \/>\n<meta property=\"og:type\" content=\"article\" \/>\n<meta property=\"og:title\" content=\"235\/55R19 Lassa Competus H\/P2 105Y XL RP (Bridgestone)\" \/>\n<meta property=\"og:description\" content=\"Lassa Competus H\/P2 - Izce\u013cas ar paaugstin\u0101tu veiktsp\u0113ju uz sausa un slapja asfalta pat liel\u0101 brauk\u0161anas \u0101trum\u0101.\" \/>\n<meta property=\"og:url\" content=\"https:\/\/mmkriepas.lv\/en\/p\/235-55r19-lassa-competus-h-p2-105y-xl\/\" \/>\n<meta property=\"og:site_name\" content=\"MMK Riepas\" \/>\n<meta property=\"article:publisher\" content=\"https:\/\/www.facebook.com\/mmkserviss\/\" \/>\n<meta property=\"article:modified_time\" content=\"2026-03-30T20:04:26+00:00\" \/>\n<meta property=\"og:image\" content=\"https:\/\/mmkriepas.lv\/wp-content\/uploads\/2024\/02\/22555r18-lassa-competus-hp2-98v-demo-bridgestone-vasaras-riepas.jpg\" \/>\n\t<meta property=\"og:image:width\" content=\"1920\" \/>\n\t<meta property=\"og:image:height\" content=\"1441\" \/>\n\t<meta property=\"og:image:type\" content=\"image\/jpeg\" \/>\n<meta name=\"twitter:card\" content=\"summary_large_image\" \/>\n<meta name=\"twitter:label1\" content=\"Price\" \/>\n\t<meta name=\"twitter:data1\" content=\"&euro;123.00\" \/>\n\t<meta name=\"twitter:label2\" content=\"Availability\" \/>\n\t<meta name=\"twitter:data2\" content=\"In stock\" \/>\n<script type=\"application\/ld+json\" class=\"yoast-schema-graph\">{\"@context\":\"https:\\\/\\\/schema.org\",\"@graph\":[{\"@type\":\"WebPage\",\"@id\":\"https:\\\/\\\/mmkriepas.lv\\\/en\\\/p\\\/235-55r19-lassa-competus-h-p2-105y-xl\\\/\",\"url\":\"https:\\\/\\\/mmkriepas.lv\\\/en\\\/p\\\/235-55r19-lassa-competus-h-p2-105y-xl\\\/\",\"name\":\"235\\\/55R19 Lassa Competus H\\\/P2 105Y XL RP (Bridgestone) &#8226; MMK Riepas\",\"isPartOf\":{\"@id\":\"https:\\\/\\\/mmkriepas.lv\\\/en\\\/#website\"},\"primaryImageOfPage\":{\"@id\":\"https:\\\/\\\/mmkriepas.lv\\\/en\\\/p\\\/235-55r19-lassa-competus-h-p2-105y-xl\\\/#primaryimage\"},\"image\":{\"@id\":\"https:\\\/\\\/mmkriepas.lv\\\/en\\\/p\\\/235-55r19-lassa-competus-h-p2-105y-xl\\\/#primaryimage\"},\"thumbnailUrl\":\"https:\\\/\\\/mmkriepas.lv\\\/wp-content\\\/uploads\\\/2024\\\/02\\\/22555r18-lassa-competus-hp2-98v-demo-bridgestone-vasaras-riepas.jpg\",\"datePublished\":\"2022-03-05T13:05:07+00:00\",\"dateModified\":\"2026-03-30T20:04:26+00:00\",\"description\":\"Lassa Competus H\\\/P2 - Izce\u013cas ar paaugstin\u0101tu veiktsp\u0113ju uz sausa un slapja asfalta pat liel\u0101 brauk\u0161anas \u0101trum\u0101.\",\"breadcrumb\":{\"@id\":\"https:\\\/\\\/mmkriepas.lv\\\/en\\\/p\\\/235-55r19-lassa-competus-h-p2-105y-xl\\\/#breadcrumb\"},\"inLanguage\":\"en-US\",\"potentialAction\":[{\"@type\":\"ReadAction\",\"target\":[\"https:\\\/\\\/mmkriepas.lv\\\/en\\\/p\\\/235-55r19-lassa-competus-h-p2-105y-xl\\\/\"]}]},{\"@type\":\"ImageObject\",\"inLanguage\":\"en-US\",\"@id\":\"https:\\\/\\\/mmkriepas.lv\\\/en\\\/p\\\/235-55r19-lassa-competus-h-p2-105y-xl\\\/#primaryimage\",\"url\":\"https:\\\/\\\/mmkriepas.lv\\\/wp-content\\\/uploads\\\/2024\\\/02\\\/22555r18-lassa-competus-hp2-98v-demo-bridgestone-vasaras-riepas.jpg\",\"contentUrl\":\"https:\\\/\\\/mmkriepas.lv\\\/wp-content\\\/uploads\\\/2024\\\/02\\\/22555r18-lassa-competus-hp2-98v-demo-bridgestone-vasaras-riepas.jpg\",\"width\":1920,\"height\":1441,\"caption\":\"Lassa vasaras riepas Competus H\\\/P2 MMK Riepu Serviss\"},{\"@type\":\"BreadcrumbList\",\"@id\":\"https:\\\/\\\/mmkriepas.lv\\\/en\\\/p\\\/235-55r19-lassa-competus-h-p2-105y-xl\\\/#breadcrumb\",\"itemListElement\":[{\"@type\":\"ListItem\",\"position\":1,\"name\":\"S\u0101kums\",\"item\":\"https:\\\/\\\/mmkriepas.lv\\\/en\\\/\"},{\"@type\":\"ListItem\",\"position\":2,\"name\":\"235\\\/55R19 Lassa Competus H\\\/P2 105Y XL RP (Bridgestone)\"}]},{\"@type\":\"WebSite\",\"@id\":\"https:\\\/\\\/mmkriepas.lv\\\/en\\\/#website\",\"url\":\"https:\\\/\\\/mmkriepas.lv\\\/en\\\/\",\"name\":\"MMK Riepas\",\"description\":\"MMK Riepas\",\"alternateName\":\"MMK Riepu Serviss\",\"potentialAction\":[{\"@type\":\"SearchAction\",\"target\":{\"@type\":\"EntryPoint\",\"urlTemplate\":\"https:\\\/\\\/mmkriepas.lv\\\/en\\\/?s={search_term_string}\"},\"query-input\":{\"@type\":\"PropertyValueSpecification\",\"valueRequired\":true,\"valueName\":\"search_term_string\"}}],\"inLanguage\":\"en-US\"},{\"@type\":\"ImageObject\",\"inLanguage\":\"en-US\",\"@id\":\"https:\\\/\\\/mmkriepas.lv\\\/en\\\/p\\\/235-55r19-lassa-competus-h-p2-105y-xl\\\/#local-main-organization-logo\",\"url\":\"\",\"contentUrl\":\"\",\"caption\":\"MMK Riepas\"}]}<\/script>\n<meta property=\"product:brand\" content=\"Lassa Competus H\/P2\" \/>\n<meta property=\"product:price:amount\" content=\"123.00\" \/>\n<meta property=\"product:price:currency\" content=\"EUR\" \/>\n<meta property=\"og:availability\" content=\"instock\" \/>\n<meta property=\"product:availability\" content=\"instock\" \/>\n<meta property=\"product:retailer_item_id\" content=\"TS2355519LASSA-654\" \/>\n<meta property=\"product:condition\" content=\"new\" \/>\n<!-- \/ Yoast SEO Premium plugin. -->","yoast_head_json":{"title":"235\/55R19 Lassa Competus H\/P2 105Y XL RP (Bridgestone) &#8226; MMK Riepas","description":"Lassa Competus H\/P2 - Izce\u013cas ar paaugstin\u0101tu veiktsp\u0113ju uz sausa un slapja asfalta pat liel\u0101 brauk\u0161anas \u0101trum\u0101.","robots":{"index":"index","follow":"follow","max-snippet":"max-snippet:-1","max-image-preview":"max-image-preview:large","max-video-preview":"max-video-preview:-1"},"canonical":"https:\/\/mmkriepas.lv\/en\/p\/235-55r19-lassa-competus-h-p2-105y-xl\/","og_locale":"en_US","og_type":"article","og_title":"235\/55R19 Lassa Competus H\/P2 105Y XL RP (Bridgestone)","og_description":"Lassa Competus H\/P2 - Izce\u013cas ar paaugstin\u0101tu veiktsp\u0113ju uz sausa un slapja asfalta pat liel\u0101 brauk\u0161anas \u0101trum\u0101.","og_url":"https:\/\/mmkriepas.lv\/en\/p\/235-55r19-lassa-competus-h-p2-105y-xl\/","og_site_name":"MMK Riepas","article_publisher":"https:\/\/www.facebook.com\/mmkserviss\/","article_modified_time":"2026-03-30T20:04:26+00:00","og_image":[{"width":1920,"height":1441,"url":"https:\/\/mmkriepas.lv\/wp-content\/uploads\/2024\/02\/22555r18-lassa-competus-hp2-98v-demo-bridgestone-vasaras-riepas.jpg","type":"image\/jpeg"}],"twitter_card":"summary_large_image","twitter_misc":{"Price":"&euro;123.00","Availability":"In stock"},"schema":{"@context":"https:\/\/schema.org","@graph":[{"@type":"WebPage","@id":"https:\/\/mmkriepas.lv\/en\/p\/235-55r19-lassa-competus-h-p2-105y-xl\/","url":"https:\/\/mmkriepas.lv\/en\/p\/235-55r19-lassa-competus-h-p2-105y-xl\/","name":"235\/55R19 Lassa Competus H\/P2 105Y XL RP (Bridgestone) &#8226; MMK Riepas","isPartOf":{"@id":"https:\/\/mmkriepas.lv\/en\/#website"},"primaryImageOfPage":{"@id":"https:\/\/mmkriepas.lv\/en\/p\/235-55r19-lassa-competus-h-p2-105y-xl\/#primaryimage"},"image":{"@id":"https:\/\/mmkriepas.lv\/en\/p\/235-55r19-lassa-competus-h-p2-105y-xl\/#primaryimage"},"thumbnailUrl":"https:\/\/mmkriepas.lv\/wp-content\/uploads\/2024\/02\/22555r18-lassa-competus-hp2-98v-demo-bridgestone-vasaras-riepas.jpg","datePublished":"2022-03-05T13:05:07+00:00","dateModified":"2026-03-30T20:04:26+00:00","description":"Lassa Competus H\/P2 - Izce\u013cas ar paaugstin\u0101tu veiktsp\u0113ju uz sausa un slapja asfalta pat liel\u0101 brauk\u0161anas \u0101trum\u0101.","breadcrumb":{"@id":"https:\/\/mmkriepas.lv\/en\/p\/235-55r19-lassa-competus-h-p2-105y-xl\/#breadcrumb"},"inLanguage":"en-US","potentialAction":[{"@type":"ReadAction","target":["https:\/\/mmkriepas.lv\/en\/p\/235-55r19-lassa-competus-h-p2-105y-xl\/"]}]},{"@type":"ImageObject","inLanguage":"en-US","@id":"https:\/\/mmkriepas.lv\/en\/p\/235-55r19-lassa-competus-h-p2-105y-xl\/#primaryimage","url":"https:\/\/mmkriepas.lv\/wp-content\/uploads\/2024\/02\/22555r18-lassa-competus-hp2-98v-demo-bridgestone-vasaras-riepas.jpg","contentUrl":"https:\/\/mmkriepas.lv\/wp-content\/uploads\/2024\/02\/22555r18-lassa-competus-hp2-98v-demo-bridgestone-vasaras-riepas.jpg","width":1920,"height":1441,"caption":"Lassa vasaras riepas Competus H\/P2 MMK Riepu Serviss"},{"@type":"BreadcrumbList","@id":"https:\/\/mmkriepas.lv\/en\/p\/235-55r19-lassa-competus-h-p2-105y-xl\/#breadcrumb","itemListElement":[{"@type":"ListItem","position":1,"name":"S\u0101kums","item":"https:\/\/mmkriepas.lv\/en\/"},{"@type":"ListItem","position":2,"name":"235\/55R19 Lassa Competus H\/P2 105Y XL RP (Bridgestone)"}]},{"@type":"WebSite","@id":"https:\/\/mmkriepas.lv\/en\/#website","url":"https:\/\/mmkriepas.lv\/en\/","name":"MMK Riepas","description":"MMK Riepas","alternateName":"MMK Riepu Serviss","potentialAction":[{"@type":"SearchAction","target":{"@type":"EntryPoint","urlTemplate":"https:\/\/mmkriepas.lv\/en\/?s={search_term_string}"},"query-input":{"@type":"PropertyValueSpecification","valueRequired":true,"valueName":"search_term_string"}}],"inLanguage":"en-US"},{"@type":"ImageObject","inLanguage":"en-US","@id":"https:\/\/mmkriepas.lv\/en\/p\/235-55r19-lassa-competus-h-p2-105y-xl\/#local-main-organization-logo","url":"","contentUrl":"","caption":"MMK Riepas"}]},"product_brand":"Lassa Competus H\/P2","product_price_amount":"123.00","product_price_currency":"EUR","og_availability":"instock","product_availability":"instock","product_retailer_item_id":"TS2355519LASSA-654","product_condition":"new"},"_links":{"self":[{"href":"https:\/\/mmkriepas.lv\/en\/wp-json\/wp\/v2\/product\/223581","targetHints":{"allow":["GET"]}}],"collection":[{"href":"https:\/\/mmkriepas.lv\/en\/wp-json\/wp\/v2\/product"}],"about":[{"href":"https:\/\/mmkriepas.lv\/en\/wp-json\/wp\/v2\/types\/product"}],"wp:featuredmedia":[{"embeddable":true,"href":"https:\/\/mmkriepas.lv\/en\/wp-json\/wp\/v2\/media\/851786"}],"wp:attachment":[{"href":"https:\/\/mmkriepas.lv\/en\/wp-json\/wp\/v2\/media?parent=223581"}],"wp:term":[{"taxonomy":"product_brand","embeddable":true,"href":"https:\/\/mmkriepas.lv\/en\/wp-json\/wp\/v2\/product_brand?post=223581"},{"taxonomy":"product_cat","embeddable":true,"href":"https:\/\/mmkriepas.lv\/en\/wp-json\/wp\/v2\/product_cat?post=223581"},{"taxonomy":"product_tag","embeddable":true,"href":"https:\/\/mmkriepas.lv\/en\/wp-json\/wp\/v2\/product_tag?post=223581"}],"curies":[{"name":"wp","href":"https:\/\/api.w.org\/{rel}","templated":true}]}}